{"id":5404,"date":"2023-01-07T15:58:56","date_gmt":"2023-01-07T07:58:56","guid":{"rendered":"https:\/\/www.honlufoodtrailer.com\/?post_type=product&#038;p=5404"},"modified":"2024-03-15T15:19:55","modified_gmt":"2024-03-15T07:19:55","slug":"mobile-bar-food-truck-pizza-food-truck-ice-cream-truck-fully-equipped-food-trailer-used-for-sale-catering","status":"publish","type":"product","link":"https:\/\/www.honlufoodtrailer.com\/cs\/product\/mobile-bar-food-truck-pizza-food-truck-ice-cream-truck-fully-equipped-food-trailer-used-for-sale-catering\/","title":{"rendered":"Mobile Bar Food Truck Pizza Food Truck Ice Cream Truck Fully Equipped Food Trailer Used for Sale Catering"},"content":{"rendered":"<p>Square food trailer with custom fast food machines.<br \/>\nCustomized Size: 3m to 11m length, 9.8ft 13ft 16ft 20ft 40ft food trailer.<\/p>\n<p>The food trailer in the picture is 7000*2000*2100mm, 22ft*6.56ft*6.88ft,L*W*H, or customized as your request.<\/p>\n<p>You just tell us how many people will work in the trailer is ok.<\/p>\n<p><img fetchpriority=\"high\" decoding=\"async\" class=\"alignnone size-full wp-image-5405\" src=\"https:\/\/www.honlufoodtrailer.com\/wp-content\/uploads\/2023\/01\/720\u00d7540-1-4.jpg\" alt=\"\" width=\"720\" height=\"540\" srcset=\"https:\/\/www.honlufoodtrailer.com\/wp-content\/uploads\/2023\/01\/720\u00d7540-1-4.jpg 720w, https:\/\/www.honlufoodtrailer.com\/wp-content\/uploads\/2023\/01\/720\u00d7540-1-4-480x360.jpg 480w, https:\/\/www.honlufoodtrailer.com\/wp-content\/uploads\/2023\/01\/720\u00d7540-1-4-300x225.jpg 300w\" sizes=\"(max-width: 720px) 100vw, 720px\" \/><\/p>\n<p><b data-spm-anchor-id=\"a2700.details.0.i9.1018c40b3cIxOh\">NOTE\uff1a<\/b><\/p>\n<p>1. Body size is not fixed, you can have your own size and design. Customization is available\uff1b<\/p>\n<p>2. Any uncertain trailer design, don&#8217;t be hesitate to talk to us\uff1b<\/p>\n<p>3.We can provide 3D drawings for you to preview your customized inside of food trailers.<\/p>\n<p><img decoding=\"async\" class=\"alignnone size-full wp-image-5406\" src=\"https:\/\/www.honlufoodtrailer.com\/wp-content\/uploads\/2023\/01\/720\u00d7540-3-4.jpg\" alt=\"\" width=\"720\" height=\"540\" srcset=\"https:\/\/www.honlufoodtrailer.com\/wp-content\/uploads\/2023\/01\/720\u00d7540-3-4.jpg 720w, https:\/\/www.honlufoodtrailer.com\/wp-content\/uploads\/2023\/01\/720\u00d7540-3-4-480x360.jpg 480w, https:\/\/www.honlufoodtrailer.com\/wp-content\/uploads\/2023\/01\/720\u00d7540-3-4-300x225.jpg 300w\" sizes=\"(max-width: 720px) 100vw, 720px\" \/><\/p>\n<p>The design of sliding window with window screens can meet the needs of customers for catering services.<\/p>\n<p><img decoding=\"async\" class=\"alignnone size-full wp-image-5408\" src=\"https:\/\/www.honlufoodtrailer.com\/wp-content\/uploads\/2023\/01\/720\u00d7540-10-2.jpg\" alt=\"\" width=\"720\" height=\"540\" srcset=\"https:\/\/www.honlufoodtrailer.com\/wp-content\/uploads\/2023\/01\/720\u00d7540-10-2.jpg 720w, https:\/\/www.honlufoodtrailer.com\/wp-content\/uploads\/2023\/01\/720\u00d7540-10-2-480x360.jpg 480w, https:\/\/www.honlufoodtrailer.com\/wp-content\/uploads\/2023\/01\/720\u00d7540-10-2-300x225.jpg 300w\" sizes=\"(max-width: 720px) 100vw, 720px\" \/><\/p>\n<p>3 water sinks design\u2014\u2014 Single sink, double sinks, 3+1 water sinks also can be customized as your requirements.<\/p>\n<p><img loading=\"lazy\" decoding=\"async\" class=\"alignnone size-full wp-image-5407\" src=\"https:\/\/www.honlufoodtrailer.com\/wp-content\/uploads\/2023\/01\/720\u00d7540-5-4.jpg\" alt=\"\" width=\"720\" height=\"540\" srcset=\"https:\/\/www.honlufoodtrailer.com\/wp-content\/uploads\/2023\/01\/720\u00d7540-5-4.jpg 720w, https:\/\/www.honlufoodtrailer.com\/wp-content\/uploads\/2023\/01\/720\u00d7540-5-4-480x360.jpg 480w, https:\/\/www.honlufoodtrailer.com\/wp-content\/uploads\/2023\/01\/720\u00d7540-5-4-300x225.jpg 300w\" sizes=\"(max-width: 720px) 100vw, 720px\" \/><\/p>\n<p>&nbsp;<\/p>\n<h3 class=\"magic-6\" data-spm-anchor-id=\"a2700.wholesale.0.i28.29e52808agqc7f\">Main Features of the square food trailer<\/h3>\n<div class=\"magic-7\">\n<div class=\"magic-8\">\n<div class=\"magic-9\" data-id=\"paragraph0\">\n<ol>\n<li>Fashionable appearance can be customized;<\/li>\n<li>Stainless steel trailer body&amp; internal structure, good heat resistance, wear resistance, corrosion resistance;<\/li>\n<li>Modern and advanced accessories equipped in the mobile food trailer;<\/li>\n<li>It is shock and difficult to corrosion, heat resistance and strength is high, high color fastness, no deformation, waterproof, and long service life;<\/li>\n<li>We are pleased to modify it according to your requirement.<\/li>\n<\/ol>\n<h3>Free 2D\/3D floor plan drawing<\/h3>\n<p>After confirming the dimensions of the food trailer and the internal kitchen equipment, we can provide you with 3D drawings for free. This will give you a clearer idea of your design and your food cart. When confirming the location of kitchen equipment, we can clearly communicate with you through the floor plan. We can also provide you with original documents to facilitate your design and make adjustments.<\/p>\n<\/div>\n<\/div>\n<\/div>","protected":false},"excerpt":{"rendered":"<p data-spm-anchor-id=\"a2700.wholesale.0.i28.29e52808agqc7f\">This is one of our custom-made five-meter food trailers with full kitchen. The front of the vehicle is designed with a large window, equipped with an integrated shelter and service table. According to customer needs, the whole trailer is compact and easy to use. It is the preferred model for starting the mobile food business.<\/p>","protected":false},"featured_media":5409,"template":"","meta":{"_themeisle_gutenberg_block_has_review":false},"product_brand":[],"product_cat":[26],"product_tag":[53,33,41,38,52],"class_list":{"0":"post-5404","1":"product","2":"type-product","3":"status-publish","4":"has-post-thumbnail","6":"product_cat-product","7":"product_tag-customized-sinks","8":"product_tag-customized-trailer","9":"product_tag-galvanized-trailer","10":"product_tag-mobile-food-trailer","11":"product_tag-personalized-billboard","13":"first","14":"instock","15":"shipping-taxable","16":"product-type-simple"},"yoast_head":"<!-- This site is optimized with the Yoast SEO plugin v27.3 - https:\/\/yoast.com\/product\/yoast-seo-wordpress\/ -->\n<title>Mobile Bar Food Truck Pizza Food Truck Ice Cream Truck Fully Equipped Food Trailer Used for Sale Catering - Honlu food trailer<\/title>\n<meta name=\"description\" content=\"This is one of our custom-made six-meter food trailers with full kitchen. The front of the trailer is designed with straight open window, equipped with an integrated shelter and service table. According to customer needs, the whole trailer is compact and easy to use. It is the preferred model for starting the mobile food business.\" \/>\n<meta name=\"robots\" content=\"index, follow, max-snippet:-1, max-image-preview:large, max-video-preview:-1\" \/>\n<link rel=\"canonical\" href=\"https:\/\/www.honlufoodtrailer.com\/cs\/product\/mobile-bar-food-truck-pizza-food-truck-ice-cream-truck-fully-equipped-food-trailer-used-for-sale-catering\/\" \/>\n<meta property=\"og:locale\" content=\"cs_CZ\" \/>\n<meta property=\"og:type\" content=\"article\" \/>\n<meta property=\"og:title\" content=\"Mobile Bar Food Truck Pizza Food Truck Ice Cream Truck Fully Equipped Food Trailer Used for Sale Catering - Honlu food trailer\" \/>\n<meta property=\"og:description\" content=\"This is one of our custom-made six-meter food trailers with full kitchen. The front of the trailer is designed with straight open window, equipped with an integrated shelter and service table. According to customer needs, the whole trailer is compact and easy to use. It is the preferred model for starting the mobile food business.\" \/>\n<meta property=\"og:url\" content=\"https:\/\/www.honlufoodtrailer.com\/cs\/product\/mobile-bar-food-truck-pizza-food-truck-ice-cream-truck-fully-equipped-food-trailer-used-for-sale-catering\/\" \/>\n<meta property=\"og:site_name\" content=\"Honlu food trailer\" \/>\n<meta property=\"article:modified_time\" content=\"2024-03-15T07:19:55+00:00\" \/>\n<meta property=\"og:image\" content=\"https:\/\/www.honlufoodtrailer.com\/wp-content\/uploads\/2023\/01\/720\u00d7540-15.jpg\" \/>\n\t<meta property=\"og:image:width\" content=\"720\" \/>\n\t<meta property=\"og:image:height\" content=\"540\" \/>\n\t<meta property=\"og:image:type\" content=\"image\/jpeg\" \/>\n<meta name=\"twitter:card\" content=\"summary_large_image\" \/>\n<meta name=\"twitter:label1\" content=\"Odhadovan\u00e1 doba \u010dten\u00ed\" \/>\n\t<meta name=\"twitter:data1\" content=\"3 minuty\" \/>\n<script type=\"application\/ld+json\" class=\"yoast-schema-graph\">{\"@context\":\"https:\\\/\\\/schema.org\",\"@graph\":[{\"@type\":\"WebPage\",\"@id\":\"https:\\\/\\\/www.honlufoodtrailer.com\\\/product\\\/mobile-bar-food-truck-pizza-food-truck-ice-cream-truck-fully-equipped-food-trailer-used-for-sale-catering\\\/\",\"url\":\"https:\\\/\\\/www.honlufoodtrailer.com\\\/product\\\/mobile-bar-food-truck-pizza-food-truck-ice-cream-truck-fully-equipped-food-trailer-used-for-sale-catering\\\/\",\"name\":\"Mobile Bar Food Truck Pizza Food Truck Ice Cream Truck Fully Equipped Food Trailer Used for Sale Catering - Honlu food trailer\",\"isPartOf\":{\"@id\":\"https:\\\/\\\/www.honlufoodtrailer.com\\\/#website\"},\"primaryImageOfPage\":{\"@id\":\"https:\\\/\\\/www.honlufoodtrailer.com\\\/product\\\/mobile-bar-food-truck-pizza-food-truck-ice-cream-truck-fully-equipped-food-trailer-used-for-sale-catering\\\/#primaryimage\"},\"image\":{\"@id\":\"https:\\\/\\\/www.honlufoodtrailer.com\\\/product\\\/mobile-bar-food-truck-pizza-food-truck-ice-cream-truck-fully-equipped-food-trailer-used-for-sale-catering\\\/#primaryimage\"},\"thumbnailUrl\":\"https:\\\/\\\/www.honlufoodtrailer.com\\\/wp-content\\\/uploads\\\/2023\\\/01\\\/720\u00d7540-15.jpg\",\"datePublished\":\"2023-01-07T07:58:56+00:00\",\"dateModified\":\"2024-03-15T07:19:55+00:00\",\"description\":\"This is one of our custom-made six-meter food trailers with full kitchen. The front of the trailer is designed with straight open window, equipped with an integrated shelter and service table. According to customer needs, the whole trailer is compact and easy to use. It is the preferred model for starting the mobile food business.\",\"breadcrumb\":{\"@id\":\"https:\\\/\\\/www.honlufoodtrailer.com\\\/product\\\/mobile-bar-food-truck-pizza-food-truck-ice-cream-truck-fully-equipped-food-trailer-used-for-sale-catering\\\/#breadcrumb\"},\"inLanguage\":\"cs\",\"potentialAction\":[{\"@type\":\"ReadAction\",\"target\":[\"https:\\\/\\\/www.honlufoodtrailer.com\\\/product\\\/mobile-bar-food-truck-pizza-food-truck-ice-cream-truck-fully-equipped-food-trailer-used-for-sale-catering\\\/\"]}]},{\"@type\":\"ImageObject\",\"inLanguage\":\"cs\",\"@id\":\"https:\\\/\\\/www.honlufoodtrailer.com\\\/product\\\/mobile-bar-food-truck-pizza-food-truck-ice-cream-truck-fully-equipped-food-trailer-used-for-sale-catering\\\/#primaryimage\",\"url\":\"https:\\\/\\\/www.honlufoodtrailer.com\\\/wp-content\\\/uploads\\\/2023\\\/01\\\/720\u00d7540-15.jpg\",\"contentUrl\":\"https:\\\/\\\/www.honlufoodtrailer.com\\\/wp-content\\\/uploads\\\/2023\\\/01\\\/720\u00d7540-15.jpg\",\"width\":720,\"height\":540},{\"@type\":\"BreadcrumbList\",\"@id\":\"https:\\\/\\\/www.honlufoodtrailer.com\\\/product\\\/mobile-bar-food-truck-pizza-food-truck-ice-cream-truck-fully-equipped-food-trailer-used-for-sale-catering\\\/#breadcrumb\",\"itemListElement\":[{\"@type\":\"ListItem\",\"position\":1,\"name\":\"Home\",\"item\":\"https:\\\/\\\/www.honlufoodtrailer.com\\\/\"},{\"@type\":\"ListItem\",\"position\":2,\"name\":\"\u4ea7\u54c1\",\"item\":\"https:\\\/\\\/www.honlufoodtrailer.com\\\/shop\\\/\"},{\"@type\":\"ListItem\",\"position\":3,\"name\":\"Mobile Bar Food Truck Pizza Food Truck Ice Cream Truck Fully Equipped Food Trailer Used for Sale Catering\"}]},{\"@type\":\"WebSite\",\"@id\":\"https:\\\/\\\/www.honlufoodtrailer.com\\\/#website\",\"url\":\"https:\\\/\\\/www.honlufoodtrailer.com\\\/\",\"name\":\"Honlu food trailer\",\"description\":\"\",\"publisher\":{\"@id\":\"https:\\\/\\\/www.honlufoodtrailer.com\\\/#organization\"},\"potentialAction\":[{\"@type\":\"SearchAction\",\"target\":{\"@type\":\"EntryPoint\",\"urlTemplate\":\"https:\\\/\\\/www.honlufoodtrailer.com\\\/?s={search_term_string}\"},\"query-input\":{\"@type\":\"PropertyValueSpecification\",\"valueRequired\":true,\"valueName\":\"search_term_string\"}}],\"inLanguage\":\"cs\"},{\"@type\":\"Organization\",\"@id\":\"https:\\\/\\\/www.honlufoodtrailer.com\\\/#organization\",\"name\":\"Honlu food trailer\",\"url\":\"https:\\\/\\\/www.honlufoodtrailer.com\\\/\",\"logo\":{\"@type\":\"ImageObject\",\"inLanguage\":\"cs\",\"@id\":\"https:\\\/\\\/www.honlufoodtrailer.com\\\/#\\\/schema\\\/logo\\\/image\\\/\",\"url\":\"https:\\\/\\\/www.honlufoodtrailer.com\\\/wp-content\\\/uploads\\\/2021\\\/12\\\/2.gif\",\"contentUrl\":\"https:\\\/\\\/www.honlufoodtrailer.com\\\/wp-content\\\/uploads\\\/2021\\\/12\\\/2.gif\",\"width\":350,\"height\":100,\"caption\":\"Honlu food trailer\"},\"image\":{\"@id\":\"https:\\\/\\\/www.honlufoodtrailer.com\\\/#\\\/schema\\\/logo\\\/image\\\/\"}}]}<\/script>\n<!-- \/ Yoast SEO plugin. -->","yoast_head_json":{"title":"Mobile Bar Food Truck Pizza Food Truck Ice Cream Truck Fully Equipped Food Trailer Used for Sale Catering - Honlu food trailer","description":"This is one of our custom-made six-meter food trailers with full kitchen. The front of the trailer is designed with straight open window, equipped with an integrated shelter and service table. According to customer needs, the whole trailer is compact and easy to use. It is the preferred model for starting the mobile food business.","robots":{"index":"index","follow":"follow","max-snippet":"max-snippet:-1","max-image-preview":"max-image-preview:large","max-video-preview":"max-video-preview:-1"},"canonical":"https:\/\/www.honlufoodtrailer.com\/cs\/product\/mobile-bar-food-truck-pizza-food-truck-ice-cream-truck-fully-equipped-food-trailer-used-for-sale-catering\/","og_locale":"cs_CZ","og_type":"article","og_title":"Mobile Bar Food Truck Pizza Food Truck Ice Cream Truck Fully Equipped Food Trailer Used for Sale Catering - Honlu food trailer","og_description":"This is one of our custom-made six-meter food trailers with full kitchen. The front of the trailer is designed with straight open window, equipped with an integrated shelter and service table. According to customer needs, the whole trailer is compact and easy to use. It is the preferred model for starting the mobile food business.","og_url":"https:\/\/www.honlufoodtrailer.com\/cs\/product\/mobile-bar-food-truck-pizza-food-truck-ice-cream-truck-fully-equipped-food-trailer-used-for-sale-catering\/","og_site_name":"Honlu food trailer","article_modified_time":"2024-03-15T07:19:55+00:00","og_image":[{"width":720,"height":540,"url":"https:\/\/www.honlufoodtrailer.com\/wp-content\/uploads\/2023\/01\/720\u00d7540-15.jpg","type":"image\/jpeg"}],"twitter_card":"summary_large_image","twitter_misc":{"Odhadovan\u00e1 doba \u010dten\u00ed":"3 minuty"},"schema":{"@context":"https:\/\/schema.org","@graph":[{"@type":"WebPage","@id":"https:\/\/www.honlufoodtrailer.com\/product\/mobile-bar-food-truck-pizza-food-truck-ice-cream-truck-fully-equipped-food-trailer-used-for-sale-catering\/","url":"https:\/\/www.honlufoodtrailer.com\/product\/mobile-bar-food-truck-pizza-food-truck-ice-cream-truck-fully-equipped-food-trailer-used-for-sale-catering\/","name":"Mobile Bar Food Truck Pizza Food Truck Ice Cream Truck Fully Equipped Food Trailer Used for Sale Catering - Honlu food trailer","isPartOf":{"@id":"https:\/\/www.honlufoodtrailer.com\/#website"},"primaryImageOfPage":{"@id":"https:\/\/www.honlufoodtrailer.com\/product\/mobile-bar-food-truck-pizza-food-truck-ice-cream-truck-fully-equipped-food-trailer-used-for-sale-catering\/#primaryimage"},"image":{"@id":"https:\/\/www.honlufoodtrailer.com\/product\/mobile-bar-food-truck-pizza-food-truck-ice-cream-truck-fully-equipped-food-trailer-used-for-sale-catering\/#primaryimage"},"thumbnailUrl":"https:\/\/www.honlufoodtrailer.com\/wp-content\/uploads\/2023\/01\/720\u00d7540-15.jpg","datePublished":"2023-01-07T07:58:56+00:00","dateModified":"2024-03-15T07:19:55+00:00","description":"This is one of our custom-made six-meter food trailers with full kitchen. The front of the trailer is designed with straight open window, equipped with an integrated shelter and service table. According to customer needs, the whole trailer is compact and easy to use. It is the preferred model for starting the mobile food business.","breadcrumb":{"@id":"https:\/\/www.honlufoodtrailer.com\/product\/mobile-bar-food-truck-pizza-food-truck-ice-cream-truck-fully-equipped-food-trailer-used-for-sale-catering\/#breadcrumb"},"inLanguage":"cs","potentialAction":[{"@type":"ReadAction","target":["https:\/\/www.honlufoodtrailer.com\/product\/mobile-bar-food-truck-pizza-food-truck-ice-cream-truck-fully-equipped-food-trailer-used-for-sale-catering\/"]}]},{"@type":"ImageObject","inLanguage":"cs","@id":"https:\/\/www.honlufoodtrailer.com\/product\/mobile-bar-food-truck-pizza-food-truck-ice-cream-truck-fully-equipped-food-trailer-used-for-sale-catering\/#primaryimage","url":"https:\/\/www.honlufoodtrailer.com\/wp-content\/uploads\/2023\/01\/720\u00d7540-15.jpg","contentUrl":"https:\/\/www.honlufoodtrailer.com\/wp-content\/uploads\/2023\/01\/720\u00d7540-15.jpg","width":720,"height":540},{"@type":"BreadcrumbList","@id":"https:\/\/www.honlufoodtrailer.com\/product\/mobile-bar-food-truck-pizza-food-truck-ice-cream-truck-fully-equipped-food-trailer-used-for-sale-catering\/#breadcrumb","itemListElement":[{"@type":"ListItem","position":1,"name":"Home","item":"https:\/\/www.honlufoodtrailer.com\/"},{"@type":"ListItem","position":2,"name":"\u4ea7\u54c1","item":"https:\/\/www.honlufoodtrailer.com\/shop\/"},{"@type":"ListItem","position":3,"name":"Mobile Bar Food Truck Pizza Food Truck Ice Cream Truck Fully Equipped Food Trailer Used for Sale Catering"}]},{"@type":"WebSite","@id":"https:\/\/www.honlufoodtrailer.com\/#website","url":"https:\/\/www.honlufoodtrailer.com\/","name":"Honlu food trailer","description":"","publisher":{"@id":"https:\/\/www.honlufoodtrailer.com\/#organization"},"potentialAction":[{"@type":"SearchAction","target":{"@type":"EntryPoint","urlTemplate":"https:\/\/www.honlufoodtrailer.com\/?s={search_term_string}"},"query-input":{"@type":"PropertyValueSpecification","valueRequired":true,"valueName":"search_term_string"}}],"inLanguage":"cs"},{"@type":"Organization","@id":"https:\/\/www.honlufoodtrailer.com\/#organization","name":"Honlu food trailer","url":"https:\/\/www.honlufoodtrailer.com\/","logo":{"@type":"ImageObject","inLanguage":"cs","@id":"https:\/\/www.honlufoodtrailer.com\/#\/schema\/logo\/image\/","url":"https:\/\/www.honlufoodtrailer.com\/wp-content\/uploads\/2021\/12\/2.gif","contentUrl":"https:\/\/www.honlufoodtrailer.com\/wp-content\/uploads\/2021\/12\/2.gif","width":350,"height":100,"caption":"Honlu food trailer"},"image":{"@id":"https:\/\/www.honlufoodtrailer.com\/#\/schema\/logo\/image\/"}}]}},"_links":{"self":[{"href":"https:\/\/www.honlufoodtrailer.com\/cs\/wp-json\/wp\/v2\/product\/5404","targetHints":{"allow":["GET"]}}],"collection":[{"href":"https:\/\/www.honlufoodtrailer.com\/cs\/wp-json\/wp\/v2\/product"}],"about":[{"href":"https:\/\/www.honlufoodtrailer.com\/cs\/wp-json\/wp\/v2\/types\/product"}],"version-history":[{"count":1,"href":"https:\/\/www.honlufoodtrailer.com\/cs\/wp-json\/wp\/v2\/product\/5404\/revisions"}],"predecessor-version":[{"id":5414,"href":"https:\/\/www.honlufoodtrailer.com\/cs\/wp-json\/wp\/v2\/product\/5404\/revisions\/5414"}],"wp:featuredmedia":[{"embeddable":true,"href":"https:\/\/www.honlufoodtrailer.com\/cs\/wp-json\/wp\/v2\/media\/5409"}],"wp:attachment":[{"href":"https:\/\/www.honlufoodtrailer.com\/cs\/wp-json\/wp\/v2\/media?parent=5404"}],"wp:term":[{"taxonomy":"product_brand","embeddable":true,"href":"https:\/\/www.honlufoodtrailer.com\/cs\/wp-json\/wp\/v2\/product_brand?post=5404"},{"taxonomy":"product_cat","embeddable":true,"href":"https:\/\/www.honlufoodtrailer.com\/cs\/wp-json\/wp\/v2\/product_cat?post=5404"},{"taxonomy":"product_tag","embeddable":true,"href":"https:\/\/www.honlufoodtrailer.com\/cs\/wp-json\/wp\/v2\/product_tag?post=5404"}],"curies":[{"name":"wp","href":"https:\/\/api.w.org\/{rel}","templated":true}]}}