{"id":7020,"date":"2024-03-11T16:45:20","date_gmt":"2024-03-11T08:45:20","guid":{"rendered":"https:\/\/www.honlufoodtrailer.com\/?post_type=product&#038;p=7020"},"modified":"2025-02-14T15:23:37","modified_gmt":"2025-02-14T07:23:37","slug":"5m-coffee-trailer-in-square-shape","status":"publish","type":"product","link":"https:\/\/www.honlufoodtrailer.com\/cs\/product\/5m-coffee-trailer-in-square-shape\/","title":{"rendered":"5m Coffee Trailer In Square Shape"},"content":{"rendered":"<p>Are you in the market for a coffee trailer? Look no further! We have just the one for you. Our 5m coffee trailer is up for sale and we are confident that it will exceed your expectations.<img fetchpriority=\"high\" decoding=\"async\" class=\"aligncenter size-full wp-image-7028\" src=\"https:\/\/www.honlufoodtrailer.com\/wp-content\/uploads\/2024\/03\/16ft-coffee-trailer-for-sale.jpg\" alt=\"16ft coffee trailer for sale\" width=\"720\" height=\"540\" srcset=\"https:\/\/www.honlufoodtrailer.com\/wp-content\/uploads\/2024\/03\/16ft-coffee-trailer-for-sale.jpg 720w, https:\/\/www.honlufoodtrailer.com\/wp-content\/uploads\/2024\/03\/16ft-coffee-trailer-for-sale-480x360.jpg 480w, https:\/\/www.honlufoodtrailer.com\/wp-content\/uploads\/2024\/03\/16ft-coffee-trailer-for-sale-300x225.jpg 300w\" sizes=\"(max-width: 720px) 100vw, 720px\" \/><\/p>\n<p>&nbsp;<\/p>\n<p>The trailer is built with high-quality materials and designed to withstand various weather conditions, making it suitable for all kinds of outdoor events. Also, it comes with a spacious interior, giving you ample space to set up your equipment and serve your customers efficiently.<\/p>\n<p><img decoding=\"async\" class=\"aligncenter size-full wp-image-7024\" src=\"https:\/\/www.honlufoodtrailer.com\/wp-content\/uploads\/2024\/03\/5m-coffee-trailer-inner-view.jpg\" alt=\"5m coffee trailer inner view\" width=\"720\" height=\"540\" srcset=\"https:\/\/www.honlufoodtrailer.com\/wp-content\/uploads\/2024\/03\/5m-coffee-trailer-inner-view.jpg 720w, https:\/\/www.honlufoodtrailer.com\/wp-content\/uploads\/2024\/03\/5m-coffee-trailer-inner-view-480x360.jpg 480w, https:\/\/www.honlufoodtrailer.com\/wp-content\/uploads\/2024\/03\/5m-coffee-trailer-inner-view-300x225.jpg 300w\" sizes=\"(max-width: 720px) 100vw, 720px\" \/><\/p>\n<p><img decoding=\"async\" class=\"aligncenter size-full wp-image-7031\" src=\"https:\/\/www.honlufoodtrailer.com\/wp-content\/uploads\/2024\/03\/5m-coffee-trailer-details.jpg\" alt=\"5m coffee trailer details\" width=\"800\" height=\"800\" srcset=\"https:\/\/www.honlufoodtrailer.com\/wp-content\/uploads\/2024\/03\/5m-coffee-trailer-details.jpg 800w, https:\/\/www.honlufoodtrailer.com\/wp-content\/uploads\/2024\/03\/5m-coffee-trailer-details-768x768.jpg 768w, https:\/\/www.honlufoodtrailer.com\/wp-content\/uploads\/2024\/03\/5m-coffee-trailer-details-360x360.jpg 360w, https:\/\/www.honlufoodtrailer.com\/wp-content\/uploads\/2024\/03\/5m-coffee-trailer-details-300x300.jpg 300w, https:\/\/www.honlufoodtrailer.com\/wp-content\/uploads\/2024\/03\/5m-coffee-trailer-details-720x720.jpg 720w, https:\/\/www.honlufoodtrailer.com\/wp-content\/uploads\/2024\/03\/5m-coffee-trailer-details-100x100.jpg 100w\" sizes=\"(max-width: 800px) 100vw, 800px\" \/><\/p>\n<p>As we can see from the picture above, We have equipped this coffee trailer with an air conditioner and a beverage freezer. Our customer will add some other devices he needs.<\/p>\n<p>Food trailers also can be called food carts, food vans, food trucks, and so on. It can be used to sell fast food, snacks, newspapers, books, and so on. It consists of chassis, body, flooring, working table, water system, and electric system. Users also can choose the color they want. We would like to purchase other types of equipment if customers want.<\/p>\n<p><img loading=\"lazy\" decoding=\"async\" class=\"aligncenter size-full wp-image-7027\" src=\"https:\/\/www.honlufoodtrailer.com\/wp-content\/uploads\/2024\/03\/5m-coffee-trailer.jpg\" alt=\"5m coffee trailer\" width=\"720\" height=\"540\" srcset=\"https:\/\/www.honlufoodtrailer.com\/wp-content\/uploads\/2024\/03\/5m-coffee-trailer.jpg 720w, https:\/\/www.honlufoodtrailer.com\/wp-content\/uploads\/2024\/03\/5m-coffee-trailer-480x360.jpg 480w, https:\/\/www.honlufoodtrailer.com\/wp-content\/uploads\/2024\/03\/5m-coffee-trailer-300x225.jpg 300w\" sizes=\"(max-width: 720px) 100vw, 720px\" \/><\/p>\n<h2><b class=\"magic-22\"><span class=\"magic-11\">Main Features Of The Customized Coffee Trailer For Sale<\/span><\/b><\/h2>\n<div class=\"magic-2\">\n<div class=\"magic-3\">\n<div class=\"magic-4\">\n<p class=\"magic-5\" data-spm-anchor-id=\"a2700.details.0.i22.54e5117dtl16iL\"><span style=\"font-family: Tahoma;\">1<span class=\"magic-12\" data-spm-anchor-id=\"a2700.details.0.i21.54e5117dtl16iL\">. Low-cost and environmentally no smoke and noise, easy to move any place<\/span><\/span><\/p>\n<p>2. It can be used for many years and will not build rubbish, and that is many suits for modern life.<\/p>\n<p>3. It&#8217;s convenient and simple for load and transport because the design is unique and individual.<\/p>\n<p>4. The main material is stainless steel, and the flatform (table) will not get rusted.<\/p>\n<p>5. It has heat resistance, and strength is high, high color fastness, no deformation, waterproof, and long service life.<\/p>\n<p><img loading=\"lazy\" decoding=\"async\" class=\"aligncenter size-full wp-image-7022\" src=\"https:\/\/www.honlufoodtrailer.com\/wp-content\/uploads\/2024\/03\/5m-coffee-trailer-back-view.jpg\" alt=\"5m coffee trailer back view\" width=\"720\" height=\"540\" srcset=\"https:\/\/www.honlufoodtrailer.com\/wp-content\/uploads\/2024\/03\/5m-coffee-trailer-back-view.jpg 720w, https:\/\/www.honlufoodtrailer.com\/wp-content\/uploads\/2024\/03\/5m-coffee-trailer-back-view-480x360.jpg 480w, https:\/\/www.honlufoodtrailer.com\/wp-content\/uploads\/2024\/03\/5m-coffee-trailer-back-view-300x225.jpg 300w\" sizes=\"(max-width: 720px) 100vw, 720px\" \/><\/p>\n<\/div>\n<\/div>\n<\/div>\n<h2><b class=\"magic-22\"><span class=\"magic-11\">Main Advantage:<\/span><\/b><\/h2>\n<p><span class=\"magic-12\">1. Low-cost and environmental;<br \/>\n2. Easy to move to any place (your business is not constrained);<br \/>\n3. Unique shape (invisible to attract more customers);<br \/>\n4. Long service life (Corrosion-resistant, heat-resistant, waterproof, no deformation).<\/span><\/p>","protected":false},"excerpt":{"rendered":"<p>This is one of our custom-made 5m coffee trailer for sale. Usually, it is the preferred model for starting a mobile food trailer business. Of course, we can manufacture a similar coffee concession trailer like this one, or customize one for you. Please contact us and tell us your detailed requirements. Just don&#8217;t hesitate to contact us!<\/p>","protected":false},"featured_media":7025,"template":"","meta":{"_themeisle_gutenberg_block_has_review":false},"product_brand":[],"product_cat":[26],"product_tag":[96,34,33,60,61,38],"class_list":{"0":"post-7020","1":"product","2":"type-product","3":"status-publish","4":"has-post-thumbnail","6":"product_cat-product","7":"product_tag-16ft-food-trailer","8":"product_tag-coffee-trailer","9":"product_tag-customized-trailer","10":"product_tag-fast-food-trailer","11":"product_tag-fast-food-trailer-for-sale","12":"product_tag-mobile-food-trailer","14":"first","15":"instock","16":"shipping-taxable","17":"product-type-simple"},"yoast_head":"<!-- This site is optimized with the Yoast SEO plugin v27.3 - https:\/\/yoast.com\/product\/yoast-seo-wordpress\/ -->\n<title>Factory Price Coffee Trailer For Sale from China - Honlu Food Trailer<\/title>\n<meta name=\"description\" content=\"Looking for a coffee trailer? see this one here! Get a similar or customized one at a reasonable price now! Click to see what you can get from us!\" \/>\n<meta name=\"robots\" content=\"index, follow, max-snippet:-1, max-image-preview:large, max-video-preview:-1\" \/>\n<link rel=\"canonical\" href=\"https:\/\/www.honlufoodtrailer.com\/cs\/product\/5m-coffee-trailer-in-square-shape\/\" \/>\n<meta property=\"og:locale\" content=\"cs_CZ\" \/>\n<meta property=\"og:type\" content=\"article\" \/>\n<meta property=\"og:title\" content=\"Factory Price Coffee Trailer For Sale from China - Honlu Food Trailer\" \/>\n<meta property=\"og:description\" content=\"Looking for a coffee trailer? see this one here! Get a similar or customized one at a reasonable price now! Click to see what you can get from us!\" \/>\n<meta property=\"og:url\" content=\"https:\/\/www.honlufoodtrailer.com\/cs\/product\/5m-coffee-trailer-in-square-shape\/\" \/>\n<meta property=\"og:site_name\" content=\"Honlu food trailer\" \/>\n<meta property=\"article:modified_time\" content=\"2025-02-14T07:23:37+00:00\" \/>\n<meta property=\"og:image\" content=\"https:\/\/www.honlufoodtrailer.com\/wp-content\/uploads\/2024\/03\/5m-coffee-trailer-on-sale.jpg\" \/>\n\t<meta property=\"og:image:width\" content=\"720\" \/>\n\t<meta property=\"og:image:height\" content=\"540\" \/>\n\t<meta property=\"og:image:type\" content=\"image\/jpeg\" \/>\n<meta name=\"twitter:card\" content=\"summary_large_image\" \/>\n<meta name=\"twitter:label1\" content=\"Odhadovan\u00e1 doba \u010dten\u00ed\" \/>\n\t<meta name=\"twitter:data1\" content=\"1 minuta\" \/>\n<script type=\"application\/ld+json\" class=\"yoast-schema-graph\">{\"@context\":\"https:\\\/\\\/schema.org\",\"@graph\":[{\"@type\":\"WebPage\",\"@id\":\"https:\\\/\\\/www.honlufoodtrailer.com\\\/product\\\/5m-coffee-trailer-in-square-shape\\\/\",\"url\":\"https:\\\/\\\/www.honlufoodtrailer.com\\\/product\\\/5m-coffee-trailer-in-square-shape\\\/\",\"name\":\"Factory Price Coffee Trailer For Sale from China - Honlu Food Trailer\",\"isPartOf\":{\"@id\":\"https:\\\/\\\/www.honlufoodtrailer.com\\\/#website\"},\"primaryImageOfPage\":{\"@id\":\"https:\\\/\\\/www.honlufoodtrailer.com\\\/product\\\/5m-coffee-trailer-in-square-shape\\\/#primaryimage\"},\"image\":{\"@id\":\"https:\\\/\\\/www.honlufoodtrailer.com\\\/product\\\/5m-coffee-trailer-in-square-shape\\\/#primaryimage\"},\"thumbnailUrl\":\"https:\\\/\\\/www.honlufoodtrailer.com\\\/wp-content\\\/uploads\\\/2024\\\/03\\\/5m-coffee-trailer-on-sale.jpg\",\"datePublished\":\"2024-03-11T08:45:20+00:00\",\"dateModified\":\"2025-02-14T07:23:37+00:00\",\"description\":\"Looking for a coffee trailer? see this one here! Get a similar or customized one at a reasonable price now! Click to see what you can get from us!\",\"breadcrumb\":{\"@id\":\"https:\\\/\\\/www.honlufoodtrailer.com\\\/product\\\/5m-coffee-trailer-in-square-shape\\\/#breadcrumb\"},\"inLanguage\":\"cs\",\"potentialAction\":[{\"@type\":\"ReadAction\",\"target\":[\"https:\\\/\\\/www.honlufoodtrailer.com\\\/product\\\/5m-coffee-trailer-in-square-shape\\\/\"]}]},{\"@type\":\"ImageObject\",\"inLanguage\":\"cs\",\"@id\":\"https:\\\/\\\/www.honlufoodtrailer.com\\\/product\\\/5m-coffee-trailer-in-square-shape\\\/#primaryimage\",\"url\":\"https:\\\/\\\/www.honlufoodtrailer.com\\\/wp-content\\\/uploads\\\/2024\\\/03\\\/5m-coffee-trailer-on-sale.jpg\",\"contentUrl\":\"https:\\\/\\\/www.honlufoodtrailer.com\\\/wp-content\\\/uploads\\\/2024\\\/03\\\/5m-coffee-trailer-on-sale.jpg\",\"width\":720,\"height\":540,\"caption\":\"5m coffee trailer on sale\"},{\"@type\":\"BreadcrumbList\",\"@id\":\"https:\\\/\\\/www.honlufoodtrailer.com\\\/product\\\/5m-coffee-trailer-in-square-shape\\\/#breadcrumb\",\"itemListElement\":[{\"@type\":\"ListItem\",\"position\":1,\"name\":\"Home\",\"item\":\"https:\\\/\\\/www.honlufoodtrailer.com\\\/\"},{\"@type\":\"ListItem\",\"position\":2,\"name\":\"\u4ea7\u54c1\",\"item\":\"https:\\\/\\\/www.honlufoodtrailer.com\\\/shop\\\/\"},{\"@type\":\"ListItem\",\"position\":3,\"name\":\"5m Coffee Trailer In Square Shape\"}]},{\"@type\":\"WebSite\",\"@id\":\"https:\\\/\\\/www.honlufoodtrailer.com\\\/#website\",\"url\":\"https:\\\/\\\/www.honlufoodtrailer.com\\\/\",\"name\":\"Honlu food trailer\",\"description\":\"\",\"publisher\":{\"@id\":\"https:\\\/\\\/www.honlufoodtrailer.com\\\/#organization\"},\"potentialAction\":[{\"@type\":\"SearchAction\",\"target\":{\"@type\":\"EntryPoint\",\"urlTemplate\":\"https:\\\/\\\/www.honlufoodtrailer.com\\\/?s={search_term_string}\"},\"query-input\":{\"@type\":\"PropertyValueSpecification\",\"valueRequired\":true,\"valueName\":\"search_term_string\"}}],\"inLanguage\":\"cs\"},{\"@type\":\"Organization\",\"@id\":\"https:\\\/\\\/www.honlufoodtrailer.com\\\/#organization\",\"name\":\"Honlu food trailer\",\"url\":\"https:\\\/\\\/www.honlufoodtrailer.com\\\/\",\"logo\":{\"@type\":\"ImageObject\",\"inLanguage\":\"cs\",\"@id\":\"https:\\\/\\\/www.honlufoodtrailer.com\\\/#\\\/schema\\\/logo\\\/image\\\/\",\"url\":\"https:\\\/\\\/www.honlufoodtrailer.com\\\/wp-content\\\/uploads\\\/2021\\\/12\\\/2.gif\",\"contentUrl\":\"https:\\\/\\\/www.honlufoodtrailer.com\\\/wp-content\\\/uploads\\\/2021\\\/12\\\/2.gif\",\"width\":350,\"height\":100,\"caption\":\"Honlu food trailer\"},\"image\":{\"@id\":\"https:\\\/\\\/www.honlufoodtrailer.com\\\/#\\\/schema\\\/logo\\\/image\\\/\"}}]}<\/script>\n<!-- \/ Yoast SEO plugin. -->","yoast_head_json":{"title":"Factory Price Coffee Trailer For Sale from China - Honlu Food Trailer","description":"Looking for a coffee trailer? see this one here! Get a similar or customized one at a reasonable price now! Click to see what you can get from us!","robots":{"index":"index","follow":"follow","max-snippet":"max-snippet:-1","max-image-preview":"max-image-preview:large","max-video-preview":"max-video-preview:-1"},"canonical":"https:\/\/www.honlufoodtrailer.com\/cs\/product\/5m-coffee-trailer-in-square-shape\/","og_locale":"cs_CZ","og_type":"article","og_title":"Factory Price Coffee Trailer For Sale from China - Honlu Food Trailer","og_description":"Looking for a coffee trailer? see this one here! Get a similar or customized one at a reasonable price now! Click to see what you can get from us!","og_url":"https:\/\/www.honlufoodtrailer.com\/cs\/product\/5m-coffee-trailer-in-square-shape\/","og_site_name":"Honlu food trailer","article_modified_time":"2025-02-14T07:23:37+00:00","og_image":[{"width":720,"height":540,"url":"https:\/\/www.honlufoodtrailer.com\/wp-content\/uploads\/2024\/03\/5m-coffee-trailer-on-sale.jpg","type":"image\/jpeg"}],"twitter_card":"summary_large_image","twitter_misc":{"Odhadovan\u00e1 doba \u010dten\u00ed":"1 minuta"},"schema":{"@context":"https:\/\/schema.org","@graph":[{"@type":"WebPage","@id":"https:\/\/www.honlufoodtrailer.com\/product\/5m-coffee-trailer-in-square-shape\/","url":"https:\/\/www.honlufoodtrailer.com\/product\/5m-coffee-trailer-in-square-shape\/","name":"Factory Price Coffee Trailer For Sale from China - Honlu Food Trailer","isPartOf":{"@id":"https:\/\/www.honlufoodtrailer.com\/#website"},"primaryImageOfPage":{"@id":"https:\/\/www.honlufoodtrailer.com\/product\/5m-coffee-trailer-in-square-shape\/#primaryimage"},"image":{"@id":"https:\/\/www.honlufoodtrailer.com\/product\/5m-coffee-trailer-in-square-shape\/#primaryimage"},"thumbnailUrl":"https:\/\/www.honlufoodtrailer.com\/wp-content\/uploads\/2024\/03\/5m-coffee-trailer-on-sale.jpg","datePublished":"2024-03-11T08:45:20+00:00","dateModified":"2025-02-14T07:23:37+00:00","description":"Looking for a coffee trailer? see this one here! Get a similar or customized one at a reasonable price now! Click to see what you can get from us!","breadcrumb":{"@id":"https:\/\/www.honlufoodtrailer.com\/product\/5m-coffee-trailer-in-square-shape\/#breadcrumb"},"inLanguage":"cs","potentialAction":[{"@type":"ReadAction","target":["https:\/\/www.honlufoodtrailer.com\/product\/5m-coffee-trailer-in-square-shape\/"]}]},{"@type":"ImageObject","inLanguage":"cs","@id":"https:\/\/www.honlufoodtrailer.com\/product\/5m-coffee-trailer-in-square-shape\/#primaryimage","url":"https:\/\/www.honlufoodtrailer.com\/wp-content\/uploads\/2024\/03\/5m-coffee-trailer-on-sale.jpg","contentUrl":"https:\/\/www.honlufoodtrailer.com\/wp-content\/uploads\/2024\/03\/5m-coffee-trailer-on-sale.jpg","width":720,"height":540,"caption":"5m coffee trailer on sale"},{"@type":"BreadcrumbList","@id":"https:\/\/www.honlufoodtrailer.com\/product\/5m-coffee-trailer-in-square-shape\/#breadcrumb","itemListElement":[{"@type":"ListItem","position":1,"name":"Home","item":"https:\/\/www.honlufoodtrailer.com\/"},{"@type":"ListItem","position":2,"name":"\u4ea7\u54c1","item":"https:\/\/www.honlufoodtrailer.com\/shop\/"},{"@type":"ListItem","position":3,"name":"5m Coffee Trailer In Square Shape"}]},{"@type":"WebSite","@id":"https:\/\/www.honlufoodtrailer.com\/#website","url":"https:\/\/www.honlufoodtrailer.com\/","name":"Honlu food trailer","description":"","publisher":{"@id":"https:\/\/www.honlufoodtrailer.com\/#organization"},"potentialAction":[{"@type":"SearchAction","target":{"@type":"EntryPoint","urlTemplate":"https:\/\/www.honlufoodtrailer.com\/?s={search_term_string}"},"query-input":{"@type":"PropertyValueSpecification","valueRequired":true,"valueName":"search_term_string"}}],"inLanguage":"cs"},{"@type":"Organization","@id":"https:\/\/www.honlufoodtrailer.com\/#organization","name":"Honlu food trailer","url":"https:\/\/www.honlufoodtrailer.com\/","logo":{"@type":"ImageObject","inLanguage":"cs","@id":"https:\/\/www.honlufoodtrailer.com\/#\/schema\/logo\/image\/","url":"https:\/\/www.honlufoodtrailer.com\/wp-content\/uploads\/2021\/12\/2.gif","contentUrl":"https:\/\/www.honlufoodtrailer.com\/wp-content\/uploads\/2021\/12\/2.gif","width":350,"height":100,"caption":"Honlu food trailer"},"image":{"@id":"https:\/\/www.honlufoodtrailer.com\/#\/schema\/logo\/image\/"}}]}},"_links":{"self":[{"href":"https:\/\/www.honlufoodtrailer.com\/cs\/wp-json\/wp\/v2\/product\/7020","targetHints":{"allow":["GET"]}}],"collection":[{"href":"https:\/\/www.honlufoodtrailer.com\/cs\/wp-json\/wp\/v2\/product"}],"about":[{"href":"https:\/\/www.honlufoodtrailer.com\/cs\/wp-json\/wp\/v2\/types\/product"}],"version-history":[{"count":9,"href":"https:\/\/www.honlufoodtrailer.com\/cs\/wp-json\/wp\/v2\/product\/7020\/revisions"}],"predecessor-version":[{"id":7415,"href":"https:\/\/www.honlufoodtrailer.com\/cs\/wp-json\/wp\/v2\/product\/7020\/revisions\/7415"}],"wp:featuredmedia":[{"embeddable":true,"href":"https:\/\/www.honlufoodtrailer.com\/cs\/wp-json\/wp\/v2\/media\/7025"}],"wp:attachment":[{"href":"https:\/\/www.honlufoodtrailer.com\/cs\/wp-json\/wp\/v2\/media?parent=7020"}],"wp:term":[{"taxonomy":"product_brand","embeddable":true,"href":"https:\/\/www.honlufoodtrailer.com\/cs\/wp-json\/wp\/v2\/product_brand?post=7020"},{"taxonomy":"product_cat","embeddable":true,"href":"https:\/\/www.honlufoodtrailer.com\/cs\/wp-json\/wp\/v2\/product_cat?post=7020"},{"taxonomy":"product_tag","embeddable":true,"href":"https:\/\/www.honlufoodtrailer.com\/cs\/wp-json\/wp\/v2\/product_tag?post=7020"}],"curies":[{"name":"wp","href":"https:\/\/api.w.org\/{rel}","templated":true}]}}