{"id":7162,"date":"2024-03-18T17:20:44","date_gmt":"2024-03-18T09:20:44","guid":{"rendered":"https:\/\/www.honlufoodtrailer.com\/?post_type=product&#038;p=7162"},"modified":"2025-02-14T15:22:26","modified_gmt":"2025-02-14T07:22:26","slug":"small-beverage-trailer-for-sale","status":"publish","type":"product","link":"https:\/\/www.honlufoodtrailer.com\/cs\/product\/small-beverage-trailer-for-sale\/","title":{"rendered":"Small Beverage Trailer For Sale"},"content":{"rendered":"<p>Are you searching for a small beverage trailer for sale? See this cost-effective beverage concession trailer here!\u00a0 This is a customized 3.5m beverage concession trailer we have manufactured for one of our customers from the United States. It is a good choice for customers who want to start a small size food trailer business with small investment. Now, let&#8217;s see some pictures of this beverage trailer first!<\/p>\n<p><img fetchpriority=\"high\" decoding=\"async\" class=\"aligncenter size-full wp-image-7168\" src=\"https:\/\/www.honlufoodtrailer.com\/wp-content\/uploads\/2024\/03\/beverage-concession-trailer.jpg\" alt=\"beverage concession trailer\" width=\"720\" height=\"540\" srcset=\"https:\/\/www.honlufoodtrailer.com\/wp-content\/uploads\/2024\/03\/beverage-concession-trailer.jpg 720w, https:\/\/www.honlufoodtrailer.com\/wp-content\/uploads\/2024\/03\/beverage-concession-trailer-480x360.jpg 480w, https:\/\/www.honlufoodtrailer.com\/wp-content\/uploads\/2024\/03\/beverage-concession-trailer-300x225.jpg 300w\" sizes=\"(max-width: 720px) 100vw, 720px\" \/><br \/>\n<img decoding=\"async\" class=\"aligncenter size-full wp-image-7166\" src=\"https:\/\/www.honlufoodtrailer.com\/wp-content\/uploads\/2024\/03\/beverage-cart-trailer-for-sale.jpg\" alt=\"beverage cart trailer for sale\" width=\"720\" height=\"540\" srcset=\"https:\/\/www.honlufoodtrailer.com\/wp-content\/uploads\/2024\/03\/beverage-cart-trailer-for-sale.jpg 720w, https:\/\/www.honlufoodtrailer.com\/wp-content\/uploads\/2024\/03\/beverage-cart-trailer-for-sale-480x360.jpg 480w, https:\/\/www.honlufoodtrailer.com\/wp-content\/uploads\/2024\/03\/beverage-cart-trailer-for-sale-300x225.jpg 300w\" sizes=\"(max-width: 720px) 100vw, 720px\" \/><\/p>\n<h3>Benefits of Investing in a Small Beverage Trailer<\/h3>\n<p>With a small beverage trailer, you can offer an array of refreshing beverages on-the-go at a low cost.\u00a0 For customers who have their own restaurant, they can also use this small trailer as an addition to their restaurant.<\/p>\n<ol>\n<li>From smoothies to freshly squeezed juices, a beverage trailer allows you to cater to a larger customer base.<\/li>\n<li>With compact size, you can move or park the trailer easily in crowded areas.<\/li>\n<li>Since this is a small-size beverage trailer, it has a lower cost than larger ones. That means, you can start a food trailer business with less money.<\/li>\n<\/ol>\n<p><img decoding=\"async\" class=\"aligncenter size-full wp-image-7171\" src=\"https:\/\/www.honlufoodtrailer.com\/wp-content\/uploads\/2024\/03\/beverage-trailer-for-sale.jpg\" alt=\"beverage trailer for sale\" width=\"720\" height=\"540\" srcset=\"https:\/\/www.honlufoodtrailer.com\/wp-content\/uploads\/2024\/03\/beverage-trailer-for-sale.jpg 720w, https:\/\/www.honlufoodtrailer.com\/wp-content\/uploads\/2024\/03\/beverage-trailer-for-sale-480x360.jpg 480w, https:\/\/www.honlufoodtrailer.com\/wp-content\/uploads\/2024\/03\/beverage-trailer-for-sale-300x225.jpg 300w\" sizes=\"(max-width: 720px) 100vw, 720px\" \/><\/p>\n<h3>Inner Details of this Small Beverage Trailer<\/h3>\n<p>Now, let&#8217;s see the inner structure of this small beverage trailer through the following picture.<br \/>\n<img loading=\"lazy\" decoding=\"async\" class=\"aligncenter size-full wp-image-7173\" src=\"https:\/\/www.honlufoodtrailer.com\/wp-content\/uploads\/2024\/03\/beverage-trailer-for-sale-details.jpg\" alt=\"beverage trailer for sale details\" width=\"800\" height=\"802\" srcset=\"https:\/\/www.honlufoodtrailer.com\/wp-content\/uploads\/2024\/03\/beverage-trailer-for-sale-details.jpg 800w, https:\/\/www.honlufoodtrailer.com\/wp-content\/uploads\/2024\/03\/beverage-trailer-for-sale-details-768x770.jpg 768w, https:\/\/www.honlufoodtrailer.com\/wp-content\/uploads\/2024\/03\/beverage-trailer-for-sale-details-359x360.jpg 359w, https:\/\/www.honlufoodtrailer.com\/wp-content\/uploads\/2024\/03\/beverage-trailer-for-sale-details-300x301.jpg 300w, https:\/\/www.honlufoodtrailer.com\/wp-content\/uploads\/2024\/03\/beverage-trailer-for-sale-details-720x722.jpg 720w, https:\/\/www.honlufoodtrailer.com\/wp-content\/uploads\/2024\/03\/beverage-trailer-for-sale-details-100x100.jpg 100w\" sizes=\"(max-width: 800px) 100vw, 800px\" \/><\/p>\n<p>As we can see from the picture above, We have equipped the 3.5m beverage trailer with some basic kitchen equipment. there is mainly kitchen equipment such as sinks, work table and shelves etc. Our customer will add some other spare parts he needs.<\/p>\n<p>Food trailers also can be called food carts, food vans, food trucks, and so on. It can be used to sell fast food, snacks, newspapers, books, and so on. It consists of chassis, body, flooring, working table, water system, and electric system. Users also can choose the color they want. We would like to purchase other types of equipment if customers want.<\/p>\n<p><img decoding=\"async\" class=\"aligncenter size-full wp-image-7166\" src=\"https:\/\/www.honlufoodtrailer.com\/wp-content\/uploads\/2024\/03\/beverage-cart-trailer-for-sale.jpg\" alt=\"beverage cart trailer for sale\" width=\"720\" height=\"540\" srcset=\"https:\/\/www.honlufoodtrailer.com\/wp-content\/uploads\/2024\/03\/beverage-cart-trailer-for-sale.jpg 720w, https:\/\/www.honlufoodtrailer.com\/wp-content\/uploads\/2024\/03\/beverage-cart-trailer-for-sale-480x360.jpg 480w, https:\/\/www.honlufoodtrailer.com\/wp-content\/uploads\/2024\/03\/beverage-cart-trailer-for-sale-300x225.jpg 300w\" sizes=\"(max-width: 720px) 100vw, 720px\" \/><\/p>\n<h3><b class=\"magic-22\"><span class=\"magic-11\">Main Features Of The Customized Beverage Trailer<\/span><\/b><\/h3>\n<div class=\"magic-2\">\n<div class=\"magic-3\">\n<div class=\"magic-4\">\n<p class=\"magic-5\" data-spm-anchor-id=\"a2700.details.0.i22.54e5117dtl16iL\"><span style=\"font-family: Tahoma;\">1<span class=\"magic-12\" data-spm-anchor-id=\"a2700.details.0.i21.54e5117dtl16iL\">. Low-cost and environmentally no smoke and noise, easy to move any place<\/span><\/span><\/p>\n<p>2. It can be used for many years and will not build rubbish, and that is many suits for modern life.<\/p>\n<p>3. It&#8217;s convenient and simple for load and transport because the design is unique and individual.<\/p>\n<p>4. The main material is stainless steel, and the flatform (table) will not get rusted.<\/p>\n<p>5. It has heat resistance, and strength is high, high color fastness, no deformation, waterproof, and long service life.<\/p>\n<\/div>\n<\/div>\n<\/div>\n<h3><b class=\"magic-22\"><span class=\"magic-11\">Main Advantage:<\/span><\/b><\/h3>\n<p><span class=\"magic-12\">1. Low-cost and environmental;<br \/>\n2. Easy to move to any place (your business is not constrained);<br \/>\n3. Unique shape (invisible to attract more customers);<br \/>\n4. Long service life (Corrosion-resistant, heat resistance, waterproof, no deformation).<\/span><\/p>","protected":false},"excerpt":{"rendered":"<p>This is one of our custom-made 3.5m beverage trailer for sale. Usually, it is the preferred model for starting a small mobile food trailer business. <strong>Please click the tabs below to see more details of this 3.5m beverage trailer<\/strong>. Of course, we can manufacture a similar beverage trailer like this one, or customize one for you. The body color, stickers, signage, kitchen equipment of the food trailer can be customized. Just don&#8217;t hesitate to contact us!<\/p>","protected":false},"featured_media":7171,"template":"","meta":{"_themeisle_gutenberg_block_has_review":false},"product_brand":[],"product_cat":[26],"product_tag":[124,33,60,61,38],"class_list":{"0":"post-7162","1":"product","2":"type-product","3":"status-publish","4":"has-post-thumbnail","6":"product_cat-product","7":"product_tag-beverage-trailer","8":"product_tag-customized-trailer","9":"product_tag-fast-food-trailer","10":"product_tag-fast-food-trailer-for-sale","11":"product_tag-mobile-food-trailer","13":"first","14":"instock","15":"shipping-taxable","16":"product-type-simple"},"yoast_head":"<!-- This site is optimized with the Yoast SEO plugin v27.3 - https:\/\/yoast.com\/product\/yoast-seo-wordpress\/ -->\n<title>Small Beverage Trailer For Sale from China - Honlu Food Trailer<\/title>\n<meta name=\"description\" content=\"Looking for a small beverage trailer for sale? Get a similar or customized beverage concession trailer from China manufacturer Honlu now!\" \/>\n<meta name=\"robots\" content=\"index, follow, max-snippet:-1, max-image-preview:large, max-video-preview:-1\" \/>\n<link rel=\"canonical\" href=\"https:\/\/www.honlufoodtrailer.com\/cs\/product\/small-beverage-trailer-for-sale\/\" \/>\n<meta property=\"og:locale\" content=\"cs_CZ\" \/>\n<meta property=\"og:type\" content=\"article\" \/>\n<meta property=\"og:title\" content=\"Small Beverage Trailer For Sale from China - Honlu Food Trailer\" \/>\n<meta property=\"og:description\" content=\"Looking for a small beverage trailer for sale? Get a similar or customized beverage concession trailer from China manufacturer Honlu now!\" \/>\n<meta property=\"og:url\" content=\"https:\/\/www.honlufoodtrailer.com\/cs\/product\/small-beverage-trailer-for-sale\/\" \/>\n<meta property=\"og:site_name\" content=\"Honlu food trailer\" \/>\n<meta property=\"article:modified_time\" content=\"2025-02-14T07:22:26+00:00\" \/>\n<meta property=\"og:image\" content=\"https:\/\/www.honlufoodtrailer.com\/wp-content\/uploads\/2024\/03\/beverage-trailer-for-sale.jpg\" \/>\n\t<meta property=\"og:image:width\" content=\"720\" \/>\n\t<meta property=\"og:image:height\" content=\"540\" \/>\n\t<meta property=\"og:image:type\" content=\"image\/jpeg\" \/>\n<meta name=\"twitter:card\" content=\"summary_large_image\" \/>\n<meta name=\"twitter:label1\" content=\"Odhadovan\u00e1 doba \u010dten\u00ed\" \/>\n\t<meta name=\"twitter:data1\" content=\"1 minuta\" \/>\n<script type=\"application\/ld+json\" class=\"yoast-schema-graph\">{\"@context\":\"https:\\\/\\\/schema.org\",\"@graph\":[{\"@type\":\"WebPage\",\"@id\":\"https:\\\/\\\/www.honlufoodtrailer.com\\\/product\\\/small-beverage-trailer-for-sale\\\/\",\"url\":\"https:\\\/\\\/www.honlufoodtrailer.com\\\/product\\\/small-beverage-trailer-for-sale\\\/\",\"name\":\"Small Beverage Trailer For Sale from China - Honlu Food Trailer\",\"isPartOf\":{\"@id\":\"https:\\\/\\\/www.honlufoodtrailer.com\\\/#website\"},\"primaryImageOfPage\":{\"@id\":\"https:\\\/\\\/www.honlufoodtrailer.com\\\/product\\\/small-beverage-trailer-for-sale\\\/#primaryimage\"},\"image\":{\"@id\":\"https:\\\/\\\/www.honlufoodtrailer.com\\\/product\\\/small-beverage-trailer-for-sale\\\/#primaryimage\"},\"thumbnailUrl\":\"https:\\\/\\\/www.honlufoodtrailer.com\\\/wp-content\\\/uploads\\\/2024\\\/03\\\/beverage-trailer-for-sale.jpg\",\"datePublished\":\"2024-03-18T09:20:44+00:00\",\"dateModified\":\"2025-02-14T07:22:26+00:00\",\"description\":\"Looking for a small beverage trailer for sale? Get a similar or customized beverage concession trailer from China manufacturer Honlu now!\",\"breadcrumb\":{\"@id\":\"https:\\\/\\\/www.honlufoodtrailer.com\\\/product\\\/small-beverage-trailer-for-sale\\\/#breadcrumb\"},\"inLanguage\":\"cs\",\"potentialAction\":[{\"@type\":\"ReadAction\",\"target\":[\"https:\\\/\\\/www.honlufoodtrailer.com\\\/product\\\/small-beverage-trailer-for-sale\\\/\"]}]},{\"@type\":\"ImageObject\",\"inLanguage\":\"cs\",\"@id\":\"https:\\\/\\\/www.honlufoodtrailer.com\\\/product\\\/small-beverage-trailer-for-sale\\\/#primaryimage\",\"url\":\"https:\\\/\\\/www.honlufoodtrailer.com\\\/wp-content\\\/uploads\\\/2024\\\/03\\\/beverage-trailer-for-sale.jpg\",\"contentUrl\":\"https:\\\/\\\/www.honlufoodtrailer.com\\\/wp-content\\\/uploads\\\/2024\\\/03\\\/beverage-trailer-for-sale.jpg\",\"width\":720,\"height\":540,\"caption\":\"beverage trailer for sale\"},{\"@type\":\"BreadcrumbList\",\"@id\":\"https:\\\/\\\/www.honlufoodtrailer.com\\\/product\\\/small-beverage-trailer-for-sale\\\/#breadcrumb\",\"itemListElement\":[{\"@type\":\"ListItem\",\"position\":1,\"name\":\"Home\",\"item\":\"https:\\\/\\\/www.honlufoodtrailer.com\\\/\"},{\"@type\":\"ListItem\",\"position\":2,\"name\":\"\u4ea7\u54c1\",\"item\":\"https:\\\/\\\/www.honlufoodtrailer.com\\\/shop\\\/\"},{\"@type\":\"ListItem\",\"position\":3,\"name\":\"Small Beverage Trailer For Sale\"}]},{\"@type\":\"WebSite\",\"@id\":\"https:\\\/\\\/www.honlufoodtrailer.com\\\/#website\",\"url\":\"https:\\\/\\\/www.honlufoodtrailer.com\\\/\",\"name\":\"Honlu food trailer\",\"description\":\"\",\"publisher\":{\"@id\":\"https:\\\/\\\/www.honlufoodtrailer.com\\\/#organization\"},\"potentialAction\":[{\"@type\":\"SearchAction\",\"target\":{\"@type\":\"EntryPoint\",\"urlTemplate\":\"https:\\\/\\\/www.honlufoodtrailer.com\\\/?s={search_term_string}\"},\"query-input\":{\"@type\":\"PropertyValueSpecification\",\"valueRequired\":true,\"valueName\":\"search_term_string\"}}],\"inLanguage\":\"cs\"},{\"@type\":\"Organization\",\"@id\":\"https:\\\/\\\/www.honlufoodtrailer.com\\\/#organization\",\"name\":\"Honlu food trailer\",\"url\":\"https:\\\/\\\/www.honlufoodtrailer.com\\\/\",\"logo\":{\"@type\":\"ImageObject\",\"inLanguage\":\"cs\",\"@id\":\"https:\\\/\\\/www.honlufoodtrailer.com\\\/#\\\/schema\\\/logo\\\/image\\\/\",\"url\":\"https:\\\/\\\/www.honlufoodtrailer.com\\\/wp-content\\\/uploads\\\/2021\\\/12\\\/2.gif\",\"contentUrl\":\"https:\\\/\\\/www.honlufoodtrailer.com\\\/wp-content\\\/uploads\\\/2021\\\/12\\\/2.gif\",\"width\":350,\"height\":100,\"caption\":\"Honlu food trailer\"},\"image\":{\"@id\":\"https:\\\/\\\/www.honlufoodtrailer.com\\\/#\\\/schema\\\/logo\\\/image\\\/\"}}]}<\/script>\n<!-- \/ Yoast SEO plugin. -->","yoast_head_json":{"title":"Small Beverage Trailer For Sale from China - Honlu Food Trailer","description":"Looking for a small beverage trailer for sale? Get a similar or customized beverage concession trailer from China manufacturer Honlu now!","robots":{"index":"index","follow":"follow","max-snippet":"max-snippet:-1","max-image-preview":"max-image-preview:large","max-video-preview":"max-video-preview:-1"},"canonical":"https:\/\/www.honlufoodtrailer.com\/cs\/product\/small-beverage-trailer-for-sale\/","og_locale":"cs_CZ","og_type":"article","og_title":"Small Beverage Trailer For Sale from China - Honlu Food Trailer","og_description":"Looking for a small beverage trailer for sale? Get a similar or customized beverage concession trailer from China manufacturer Honlu now!","og_url":"https:\/\/www.honlufoodtrailer.com\/cs\/product\/small-beverage-trailer-for-sale\/","og_site_name":"Honlu food trailer","article_modified_time":"2025-02-14T07:22:26+00:00","og_image":[{"width":720,"height":540,"url":"https:\/\/www.honlufoodtrailer.com\/wp-content\/uploads\/2024\/03\/beverage-trailer-for-sale.jpg","type":"image\/jpeg"}],"twitter_card":"summary_large_image","twitter_misc":{"Odhadovan\u00e1 doba \u010dten\u00ed":"1 minuta"},"schema":{"@context":"https:\/\/schema.org","@graph":[{"@type":"WebPage","@id":"https:\/\/www.honlufoodtrailer.com\/product\/small-beverage-trailer-for-sale\/","url":"https:\/\/www.honlufoodtrailer.com\/product\/small-beverage-trailer-for-sale\/","name":"Small Beverage Trailer For Sale from China - Honlu Food Trailer","isPartOf":{"@id":"https:\/\/www.honlufoodtrailer.com\/#website"},"primaryImageOfPage":{"@id":"https:\/\/www.honlufoodtrailer.com\/product\/small-beverage-trailer-for-sale\/#primaryimage"},"image":{"@id":"https:\/\/www.honlufoodtrailer.com\/product\/small-beverage-trailer-for-sale\/#primaryimage"},"thumbnailUrl":"https:\/\/www.honlufoodtrailer.com\/wp-content\/uploads\/2024\/03\/beverage-trailer-for-sale.jpg","datePublished":"2024-03-18T09:20:44+00:00","dateModified":"2025-02-14T07:22:26+00:00","description":"Looking for a small beverage trailer for sale? Get a similar or customized beverage concession trailer from China manufacturer Honlu now!","breadcrumb":{"@id":"https:\/\/www.honlufoodtrailer.com\/product\/small-beverage-trailer-for-sale\/#breadcrumb"},"inLanguage":"cs","potentialAction":[{"@type":"ReadAction","target":["https:\/\/www.honlufoodtrailer.com\/product\/small-beverage-trailer-for-sale\/"]}]},{"@type":"ImageObject","inLanguage":"cs","@id":"https:\/\/www.honlufoodtrailer.com\/product\/small-beverage-trailer-for-sale\/#primaryimage","url":"https:\/\/www.honlufoodtrailer.com\/wp-content\/uploads\/2024\/03\/beverage-trailer-for-sale.jpg","contentUrl":"https:\/\/www.honlufoodtrailer.com\/wp-content\/uploads\/2024\/03\/beverage-trailer-for-sale.jpg","width":720,"height":540,"caption":"beverage trailer for sale"},{"@type":"BreadcrumbList","@id":"https:\/\/www.honlufoodtrailer.com\/product\/small-beverage-trailer-for-sale\/#breadcrumb","itemListElement":[{"@type":"ListItem","position":1,"name":"Home","item":"https:\/\/www.honlufoodtrailer.com\/"},{"@type":"ListItem","position":2,"name":"\u4ea7\u54c1","item":"https:\/\/www.honlufoodtrailer.com\/shop\/"},{"@type":"ListItem","position":3,"name":"Small Beverage Trailer For Sale"}]},{"@type":"WebSite","@id":"https:\/\/www.honlufoodtrailer.com\/#website","url":"https:\/\/www.honlufoodtrailer.com\/","name":"Honlu food trailer","description":"","publisher":{"@id":"https:\/\/www.honlufoodtrailer.com\/#organization"},"potentialAction":[{"@type":"SearchAction","target":{"@type":"EntryPoint","urlTemplate":"https:\/\/www.honlufoodtrailer.com\/?s={search_term_string}"},"query-input":{"@type":"PropertyValueSpecification","valueRequired":true,"valueName":"search_term_string"}}],"inLanguage":"cs"},{"@type":"Organization","@id":"https:\/\/www.honlufoodtrailer.com\/#organization","name":"Honlu food trailer","url":"https:\/\/www.honlufoodtrailer.com\/","logo":{"@type":"ImageObject","inLanguage":"cs","@id":"https:\/\/www.honlufoodtrailer.com\/#\/schema\/logo\/image\/","url":"https:\/\/www.honlufoodtrailer.com\/wp-content\/uploads\/2021\/12\/2.gif","contentUrl":"https:\/\/www.honlufoodtrailer.com\/wp-content\/uploads\/2021\/12\/2.gif","width":350,"height":100,"caption":"Honlu food trailer"},"image":{"@id":"https:\/\/www.honlufoodtrailer.com\/#\/schema\/logo\/image\/"}}]}},"_links":{"self":[{"href":"https:\/\/www.honlufoodtrailer.com\/cs\/wp-json\/wp\/v2\/product\/7162","targetHints":{"allow":["GET"]}}],"collection":[{"href":"https:\/\/www.honlufoodtrailer.com\/cs\/wp-json\/wp\/v2\/product"}],"about":[{"href":"https:\/\/www.honlufoodtrailer.com\/cs\/wp-json\/wp\/v2\/types\/product"}],"version-history":[{"count":6,"href":"https:\/\/www.honlufoodtrailer.com\/cs\/wp-json\/wp\/v2\/product\/7162\/revisions"}],"predecessor-version":[{"id":7176,"href":"https:\/\/www.honlufoodtrailer.com\/cs\/wp-json\/wp\/v2\/product\/7162\/revisions\/7176"}],"wp:featuredmedia":[{"embeddable":true,"href":"https:\/\/www.honlufoodtrailer.com\/cs\/wp-json\/wp\/v2\/media\/7171"}],"wp:attachment":[{"href":"https:\/\/www.honlufoodtrailer.com\/cs\/wp-json\/wp\/v2\/media?parent=7162"}],"wp:term":[{"taxonomy":"product_brand","embeddable":true,"href":"https:\/\/www.honlufoodtrailer.com\/cs\/wp-json\/wp\/v2\/product_brand?post=7162"},{"taxonomy":"product_cat","embeddable":true,"href":"https:\/\/www.honlufoodtrailer.com\/cs\/wp-json\/wp\/v2\/product_cat?post=7162"},{"taxonomy":"product_tag","embeddable":true,"href":"https:\/\/www.honlufoodtrailer.com\/cs\/wp-json\/wp\/v2\/product_tag?post=7162"}],"curies":[{"name":"wp","href":"https:\/\/api.w.org\/{rel}","templated":true}]}}