{"id":7656,"date":"2024-05-15T15:01:54","date_gmt":"2024-05-15T07:01:54","guid":{"rendered":"https:\/\/www.honlufoodtrailer.com\/?post_type=product&#038;p=7656"},"modified":"2025-02-14T14:52:09","modified_gmt":"2025-02-14T06:52:09","slug":"12ft-rolled-ice-cream-trailer","status":"publish","type":"product","link":"https:\/\/www.honlufoodtrailer.com\/cs\/product\/12ft-rolled-ice-cream-trailer\/","title":{"rendered":"12ft Rolled Ice Cream Trailer"},"content":{"rendered":"<p>Are you interested in starting a rolled ice cream trailer on summer days? See this 12ft rolled ice cream trailer here! It is a 3.6m rolled ice cream trailer we have manufactured for one of our customers. With a compact structure and reasonable price, this 12ft rolled ice cream trailer is a good choice for beginners. Now, let&#8217;s see this ice cream trailer first!<\/p>\n<p><img fetchpriority=\"high\" decoding=\"async\" class=\"aligncenter size-full wp-image-7663\" src=\"https:\/\/www.honlufoodtrailer.com\/wp-content\/uploads\/2024\/05\/12ft-rolled-ice-cream-trailer.jpg\" alt=\"12ft rolled ice cream trailer\" width=\"720\" height=\"540\" srcset=\"https:\/\/www.honlufoodtrailer.com\/wp-content\/uploads\/2024\/05\/12ft-rolled-ice-cream-trailer.jpg 720w, https:\/\/www.honlufoodtrailer.com\/wp-content\/uploads\/2024\/05\/12ft-rolled-ice-cream-trailer-480x360.jpg 480w, https:\/\/www.honlufoodtrailer.com\/wp-content\/uploads\/2024\/05\/12ft-rolled-ice-cream-trailer-300x225.jpg 300w\" sizes=\"(max-width: 720px) 100vw, 720px\" \/><\/p>\n<p>As we can see from the pictures above, this rolled ice cream concession trailer has a simple design. In the front of the trailer, we have made a big window according to the customer&#8217;s requirements. After receiving the ice cream trailer, our customer will decorate it as she likes.<\/p>\n<h3>Inner detail of This 12ft Rolled Ice Cream Trailer<\/h3>\n<p>As you can see from the picture below, we have equipped this food trailer with a work table, two sinks, a range hood, a rolled ice cream machine etc. The internal structure of the entire fried ice cream trailer is reasonable and compact. With the above equipment, our customer will be able to supply rolled ice cream on summer days.<\/p>\n<p><img decoding=\"async\" class=\"aligncenter size-full wp-image-7661\" src=\"https:\/\/www.honlufoodtrailer.com\/wp-content\/uploads\/2024\/05\/12ft-rolled-ice-cream-trailer-inner-view.jpg\" alt=\"12ft rolled ice cream trailer inner view\" width=\"720\" height=\"540\" srcset=\"https:\/\/www.honlufoodtrailer.com\/wp-content\/uploads\/2024\/05\/12ft-rolled-ice-cream-trailer-inner-view.jpg 720w, https:\/\/www.honlufoodtrailer.com\/wp-content\/uploads\/2024\/05\/12ft-rolled-ice-cream-trailer-inner-view-480x360.jpg 480w, https:\/\/www.honlufoodtrailer.com\/wp-content\/uploads\/2024\/05\/12ft-rolled-ice-cream-trailer-inner-view-300x225.jpg 300w\" sizes=\"(max-width: 720px) 100vw, 720px\" \/> <img decoding=\"async\" class=\"aligncenter size-full wp-image-7664\" src=\"https:\/\/www.honlufoodtrailer.com\/wp-content\/uploads\/2024\/05\/rolled-ice-cream-machine.jpg\" alt=\"rolled ice cream machine\" width=\"720\" height=\"540\" srcset=\"https:\/\/www.honlufoodtrailer.com\/wp-content\/uploads\/2024\/05\/rolled-ice-cream-machine.jpg 720w, https:\/\/www.honlufoodtrailer.com\/wp-content\/uploads\/2024\/05\/rolled-ice-cream-machine-480x360.jpg 480w, https:\/\/www.honlufoodtrailer.com\/wp-content\/uploads\/2024\/05\/rolled-ice-cream-machine-300x225.jpg 300w\" sizes=\"(max-width: 720px) 100vw, 720px\" \/><\/p>\n<h3>More details of This 12ft Rolled Ice Cream Trailer<\/h3>\n<p>See more details of this 12ft rolled ice concession trailer. We can customize an ice cream trailer according to the requirements of your country.<img loading=\"lazy\" decoding=\"async\" class=\"aligncenter size-full wp-image-7666\" src=\"https:\/\/www.honlufoodtrailer.com\/wp-content\/uploads\/2024\/05\/12ft-rolled-ice-cream-trailer-details.jpg\" alt=\"12ft rolled ice cream trailer details\" width=\"800\" height=\"800\" srcset=\"https:\/\/www.honlufoodtrailer.com\/wp-content\/uploads\/2024\/05\/12ft-rolled-ice-cream-trailer-details.jpg 800w, https:\/\/www.honlufoodtrailer.com\/wp-content\/uploads\/2024\/05\/12ft-rolled-ice-cream-trailer-details-768x768.jpg 768w, https:\/\/www.honlufoodtrailer.com\/wp-content\/uploads\/2024\/05\/12ft-rolled-ice-cream-trailer-details-360x360.jpg 360w, https:\/\/www.honlufoodtrailer.com\/wp-content\/uploads\/2024\/05\/12ft-rolled-ice-cream-trailer-details-300x300.jpg 300w, https:\/\/www.honlufoodtrailer.com\/wp-content\/uploads\/2024\/05\/12ft-rolled-ice-cream-trailer-details-720x720.jpg 720w, https:\/\/www.honlufoodtrailer.com\/wp-content\/uploads\/2024\/05\/12ft-rolled-ice-cream-trailer-details-100x100.jpg 100w\" sizes=\"(max-width: 800px) 100vw, 800px\" \/><\/p>\n<h3>What You Can Get From Us<\/h3>\n<p>We can manufacture a similar rolled ice cream trailer for sale like this one, or customize a special one for you. The body color, stickers, signage, and kitchen equipment of the trailer can be customized. What you need to do is just contact us and tell us your detailed requirements.<\/p>\n<p>Rolled ice cream trailers are very popular in summer days, many people like to have cold drinks on summer days. If you want to start a small food trailer business that won&#8217;t cost that much money, this 12ft ice cream trailer will be a good choice for you.<\/p>\n<h3><b class=\"magic-22\"><span class=\"magic-11\">\u00a0Main Features Of Our Rolled Ice Cream Trailer For Sale<\/span><\/b><\/h3>\n<div class=\"magic-2\">\n<div class=\"magic-3\">\n<div class=\"magic-4\">1. Low-cost and environmentally no smoke and noise, easy to move to any place.<br \/>\n2. It has heat resistance, high color fastness, no deformation, waterproof, and long service life.<br \/>\n3. The main material is stainless steel, and the flatform (table) will not get rusted.<\/div>\n<\/div>\n<\/div>","protected":false},"excerpt":{"rendered":"<p>This is a custom-made 12ft rolled ice cream trailer for sale. As we all know, cold drinks are very popular on summer days. Therefore, it is a good choice for people to start a rolled ice cream trailer business on summer days. We can make a similar one like this or customize one for you. Just don&#8217;t hesitate to contact us and tell us your detailed requirements!<\/p>","protected":false},"featured_media":7664,"template":"","meta":{"_themeisle_gutenberg_block_has_review":false},"product_brand":[],"product_cat":[26],"product_tag":[110,33,60,61,111,38],"class_list":{"0":"post-7656","1":"product","2":"type-product","3":"status-publish","4":"has-post-thumbnail","6":"product_cat-product","7":"product_tag-12ft-food-trailer","8":"product_tag-customized-trailer","9":"product_tag-fast-food-trailer","10":"product_tag-fast-food-trailer-for-sale","11":"product_tag-ice-cream-trailer","12":"product_tag-mobile-food-trailer","14":"first","15":"instock","16":"shipping-taxable","17":"product-type-simple"},"yoast_head":"<!-- This site is optimized with the Yoast SEO plugin v27.3 - https:\/\/yoast.com\/product\/yoast-seo-wordpress\/ -->\n<title>Rolled Ice Cream Trailer From China - Honlu Food Trailer<\/title>\n<meta name=\"description\" content=\"Want to start a rolled ice cream trailer in summer days? see this 12ft fried ice cream trailer at a competitive price now! Click to see!\" \/>\n<meta name=\"robots\" content=\"index, follow, max-snippet:-1, max-image-preview:large, max-video-preview:-1\" \/>\n<link rel=\"canonical\" href=\"https:\/\/www.honlufoodtrailer.com\/cs\/product\/12ft-rolled-ice-cream-trailer\/\" \/>\n<meta property=\"og:locale\" content=\"cs_CZ\" \/>\n<meta property=\"og:type\" content=\"article\" \/>\n<meta property=\"og:title\" content=\"Rolled Ice Cream Trailer From China - Honlu Food Trailer\" \/>\n<meta property=\"og:description\" content=\"Want to start a rolled ice cream trailer in summer days? see this 12ft fried ice cream trailer at a competitive price now! Click to see!\" \/>\n<meta property=\"og:url\" content=\"https:\/\/www.honlufoodtrailer.com\/cs\/product\/12ft-rolled-ice-cream-trailer\/\" \/>\n<meta property=\"og:site_name\" content=\"Honlu food trailer\" \/>\n<meta property=\"article:modified_time\" content=\"2025-02-14T06:52:09+00:00\" \/>\n<meta property=\"og:image\" content=\"https:\/\/www.honlufoodtrailer.com\/wp-content\/uploads\/2024\/05\/rolled-ice-cream-machine.jpg\" \/>\n\t<meta property=\"og:image:width\" content=\"720\" \/>\n\t<meta property=\"og:image:height\" content=\"540\" \/>\n\t<meta property=\"og:image:type\" content=\"image\/jpeg\" \/>\n<meta name=\"twitter:card\" content=\"summary_large_image\" \/>\n<meta name=\"twitter:label1\" content=\"Odhadovan\u00e1 doba \u010dten\u00ed\" \/>\n\t<meta name=\"twitter:data1\" content=\"1 minuta\" \/>\n<script type=\"application\/ld+json\" class=\"yoast-schema-graph\">{\"@context\":\"https:\\\/\\\/schema.org\",\"@graph\":[{\"@type\":\"WebPage\",\"@id\":\"https:\\\/\\\/www.honlufoodtrailer.com\\\/product\\\/12ft-rolled-ice-cream-trailer\\\/\",\"url\":\"https:\\\/\\\/www.honlufoodtrailer.com\\\/product\\\/12ft-rolled-ice-cream-trailer\\\/\",\"name\":\"Rolled Ice Cream Trailer From China - Honlu Food Trailer\",\"isPartOf\":{\"@id\":\"https:\\\/\\\/www.honlufoodtrailer.com\\\/#website\"},\"primaryImageOfPage\":{\"@id\":\"https:\\\/\\\/www.honlufoodtrailer.com\\\/product\\\/12ft-rolled-ice-cream-trailer\\\/#primaryimage\"},\"image\":{\"@id\":\"https:\\\/\\\/www.honlufoodtrailer.com\\\/product\\\/12ft-rolled-ice-cream-trailer\\\/#primaryimage\"},\"thumbnailUrl\":\"https:\\\/\\\/www.honlufoodtrailer.com\\\/wp-content\\\/uploads\\\/2024\\\/05\\\/rolled-ice-cream-machine.jpg\",\"datePublished\":\"2024-05-15T07:01:54+00:00\",\"dateModified\":\"2025-02-14T06:52:09+00:00\",\"description\":\"Want to start a rolled ice cream trailer in summer days? see this 12ft fried ice cream trailer at a competitive price now! Click to see!\",\"breadcrumb\":{\"@id\":\"https:\\\/\\\/www.honlufoodtrailer.com\\\/product\\\/12ft-rolled-ice-cream-trailer\\\/#breadcrumb\"},\"inLanguage\":\"cs\",\"potentialAction\":[{\"@type\":\"ReadAction\",\"target\":[\"https:\\\/\\\/www.honlufoodtrailer.com\\\/product\\\/12ft-rolled-ice-cream-trailer\\\/\"]}]},{\"@type\":\"ImageObject\",\"inLanguage\":\"cs\",\"@id\":\"https:\\\/\\\/www.honlufoodtrailer.com\\\/product\\\/12ft-rolled-ice-cream-trailer\\\/#primaryimage\",\"url\":\"https:\\\/\\\/www.honlufoodtrailer.com\\\/wp-content\\\/uploads\\\/2024\\\/05\\\/rolled-ice-cream-machine.jpg\",\"contentUrl\":\"https:\\\/\\\/www.honlufoodtrailer.com\\\/wp-content\\\/uploads\\\/2024\\\/05\\\/rolled-ice-cream-machine.jpg\",\"width\":720,\"height\":540,\"caption\":\"rolled ice cream machine\"},{\"@type\":\"BreadcrumbList\",\"@id\":\"https:\\\/\\\/www.honlufoodtrailer.com\\\/product\\\/12ft-rolled-ice-cream-trailer\\\/#breadcrumb\",\"itemListElement\":[{\"@type\":\"ListItem\",\"position\":1,\"name\":\"Home\",\"item\":\"https:\\\/\\\/www.honlufoodtrailer.com\\\/\"},{\"@type\":\"ListItem\",\"position\":2,\"name\":\"\u4ea7\u54c1\",\"item\":\"https:\\\/\\\/www.honlufoodtrailer.com\\\/shop\\\/\"},{\"@type\":\"ListItem\",\"position\":3,\"name\":\"12ft Rolled Ice Cream Trailer\"}]},{\"@type\":\"WebSite\",\"@id\":\"https:\\\/\\\/www.honlufoodtrailer.com\\\/#website\",\"url\":\"https:\\\/\\\/www.honlufoodtrailer.com\\\/\",\"name\":\"Honlu food trailer\",\"description\":\"\",\"publisher\":{\"@id\":\"https:\\\/\\\/www.honlufoodtrailer.com\\\/#organization\"},\"potentialAction\":[{\"@type\":\"SearchAction\",\"target\":{\"@type\":\"EntryPoint\",\"urlTemplate\":\"https:\\\/\\\/www.honlufoodtrailer.com\\\/?s={search_term_string}\"},\"query-input\":{\"@type\":\"PropertyValueSpecification\",\"valueRequired\":true,\"valueName\":\"search_term_string\"}}],\"inLanguage\":\"cs\"},{\"@type\":\"Organization\",\"@id\":\"https:\\\/\\\/www.honlufoodtrailer.com\\\/#organization\",\"name\":\"Honlu food trailer\",\"url\":\"https:\\\/\\\/www.honlufoodtrailer.com\\\/\",\"logo\":{\"@type\":\"ImageObject\",\"inLanguage\":\"cs\",\"@id\":\"https:\\\/\\\/www.honlufoodtrailer.com\\\/#\\\/schema\\\/logo\\\/image\\\/\",\"url\":\"https:\\\/\\\/www.honlufoodtrailer.com\\\/wp-content\\\/uploads\\\/2021\\\/12\\\/2.gif\",\"contentUrl\":\"https:\\\/\\\/www.honlufoodtrailer.com\\\/wp-content\\\/uploads\\\/2021\\\/12\\\/2.gif\",\"width\":350,\"height\":100,\"caption\":\"Honlu food trailer\"},\"image\":{\"@id\":\"https:\\\/\\\/www.honlufoodtrailer.com\\\/#\\\/schema\\\/logo\\\/image\\\/\"}}]}<\/script>\n<!-- \/ Yoast SEO plugin. -->","yoast_head_json":{"title":"Rolled Ice Cream Trailer From China - Honlu Food Trailer","description":"Want to start a rolled ice cream trailer in summer days? see this 12ft fried ice cream trailer at a competitive price now! Click to see!","robots":{"index":"index","follow":"follow","max-snippet":"max-snippet:-1","max-image-preview":"max-image-preview:large","max-video-preview":"max-video-preview:-1"},"canonical":"https:\/\/www.honlufoodtrailer.com\/cs\/product\/12ft-rolled-ice-cream-trailer\/","og_locale":"cs_CZ","og_type":"article","og_title":"Rolled Ice Cream Trailer From China - Honlu Food Trailer","og_description":"Want to start a rolled ice cream trailer in summer days? see this 12ft fried ice cream trailer at a competitive price now! Click to see!","og_url":"https:\/\/www.honlufoodtrailer.com\/cs\/product\/12ft-rolled-ice-cream-trailer\/","og_site_name":"Honlu food trailer","article_modified_time":"2025-02-14T06:52:09+00:00","og_image":[{"width":720,"height":540,"url":"https:\/\/www.honlufoodtrailer.com\/wp-content\/uploads\/2024\/05\/rolled-ice-cream-machine.jpg","type":"image\/jpeg"}],"twitter_card":"summary_large_image","twitter_misc":{"Odhadovan\u00e1 doba \u010dten\u00ed":"1 minuta"},"schema":{"@context":"https:\/\/schema.org","@graph":[{"@type":"WebPage","@id":"https:\/\/www.honlufoodtrailer.com\/product\/12ft-rolled-ice-cream-trailer\/","url":"https:\/\/www.honlufoodtrailer.com\/product\/12ft-rolled-ice-cream-trailer\/","name":"Rolled Ice Cream Trailer From China - Honlu Food Trailer","isPartOf":{"@id":"https:\/\/www.honlufoodtrailer.com\/#website"},"primaryImageOfPage":{"@id":"https:\/\/www.honlufoodtrailer.com\/product\/12ft-rolled-ice-cream-trailer\/#primaryimage"},"image":{"@id":"https:\/\/www.honlufoodtrailer.com\/product\/12ft-rolled-ice-cream-trailer\/#primaryimage"},"thumbnailUrl":"https:\/\/www.honlufoodtrailer.com\/wp-content\/uploads\/2024\/05\/rolled-ice-cream-machine.jpg","datePublished":"2024-05-15T07:01:54+00:00","dateModified":"2025-02-14T06:52:09+00:00","description":"Want to start a rolled ice cream trailer in summer days? see this 12ft fried ice cream trailer at a competitive price now! Click to see!","breadcrumb":{"@id":"https:\/\/www.honlufoodtrailer.com\/product\/12ft-rolled-ice-cream-trailer\/#breadcrumb"},"inLanguage":"cs","potentialAction":[{"@type":"ReadAction","target":["https:\/\/www.honlufoodtrailer.com\/product\/12ft-rolled-ice-cream-trailer\/"]}]},{"@type":"ImageObject","inLanguage":"cs","@id":"https:\/\/www.honlufoodtrailer.com\/product\/12ft-rolled-ice-cream-trailer\/#primaryimage","url":"https:\/\/www.honlufoodtrailer.com\/wp-content\/uploads\/2024\/05\/rolled-ice-cream-machine.jpg","contentUrl":"https:\/\/www.honlufoodtrailer.com\/wp-content\/uploads\/2024\/05\/rolled-ice-cream-machine.jpg","width":720,"height":540,"caption":"rolled ice cream machine"},{"@type":"BreadcrumbList","@id":"https:\/\/www.honlufoodtrailer.com\/product\/12ft-rolled-ice-cream-trailer\/#breadcrumb","itemListElement":[{"@type":"ListItem","position":1,"name":"Home","item":"https:\/\/www.honlufoodtrailer.com\/"},{"@type":"ListItem","position":2,"name":"\u4ea7\u54c1","item":"https:\/\/www.honlufoodtrailer.com\/shop\/"},{"@type":"ListItem","position":3,"name":"12ft Rolled Ice Cream Trailer"}]},{"@type":"WebSite","@id":"https:\/\/www.honlufoodtrailer.com\/#website","url":"https:\/\/www.honlufoodtrailer.com\/","name":"Honlu food trailer","description":"","publisher":{"@id":"https:\/\/www.honlufoodtrailer.com\/#organization"},"potentialAction":[{"@type":"SearchAction","target":{"@type":"EntryPoint","urlTemplate":"https:\/\/www.honlufoodtrailer.com\/?s={search_term_string}"},"query-input":{"@type":"PropertyValueSpecification","valueRequired":true,"valueName":"search_term_string"}}],"inLanguage":"cs"},{"@type":"Organization","@id":"https:\/\/www.honlufoodtrailer.com\/#organization","name":"Honlu food trailer","url":"https:\/\/www.honlufoodtrailer.com\/","logo":{"@type":"ImageObject","inLanguage":"cs","@id":"https:\/\/www.honlufoodtrailer.com\/#\/schema\/logo\/image\/","url":"https:\/\/www.honlufoodtrailer.com\/wp-content\/uploads\/2021\/12\/2.gif","contentUrl":"https:\/\/www.honlufoodtrailer.com\/wp-content\/uploads\/2021\/12\/2.gif","width":350,"height":100,"caption":"Honlu food trailer"},"image":{"@id":"https:\/\/www.honlufoodtrailer.com\/#\/schema\/logo\/image\/"}}]}},"_links":{"self":[{"href":"https:\/\/www.honlufoodtrailer.com\/cs\/wp-json\/wp\/v2\/product\/7656","targetHints":{"allow":["GET"]}}],"collection":[{"href":"https:\/\/www.honlufoodtrailer.com\/cs\/wp-json\/wp\/v2\/product"}],"about":[{"href":"https:\/\/www.honlufoodtrailer.com\/cs\/wp-json\/wp\/v2\/types\/product"}],"version-history":[{"count":3,"href":"https:\/\/www.honlufoodtrailer.com\/cs\/wp-json\/wp\/v2\/product\/7656\/revisions"}],"predecessor-version":[{"id":7668,"href":"https:\/\/www.honlufoodtrailer.com\/cs\/wp-json\/wp\/v2\/product\/7656\/revisions\/7668"}],"wp:featuredmedia":[{"embeddable":true,"href":"https:\/\/www.honlufoodtrailer.com\/cs\/wp-json\/wp\/v2\/media\/7664"}],"wp:attachment":[{"href":"https:\/\/www.honlufoodtrailer.com\/cs\/wp-json\/wp\/v2\/media?parent=7656"}],"wp:term":[{"taxonomy":"product_brand","embeddable":true,"href":"https:\/\/www.honlufoodtrailer.com\/cs\/wp-json\/wp\/v2\/product_brand?post=7656"},{"taxonomy":"product_cat","embeddable":true,"href":"https:\/\/www.honlufoodtrailer.com\/cs\/wp-json\/wp\/v2\/product_cat?post=7656"},{"taxonomy":"product_tag","embeddable":true,"href":"https:\/\/www.honlufoodtrailer.com\/cs\/wp-json\/wp\/v2\/product_tag?post=7656"}],"curies":[{"name":"wp","href":"https:\/\/api.w.org\/{rel}","templated":true}]}}