{"id":7762,"date":"2024-06-01T15:28:37","date_gmt":"2024-06-01T07:28:37","guid":{"rendered":"https:\/\/www.honlufoodtrailer.com\/?post_type=product&#038;p=7762"},"modified":"2025-02-14T14:51:25","modified_gmt":"2025-02-14T06:51:25","slug":"5-7m-mexican-food-trailer","status":"publish","type":"product","link":"https:\/\/www.honlufoodtrailer.com\/cs\/product\/5-7m-mexican-food-trailer\/","title":{"rendered":"5.7m Mexican Food Trailer"},"content":{"rendered":"<p>Are you looking for a Mexican food trailer? See this 5.7m Mexican food trailer here! It is a 5.7m food trailer we have customized for one of our customers from Australia. As we can see from the pictures below, this food trailer has black color in the front and back, white color on both side. Also, there are many patterns on the food trailer body. Now, let&#8217;s see some pictures of this Mexican food trailer first!<\/p>\n<p><img fetchpriority=\"high\" decoding=\"async\" class=\"aligncenter size-full wp-image-7768\" src=\"https:\/\/www.honlufoodtrailer.com\/wp-content\/uploads\/2024\/06\/5.7m-Mexican-food-trailer-front-view.jpg\" alt=\"5.7m Mexican food trailer front view\" width=\"720\" height=\"540\" srcset=\"https:\/\/www.honlufoodtrailer.com\/wp-content\/uploads\/2024\/06\/5.7m-Mexican-food-trailer-front-view.jpg 720w, https:\/\/www.honlufoodtrailer.com\/wp-content\/uploads\/2024\/06\/5.7m-Mexican-food-trailer-front-view-480x360.jpg 480w, https:\/\/www.honlufoodtrailer.com\/wp-content\/uploads\/2024\/06\/5.7m-Mexican-food-trailer-front-view-300x225.jpg 300w\" sizes=\"(max-width: 720px) 100vw, 720px\" \/> <img decoding=\"async\" class=\"aligncenter size-full wp-image-7774\" src=\"https:\/\/www.honlufoodtrailer.com\/wp-content\/uploads\/2024\/06\/5.7m-Mexican-food-trailer.jpg\" alt=\"5.7m Mexican food trailer\" width=\"720\" height=\"540\" srcset=\"https:\/\/www.honlufoodtrailer.com\/wp-content\/uploads\/2024\/06\/5.7m-Mexican-food-trailer.jpg 720w, https:\/\/www.honlufoodtrailer.com\/wp-content\/uploads\/2024\/06\/5.7m-Mexican-food-trailer-480x360.jpg 480w, https:\/\/www.honlufoodtrailer.com\/wp-content\/uploads\/2024\/06\/5.7m-Mexican-food-trailer-300x225.jpg 300w\" sizes=\"(max-width: 720px) 100vw, 720px\" \/><\/p>\n<p>As we can see from the pictures above, this Mexican food trailer has a beautiful and appealing appearance. We customize it to meet the Australian standard. In the front of the food trailer, we have made two big windows according to the customer&#8217;s requirements. Next, let&#8217;s see the inner details of this 5.7m Mexican food trailer.<\/p>\n<h3>Inner Detail of This 5.7m Mexican Food Trailer<\/h3>\n<p>According to the customer&#8217;s requirements, we have equipped this 5.7m Mexican food trailer with a work table, three sinks, a range hood, a gas stove, a deep fryer, a griddle, an air conditioner, a refrigerator etc. With the above equipment, our customer can supply various types of Mexican food.<\/p>\n<p><img decoding=\"async\" class=\"aligncenter size-full wp-image-7769\" src=\"https:\/\/www.honlufoodtrailer.com\/wp-content\/uploads\/2024\/06\/5.7m-Mexican-food-trailer-inner-details.jpg\" alt=\"5.7m Mexican food trailer inner details\" width=\"720\" height=\"540\" srcset=\"https:\/\/www.honlufoodtrailer.com\/wp-content\/uploads\/2024\/06\/5.7m-Mexican-food-trailer-inner-details.jpg 720w, https:\/\/www.honlufoodtrailer.com\/wp-content\/uploads\/2024\/06\/5.7m-Mexican-food-trailer-inner-details-480x360.jpg 480w, https:\/\/www.honlufoodtrailer.com\/wp-content\/uploads\/2024\/06\/5.7m-Mexican-food-trailer-inner-details-300x225.jpg 300w\" sizes=\"(max-width: 720px) 100vw, 720px\" \/><img loading=\"lazy\" decoding=\"async\" class=\"aligncenter size-full wp-image-7777\" src=\"https:\/\/www.honlufoodtrailer.com\/wp-content\/uploads\/2024\/06\/5.7m-Mexican-food-trailer-more-details.jpg\" alt=\"5.7m Mexican food trailer more details\" width=\"800\" height=\"800\" srcset=\"https:\/\/www.honlufoodtrailer.com\/wp-content\/uploads\/2024\/06\/5.7m-Mexican-food-trailer-more-details.jpg 800w, https:\/\/www.honlufoodtrailer.com\/wp-content\/uploads\/2024\/06\/5.7m-Mexican-food-trailer-more-details-768x768.jpg 768w, https:\/\/www.honlufoodtrailer.com\/wp-content\/uploads\/2024\/06\/5.7m-Mexican-food-trailer-more-details-360x360.jpg 360w, https:\/\/www.honlufoodtrailer.com\/wp-content\/uploads\/2024\/06\/5.7m-Mexican-food-trailer-more-details-300x300.jpg 300w, https:\/\/www.honlufoodtrailer.com\/wp-content\/uploads\/2024\/06\/5.7m-Mexican-food-trailer-more-details-720x720.jpg 720w, https:\/\/www.honlufoodtrailer.com\/wp-content\/uploads\/2024\/06\/5.7m-Mexican-food-trailer-more-details-100x100.jpg 100w\" sizes=\"(max-width: 800px) 100vw, 800px\" \/><\/p>\n<h3>More details of This 5.7m Mexican Food Trailer<\/h3>\n<p>See more details of this 5.7m Mexican food concession trailer. We can customize a food trailer according to the requirements of your country.<img loading=\"lazy\" decoding=\"async\" class=\"aligncenter size-full wp-image-7779\" src=\"https:\/\/www.honlufoodtrailer.com\/wp-content\/uploads\/2024\/06\/5.7m-Mexican-food-trailer-details-1.jpg\" alt=\"5.7m Mexican food trailer details\" width=\"800\" height=\"800\" srcset=\"https:\/\/www.honlufoodtrailer.com\/wp-content\/uploads\/2024\/06\/5.7m-Mexican-food-trailer-details-1.jpg 800w, https:\/\/www.honlufoodtrailer.com\/wp-content\/uploads\/2024\/06\/5.7m-Mexican-food-trailer-details-1-768x768.jpg 768w, https:\/\/www.honlufoodtrailer.com\/wp-content\/uploads\/2024\/06\/5.7m-Mexican-food-trailer-details-1-360x360.jpg 360w, https:\/\/www.honlufoodtrailer.com\/wp-content\/uploads\/2024\/06\/5.7m-Mexican-food-trailer-details-1-300x300.jpg 300w, https:\/\/www.honlufoodtrailer.com\/wp-content\/uploads\/2024\/06\/5.7m-Mexican-food-trailer-details-1-720x720.jpg 720w, https:\/\/www.honlufoodtrailer.com\/wp-content\/uploads\/2024\/06\/5.7m-Mexican-food-trailer-details-1-100x100.jpg 100w\" sizes=\"(max-width: 800px) 100vw, 800px\" \/><\/p>\n<h3>What You Can Get From Us<\/h3>\n<p>We can manufacture a similar Mexican food trailer for sale like this one, or customize a special one for you. The body color, stickers, signage, and kitchen equipment of the trailer can be customized. What you need to do is just contact us and tell us your detailed requirements.<\/p>\n<p>Mexican food is very popular, many people like to eat Mexican food such as taco, quesadilla, fajitas, chilaquiles, tostada etc. If you want to start a mobile Mexican food trailer business, this 5.7m Mexican food trailer will be a good choice for you.<\/p>\n<h3><b class=\"magic-22\"><span class=\"magic-11\">\u00a0Main Features Of Our Customized <\/span><\/b>Mexican Food Trailer<\/h3>\n<div class=\"magic-2\">\n<div class=\"magic-3\">\n<div class=\"magic-4\">1. It is made of high quality stainless steel, which is corrosion-resistant and durable.<br \/>\n2. It has the features of heat resistance, high color fastness, waterproof, and long service life.<br \/>\n3. The exterior and interior of the food trailer can be customized.<\/div>\n<\/div>\n<\/div>","protected":false},"excerpt":{"rendered":"<p>This is a custom-made 5.7m Mexican food trailer. It is a good choice for customers who want to start a mobile food trailer business. We can make a similar one like this or customize one for you. Just don&#8217;t hesitate to contact us and tell us your detailed requirements!<\/p>","protected":false},"featured_media":7767,"template":"","meta":{"_themeisle_gutenberg_block_has_review":false},"product_brand":[],"product_cat":[26],"product_tag":[86,33,60,61,109,38],"class_list":{"0":"post-7762","1":"product","2":"type-product","3":"status-publish","4":"has-post-thumbnail","6":"product_cat-product","7":"product_tag-18-7ft-food-trailer","8":"product_tag-customized-trailer","9":"product_tag-fast-food-trailer","10":"product_tag-fast-food-trailer-for-sale","11":"product_tag-mexican-food-trailer","12":"product_tag-mobile-food-trailer","14":"first","15":"instock","16":"shipping-taxable","17":"product-type-simple"},"yoast_head":"<!-- This site is optimized with the Yoast SEO plugin v27.3 - https:\/\/yoast.com\/product\/yoast-seo-wordpress\/ -->\n<title>5.7m Mexican Food Trailer From China - Honlu Food Trailer<\/title>\n<meta name=\"description\" content=\"Want to start a Mexican food trailer business? see this 5.7m Mexican food trailer at a competitive price now! Click to see its quality!\" \/>\n<meta name=\"robots\" content=\"index, follow, max-snippet:-1, max-image-preview:large, max-video-preview:-1\" \/>\n<link rel=\"canonical\" href=\"https:\/\/www.honlufoodtrailer.com\/cs\/product\/5-7m-mexican-food-trailer\/\" \/>\n<meta property=\"og:locale\" content=\"cs_CZ\" \/>\n<meta property=\"og:type\" content=\"article\" \/>\n<meta property=\"og:title\" content=\"5.7m Mexican Food Trailer From China - Honlu Food Trailer\" \/>\n<meta property=\"og:description\" content=\"Want to start a Mexican food trailer business? see this 5.7m Mexican food trailer at a competitive price now! Click to see its quality!\" \/>\n<meta property=\"og:url\" content=\"https:\/\/www.honlufoodtrailer.com\/cs\/product\/5-7m-mexican-food-trailer\/\" \/>\n<meta property=\"og:site_name\" content=\"Honlu food trailer\" \/>\n<meta property=\"article:modified_time\" content=\"2025-02-14T06:51:25+00:00\" \/>\n<meta property=\"og:image\" content=\"https:\/\/www.honlufoodtrailer.com\/wp-content\/uploads\/2024\/06\/5.7m-mexican-food-trailer-for-sale.jpg\" \/>\n\t<meta property=\"og:image:width\" content=\"720\" \/>\n\t<meta property=\"og:image:height\" content=\"540\" \/>\n\t<meta property=\"og:image:type\" content=\"image\/jpeg\" \/>\n<meta name=\"twitter:card\" content=\"summary_large_image\" \/>\n<meta name=\"twitter:label1\" content=\"Odhadovan\u00e1 doba \u010dten\u00ed\" \/>\n\t<meta name=\"twitter:data1\" content=\"1 minuta\" \/>\n<script type=\"application\/ld+json\" class=\"yoast-schema-graph\">{\"@context\":\"https:\\\/\\\/schema.org\",\"@graph\":[{\"@type\":\"WebPage\",\"@id\":\"https:\\\/\\\/www.honlufoodtrailer.com\\\/product\\\/5-7m-mexican-food-trailer\\\/\",\"url\":\"https:\\\/\\\/www.honlufoodtrailer.com\\\/product\\\/5-7m-mexican-food-trailer\\\/\",\"name\":\"5.7m Mexican Food Trailer From China - Honlu Food Trailer\",\"isPartOf\":{\"@id\":\"https:\\\/\\\/www.honlufoodtrailer.com\\\/#website\"},\"primaryImageOfPage\":{\"@id\":\"https:\\\/\\\/www.honlufoodtrailer.com\\\/product\\\/5-7m-mexican-food-trailer\\\/#primaryimage\"},\"image\":{\"@id\":\"https:\\\/\\\/www.honlufoodtrailer.com\\\/product\\\/5-7m-mexican-food-trailer\\\/#primaryimage\"},\"thumbnailUrl\":\"https:\\\/\\\/www.honlufoodtrailer.com\\\/wp-content\\\/uploads\\\/2024\\\/06\\\/5.7m-mexican-food-trailer-for-sale.jpg\",\"datePublished\":\"2024-06-01T07:28:37+00:00\",\"dateModified\":\"2025-02-14T06:51:25+00:00\",\"description\":\"Want to start a Mexican food trailer business? see this 5.7m Mexican food trailer at a competitive price now! Click to see its quality!\",\"breadcrumb\":{\"@id\":\"https:\\\/\\\/www.honlufoodtrailer.com\\\/product\\\/5-7m-mexican-food-trailer\\\/#breadcrumb\"},\"inLanguage\":\"cs\",\"potentialAction\":[{\"@type\":\"ReadAction\",\"target\":[\"https:\\\/\\\/www.honlufoodtrailer.com\\\/product\\\/5-7m-mexican-food-trailer\\\/\"]}]},{\"@type\":\"ImageObject\",\"inLanguage\":\"cs\",\"@id\":\"https:\\\/\\\/www.honlufoodtrailer.com\\\/product\\\/5-7m-mexican-food-trailer\\\/#primaryimage\",\"url\":\"https:\\\/\\\/www.honlufoodtrailer.com\\\/wp-content\\\/uploads\\\/2024\\\/06\\\/5.7m-mexican-food-trailer-for-sale.jpg\",\"contentUrl\":\"https:\\\/\\\/www.honlufoodtrailer.com\\\/wp-content\\\/uploads\\\/2024\\\/06\\\/5.7m-mexican-food-trailer-for-sale.jpg\",\"width\":720,\"height\":540,\"caption\":\"5.7m mexican food trailer for sale\"},{\"@type\":\"BreadcrumbList\",\"@id\":\"https:\\\/\\\/www.honlufoodtrailer.com\\\/product\\\/5-7m-mexican-food-trailer\\\/#breadcrumb\",\"itemListElement\":[{\"@type\":\"ListItem\",\"position\":1,\"name\":\"Home\",\"item\":\"https:\\\/\\\/www.honlufoodtrailer.com\\\/\"},{\"@type\":\"ListItem\",\"position\":2,\"name\":\"\u4ea7\u54c1\",\"item\":\"https:\\\/\\\/www.honlufoodtrailer.com\\\/shop\\\/\"},{\"@type\":\"ListItem\",\"position\":3,\"name\":\"5.7m Mexican Food Trailer\"}]},{\"@type\":\"WebSite\",\"@id\":\"https:\\\/\\\/www.honlufoodtrailer.com\\\/#website\",\"url\":\"https:\\\/\\\/www.honlufoodtrailer.com\\\/\",\"name\":\"Honlu food trailer\",\"description\":\"\",\"publisher\":{\"@id\":\"https:\\\/\\\/www.honlufoodtrailer.com\\\/#organization\"},\"potentialAction\":[{\"@type\":\"SearchAction\",\"target\":{\"@type\":\"EntryPoint\",\"urlTemplate\":\"https:\\\/\\\/www.honlufoodtrailer.com\\\/?s={search_term_string}\"},\"query-input\":{\"@type\":\"PropertyValueSpecification\",\"valueRequired\":true,\"valueName\":\"search_term_string\"}}],\"inLanguage\":\"cs\"},{\"@type\":\"Organization\",\"@id\":\"https:\\\/\\\/www.honlufoodtrailer.com\\\/#organization\",\"name\":\"Honlu food trailer\",\"url\":\"https:\\\/\\\/www.honlufoodtrailer.com\\\/\",\"logo\":{\"@type\":\"ImageObject\",\"inLanguage\":\"cs\",\"@id\":\"https:\\\/\\\/www.honlufoodtrailer.com\\\/#\\\/schema\\\/logo\\\/image\\\/\",\"url\":\"https:\\\/\\\/www.honlufoodtrailer.com\\\/wp-content\\\/uploads\\\/2021\\\/12\\\/2.gif\",\"contentUrl\":\"https:\\\/\\\/www.honlufoodtrailer.com\\\/wp-content\\\/uploads\\\/2021\\\/12\\\/2.gif\",\"width\":350,\"height\":100,\"caption\":\"Honlu food trailer\"},\"image\":{\"@id\":\"https:\\\/\\\/www.honlufoodtrailer.com\\\/#\\\/schema\\\/logo\\\/image\\\/\"}}]}<\/script>\n<!-- \/ Yoast SEO plugin. -->","yoast_head_json":{"title":"5.7m Mexican Food Trailer From China - Honlu Food Trailer","description":"Want to start a Mexican food trailer business? see this 5.7m Mexican food trailer at a competitive price now! Click to see its quality!","robots":{"index":"index","follow":"follow","max-snippet":"max-snippet:-1","max-image-preview":"max-image-preview:large","max-video-preview":"max-video-preview:-1"},"canonical":"https:\/\/www.honlufoodtrailer.com\/cs\/product\/5-7m-mexican-food-trailer\/","og_locale":"cs_CZ","og_type":"article","og_title":"5.7m Mexican Food Trailer From China - Honlu Food Trailer","og_description":"Want to start a Mexican food trailer business? see this 5.7m Mexican food trailer at a competitive price now! Click to see its quality!","og_url":"https:\/\/www.honlufoodtrailer.com\/cs\/product\/5-7m-mexican-food-trailer\/","og_site_name":"Honlu food trailer","article_modified_time":"2025-02-14T06:51:25+00:00","og_image":[{"width":720,"height":540,"url":"https:\/\/www.honlufoodtrailer.com\/wp-content\/uploads\/2024\/06\/5.7m-mexican-food-trailer-for-sale.jpg","type":"image\/jpeg"}],"twitter_card":"summary_large_image","twitter_misc":{"Odhadovan\u00e1 doba \u010dten\u00ed":"1 minuta"},"schema":{"@context":"https:\/\/schema.org","@graph":[{"@type":"WebPage","@id":"https:\/\/www.honlufoodtrailer.com\/product\/5-7m-mexican-food-trailer\/","url":"https:\/\/www.honlufoodtrailer.com\/product\/5-7m-mexican-food-trailer\/","name":"5.7m Mexican Food Trailer From China - Honlu Food Trailer","isPartOf":{"@id":"https:\/\/www.honlufoodtrailer.com\/#website"},"primaryImageOfPage":{"@id":"https:\/\/www.honlufoodtrailer.com\/product\/5-7m-mexican-food-trailer\/#primaryimage"},"image":{"@id":"https:\/\/www.honlufoodtrailer.com\/product\/5-7m-mexican-food-trailer\/#primaryimage"},"thumbnailUrl":"https:\/\/www.honlufoodtrailer.com\/wp-content\/uploads\/2024\/06\/5.7m-mexican-food-trailer-for-sale.jpg","datePublished":"2024-06-01T07:28:37+00:00","dateModified":"2025-02-14T06:51:25+00:00","description":"Want to start a Mexican food trailer business? see this 5.7m Mexican food trailer at a competitive price now! Click to see its quality!","breadcrumb":{"@id":"https:\/\/www.honlufoodtrailer.com\/product\/5-7m-mexican-food-trailer\/#breadcrumb"},"inLanguage":"cs","potentialAction":[{"@type":"ReadAction","target":["https:\/\/www.honlufoodtrailer.com\/product\/5-7m-mexican-food-trailer\/"]}]},{"@type":"ImageObject","inLanguage":"cs","@id":"https:\/\/www.honlufoodtrailer.com\/product\/5-7m-mexican-food-trailer\/#primaryimage","url":"https:\/\/www.honlufoodtrailer.com\/wp-content\/uploads\/2024\/06\/5.7m-mexican-food-trailer-for-sale.jpg","contentUrl":"https:\/\/www.honlufoodtrailer.com\/wp-content\/uploads\/2024\/06\/5.7m-mexican-food-trailer-for-sale.jpg","width":720,"height":540,"caption":"5.7m mexican food trailer for sale"},{"@type":"BreadcrumbList","@id":"https:\/\/www.honlufoodtrailer.com\/product\/5-7m-mexican-food-trailer\/#breadcrumb","itemListElement":[{"@type":"ListItem","position":1,"name":"Home","item":"https:\/\/www.honlufoodtrailer.com\/"},{"@type":"ListItem","position":2,"name":"\u4ea7\u54c1","item":"https:\/\/www.honlufoodtrailer.com\/shop\/"},{"@type":"ListItem","position":3,"name":"5.7m Mexican Food Trailer"}]},{"@type":"WebSite","@id":"https:\/\/www.honlufoodtrailer.com\/#website","url":"https:\/\/www.honlufoodtrailer.com\/","name":"Honlu food trailer","description":"","publisher":{"@id":"https:\/\/www.honlufoodtrailer.com\/#organization"},"potentialAction":[{"@type":"SearchAction","target":{"@type":"EntryPoint","urlTemplate":"https:\/\/www.honlufoodtrailer.com\/?s={search_term_string}"},"query-input":{"@type":"PropertyValueSpecification","valueRequired":true,"valueName":"search_term_string"}}],"inLanguage":"cs"},{"@type":"Organization","@id":"https:\/\/www.honlufoodtrailer.com\/#organization","name":"Honlu food trailer","url":"https:\/\/www.honlufoodtrailer.com\/","logo":{"@type":"ImageObject","inLanguage":"cs","@id":"https:\/\/www.honlufoodtrailer.com\/#\/schema\/logo\/image\/","url":"https:\/\/www.honlufoodtrailer.com\/wp-content\/uploads\/2021\/12\/2.gif","contentUrl":"https:\/\/www.honlufoodtrailer.com\/wp-content\/uploads\/2021\/12\/2.gif","width":350,"height":100,"caption":"Honlu food trailer"},"image":{"@id":"https:\/\/www.honlufoodtrailer.com\/#\/schema\/logo\/image\/"}}]}},"_links":{"self":[{"href":"https:\/\/www.honlufoodtrailer.com\/cs\/wp-json\/wp\/v2\/product\/7762","targetHints":{"allow":["GET"]}}],"collection":[{"href":"https:\/\/www.honlufoodtrailer.com\/cs\/wp-json\/wp\/v2\/product"}],"about":[{"href":"https:\/\/www.honlufoodtrailer.com\/cs\/wp-json\/wp\/v2\/types\/product"}],"version-history":[{"count":3,"href":"https:\/\/www.honlufoodtrailer.com\/cs\/wp-json\/wp\/v2\/product\/7762\/revisions"}],"predecessor-version":[{"id":8802,"href":"https:\/\/www.honlufoodtrailer.com\/cs\/wp-json\/wp\/v2\/product\/7762\/revisions\/8802"}],"wp:featuredmedia":[{"embeddable":true,"href":"https:\/\/www.honlufoodtrailer.com\/cs\/wp-json\/wp\/v2\/media\/7767"}],"wp:attachment":[{"href":"https:\/\/www.honlufoodtrailer.com\/cs\/wp-json\/wp\/v2\/media?parent=7762"}],"wp:term":[{"taxonomy":"product_brand","embeddable":true,"href":"https:\/\/www.honlufoodtrailer.com\/cs\/wp-json\/wp\/v2\/product_brand?post=7762"},{"taxonomy":"product_cat","embeddable":true,"href":"https:\/\/www.honlufoodtrailer.com\/cs\/wp-json\/wp\/v2\/product_cat?post=7762"},{"taxonomy":"product_tag","embeddable":true,"href":"https:\/\/www.honlufoodtrailer.com\/cs\/wp-json\/wp\/v2\/product_tag?post=7762"}],"curies":[{"name":"wp","href":"https:\/\/api.w.org\/{rel}","templated":true}]}}