{"id":8247,"date":"2024-08-23T17:46:53","date_gmt":"2024-08-23T09:46:53","guid":{"rendered":"https:\/\/www.honlufoodtrailer.com\/?post_type=product&#038;p=8247"},"modified":"2025-02-14T14:14:58","modified_gmt":"2025-02-14T06:14:58","slug":"18ft-food-truck-with-full-kitchen","status":"publish","type":"product","link":"https:\/\/www.honlufoodtrailer.com\/cs\/product\/18ft-food-truck-with-full-kitchen\/","title":{"rendered":"18ft Food Truck With Full Kitchen"},"content":{"rendered":"<p>Are you looking for a food truck with full kitchen for your mobile food business? See this one here! Below is a customized 18ft food truck full kitchen. We customized it for a customer from America. The whole vehicle adopts stainless steel and galvanized sheet steel. It is a good choice for running a mobile food business. Now, let&#8217;s see some pictures of this food truck!<\/p>\n<p><img fetchpriority=\"high\" decoding=\"async\" class=\"aligncenter size-full wp-image-8252\" src=\"https:\/\/www.honlufoodtrailer.com\/wp-content\/uploads\/2024\/08\/18ft-food-truck-full-kitchen-front-view.jpg\" alt=\"18ft food truck full kitchen front view\" width=\"720\" height=\"540\" srcset=\"https:\/\/www.honlufoodtrailer.com\/wp-content\/uploads\/2024\/08\/18ft-food-truck-full-kitchen-front-view.jpg 720w, https:\/\/www.honlufoodtrailer.com\/wp-content\/uploads\/2024\/08\/18ft-food-truck-full-kitchen-front-view-480x360.jpg 480w, https:\/\/www.honlufoodtrailer.com\/wp-content\/uploads\/2024\/08\/18ft-food-truck-full-kitchen-front-view-300x225.jpg 300w\" sizes=\"(max-width: 720px) 100vw, 720px\" \/> <img decoding=\"async\" class=\"aligncenter size-full wp-image-8250\" src=\"https:\/\/www.honlufoodtrailer.com\/wp-content\/uploads\/2024\/08\/18ft-food-truck-full-kitchen-back-view.jpg\" alt=\"18ft food truck full kitchen back view\" width=\"720\" height=\"540\" srcset=\"https:\/\/www.honlufoodtrailer.com\/wp-content\/uploads\/2024\/08\/18ft-food-truck-full-kitchen-back-view.jpg 720w, https:\/\/www.honlufoodtrailer.com\/wp-content\/uploads\/2024\/08\/18ft-food-truck-full-kitchen-back-view-480x360.jpg 480w, https:\/\/www.honlufoodtrailer.com\/wp-content\/uploads\/2024\/08\/18ft-food-truck-full-kitchen-back-view-300x225.jpg 300w\" sizes=\"(max-width: 720px) 100vw, 720px\" \/><br \/>\nAs we can see from the pictures above, this food truck with full kitchen has full body stickers and is very appealing to the crowd. It can serve a large number of people. On the outside of the food truck, we installed a taillight, external power supply, etc. that meet American standards. Also, we install a signboard on the top of the food truck according to the customer&#8217;s requirements. Next, let&#8217;s see the usage and inner details of this 18ft food truck full kitchen.<\/p>\n<h3>Usage Of This 18ft Food Truck With Full Kitchen<\/h3>\n<p>Our customer mainly use this food truck to sell fast food such as burgers, french fries, hot dogs, fried chicken, drinks, etc.<\/p>\n<h3>Inner Structure Of This Fast Food Truck<\/h3>\n<p>As we can see from the pictures below, we mainly installed four sinks, two long stainless steel workbenches with storage, several water taps, a gas fryer, a gas griddle, a 4-burner gas stove with oven, a gas bain marie, a salad bar fridge, a drink fridge etc.<\/p>\n<p><img decoding=\"async\" class=\"aligncenter size-full wp-image-8255\" src=\"https:\/\/www.honlufoodtrailer.com\/wp-content\/uploads\/2024\/08\/18ft-food-truck-with-full-kitchen-inner-structure.jpg\" alt=\"18ft food truck with full kitchen inner structure\" width=\"720\" height=\"540\" srcset=\"https:\/\/www.honlufoodtrailer.com\/wp-content\/uploads\/2024\/08\/18ft-food-truck-with-full-kitchen-inner-structure.jpg 720w, https:\/\/www.honlufoodtrailer.com\/wp-content\/uploads\/2024\/08\/18ft-food-truck-with-full-kitchen-inner-structure-480x360.jpg 480w, https:\/\/www.honlufoodtrailer.com\/wp-content\/uploads\/2024\/08\/18ft-food-truck-with-full-kitchen-inner-structure-300x225.jpg 300w\" sizes=\"(max-width: 720px) 100vw, 720px\" \/> <img loading=\"lazy\" decoding=\"async\" class=\"aligncenter size-full wp-image-8257\" src=\"https:\/\/www.honlufoodtrailer.com\/wp-content\/uploads\/2024\/08\/18ft-food-truck-full-kitchen-inner-details.jpg\" alt=\"18ft food truck full kitchen inner details\" width=\"800\" height=\"800\" srcset=\"https:\/\/www.honlufoodtrailer.com\/wp-content\/uploads\/2024\/08\/18ft-food-truck-full-kitchen-inner-details.jpg 800w, https:\/\/www.honlufoodtrailer.com\/wp-content\/uploads\/2024\/08\/18ft-food-truck-full-kitchen-inner-details-768x768.jpg 768w, https:\/\/www.honlufoodtrailer.com\/wp-content\/uploads\/2024\/08\/18ft-food-truck-full-kitchen-inner-details-360x360.jpg 360w, https:\/\/www.honlufoodtrailer.com\/wp-content\/uploads\/2024\/08\/18ft-food-truck-full-kitchen-inner-details-300x300.jpg 300w, https:\/\/www.honlufoodtrailer.com\/wp-content\/uploads\/2024\/08\/18ft-food-truck-full-kitchen-inner-details-720x720.jpg 720w, https:\/\/www.honlufoodtrailer.com\/wp-content\/uploads\/2024\/08\/18ft-food-truck-full-kitchen-inner-details-100x100.jpg 100w\" sizes=\"(max-width: 800px) 100vw, 800px\" \/><\/p>\n<h3>More Details:<\/h3>\n<p>See more details of this full kitchen food truck. As you can see, all accessories are in accordance with US standards. As a professional food trailer manufacturer and exporter with more than 10 years experience, we are familiar with the regulations and requirements of many countries, we will provide you with food trucks that meet your country&#8217;s requirements. Just contact us to customize your food truck!<img loading=\"lazy\" decoding=\"async\" class=\"aligncenter size-full wp-image-8258\" src=\"https:\/\/www.honlufoodtrailer.com\/wp-content\/uploads\/2024\/08\/18ft-food-truck-full-kitchen-more-details.jpg\" alt=\"18ft food truck full kitchen more details\" width=\"800\" height=\"800\" srcset=\"https:\/\/www.honlufoodtrailer.com\/wp-content\/uploads\/2024\/08\/18ft-food-truck-full-kitchen-more-details.jpg 800w, https:\/\/www.honlufoodtrailer.com\/wp-content\/uploads\/2024\/08\/18ft-food-truck-full-kitchen-more-details-768x768.jpg 768w, https:\/\/www.honlufoodtrailer.com\/wp-content\/uploads\/2024\/08\/18ft-food-truck-full-kitchen-more-details-360x360.jpg 360w, https:\/\/www.honlufoodtrailer.com\/wp-content\/uploads\/2024\/08\/18ft-food-truck-full-kitchen-more-details-300x300.jpg 300w, https:\/\/www.honlufoodtrailer.com\/wp-content\/uploads\/2024\/08\/18ft-food-truck-full-kitchen-more-details-720x720.jpg 720w, https:\/\/www.honlufoodtrailer.com\/wp-content\/uploads\/2024\/08\/18ft-food-truck-full-kitchen-more-details-100x100.jpg 100w\" sizes=\"(max-width: 800px) 100vw, 800px\" \/><\/p>\n<h3 class=\"magic-6\" data-spm-anchor-id=\"a2700.wholesale.0.i28.29e52808agqc7f\">Main Features of the Food Truck<\/h3>\n<div class=\"magic-7\">\n<div class=\"magic-8\">\n<div class=\"magic-9\" data-id=\"paragraph0\">\n<ol>\n<li>Meet US standards;<\/li>\n<li>Compact structure and reasonable layout.<\/li>\n<li>Tough quality, at a reasonable price.<\/li>\n<\/ol>\n<h3>Free 2D\/3D floor plan drawing<\/h3>\n<p>After confirming the dimensions of the food trailer and the internal kitchen equipment, we can provide you with 3D drawings for free. This will give you a clearer idea of your design and your food cart. When confirming the location of kitchen equipment, we can clearly communicate with you through the floor plan. We can also provide you with original documents to facilitate your design and make adjustments.<\/p>\n<\/div>\n<\/div>\n<\/div>","protected":false},"excerpt":{"rendered":"<p data-spm-anchor-id=\"a2700.wholesale.0.i28.29e52808agqc7f\">This is a customized 18ft food truck with full kitchen. The whole vehicle adopts stainless steel and galvanized sheet steel. It can be applied to sell fast food and drinks etc. We can manufacture a similar food trailer like this one, or customize one for you. The size, body color, stickers, signage, kitchen equipment of the food trailer can be customized. Plus, all accessories will meet customers&#8217; requirements. Just don&#8217;t hesitate to contact us and tell us your detailed requirements!<\/p>","protected":false},"featured_media":8249,"template":"","meta":{"_themeisle_gutenberg_block_has_review":false},"product_brand":[],"product_cat":[26],"product_tag":[83,33,45,38,51],"class_list":{"0":"post-8247","1":"product","2":"type-product","3":"status-publish","4":"has-post-thumbnail","6":"product_cat-product","7":"product_tag-18ft-food-trailer","8":"product_tag-customized-trailer","9":"product_tag-large-food-trailer","10":"product_tag-mobile-food-trailer","11":"product_tag-square-food-trailer","13":"first","14":"instock","15":"shipping-taxable","16":"product-type-simple"},"yoast_head":"<!-- This site is optimized with the Yoast SEO plugin v27.3 - https:\/\/yoast.com\/product\/yoast-seo-wordpress\/ -->\n<title>18ft Food Truck With Full Kitchen Fom China Factory - Honlu<\/title>\n<meta name=\"description\" content=\"This is a customized 18ft food truck with full kitchen. High quality and appealing appearance, get its price here direct from China factory!\" \/>\n<meta name=\"robots\" content=\"index, follow, max-snippet:-1, max-image-preview:large, max-video-preview:-1\" \/>\n<link rel=\"canonical\" href=\"https:\/\/www.honlufoodtrailer.com\/cs\/product\/18ft-food-truck-with-full-kitchen\/\" \/>\n<meta property=\"og:locale\" content=\"cs_CZ\" \/>\n<meta property=\"og:type\" content=\"article\" \/>\n<meta property=\"og:title\" content=\"18ft Food Truck With Full Kitchen Fom China Factory - Honlu\" \/>\n<meta property=\"og:description\" content=\"This is a customized 18ft food truck with full kitchen. High quality and appealing appearance, get its price here direct from China factory!\" \/>\n<meta property=\"og:url\" content=\"https:\/\/www.honlufoodtrailer.com\/cs\/product\/18ft-food-truck-with-full-kitchen\/\" \/>\n<meta property=\"og:site_name\" content=\"Honlu food trailer\" \/>\n<meta property=\"article:modified_time\" content=\"2025-02-14T06:14:58+00:00\" \/>\n<meta property=\"og:image\" content=\"https:\/\/www.honlufoodtrailer.com\/wp-content\/uploads\/2024\/08\/5.5m-food-truck-full-kitchen.jpg\" \/>\n\t<meta property=\"og:image:width\" content=\"720\" \/>\n\t<meta property=\"og:image:height\" content=\"540\" \/>\n\t<meta property=\"og:image:type\" content=\"image\/jpeg\" \/>\n<meta name=\"twitter:card\" content=\"summary_large_image\" \/>\n<meta name=\"twitter:label1\" content=\"Odhadovan\u00e1 doba \u010dten\u00ed\" \/>\n\t<meta name=\"twitter:data1\" content=\"2 minuty\" \/>\n<script type=\"application\/ld+json\" class=\"yoast-schema-graph\">{\"@context\":\"https:\\\/\\\/schema.org\",\"@graph\":[{\"@type\":\"WebPage\",\"@id\":\"https:\\\/\\\/www.honlufoodtrailer.com\\\/product\\\/18ft-food-truck-with-full-kitchen\\\/\",\"url\":\"https:\\\/\\\/www.honlufoodtrailer.com\\\/product\\\/18ft-food-truck-with-full-kitchen\\\/\",\"name\":\"18ft Food Truck With Full Kitchen Fom China Factory - Honlu\",\"isPartOf\":{\"@id\":\"https:\\\/\\\/www.honlufoodtrailer.com\\\/#website\"},\"primaryImageOfPage\":{\"@id\":\"https:\\\/\\\/www.honlufoodtrailer.com\\\/product\\\/18ft-food-truck-with-full-kitchen\\\/#primaryimage\"},\"image\":{\"@id\":\"https:\\\/\\\/www.honlufoodtrailer.com\\\/product\\\/18ft-food-truck-with-full-kitchen\\\/#primaryimage\"},\"thumbnailUrl\":\"https:\\\/\\\/www.honlufoodtrailer.com\\\/wp-content\\\/uploads\\\/2024\\\/08\\\/5.5m-food-truck-full-kitchen.jpg\",\"datePublished\":\"2024-08-23T09:46:53+00:00\",\"dateModified\":\"2025-02-14T06:14:58+00:00\",\"description\":\"This is a customized 18ft food truck with full kitchen. High quality and appealing appearance, get its price here direct from China factory!\",\"breadcrumb\":{\"@id\":\"https:\\\/\\\/www.honlufoodtrailer.com\\\/product\\\/18ft-food-truck-with-full-kitchen\\\/#breadcrumb\"},\"inLanguage\":\"cs\",\"potentialAction\":[{\"@type\":\"ReadAction\",\"target\":[\"https:\\\/\\\/www.honlufoodtrailer.com\\\/product\\\/18ft-food-truck-with-full-kitchen\\\/\"]}]},{\"@type\":\"ImageObject\",\"inLanguage\":\"cs\",\"@id\":\"https:\\\/\\\/www.honlufoodtrailer.com\\\/product\\\/18ft-food-truck-with-full-kitchen\\\/#primaryimage\",\"url\":\"https:\\\/\\\/www.honlufoodtrailer.com\\\/wp-content\\\/uploads\\\/2024\\\/08\\\/5.5m-food-truck-full-kitchen.jpg\",\"contentUrl\":\"https:\\\/\\\/www.honlufoodtrailer.com\\\/wp-content\\\/uploads\\\/2024\\\/08\\\/5.5m-food-truck-full-kitchen.jpg\",\"width\":720,\"height\":540,\"caption\":\"5.5m food truck full kitchen\"},{\"@type\":\"BreadcrumbList\",\"@id\":\"https:\\\/\\\/www.honlufoodtrailer.com\\\/product\\\/18ft-food-truck-with-full-kitchen\\\/#breadcrumb\",\"itemListElement\":[{\"@type\":\"ListItem\",\"position\":1,\"name\":\"Home\",\"item\":\"https:\\\/\\\/www.honlufoodtrailer.com\\\/\"},{\"@type\":\"ListItem\",\"position\":2,\"name\":\"\u4ea7\u54c1\",\"item\":\"https:\\\/\\\/www.honlufoodtrailer.com\\\/shop\\\/\"},{\"@type\":\"ListItem\",\"position\":3,\"name\":\"18ft Food Truck With Full Kitchen\"}]},{\"@type\":\"WebSite\",\"@id\":\"https:\\\/\\\/www.honlufoodtrailer.com\\\/#website\",\"url\":\"https:\\\/\\\/www.honlufoodtrailer.com\\\/\",\"name\":\"Honlu food trailer\",\"description\":\"\",\"publisher\":{\"@id\":\"https:\\\/\\\/www.honlufoodtrailer.com\\\/#organization\"},\"potentialAction\":[{\"@type\":\"SearchAction\",\"target\":{\"@type\":\"EntryPoint\",\"urlTemplate\":\"https:\\\/\\\/www.honlufoodtrailer.com\\\/?s={search_term_string}\"},\"query-input\":{\"@type\":\"PropertyValueSpecification\",\"valueRequired\":true,\"valueName\":\"search_term_string\"}}],\"inLanguage\":\"cs\"},{\"@type\":\"Organization\",\"@id\":\"https:\\\/\\\/www.honlufoodtrailer.com\\\/#organization\",\"name\":\"Honlu food trailer\",\"url\":\"https:\\\/\\\/www.honlufoodtrailer.com\\\/\",\"logo\":{\"@type\":\"ImageObject\",\"inLanguage\":\"cs\",\"@id\":\"https:\\\/\\\/www.honlufoodtrailer.com\\\/#\\\/schema\\\/logo\\\/image\\\/\",\"url\":\"https:\\\/\\\/www.honlufoodtrailer.com\\\/wp-content\\\/uploads\\\/2021\\\/12\\\/2.gif\",\"contentUrl\":\"https:\\\/\\\/www.honlufoodtrailer.com\\\/wp-content\\\/uploads\\\/2021\\\/12\\\/2.gif\",\"width\":350,\"height\":100,\"caption\":\"Honlu food trailer\"},\"image\":{\"@id\":\"https:\\\/\\\/www.honlufoodtrailer.com\\\/#\\\/schema\\\/logo\\\/image\\\/\"}}]}<\/script>\n<!-- \/ Yoast SEO plugin. -->","yoast_head_json":{"title":"18ft Food Truck With Full Kitchen Fom China Factory - Honlu","description":"This is a customized 18ft food truck with full kitchen. High quality and appealing appearance, get its price here direct from China factory!","robots":{"index":"index","follow":"follow","max-snippet":"max-snippet:-1","max-image-preview":"max-image-preview:large","max-video-preview":"max-video-preview:-1"},"canonical":"https:\/\/www.honlufoodtrailer.com\/cs\/product\/18ft-food-truck-with-full-kitchen\/","og_locale":"cs_CZ","og_type":"article","og_title":"18ft Food Truck With Full Kitchen Fom China Factory - Honlu","og_description":"This is a customized 18ft food truck with full kitchen. High quality and appealing appearance, get its price here direct from China factory!","og_url":"https:\/\/www.honlufoodtrailer.com\/cs\/product\/18ft-food-truck-with-full-kitchen\/","og_site_name":"Honlu food trailer","article_modified_time":"2025-02-14T06:14:58+00:00","og_image":[{"width":720,"height":540,"url":"https:\/\/www.honlufoodtrailer.com\/wp-content\/uploads\/2024\/08\/5.5m-food-truck-full-kitchen.jpg","type":"image\/jpeg"}],"twitter_card":"summary_large_image","twitter_misc":{"Odhadovan\u00e1 doba \u010dten\u00ed":"2 minuty"},"schema":{"@context":"https:\/\/schema.org","@graph":[{"@type":"WebPage","@id":"https:\/\/www.honlufoodtrailer.com\/product\/18ft-food-truck-with-full-kitchen\/","url":"https:\/\/www.honlufoodtrailer.com\/product\/18ft-food-truck-with-full-kitchen\/","name":"18ft Food Truck With Full Kitchen Fom China Factory - Honlu","isPartOf":{"@id":"https:\/\/www.honlufoodtrailer.com\/#website"},"primaryImageOfPage":{"@id":"https:\/\/www.honlufoodtrailer.com\/product\/18ft-food-truck-with-full-kitchen\/#primaryimage"},"image":{"@id":"https:\/\/www.honlufoodtrailer.com\/product\/18ft-food-truck-with-full-kitchen\/#primaryimage"},"thumbnailUrl":"https:\/\/www.honlufoodtrailer.com\/wp-content\/uploads\/2024\/08\/5.5m-food-truck-full-kitchen.jpg","datePublished":"2024-08-23T09:46:53+00:00","dateModified":"2025-02-14T06:14:58+00:00","description":"This is a customized 18ft food truck with full kitchen. High quality and appealing appearance, get its price here direct from China factory!","breadcrumb":{"@id":"https:\/\/www.honlufoodtrailer.com\/product\/18ft-food-truck-with-full-kitchen\/#breadcrumb"},"inLanguage":"cs","potentialAction":[{"@type":"ReadAction","target":["https:\/\/www.honlufoodtrailer.com\/product\/18ft-food-truck-with-full-kitchen\/"]}]},{"@type":"ImageObject","inLanguage":"cs","@id":"https:\/\/www.honlufoodtrailer.com\/product\/18ft-food-truck-with-full-kitchen\/#primaryimage","url":"https:\/\/www.honlufoodtrailer.com\/wp-content\/uploads\/2024\/08\/5.5m-food-truck-full-kitchen.jpg","contentUrl":"https:\/\/www.honlufoodtrailer.com\/wp-content\/uploads\/2024\/08\/5.5m-food-truck-full-kitchen.jpg","width":720,"height":540,"caption":"5.5m food truck full kitchen"},{"@type":"BreadcrumbList","@id":"https:\/\/www.honlufoodtrailer.com\/product\/18ft-food-truck-with-full-kitchen\/#breadcrumb","itemListElement":[{"@type":"ListItem","position":1,"name":"Home","item":"https:\/\/www.honlufoodtrailer.com\/"},{"@type":"ListItem","position":2,"name":"\u4ea7\u54c1","item":"https:\/\/www.honlufoodtrailer.com\/shop\/"},{"@type":"ListItem","position":3,"name":"18ft Food Truck With Full Kitchen"}]},{"@type":"WebSite","@id":"https:\/\/www.honlufoodtrailer.com\/#website","url":"https:\/\/www.honlufoodtrailer.com\/","name":"Honlu food trailer","description":"","publisher":{"@id":"https:\/\/www.honlufoodtrailer.com\/#organization"},"potentialAction":[{"@type":"SearchAction","target":{"@type":"EntryPoint","urlTemplate":"https:\/\/www.honlufoodtrailer.com\/?s={search_term_string}"},"query-input":{"@type":"PropertyValueSpecification","valueRequired":true,"valueName":"search_term_string"}}],"inLanguage":"cs"},{"@type":"Organization","@id":"https:\/\/www.honlufoodtrailer.com\/#organization","name":"Honlu food trailer","url":"https:\/\/www.honlufoodtrailer.com\/","logo":{"@type":"ImageObject","inLanguage":"cs","@id":"https:\/\/www.honlufoodtrailer.com\/#\/schema\/logo\/image\/","url":"https:\/\/www.honlufoodtrailer.com\/wp-content\/uploads\/2021\/12\/2.gif","contentUrl":"https:\/\/www.honlufoodtrailer.com\/wp-content\/uploads\/2021\/12\/2.gif","width":350,"height":100,"caption":"Honlu food trailer"},"image":{"@id":"https:\/\/www.honlufoodtrailer.com\/#\/schema\/logo\/image\/"}}]}},"_links":{"self":[{"href":"https:\/\/www.honlufoodtrailer.com\/cs\/wp-json\/wp\/v2\/product\/8247","targetHints":{"allow":["GET"]}}],"collection":[{"href":"https:\/\/www.honlufoodtrailer.com\/cs\/wp-json\/wp\/v2\/product"}],"about":[{"href":"https:\/\/www.honlufoodtrailer.com\/cs\/wp-json\/wp\/v2\/types\/product"}],"version-history":[{"count":4,"href":"https:\/\/www.honlufoodtrailer.com\/cs\/wp-json\/wp\/v2\/product\/8247\/revisions"}],"predecessor-version":[{"id":8298,"href":"https:\/\/www.honlufoodtrailer.com\/cs\/wp-json\/wp\/v2\/product\/8247\/revisions\/8298"}],"wp:featuredmedia":[{"embeddable":true,"href":"https:\/\/www.honlufoodtrailer.com\/cs\/wp-json\/wp\/v2\/media\/8249"}],"wp:attachment":[{"href":"https:\/\/www.honlufoodtrailer.com\/cs\/wp-json\/wp\/v2\/media?parent=8247"}],"wp:term":[{"taxonomy":"product_brand","embeddable":true,"href":"https:\/\/www.honlufoodtrailer.com\/cs\/wp-json\/wp\/v2\/product_brand?post=8247"},{"taxonomy":"product_cat","embeddable":true,"href":"https:\/\/www.honlufoodtrailer.com\/cs\/wp-json\/wp\/v2\/product_cat?post=8247"},{"taxonomy":"product_tag","embeddable":true,"href":"https:\/\/www.honlufoodtrailer.com\/cs\/wp-json\/wp\/v2\/product_tag?post=8247"}],"curies":[{"name":"wp","href":"https:\/\/api.w.org\/{rel}","templated":true}]}}