{"id":8283,"date":"2024-08-28T18:13:20","date_gmt":"2024-08-28T10:13:20","guid":{"rendered":"https:\/\/www.honlufoodtrailer.com\/?post_type=product&#038;p=8283"},"modified":"2025-02-14T14:05:02","modified_gmt":"2025-02-14T06:05:02","slug":"23ft-taqueria-taco-truck","status":"publish","type":"product","link":"https:\/\/www.honlufoodtrailer.com\/cs\/product\/23ft-taqueria-taco-truck\/","title":{"rendered":"23ft Taqueria Taco Truck"},"content":{"rendered":"<p>Are you looking for a taqueria taco truck? See this 23ft taqueria taco truck here! We have customized it for one of our customers. Our customer will use it to sell Mexican food. We can manufacture a similar food truck like this one, or customize one for you. The body color, stickers, signage, kitchen equipment of the taco truck trailer can be customized. Now, let&#8217;s see some pictures of this food truck!<\/p>\n<p><img fetchpriority=\"high\" decoding=\"async\" class=\"aligncenter size-full wp-image-8290\" src=\"https:\/\/www.honlufoodtrailer.com\/wp-content\/uploads\/2024\/08\/7m-taqueria-truck.jpg\" alt=\"7m taqueria truck\" width=\"720\" height=\"540\" srcset=\"https:\/\/www.honlufoodtrailer.com\/wp-content\/uploads\/2024\/08\/7m-taqueria-truck.jpg 720w, https:\/\/www.honlufoodtrailer.com\/wp-content\/uploads\/2024\/08\/7m-taqueria-truck-480x360.jpg 480w, https:\/\/www.honlufoodtrailer.com\/wp-content\/uploads\/2024\/08\/7m-taqueria-truck-300x225.jpg 300w\" sizes=\"(max-width: 720px) 100vw, 720px\" \/> <img decoding=\"async\" class=\"aligncenter size-full wp-image-8286\" src=\"https:\/\/www.honlufoodtrailer.com\/wp-content\/uploads\/2024\/08\/7m-taco-food-truck.jpg\" alt=\"7m taco food truck\" width=\"720\" height=\"540\" srcset=\"https:\/\/www.honlufoodtrailer.com\/wp-content\/uploads\/2024\/08\/7m-taco-food-truck.jpg 720w, https:\/\/www.honlufoodtrailer.com\/wp-content\/uploads\/2024\/08\/7m-taco-food-truck-480x360.jpg 480w, https:\/\/www.honlufoodtrailer.com\/wp-content\/uploads\/2024\/08\/7m-taco-food-truck-300x225.jpg 300w\" sizes=\"(max-width: 720px) 100vw, 720px\" \/><\/p>\n<p>As we can see from the pictures above, this 7m big taco truck has an appealing color. According to the customer&#8217;s requirements, we made stickers and menus on the front of the food truck. Aslo, there is two big service windows in the front of the food truck for diners to order and pick up their meals. On the top of food truck, we made a signboard. There is a door for entry and exit on the right side of the food truck.<\/p>\n<h2>Usage of this 23ft Taqueria Taco Truck<\/h2>\n<p>Our customer mainly use this food truck to sell many kinds of Mexican food such as mexican tortillas, burrito, quesadilla, caesar salad, mexican grill, nachos. With 23ft large space, This food truck can serve a large number of people. Next, let&#8217;s see the inner view of this taqueria truck.<\/p>\n<p><img decoding=\"async\" class=\"aligncenter size-full wp-image-8289\" src=\"https:\/\/www.honlufoodtrailer.com\/wp-content\/uploads\/2024\/08\/7m-taqueria-taco-truck-inner-view.jpg\" alt=\"7m taqueria taco truck inner view\" width=\"720\" height=\"540\" srcset=\"https:\/\/www.honlufoodtrailer.com\/wp-content\/uploads\/2024\/08\/7m-taqueria-taco-truck-inner-view.jpg 720w, https:\/\/www.honlufoodtrailer.com\/wp-content\/uploads\/2024\/08\/7m-taqueria-taco-truck-inner-view-480x360.jpg 480w, https:\/\/www.honlufoodtrailer.com\/wp-content\/uploads\/2024\/08\/7m-taqueria-taco-truck-inner-view-300x225.jpg 300w\" sizes=\"(max-width: 720px) 100vw, 720px\" \/> <img loading=\"lazy\" decoding=\"async\" class=\"aligncenter size-full wp-image-8294\" src=\"https:\/\/www.honlufoodtrailer.com\/wp-content\/uploads\/2024\/08\/7m-taqueria-taco-truck-inner-structure.jpg\" alt=\"7m taqueria taco truck inner structure\" width=\"800\" height=\"800\" srcset=\"https:\/\/www.honlufoodtrailer.com\/wp-content\/uploads\/2024\/08\/7m-taqueria-taco-truck-inner-structure.jpg 800w, https:\/\/www.honlufoodtrailer.com\/wp-content\/uploads\/2024\/08\/7m-taqueria-taco-truck-inner-structure-768x768.jpg 768w, https:\/\/www.honlufoodtrailer.com\/wp-content\/uploads\/2024\/08\/7m-taqueria-taco-truck-inner-structure-360x360.jpg 360w, https:\/\/www.honlufoodtrailer.com\/wp-content\/uploads\/2024\/08\/7m-taqueria-taco-truck-inner-structure-300x300.jpg 300w, https:\/\/www.honlufoodtrailer.com\/wp-content\/uploads\/2024\/08\/7m-taqueria-taco-truck-inner-structure-720x720.jpg 720w, https:\/\/www.honlufoodtrailer.com\/wp-content\/uploads\/2024\/08\/7m-taqueria-taco-truck-inner-structure-100x100.jpg 100w\" sizes=\"(max-width: 800px) 100vw, 800px\" \/><\/p>\n<p>As we can see from the picture above, we have equipped the 23ft taco food truck with some kitchen equipment. Inside the trailer, there is mainly kitchen equipment such as gas stove, 3+1 sinks, a salad bar refrigerator, a gas griddle, a range hood, an air conditioner etc. With the above kitchen equipment, our customer will be able to serve diners various types of Mexican foods.<\/p>\n<h2><b class=\"magic-22\"><span class=\"magic-11\">More Details:<\/span><\/b><\/h2>\n<p>See more details on the manufacturing of this taqueria taco truck. As a professional food trailer manufacturer and exporter with more than 10 years of experience, we are familiar with the regulations and requirements of many countries, we will provide you with food trucks that meet your country\u2019s requirements. Just contact us to customize your own food truck!<\/p>\n<p><img loading=\"lazy\" decoding=\"async\" class=\"aligncenter size-full wp-image-8295\" src=\"https:\/\/www.honlufoodtrailer.com\/wp-content\/uploads\/2024\/08\/23ft-taqueria-taco-truck-details.jpg\" alt=\"23ft taqueria taco truck details\" width=\"800\" height=\"800\" srcset=\"https:\/\/www.honlufoodtrailer.com\/wp-content\/uploads\/2024\/08\/23ft-taqueria-taco-truck-details.jpg 800w, https:\/\/www.honlufoodtrailer.com\/wp-content\/uploads\/2024\/08\/23ft-taqueria-taco-truck-details-768x768.jpg 768w, https:\/\/www.honlufoodtrailer.com\/wp-content\/uploads\/2024\/08\/23ft-taqueria-taco-truck-details-360x360.jpg 360w, https:\/\/www.honlufoodtrailer.com\/wp-content\/uploads\/2024\/08\/23ft-taqueria-taco-truck-details-300x300.jpg 300w, https:\/\/www.honlufoodtrailer.com\/wp-content\/uploads\/2024\/08\/23ft-taqueria-taco-truck-details-720x720.jpg 720w, https:\/\/www.honlufoodtrailer.com\/wp-content\/uploads\/2024\/08\/23ft-taqueria-taco-truck-details-100x100.jpg 100w\" sizes=\"(max-width: 800px) 100vw, 800px\" \/><\/p>\n<h3>Main Features of This Mobile Taco Truck:<\/h3>\n<p><span class=\"magic-12\">1. 7 meters long, spacious interior;<br \/>\n2. Easy to move to any place (your business is not constrained);<br \/>\n3. Attractive appearance (invisible to attract more customers);<br \/>\n4. Long service life (Corrosion-resistant, heat resistance, waterproof, no deformation).<\/span><\/p>\n<h3>Free 2D\/3D floor plan drawing<\/h3>\n<p>After confirming the dimensions of the food trailer and the internal kitchen equipment, we can provide you with 3D drawings for free. This will give you a clearer idea of your design and your food cart. When confirming the location of kitchen equipment, we can clearly communicate with you through the floor plan. We can also provide you with original documents to facilitate your design and make adjustments.<\/p>\n<h3>More Similar Taco Trucks:<\/h3>\n<p>See some other taco trucks we have customized for our customers. In the following, there is <a href=\"https:\/\/www.honlufoodtrailer.com\/cs\/product\/5-7m-mexican-food-trailer\/\" target=\"_blank\" rel=\"noopener\">5.7m Mexican food trailer<\/a>. <a href=\"https:\/\/www.honlufoodtrailer.com\/cs\/product\/18ft-mexican-food-trailers-for-sale\/\" target=\"_blank\" rel=\"noopener\">18ft Mexican food trailer<\/a>. <a href=\"https:\/\/www.honlufoodtrailer.com\/cs\/product\/26ft-taco-truck-trailer-for-sale\/\" target=\"_blank\" rel=\"noopener\">26ft taco concession trailer<\/a>. If you are interested in any of these food trailers, please don&#8217;t hesitate to contact us now!<\/p>","protected":false},"excerpt":{"rendered":"<p>This is one of our custom-made 23ft taqueria taco truck. The whole vehicle adopts stainless steel and galvanized sheet steel. Our customer mainly use it to sell Mexican food. <strong>Please click the following tabs to see more details of this food trailer<\/strong>. We can customize the exterior and interior of a food truck according to your detailed requirements. Just don&#8217;t hesitate to contact us and tell us your actual demand!<\/p>","protected":false},"featured_media":8285,"template":"","meta":{"_themeisle_gutenberg_block_has_review":false},"product_brand":[],"product_cat":[26],"product_tag":[33,62,63,84,64],"class_list":{"0":"post-8283","1":"product","2":"type-product","3":"status-publish","4":"has-post-thumbnail","6":"product_cat-product","7":"product_tag-customized-trailer","8":"product_tag-taco-food-trailer","9":"product_tag-taco-food-trailer-for-sale","10":"product_tag-taco-truck","11":"product_tag-taco-truck-trailer","13":"first","14":"instock","15":"shipping-taxable","16":"product-type-simple"},"yoast_head":"<!-- This site is optimized with the Yoast SEO plugin v27.3 - https:\/\/yoast.com\/product\/yoast-seo-wordpress\/ -->\n<title>Factory Price 23ft Taqueria Taco Truck From China - Honlu<\/title>\n<meta name=\"description\" content=\"This is a 23ft taqueria taco truck we have customized for an American customer. Get a similar or customized one at factory price now!\" \/>\n<meta name=\"robots\" content=\"index, follow, max-snippet:-1, max-image-preview:large, max-video-preview:-1\" \/>\n<link rel=\"canonical\" href=\"https:\/\/www.honlufoodtrailer.com\/cs\/product\/23ft-taqueria-taco-truck\/\" \/>\n<meta property=\"og:locale\" content=\"cs_CZ\" \/>\n<meta property=\"og:type\" content=\"article\" \/>\n<meta property=\"og:title\" content=\"Factory Price 23ft Taqueria Taco Truck From China - Honlu\" \/>\n<meta property=\"og:description\" content=\"This is a 23ft taqueria taco truck we have customized for an American customer. Get a similar or customized one at factory price now!\" \/>\n<meta property=\"og:url\" content=\"https:\/\/www.honlufoodtrailer.com\/cs\/product\/23ft-taqueria-taco-truck\/\" \/>\n<meta property=\"og:site_name\" content=\"Honlu food trailer\" \/>\n<meta property=\"article:modified_time\" content=\"2025-02-14T06:05:02+00:00\" \/>\n<meta property=\"og:image\" content=\"https:\/\/www.honlufoodtrailer.com\/wp-content\/uploads\/2024\/08\/7m-mobile-taco-truck.jpg\" \/>\n\t<meta property=\"og:image:width\" content=\"720\" \/>\n\t<meta property=\"og:image:height\" content=\"540\" \/>\n\t<meta property=\"og:image:type\" content=\"image\/jpeg\" \/>\n<meta name=\"twitter:card\" content=\"summary_large_image\" \/>\n<meta name=\"twitter:label1\" content=\"Odhadovan\u00e1 doba \u010dten\u00ed\" \/>\n\t<meta name=\"twitter:data1\" content=\"1 minuta\" \/>\n<script type=\"application\/ld+json\" class=\"yoast-schema-graph\">{\"@context\":\"https:\\\/\\\/schema.org\",\"@graph\":[{\"@type\":\"WebPage\",\"@id\":\"https:\\\/\\\/www.honlufoodtrailer.com\\\/product\\\/23ft-taqueria-taco-truck\\\/\",\"url\":\"https:\\\/\\\/www.honlufoodtrailer.com\\\/product\\\/23ft-taqueria-taco-truck\\\/\",\"name\":\"Factory Price 23ft Taqueria Taco Truck From China - Honlu\",\"isPartOf\":{\"@id\":\"https:\\\/\\\/www.honlufoodtrailer.com\\\/#website\"},\"primaryImageOfPage\":{\"@id\":\"https:\\\/\\\/www.honlufoodtrailer.com\\\/product\\\/23ft-taqueria-taco-truck\\\/#primaryimage\"},\"image\":{\"@id\":\"https:\\\/\\\/www.honlufoodtrailer.com\\\/product\\\/23ft-taqueria-taco-truck\\\/#primaryimage\"},\"thumbnailUrl\":\"https:\\\/\\\/www.honlufoodtrailer.com\\\/wp-content\\\/uploads\\\/2024\\\/08\\\/7m-mobile-taco-truck.jpg\",\"datePublished\":\"2024-08-28T10:13:20+00:00\",\"dateModified\":\"2025-02-14T06:05:02+00:00\",\"description\":\"This is a 23ft taqueria taco truck we have customized for an American customer. Get a similar or customized one at factory price now!\",\"breadcrumb\":{\"@id\":\"https:\\\/\\\/www.honlufoodtrailer.com\\\/product\\\/23ft-taqueria-taco-truck\\\/#breadcrumb\"},\"inLanguage\":\"cs\",\"potentialAction\":[{\"@type\":\"ReadAction\",\"target\":[\"https:\\\/\\\/www.honlufoodtrailer.com\\\/product\\\/23ft-taqueria-taco-truck\\\/\"]}]},{\"@type\":\"ImageObject\",\"inLanguage\":\"cs\",\"@id\":\"https:\\\/\\\/www.honlufoodtrailer.com\\\/product\\\/23ft-taqueria-taco-truck\\\/#primaryimage\",\"url\":\"https:\\\/\\\/www.honlufoodtrailer.com\\\/wp-content\\\/uploads\\\/2024\\\/08\\\/7m-mobile-taco-truck.jpg\",\"contentUrl\":\"https:\\\/\\\/www.honlufoodtrailer.com\\\/wp-content\\\/uploads\\\/2024\\\/08\\\/7m-mobile-taco-truck.jpg\",\"width\":720,\"height\":540,\"caption\":\"7m mobile taco truck\"},{\"@type\":\"BreadcrumbList\",\"@id\":\"https:\\\/\\\/www.honlufoodtrailer.com\\\/product\\\/23ft-taqueria-taco-truck\\\/#breadcrumb\",\"itemListElement\":[{\"@type\":\"ListItem\",\"position\":1,\"name\":\"Home\",\"item\":\"https:\\\/\\\/www.honlufoodtrailer.com\\\/\"},{\"@type\":\"ListItem\",\"position\":2,\"name\":\"\u4ea7\u54c1\",\"item\":\"https:\\\/\\\/www.honlufoodtrailer.com\\\/shop\\\/\"},{\"@type\":\"ListItem\",\"position\":3,\"name\":\"23ft Taqueria Taco Truck\"}]},{\"@type\":\"WebSite\",\"@id\":\"https:\\\/\\\/www.honlufoodtrailer.com\\\/#website\",\"url\":\"https:\\\/\\\/www.honlufoodtrailer.com\\\/\",\"name\":\"Honlu food trailer\",\"description\":\"\",\"publisher\":{\"@id\":\"https:\\\/\\\/www.honlufoodtrailer.com\\\/#organization\"},\"potentialAction\":[{\"@type\":\"SearchAction\",\"target\":{\"@type\":\"EntryPoint\",\"urlTemplate\":\"https:\\\/\\\/www.honlufoodtrailer.com\\\/?s={search_term_string}\"},\"query-input\":{\"@type\":\"PropertyValueSpecification\",\"valueRequired\":true,\"valueName\":\"search_term_string\"}}],\"inLanguage\":\"cs\"},{\"@type\":\"Organization\",\"@id\":\"https:\\\/\\\/www.honlufoodtrailer.com\\\/#organization\",\"name\":\"Honlu food trailer\",\"url\":\"https:\\\/\\\/www.honlufoodtrailer.com\\\/\",\"logo\":{\"@type\":\"ImageObject\",\"inLanguage\":\"cs\",\"@id\":\"https:\\\/\\\/www.honlufoodtrailer.com\\\/#\\\/schema\\\/logo\\\/image\\\/\",\"url\":\"https:\\\/\\\/www.honlufoodtrailer.com\\\/wp-content\\\/uploads\\\/2021\\\/12\\\/2.gif\",\"contentUrl\":\"https:\\\/\\\/www.honlufoodtrailer.com\\\/wp-content\\\/uploads\\\/2021\\\/12\\\/2.gif\",\"width\":350,\"height\":100,\"caption\":\"Honlu food trailer\"},\"image\":{\"@id\":\"https:\\\/\\\/www.honlufoodtrailer.com\\\/#\\\/schema\\\/logo\\\/image\\\/\"}}]}<\/script>\n<!-- \/ Yoast SEO plugin. -->","yoast_head_json":{"title":"Factory Price 23ft Taqueria Taco Truck From China - Honlu","description":"This is a 23ft taqueria taco truck we have customized for an American customer. Get a similar or customized one at factory price now!","robots":{"index":"index","follow":"follow","max-snippet":"max-snippet:-1","max-image-preview":"max-image-preview:large","max-video-preview":"max-video-preview:-1"},"canonical":"https:\/\/www.honlufoodtrailer.com\/cs\/product\/23ft-taqueria-taco-truck\/","og_locale":"cs_CZ","og_type":"article","og_title":"Factory Price 23ft Taqueria Taco Truck From China - Honlu","og_description":"This is a 23ft taqueria taco truck we have customized for an American customer. Get a similar or customized one at factory price now!","og_url":"https:\/\/www.honlufoodtrailer.com\/cs\/product\/23ft-taqueria-taco-truck\/","og_site_name":"Honlu food trailer","article_modified_time":"2025-02-14T06:05:02+00:00","og_image":[{"width":720,"height":540,"url":"https:\/\/www.honlufoodtrailer.com\/wp-content\/uploads\/2024\/08\/7m-mobile-taco-truck.jpg","type":"image\/jpeg"}],"twitter_card":"summary_large_image","twitter_misc":{"Odhadovan\u00e1 doba \u010dten\u00ed":"1 minuta"},"schema":{"@context":"https:\/\/schema.org","@graph":[{"@type":"WebPage","@id":"https:\/\/www.honlufoodtrailer.com\/product\/23ft-taqueria-taco-truck\/","url":"https:\/\/www.honlufoodtrailer.com\/product\/23ft-taqueria-taco-truck\/","name":"Factory Price 23ft Taqueria Taco Truck From China - Honlu","isPartOf":{"@id":"https:\/\/www.honlufoodtrailer.com\/#website"},"primaryImageOfPage":{"@id":"https:\/\/www.honlufoodtrailer.com\/product\/23ft-taqueria-taco-truck\/#primaryimage"},"image":{"@id":"https:\/\/www.honlufoodtrailer.com\/product\/23ft-taqueria-taco-truck\/#primaryimage"},"thumbnailUrl":"https:\/\/www.honlufoodtrailer.com\/wp-content\/uploads\/2024\/08\/7m-mobile-taco-truck.jpg","datePublished":"2024-08-28T10:13:20+00:00","dateModified":"2025-02-14T06:05:02+00:00","description":"This is a 23ft taqueria taco truck we have customized for an American customer. Get a similar or customized one at factory price now!","breadcrumb":{"@id":"https:\/\/www.honlufoodtrailer.com\/product\/23ft-taqueria-taco-truck\/#breadcrumb"},"inLanguage":"cs","potentialAction":[{"@type":"ReadAction","target":["https:\/\/www.honlufoodtrailer.com\/product\/23ft-taqueria-taco-truck\/"]}]},{"@type":"ImageObject","inLanguage":"cs","@id":"https:\/\/www.honlufoodtrailer.com\/product\/23ft-taqueria-taco-truck\/#primaryimage","url":"https:\/\/www.honlufoodtrailer.com\/wp-content\/uploads\/2024\/08\/7m-mobile-taco-truck.jpg","contentUrl":"https:\/\/www.honlufoodtrailer.com\/wp-content\/uploads\/2024\/08\/7m-mobile-taco-truck.jpg","width":720,"height":540,"caption":"7m mobile taco truck"},{"@type":"BreadcrumbList","@id":"https:\/\/www.honlufoodtrailer.com\/product\/23ft-taqueria-taco-truck\/#breadcrumb","itemListElement":[{"@type":"ListItem","position":1,"name":"Home","item":"https:\/\/www.honlufoodtrailer.com\/"},{"@type":"ListItem","position":2,"name":"\u4ea7\u54c1","item":"https:\/\/www.honlufoodtrailer.com\/shop\/"},{"@type":"ListItem","position":3,"name":"23ft Taqueria Taco Truck"}]},{"@type":"WebSite","@id":"https:\/\/www.honlufoodtrailer.com\/#website","url":"https:\/\/www.honlufoodtrailer.com\/","name":"Honlu food trailer","description":"","publisher":{"@id":"https:\/\/www.honlufoodtrailer.com\/#organization"},"potentialAction":[{"@type":"SearchAction","target":{"@type":"EntryPoint","urlTemplate":"https:\/\/www.honlufoodtrailer.com\/?s={search_term_string}"},"query-input":{"@type":"PropertyValueSpecification","valueRequired":true,"valueName":"search_term_string"}}],"inLanguage":"cs"},{"@type":"Organization","@id":"https:\/\/www.honlufoodtrailer.com\/#organization","name":"Honlu food trailer","url":"https:\/\/www.honlufoodtrailer.com\/","logo":{"@type":"ImageObject","inLanguage":"cs","@id":"https:\/\/www.honlufoodtrailer.com\/#\/schema\/logo\/image\/","url":"https:\/\/www.honlufoodtrailer.com\/wp-content\/uploads\/2021\/12\/2.gif","contentUrl":"https:\/\/www.honlufoodtrailer.com\/wp-content\/uploads\/2021\/12\/2.gif","width":350,"height":100,"caption":"Honlu food trailer"},"image":{"@id":"https:\/\/www.honlufoodtrailer.com\/#\/schema\/logo\/image\/"}}]}},"_links":{"self":[{"href":"https:\/\/www.honlufoodtrailer.com\/cs\/wp-json\/wp\/v2\/product\/8283","targetHints":{"allow":["GET"]}}],"collection":[{"href":"https:\/\/www.honlufoodtrailer.com\/cs\/wp-json\/wp\/v2\/product"}],"about":[{"href":"https:\/\/www.honlufoodtrailer.com\/cs\/wp-json\/wp\/v2\/types\/product"}],"version-history":[{"count":7,"href":"https:\/\/www.honlufoodtrailer.com\/cs\/wp-json\/wp\/v2\/product\/8283\/revisions"}],"predecessor-version":[{"id":8793,"href":"https:\/\/www.honlufoodtrailer.com\/cs\/wp-json\/wp\/v2\/product\/8283\/revisions\/8793"}],"wp:featuredmedia":[{"embeddable":true,"href":"https:\/\/www.honlufoodtrailer.com\/cs\/wp-json\/wp\/v2\/media\/8285"}],"wp:attachment":[{"href":"https:\/\/www.honlufoodtrailer.com\/cs\/wp-json\/wp\/v2\/media?parent=8283"}],"wp:term":[{"taxonomy":"product_brand","embeddable":true,"href":"https:\/\/www.honlufoodtrailer.com\/cs\/wp-json\/wp\/v2\/product_brand?post=8283"},{"taxonomy":"product_cat","embeddable":true,"href":"https:\/\/www.honlufoodtrailer.com\/cs\/wp-json\/wp\/v2\/product_cat?post=8283"},{"taxonomy":"product_tag","embeddable":true,"href":"https:\/\/www.honlufoodtrailer.com\/cs\/wp-json\/wp\/v2\/product_tag?post=8283"}],"curies":[{"name":"wp","href":"https:\/\/api.w.org\/{rel}","templated":true}]}}