{"id":8600,"date":"2024-10-16T18:30:13","date_gmt":"2024-10-16T10:30:13","guid":{"rendered":"https:\/\/www.honlufoodtrailer.com\/?post_type=product&#038;p=8600"},"modified":"2025-02-14T13:56:42","modified_gmt":"2025-02-14T05:56:42","slug":"18ft-us-standard-mobile-burger-truck","status":"publish","type":"product","link":"https:\/\/www.honlufoodtrailer.com\/cs\/product\/18ft-us-standard-mobile-burger-truck\/","title":{"rendered":"18ft Us Standard Mobile Burger Truck"},"content":{"rendered":"<p>Are you looking for a mobile burger truck for sale? See this 18ft burger truck we have manufactured for one of our customers. As you can see, this mobile burger truck has a beautiful design. It is certain that this burger truck will wow the crowd at night. Now, let&#8217;s see this burger truck in detail. First, let&#8217;s see some pictures.<\/p>\n<p><img fetchpriority=\"high\" decoding=\"async\" class=\"aligncenter size-full wp-image-8634\" src=\"https:\/\/www.honlufoodtrailer.com\/wp-content\/uploads\/2024\/10\/18ft-mobile-burger-truck.jpg\" alt=\"18ft mobile burger truck\" width=\"720\" height=\"540\" srcset=\"https:\/\/www.honlufoodtrailer.com\/wp-content\/uploads\/2024\/10\/18ft-mobile-burger-truck.jpg 720w, https:\/\/www.honlufoodtrailer.com\/wp-content\/uploads\/2024\/10\/18ft-mobile-burger-truck-480x360.jpg 480w, https:\/\/www.honlufoodtrailer.com\/wp-content\/uploads\/2024\/10\/18ft-mobile-burger-truck-300x225.jpg 300w\" sizes=\"(max-width: 720px) 100vw, 720px\" \/>From the pictures, we can see that there are two customized windows in the front of the mobile burger truck. That will be very convenient for diners to order and pick up their meals. We customized stickers around the food trailer body according to the customer&#8217;s preferences. Since this trailer is 5.5 meters long, we made it a double axle that is more stable and durable.<\/p>\n<p><img decoding=\"async\" class=\"aligncenter size-full wp-image-8608\" src=\"https:\/\/www.honlufoodtrailer.com\/wp-content\/uploads\/2024\/10\/18ft-mobile-burger-truck-front-view.jpg\" alt=\"18ft mobile burger truck front view\" width=\"720\" height=\"540\" srcset=\"https:\/\/www.honlufoodtrailer.com\/wp-content\/uploads\/2024\/10\/18ft-mobile-burger-truck-front-view.jpg 720w, https:\/\/www.honlufoodtrailer.com\/wp-content\/uploads\/2024\/10\/18ft-mobile-burger-truck-front-view-480x360.jpg 480w, https:\/\/www.honlufoodtrailer.com\/wp-content\/uploads\/2024\/10\/18ft-mobile-burger-truck-front-view-300x225.jpg 300w\" sizes=\"(max-width: 720px) 100vw, 720px\" \/><\/p>\n<p>On the top of the food trailer, we customized the luminous sign according to the customer&#8217;s needs. At the bottom of the trailer body, we made a light strip that wraps around the trailer according to customer requirements. That will make the trailer very appealing in the night. Inside the food truck, we have installed kitchen equipment and lights according to the customer&#8217;s requirements. Next, let&#8217;s see the inner details of this food truck!<\/p>\n<h3>Inner Details of This 18ft Mobile Burger Truck<\/h3>\n<p>See more details of this burger truck. As you can see from the pictures below, we have equipped this burger trailer with basic kitchen equipment such as workbench, sinks, gas stove, barbecue machine, griddle, and range hood etc. All of these kitchen equipment meet the US standard according to the customer&#8217;s requirements. Need other kitchen equipment? see our <a href=\"https:\/\/www.honlufoodtrailer.com\/cs\/product\/\" target=\"_blank\" rel=\"noopener\">ancillary equipment<\/a> here.<br \/>\n<img decoding=\"async\" class=\"aligncenter size-full wp-image-8632\" src=\"https:\/\/www.honlufoodtrailer.com\/wp-content\/uploads\/2024\/10\/18ft-mobile-burger-truck-inner-details.jpg\" alt=\"18ft mobile burger truck inner details\" width=\"800\" height=\"800\" srcset=\"https:\/\/www.honlufoodtrailer.com\/wp-content\/uploads\/2024\/10\/18ft-mobile-burger-truck-inner-details.jpg 800w, https:\/\/www.honlufoodtrailer.com\/wp-content\/uploads\/2024\/10\/18ft-mobile-burger-truck-inner-details-768x768.jpg 768w, https:\/\/www.honlufoodtrailer.com\/wp-content\/uploads\/2024\/10\/18ft-mobile-burger-truck-inner-details-360x360.jpg 360w, https:\/\/www.honlufoodtrailer.com\/wp-content\/uploads\/2024\/10\/18ft-mobile-burger-truck-inner-details-300x300.jpg 300w, https:\/\/www.honlufoodtrailer.com\/wp-content\/uploads\/2024\/10\/18ft-mobile-burger-truck-inner-details-720x720.jpg 720w, https:\/\/www.honlufoodtrailer.com\/wp-content\/uploads\/2024\/10\/18ft-mobile-burger-truck-inner-details-100x100.jpg 100w\" sizes=\"(max-width: 800px) 100vw, 800px\" \/><\/p>\n<p><img loading=\"lazy\" decoding=\"async\" class=\"aligncenter size-full wp-image-8611\" src=\"https:\/\/www.honlufoodtrailer.com\/wp-content\/uploads\/2024\/10\/18ft-mobile-burger-truck-interior-structure.jpg\" alt=\"18ft mobile burger truck interior structure\" width=\"720\" height=\"540\" srcset=\"https:\/\/www.honlufoodtrailer.com\/wp-content\/uploads\/2024\/10\/18ft-mobile-burger-truck-interior-structure.jpg 720w, https:\/\/www.honlufoodtrailer.com\/wp-content\/uploads\/2024\/10\/18ft-mobile-burger-truck-interior-structure-480x360.jpg 480w, https:\/\/www.honlufoodtrailer.com\/wp-content\/uploads\/2024\/10\/18ft-mobile-burger-truck-interior-structure-300x225.jpg 300w\" sizes=\"(max-width: 720px) 100vw, 720px\" \/> <img loading=\"lazy\" decoding=\"async\" class=\"aligncenter size-full wp-image-8610\" src=\"https:\/\/www.honlufoodtrailer.com\/wp-content\/uploads\/2024\/10\/18ft-mobile-burger-truck-inner-view.jpg\" alt=\"18ft mobile burger truck inner view\" width=\"720\" height=\"540\" srcset=\"https:\/\/www.honlufoodtrailer.com\/wp-content\/uploads\/2024\/10\/18ft-mobile-burger-truck-inner-view.jpg 720w, https:\/\/www.honlufoodtrailer.com\/wp-content\/uploads\/2024\/10\/18ft-mobile-burger-truck-inner-view-480x360.jpg 480w, https:\/\/www.honlufoodtrailer.com\/wp-content\/uploads\/2024\/10\/18ft-mobile-burger-truck-inner-view-300x225.jpg 300w\" sizes=\"(max-width: 720px) 100vw, 720px\" \/> <img loading=\"lazy\" decoding=\"async\" class=\"aligncenter size-full wp-image-8609\" src=\"https:\/\/www.honlufoodtrailer.com\/wp-content\/uploads\/2024\/10\/18ft-mobile-burger-truck-inner-structure.jpg\" alt=\"18ft mobile burger truck inner structure\" width=\"720\" height=\"540\" srcset=\"https:\/\/www.honlufoodtrailer.com\/wp-content\/uploads\/2024\/10\/18ft-mobile-burger-truck-inner-structure.jpg 720w, https:\/\/www.honlufoodtrailer.com\/wp-content\/uploads\/2024\/10\/18ft-mobile-burger-truck-inner-structure-480x360.jpg 480w, https:\/\/www.honlufoodtrailer.com\/wp-content\/uploads\/2024\/10\/18ft-mobile-burger-truck-inner-structure-300x225.jpg 300w\" sizes=\"(max-width: 720px) 100vw, 720px\" \/><br \/>\nAs a food trailer manufacturer and exporter with more than 10 years of experience, we can help you design and manufacture your <a href=\"https:\/\/www.honlufoodtrailer.com\/cs\/product\/\" target=\"_blank\" rel=\"noopener\">food trailer<\/a> according to your local Standards. The size, body color, stickers, signage, and kitchen equipment of the food trailer can be customized. Just don\u2019t hesitate to contact us and tell us your detailed requirements!<\/p>\n<h3>More Details<\/h3>\n<p>See more details of this 18ft mobile burger truck. We can customize the interior and exterior of food trucks according to customer&#8217;s requirements. Just contact us and tell us your detailed requirements!<br \/>\n<img loading=\"lazy\" decoding=\"async\" class=\"aligncenter size-full wp-image-8633\" src=\"https:\/\/www.honlufoodtrailer.com\/wp-content\/uploads\/2024\/10\/18ft-mobile-burger-truck-manufacture-details.jpg\" alt=\"18ft mobile burger truck manufacture details\" width=\"800\" height=\"800\" srcset=\"https:\/\/www.honlufoodtrailer.com\/wp-content\/uploads\/2024\/10\/18ft-mobile-burger-truck-manufacture-details.jpg 800w, https:\/\/www.honlufoodtrailer.com\/wp-content\/uploads\/2024\/10\/18ft-mobile-burger-truck-manufacture-details-768x768.jpg 768w, https:\/\/www.honlufoodtrailer.com\/wp-content\/uploads\/2024\/10\/18ft-mobile-burger-truck-manufacture-details-360x360.jpg 360w, https:\/\/www.honlufoodtrailer.com\/wp-content\/uploads\/2024\/10\/18ft-mobile-burger-truck-manufacture-details-300x300.jpg 300w, https:\/\/www.honlufoodtrailer.com\/wp-content\/uploads\/2024\/10\/18ft-mobile-burger-truck-manufacture-details-720x720.jpg 720w, https:\/\/www.honlufoodtrailer.com\/wp-content\/uploads\/2024\/10\/18ft-mobile-burger-truck-manufacture-details-100x100.jpg 100w\" sizes=\"(max-width: 800px) 100vw, 800px\" \/><\/p>\n<h3>More Burger Trailers<\/h3>\n<p>See more of our mobile burger trailers: <a href=\"https:\/\/www.honlufoodtrailer.com\/cs\/product\/burger-van-catering-trailer\/\" target=\"_blank\" rel=\"noopener\">6m burger van catering trailer<\/a> and <a href=\"https:\/\/www.honlufoodtrailer.com\/cs\/product\/4-5m-hamburger-trailer\/\" target=\"_blank\" rel=\"noopener\">4.5m burger station<\/a>.<\/p>\n<figure id=\"attachment_7948\" aria-describedby=\"caption-attachment-7948\" style=\"width: 720px\" class=\"wp-caption aligncenter\"><a href=\"https:\/\/www.honlufoodtrailer.com\/cs\/product\/burger-van-catering-trailer\/\" target=\"_blank\" rel=\"noopener\"><img loading=\"lazy\" decoding=\"async\" class=\"wp-image-7948 size-full\" src=\"https:\/\/www.honlufoodtrailer.com\/wp-content\/uploads\/2024\/07\/6m-burger-van-trailer-for-sale.jpg\" alt=\"6m burger van trailer for sale\" width=\"720\" height=\"540\" srcset=\"https:\/\/www.honlufoodtrailer.com\/wp-content\/uploads\/2024\/07\/6m-burger-van-trailer-for-sale.jpg 720w, https:\/\/www.honlufoodtrailer.com\/wp-content\/uploads\/2024\/07\/6m-burger-van-trailer-for-sale-480x360.jpg 480w, https:\/\/www.honlufoodtrailer.com\/wp-content\/uploads\/2024\/07\/6m-burger-van-trailer-for-sale-300x225.jpg 300w\" sizes=\"(max-width: 720px) 100vw, 720px\" \/><\/a><figcaption id=\"caption-attachment-7948\" class=\"wp-caption-text\">6m burger van trailer for sale<\/figcaption><\/figure>\n<p><figure id=\"attachment_7968\" aria-describedby=\"caption-attachment-7968\" style=\"width: 720px\" class=\"wp-caption aligncenter\"><img loading=\"lazy\" decoding=\"async\" class=\"wp-image-7968 size-full\" src=\"https:\/\/www.honlufoodtrailer.com\/wp-content\/uploads\/2024\/07\/4.5m-hamburger-trailer.jpg\" alt=\"4.5m hamburger trailer\" width=\"720\" height=\"540\" srcset=\"https:\/\/www.honlufoodtrailer.com\/wp-content\/uploads\/2024\/07\/4.5m-hamburger-trailer.jpg 720w, https:\/\/www.honlufoodtrailer.com\/wp-content\/uploads\/2024\/07\/4.5m-hamburger-trailer-480x360.jpg 480w, https:\/\/www.honlufoodtrailer.com\/wp-content\/uploads\/2024\/07\/4.5m-hamburger-trailer-300x225.jpg 300w\" sizes=\"(max-width: 720px) 100vw, 720px\" \/><figcaption id=\"caption-attachment-7968\" class=\"wp-caption-text\">4.5m hamburger trailer<\/figcaption><\/figure><br \/>\nIf you are interested in any type of our food trailers, or want a customized one, please don&#8217;t heistate to contact us now! Just leave a message in the form below, we will reply as soon as possible.<\/p>","protected":false},"excerpt":{"rendered":"<p>This is\u00a0<span style=\"box-sizing: border-box; margin: 0px; padding: 0px;\">a custom-made 18ft mobile burger truck for sale. It is a popular model among people who want to start a mobile food trailer business. <strong>Please click the following tabs to see more details of this food truck<\/strong>. We can manufacture a similar burger trailer like this one<\/span>\u00a0or customize one for you. Please contact us and tell us your detailed requirements. Just don&#8217;t hesitate to contact us now!<\/p>","protected":false},"featured_media":8607,"template":"","meta":{"_themeisle_gutenberg_block_has_review":false},"product_brand":[],"product_cat":[26],"product_tag":[83,98],"class_list":{"0":"post-8600","1":"product","2":"type-product","3":"status-publish","4":"has-post-thumbnail","6":"product_cat-product","7":"product_tag-18ft-food-trailer","8":"product_tag-burger-trailer","10":"first","11":"instock","12":"featured","13":"shipping-taxable","14":"product-type-simple"},"yoast_head":"<!-- This site is optimized with the Yoast SEO plugin v27.3 - https:\/\/yoast.com\/product\/yoast-seo-wordpress\/ -->\n<title>Mobile Burger Truck from China - Honlu Food Trailer<\/title>\n<meta name=\"description\" content=\"Looking for a mobile burger truck for sale? see this one here! Get a similar or customized one at a reasonable price now!\" \/>\n<meta name=\"robots\" content=\"index, follow, max-snippet:-1, max-image-preview:large, max-video-preview:-1\" \/>\n<link rel=\"canonical\" href=\"https:\/\/www.honlufoodtrailer.com\/cs\/product\/18ft-us-standard-mobile-burger-truck\/\" \/>\n<meta property=\"og:locale\" content=\"cs_CZ\" \/>\n<meta property=\"og:type\" content=\"article\" \/>\n<meta property=\"og:title\" content=\"Mobile Burger Truck from China - Honlu Food Trailer\" \/>\n<meta property=\"og:description\" content=\"Looking for a mobile burger truck for sale? see this one here! Get a similar or customized one at a reasonable price now!\" \/>\n<meta property=\"og:url\" content=\"https:\/\/www.honlufoodtrailer.com\/cs\/product\/18ft-us-standard-mobile-burger-truck\/\" \/>\n<meta property=\"og:site_name\" content=\"Honlu food trailer\" \/>\n<meta property=\"article:modified_time\" content=\"2025-02-14T05:56:42+00:00\" \/>\n<meta property=\"og:image\" content=\"https:\/\/www.honlufoodtrailer.com\/wp-content\/uploads\/2024\/10\/18ft-mobile-burger-truck-for-sale.jpg\" \/>\n\t<meta property=\"og:image:width\" content=\"720\" \/>\n\t<meta property=\"og:image:height\" content=\"540\" \/>\n\t<meta property=\"og:image:type\" content=\"image\/jpeg\" \/>\n<meta name=\"twitter:card\" content=\"summary_large_image\" \/>\n<meta name=\"twitter:label1\" content=\"Odhadovan\u00e1 doba \u010dten\u00ed\" \/>\n\t<meta name=\"twitter:data1\" content=\"1 minuta\" \/>\n<script type=\"application\/ld+json\" class=\"yoast-schema-graph\">{\"@context\":\"https:\\\/\\\/schema.org\",\"@graph\":[{\"@type\":\"WebPage\",\"@id\":\"https:\\\/\\\/www.honlufoodtrailer.com\\\/product\\\/18ft-us-standard-mobile-burger-truck\\\/\",\"url\":\"https:\\\/\\\/www.honlufoodtrailer.com\\\/product\\\/18ft-us-standard-mobile-burger-truck\\\/\",\"name\":\"Mobile Burger Truck from China - Honlu Food Trailer\",\"isPartOf\":{\"@id\":\"https:\\\/\\\/www.honlufoodtrailer.com\\\/#website\"},\"primaryImageOfPage\":{\"@id\":\"https:\\\/\\\/www.honlufoodtrailer.com\\\/product\\\/18ft-us-standard-mobile-burger-truck\\\/#primaryimage\"},\"image\":{\"@id\":\"https:\\\/\\\/www.honlufoodtrailer.com\\\/product\\\/18ft-us-standard-mobile-burger-truck\\\/#primaryimage\"},\"thumbnailUrl\":\"https:\\\/\\\/www.honlufoodtrailer.com\\\/wp-content\\\/uploads\\\/2024\\\/10\\\/18ft-mobile-burger-truck-for-sale.jpg\",\"datePublished\":\"2024-10-16T10:30:13+00:00\",\"dateModified\":\"2025-02-14T05:56:42+00:00\",\"description\":\"Looking for a mobile burger truck for sale? see this one here! Get a similar or customized one at a reasonable price now!\",\"breadcrumb\":{\"@id\":\"https:\\\/\\\/www.honlufoodtrailer.com\\\/product\\\/18ft-us-standard-mobile-burger-truck\\\/#breadcrumb\"},\"inLanguage\":\"cs\",\"potentialAction\":[{\"@type\":\"ReadAction\",\"target\":[\"https:\\\/\\\/www.honlufoodtrailer.com\\\/product\\\/18ft-us-standard-mobile-burger-truck\\\/\"]}]},{\"@type\":\"ImageObject\",\"inLanguage\":\"cs\",\"@id\":\"https:\\\/\\\/www.honlufoodtrailer.com\\\/product\\\/18ft-us-standard-mobile-burger-truck\\\/#primaryimage\",\"url\":\"https:\\\/\\\/www.honlufoodtrailer.com\\\/wp-content\\\/uploads\\\/2024\\\/10\\\/18ft-mobile-burger-truck-for-sale.jpg\",\"contentUrl\":\"https:\\\/\\\/www.honlufoodtrailer.com\\\/wp-content\\\/uploads\\\/2024\\\/10\\\/18ft-mobile-burger-truck-for-sale.jpg\",\"width\":720,\"height\":540,\"caption\":\"18ft mobile burger truck for sale\"},{\"@type\":\"BreadcrumbList\",\"@id\":\"https:\\\/\\\/www.honlufoodtrailer.com\\\/product\\\/18ft-us-standard-mobile-burger-truck\\\/#breadcrumb\",\"itemListElement\":[{\"@type\":\"ListItem\",\"position\":1,\"name\":\"Home\",\"item\":\"https:\\\/\\\/www.honlufoodtrailer.com\\\/\"},{\"@type\":\"ListItem\",\"position\":2,\"name\":\"\u4ea7\u54c1\",\"item\":\"https:\\\/\\\/www.honlufoodtrailer.com\\\/shop\\\/\"},{\"@type\":\"ListItem\",\"position\":3,\"name\":\"18ft Us Standard Mobile Burger Truck\"}]},{\"@type\":\"WebSite\",\"@id\":\"https:\\\/\\\/www.honlufoodtrailer.com\\\/#website\",\"url\":\"https:\\\/\\\/www.honlufoodtrailer.com\\\/\",\"name\":\"Honlu food trailer\",\"description\":\"\",\"publisher\":{\"@id\":\"https:\\\/\\\/www.honlufoodtrailer.com\\\/#organization\"},\"potentialAction\":[{\"@type\":\"SearchAction\",\"target\":{\"@type\":\"EntryPoint\",\"urlTemplate\":\"https:\\\/\\\/www.honlufoodtrailer.com\\\/?s={search_term_string}\"},\"query-input\":{\"@type\":\"PropertyValueSpecification\",\"valueRequired\":true,\"valueName\":\"search_term_string\"}}],\"inLanguage\":\"cs\"},{\"@type\":\"Organization\",\"@id\":\"https:\\\/\\\/www.honlufoodtrailer.com\\\/#organization\",\"name\":\"Honlu food trailer\",\"url\":\"https:\\\/\\\/www.honlufoodtrailer.com\\\/\",\"logo\":{\"@type\":\"ImageObject\",\"inLanguage\":\"cs\",\"@id\":\"https:\\\/\\\/www.honlufoodtrailer.com\\\/#\\\/schema\\\/logo\\\/image\\\/\",\"url\":\"https:\\\/\\\/www.honlufoodtrailer.com\\\/wp-content\\\/uploads\\\/2021\\\/12\\\/2.gif\",\"contentUrl\":\"https:\\\/\\\/www.honlufoodtrailer.com\\\/wp-content\\\/uploads\\\/2021\\\/12\\\/2.gif\",\"width\":350,\"height\":100,\"caption\":\"Honlu food trailer\"},\"image\":{\"@id\":\"https:\\\/\\\/www.honlufoodtrailer.com\\\/#\\\/schema\\\/logo\\\/image\\\/\"}}]}<\/script>\n<!-- \/ Yoast SEO plugin. -->","yoast_head_json":{"title":"Mobile Burger Truck from China - Honlu Food Trailer","description":"Looking for a mobile burger truck for sale? see this one here! Get a similar or customized one at a reasonable price now!","robots":{"index":"index","follow":"follow","max-snippet":"max-snippet:-1","max-image-preview":"max-image-preview:large","max-video-preview":"max-video-preview:-1"},"canonical":"https:\/\/www.honlufoodtrailer.com\/cs\/product\/18ft-us-standard-mobile-burger-truck\/","og_locale":"cs_CZ","og_type":"article","og_title":"Mobile Burger Truck from China - Honlu Food Trailer","og_description":"Looking for a mobile burger truck for sale? see this one here! Get a similar or customized one at a reasonable price now!","og_url":"https:\/\/www.honlufoodtrailer.com\/cs\/product\/18ft-us-standard-mobile-burger-truck\/","og_site_name":"Honlu food trailer","article_modified_time":"2025-02-14T05:56:42+00:00","og_image":[{"width":720,"height":540,"url":"https:\/\/www.honlufoodtrailer.com\/wp-content\/uploads\/2024\/10\/18ft-mobile-burger-truck-for-sale.jpg","type":"image\/jpeg"}],"twitter_card":"summary_large_image","twitter_misc":{"Odhadovan\u00e1 doba \u010dten\u00ed":"1 minuta"},"schema":{"@context":"https:\/\/schema.org","@graph":[{"@type":"WebPage","@id":"https:\/\/www.honlufoodtrailer.com\/product\/18ft-us-standard-mobile-burger-truck\/","url":"https:\/\/www.honlufoodtrailer.com\/product\/18ft-us-standard-mobile-burger-truck\/","name":"Mobile Burger Truck from China - Honlu Food Trailer","isPartOf":{"@id":"https:\/\/www.honlufoodtrailer.com\/#website"},"primaryImageOfPage":{"@id":"https:\/\/www.honlufoodtrailer.com\/product\/18ft-us-standard-mobile-burger-truck\/#primaryimage"},"image":{"@id":"https:\/\/www.honlufoodtrailer.com\/product\/18ft-us-standard-mobile-burger-truck\/#primaryimage"},"thumbnailUrl":"https:\/\/www.honlufoodtrailer.com\/wp-content\/uploads\/2024\/10\/18ft-mobile-burger-truck-for-sale.jpg","datePublished":"2024-10-16T10:30:13+00:00","dateModified":"2025-02-14T05:56:42+00:00","description":"Looking for a mobile burger truck for sale? see this one here! Get a similar or customized one at a reasonable price now!","breadcrumb":{"@id":"https:\/\/www.honlufoodtrailer.com\/product\/18ft-us-standard-mobile-burger-truck\/#breadcrumb"},"inLanguage":"cs","potentialAction":[{"@type":"ReadAction","target":["https:\/\/www.honlufoodtrailer.com\/product\/18ft-us-standard-mobile-burger-truck\/"]}]},{"@type":"ImageObject","inLanguage":"cs","@id":"https:\/\/www.honlufoodtrailer.com\/product\/18ft-us-standard-mobile-burger-truck\/#primaryimage","url":"https:\/\/www.honlufoodtrailer.com\/wp-content\/uploads\/2024\/10\/18ft-mobile-burger-truck-for-sale.jpg","contentUrl":"https:\/\/www.honlufoodtrailer.com\/wp-content\/uploads\/2024\/10\/18ft-mobile-burger-truck-for-sale.jpg","width":720,"height":540,"caption":"18ft mobile burger truck for sale"},{"@type":"BreadcrumbList","@id":"https:\/\/www.honlufoodtrailer.com\/product\/18ft-us-standard-mobile-burger-truck\/#breadcrumb","itemListElement":[{"@type":"ListItem","position":1,"name":"Home","item":"https:\/\/www.honlufoodtrailer.com\/"},{"@type":"ListItem","position":2,"name":"\u4ea7\u54c1","item":"https:\/\/www.honlufoodtrailer.com\/shop\/"},{"@type":"ListItem","position":3,"name":"18ft Us Standard Mobile Burger Truck"}]},{"@type":"WebSite","@id":"https:\/\/www.honlufoodtrailer.com\/#website","url":"https:\/\/www.honlufoodtrailer.com\/","name":"Honlu food trailer","description":"","publisher":{"@id":"https:\/\/www.honlufoodtrailer.com\/#organization"},"potentialAction":[{"@type":"SearchAction","target":{"@type":"EntryPoint","urlTemplate":"https:\/\/www.honlufoodtrailer.com\/?s={search_term_string}"},"query-input":{"@type":"PropertyValueSpecification","valueRequired":true,"valueName":"search_term_string"}}],"inLanguage":"cs"},{"@type":"Organization","@id":"https:\/\/www.honlufoodtrailer.com\/#organization","name":"Honlu food trailer","url":"https:\/\/www.honlufoodtrailer.com\/","logo":{"@type":"ImageObject","inLanguage":"cs","@id":"https:\/\/www.honlufoodtrailer.com\/#\/schema\/logo\/image\/","url":"https:\/\/www.honlufoodtrailer.com\/wp-content\/uploads\/2021\/12\/2.gif","contentUrl":"https:\/\/www.honlufoodtrailer.com\/wp-content\/uploads\/2021\/12\/2.gif","width":350,"height":100,"caption":"Honlu food trailer"},"image":{"@id":"https:\/\/www.honlufoodtrailer.com\/#\/schema\/logo\/image\/"}}]}},"_links":{"self":[{"href":"https:\/\/www.honlufoodtrailer.com\/cs\/wp-json\/wp\/v2\/product\/8600","targetHints":{"allow":["GET"]}}],"collection":[{"href":"https:\/\/www.honlufoodtrailer.com\/cs\/wp-json\/wp\/v2\/product"}],"about":[{"href":"https:\/\/www.honlufoodtrailer.com\/cs\/wp-json\/wp\/v2\/types\/product"}],"version-history":[{"count":5,"href":"https:\/\/www.honlufoodtrailer.com\/cs\/wp-json\/wp\/v2\/product\/8600\/revisions"}],"predecessor-version":[{"id":8667,"href":"https:\/\/www.honlufoodtrailer.com\/cs\/wp-json\/wp\/v2\/product\/8600\/revisions\/8667"}],"wp:featuredmedia":[{"embeddable":true,"href":"https:\/\/www.honlufoodtrailer.com\/cs\/wp-json\/wp\/v2\/media\/8607"}],"wp:attachment":[{"href":"https:\/\/www.honlufoodtrailer.com\/cs\/wp-json\/wp\/v2\/media?parent=8600"}],"wp:term":[{"taxonomy":"product_brand","embeddable":true,"href":"https:\/\/www.honlufoodtrailer.com\/cs\/wp-json\/wp\/v2\/product_brand?post=8600"},{"taxonomy":"product_cat","embeddable":true,"href":"https:\/\/www.honlufoodtrailer.com\/cs\/wp-json\/wp\/v2\/product_cat?post=8600"},{"taxonomy":"product_tag","embeddable":true,"href":"https:\/\/www.honlufoodtrailer.com\/cs\/wp-json\/wp\/v2\/product_tag?post=8600"}],"curies":[{"name":"wp","href":"https:\/\/api.w.org\/{rel}","templated":true}]}}