{"id":2058,"date":"2022-01-12T16:35:36","date_gmt":"2022-01-12T08:35:36","guid":{"rendered":"https:\/\/www.honlufoodtrailer.com\/?post_type=product&#038;p=2058"},"modified":"2024-06-26T16:33:55","modified_gmt":"2024-06-26T08:33:55","slug":"double-decker-food-trailer","status":"publish","type":"product","link":"https:\/\/www.honlufoodtrailer.com\/da\/product\/double-decker-food-trailer\/","title":{"rendered":"Dobbeltd\u00e6kker madtrailer"},"content":{"rendered":"<p>Double decker coffee trailers have become increasingly popular for those looking for a more mobile coffee solution. They are the ultimate way to provide coffee on-the-go, offering convenience and quality. These trailers provide coffee service all around the world and can be found in parks, urban centers, beaches, and much more. In general, they are equipped with a variety of amenities and features, from extra counter space to climate control.<\/p>\n<p><img fetchpriority=\"high\" decoding=\"async\" class=\"aligncenter\" src=\"https:\/\/www.honlufoodtrailer.com\/wp-content\/uploads\/2023\/11\/18ft-double-decker-coffee-trailer-inner-view.jpg\" alt=\"18 fods dobbeltd\u00e6kker kaffetrailer indvendigt billede\" width=\"720\" height=\"540\" \/><\/p>\n<h3>Advanges of Double Decker Food Trailer<\/h3>\n<ul>\n<li>The latest and hottest model<\/li>\n<li>Forretningsplatformen p\u00e5 begge sider<\/li>\n<li>Hele traileren er udstyret med ambientlys<\/li>\n<li>Dobbeltlagsdesign og anvendelse af vindeltrappen<\/li>\n<\/ul>\n<h4>Smuk natudsigt<\/h4>\n<p>Hele k\u00f8ret\u00f8jets atmosf\u00e6rebelysning g\u00f8r din trailer til den mest attraktive stjerne, selv om natten.<br \/>\n<img decoding=\"async\" class=\"aligncenter\" src=\"https:\/\/www.honlufoodtrailer.com\/wp-content\/uploads\/2022\/01\/Coffee-trailer-night-view.jpg\" alt=\"Kaffetrailer - natudsigt\" width=\"720\" height=\"540\" \/><br \/>\n<img decoding=\"async\" class=\"aligncenter\" src=\"https:\/\/www.honlufoodtrailer.com\/wp-content\/uploads\/2022\/01\/Coffee-trailer.jpg\" alt=\"Kaffetrailer\" width=\"720\" height=\"540\" \/><\/p>\n<h4>Nem installation<\/h4>\n<p>Udstyret med et komplet s\u00e6t installationsvideoer, og teknikerne tilbyder fjernvejledning \u00e9n-til-\u00e9n, s\u00e5 du kan starte din virksomhed med det samme.<br \/>\n<img loading=\"lazy\" decoding=\"async\" class=\"aligncenter\" src=\"https:\/\/www.honlufoodtrailer.com\/wp-content\/uploads\/2022\/01\/Coffee-trailer-customization-mode.jpg\" alt=\"Kaffetrailer - tilpasningstilstand\" width=\"720\" height=\"540\" \/><\/p>\n<h4>Tilpasset service<\/h4>\n<p>Hele traileren, inklusive udseende, stil, tilbeh\u00f8r og ekstraudstyr, kan tilpasses. Lad dig f\u00e5 din egen eksklusive spisevogn.<\/p>\n<h3>Details of the double decker food trailer<\/h3>\n<h4>Baldakin<\/h4>\n<p><img decoding=\"async\" class=\"aligncenter\" title=\"Kaffevogn \u2013 Baldakin\" src=\"https:\/\/www.honlufoodtrailer.com\/wp-content\/uploads\/elementor\/thumbs\/Coffee-trailer-Canopy-pisb9bitjzivrc5yl8z1qnda9il2c8qtywe3if4pa8.jpg\" alt=\"Kaffevogn - Baldakin\" \/><\/p>\n<h4>Omgivende lys<\/h4>\n<p><img decoding=\"async\" class=\"aligncenter\" title=\"Kaffetrailer \u2013 Ambient Light\" src=\"https:\/\/www.honlufoodtrailer.com\/wp-content\/uploads\/elementor\/thumbs\/Coffee-trailer-Ambient-Light-pisb9bitjzivrc5yl8z1qnda9il2c8qtywe3if4pa8.jpg\" alt=\"Kaffetrailer - Ambient Light\" \/><\/p>\n<h4>Gulvmateriale<\/h4>\n<p><img decoding=\"async\" class=\"aligncenter\" title=\"Kaffevogn \u2013 Gulvmateriale\" src=\"https:\/\/www.honlufoodtrailer.com\/wp-content\/uploads\/elementor\/thumbs\/Coffee-trailer-Floor-material-pisb9akzd5hlfq7bqqkf65lto4pp4jn3mrqm1563gg.jpg\" alt=\"Kaffevogn - Gulvmateriale\" \/><\/p>\n<h4>Gaskomfur<\/h4>\n<p><img decoding=\"async\" class=\"aligncenter\" title=\"Kaffevogn \u2013 Gaskomfur\" src=\"https:\/\/www.honlufoodtrailer.com\/wp-content\/uploads\/elementor\/thumbs\/Coffee-trailer-Gas-stove-pisb99n56bgb448ow85slnud2qubwujdan34jv7hmo.jpg\" alt=\"Kaffevogn - Gaskomfur\" \/><\/p>\n<h4>Bordplade i rustfrit st\u00e5l<\/h4>\n<p><img decoding=\"async\" class=\"aligncenter\" title=\"Kaffevogn \u2013 Bordplade i rustfrit st\u00e5l\" src=\"https:\/\/www.honlufoodtrailer.com\/wp-content\/uploads\/elementor\/thumbs\/Coffee-trailer-Stainless-steel-countertop-pisb94xy859vi2fino4nr7123thhud0plztp5heghs.jpg\" alt=\"Kaffevogn - Bordplade i rustfrit st\u00e5l\" \/><\/p>\n<h4>Forretningsplatform<\/h4>\n<p><img decoding=\"async\" class=\"aligncenter\" title=\"Kaffetrailer - forretningsplatform\" src=\"https:\/\/www.honlufoodtrailer.com\/wp-content\/uploads\/elementor\/thumbs\/Coffee-trailer-bussiness-platform-pisb94041b8l6ggvt5q16p9lifm4mnwz9v67o7fuo0.jpg\" alt=\"Kaffetrailer - forretningsplatform\" \/><\/p>\n<h4>Vindeltrappe<\/h4>\n<p><img decoding=\"async\" class=\"aligncenter\" title=\"Kaffevogn \u2013 Vindeltrappe\" src=\"https:\/\/www.honlufoodtrailer.com\/wp-content\/uploads\/elementor\/thumbs\/Coffee-trailer-Spiral-staircase-pisb94xy859vi2fino4nr7123thhud0plztp5heghs.jpg\" alt=\"Kaffevogn - Vindeltrappe\" \/><\/p>\n<h4>Anden sal<\/h4>\n<p><img decoding=\"async\" class=\"aligncenter\" title=\"Kaffevogn \u2013 Anden sal\" src=\"https:\/\/www.honlufoodtrailer.com\/wp-content\/uploads\/elementor\/thumbs\/Coffee-trailer-Second-floor-pisb98pazhf0sia21pr6162whcyyp5fmyifn2l8vsw.jpg\" alt=\"Kaffevogn - Anden sal\" \/><\/p>\n<h2>Nogle af vores sager<\/h2>\n<p>Our double decker food trailers have been exported to many countries such as the United States, the United Kingdom, New Zealand, Australia, Canada, etc. The following are some of our work. We can manufacture similar food trailers like these ones, or customize one for you. The body color, stickers, signage, and kitchen equipment of the food trailer can be customized. Welcome to contact us now!<br \/>\n<img loading=\"lazy\" decoding=\"async\" class=\"aligncenter\" src=\"https:\/\/www.honlufoodtrailer.com\/wp-content\/uploads\/2023\/11\/5m-double-decker-coffee-trailer-America.jpg\" sizes=\"(max-width: 720px) 100vw, 720px\" srcset=\"https:\/\/www.honlufoodtrailer.com\/wp-content\/uploads\/2023\/11\/5m-double-decker-coffee-trailer-America.jpg 720w, https:\/\/www.honlufoodtrailer.com\/wp-content\/uploads\/2023\/11\/5m-double-decker-coffee-trailer-America-480x360.jpg 480w, https:\/\/www.honlufoodtrailer.com\/wp-content\/uploads\/2023\/11\/5m-double-decker-coffee-trailer-America-300x225.jpg 300w\" alt=\"5m dobbeltd\u00e6kker kaffetrailer Amerika\" width=\"720\" height=\"540\" \/><\/p>\n<p><img loading=\"lazy\" decoding=\"async\" class=\"aligncenter\" src=\"https:\/\/www.honlufoodtrailer.com\/wp-content\/uploads\/2023\/11\/16ft-double-decker-coffee-trailer-America.jpg\" sizes=\"(max-width: 720px) 100vw, 720px\" srcset=\"https:\/\/www.honlufoodtrailer.com\/wp-content\/uploads\/2023\/11\/16ft-double-decker-coffee-trailer-America.jpg 720w, https:\/\/www.honlufoodtrailer.com\/wp-content\/uploads\/2023\/11\/16ft-double-decker-coffee-trailer-America-480x360.jpg 480w, https:\/\/www.honlufoodtrailer.com\/wp-content\/uploads\/2023\/11\/16ft-double-decker-coffee-trailer-America-300x225.jpg 300w\" alt=\"16 fod dobbeltd\u00e6kker kaffetrailer Amerika\" width=\"720\" height=\"540\" \/><\/p>\n<p><img loading=\"lazy\" decoding=\"async\" class=\"aligncenter\" src=\"https:\/\/www.honlufoodtrailer.com\/wp-content\/uploads\/2023\/11\/16ft-double-decker-coffee-trailer-on-sale.jpg\" sizes=\"(max-width: 720px) 100vw, 720px\" srcset=\"https:\/\/www.honlufoodtrailer.com\/wp-content\/uploads\/2023\/11\/16ft-double-decker-coffee-trailer-on-sale.jpg 720w, https:\/\/www.honlufoodtrailer.com\/wp-content\/uploads\/2023\/11\/16ft-double-decker-coffee-trailer-on-sale-480x360.jpg 480w, https:\/\/www.honlufoodtrailer.com\/wp-content\/uploads\/2023\/11\/16ft-double-decker-coffee-trailer-on-sale-300x225.jpg 300w\" alt=\"16 fods dobbeltd\u00e6kker kaffetrailer til salg\" width=\"720\" height=\"540\" \/><\/p>\n<p><img loading=\"lazy\" decoding=\"async\" class=\"aligncenter\" src=\"https:\/\/www.honlufoodtrailer.com\/wp-content\/uploads\/2023\/11\/18ft-double-decker-food-trailer-Arizona-USA.jpg\" sizes=\"(max-width: 720px) 100vw, 720px\" srcset=\"https:\/\/www.honlufoodtrailer.com\/wp-content\/uploads\/2023\/11\/18ft-double-decker-food-trailer-Arizona-USA.jpg 720w, https:\/\/www.honlufoodtrailer.com\/wp-content\/uploads\/2023\/11\/18ft-double-decker-food-trailer-Arizona-USA-480x360.jpg 480w, https:\/\/www.honlufoodtrailer.com\/wp-content\/uploads\/2023\/11\/18ft-double-decker-food-trailer-Arizona-USA-300x225.jpg 300w\" alt=\"18 fod dobbeltd\u00e6kker madtrailer Arizona USA\" width=\"720\" height=\"540\" \/><\/p>\n<p><img loading=\"lazy\" decoding=\"async\" class=\"aligncenter\" src=\"https:\/\/www.honlufoodtrailer.com\/wp-content\/uploads\/2023\/11\/5m-coffee-trailer-America.jpg\" sizes=\"(max-width: 720px) 100vw, 720px\" srcset=\"https:\/\/www.honlufoodtrailer.com\/wp-content\/uploads\/2023\/11\/5m-coffee-trailer-America.jpg 720w, https:\/\/www.honlufoodtrailer.com\/wp-content\/uploads\/2023\/11\/5m-coffee-trailer-America-480x360.jpg 480w, https:\/\/www.honlufoodtrailer.com\/wp-content\/uploads\/2023\/11\/5m-coffee-trailer-America-300x225.jpg 300w\" alt=\"5m kaffetrailer Amerika\" width=\"720\" height=\"540\" \/><\/p>\n<p><img loading=\"lazy\" decoding=\"async\" class=\"aligncenter\" src=\"https:\/\/www.honlufoodtrailer.com\/wp-content\/uploads\/2023\/11\/18ft-double-decker-coffee-trailer-America.jpg\" sizes=\"(max-width: 720px) 100vw, 720px\" srcset=\"https:\/\/www.honlufoodtrailer.com\/wp-content\/uploads\/2023\/11\/18ft-double-decker-coffee-trailer-America.jpg 720w, https:\/\/www.honlufoodtrailer.com\/wp-content\/uploads\/2023\/11\/18ft-double-decker-coffee-trailer-America-480x360.jpg 480w, https:\/\/www.honlufoodtrailer.com\/wp-content\/uploads\/2023\/11\/18ft-double-decker-coffee-trailer-America-300x225.jpg 300w\" alt=\"18 fod dobbeltd\u00e6kker kaffetrailer Amerika\" width=\"720\" height=\"540\" \/><\/p>\n<h3>Customer&#8217;s ReviewThe following are some of our customer&#8217;s reviews on our double-decker coffee trailer.<\/h3>\n<p><img loading=\"lazy\" decoding=\"async\" src=\"https:\/\/www.honlufoodtrailer.com\/wp-content\/uploads\/2023\/12\/coffee-trailer-customer-review.jpg\" alt=\"kundeanmeldelse af kaffetrailer\" width=\"900\" height=\"375\" \/><\/p>","protected":false},"excerpt":{"rendered":"<p>These are our custom made 18ft double decker food trailers. They are good choices to start a mobile coffee trailer business. As we can see, each of the double decker food trailer has two stories. it can accommodate more diners. The view on the second floor is very broad, and diners can enjoy the broad view while dining. We can manufacture similar food trailers like these ones, or customize one for you. The body color, stickers, signage, kitchen equipment of the food trailer can be customized. Just contact us now!<\/p>","protected":false},"featured_media":1779,"template":"","meta":{"_themeisle_gutenberg_block_has_review":false},"product_brand":[],"product_cat":[26],"product_tag":[35,34,33,36,31],"class_list":{"0":"post-2058","1":"product","2":"type-product","3":"status-publish","4":"has-post-thumbnail","6":"product_cat-product","7":"product_tag-2-story-food-trailer","8":"product_tag-coffee-trailer","9":"product_tag-customized-trailer","10":"product_tag-high-quality-food-trailer","11":"product_tag-hot-sale-food-trailer","13":"first","14":"instock","15":"shipping-taxable","16":"product-type-simple"},"yoast_head":"<!-- This site is optimized with the Yoast SEO plugin v27.4 - https:\/\/yoast.com\/product\/yoast-seo-wordpress\/ -->\n<title>Double Decker Food Trailer from China Factory - Honlu Food Trailer<\/title>\n<meta name=\"description\" content=\"See various types of double decker food trailers we have customized for customers from the United States. UK, Canada etc. Get their price now!\" \/>\n<meta name=\"robots\" content=\"index, follow, max-snippet:-1, max-image-preview:large, max-video-preview:-1\" \/>\n<link rel=\"canonical\" href=\"https:\/\/www.honlufoodtrailer.com\/da\/product\/double-decker-food-trailer\/\" \/>\n<meta property=\"og:locale\" content=\"da_DK\" \/>\n<meta property=\"og:type\" content=\"article\" \/>\n<meta property=\"og:title\" content=\"Double Decker Food Trailer from China Factory - Honlu Food Trailer\" \/>\n<meta property=\"og:description\" content=\"See various types of double decker food trailers we have customized for customers from the United States. UK, Canada etc. Get their price now!\" \/>\n<meta property=\"og:url\" content=\"https:\/\/www.honlufoodtrailer.com\/da\/product\/double-decker-food-trailer\/\" \/>\n<meta property=\"og:site_name\" content=\"Honlu food trailer\" \/>\n<meta property=\"article:modified_time\" content=\"2024-06-26T08:33:55+00:00\" \/>\n<meta property=\"og:image\" content=\"https:\/\/www.honlufoodtrailer.com\/wp-content\/uploads\/2022\/01\/Coffee-trailer-night-view.jpg\" \/>\n\t<meta property=\"og:image:width\" content=\"720\" \/>\n\t<meta property=\"og:image:height\" content=\"540\" \/>\n\t<meta property=\"og:image:type\" content=\"image\/jpeg\" \/>\n<meta name=\"twitter:card\" content=\"summary_large_image\" \/>\n<meta name=\"twitter:label1\" content=\"Estimeret l\u00e6setid\" \/>\n\t<meta name=\"twitter:data1\" content=\"1 minut\" \/>\n<script type=\"application\/ld+json\" class=\"yoast-schema-graph\">{\"@context\":\"https:\\\/\\\/schema.org\",\"@graph\":[{\"@type\":\"WebPage\",\"@id\":\"https:\\\/\\\/www.honlufoodtrailer.com\\\/product\\\/double-decker-food-trailer\\\/\",\"url\":\"https:\\\/\\\/www.honlufoodtrailer.com\\\/product\\\/double-decker-food-trailer\\\/\",\"name\":\"Double Decker Food Trailer from China Factory - Honlu Food Trailer\",\"isPartOf\":{\"@id\":\"https:\\\/\\\/www.honlufoodtrailer.com\\\/#website\"},\"primaryImageOfPage\":{\"@id\":\"https:\\\/\\\/www.honlufoodtrailer.com\\\/product\\\/double-decker-food-trailer\\\/#primaryimage\"},\"image\":{\"@id\":\"https:\\\/\\\/www.honlufoodtrailer.com\\\/product\\\/double-decker-food-trailer\\\/#primaryimage\"},\"thumbnailUrl\":\"https:\\\/\\\/www.honlufoodtrailer.com\\\/wp-content\\\/uploads\\\/2022\\\/01\\\/Coffee-trailer-night-view.jpg\",\"datePublished\":\"2022-01-12T08:35:36+00:00\",\"dateModified\":\"2024-06-26T08:33:55+00:00\",\"description\":\"See various types of double decker food trailers we have customized for customers from the United States. UK, Canada etc. Get their price now!\",\"breadcrumb\":{\"@id\":\"https:\\\/\\\/www.honlufoodtrailer.com\\\/product\\\/double-decker-food-trailer\\\/#breadcrumb\"},\"inLanguage\":\"da-DK\",\"potentialAction\":[{\"@type\":\"ReadAction\",\"target\":[\"https:\\\/\\\/www.honlufoodtrailer.com\\\/product\\\/double-decker-food-trailer\\\/\"]}]},{\"@type\":\"ImageObject\",\"inLanguage\":\"da-DK\",\"@id\":\"https:\\\/\\\/www.honlufoodtrailer.com\\\/product\\\/double-decker-food-trailer\\\/#primaryimage\",\"url\":\"https:\\\/\\\/www.honlufoodtrailer.com\\\/wp-content\\\/uploads\\\/2022\\\/01\\\/Coffee-trailer-night-view.jpg\",\"contentUrl\":\"https:\\\/\\\/www.honlufoodtrailer.com\\\/wp-content\\\/uploads\\\/2022\\\/01\\\/Coffee-trailer-night-view.jpg\",\"width\":720,\"height\":540,\"caption\":\"Coffee trailer-night view\"},{\"@type\":\"BreadcrumbList\",\"@id\":\"https:\\\/\\\/www.honlufoodtrailer.com\\\/product\\\/double-decker-food-trailer\\\/#breadcrumb\",\"itemListElement\":[{\"@type\":\"ListItem\",\"position\":1,\"name\":\"Home\",\"item\":\"https:\\\/\\\/www.honlufoodtrailer.com\\\/\"},{\"@type\":\"ListItem\",\"position\":2,\"name\":\"\u4ea7\u54c1\",\"item\":\"https:\\\/\\\/www.honlufoodtrailer.com\\\/shop\\\/\"},{\"@type\":\"ListItem\",\"position\":3,\"name\":\"Double Decker Food Trailer\"}]},{\"@type\":\"WebSite\",\"@id\":\"https:\\\/\\\/www.honlufoodtrailer.com\\\/#website\",\"url\":\"https:\\\/\\\/www.honlufoodtrailer.com\\\/\",\"name\":\"Honlu food trailer\",\"description\":\"\",\"publisher\":{\"@id\":\"https:\\\/\\\/www.honlufoodtrailer.com\\\/#organization\"},\"potentialAction\":[{\"@type\":\"SearchAction\",\"target\":{\"@type\":\"EntryPoint\",\"urlTemplate\":\"https:\\\/\\\/www.honlufoodtrailer.com\\\/?s={search_term_string}\"},\"query-input\":{\"@type\":\"PropertyValueSpecification\",\"valueRequired\":true,\"valueName\":\"search_term_string\"}}],\"inLanguage\":\"da-DK\"},{\"@type\":\"Organization\",\"@id\":\"https:\\\/\\\/www.honlufoodtrailer.com\\\/#organization\",\"name\":\"Honlu food trailer\",\"url\":\"https:\\\/\\\/www.honlufoodtrailer.com\\\/\",\"logo\":{\"@type\":\"ImageObject\",\"inLanguage\":\"da-DK\",\"@id\":\"https:\\\/\\\/www.honlufoodtrailer.com\\\/#\\\/schema\\\/logo\\\/image\\\/\",\"url\":\"https:\\\/\\\/www.honlufoodtrailer.com\\\/wp-content\\\/uploads\\\/2021\\\/12\\\/2.gif\",\"contentUrl\":\"https:\\\/\\\/www.honlufoodtrailer.com\\\/wp-content\\\/uploads\\\/2021\\\/12\\\/2.gif\",\"width\":350,\"height\":100,\"caption\":\"Honlu food trailer\"},\"image\":{\"@id\":\"https:\\\/\\\/www.honlufoodtrailer.com\\\/#\\\/schema\\\/logo\\\/image\\\/\"}}]}<\/script>\n<!-- \/ Yoast SEO plugin. -->","yoast_head_json":{"title":"Double Decker Food Trailer from China Factory - Honlu Food Trailer","description":"See various types of double decker food trailers we have customized for customers from the United States. UK, Canada etc. Get their price now!","robots":{"index":"index","follow":"follow","max-snippet":"max-snippet:-1","max-image-preview":"max-image-preview:large","max-video-preview":"max-video-preview:-1"},"canonical":"https:\/\/www.honlufoodtrailer.com\/da\/product\/double-decker-food-trailer\/","og_locale":"da_DK","og_type":"article","og_title":"Double Decker Food Trailer from China Factory - Honlu Food Trailer","og_description":"See various types of double decker food trailers we have customized for customers from the United States. UK, Canada etc. Get their price now!","og_url":"https:\/\/www.honlufoodtrailer.com\/da\/product\/double-decker-food-trailer\/","og_site_name":"Honlu food trailer","article_modified_time":"2024-06-26T08:33:55+00:00","og_image":[{"width":720,"height":540,"url":"https:\/\/www.honlufoodtrailer.com\/wp-content\/uploads\/2022\/01\/Coffee-trailer-night-view.jpg","type":"image\/jpeg"}],"twitter_card":"summary_large_image","twitter_misc":{"Estimeret l\u00e6setid":"1 minut"},"schema":{"@context":"https:\/\/schema.org","@graph":[{"@type":"WebPage","@id":"https:\/\/www.honlufoodtrailer.com\/product\/double-decker-food-trailer\/","url":"https:\/\/www.honlufoodtrailer.com\/product\/double-decker-food-trailer\/","name":"Double Decker Food Trailer from China Factory - Honlu Food Trailer","isPartOf":{"@id":"https:\/\/www.honlufoodtrailer.com\/#website"},"primaryImageOfPage":{"@id":"https:\/\/www.honlufoodtrailer.com\/product\/double-decker-food-trailer\/#primaryimage"},"image":{"@id":"https:\/\/www.honlufoodtrailer.com\/product\/double-decker-food-trailer\/#primaryimage"},"thumbnailUrl":"https:\/\/www.honlufoodtrailer.com\/wp-content\/uploads\/2022\/01\/Coffee-trailer-night-view.jpg","datePublished":"2022-01-12T08:35:36+00:00","dateModified":"2024-06-26T08:33:55+00:00","description":"See various types of double decker food trailers we have customized for customers from the United States. UK, Canada etc. Get their price now!","breadcrumb":{"@id":"https:\/\/www.honlufoodtrailer.com\/product\/double-decker-food-trailer\/#breadcrumb"},"inLanguage":"da-DK","potentialAction":[{"@type":"ReadAction","target":["https:\/\/www.honlufoodtrailer.com\/product\/double-decker-food-trailer\/"]}]},{"@type":"ImageObject","inLanguage":"da-DK","@id":"https:\/\/www.honlufoodtrailer.com\/product\/double-decker-food-trailer\/#primaryimage","url":"https:\/\/www.honlufoodtrailer.com\/wp-content\/uploads\/2022\/01\/Coffee-trailer-night-view.jpg","contentUrl":"https:\/\/www.honlufoodtrailer.com\/wp-content\/uploads\/2022\/01\/Coffee-trailer-night-view.jpg","width":720,"height":540,"caption":"Coffee trailer-night view"},{"@type":"BreadcrumbList","@id":"https:\/\/www.honlufoodtrailer.com\/product\/double-decker-food-trailer\/#breadcrumb","itemListElement":[{"@type":"ListItem","position":1,"name":"Home","item":"https:\/\/www.honlufoodtrailer.com\/"},{"@type":"ListItem","position":2,"name":"\u4ea7\u54c1","item":"https:\/\/www.honlufoodtrailer.com\/shop\/"},{"@type":"ListItem","position":3,"name":"Double Decker Food Trailer"}]},{"@type":"WebSite","@id":"https:\/\/www.honlufoodtrailer.com\/#website","url":"https:\/\/www.honlufoodtrailer.com\/","name":"Honlu madtrailer","description":"","publisher":{"@id":"https:\/\/www.honlufoodtrailer.com\/#organization"},"potentialAction":[{"@type":"SearchAction","target":{"@type":"EntryPoint","urlTemplate":"https:\/\/www.honlufoodtrailer.com\/?s={search_term_string}"},"query-input":{"@type":"PropertyValueSpecification","valueRequired":true,"valueName":"search_term_string"}}],"inLanguage":"da-DK"},{"@type":"Organization","@id":"https:\/\/www.honlufoodtrailer.com\/#organization","name":"Honlu madtrailer","url":"https:\/\/www.honlufoodtrailer.com\/","logo":{"@type":"ImageObject","inLanguage":"da-DK","@id":"https:\/\/www.honlufoodtrailer.com\/#\/schema\/logo\/image\/","url":"https:\/\/www.honlufoodtrailer.com\/wp-content\/uploads\/2021\/12\/2.gif","contentUrl":"https:\/\/www.honlufoodtrailer.com\/wp-content\/uploads\/2021\/12\/2.gif","width":350,"height":100,"caption":"Honlu food trailer"},"image":{"@id":"https:\/\/www.honlufoodtrailer.com\/#\/schema\/logo\/image\/"}}]}},"_links":{"self":[{"href":"https:\/\/www.honlufoodtrailer.com\/da\/wp-json\/wp\/v2\/product\/2058","targetHints":{"allow":["GET"]}}],"collection":[{"href":"https:\/\/www.honlufoodtrailer.com\/da\/wp-json\/wp\/v2\/product"}],"about":[{"href":"https:\/\/www.honlufoodtrailer.com\/da\/wp-json\/wp\/v2\/types\/product"}],"version-history":[{"count":22,"href":"https:\/\/www.honlufoodtrailer.com\/da\/wp-json\/wp\/v2\/product\/2058\/revisions"}],"predecessor-version":[{"id":7928,"href":"https:\/\/www.honlufoodtrailer.com\/da\/wp-json\/wp\/v2\/product\/2058\/revisions\/7928"}],"wp:featuredmedia":[{"embeddable":true,"href":"https:\/\/www.honlufoodtrailer.com\/da\/wp-json\/wp\/v2\/media\/1779"}],"wp:attachment":[{"href":"https:\/\/www.honlufoodtrailer.com\/da\/wp-json\/wp\/v2\/media?parent=2058"}],"wp:term":[{"taxonomy":"product_brand","embeddable":true,"href":"https:\/\/www.honlufoodtrailer.com\/da\/wp-json\/wp\/v2\/product_brand?post=2058"},{"taxonomy":"product_cat","embeddable":true,"href":"https:\/\/www.honlufoodtrailer.com\/da\/wp-json\/wp\/v2\/product_cat?post=2058"},{"taxonomy":"product_tag","embeddable":true,"href":"https:\/\/www.honlufoodtrailer.com\/da\/wp-json\/wp\/v2\/product_tag?post=2058"}],"curies":[{"name":"wp","href":"https:\/\/api.w.org\/{rel}","templated":true}]}}