{"id":2260,"date":"2022-01-14T09:47:30","date_gmt":"2022-01-14T01:47:30","guid":{"rendered":"https:\/\/www.honlufoodtrailer.com\/?post_type=product&#038;p=2260"},"modified":"2024-06-26T15:05:50","modified_gmt":"2024-06-26T07:05:50","slug":"square-food-trailer","status":"publish","type":"product","link":"https:\/\/www.honlufoodtrailer.com\/da\/product\/square-food-trailer\/","title":{"rendered":"Firkantet madtrailer"},"content":{"rendered":"<p data-spm-anchor-id=\"a2700.wholesale.0.i28.29e52808agqc7f\">Foodtrucks kan bruges til at s\u00e6lge alt fra hotdogs, detailhandel, blomsterforretninger, sandwich, kaffe, is osv. Vi er CE-certificerede for at hj\u00e6lpe dig med at starte en mobil virksomhed.<\/p>\n<p data-spm-anchor-id=\"a2700.wholesale.0.i28.29e52808agqc7f\">Madtrailere kan ogs\u00e5 kaldes madvogne, madvogne, food trucks osv. De kan bruges til at s\u00e6lge fastfood, snacks, aviser, b\u00f8ger osv. De best\u00e5r af chassis, karosseri, gulv, arbejdsbord, vandsystem, elsystem. Brugere kan ogs\u00e5 v\u00e6lge den \u00f8nskede farve. Vi vil gerne k\u00f8be andre typer udstyr, hvis kunderne \u00f8nsker det.<\/p>\n<p data-spm-anchor-id=\"a2700.wholesale.0.i28.29e52808agqc7f\"><img fetchpriority=\"high\" decoding=\"async\" class=\"aligncenter size-full wp-image-2265\" src=\"https:\/\/www.honlufoodtrailer.com\/wp-content\/uploads\/2022\/01\/Food-trailer-21-8132-3.jpg\" alt=\"Square Food trailer\" width=\"720\" height=\"540\" srcset=\"https:\/\/www.honlufoodtrailer.com\/wp-content\/uploads\/2022\/01\/Food-trailer-21-8132-3.jpg 720w, https:\/\/www.honlufoodtrailer.com\/wp-content\/uploads\/2022\/01\/Food-trailer-21-8132-3-300x225.jpg 300w\" sizes=\"(max-width: 720px) 100vw, 720px\" \/><\/p>\n<p data-spm-anchor-id=\"a2700.wholesale.0.i28.29e52808agqc7f\">Denne model af foodtrailer er den foretrukne model til opstart af fastfoodvirksomheder, bulkindk\u00f8b i indk\u00f8bscentre, samlet ledelse af fastfood p\u00e5 gaden og familiepicnics.<\/p>\n<h3 class=\"magic-6\" data-spm-anchor-id=\"a2700.wholesale.0.i28.29e52808agqc7f\">Hovedfunktioner ved den mobile madtrailer<\/h3>\n<div class=\"magic-7\">\n<div class=\"magic-8\">\n<div class=\"magic-9\" data-id=\"paragraph0\">\n<ol>\n<li>Moderigtigt udseende, som er attraktivt;<\/li>\n<li>Rustfrit st\u00e5lmateriale, det er af fremragende kvalitet;<\/li>\n<li>Moderne og avanceret tilbeh\u00f8r udstyret i den mobile madvogn;<\/li>\n<li>Praktisk og nem at flytte;<\/li>\n<li>En r\u00e6kke farver er tilg\u00e6ngelige;<\/li>\n<li>Vi er glade for at tilpasse det til dine behov.<\/li>\n<\/ol>\n<p><img decoding=\"async\" class=\"aligncenter size-full wp-image-2261\" src=\"https:\/\/www.honlufoodtrailer.com\/wp-content\/uploads\/2022\/01\/Food-trailer-21-8132.jpg\" alt=\"Square Food trailer\" width=\"720\" height=\"540\" srcset=\"https:\/\/www.honlufoodtrailer.com\/wp-content\/uploads\/2022\/01\/Food-trailer-21-8132.jpg 720w, https:\/\/www.honlufoodtrailer.com\/wp-content\/uploads\/2022\/01\/Food-trailer-21-8132-300x225.jpg 300w\" sizes=\"(max-width: 720px) 100vw, 720px\" \/>Efter at have bekr\u00e6ftet dimensionerne p\u00e5 madvognen og det indvendige k\u00f8kkenudstyr, kan vi gratis give dig 3D-tegninger. Dette vil give dig en klarere id\u00e9 om dit design og din madvogn. N\u00e5r vi bekr\u00e6fter placeringen af k\u00f8kkenudstyret, kan vi kommunikere tydeligt med dig via plantegningen. Vi kan ogs\u00e5 give dig originale dokumenter for at lette dit design og foretage justeringer.<\/p>\n<\/div>\n<\/div>\n<\/div>","protected":false},"excerpt":{"rendered":"<p>Denne model af foodtrailer er den foretrukne model til opstart af fastfoodvirksomheder, bulkindk\u00f8b i indk\u00f8bscentre, samlet ledelse af fastfood p\u00e5 gaden og familiepicnics.<\/p>","protected":false},"featured_media":2265,"template":"","meta":{"_themeisle_gutenberg_block_has_review":false},"product_brand":[],"product_cat":[26],"product_tag":[33,41,38],"class_list":{"0":"post-2260","1":"product","2":"type-product","3":"status-publish","4":"has-post-thumbnail","6":"product_cat-product","7":"product_tag-customized-trailer","8":"product_tag-galvanized-trailer","9":"product_tag-mobile-food-trailer","11":"first","12":"instock","13":"shipping-taxable","14":"product-type-simple"},"yoast_head":"<!-- This site is optimized with the Yoast SEO plugin v27.4 - https:\/\/yoast.com\/product\/yoast-seo-wordpress\/ -->\n<title>Square Food Trailer From China Factory - Honlu Food Trailer<\/title>\n<meta name=\"description\" content=\"Popular square food trailer with reasonable price, customized service, high quality, contact us now to see what you can get from us!\" \/>\n<meta name=\"robots\" content=\"index, follow, max-snippet:-1, max-image-preview:large, max-video-preview:-1\" \/>\n<link rel=\"canonical\" href=\"https:\/\/www.honlufoodtrailer.com\/da\/product\/square-food-trailer\/\" \/>\n<meta property=\"og:locale\" content=\"da_DK\" \/>\n<meta property=\"og:type\" content=\"article\" \/>\n<meta property=\"og:title\" content=\"Square Food Trailer From China Factory - Honlu Food Trailer\" \/>\n<meta property=\"og:description\" content=\"Popular square food trailer with reasonable price, customized service, high quality, contact us now to see what you can get from us!\" \/>\n<meta property=\"og:url\" content=\"https:\/\/www.honlufoodtrailer.com\/da\/product\/square-food-trailer\/\" \/>\n<meta property=\"og:site_name\" content=\"Honlu food trailer\" \/>\n<meta property=\"article:modified_time\" content=\"2024-06-26T07:05:50+00:00\" \/>\n<meta property=\"og:image\" content=\"https:\/\/www.honlufoodtrailer.com\/wp-content\/uploads\/2022\/01\/Food-trailer-21-8132-3.jpg\" \/>\n\t<meta property=\"og:image:width\" content=\"720\" \/>\n\t<meta property=\"og:image:height\" content=\"540\" \/>\n\t<meta property=\"og:image:type\" content=\"image\/jpeg\" \/>\n<meta name=\"twitter:card\" content=\"summary_large_image\" \/>\n<meta name=\"twitter:label1\" content=\"Estimeret l\u00e6setid\" \/>\n\t<meta name=\"twitter:data1\" content=\"2 minutter\" \/>\n<script type=\"application\/ld+json\" class=\"yoast-schema-graph\">{\"@context\":\"https:\\\/\\\/schema.org\",\"@graph\":[{\"@type\":\"WebPage\",\"@id\":\"https:\\\/\\\/www.honlufoodtrailer.com\\\/product\\\/square-food-trailer\\\/\",\"url\":\"https:\\\/\\\/www.honlufoodtrailer.com\\\/product\\\/square-food-trailer\\\/\",\"name\":\"Square Food Trailer From China Factory - Honlu Food Trailer\",\"isPartOf\":{\"@id\":\"https:\\\/\\\/www.honlufoodtrailer.com\\\/#website\"},\"primaryImageOfPage\":{\"@id\":\"https:\\\/\\\/www.honlufoodtrailer.com\\\/product\\\/square-food-trailer\\\/#primaryimage\"},\"image\":{\"@id\":\"https:\\\/\\\/www.honlufoodtrailer.com\\\/product\\\/square-food-trailer\\\/#primaryimage\"},\"thumbnailUrl\":\"https:\\\/\\\/www.honlufoodtrailer.com\\\/wp-content\\\/uploads\\\/2022\\\/01\\\/Food-trailer-21-8132-3.jpg\",\"datePublished\":\"2022-01-14T01:47:30+00:00\",\"dateModified\":\"2024-06-26T07:05:50+00:00\",\"description\":\"Popular square food trailer with reasonable price, customized service, high quality, contact us now to see what you can get from us!\",\"breadcrumb\":{\"@id\":\"https:\\\/\\\/www.honlufoodtrailer.com\\\/product\\\/square-food-trailer\\\/#breadcrumb\"},\"inLanguage\":\"da-DK\",\"potentialAction\":[{\"@type\":\"ReadAction\",\"target\":[\"https:\\\/\\\/www.honlufoodtrailer.com\\\/product\\\/square-food-trailer\\\/\"]}]},{\"@type\":\"ImageObject\",\"inLanguage\":\"da-DK\",\"@id\":\"https:\\\/\\\/www.honlufoodtrailer.com\\\/product\\\/square-food-trailer\\\/#primaryimage\",\"url\":\"https:\\\/\\\/www.honlufoodtrailer.com\\\/wp-content\\\/uploads\\\/2022\\\/01\\\/Food-trailer-21-8132-3.jpg\",\"contentUrl\":\"https:\\\/\\\/www.honlufoodtrailer.com\\\/wp-content\\\/uploads\\\/2022\\\/01\\\/Food-trailer-21-8132-3.jpg\",\"width\":720,\"height\":540,\"caption\":\"Square Food trailer\"},{\"@type\":\"BreadcrumbList\",\"@id\":\"https:\\\/\\\/www.honlufoodtrailer.com\\\/product\\\/square-food-trailer\\\/#breadcrumb\",\"itemListElement\":[{\"@type\":\"ListItem\",\"position\":1,\"name\":\"Home\",\"item\":\"https:\\\/\\\/www.honlufoodtrailer.com\\\/\"},{\"@type\":\"ListItem\",\"position\":2,\"name\":\"\u4ea7\u54c1\",\"item\":\"https:\\\/\\\/www.honlufoodtrailer.com\\\/shop\\\/\"},{\"@type\":\"ListItem\",\"position\":3,\"name\":\"Square Food Trailer\"}]},{\"@type\":\"WebSite\",\"@id\":\"https:\\\/\\\/www.honlufoodtrailer.com\\\/#website\",\"url\":\"https:\\\/\\\/www.honlufoodtrailer.com\\\/\",\"name\":\"Honlu food trailer\",\"description\":\"\",\"publisher\":{\"@id\":\"https:\\\/\\\/www.honlufoodtrailer.com\\\/#organization\"},\"potentialAction\":[{\"@type\":\"SearchAction\",\"target\":{\"@type\":\"EntryPoint\",\"urlTemplate\":\"https:\\\/\\\/www.honlufoodtrailer.com\\\/?s={search_term_string}\"},\"query-input\":{\"@type\":\"PropertyValueSpecification\",\"valueRequired\":true,\"valueName\":\"search_term_string\"}}],\"inLanguage\":\"da-DK\"},{\"@type\":\"Organization\",\"@id\":\"https:\\\/\\\/www.honlufoodtrailer.com\\\/#organization\",\"name\":\"Honlu food trailer\",\"url\":\"https:\\\/\\\/www.honlufoodtrailer.com\\\/\",\"logo\":{\"@type\":\"ImageObject\",\"inLanguage\":\"da-DK\",\"@id\":\"https:\\\/\\\/www.honlufoodtrailer.com\\\/#\\\/schema\\\/logo\\\/image\\\/\",\"url\":\"https:\\\/\\\/www.honlufoodtrailer.com\\\/wp-content\\\/uploads\\\/2021\\\/12\\\/2.gif\",\"contentUrl\":\"https:\\\/\\\/www.honlufoodtrailer.com\\\/wp-content\\\/uploads\\\/2021\\\/12\\\/2.gif\",\"width\":350,\"height\":100,\"caption\":\"Honlu food trailer\"},\"image\":{\"@id\":\"https:\\\/\\\/www.honlufoodtrailer.com\\\/#\\\/schema\\\/logo\\\/image\\\/\"}}]}<\/script>\n<!-- \/ Yoast SEO plugin. -->","yoast_head_json":{"title":"Firkantet madtrailer fra kinesisk fabrik - Honlu madtrailer","description":"Popul\u00e6r firkantet madtrailer med rimelig pris, tilpasset service, h\u00f8j kvalitet, kontakt os nu for at se, hvad du kan f\u00e5 fra os!","robots":{"index":"index","follow":"follow","max-snippet":"max-snippet:-1","max-image-preview":"max-image-preview:large","max-video-preview":"max-video-preview:-1"},"canonical":"https:\/\/www.honlufoodtrailer.com\/da\/product\/square-food-trailer\/","og_locale":"da_DK","og_type":"article","og_title":"Square Food Trailer From China Factory - Honlu Food Trailer","og_description":"Popular square food trailer with reasonable price, customized service, high quality, contact us now to see what you can get from us!","og_url":"https:\/\/www.honlufoodtrailer.com\/da\/product\/square-food-trailer\/","og_site_name":"Honlu food trailer","article_modified_time":"2024-06-26T07:05:50+00:00","og_image":[{"width":720,"height":540,"url":"https:\/\/www.honlufoodtrailer.com\/wp-content\/uploads\/2022\/01\/Food-trailer-21-8132-3.jpg","type":"image\/jpeg"}],"twitter_card":"summary_large_image","twitter_misc":{"Estimeret l\u00e6setid":"2 minutter"},"schema":{"@context":"https:\/\/schema.org","@graph":[{"@type":"WebPage","@id":"https:\/\/www.honlufoodtrailer.com\/product\/square-food-trailer\/","url":"https:\/\/www.honlufoodtrailer.com\/product\/square-food-trailer\/","name":"Firkantet madtrailer fra kinesisk fabrik - Honlu madtrailer","isPartOf":{"@id":"https:\/\/www.honlufoodtrailer.com\/#website"},"primaryImageOfPage":{"@id":"https:\/\/www.honlufoodtrailer.com\/product\/square-food-trailer\/#primaryimage"},"image":{"@id":"https:\/\/www.honlufoodtrailer.com\/product\/square-food-trailer\/#primaryimage"},"thumbnailUrl":"https:\/\/www.honlufoodtrailer.com\/wp-content\/uploads\/2022\/01\/Food-trailer-21-8132-3.jpg","datePublished":"2022-01-14T01:47:30+00:00","dateModified":"2024-06-26T07:05:50+00:00","description":"Popul\u00e6r firkantet madtrailer med rimelig pris, tilpasset service, h\u00f8j kvalitet, kontakt os nu for at se, hvad du kan f\u00e5 fra os!","breadcrumb":{"@id":"https:\/\/www.honlufoodtrailer.com\/product\/square-food-trailer\/#breadcrumb"},"inLanguage":"da-DK","potentialAction":[{"@type":"ReadAction","target":["https:\/\/www.honlufoodtrailer.com\/product\/square-food-trailer\/"]}]},{"@type":"ImageObject","inLanguage":"da-DK","@id":"https:\/\/www.honlufoodtrailer.com\/product\/square-food-trailer\/#primaryimage","url":"https:\/\/www.honlufoodtrailer.com\/wp-content\/uploads\/2022\/01\/Food-trailer-21-8132-3.jpg","contentUrl":"https:\/\/www.honlufoodtrailer.com\/wp-content\/uploads\/2022\/01\/Food-trailer-21-8132-3.jpg","width":720,"height":540,"caption":"Square Food trailer"},{"@type":"BreadcrumbList","@id":"https:\/\/www.honlufoodtrailer.com\/product\/square-food-trailer\/#breadcrumb","itemListElement":[{"@type":"ListItem","position":1,"name":"Home","item":"https:\/\/www.honlufoodtrailer.com\/"},{"@type":"ListItem","position":2,"name":"\u4ea7\u54c1","item":"https:\/\/www.honlufoodtrailer.com\/shop\/"},{"@type":"ListItem","position":3,"name":"Square Food Trailer"}]},{"@type":"WebSite","@id":"https:\/\/www.honlufoodtrailer.com\/#website","url":"https:\/\/www.honlufoodtrailer.com\/","name":"Honlu madtrailer","description":"","publisher":{"@id":"https:\/\/www.honlufoodtrailer.com\/#organization"},"potentialAction":[{"@type":"SearchAction","target":{"@type":"EntryPoint","urlTemplate":"https:\/\/www.honlufoodtrailer.com\/?s={search_term_string}"},"query-input":{"@type":"PropertyValueSpecification","valueRequired":true,"valueName":"search_term_string"}}],"inLanguage":"da-DK"},{"@type":"Organization","@id":"https:\/\/www.honlufoodtrailer.com\/#organization","name":"Honlu madtrailer","url":"https:\/\/www.honlufoodtrailer.com\/","logo":{"@type":"ImageObject","inLanguage":"da-DK","@id":"https:\/\/www.honlufoodtrailer.com\/#\/schema\/logo\/image\/","url":"https:\/\/www.honlufoodtrailer.com\/wp-content\/uploads\/2021\/12\/2.gif","contentUrl":"https:\/\/www.honlufoodtrailer.com\/wp-content\/uploads\/2021\/12\/2.gif","width":350,"height":100,"caption":"Honlu food trailer"},"image":{"@id":"https:\/\/www.honlufoodtrailer.com\/#\/schema\/logo\/image\/"}}]}},"_links":{"self":[{"href":"https:\/\/www.honlufoodtrailer.com\/da\/wp-json\/wp\/v2\/product\/2260","targetHints":{"allow":["GET"]}}],"collection":[{"href":"https:\/\/www.honlufoodtrailer.com\/da\/wp-json\/wp\/v2\/product"}],"about":[{"href":"https:\/\/www.honlufoodtrailer.com\/da\/wp-json\/wp\/v2\/types\/product"}],"version-history":[{"count":3,"href":"https:\/\/www.honlufoodtrailer.com\/da\/wp-json\/wp\/v2\/product\/2260\/revisions"}],"predecessor-version":[{"id":7927,"href":"https:\/\/www.honlufoodtrailer.com\/da\/wp-json\/wp\/v2\/product\/2260\/revisions\/7927"}],"wp:featuredmedia":[{"embeddable":true,"href":"https:\/\/www.honlufoodtrailer.com\/da\/wp-json\/wp\/v2\/media\/2265"}],"wp:attachment":[{"href":"https:\/\/www.honlufoodtrailer.com\/da\/wp-json\/wp\/v2\/media?parent=2260"}],"wp:term":[{"taxonomy":"product_brand","embeddable":true,"href":"https:\/\/www.honlufoodtrailer.com\/da\/wp-json\/wp\/v2\/product_brand?post=2260"},{"taxonomy":"product_cat","embeddable":true,"href":"https:\/\/www.honlufoodtrailer.com\/da\/wp-json\/wp\/v2\/product_cat?post=2260"},{"taxonomy":"product_tag","embeddable":true,"href":"https:\/\/www.honlufoodtrailer.com\/da\/wp-json\/wp\/v2\/product_tag?post=2260"}],"curies":[{"name":"wp","href":"https:\/\/api.w.org\/{rel}","templated":true}]}}