{"id":2836,"date":"2022-02-11T15:59:41","date_gmt":"2022-02-11T07:59:41","guid":{"rendered":"https:\/\/www.honlufoodtrailer.com\/?post_type=product&#038;p=2836"},"modified":"2024-05-09T17:00:46","modified_gmt":"2024-05-09T09:00:46","slug":"green-square-food-trailer","status":"publish","type":"product","link":"https:\/\/www.honlufoodtrailer.com\/da\/product\/green-square-food-trailer\/","title":{"rendered":"16 fods gr\u00f8n firkantet madtrailer"},"content":{"rendered":"<p data-spm-anchor-id=\"a2700.wholesale.0.i28.29e52808agqc7f\">Hello, everyone! Today, I will show you one of the 16ft green square food trailer we have manufactured for a customer. This is a customized 16ft green square food trailer. The whole vehicle adopts stainless steel body and operating table. It can be applied for selling anything from hot dogs, retail operations, flower operations, sandwiches, coffee, ice cream, etc. We have CE certified to help you to start a mobile business. Now, let&#8217;s see some pictures of this green food trailer.<\/p>\n<p><img fetchpriority=\"high\" decoding=\"async\" class=\"size-full wp-image-2839 aligncenter\" src=\"https:\/\/www.honlufoodtrailer.com\/wp-content\/uploads\/2022\/02\/Green-square-food-trailer-21-8115-2.jpg\" alt=\"Green square food trailer-21-8115 (2)\" width=\"720\" height=\"540\" srcset=\"https:\/\/www.honlufoodtrailer.com\/wp-content\/uploads\/2022\/02\/Green-square-food-trailer-21-8115-2.jpg 720w, https:\/\/www.honlufoodtrailer.com\/wp-content\/uploads\/2022\/02\/Green-square-food-trailer-21-8115-2-300x225.jpg 300w\" sizes=\"(max-width: 720px) 100vw, 720px\" \/><br \/>\nAs we can see, this green food trailer has a big window in the front. That will be very convenient for people to order and pick up food. Also, this green color is very appealing in the crowd.<br \/>\n<img decoding=\"async\" class=\"size-full wp-image-2842 aligncenter\" src=\"https:\/\/www.honlufoodtrailer.com\/wp-content\/uploads\/2022\/02\/Green-square-food-trailer-21-8115-5.jpg\" alt=\"Green square food trailer-21-8115 (5)\" width=\"720\" height=\"540\" srcset=\"https:\/\/www.honlufoodtrailer.com\/wp-content\/uploads\/2022\/02\/Green-square-food-trailer-21-8115-5.jpg 720w, https:\/\/www.honlufoodtrailer.com\/wp-content\/uploads\/2022\/02\/Green-square-food-trailer-21-8115-5-300x225.jpg 300w\" sizes=\"(max-width: 720px) 100vw, 720px\" \/><\/p>\n<h3>Inner Details of This 16ft Green Square Food Trailer<\/h3>\n<p>Now, let&#8217;s see the inner detail of this 16ft green square food trailer.<\/p>\n<p><img decoding=\"async\" class=\"aligncenter size-full wp-image-2845\" src=\"https:\/\/www.honlufoodtrailer.com\/wp-content\/uploads\/2022\/02\/Green-square-food-trailer-21-8115-8.jpg\" alt=\"Green square food trailer-21-8115 (8)\" width=\"720\" height=\"540\" srcset=\"https:\/\/www.honlufoodtrailer.com\/wp-content\/uploads\/2022\/02\/Green-square-food-trailer-21-8115-8.jpg 720w, https:\/\/www.honlufoodtrailer.com\/wp-content\/uploads\/2022\/02\/Green-square-food-trailer-21-8115-8-300x225.jpg 300w\" sizes=\"(max-width: 720px) 100vw, 720px\" \/><br \/>\n<img loading=\"lazy\" decoding=\"async\" class=\"aligncenter size-full wp-image-7646\" src=\"https:\/\/www.honlufoodtrailer.com\/wp-content\/uploads\/2022\/02\/16ft-green-food-trailer-inner-details.jpg\" alt=\"16ft green food trailer inner details\" width=\"800\" height=\"800\" srcset=\"https:\/\/www.honlufoodtrailer.com\/wp-content\/uploads\/2022\/02\/16ft-green-food-trailer-inner-details.jpg 800w, https:\/\/www.honlufoodtrailer.com\/wp-content\/uploads\/2022\/02\/16ft-green-food-trailer-inner-details-768x768.jpg 768w, https:\/\/www.honlufoodtrailer.com\/wp-content\/uploads\/2022\/02\/16ft-green-food-trailer-inner-details-360x360.jpg 360w, https:\/\/www.honlufoodtrailer.com\/wp-content\/uploads\/2022\/02\/16ft-green-food-trailer-inner-details-300x300.jpg 300w, https:\/\/www.honlufoodtrailer.com\/wp-content\/uploads\/2022\/02\/16ft-green-food-trailer-inner-details-720x720.jpg 720w, https:\/\/www.honlufoodtrailer.com\/wp-content\/uploads\/2022\/02\/16ft-green-food-trailer-inner-details-100x100.jpg 100w\" sizes=\"(max-width: 800px) 100vw, 800px\" \/><\/p>\n<p data-spm-anchor-id=\"a2700.wholesale.0.i28.29e52808agqc7f\">The workbench and inner wall inside the car body are all made of food-grade stainless steel. And according to customer needs, it is equipped with deep fryers, pizza oven, customized three sinks, gas stoves, range hoods, and other equipment. We would like to purchase other types of equipment based on customers\u2019 needs.<\/p>\n<h3>More Details of This 16ft Green Square Food Trailer<\/h3>\n<p data-spm-anchor-id=\"a2700.wholesale.0.i28.29e52808agqc7f\">See more details of this 16ft green square food trailer through the following picture.<\/p>\n<p data-spm-anchor-id=\"a2700.wholesale.0.i28.29e52808agqc7f\"><img loading=\"lazy\" decoding=\"async\" class=\"aligncenter size-full wp-image-7648\" src=\"https:\/\/www.honlufoodtrailer.com\/wp-content\/uploads\/2022\/02\/16ft-green-food-trailer-more-details.jpg\" alt=\"16ft green food trailer more details\" width=\"800\" height=\"800\" srcset=\"https:\/\/www.honlufoodtrailer.com\/wp-content\/uploads\/2022\/02\/16ft-green-food-trailer-more-details.jpg 800w, https:\/\/www.honlufoodtrailer.com\/wp-content\/uploads\/2022\/02\/16ft-green-food-trailer-more-details-768x768.jpg 768w, https:\/\/www.honlufoodtrailer.com\/wp-content\/uploads\/2022\/02\/16ft-green-food-trailer-more-details-360x360.jpg 360w, https:\/\/www.honlufoodtrailer.com\/wp-content\/uploads\/2022\/02\/16ft-green-food-trailer-more-details-300x300.jpg 300w, https:\/\/www.honlufoodtrailer.com\/wp-content\/uploads\/2022\/02\/16ft-green-food-trailer-more-details-720x720.jpg 720w, https:\/\/www.honlufoodtrailer.com\/wp-content\/uploads\/2022\/02\/16ft-green-food-trailer-more-details-100x100.jpg 100w\" sizes=\"(max-width: 800px) 100vw, 800px\" \/><\/p>\n<p data-spm-anchor-id=\"a2700.wholesale.0.i28.29e52808agqc7f\">Madtrailere kan ogs\u00e5 kaldes madvogne, madvogne, food trucks osv. De kan bruges til at s\u00e6lge fastfood, snacks, aviser, b\u00f8ger osv. De best\u00e5r af chassis, karosseri, gulv, arbejdsbord, vandsystem, elsystem. Brugere kan ogs\u00e5 v\u00e6lge den \u00f8nskede farve. Vi vil gerne k\u00f8be andre typer udstyr, hvis kunderne \u00f8nsker det.<\/p>\n<h3 class=\"magic-6\" data-spm-anchor-id=\"a2700.wholesale.0.i28.29e52808agqc7f\">Hovedtr\u00e6k ved den firkantede madtrailer<\/h3>\n<div class=\"magic-7\">\n<div class=\"magic-8\">\n<div class=\"magic-9\" data-id=\"paragraph0\">\n<ol>\n<li>Moderigtigt udseende kan tilpasses;<\/li>\n<li>Trailerhus og indvendig struktur i rustfrit st\u00e5l, god varmebestandighed, slidstyrke, korrosionsbestandighed;<\/li>\n<li>Moderne og avanceret tilbeh\u00f8r udstyret i den mobile madtrailer;<\/li>\n<li>Det er st\u00f8dbestandigt og vanskeligt at korrosionere, har h\u00f8j varmebestandighed og styrke, h\u00f8j farve\u00e6gthed, ingen deformation, er vandt\u00e6t og har lang levetid;<\/li>\n<li>Vi er glade for at \u00e6ndre det efter dine behov.<\/li>\n<\/ol>\n<h3>Gratis 2D\/3D plantegning<\/h3>\n<p>Efter at have bekr\u00e6ftet dimensionerne p\u00e5 madvognen og det indvendige k\u00f8kkenudstyr, kan vi gratis give dig 3D-tegninger. Dette vil give dig en klarere id\u00e9 om dit design og din madvogn. N\u00e5r vi bekr\u00e6fter placeringen af k\u00f8kkenudstyret, kan vi kommunikere tydeligt med dig via plantegningen. Vi kan ogs\u00e5 give dig originale dokumenter for at lette dit design og foretage justeringer.<\/p>\n<\/div>\n<\/div>\n<\/div>","protected":false},"excerpt":{"rendered":"<p data-spm-anchor-id=\"a2700.wholesale.0.i28.29e52808agqc7f\">This is a customized 16ft green square food trailer. The whole vehicle adopts stainless steel body and operating table. It can be applied for selling anything from hot dogs, retail operations, flower operations, sandwiches, coffee, ice cream, etc. We have CE certified to help you to start a mobile business.<\/p>","protected":false},"featured_media":2838,"template":"","meta":{"_themeisle_gutenberg_block_has_review":false},"product_brand":[],"product_cat":[26],"product_tag":[33,41,38],"class_list":{"0":"post-2836","1":"product","2":"type-product","3":"status-publish","4":"has-post-thumbnail","6":"product_cat-product","7":"product_tag-customized-trailer","8":"product_tag-galvanized-trailer","9":"product_tag-mobile-food-trailer","11":"first","12":"instock","13":"shipping-taxable","14":"product-type-simple"},"yoast_head":"<!-- This site is optimized with the Yoast SEO plugin v27.4 - https:\/\/yoast.com\/product\/yoast-seo-wordpress\/ -->\n<title>16ft Green Square Food Trailer - Honlu food trailer<\/title>\n<meta name=\"description\" content=\"This is a standard black square food trailer. The whole vehicle adopts stainless steel body and operating table. It can be applied for selling anything from hot dogs, retail operations, flower operations, sandwiches, coffee, ice cream, etc. We have CE certified to help you to start a mobile business.\" \/>\n<meta name=\"robots\" content=\"index, follow, max-snippet:-1, max-image-preview:large, max-video-preview:-1\" \/>\n<link rel=\"canonical\" href=\"https:\/\/www.honlufoodtrailer.com\/da\/product\/green-square-food-trailer\/\" \/>\n<meta property=\"og:locale\" content=\"da_DK\" \/>\n<meta property=\"og:type\" content=\"article\" \/>\n<meta property=\"og:title\" content=\"16ft Green Square Food Trailer - Honlu food trailer\" \/>\n<meta property=\"og:description\" content=\"This is a standard black square food trailer. The whole vehicle adopts stainless steel body and operating table. It can be applied for selling anything from hot dogs, retail operations, flower operations, sandwiches, coffee, ice cream, etc. We have CE certified to help you to start a mobile business.\" \/>\n<meta property=\"og:url\" content=\"https:\/\/www.honlufoodtrailer.com\/da\/product\/green-square-food-trailer\/\" \/>\n<meta property=\"og:site_name\" content=\"Honlu food trailer\" \/>\n<meta property=\"article:modified_time\" content=\"2024-05-09T09:00:46+00:00\" \/>\n<meta property=\"og:image\" content=\"https:\/\/www.honlufoodtrailer.com\/wp-content\/uploads\/2022\/02\/Green-square-food-trailer-21-8115-1.jpg\" \/>\n\t<meta property=\"og:image:width\" content=\"720\" \/>\n\t<meta property=\"og:image:height\" content=\"540\" \/>\n\t<meta property=\"og:image:type\" content=\"image\/jpeg\" \/>\n<meta name=\"twitter:card\" content=\"summary_large_image\" \/>\n<meta name=\"twitter:label1\" content=\"Estimeret l\u00e6setid\" \/>\n\t<meta name=\"twitter:data1\" content=\"2 minutter\" \/>\n<script type=\"application\/ld+json\" class=\"yoast-schema-graph\">{\"@context\":\"https:\\\/\\\/schema.org\",\"@graph\":[{\"@type\":\"WebPage\",\"@id\":\"https:\\\/\\\/www.honlufoodtrailer.com\\\/product\\\/green-square-food-trailer\\\/\",\"url\":\"https:\\\/\\\/www.honlufoodtrailer.com\\\/product\\\/green-square-food-trailer\\\/\",\"name\":\"16ft Green Square Food Trailer - Honlu food trailer\",\"isPartOf\":{\"@id\":\"https:\\\/\\\/www.honlufoodtrailer.com\\\/#website\"},\"primaryImageOfPage\":{\"@id\":\"https:\\\/\\\/www.honlufoodtrailer.com\\\/product\\\/green-square-food-trailer\\\/#primaryimage\"},\"image\":{\"@id\":\"https:\\\/\\\/www.honlufoodtrailer.com\\\/product\\\/green-square-food-trailer\\\/#primaryimage\"},\"thumbnailUrl\":\"https:\\\/\\\/www.honlufoodtrailer.com\\\/wp-content\\\/uploads\\\/2022\\\/02\\\/Green-square-food-trailer-21-8115-1.jpg\",\"datePublished\":\"2022-02-11T07:59:41+00:00\",\"dateModified\":\"2024-05-09T09:00:46+00:00\",\"description\":\"This is a standard black square food trailer. The whole vehicle adopts stainless steel body and operating table. It can be applied for selling anything from hot dogs, retail operations, flower operations, sandwiches, coffee, ice cream, etc. We have CE certified to help you to start a mobile business.\",\"breadcrumb\":{\"@id\":\"https:\\\/\\\/www.honlufoodtrailer.com\\\/product\\\/green-square-food-trailer\\\/#breadcrumb\"},\"inLanguage\":\"da-DK\",\"potentialAction\":[{\"@type\":\"ReadAction\",\"target\":[\"https:\\\/\\\/www.honlufoodtrailer.com\\\/product\\\/green-square-food-trailer\\\/\"]}]},{\"@type\":\"ImageObject\",\"inLanguage\":\"da-DK\",\"@id\":\"https:\\\/\\\/www.honlufoodtrailer.com\\\/product\\\/green-square-food-trailer\\\/#primaryimage\",\"url\":\"https:\\\/\\\/www.honlufoodtrailer.com\\\/wp-content\\\/uploads\\\/2022\\\/02\\\/Green-square-food-trailer-21-8115-1.jpg\",\"contentUrl\":\"https:\\\/\\\/www.honlufoodtrailer.com\\\/wp-content\\\/uploads\\\/2022\\\/02\\\/Green-square-food-trailer-21-8115-1.jpg\",\"width\":720,\"height\":540,\"caption\":\"Green square food trailer-21-8115 (1)\"},{\"@type\":\"BreadcrumbList\",\"@id\":\"https:\\\/\\\/www.honlufoodtrailer.com\\\/product\\\/green-square-food-trailer\\\/#breadcrumb\",\"itemListElement\":[{\"@type\":\"ListItem\",\"position\":1,\"name\":\"Home\",\"item\":\"https:\\\/\\\/www.honlufoodtrailer.com\\\/\"},{\"@type\":\"ListItem\",\"position\":2,\"name\":\"\u4ea7\u54c1\",\"item\":\"https:\\\/\\\/www.honlufoodtrailer.com\\\/shop\\\/\"},{\"@type\":\"ListItem\",\"position\":3,\"name\":\"16ft Green Square Food Trailer\"}]},{\"@type\":\"WebSite\",\"@id\":\"https:\\\/\\\/www.honlufoodtrailer.com\\\/#website\",\"url\":\"https:\\\/\\\/www.honlufoodtrailer.com\\\/\",\"name\":\"Honlu food trailer\",\"description\":\"\",\"publisher\":{\"@id\":\"https:\\\/\\\/www.honlufoodtrailer.com\\\/#organization\"},\"potentialAction\":[{\"@type\":\"SearchAction\",\"target\":{\"@type\":\"EntryPoint\",\"urlTemplate\":\"https:\\\/\\\/www.honlufoodtrailer.com\\\/?s={search_term_string}\"},\"query-input\":{\"@type\":\"PropertyValueSpecification\",\"valueRequired\":true,\"valueName\":\"search_term_string\"}}],\"inLanguage\":\"da-DK\"},{\"@type\":\"Organization\",\"@id\":\"https:\\\/\\\/www.honlufoodtrailer.com\\\/#organization\",\"name\":\"Honlu food trailer\",\"url\":\"https:\\\/\\\/www.honlufoodtrailer.com\\\/\",\"logo\":{\"@type\":\"ImageObject\",\"inLanguage\":\"da-DK\",\"@id\":\"https:\\\/\\\/www.honlufoodtrailer.com\\\/#\\\/schema\\\/logo\\\/image\\\/\",\"url\":\"https:\\\/\\\/www.honlufoodtrailer.com\\\/wp-content\\\/uploads\\\/2021\\\/12\\\/2.gif\",\"contentUrl\":\"https:\\\/\\\/www.honlufoodtrailer.com\\\/wp-content\\\/uploads\\\/2021\\\/12\\\/2.gif\",\"width\":350,\"height\":100,\"caption\":\"Honlu food trailer\"},\"image\":{\"@id\":\"https:\\\/\\\/www.honlufoodtrailer.com\\\/#\\\/schema\\\/logo\\\/image\\\/\"}}]}<\/script>\n<!-- \/ Yoast SEO plugin. -->","yoast_head_json":{"title":"16ft Green Square Food Trailer - Honlu food trailer","description":"Dette er en standard sort firkantet foodtrailer. Hele k\u00f8ret\u00f8jet har et karosseri og et operationsbord i rustfrit st\u00e5l. Den kan bruges til salg af alt fra hotdogs og detailhandel, blomsterforretninger, sandwich, kaffe, is osv. Vi er CE-certificerede for at hj\u00e6lpe dig med at starte en mobil virksomhed.","robots":{"index":"index","follow":"follow","max-snippet":"max-snippet:-1","max-image-preview":"max-image-preview:large","max-video-preview":"max-video-preview:-1"},"canonical":"https:\/\/www.honlufoodtrailer.com\/da\/product\/green-square-food-trailer\/","og_locale":"da_DK","og_type":"article","og_title":"16ft Green Square Food Trailer - Honlu food trailer","og_description":"This is a standard black square food trailer. The whole vehicle adopts stainless steel body and operating table. It can be applied for selling anything from hot dogs, retail operations, flower operations, sandwiches, coffee, ice cream, etc. We have CE certified to help you to start a mobile business.","og_url":"https:\/\/www.honlufoodtrailer.com\/da\/product\/green-square-food-trailer\/","og_site_name":"Honlu food trailer","article_modified_time":"2024-05-09T09:00:46+00:00","og_image":[{"width":720,"height":540,"url":"https:\/\/www.honlufoodtrailer.com\/wp-content\/uploads\/2022\/02\/Green-square-food-trailer-21-8115-1.jpg","type":"image\/jpeg"}],"twitter_card":"summary_large_image","twitter_misc":{"Estimeret l\u00e6setid":"2 minutter"},"schema":{"@context":"https:\/\/schema.org","@graph":[{"@type":"WebPage","@id":"https:\/\/www.honlufoodtrailer.com\/product\/green-square-food-trailer\/","url":"https:\/\/www.honlufoodtrailer.com\/product\/green-square-food-trailer\/","name":"16ft Green Square Food Trailer - Honlu food trailer","isPartOf":{"@id":"https:\/\/www.honlufoodtrailer.com\/#website"},"primaryImageOfPage":{"@id":"https:\/\/www.honlufoodtrailer.com\/product\/green-square-food-trailer\/#primaryimage"},"image":{"@id":"https:\/\/www.honlufoodtrailer.com\/product\/green-square-food-trailer\/#primaryimage"},"thumbnailUrl":"https:\/\/www.honlufoodtrailer.com\/wp-content\/uploads\/2022\/02\/Green-square-food-trailer-21-8115-1.jpg","datePublished":"2022-02-11T07:59:41+00:00","dateModified":"2024-05-09T09:00:46+00:00","description":"Dette er en standard sort firkantet foodtrailer. Hele k\u00f8ret\u00f8jet har et karosseri og et operationsbord i rustfrit st\u00e5l. Den kan bruges til salg af alt fra hotdogs og detailhandel, blomsterforretninger, sandwich, kaffe, is osv. Vi er CE-certificerede for at hj\u00e6lpe dig med at starte en mobil virksomhed.","breadcrumb":{"@id":"https:\/\/www.honlufoodtrailer.com\/product\/green-square-food-trailer\/#breadcrumb"},"inLanguage":"da-DK","potentialAction":[{"@type":"ReadAction","target":["https:\/\/www.honlufoodtrailer.com\/product\/green-square-food-trailer\/"]}]},{"@type":"ImageObject","inLanguage":"da-DK","@id":"https:\/\/www.honlufoodtrailer.com\/product\/green-square-food-trailer\/#primaryimage","url":"https:\/\/www.honlufoodtrailer.com\/wp-content\/uploads\/2022\/02\/Green-square-food-trailer-21-8115-1.jpg","contentUrl":"https:\/\/www.honlufoodtrailer.com\/wp-content\/uploads\/2022\/02\/Green-square-food-trailer-21-8115-1.jpg","width":720,"height":540,"caption":"Green square food trailer-21-8115 (1)"},{"@type":"BreadcrumbList","@id":"https:\/\/www.honlufoodtrailer.com\/product\/green-square-food-trailer\/#breadcrumb","itemListElement":[{"@type":"ListItem","position":1,"name":"Home","item":"https:\/\/www.honlufoodtrailer.com\/"},{"@type":"ListItem","position":2,"name":"\u4ea7\u54c1","item":"https:\/\/www.honlufoodtrailer.com\/shop\/"},{"@type":"ListItem","position":3,"name":"16ft Green Square Food Trailer"}]},{"@type":"WebSite","@id":"https:\/\/www.honlufoodtrailer.com\/#website","url":"https:\/\/www.honlufoodtrailer.com\/","name":"Honlu madtrailer","description":"","publisher":{"@id":"https:\/\/www.honlufoodtrailer.com\/#organization"},"potentialAction":[{"@type":"SearchAction","target":{"@type":"EntryPoint","urlTemplate":"https:\/\/www.honlufoodtrailer.com\/?s={search_term_string}"},"query-input":{"@type":"PropertyValueSpecification","valueRequired":true,"valueName":"search_term_string"}}],"inLanguage":"da-DK"},{"@type":"Organization","@id":"https:\/\/www.honlufoodtrailer.com\/#organization","name":"Honlu madtrailer","url":"https:\/\/www.honlufoodtrailer.com\/","logo":{"@type":"ImageObject","inLanguage":"da-DK","@id":"https:\/\/www.honlufoodtrailer.com\/#\/schema\/logo\/image\/","url":"https:\/\/www.honlufoodtrailer.com\/wp-content\/uploads\/2021\/12\/2.gif","contentUrl":"https:\/\/www.honlufoodtrailer.com\/wp-content\/uploads\/2021\/12\/2.gif","width":350,"height":100,"caption":"Honlu food trailer"},"image":{"@id":"https:\/\/www.honlufoodtrailer.com\/#\/schema\/logo\/image\/"}}]}},"_links":{"self":[{"href":"https:\/\/www.honlufoodtrailer.com\/da\/wp-json\/wp\/v2\/product\/2836","targetHints":{"allow":["GET"]}}],"collection":[{"href":"https:\/\/www.honlufoodtrailer.com\/da\/wp-json\/wp\/v2\/product"}],"about":[{"href":"https:\/\/www.honlufoodtrailer.com\/da\/wp-json\/wp\/v2\/types\/product"}],"version-history":[{"count":3,"href":"https:\/\/www.honlufoodtrailer.com\/da\/wp-json\/wp\/v2\/product\/2836\/revisions"}],"predecessor-version":[{"id":7649,"href":"https:\/\/www.honlufoodtrailer.com\/da\/wp-json\/wp\/v2\/product\/2836\/revisions\/7649"}],"wp:featuredmedia":[{"embeddable":true,"href":"https:\/\/www.honlufoodtrailer.com\/da\/wp-json\/wp\/v2\/media\/2838"}],"wp:attachment":[{"href":"https:\/\/www.honlufoodtrailer.com\/da\/wp-json\/wp\/v2\/media?parent=2836"}],"wp:term":[{"taxonomy":"product_brand","embeddable":true,"href":"https:\/\/www.honlufoodtrailer.com\/da\/wp-json\/wp\/v2\/product_brand?post=2836"},{"taxonomy":"product_cat","embeddable":true,"href":"https:\/\/www.honlufoodtrailer.com\/da\/wp-json\/wp\/v2\/product_cat?post=2836"},{"taxonomy":"product_tag","embeddable":true,"href":"https:\/\/www.honlufoodtrailer.com\/da\/wp-json\/wp\/v2\/product_tag?post=2836"}],"curies":[{"name":"wp","href":"https:\/\/api.w.org\/{rel}","templated":true}]}}