{"id":3398,"date":"2022-03-17T17:30:43","date_gmt":"2022-03-17T09:30:43","guid":{"rendered":"https:\/\/www.honlufoodtrailer.com\/?post_type=product&#038;p=3398"},"modified":"2024-10-28T18:20:50","modified_gmt":"2024-10-28T10:20:50","slug":"bbq-food-trailer-with-porch","status":"publish","type":"product","link":"https:\/\/www.honlufoodtrailer.com\/da\/product\/bbq-food-trailer-with-porch\/","title":{"rendered":"Grillmadvogn med veranda"},"content":{"rendered":"<p data-spm-anchor-id=\"a2700.wholesale.0.i28.29e52808agqc7f\">This is a custom 5.5M porch food trailer. The whole body is red, and the porch part at the rear of the food trailer body adopts an open design. The service window on the front of the food trailer adopts a large window design, and a personalized sign is customized on the top. All equipment inside the body is made of stainless steel. We customize a large number of kitchen equipment for customers, including gas stoves, deep fryers, a grill, etc. This model of food trailer is the preferred model for starting the BBQ food business.<\/p>\n<p data-spm-anchor-id=\"a2700.wholesale.0.i28.29e52808agqc7f\">The service window on the front adopts an open design, and when the window is opened, a tabletop can be formed below. The sign on the top of the body is also custom-made.<\/p>\n<p data-spm-anchor-id=\"a2700.wholesale.0.i28.29e52808agqc7f\"><img fetchpriority=\"high\" decoding=\"async\" class=\"size-full wp-image-4307 aligncenter\" src=\"https:\/\/www.honlufoodtrailer.com\/wp-content\/uploads\/2022\/03\/Service-window-design-BBQ-food-trailer.jpg\" alt=\"Service window design-BBQ food trailer\" width=\"720\" height=\"720\" srcset=\"https:\/\/www.honlufoodtrailer.com\/wp-content\/uploads\/2022\/03\/Service-window-design-BBQ-food-trailer.jpg 720w, https:\/\/www.honlufoodtrailer.com\/wp-content\/uploads\/2022\/03\/Service-window-design-BBQ-food-trailer-360x360.jpg 360w, https:\/\/www.honlufoodtrailer.com\/wp-content\/uploads\/2022\/03\/Service-window-design-BBQ-food-trailer-300x300.jpg 300w, https:\/\/www.honlufoodtrailer.com\/wp-content\/uploads\/2022\/03\/Service-window-design-BBQ-food-trailer-100x100.jpg 100w\" sizes=\"(max-width: 720px) 100vw, 720px\" \/><\/p>\n<p data-spm-anchor-id=\"a2700.wholesale.0.i28.29e52808agqc7f\">The porch part at the rear of the food trailer is a design proposed by the customer, and the baffles around the porch can be opened outwards to become an open design.<\/p>\n<p data-spm-anchor-id=\"a2700.wholesale.0.i28.29e52808agqc7f\"><img decoding=\"async\" class=\"size-full wp-image-4308 aligncenter\" src=\"https:\/\/www.honlufoodtrailer.com\/wp-content\/uploads\/2022\/03\/Porch-design-BBQ-food-trailer.jpg\" alt=\"Veranda design - BBQ madvogn\" width=\"720\" height=\"720\" srcset=\"https:\/\/www.honlufoodtrailer.com\/wp-content\/uploads\/2022\/03\/Porch-design-BBQ-food-trailer.jpg 720w, https:\/\/www.honlufoodtrailer.com\/wp-content\/uploads\/2022\/03\/Porch-design-BBQ-food-trailer-360x360.jpg 360w, https:\/\/www.honlufoodtrailer.com\/wp-content\/uploads\/2022\/03\/Porch-design-BBQ-food-trailer-300x300.jpg 300w, https:\/\/www.honlufoodtrailer.com\/wp-content\/uploads\/2022\/03\/Porch-design-BBQ-food-trailer-100x100.jpg 100w\" sizes=\"(max-width: 720px) 100vw, 720px\" \/><\/p>\n<p data-spm-anchor-id=\"a2700.wholesale.0.i28.29e52808agqc7f\">The kitchen equipment inside includes the gas stove, deep fryer, grill, etc. Above the kitchen equipment, we installed a high-powered cooker hood. We would like to purchase other types of equipment based on customers\u2019 needs.<\/p>\n<p data-spm-anchor-id=\"a2700.wholesale.0.i28.29e52808agqc7f\"><img decoding=\"async\" class=\"size-full wp-image-4309 aligncenter\" src=\"https:\/\/www.honlufoodtrailer.com\/wp-content\/uploads\/2022\/03\/Kitchen-equipment-BBQ-food-trailer.jpg\" alt=\"Kitchen equipment-BBQ food trailer\" width=\"699\" height=\"584\" srcset=\"https:\/\/www.honlufoodtrailer.com\/wp-content\/uploads\/2022\/03\/Kitchen-equipment-BBQ-food-trailer.jpg 699w, https:\/\/www.honlufoodtrailer.com\/wp-content\/uploads\/2022\/03\/Kitchen-equipment-BBQ-food-trailer-431x360.jpg 431w, https:\/\/www.honlufoodtrailer.com\/wp-content\/uploads\/2022\/03\/Kitchen-equipment-BBQ-food-trailer-300x251.jpg 300w\" sizes=\"(max-width: 699px) 100vw, 699px\" \/><\/p>\n<h3 class=\"magic-6\" data-spm-anchor-id=\"a2700.wholesale.0.i28.29e52808agqc7f\">Hovedfunktioner ved den mobile madtrailer<\/h3>\n<div class=\"magic-7\">\n<div class=\"magic-8\">\n<div class=\"magic-9\" data-id=\"paragraph0\">\n<ol>\n<li>Moderigtigt udseende, som er attraktivt;<\/li>\n<li>Rustfrit st\u00e5lmateriale, det er af fremragende kvalitet;<\/li>\n<li>Moderne og avanceret tilbeh\u00f8r udstyret i den mobile madvogn;<\/li>\n<li>Praktisk og nem at flytte;<\/li>\n<li>En r\u00e6kke farver er tilg\u00e6ngelige;<\/li>\n<li>Vi er glade for at \u00e6ndre det efter dine behov.<\/li>\n<\/ol>\n<h3>Gratis 2D\/3D plantegning<\/h3>\n<p><img loading=\"lazy\" decoding=\"async\" class=\"size-full wp-image-4310 aligncenter\" src=\"https:\/\/www.honlufoodtrailer.com\/wp-content\/uploads\/2022\/03\/Detail-image-BBQ-food-trailer.jpg\" alt=\"Detaljebillede - BBQ-madvogn\" width=\"720\" height=\"720\" srcset=\"https:\/\/www.honlufoodtrailer.com\/wp-content\/uploads\/2022\/03\/Detail-image-BBQ-food-trailer.jpg 720w, https:\/\/www.honlufoodtrailer.com\/wp-content\/uploads\/2022\/03\/Detail-image-BBQ-food-trailer-360x360.jpg 360w, https:\/\/www.honlufoodtrailer.com\/wp-content\/uploads\/2022\/03\/Detail-image-BBQ-food-trailer-300x300.jpg 300w, https:\/\/www.honlufoodtrailer.com\/wp-content\/uploads\/2022\/03\/Detail-image-BBQ-food-trailer-100x100.jpg 100w\" sizes=\"(max-width: 720px) 100vw, 720px\" \/><\/p>\n<p>Efter at have bekr\u00e6ftet dimensionerne p\u00e5 madvognen og det indvendige k\u00f8kkenudstyr, kan vi gratis give dig 3D-tegninger. Dette vil give dig en klarere id\u00e9 om dit design og din madvogn. N\u00e5r vi bekr\u00e6fter placeringen af k\u00f8kkenudstyret, kan vi kommunikere tydeligt med dig via plantegningen. Vi kan ogs\u00e5 give dig originale dokumenter for at lette dit design og foretage justeringer.<\/p>\n<\/div>\n<\/div>\n<\/div>","protected":false},"excerpt":{"rendered":"<p>This is a custom 5.5M BBQ food trailer with porch. The whole body is red, and the porch part at the rear of the car body adopts an open design. The service window on the front of the car body adopts a large window design, and a personalized sign is customized on the top. All equipment inside the body is made of stainless steel. We customize a large number of kitchen equipment for customers, including gas stoves, deep fryers, a grill, etc. This model of food trailer is the preferred model for starting the BBQ food business.<\/p>","protected":false},"featured_media":3399,"template":"","meta":{"_themeisle_gutenberg_block_has_review":false},"product_brand":[],"product_cat":[26],"product_tag":[33,41,38],"class_list":{"0":"post-3398","1":"product","2":"type-product","3":"status-publish","4":"has-post-thumbnail","6":"product_cat-product","7":"product_tag-customized-trailer","8":"product_tag-galvanized-trailer","9":"product_tag-mobile-food-trailer","11":"first","12":"instock","13":"shipping-taxable","14":"product-type-simple"},"yoast_head":"<!-- This site is optimized with the Yoast SEO plugin v27.4 - https:\/\/yoast.com\/product\/yoast-seo-wordpress\/ -->\n<title>BBQ food trailer with porch - Honlu food trailer<\/title>\n<meta name=\"description\" content=\"This customized 5.5M BBQ food trailer adopts the open porch design. All the equipment inside are made of stainless steel. This porch food trailer can do BBQ, pizza oven, outdoor barbecue, etc\" \/>\n<meta name=\"robots\" content=\"index, follow, max-snippet:-1, max-image-preview:large, max-video-preview:-1\" \/>\n<link rel=\"canonical\" href=\"https:\/\/www.honlufoodtrailer.com\/da\/product\/bbq-food-trailer-with-porch\/\" \/>\n<meta property=\"og:locale\" content=\"da_DK\" \/>\n<meta property=\"og:type\" content=\"article\" \/>\n<meta property=\"og:title\" content=\"BBQ food trailer with porch - Honlu food trailer\" \/>\n<meta property=\"og:description\" content=\"This customized 5.5M BBQ food trailer adopts the open porch design. All the equipment inside are made of stainless steel. This porch food trailer can do BBQ, pizza oven, outdoor barbecue, etc\" \/>\n<meta property=\"og:url\" content=\"https:\/\/www.honlufoodtrailer.com\/da\/product\/bbq-food-trailer-with-porch\/\" \/>\n<meta property=\"og:site_name\" content=\"Honlu food trailer\" \/>\n<meta property=\"article:modified_time\" content=\"2024-10-28T10:20:50+00:00\" \/>\n<meta property=\"og:image\" content=\"https:\/\/www.honlufoodtrailer.com\/wp-content\/uploads\/2022\/03\/BBQ-food-trailer-with-porch-1.jpg\" \/>\n\t<meta property=\"og:image:width\" content=\"720\" \/>\n\t<meta property=\"og:image:height\" content=\"540\" \/>\n\t<meta property=\"og:image:type\" content=\"image\/jpeg\" \/>\n<meta name=\"twitter:card\" content=\"summary_large_image\" \/>\n<meta name=\"twitter:label1\" content=\"Estimeret l\u00e6setid\" \/>\n\t<meta name=\"twitter:data1\" content=\"3 minutter\" \/>\n<script type=\"application\/ld+json\" class=\"yoast-schema-graph\">{\"@context\":\"https:\\\/\\\/schema.org\",\"@graph\":[{\"@type\":\"WebPage\",\"@id\":\"https:\\\/\\\/www.honlufoodtrailer.com\\\/product\\\/bbq-food-trailer-with-porch\\\/\",\"url\":\"https:\\\/\\\/www.honlufoodtrailer.com\\\/product\\\/bbq-food-trailer-with-porch\\\/\",\"name\":\"BBQ food trailer with porch - Honlu food trailer\",\"isPartOf\":{\"@id\":\"https:\\\/\\\/www.honlufoodtrailer.com\\\/#website\"},\"primaryImageOfPage\":{\"@id\":\"https:\\\/\\\/www.honlufoodtrailer.com\\\/product\\\/bbq-food-trailer-with-porch\\\/#primaryimage\"},\"image\":{\"@id\":\"https:\\\/\\\/www.honlufoodtrailer.com\\\/product\\\/bbq-food-trailer-with-porch\\\/#primaryimage\"},\"thumbnailUrl\":\"https:\\\/\\\/www.honlufoodtrailer.com\\\/wp-content\\\/uploads\\\/2022\\\/03\\\/BBQ-food-trailer-with-porch-1.jpg\",\"datePublished\":\"2022-03-17T09:30:43+00:00\",\"dateModified\":\"2024-10-28T10:20:50+00:00\",\"description\":\"This customized 5.5M BBQ food trailer adopts the open porch design. All the equipment inside are made of stainless steel. This porch food trailer can do BBQ, pizza oven, outdoor barbecue, etc\",\"breadcrumb\":{\"@id\":\"https:\\\/\\\/www.honlufoodtrailer.com\\\/product\\\/bbq-food-trailer-with-porch\\\/#breadcrumb\"},\"inLanguage\":\"da-DK\",\"potentialAction\":[{\"@type\":\"ReadAction\",\"target\":[\"https:\\\/\\\/www.honlufoodtrailer.com\\\/product\\\/bbq-food-trailer-with-porch\\\/\"]}]},{\"@type\":\"ImageObject\",\"inLanguage\":\"da-DK\",\"@id\":\"https:\\\/\\\/www.honlufoodtrailer.com\\\/product\\\/bbq-food-trailer-with-porch\\\/#primaryimage\",\"url\":\"https:\\\/\\\/www.honlufoodtrailer.com\\\/wp-content\\\/uploads\\\/2022\\\/03\\\/BBQ-food-trailer-with-porch-1.jpg\",\"contentUrl\":\"https:\\\/\\\/www.honlufoodtrailer.com\\\/wp-content\\\/uploads\\\/2022\\\/03\\\/BBQ-food-trailer-with-porch-1.jpg\",\"width\":720,\"height\":540,\"caption\":\"BBQ food trailer with porch (1)\"},{\"@type\":\"BreadcrumbList\",\"@id\":\"https:\\\/\\\/www.honlufoodtrailer.com\\\/product\\\/bbq-food-trailer-with-porch\\\/#breadcrumb\",\"itemListElement\":[{\"@type\":\"ListItem\",\"position\":1,\"name\":\"Home\",\"item\":\"https:\\\/\\\/www.honlufoodtrailer.com\\\/\"},{\"@type\":\"ListItem\",\"position\":2,\"name\":\"\u4ea7\u54c1\",\"item\":\"https:\\\/\\\/www.honlufoodtrailer.com\\\/shop\\\/\"},{\"@type\":\"ListItem\",\"position\":3,\"name\":\"BBQ food trailer with porch\"}]},{\"@type\":\"WebSite\",\"@id\":\"https:\\\/\\\/www.honlufoodtrailer.com\\\/#website\",\"url\":\"https:\\\/\\\/www.honlufoodtrailer.com\\\/\",\"name\":\"Honlu food trailer\",\"description\":\"\",\"publisher\":{\"@id\":\"https:\\\/\\\/www.honlufoodtrailer.com\\\/#organization\"},\"potentialAction\":[{\"@type\":\"SearchAction\",\"target\":{\"@type\":\"EntryPoint\",\"urlTemplate\":\"https:\\\/\\\/www.honlufoodtrailer.com\\\/?s={search_term_string}\"},\"query-input\":{\"@type\":\"PropertyValueSpecification\",\"valueRequired\":true,\"valueName\":\"search_term_string\"}}],\"inLanguage\":\"da-DK\"},{\"@type\":\"Organization\",\"@id\":\"https:\\\/\\\/www.honlufoodtrailer.com\\\/#organization\",\"name\":\"Honlu food trailer\",\"url\":\"https:\\\/\\\/www.honlufoodtrailer.com\\\/\",\"logo\":{\"@type\":\"ImageObject\",\"inLanguage\":\"da-DK\",\"@id\":\"https:\\\/\\\/www.honlufoodtrailer.com\\\/#\\\/schema\\\/logo\\\/image\\\/\",\"url\":\"https:\\\/\\\/www.honlufoodtrailer.com\\\/wp-content\\\/uploads\\\/2021\\\/12\\\/2.gif\",\"contentUrl\":\"https:\\\/\\\/www.honlufoodtrailer.com\\\/wp-content\\\/uploads\\\/2021\\\/12\\\/2.gif\",\"width\":350,\"height\":100,\"caption\":\"Honlu food trailer\"},\"image\":{\"@id\":\"https:\\\/\\\/www.honlufoodtrailer.com\\\/#\\\/schema\\\/logo\\\/image\\\/\"}}]}<\/script>\n<!-- \/ Yoast SEO plugin. -->","yoast_head_json":{"title":"BBQ food trailer with porch - Honlu food trailer","description":"This customized 5.5M BBQ food trailer adopts the open porch design. All the equipment inside are made of stainless steel. This porch food trailer can do BBQ, pizza oven, outdoor barbecue, etc","robots":{"index":"index","follow":"follow","max-snippet":"max-snippet:-1","max-image-preview":"max-image-preview:large","max-video-preview":"max-video-preview:-1"},"canonical":"https:\/\/www.honlufoodtrailer.com\/da\/product\/bbq-food-trailer-with-porch\/","og_locale":"da_DK","og_type":"article","og_title":"BBQ food trailer with porch - Honlu food trailer","og_description":"This customized 5.5M BBQ food trailer adopts the open porch design. All the equipment inside are made of stainless steel. This porch food trailer can do BBQ, pizza oven, outdoor barbecue, etc","og_url":"https:\/\/www.honlufoodtrailer.com\/da\/product\/bbq-food-trailer-with-porch\/","og_site_name":"Honlu food trailer","article_modified_time":"2024-10-28T10:20:50+00:00","og_image":[{"width":720,"height":540,"url":"https:\/\/www.honlufoodtrailer.com\/wp-content\/uploads\/2022\/03\/BBQ-food-trailer-with-porch-1.jpg","type":"image\/jpeg"}],"twitter_card":"summary_large_image","twitter_misc":{"Estimeret l\u00e6setid":"3 minutter"},"schema":{"@context":"https:\/\/schema.org","@graph":[{"@type":"WebPage","@id":"https:\/\/www.honlufoodtrailer.com\/product\/bbq-food-trailer-with-porch\/","url":"https:\/\/www.honlufoodtrailer.com\/product\/bbq-food-trailer-with-porch\/","name":"BBQ food trailer with porch - Honlu food trailer","isPartOf":{"@id":"https:\/\/www.honlufoodtrailer.com\/#website"},"primaryImageOfPage":{"@id":"https:\/\/www.honlufoodtrailer.com\/product\/bbq-food-trailer-with-porch\/#primaryimage"},"image":{"@id":"https:\/\/www.honlufoodtrailer.com\/product\/bbq-food-trailer-with-porch\/#primaryimage"},"thumbnailUrl":"https:\/\/www.honlufoodtrailer.com\/wp-content\/uploads\/2022\/03\/BBQ-food-trailer-with-porch-1.jpg","datePublished":"2022-03-17T09:30:43+00:00","dateModified":"2024-10-28T10:20:50+00:00","description":"This customized 5.5M BBQ food trailer adopts the open porch design. All the equipment inside are made of stainless steel. This porch food trailer can do BBQ, pizza oven, outdoor barbecue, etc","breadcrumb":{"@id":"https:\/\/www.honlufoodtrailer.com\/product\/bbq-food-trailer-with-porch\/#breadcrumb"},"inLanguage":"da-DK","potentialAction":[{"@type":"ReadAction","target":["https:\/\/www.honlufoodtrailer.com\/product\/bbq-food-trailer-with-porch\/"]}]},{"@type":"ImageObject","inLanguage":"da-DK","@id":"https:\/\/www.honlufoodtrailer.com\/product\/bbq-food-trailer-with-porch\/#primaryimage","url":"https:\/\/www.honlufoodtrailer.com\/wp-content\/uploads\/2022\/03\/BBQ-food-trailer-with-porch-1.jpg","contentUrl":"https:\/\/www.honlufoodtrailer.com\/wp-content\/uploads\/2022\/03\/BBQ-food-trailer-with-porch-1.jpg","width":720,"height":540,"caption":"BBQ food trailer with porch (1)"},{"@type":"BreadcrumbList","@id":"https:\/\/www.honlufoodtrailer.com\/product\/bbq-food-trailer-with-porch\/#breadcrumb","itemListElement":[{"@type":"ListItem","position":1,"name":"Home","item":"https:\/\/www.honlufoodtrailer.com\/"},{"@type":"ListItem","position":2,"name":"\u4ea7\u54c1","item":"https:\/\/www.honlufoodtrailer.com\/shop\/"},{"@type":"ListItem","position":3,"name":"BBQ food trailer with porch"}]},{"@type":"WebSite","@id":"https:\/\/www.honlufoodtrailer.com\/#website","url":"https:\/\/www.honlufoodtrailer.com\/","name":"Honlu madtrailer","description":"","publisher":{"@id":"https:\/\/www.honlufoodtrailer.com\/#organization"},"potentialAction":[{"@type":"SearchAction","target":{"@type":"EntryPoint","urlTemplate":"https:\/\/www.honlufoodtrailer.com\/?s={search_term_string}"},"query-input":{"@type":"PropertyValueSpecification","valueRequired":true,"valueName":"search_term_string"}}],"inLanguage":"da-DK"},{"@type":"Organization","@id":"https:\/\/www.honlufoodtrailer.com\/#organization","name":"Honlu madtrailer","url":"https:\/\/www.honlufoodtrailer.com\/","logo":{"@type":"ImageObject","inLanguage":"da-DK","@id":"https:\/\/www.honlufoodtrailer.com\/#\/schema\/logo\/image\/","url":"https:\/\/www.honlufoodtrailer.com\/wp-content\/uploads\/2021\/12\/2.gif","contentUrl":"https:\/\/www.honlufoodtrailer.com\/wp-content\/uploads\/2021\/12\/2.gif","width":350,"height":100,"caption":"Honlu food trailer"},"image":{"@id":"https:\/\/www.honlufoodtrailer.com\/#\/schema\/logo\/image\/"}}]}},"_links":{"self":[{"href":"https:\/\/www.honlufoodtrailer.com\/da\/wp-json\/wp\/v2\/product\/3398","targetHints":{"allow":["GET"]}}],"collection":[{"href":"https:\/\/www.honlufoodtrailer.com\/da\/wp-json\/wp\/v2\/product"}],"about":[{"href":"https:\/\/www.honlufoodtrailer.com\/da\/wp-json\/wp\/v2\/types\/product"}],"version-history":[{"count":4,"href":"https:\/\/www.honlufoodtrailer.com\/da\/wp-json\/wp\/v2\/product\/3398\/revisions"}],"predecessor-version":[{"id":8807,"href":"https:\/\/www.honlufoodtrailer.com\/da\/wp-json\/wp\/v2\/product\/3398\/revisions\/8807"}],"wp:featuredmedia":[{"embeddable":true,"href":"https:\/\/www.honlufoodtrailer.com\/da\/wp-json\/wp\/v2\/media\/3399"}],"wp:attachment":[{"href":"https:\/\/www.honlufoodtrailer.com\/da\/wp-json\/wp\/v2\/media?parent=3398"}],"wp:term":[{"taxonomy":"product_brand","embeddable":true,"href":"https:\/\/www.honlufoodtrailer.com\/da\/wp-json\/wp\/v2\/product_brand?post=3398"},{"taxonomy":"product_cat","embeddable":true,"href":"https:\/\/www.honlufoodtrailer.com\/da\/wp-json\/wp\/v2\/product_cat?post=3398"},{"taxonomy":"product_tag","embeddable":true,"href":"https:\/\/www.honlufoodtrailer.com\/da\/wp-json\/wp\/v2\/product_tag?post=3398"}],"curies":[{"name":"wp","href":"https:\/\/api.w.org\/{rel}","templated":true}]}}