{"id":3692,"date":"2022-03-22T10:42:33","date_gmt":"2022-03-22T02:42:33","guid":{"rendered":"https:\/\/www.honlufoodtrailer.com\/?post_type=product&#038;p=3692"},"modified":"2024-10-28T17:58:15","modified_gmt":"2024-10-28T09:58:15","slug":"customized-5-8m-black-square-food-trailer","status":"publish","type":"product","link":"https:\/\/www.honlufoodtrailer.com\/da\/product\/customized-5-8m-black-square-food-trailer\/","title":{"rendered":"Tilpasset 5,8M sort firkantet madtrailer"},"content":{"rendered":"<p data-spm-anchor-id=\"a2700.wholesale.0.i28.29e52808agqc7f\">This is a customized black square food trailer. The whole vehicle adopts stainless steel body and operating table. Double sliding window design on the front, custom four sink design, reserved location for kitchen equipment and gas pipelines. It can be applied for selling anything from hot dogs, retail operations, flower operations, sandwiches, coffee, ice cream, etc.<\/p>\n<p data-spm-anchor-id=\"a2700.wholesale.0.i28.29e52808agqc7f\">Above the dining car, we customized the personalized billboard to meet customer needs. According to customer needs, the front service window is designed with two sliding windows.<\/p>\n<figure id=\"attachment_3702\" aria-describedby=\"caption-attachment-3702\" style=\"width: 1440px\" class=\"wp-caption aligncenter\"><img fetchpriority=\"high\" decoding=\"async\" class=\"size-full wp-image-3702\" src=\"https:\/\/www.honlufoodtrailer.com\/wp-content\/uploads\/2022\/03\/BillboardSliding-windows.jpg\" alt=\"Billboard&amp;Sliding windows\" width=\"1440\" height=\"540\" srcset=\"https:\/\/www.honlufoodtrailer.com\/wp-content\/uploads\/2022\/03\/BillboardSliding-windows.jpg 1440w, https:\/\/www.honlufoodtrailer.com\/wp-content\/uploads\/2022\/03\/BillboardSliding-windows-768x288.jpg 768w, https:\/\/www.honlufoodtrailer.com\/wp-content\/uploads\/2022\/03\/BillboardSliding-windows-480x180.jpg 480w, https:\/\/www.honlufoodtrailer.com\/wp-content\/uploads\/2022\/03\/BillboardSliding-windows-300x113.jpg 300w, https:\/\/www.honlufoodtrailer.com\/wp-content\/uploads\/2022\/03\/BillboardSliding-windows-720x270.jpg 720w\" sizes=\"(max-width: 1440px) 100vw, 1440px\" \/><figcaption id=\"caption-attachment-3702\" class=\"wp-caption-text\">Billboard&amp;Sliding windows<\/figcaption><\/figure>\n<p data-spm-anchor-id=\"a2700.wholesale.0.i28.29e52808agqc7f\">The customer purchased the kitchen equipment locally, so we have reserved a gas interface and gas cylinder racks on the outside and a long enough gas pipeline on the inside for customers to use. Above the kitchen equipment, we installed the cooker hood for the customer.<\/p>\n<figure id=\"attachment_3703\" aria-describedby=\"caption-attachment-3703\" style=\"width: 1440px\" class=\"wp-caption aligncenter\"><img decoding=\"async\" class=\"size-full wp-image-3703\" src=\"https:\/\/www.honlufoodtrailer.com\/wp-content\/uploads\/2022\/03\/Gas-system.jpg\" alt=\"Gas system\" width=\"1440\" height=\"540\" srcset=\"https:\/\/www.honlufoodtrailer.com\/wp-content\/uploads\/2022\/03\/Gas-system.jpg 1440w, https:\/\/www.honlufoodtrailer.com\/wp-content\/uploads\/2022\/03\/Gas-system-768x288.jpg 768w, https:\/\/www.honlufoodtrailer.com\/wp-content\/uploads\/2022\/03\/Gas-system-480x180.jpg 480w, https:\/\/www.honlufoodtrailer.com\/wp-content\/uploads\/2022\/03\/Gas-system-300x113.jpg 300w, https:\/\/www.honlufoodtrailer.com\/wp-content\/uploads\/2022\/03\/Gas-system-720x270.jpg 720w\" sizes=\"(max-width: 1440px) 100vw, 1440px\" \/><figcaption id=\"caption-attachment-3703\" class=\"wp-caption-text\">Gas system<\/figcaption><\/figure>\n<p data-spm-anchor-id=\"a2700.wholesale.0.i28.29e52808agqc7f\">The sinks are designed as four sinks according to local regulations, installed at the head of the food trailer, and equipped with one clean water bucket and one wastewater bucket. The interior countertops, sinks, storage compartments, and other homes are all designed in stainless steel.<\/p>\n<figure id=\"attachment_3704\" aria-describedby=\"caption-attachment-3704\" style=\"width: 720px\" class=\"wp-caption aligncenter\"><img decoding=\"async\" class=\"size-full wp-image-3704\" src=\"https:\/\/www.honlufoodtrailer.com\/wp-content\/uploads\/2022\/03\/Customized-four-sinks.jpg\" alt=\"Customized four sinks\" width=\"720\" height=\"540\" srcset=\"https:\/\/www.honlufoodtrailer.com\/wp-content\/uploads\/2022\/03\/Customized-four-sinks.jpg 720w, https:\/\/www.honlufoodtrailer.com\/wp-content\/uploads\/2022\/03\/Customized-four-sinks-480x360.jpg 480w, https:\/\/www.honlufoodtrailer.com\/wp-content\/uploads\/2022\/03\/Customized-four-sinks-300x225.jpg 300w\" sizes=\"(max-width: 720px) 100vw, 720px\" \/><figcaption id=\"caption-attachment-3704\" class=\"wp-caption-text\">Customized four sinks<\/figcaption><\/figure>\n<p data-spm-anchor-id=\"a2700.wholesale.0.i28.29e52808agqc7f\">Madtrailere kan ogs\u00e5 kaldes madvogne, madvogne, food trucks osv. De kan bruges til at s\u00e6lge fastfood, snacks, aviser, b\u00f8ger osv. De best\u00e5r af chassis, karosseri, gulv, arbejdsbord, vandsystem, elsystem. Brugere kan ogs\u00e5 v\u00e6lge den \u00f8nskede farve. Vi vil gerne k\u00f8be andre typer udstyr, hvis kunderne \u00f8nsker det.<\/p>\n<p>Hele traileren er kompakt og nem at bruge. Det er den foretrukne model til opstart af fastfood-virksomheder, bulkindk\u00f8b i indk\u00f8bscentre, samlet ledelse af fastfood p\u00e5 gaden og familiepicnics. Den kan ogs\u00e5 bruges til salg af alt fra hotdogs og detailhandel, blomsterhandel, sandwich, kaffe, is osv. Vi er CE-certificeret for at hj\u00e6lpe dig med at starte en mobil virksomhed.<\/p>\n<h3 class=\"magic-6\" data-spm-anchor-id=\"a2700.wholesale.0.i28.29e52808agqc7f\">Hovedtr\u00e6k ved den firkantede madtrailer<\/h3>\n<div class=\"magic-7\">\n<div class=\"magic-8\">\n<div class=\"magic-9\" data-id=\"paragraph0\">\n<ol>\n<li>Moderigtigt udseende kan tilpasses;<\/li>\n<li>Trailerhus og indvendig struktur i rustfrit st\u00e5l, god varmebestandighed, slidstyrke, korrosionsbestandighed;<\/li>\n<li>Det er st\u00f8dbestandigt og vanskeligt at korrosionere, har h\u00f8j varmebestandighed og styrke, h\u00f8j farve\u00e6gthed, ingen deformation, er vandt\u00e6t og har lang levetid;<\/li>\n<li>The location of kitchen equipment and gas pipelines are reserved for customers;<\/li>\n<li>Vi er glade for at \u00e6ndre det efter dine behov.<\/li>\n<\/ol>\n<h3>Gratis 2D\/3D plantegning<\/h3>\n<p>Efter at have bekr\u00e6ftet dimensionerne p\u00e5 madvognen og det indvendige k\u00f8kkenudstyr, kan vi gratis give dig 3D-tegninger. Dette vil give dig en klarere id\u00e9 om dit design og din madvogn. N\u00e5r vi bekr\u00e6fter placeringen af k\u00f8kkenudstyret, kan vi kommunikere tydeligt med dig via plantegningen. Vi kan ogs\u00e5 give dig originale dokumenter for at lette dit design og foretage justeringer.<\/p>\n<\/div>\n<\/div>\n<\/div>","protected":false},"excerpt":{"rendered":"<p data-spm-anchor-id=\"a2700.wholesale.0.i28.29e52808agqc7f\">This is a customized black square food trailer. The whole vehicle adopts stainless steel body and operating table. Double sliding window design on the front, custom four sink design, reserved location for kitchen equipment and gas pipelines. It can be applied for selling anything from hot dogs, retail operations, flower operations, sandwiches, coffee, ice cream, etc.<\/p>","protected":false},"featured_media":3693,"template":"","meta":{"_themeisle_gutenberg_block_has_review":false},"product_brand":[],"product_cat":[26],"product_tag":[33,45,38,51,50],"class_list":{"0":"post-3692","1":"product","2":"type-product","3":"status-publish","4":"has-post-thumbnail","6":"product_cat-product","7":"product_tag-customized-trailer","8":"product_tag-large-food-trailer","9":"product_tag-mobile-food-trailer","10":"product_tag-square-food-trailer","11":"product_tag-standard-configuration","13":"first","14":"instock","15":"shipping-taxable","16":"product-type-simple"},"yoast_head":"<!-- This site is optimized with the Yoast SEO plugin v27.4 - https:\/\/yoast.com\/product\/yoast-seo-wordpress\/ -->\n<title>Customized 5.8M black square food trailer - Honlu food trailer<\/title>\n<meta name=\"description\" content=\"This is a customized black square food trailer. Double sliding window design on the front, custom four sink design, reserved location for kitchen equipment and gas pipelines. It can be applied for selling anything from hot dogs, retail operations, flower operations, sandwiches, coffee, ice cream, etc.\u00a0\u00a0\" \/>\n<meta name=\"robots\" content=\"index, follow, max-snippet:-1, max-image-preview:large, max-video-preview:-1\" \/>\n<link rel=\"canonical\" href=\"https:\/\/www.honlufoodtrailer.com\/da\/product\/customized-5-8m-black-square-food-trailer\/\" \/>\n<meta property=\"og:locale\" content=\"da_DK\" \/>\n<meta property=\"og:type\" content=\"article\" \/>\n<meta property=\"og:title\" content=\"Customized 5.8M black square food trailer - Honlu food trailer\" \/>\n<meta property=\"og:description\" content=\"This is a customized black square food trailer. Double sliding window design on the front, custom four sink design, reserved location for kitchen equipment and gas pipelines. It can be applied for selling anything from hot dogs, retail operations, flower operations, sandwiches, coffee, ice cream, etc.\u00a0\u00a0\" \/>\n<meta property=\"og:url\" content=\"https:\/\/www.honlufoodtrailer.com\/da\/product\/customized-5-8m-black-square-food-trailer\/\" \/>\n<meta property=\"og:site_name\" content=\"Honlu food trailer\" \/>\n<meta property=\"article:modified_time\" content=\"2024-10-28T09:58:15+00:00\" \/>\n<meta property=\"og:image\" content=\"https:\/\/www.honlufoodtrailer.com\/wp-content\/uploads\/2022\/03\/Customized-5.8M-black-square-food-trailer-1.jpg\" \/>\n\t<meta property=\"og:image:width\" content=\"720\" \/>\n\t<meta property=\"og:image:height\" content=\"540\" \/>\n\t<meta property=\"og:image:type\" content=\"image\/jpeg\" \/>\n<meta name=\"twitter:card\" content=\"summary_large_image\" \/>\n<meta name=\"twitter:label1\" content=\"Estimeret l\u00e6setid\" \/>\n\t<meta name=\"twitter:data1\" content=\"3 minutter\" \/>\n<script type=\"application\/ld+json\" class=\"yoast-schema-graph\">{\"@context\":\"https:\\\/\\\/schema.org\",\"@graph\":[{\"@type\":\"WebPage\",\"@id\":\"https:\\\/\\\/www.honlufoodtrailer.com\\\/product\\\/customized-5-8m-black-square-food-trailer\\\/\",\"url\":\"https:\\\/\\\/www.honlufoodtrailer.com\\\/product\\\/customized-5-8m-black-square-food-trailer\\\/\",\"name\":\"Customized 5.8M black square food trailer - Honlu food trailer\",\"isPartOf\":{\"@id\":\"https:\\\/\\\/www.honlufoodtrailer.com\\\/#website\"},\"primaryImageOfPage\":{\"@id\":\"https:\\\/\\\/www.honlufoodtrailer.com\\\/product\\\/customized-5-8m-black-square-food-trailer\\\/#primaryimage\"},\"image\":{\"@id\":\"https:\\\/\\\/www.honlufoodtrailer.com\\\/product\\\/customized-5-8m-black-square-food-trailer\\\/#primaryimage\"},\"thumbnailUrl\":\"https:\\\/\\\/www.honlufoodtrailer.com\\\/wp-content\\\/uploads\\\/2022\\\/03\\\/Customized-5.8M-black-square-food-trailer-1.jpg\",\"datePublished\":\"2022-03-22T02:42:33+00:00\",\"dateModified\":\"2024-10-28T09:58:15+00:00\",\"description\":\"This is a customized black square food trailer. Double sliding window design on the front, custom four sink design, reserved location for kitchen equipment and gas pipelines. It can be applied for selling anything from hot dogs, retail operations, flower operations, sandwiches, coffee, ice cream, etc.\u00a0\u00a0\",\"breadcrumb\":{\"@id\":\"https:\\\/\\\/www.honlufoodtrailer.com\\\/product\\\/customized-5-8m-black-square-food-trailer\\\/#breadcrumb\"},\"inLanguage\":\"da-DK\",\"potentialAction\":[{\"@type\":\"ReadAction\",\"target\":[\"https:\\\/\\\/www.honlufoodtrailer.com\\\/product\\\/customized-5-8m-black-square-food-trailer\\\/\"]}]},{\"@type\":\"ImageObject\",\"inLanguage\":\"da-DK\",\"@id\":\"https:\\\/\\\/www.honlufoodtrailer.com\\\/product\\\/customized-5-8m-black-square-food-trailer\\\/#primaryimage\",\"url\":\"https:\\\/\\\/www.honlufoodtrailer.com\\\/wp-content\\\/uploads\\\/2022\\\/03\\\/Customized-5.8M-black-square-food-trailer-1.jpg\",\"contentUrl\":\"https:\\\/\\\/www.honlufoodtrailer.com\\\/wp-content\\\/uploads\\\/2022\\\/03\\\/Customized-5.8M-black-square-food-trailer-1.jpg\",\"width\":720,\"height\":540,\"caption\":\"Customized 5.8M black square food trailer (1)\"},{\"@type\":\"BreadcrumbList\",\"@id\":\"https:\\\/\\\/www.honlufoodtrailer.com\\\/product\\\/customized-5-8m-black-square-food-trailer\\\/#breadcrumb\",\"itemListElement\":[{\"@type\":\"ListItem\",\"position\":1,\"name\":\"Home\",\"item\":\"https:\\\/\\\/www.honlufoodtrailer.com\\\/\"},{\"@type\":\"ListItem\",\"position\":2,\"name\":\"\u4ea7\u54c1\",\"item\":\"https:\\\/\\\/www.honlufoodtrailer.com\\\/shop\\\/\"},{\"@type\":\"ListItem\",\"position\":3,\"name\":\"Customized 5.8M black square food trailer\"}]},{\"@type\":\"WebSite\",\"@id\":\"https:\\\/\\\/www.honlufoodtrailer.com\\\/#website\",\"url\":\"https:\\\/\\\/www.honlufoodtrailer.com\\\/\",\"name\":\"Honlu food trailer\",\"description\":\"\",\"publisher\":{\"@id\":\"https:\\\/\\\/www.honlufoodtrailer.com\\\/#organization\"},\"potentialAction\":[{\"@type\":\"SearchAction\",\"target\":{\"@type\":\"EntryPoint\",\"urlTemplate\":\"https:\\\/\\\/www.honlufoodtrailer.com\\\/?s={search_term_string}\"},\"query-input\":{\"@type\":\"PropertyValueSpecification\",\"valueRequired\":true,\"valueName\":\"search_term_string\"}}],\"inLanguage\":\"da-DK\"},{\"@type\":\"Organization\",\"@id\":\"https:\\\/\\\/www.honlufoodtrailer.com\\\/#organization\",\"name\":\"Honlu food trailer\",\"url\":\"https:\\\/\\\/www.honlufoodtrailer.com\\\/\",\"logo\":{\"@type\":\"ImageObject\",\"inLanguage\":\"da-DK\",\"@id\":\"https:\\\/\\\/www.honlufoodtrailer.com\\\/#\\\/schema\\\/logo\\\/image\\\/\",\"url\":\"https:\\\/\\\/www.honlufoodtrailer.com\\\/wp-content\\\/uploads\\\/2021\\\/12\\\/2.gif\",\"contentUrl\":\"https:\\\/\\\/www.honlufoodtrailer.com\\\/wp-content\\\/uploads\\\/2021\\\/12\\\/2.gif\",\"width\":350,\"height\":100,\"caption\":\"Honlu food trailer\"},\"image\":{\"@id\":\"https:\\\/\\\/www.honlufoodtrailer.com\\\/#\\\/schema\\\/logo\\\/image\\\/\"}}]}<\/script>\n<!-- \/ Yoast SEO plugin. -->","yoast_head_json":{"title":"Customized 5.8M black square food trailer - Honlu food trailer","description":"This is a customized black square food trailer. Double sliding window design on the front, custom four sink design, reserved location for kitchen equipment and gas pipelines. It can be applied for selling anything from hot dogs, retail operations, flower operations, sandwiches, coffee, ice cream, etc.\u00a0\u00a0","robots":{"index":"index","follow":"follow","max-snippet":"max-snippet:-1","max-image-preview":"max-image-preview:large","max-video-preview":"max-video-preview:-1"},"canonical":"https:\/\/www.honlufoodtrailer.com\/da\/product\/customized-5-8m-black-square-food-trailer\/","og_locale":"da_DK","og_type":"article","og_title":"Customized 5.8M black square food trailer - Honlu food trailer","og_description":"This is a customized black square food trailer. Double sliding window design on the front, custom four sink design, reserved location for kitchen equipment and gas pipelines. It can be applied for selling anything from hot dogs, retail operations, flower operations, sandwiches, coffee, ice cream, etc.\u00a0\u00a0","og_url":"https:\/\/www.honlufoodtrailer.com\/da\/product\/customized-5-8m-black-square-food-trailer\/","og_site_name":"Honlu food trailer","article_modified_time":"2024-10-28T09:58:15+00:00","og_image":[{"width":720,"height":540,"url":"https:\/\/www.honlufoodtrailer.com\/wp-content\/uploads\/2022\/03\/Customized-5.8M-black-square-food-trailer-1.jpg","type":"image\/jpeg"}],"twitter_card":"summary_large_image","twitter_misc":{"Estimeret l\u00e6setid":"3 minutter"},"schema":{"@context":"https:\/\/schema.org","@graph":[{"@type":"WebPage","@id":"https:\/\/www.honlufoodtrailer.com\/product\/customized-5-8m-black-square-food-trailer\/","url":"https:\/\/www.honlufoodtrailer.com\/product\/customized-5-8m-black-square-food-trailer\/","name":"Customized 5.8M black square food trailer - Honlu food trailer","isPartOf":{"@id":"https:\/\/www.honlufoodtrailer.com\/#website"},"primaryImageOfPage":{"@id":"https:\/\/www.honlufoodtrailer.com\/product\/customized-5-8m-black-square-food-trailer\/#primaryimage"},"image":{"@id":"https:\/\/www.honlufoodtrailer.com\/product\/customized-5-8m-black-square-food-trailer\/#primaryimage"},"thumbnailUrl":"https:\/\/www.honlufoodtrailer.com\/wp-content\/uploads\/2022\/03\/Customized-5.8M-black-square-food-trailer-1.jpg","datePublished":"2022-03-22T02:42:33+00:00","dateModified":"2024-10-28T09:58:15+00:00","description":"This is a customized black square food trailer. Double sliding window design on the front, custom four sink design, reserved location for kitchen equipment and gas pipelines. It can be applied for selling anything from hot dogs, retail operations, flower operations, sandwiches, coffee, ice cream, etc.\u00a0\u00a0","breadcrumb":{"@id":"https:\/\/www.honlufoodtrailer.com\/product\/customized-5-8m-black-square-food-trailer\/#breadcrumb"},"inLanguage":"da-DK","potentialAction":[{"@type":"ReadAction","target":["https:\/\/www.honlufoodtrailer.com\/product\/customized-5-8m-black-square-food-trailer\/"]}]},{"@type":"ImageObject","inLanguage":"da-DK","@id":"https:\/\/www.honlufoodtrailer.com\/product\/customized-5-8m-black-square-food-trailer\/#primaryimage","url":"https:\/\/www.honlufoodtrailer.com\/wp-content\/uploads\/2022\/03\/Customized-5.8M-black-square-food-trailer-1.jpg","contentUrl":"https:\/\/www.honlufoodtrailer.com\/wp-content\/uploads\/2022\/03\/Customized-5.8M-black-square-food-trailer-1.jpg","width":720,"height":540,"caption":"Customized 5.8M black square food trailer (1)"},{"@type":"BreadcrumbList","@id":"https:\/\/www.honlufoodtrailer.com\/product\/customized-5-8m-black-square-food-trailer\/#breadcrumb","itemListElement":[{"@type":"ListItem","position":1,"name":"Home","item":"https:\/\/www.honlufoodtrailer.com\/"},{"@type":"ListItem","position":2,"name":"\u4ea7\u54c1","item":"https:\/\/www.honlufoodtrailer.com\/shop\/"},{"@type":"ListItem","position":3,"name":"Customized 5.8M black square food trailer"}]},{"@type":"WebSite","@id":"https:\/\/www.honlufoodtrailer.com\/#website","url":"https:\/\/www.honlufoodtrailer.com\/","name":"Honlu madtrailer","description":"","publisher":{"@id":"https:\/\/www.honlufoodtrailer.com\/#organization"},"potentialAction":[{"@type":"SearchAction","target":{"@type":"EntryPoint","urlTemplate":"https:\/\/www.honlufoodtrailer.com\/?s={search_term_string}"},"query-input":{"@type":"PropertyValueSpecification","valueRequired":true,"valueName":"search_term_string"}}],"inLanguage":"da-DK"},{"@type":"Organization","@id":"https:\/\/www.honlufoodtrailer.com\/#organization","name":"Honlu madtrailer","url":"https:\/\/www.honlufoodtrailer.com\/","logo":{"@type":"ImageObject","inLanguage":"da-DK","@id":"https:\/\/www.honlufoodtrailer.com\/#\/schema\/logo\/image\/","url":"https:\/\/www.honlufoodtrailer.com\/wp-content\/uploads\/2021\/12\/2.gif","contentUrl":"https:\/\/www.honlufoodtrailer.com\/wp-content\/uploads\/2021\/12\/2.gif","width":350,"height":100,"caption":"Honlu food trailer"},"image":{"@id":"https:\/\/www.honlufoodtrailer.com\/#\/schema\/logo\/image\/"}}]}},"_links":{"self":[{"href":"https:\/\/www.honlufoodtrailer.com\/da\/wp-json\/wp\/v2\/product\/3692","targetHints":{"allow":["GET"]}}],"collection":[{"href":"https:\/\/www.honlufoodtrailer.com\/da\/wp-json\/wp\/v2\/product"}],"about":[{"href":"https:\/\/www.honlufoodtrailer.com\/da\/wp-json\/wp\/v2\/types\/product"}],"version-history":[{"count":1,"href":"https:\/\/www.honlufoodtrailer.com\/da\/wp-json\/wp\/v2\/product\/3692\/revisions"}],"predecessor-version":[{"id":8806,"href":"https:\/\/www.honlufoodtrailer.com\/da\/wp-json\/wp\/v2\/product\/3692\/revisions\/8806"}],"wp:featuredmedia":[{"embeddable":true,"href":"https:\/\/www.honlufoodtrailer.com\/da\/wp-json\/wp\/v2\/media\/3693"}],"wp:attachment":[{"href":"https:\/\/www.honlufoodtrailer.com\/da\/wp-json\/wp\/v2\/media?parent=3692"}],"wp:term":[{"taxonomy":"product_brand","embeddable":true,"href":"https:\/\/www.honlufoodtrailer.com\/da\/wp-json\/wp\/v2\/product_brand?post=3692"},{"taxonomy":"product_cat","embeddable":true,"href":"https:\/\/www.honlufoodtrailer.com\/da\/wp-json\/wp\/v2\/product_cat?post=3692"},{"taxonomy":"product_tag","embeddable":true,"href":"https:\/\/www.honlufoodtrailer.com\/da\/wp-json\/wp\/v2\/product_tag?post=3692"}],"curies":[{"name":"wp","href":"https:\/\/api.w.org\/{rel}","templated":true}]}}