{"id":3720,"date":"2022-03-22T14:59:42","date_gmt":"2022-03-22T06:59:42","guid":{"rendered":"https:\/\/www.honlufoodtrailer.com\/?post_type=product&#038;p=3720"},"modified":"2024-10-08T18:04:55","modified_gmt":"2024-10-08T10:04:55","slug":"2-8m-frp-small-arc-style-food-trailer","status":"publish","type":"product","link":"https:\/\/www.honlufoodtrailer.com\/da\/product\/2-8m-frp-small-arc-style-food-trailer\/","title":{"rendered":"2,8M FRP lille bueformet madtrailer"},"content":{"rendered":"<p data-spm-anchor-id=\"a2700.wholesale.0.i28.29e52808agqc7f\">This is a customized cyan arc food trailer, the whole vehicle is made of fiberglass, and all the internal equipment is made of food-grade stainless steel. The service window of this arc food trailer adopts a sliding window design, Inside the trailer, it&#8217;s equipped with a coffee machine, a water dispenser. The whole vehicle is 2.8m long and due to the small model so it&#8217;s the preferred model for starting fast-food businesses.<\/p>\n<p><img fetchpriority=\"high\" decoding=\"async\" class=\"size-full wp-image-3736 aligncenter\" src=\"https:\/\/www.honlufoodtrailer.com\/wp-content\/uploads\/2022\/03\/2.8M-FRP-small-arc-style-food-trailer-7.jpg\" alt=\"2.8M FRP small arc style food trailer (7)\" width=\"720\" height=\"540\" srcset=\"https:\/\/www.honlufoodtrailer.com\/wp-content\/uploads\/2022\/03\/2.8M-FRP-small-arc-style-food-trailer-7.jpg 720w, https:\/\/www.honlufoodtrailer.com\/wp-content\/uploads\/2022\/03\/2.8M-FRP-small-arc-style-food-trailer-7-480x360.jpg 480w, https:\/\/www.honlufoodtrailer.com\/wp-content\/uploads\/2022\/03\/2.8M-FRP-small-arc-style-food-trailer-7-300x225.jpg 300w\" sizes=\"(max-width: 720px) 100vw, 720px\" \/><\/p>\n<p><img decoding=\"async\" class=\"size-full wp-image-3735 aligncenter\" src=\"https:\/\/www.honlufoodtrailer.com\/wp-content\/uploads\/2022\/03\/2.8M-FRP-small-arc-style-food-trailer-6.jpg\" alt=\"2.8M FRP small arc style food trailer (6)\" width=\"720\" height=\"540\" srcset=\"https:\/\/www.honlufoodtrailer.com\/wp-content\/uploads\/2022\/03\/2.8M-FRP-small-arc-style-food-trailer-6.jpg 720w, https:\/\/www.honlufoodtrailer.com\/wp-content\/uploads\/2022\/03\/2.8M-FRP-small-arc-style-food-trailer-6-480x360.jpg 480w, https:\/\/www.honlufoodtrailer.com\/wp-content\/uploads\/2022\/03\/2.8M-FRP-small-arc-style-food-trailer-6-300x225.jpg 300w\" sizes=\"(max-width: 720px) 100vw, 720px\" \/><\/p>\n<p data-spm-anchor-id=\"a2700.wholesale.0.i28.29e52808agqc7f\">This trailer consists of chassis, body, flooring, working table, water system, electric system. Users also can choose the color they want. We would like to purchase other types of equipment based on customers&#8217; needs.<\/p>\n<p><img decoding=\"async\" class=\"size-full wp-image-3726 aligncenter\" src=\"https:\/\/www.honlufoodtrailer.com\/wp-content\/uploads\/2022\/03\/All-stainless-steel-20-8044.jpg\" alt=\"All stainless steel-20-8044\" width=\"720\" height=\"540\" srcset=\"https:\/\/www.honlufoodtrailer.com\/wp-content\/uploads\/2022\/03\/All-stainless-steel-20-8044.jpg 720w, https:\/\/www.honlufoodtrailer.com\/wp-content\/uploads\/2022\/03\/All-stainless-steel-20-8044-480x360.jpg 480w, https:\/\/www.honlufoodtrailer.com\/wp-content\/uploads\/2022\/03\/All-stainless-steel-20-8044-300x225.jpg 300w\" sizes=\"(max-width: 720px) 100vw, 720px\" \/><\/p>\n<p data-spm-anchor-id=\"a2700.wholesale.0.i28.29e52808agqc7f\">In the United States, according to the department of health, sliding windows have become a necessity in some food trailers. It keeps dust out and keeps the temperature. Moreover, it has a better experience when using air conditioning.<\/p>\n<p data-spm-anchor-id=\"a2700.wholesale.0.i28.29e52808agqc7f\"><img loading=\"lazy\" decoding=\"async\" class=\"wp-image-3729 aligncenter\" src=\"https:\/\/www.honlufoodtrailer.com\/wp-content\/uploads\/2022\/03\/Sliding-window-20-8044.jpg\" alt=\"\" width=\"760\" height=\"285\" srcset=\"https:\/\/www.honlufoodtrailer.com\/wp-content\/uploads\/2022\/03\/Sliding-window-20-8044.jpg 1440w, https:\/\/www.honlufoodtrailer.com\/wp-content\/uploads\/2022\/03\/Sliding-window-20-8044-768x288.jpg 768w, https:\/\/www.honlufoodtrailer.com\/wp-content\/uploads\/2022\/03\/Sliding-window-20-8044-480x180.jpg 480w, https:\/\/www.honlufoodtrailer.com\/wp-content\/uploads\/2022\/03\/Sliding-window-20-8044-300x113.jpg 300w, https:\/\/www.honlufoodtrailer.com\/wp-content\/uploads\/2022\/03\/Sliding-window-20-8044-720x270.jpg 720w\" sizes=\"(max-width: 760px) 100vw, 760px\" \/><\/p>\n<p>According to customer needs, we have equipped customers with customized three sinks, and all the internal equipment is made of stainless steel.<\/p>\n<p><img loading=\"lazy\" decoding=\"async\" class=\"size-full wp-image-3727 aligncenter\" src=\"https:\/\/www.honlufoodtrailer.com\/wp-content\/uploads\/2022\/03\/Customized-three-sinks.jpg\" alt=\"\" width=\"720\" height=\"540\" srcset=\"https:\/\/www.honlufoodtrailer.com\/wp-content\/uploads\/2022\/03\/Customized-three-sinks.jpg 720w, https:\/\/www.honlufoodtrailer.com\/wp-content\/uploads\/2022\/03\/Customized-three-sinks-480x360.jpg 480w, https:\/\/www.honlufoodtrailer.com\/wp-content\/uploads\/2022\/03\/Customized-three-sinks-300x225.jpg 300w\" sizes=\"(max-width: 720px) 100vw, 720px\" \/><\/p>\n<p>Generally speaking, many customers will cook some cooking food in the dining car, so we will equip customers with range hood equipment. But our customers want to do some beverage business locally, and we have equipped them with coffee machines and water dispensers according to customer needs.<\/p>\n<p data-spm-anchor-id=\"a2700.wholesale.0.i28.29e52808agqc7f\"><img loading=\"lazy\" decoding=\"async\" class=\"wp-image-3728 aligncenter\" src=\"https:\/\/www.honlufoodtrailer.com\/wp-content\/uploads\/2022\/03\/Water-dispenserCoffee-machine.jpg\" alt=\"\" width=\"770\" height=\"289\" srcset=\"https:\/\/www.honlufoodtrailer.com\/wp-content\/uploads\/2022\/03\/Water-dispenserCoffee-machine.jpg 1440w, https:\/\/www.honlufoodtrailer.com\/wp-content\/uploads\/2022\/03\/Water-dispenserCoffee-machine-768x288.jpg 768w, https:\/\/www.honlufoodtrailer.com\/wp-content\/uploads\/2022\/03\/Water-dispenserCoffee-machine-480x180.jpg 480w, https:\/\/www.honlufoodtrailer.com\/wp-content\/uploads\/2022\/03\/Water-dispenserCoffee-machine-300x113.jpg 300w, https:\/\/www.honlufoodtrailer.com\/wp-content\/uploads\/2022\/03\/Water-dispenserCoffee-machine-720x270.jpg 720w\" sizes=\"(max-width: 770px) 100vw, 770px\" \/><\/p>\n<p>Hele traileren er kompakt og nem at bruge. Det er den foretrukne model til opstart af fastfood-virksomheder, bulkindk\u00f8b i indk\u00f8bscentre, samlet ledelse af fastfood p\u00e5 gaden og familiepicnics. Den kan ogs\u00e5 bruges til salg af alt fra hotdogs og detailhandel, blomsterhandel, sandwich, kaffe, is osv. Vi er CE-certificeret for at hj\u00e6lpe dig med at starte en mobil virksomhed.<\/p>\n<h3 class=\"magic-6\" data-spm-anchor-id=\"a2700.wholesale.0.i28.29e52808agqc7f\">Hovedfunktioner ved den mobile madtrailer<\/h3>\n<div class=\"magic-7\">\n<div class=\"magic-8\">\n<div class=\"magic-9\" data-id=\"paragraph0\">\n<ol>\n<li>Moderigtigt udseende, udseende brugerdefinerede klisterm\u00e6rker, hvilket er attraktivt;<\/li>\n<li>Glasfibermateriale, lettere i v\u00e6gt og h\u00f8jere i styrke, med fordele ved korrosionsbestandighed, isolering, varmebevarelse, lydisolering osv.;<\/li>\n<li>Moderne og avanceret tilbeh\u00f8r udstyret i den mobile madvogn;<\/li>\n<li>Praktisk og nem at flytte;<\/li>\n<li>Tilpassede skydevinduer, der opfylder kundernes behov;<\/li>\n<li>Vi er glade for at \u00e6ndre det efter dine behov.<\/li>\n<\/ol>\n<h3>Gratis 2D\/3D plantegning<\/h3>\n<p>Efter at have bekr\u00e6ftet dimensionerne p\u00e5 madvognen og det indvendige k\u00f8kkenudstyr, kan vi gratis give dig 3D-tegninger. Dette vil give dig en klarere id\u00e9 om dit design og din madvogn. N\u00e5r vi bekr\u00e6fter placeringen af k\u00f8kkenudstyret, kan vi kommunikere tydeligt med dig via plantegningen. Vi kan ogs\u00e5 give dig originale dokumenter for at lette dit design og foretage justeringer.<\/p>\n<p><img loading=\"lazy\" decoding=\"async\" class=\"wp-image-2623 size-full aligncenter\" src=\"https:\/\/www.honlufoodtrailer.com\/wp-content\/uploads\/2022\/01\/Free-2D-3D-floor-plan-drawing.jpg\" alt=\"Gratis 2D\/3D plantegning\" width=\"800\" height=\"400\" srcset=\"https:\/\/www.honlufoodtrailer.com\/wp-content\/uploads\/2022\/01\/Free-2D-3D-floor-plan-drawing.jpg 800w, https:\/\/www.honlufoodtrailer.com\/wp-content\/uploads\/2022\/01\/Free-2D-3D-floor-plan-drawing-300x150.jpg 300w, https:\/\/www.honlufoodtrailer.com\/wp-content\/uploads\/2022\/01\/Free-2D-3D-floor-plan-drawing-720x360.jpg 720w, https:\/\/www.honlufoodtrailer.com\/wp-content\/uploads\/2022\/01\/Free-2D-3D-floor-plan-drawing-768x384.jpg 768w\" sizes=\"(max-width: 800px) 100vw, 800px\" \/><\/p>\n<\/div>\n<\/div>\n<\/div>","protected":false},"excerpt":{"rendered":"<p>This is a customized cyan arc food trailer, the whole vehicle is made of fiberglass, and all the internal equipment is made of food-grade stainless steel. The service window of this arc food trailer adopts a sliding window design, Inside the trailer, it&#8217;s equipped with a coffee machine, a water dispenser. The whole vehicle is 2.8m long and due to the small model so it&#8217;s the preferred model for starting fast-food businesses.<\/p>","protected":false},"featured_media":3721,"template":"","meta":{"_themeisle_gutenberg_block_has_review":false},"product_brand":[],"product_cat":[26],"product_tag":[43,33,44,38],"class_list":{"0":"post-3720","1":"product","2":"type-product","3":"status-publish","4":"has-post-thumbnail","6":"product_cat-product","7":"product_tag-arc-style-trailer","8":"product_tag-customized-trailer","9":"product_tag-mini-food-trailer","10":"product_tag-mobile-food-trailer","12":"first","13":"instock","14":"shipping-taxable","15":"product-type-simple"},"yoast_head":"<!-- This site is optimized with the Yoast SEO plugin v27.4 - https:\/\/yoast.com\/product\/yoast-seo-wordpress\/ -->\n<title>2.8M FRP small arc style food trailer - Honlu food trailer<\/title>\n<meta name=\"description\" content=\"This is a customized cyan arc food trailer, the whole vehicle is made of fiberglass, and all the internal equipment is made of food-grade stainless steel. The service window of this arc food trailer adopts a sliding window design, Inside the trailer, it&#039;s equipped with a coffee machine, a water dispenser. The whole vehicle is 2.8m long and due to the small model so it&#039;s the preferred model for starting fast-food businesses.\" \/>\n<meta name=\"robots\" content=\"index, follow, max-snippet:-1, max-image-preview:large, max-video-preview:-1\" \/>\n<link rel=\"canonical\" href=\"https:\/\/www.honlufoodtrailer.com\/da\/product\/2-8m-frp-small-arc-style-food-trailer\/\" \/>\n<meta property=\"og:locale\" content=\"da_DK\" \/>\n<meta property=\"og:type\" content=\"article\" \/>\n<meta property=\"og:title\" content=\"2.8M FRP small arc style food trailer - Honlu food trailer\" \/>\n<meta property=\"og:description\" content=\"This is a customized cyan arc food trailer, the whole vehicle is made of fiberglass, and all the internal equipment is made of food-grade stainless steel. The service window of this arc food trailer adopts a sliding window design, Inside the trailer, it&#039;s equipped with a coffee machine, a water dispenser. The whole vehicle is 2.8m long and due to the small model so it&#039;s the preferred model for starting fast-food businesses.\" \/>\n<meta property=\"og:url\" content=\"https:\/\/www.honlufoodtrailer.com\/da\/product\/2-8m-frp-small-arc-style-food-trailer\/\" \/>\n<meta property=\"og:site_name\" content=\"Honlu food trailer\" \/>\n<meta property=\"article:modified_time\" content=\"2024-10-08T10:04:55+00:00\" \/>\n<meta property=\"og:image\" content=\"https:\/\/www.honlufoodtrailer.com\/wp-content\/uploads\/2022\/03\/2.8M-FRP-small-arc-style-food-trailer-1.jpg\" \/>\n\t<meta property=\"og:image:width\" content=\"720\" \/>\n\t<meta property=\"og:image:height\" content=\"540\" \/>\n\t<meta property=\"og:image:type\" content=\"image\/jpeg\" \/>\n<meta name=\"twitter:card\" content=\"summary_large_image\" \/>\n<meta name=\"twitter:label1\" content=\"Estimeret l\u00e6setid\" \/>\n\t<meta name=\"twitter:data1\" content=\"3 minutter\" \/>\n<script type=\"application\/ld+json\" class=\"yoast-schema-graph\">{\"@context\":\"https:\\\/\\\/schema.org\",\"@graph\":[{\"@type\":\"WebPage\",\"@id\":\"https:\\\/\\\/www.honlufoodtrailer.com\\\/product\\\/2-8m-frp-small-arc-style-food-trailer\\\/\",\"url\":\"https:\\\/\\\/www.honlufoodtrailer.com\\\/product\\\/2-8m-frp-small-arc-style-food-trailer\\\/\",\"name\":\"2.8M FRP small arc style food trailer - Honlu food trailer\",\"isPartOf\":{\"@id\":\"https:\\\/\\\/www.honlufoodtrailer.com\\\/#website\"},\"primaryImageOfPage\":{\"@id\":\"https:\\\/\\\/www.honlufoodtrailer.com\\\/product\\\/2-8m-frp-small-arc-style-food-trailer\\\/#primaryimage\"},\"image\":{\"@id\":\"https:\\\/\\\/www.honlufoodtrailer.com\\\/product\\\/2-8m-frp-small-arc-style-food-trailer\\\/#primaryimage\"},\"thumbnailUrl\":\"https:\\\/\\\/www.honlufoodtrailer.com\\\/wp-content\\\/uploads\\\/2022\\\/03\\\/2.8M-FRP-small-arc-style-food-trailer-1.jpg\",\"datePublished\":\"2022-03-22T06:59:42+00:00\",\"dateModified\":\"2024-10-08T10:04:55+00:00\",\"description\":\"This is a customized cyan arc food trailer, the whole vehicle is made of fiberglass, and all the internal equipment is made of food-grade stainless steel. The service window of this arc food trailer adopts a sliding window design, Inside the trailer, it's equipped with a coffee machine, a water dispenser. The whole vehicle is 2.8m long and due to the small model so it's the preferred model for starting fast-food businesses.\",\"breadcrumb\":{\"@id\":\"https:\\\/\\\/www.honlufoodtrailer.com\\\/product\\\/2-8m-frp-small-arc-style-food-trailer\\\/#breadcrumb\"},\"inLanguage\":\"da-DK\",\"potentialAction\":[{\"@type\":\"ReadAction\",\"target\":[\"https:\\\/\\\/www.honlufoodtrailer.com\\\/product\\\/2-8m-frp-small-arc-style-food-trailer\\\/\"]}]},{\"@type\":\"ImageObject\",\"inLanguage\":\"da-DK\",\"@id\":\"https:\\\/\\\/www.honlufoodtrailer.com\\\/product\\\/2-8m-frp-small-arc-style-food-trailer\\\/#primaryimage\",\"url\":\"https:\\\/\\\/www.honlufoodtrailer.com\\\/wp-content\\\/uploads\\\/2022\\\/03\\\/2.8M-FRP-small-arc-style-food-trailer-1.jpg\",\"contentUrl\":\"https:\\\/\\\/www.honlufoodtrailer.com\\\/wp-content\\\/uploads\\\/2022\\\/03\\\/2.8M-FRP-small-arc-style-food-trailer-1.jpg\",\"width\":720,\"height\":540,\"caption\":\"2.8M FRP small arc style food trailer (1)\"},{\"@type\":\"BreadcrumbList\",\"@id\":\"https:\\\/\\\/www.honlufoodtrailer.com\\\/product\\\/2-8m-frp-small-arc-style-food-trailer\\\/#breadcrumb\",\"itemListElement\":[{\"@type\":\"ListItem\",\"position\":1,\"name\":\"Home\",\"item\":\"https:\\\/\\\/www.honlufoodtrailer.com\\\/\"},{\"@type\":\"ListItem\",\"position\":2,\"name\":\"\u4ea7\u54c1\",\"item\":\"https:\\\/\\\/www.honlufoodtrailer.com\\\/shop\\\/\"},{\"@type\":\"ListItem\",\"position\":3,\"name\":\"2.8M FRP small arc style food trailer\"}]},{\"@type\":\"WebSite\",\"@id\":\"https:\\\/\\\/www.honlufoodtrailer.com\\\/#website\",\"url\":\"https:\\\/\\\/www.honlufoodtrailer.com\\\/\",\"name\":\"Honlu food trailer\",\"description\":\"\",\"publisher\":{\"@id\":\"https:\\\/\\\/www.honlufoodtrailer.com\\\/#organization\"},\"potentialAction\":[{\"@type\":\"SearchAction\",\"target\":{\"@type\":\"EntryPoint\",\"urlTemplate\":\"https:\\\/\\\/www.honlufoodtrailer.com\\\/?s={search_term_string}\"},\"query-input\":{\"@type\":\"PropertyValueSpecification\",\"valueRequired\":true,\"valueName\":\"search_term_string\"}}],\"inLanguage\":\"da-DK\"},{\"@type\":\"Organization\",\"@id\":\"https:\\\/\\\/www.honlufoodtrailer.com\\\/#organization\",\"name\":\"Honlu food trailer\",\"url\":\"https:\\\/\\\/www.honlufoodtrailer.com\\\/\",\"logo\":{\"@type\":\"ImageObject\",\"inLanguage\":\"da-DK\",\"@id\":\"https:\\\/\\\/www.honlufoodtrailer.com\\\/#\\\/schema\\\/logo\\\/image\\\/\",\"url\":\"https:\\\/\\\/www.honlufoodtrailer.com\\\/wp-content\\\/uploads\\\/2021\\\/12\\\/2.gif\",\"contentUrl\":\"https:\\\/\\\/www.honlufoodtrailer.com\\\/wp-content\\\/uploads\\\/2021\\\/12\\\/2.gif\",\"width\":350,\"height\":100,\"caption\":\"Honlu food trailer\"},\"image\":{\"@id\":\"https:\\\/\\\/www.honlufoodtrailer.com\\\/#\\\/schema\\\/logo\\\/image\\\/\"}}]}<\/script>\n<!-- \/ Yoast SEO plugin. -->","yoast_head_json":{"title":"2.8M FRP small arc style food trailer - Honlu food trailer","description":"This is a customized cyan arc food trailer, the whole vehicle is made of fiberglass, and all the internal equipment is made of food-grade stainless steel. The service window of this arc food trailer adopts a sliding window design, Inside the trailer, it's equipped with a coffee machine, a water dispenser. The whole vehicle is 2.8m long and due to the small model so it's the preferred model for starting fast-food businesses.","robots":{"index":"index","follow":"follow","max-snippet":"max-snippet:-1","max-image-preview":"max-image-preview:large","max-video-preview":"max-video-preview:-1"},"canonical":"https:\/\/www.honlufoodtrailer.com\/da\/product\/2-8m-frp-small-arc-style-food-trailer\/","og_locale":"da_DK","og_type":"article","og_title":"2.8M FRP small arc style food trailer - Honlu food trailer","og_description":"This is a customized cyan arc food trailer, the whole vehicle is made of fiberglass, and all the internal equipment is made of food-grade stainless steel. The service window of this arc food trailer adopts a sliding window design, Inside the trailer, it's equipped with a coffee machine, a water dispenser. The whole vehicle is 2.8m long and due to the small model so it's the preferred model for starting fast-food businesses.","og_url":"https:\/\/www.honlufoodtrailer.com\/da\/product\/2-8m-frp-small-arc-style-food-trailer\/","og_site_name":"Honlu food trailer","article_modified_time":"2024-10-08T10:04:55+00:00","og_image":[{"width":720,"height":540,"url":"https:\/\/www.honlufoodtrailer.com\/wp-content\/uploads\/2022\/03\/2.8M-FRP-small-arc-style-food-trailer-1.jpg","type":"image\/jpeg"}],"twitter_card":"summary_large_image","twitter_misc":{"Estimeret l\u00e6setid":"3 minutter"},"schema":{"@context":"https:\/\/schema.org","@graph":[{"@type":"WebPage","@id":"https:\/\/www.honlufoodtrailer.com\/product\/2-8m-frp-small-arc-style-food-trailer\/","url":"https:\/\/www.honlufoodtrailer.com\/product\/2-8m-frp-small-arc-style-food-trailer\/","name":"2.8M FRP small arc style food trailer - Honlu food trailer","isPartOf":{"@id":"https:\/\/www.honlufoodtrailer.com\/#website"},"primaryImageOfPage":{"@id":"https:\/\/www.honlufoodtrailer.com\/product\/2-8m-frp-small-arc-style-food-trailer\/#primaryimage"},"image":{"@id":"https:\/\/www.honlufoodtrailer.com\/product\/2-8m-frp-small-arc-style-food-trailer\/#primaryimage"},"thumbnailUrl":"https:\/\/www.honlufoodtrailer.com\/wp-content\/uploads\/2022\/03\/2.8M-FRP-small-arc-style-food-trailer-1.jpg","datePublished":"2022-03-22T06:59:42+00:00","dateModified":"2024-10-08T10:04:55+00:00","description":"This is a customized cyan arc food trailer, the whole vehicle is made of fiberglass, and all the internal equipment is made of food-grade stainless steel. The service window of this arc food trailer adopts a sliding window design, Inside the trailer, it's equipped with a coffee machine, a water dispenser. The whole vehicle is 2.8m long and due to the small model so it's the preferred model for starting fast-food businesses.","breadcrumb":{"@id":"https:\/\/www.honlufoodtrailer.com\/product\/2-8m-frp-small-arc-style-food-trailer\/#breadcrumb"},"inLanguage":"da-DK","potentialAction":[{"@type":"ReadAction","target":["https:\/\/www.honlufoodtrailer.com\/product\/2-8m-frp-small-arc-style-food-trailer\/"]}]},{"@type":"ImageObject","inLanguage":"da-DK","@id":"https:\/\/www.honlufoodtrailer.com\/product\/2-8m-frp-small-arc-style-food-trailer\/#primaryimage","url":"https:\/\/www.honlufoodtrailer.com\/wp-content\/uploads\/2022\/03\/2.8M-FRP-small-arc-style-food-trailer-1.jpg","contentUrl":"https:\/\/www.honlufoodtrailer.com\/wp-content\/uploads\/2022\/03\/2.8M-FRP-small-arc-style-food-trailer-1.jpg","width":720,"height":540,"caption":"2.8M FRP small arc style food trailer (1)"},{"@type":"BreadcrumbList","@id":"https:\/\/www.honlufoodtrailer.com\/product\/2-8m-frp-small-arc-style-food-trailer\/#breadcrumb","itemListElement":[{"@type":"ListItem","position":1,"name":"Home","item":"https:\/\/www.honlufoodtrailer.com\/"},{"@type":"ListItem","position":2,"name":"\u4ea7\u54c1","item":"https:\/\/www.honlufoodtrailer.com\/shop\/"},{"@type":"ListItem","position":3,"name":"2.8M FRP small arc style food trailer"}]},{"@type":"WebSite","@id":"https:\/\/www.honlufoodtrailer.com\/#website","url":"https:\/\/www.honlufoodtrailer.com\/","name":"Honlu madtrailer","description":"","publisher":{"@id":"https:\/\/www.honlufoodtrailer.com\/#organization"},"potentialAction":[{"@type":"SearchAction","target":{"@type":"EntryPoint","urlTemplate":"https:\/\/www.honlufoodtrailer.com\/?s={search_term_string}"},"query-input":{"@type":"PropertyValueSpecification","valueRequired":true,"valueName":"search_term_string"}}],"inLanguage":"da-DK"},{"@type":"Organization","@id":"https:\/\/www.honlufoodtrailer.com\/#organization","name":"Honlu madtrailer","url":"https:\/\/www.honlufoodtrailer.com\/","logo":{"@type":"ImageObject","inLanguage":"da-DK","@id":"https:\/\/www.honlufoodtrailer.com\/#\/schema\/logo\/image\/","url":"https:\/\/www.honlufoodtrailer.com\/wp-content\/uploads\/2021\/12\/2.gif","contentUrl":"https:\/\/www.honlufoodtrailer.com\/wp-content\/uploads\/2021\/12\/2.gif","width":350,"height":100,"caption":"Honlu food trailer"},"image":{"@id":"https:\/\/www.honlufoodtrailer.com\/#\/schema\/logo\/image\/"}}]}},"_links":{"self":[{"href":"https:\/\/www.honlufoodtrailer.com\/da\/wp-json\/wp\/v2\/product\/3720","targetHints":{"allow":["GET"]}}],"collection":[{"href":"https:\/\/www.honlufoodtrailer.com\/da\/wp-json\/wp\/v2\/product"}],"about":[{"href":"https:\/\/www.honlufoodtrailer.com\/da\/wp-json\/wp\/v2\/types\/product"}],"version-history":[{"count":7,"href":"https:\/\/www.honlufoodtrailer.com\/da\/wp-json\/wp\/v2\/product\/3720\/revisions"}],"predecessor-version":[{"id":8512,"href":"https:\/\/www.honlufoodtrailer.com\/da\/wp-json\/wp\/v2\/product\/3720\/revisions\/8512"}],"wp:featuredmedia":[{"embeddable":true,"href":"https:\/\/www.honlufoodtrailer.com\/da\/wp-json\/wp\/v2\/media\/3721"}],"wp:attachment":[{"href":"https:\/\/www.honlufoodtrailer.com\/da\/wp-json\/wp\/v2\/media?parent=3720"}],"wp:term":[{"taxonomy":"product_brand","embeddable":true,"href":"https:\/\/www.honlufoodtrailer.com\/da\/wp-json\/wp\/v2\/product_brand?post=3720"},{"taxonomy":"product_cat","embeddable":true,"href":"https:\/\/www.honlufoodtrailer.com\/da\/wp-json\/wp\/v2\/product_cat?post=3720"},{"taxonomy":"product_tag","embeddable":true,"href":"https:\/\/www.honlufoodtrailer.com\/da\/wp-json\/wp\/v2\/product_tag?post=3720"}],"curies":[{"name":"wp","href":"https:\/\/api.w.org\/{rel}","templated":true}]}}