{"id":3775,"date":"2022-03-24T10:16:17","date_gmt":"2022-03-24T02:16:17","guid":{"rendered":"https:\/\/www.honlufoodtrailer.com\/?post_type=product&#038;p=3775"},"modified":"2023-12-17T15:15:21","modified_gmt":"2023-12-17T07:15:21","slug":"customized-8m-stainless-steel-food-trailer","status":"publish","type":"product","link":"https:\/\/www.honlufoodtrailer.com\/da\/product\/customized-8m-stainless-steel-food-trailer\/","title":{"rendered":"Tilpasset 8M madtrailer i rustfrit st\u00e5l"},"content":{"rendered":"<figure id=\"attachment_3785\" aria-describedby=\"caption-attachment-3785\" style=\"width: 1600px\" class=\"wp-caption alignnone\"><img fetchpriority=\"high\" decoding=\"async\" class=\"size-full wp-image-3785\" src=\"https:\/\/www.honlufoodtrailer.com\/wp-content\/uploads\/2022\/03\/Stainless-Steel-Body.jpg\" alt=\"Stainless Steel Body\" width=\"1600\" height=\"900\" srcset=\"https:\/\/www.honlufoodtrailer.com\/wp-content\/uploads\/2022\/03\/Stainless-Steel-Body.jpg 1600w, https:\/\/www.honlufoodtrailer.com\/wp-content\/uploads\/2022\/03\/Stainless-Steel-Body-768x432.jpg 768w, https:\/\/www.honlufoodtrailer.com\/wp-content\/uploads\/2022\/03\/Stainless-Steel-Body-1536x864.jpg 1536w, https:\/\/www.honlufoodtrailer.com\/wp-content\/uploads\/2022\/03\/Stainless-Steel-Body-480x270.jpg 480w, https:\/\/www.honlufoodtrailer.com\/wp-content\/uploads\/2022\/03\/Stainless-Steel-Body-300x169.jpg 300w, https:\/\/www.honlufoodtrailer.com\/wp-content\/uploads\/2022\/03\/Stainless-Steel-Body-720x405.jpg 720w\" sizes=\"(max-width: 1600px) 100vw, 1600px\" \/><figcaption id=\"caption-attachment-3785\" class=\"wp-caption-text\">Stainless Steel Body<\/figcaption><\/figure>\n<p>This is our customized stainless steel food trailer, the whole body and interior equipment are made of stainless steel. According to customer needs, we customized the top billboard on three sides, kitchen equipment, and adopted a different back door design from other food trailers. The front service window is designed with two separate sliding windows and is equipped with a sunshade awning above. During the production of this trailer, the customer proposed many special design ideas, and we all provided them with graphic design drawings and implemented them one by one.<\/p>\n<figure id=\"attachment_3790\" aria-describedby=\"caption-attachment-3790\" style=\"width: 720px\" class=\"wp-caption aligncenter\"><img decoding=\"async\" class=\"size-full wp-image-3790\" src=\"https:\/\/www.honlufoodtrailer.com\/wp-content\/uploads\/2022\/03\/Customized-back-door.jpg\" alt=\"Customized back door\" width=\"720\" height=\"540\" srcset=\"https:\/\/www.honlufoodtrailer.com\/wp-content\/uploads\/2022\/03\/Customized-back-door.jpg 720w, https:\/\/www.honlufoodtrailer.com\/wp-content\/uploads\/2022\/03\/Customized-back-door-480x360.jpg 480w, https:\/\/www.honlufoodtrailer.com\/wp-content\/uploads\/2022\/03\/Customized-back-door-300x225.jpg 300w\" sizes=\"(max-width: 720px) 100vw, 720px\" \/><figcaption id=\"caption-attachment-3790\" class=\"wp-caption-text\">Customized back door<\/figcaption><\/figure>\n<p data-spm-anchor-id=\"a2700.wholesale.0.i28.29e52808agqc7f\">The exterior of the body is made of stainless steel. The stainless steel mirror body can effectively prolong the service life of the trailer. Three billboards are customized on the exterior of the body, and light-emitting lamps are also added around the body.<\/p>\n<figure id=\"attachment_3786\" aria-describedby=\"caption-attachment-3786\" style=\"width: 720px\" class=\"wp-caption aligncenter\"><img decoding=\"async\" class=\"size-full wp-image-3786\" src=\"https:\/\/www.honlufoodtrailer.com\/wp-content\/uploads\/2022\/03\/Top-billboard-in-three-sides.jpg\" alt=\"Top billboard in three sides\" width=\"720\" height=\"540\" srcset=\"https:\/\/www.honlufoodtrailer.com\/wp-content\/uploads\/2022\/03\/Top-billboard-in-three-sides.jpg 720w, https:\/\/www.honlufoodtrailer.com\/wp-content\/uploads\/2022\/03\/Top-billboard-in-three-sides-480x360.jpg 480w, https:\/\/www.honlufoodtrailer.com\/wp-content\/uploads\/2022\/03\/Top-billboard-in-three-sides-300x225.jpg 300w\" sizes=\"(max-width: 720px) 100vw, 720px\" \/><figcaption id=\"caption-attachment-3786\" class=\"wp-caption-text\">Top billboard in three sides<\/figcaption><\/figure>\n<p data-spm-anchor-id=\"a2700.wholesale.0.i28.29e52808agqc7f\">The whole vehicle is eight meters long, so a lot of kitchen equipment has been customized inside, including gas stoves, deep fryers, barbecue grills, etc. The interior equipment of the body is made of stainless steel.<\/p>\n<figure id=\"attachment_3788\" aria-describedby=\"caption-attachment-3788\" style=\"width: 1600px\" class=\"wp-caption aligncenter\"><img loading=\"lazy\" decoding=\"async\" class=\"size-full wp-image-3788\" src=\"https:\/\/www.honlufoodtrailer.com\/wp-content\/uploads\/2022\/03\/Overall-stainless-steel.jpg\" alt=\"Overall stainless steel\" width=\"1600\" height=\"900\" srcset=\"https:\/\/www.honlufoodtrailer.com\/wp-content\/uploads\/2022\/03\/Overall-stainless-steel.jpg 1600w, https:\/\/www.honlufoodtrailer.com\/wp-content\/uploads\/2022\/03\/Overall-stainless-steel-768x432.jpg 768w, https:\/\/www.honlufoodtrailer.com\/wp-content\/uploads\/2022\/03\/Overall-stainless-steel-1536x864.jpg 1536w, https:\/\/www.honlufoodtrailer.com\/wp-content\/uploads\/2022\/03\/Overall-stainless-steel-480x270.jpg 480w, https:\/\/www.honlufoodtrailer.com\/wp-content\/uploads\/2022\/03\/Overall-stainless-steel-300x169.jpg 300w, https:\/\/www.honlufoodtrailer.com\/wp-content\/uploads\/2022\/03\/Overall-stainless-steel-720x405.jpg 720w\" sizes=\"(max-width: 1600px) 100vw, 1600px\" \/><figcaption id=\"caption-attachment-3788\" class=\"wp-caption-text\">Overall stainless steel<\/figcaption><\/figure>\n<p data-spm-anchor-id=\"a2700.wholesale.0.i28.29e52808agqc7f\">Based on these kitchen equipments, we customized high-power range hood equipment for customers to ensure a good environment in the car.<\/p>\n<figure id=\"attachment_3787\" aria-describedby=\"caption-attachment-3787\" style=\"width: 720px\" class=\"wp-caption aligncenter\"><img loading=\"lazy\" decoding=\"async\" class=\"size-full wp-image-3787\" src=\"https:\/\/www.honlufoodtrailer.com\/wp-content\/uploads\/2022\/03\/Kitchen-Equipment-High-Power-Range-Hoods.jpg\" alt=\"Kitchen Equipment &amp; High Power Range Hoods\" width=\"720\" height=\"540\" srcset=\"https:\/\/www.honlufoodtrailer.com\/wp-content\/uploads\/2022\/03\/Kitchen-Equipment-High-Power-Range-Hoods.jpg 720w, https:\/\/www.honlufoodtrailer.com\/wp-content\/uploads\/2022\/03\/Kitchen-Equipment-High-Power-Range-Hoods-480x360.jpg 480w, https:\/\/www.honlufoodtrailer.com\/wp-content\/uploads\/2022\/03\/Kitchen-Equipment-High-Power-Range-Hoods-300x225.jpg 300w\" sizes=\"(max-width: 720px) 100vw, 720px\" \/><figcaption id=\"caption-attachment-3787\" class=\"wp-caption-text\">Kitchen Equipment &amp; High Power Range Hoods<\/figcaption><\/figure>\n<p data-spm-anchor-id=\"a2700.wholesale.0.i28.29e52808agqc7f\">Two different ambient spotlights are installed inside the car body according to the customer&#8217;s requirements, and with the light-emitting lamps outside the car body, the trailer can have a very beautiful view even at night.<\/p>\n<figure id=\"attachment_3789\" aria-describedby=\"caption-attachment-3789\" style=\"width: 720px\" class=\"wp-caption aligncenter\"><img loading=\"lazy\" decoding=\"async\" class=\"size-full wp-image-3789\" src=\"https:\/\/www.honlufoodtrailer.com\/wp-content\/uploads\/2022\/03\/Two-mood-lights.jpg\" alt=\"Two mood lights\" width=\"720\" height=\"540\" srcset=\"https:\/\/www.honlufoodtrailer.com\/wp-content\/uploads\/2022\/03\/Two-mood-lights.jpg 720w, https:\/\/www.honlufoodtrailer.com\/wp-content\/uploads\/2022\/03\/Two-mood-lights-480x360.jpg 480w, https:\/\/www.honlufoodtrailer.com\/wp-content\/uploads\/2022\/03\/Two-mood-lights-300x225.jpg 300w\" sizes=\"(max-width: 720px) 100vw, 720px\" \/><figcaption id=\"caption-attachment-3789\" class=\"wp-caption-text\">Two mood lights<\/figcaption><\/figure>\n<p>Hele traileren er kompakt og nem at bruge. Det er den foretrukne model til opstart af fastfood-virksomheder, bulkindk\u00f8b i indk\u00f8bscentre, samlet ledelse af fastfood p\u00e5 gaden og familiepicnics. Den kan ogs\u00e5 bruges til salg af alt fra hotdogs og detailhandel, blomsterhandel, sandwich, kaffe, is osv. Vi er CE-certificeret for at hj\u00e6lpe dig med at starte en mobil virksomhed.<\/p>\n<h3 class=\"magic-6\" data-spm-anchor-id=\"a2700.wholesale.0.i28.29e52808agqc7f\">Main Features of the stainless steel food trailer<\/h3>\n<div class=\"magic-7\">\n<div class=\"magic-8\">\n<div class=\"magic-9\" data-id=\"paragraph0\">\n<ol>\n<li>Det superlange karosseri har et st\u00f8rre indvendigt rum og kan rumme mere udstyr for at im\u00f8dekomme kundernes forskellige behov;<\/li>\n<li>Stainless steel trailer body &amp; internal structure,\u00a0Lighter body and longer service life;<\/li>\n<li>Fire-resistant, heat-resistant and corrosion-resistant.<\/li>\n<li>Moderne og avanceret tilbeh\u00f8r udstyret i den mobile madtrailer;<\/li>\n<li>Praktisk og nem at flytte;<\/li>\n<li>Vi er glade for at \u00e6ndre det efter dine behov.<\/li>\n<\/ol>\n<h3>Gratis 2D\/3D plantegning<\/h3>\n<p>Efter at have bekr\u00e6ftet dimensionerne p\u00e5 madvognen og det indvendige k\u00f8kkenudstyr, kan vi gratis give dig 3D-tegninger. Dette vil give dig en klarere id\u00e9 om dit design og din madvogn. N\u00e5r vi bekr\u00e6fter placeringen af k\u00f8kkenudstyret, kan vi kommunikere tydeligt med dig via plantegningen. Vi kan ogs\u00e5 give dig originale dokumenter for at lette dit design og foretage justeringer.<\/p>\n<\/div>\n<\/div>\n<\/div>","protected":false},"excerpt":{"rendered":"<p>This is our customized stainless steel food trailer, the whole body and interior equipment are made of stainless steel. According to customer needs, we customized the top billboard on three sides, kitchen equipment, and adopted a different back door design from other food trailers. During the production of this trailer, the customer proposed many special design ideas, and we all provided them with graphic design drawings and implemented them one by one.<\/p>","protected":false},"featured_media":3776,"template":"","meta":{"_themeisle_gutenberg_block_has_review":false},"product_brand":[],"product_cat":[26],"product_tag":[33,41,45,38],"class_list":{"0":"post-3775","1":"product","2":"type-product","3":"status-publish","4":"has-post-thumbnail","6":"product_cat-product","7":"product_tag-customized-trailer","8":"product_tag-galvanized-trailer","9":"product_tag-large-food-trailer","10":"product_tag-mobile-food-trailer","12":"first","13":"instock","14":"downloadable","15":"shipping-taxable","16":"product-type-simple"},"yoast_head":"<!-- This site is optimized with the Yoast SEO plugin v27.4 - https:\/\/yoast.com\/product\/yoast-seo-wordpress\/ -->\n<title>Customized 8M stainless steel food trailer - Honlu food trailer<\/title>\n<meta name=\"description\" content=\"This is our customized stainless steel food trailer, the whole body and interior equipment are made of stainless steel. According to customer needs, we customized the top billboard on three sides, kitchen equipment, and adopted a different back door design from other food trailers. During the production of this trailer, the customer proposed many special design ideas, and we all provided them with graphic design drawings and implemented them one by one.\" \/>\n<meta name=\"robots\" content=\"index, follow, max-snippet:-1, max-image-preview:large, max-video-preview:-1\" \/>\n<link rel=\"canonical\" href=\"https:\/\/www.honlufoodtrailer.com\/da\/product\/customized-8m-stainless-steel-food-trailer\/\" \/>\n<meta property=\"og:locale\" content=\"da_DK\" \/>\n<meta property=\"og:type\" content=\"article\" \/>\n<meta property=\"og:title\" content=\"Customized 8M stainless steel food trailer - Honlu food trailer\" \/>\n<meta property=\"og:description\" content=\"This is our customized stainless steel food trailer, the whole body and interior equipment are made of stainless steel. According to customer needs, we customized the top billboard on three sides, kitchen equipment, and adopted a different back door design from other food trailers. During the production of this trailer, the customer proposed many special design ideas, and we all provided them with graphic design drawings and implemented them one by one.\" \/>\n<meta property=\"og:url\" content=\"https:\/\/www.honlufoodtrailer.com\/da\/product\/customized-8m-stainless-steel-food-trailer\/\" \/>\n<meta property=\"og:site_name\" content=\"Honlu food trailer\" \/>\n<meta property=\"article:modified_time\" content=\"2023-12-17T07:15:21+00:00\" \/>\n<meta property=\"og:image\" content=\"https:\/\/www.honlufoodtrailer.com\/wp-content\/uploads\/2022\/03\/Customized-8M-stainless-steel-food-trailer-1.jpg\" \/>\n\t<meta property=\"og:image:width\" content=\"720\" \/>\n\t<meta property=\"og:image:height\" content=\"540\" \/>\n\t<meta property=\"og:image:type\" content=\"image\/jpeg\" \/>\n<meta name=\"twitter:card\" content=\"summary_large_image\" \/>\n<meta name=\"twitter:label1\" content=\"Estimeret l\u00e6setid\" \/>\n\t<meta name=\"twitter:data1\" content=\"4 minutter\" \/>\n<script type=\"application\/ld+json\" class=\"yoast-schema-graph\">{\"@context\":\"https:\\\/\\\/schema.org\",\"@graph\":[{\"@type\":\"WebPage\",\"@id\":\"https:\\\/\\\/www.honlufoodtrailer.com\\\/product\\\/customized-8m-stainless-steel-food-trailer\\\/\",\"url\":\"https:\\\/\\\/www.honlufoodtrailer.com\\\/product\\\/customized-8m-stainless-steel-food-trailer\\\/\",\"name\":\"Customized 8M stainless steel food trailer - Honlu food trailer\",\"isPartOf\":{\"@id\":\"https:\\\/\\\/www.honlufoodtrailer.com\\\/#website\"},\"primaryImageOfPage\":{\"@id\":\"https:\\\/\\\/www.honlufoodtrailer.com\\\/product\\\/customized-8m-stainless-steel-food-trailer\\\/#primaryimage\"},\"image\":{\"@id\":\"https:\\\/\\\/www.honlufoodtrailer.com\\\/product\\\/customized-8m-stainless-steel-food-trailer\\\/#primaryimage\"},\"thumbnailUrl\":\"https:\\\/\\\/www.honlufoodtrailer.com\\\/wp-content\\\/uploads\\\/2022\\\/03\\\/Customized-8M-stainless-steel-food-trailer-1.jpg\",\"datePublished\":\"2022-03-24T02:16:17+00:00\",\"dateModified\":\"2023-12-17T07:15:21+00:00\",\"description\":\"This is our customized stainless steel food trailer, the whole body and interior equipment are made of stainless steel. According to customer needs, we customized the top billboard on three sides, kitchen equipment, and adopted a different back door design from other food trailers. During the production of this trailer, the customer proposed many special design ideas, and we all provided them with graphic design drawings and implemented them one by one.\",\"breadcrumb\":{\"@id\":\"https:\\\/\\\/www.honlufoodtrailer.com\\\/product\\\/customized-8m-stainless-steel-food-trailer\\\/#breadcrumb\"},\"inLanguage\":\"da-DK\",\"potentialAction\":[{\"@type\":\"ReadAction\",\"target\":[\"https:\\\/\\\/www.honlufoodtrailer.com\\\/product\\\/customized-8m-stainless-steel-food-trailer\\\/\"]}]},{\"@type\":\"ImageObject\",\"inLanguage\":\"da-DK\",\"@id\":\"https:\\\/\\\/www.honlufoodtrailer.com\\\/product\\\/customized-8m-stainless-steel-food-trailer\\\/#primaryimage\",\"url\":\"https:\\\/\\\/www.honlufoodtrailer.com\\\/wp-content\\\/uploads\\\/2022\\\/03\\\/Customized-8M-stainless-steel-food-trailer-1.jpg\",\"contentUrl\":\"https:\\\/\\\/www.honlufoodtrailer.com\\\/wp-content\\\/uploads\\\/2022\\\/03\\\/Customized-8M-stainless-steel-food-trailer-1.jpg\",\"width\":720,\"height\":540,\"caption\":\"Customized 8M stainless steel food trailer (1)\"},{\"@type\":\"BreadcrumbList\",\"@id\":\"https:\\\/\\\/www.honlufoodtrailer.com\\\/product\\\/customized-8m-stainless-steel-food-trailer\\\/#breadcrumb\",\"itemListElement\":[{\"@type\":\"ListItem\",\"position\":1,\"name\":\"Home\",\"item\":\"https:\\\/\\\/www.honlufoodtrailer.com\\\/\"},{\"@type\":\"ListItem\",\"position\":2,\"name\":\"\u4ea7\u54c1\",\"item\":\"https:\\\/\\\/www.honlufoodtrailer.com\\\/shop\\\/\"},{\"@type\":\"ListItem\",\"position\":3,\"name\":\"Customized 8M stainless steel food trailer\"}]},{\"@type\":\"WebSite\",\"@id\":\"https:\\\/\\\/www.honlufoodtrailer.com\\\/#website\",\"url\":\"https:\\\/\\\/www.honlufoodtrailer.com\\\/\",\"name\":\"Honlu food trailer\",\"description\":\"\",\"publisher\":{\"@id\":\"https:\\\/\\\/www.honlufoodtrailer.com\\\/#organization\"},\"potentialAction\":[{\"@type\":\"SearchAction\",\"target\":{\"@type\":\"EntryPoint\",\"urlTemplate\":\"https:\\\/\\\/www.honlufoodtrailer.com\\\/?s={search_term_string}\"},\"query-input\":{\"@type\":\"PropertyValueSpecification\",\"valueRequired\":true,\"valueName\":\"search_term_string\"}}],\"inLanguage\":\"da-DK\"},{\"@type\":\"Organization\",\"@id\":\"https:\\\/\\\/www.honlufoodtrailer.com\\\/#organization\",\"name\":\"Honlu food trailer\",\"url\":\"https:\\\/\\\/www.honlufoodtrailer.com\\\/\",\"logo\":{\"@type\":\"ImageObject\",\"inLanguage\":\"da-DK\",\"@id\":\"https:\\\/\\\/www.honlufoodtrailer.com\\\/#\\\/schema\\\/logo\\\/image\\\/\",\"url\":\"https:\\\/\\\/www.honlufoodtrailer.com\\\/wp-content\\\/uploads\\\/2021\\\/12\\\/2.gif\",\"contentUrl\":\"https:\\\/\\\/www.honlufoodtrailer.com\\\/wp-content\\\/uploads\\\/2021\\\/12\\\/2.gif\",\"width\":350,\"height\":100,\"caption\":\"Honlu food trailer\"},\"image\":{\"@id\":\"https:\\\/\\\/www.honlufoodtrailer.com\\\/#\\\/schema\\\/logo\\\/image\\\/\"}}]}<\/script>\n<!-- \/ Yoast SEO plugin. -->","yoast_head_json":{"title":"Customized 8M stainless steel food trailer - Honlu food trailer","description":"This is our customized stainless steel food trailer, the whole body and interior equipment are made of stainless steel. According to customer needs, we customized the top billboard on three sides, kitchen equipment, and adopted a different back door design from other food trailers. During the production of this trailer, the customer proposed many special design ideas, and we all provided them with graphic design drawings and implemented them one by one.","robots":{"index":"index","follow":"follow","max-snippet":"max-snippet:-1","max-image-preview":"max-image-preview:large","max-video-preview":"max-video-preview:-1"},"canonical":"https:\/\/www.honlufoodtrailer.com\/da\/product\/customized-8m-stainless-steel-food-trailer\/","og_locale":"da_DK","og_type":"article","og_title":"Customized 8M stainless steel food trailer - Honlu food trailer","og_description":"This is our customized stainless steel food trailer, the whole body and interior equipment are made of stainless steel. According to customer needs, we customized the top billboard on three sides, kitchen equipment, and adopted a different back door design from other food trailers. During the production of this trailer, the customer proposed many special design ideas, and we all provided them with graphic design drawings and implemented them one by one.","og_url":"https:\/\/www.honlufoodtrailer.com\/da\/product\/customized-8m-stainless-steel-food-trailer\/","og_site_name":"Honlu food trailer","article_modified_time":"2023-12-17T07:15:21+00:00","og_image":[{"width":720,"height":540,"url":"https:\/\/www.honlufoodtrailer.com\/wp-content\/uploads\/2022\/03\/Customized-8M-stainless-steel-food-trailer-1.jpg","type":"image\/jpeg"}],"twitter_card":"summary_large_image","twitter_misc":{"Estimeret l\u00e6setid":"4 minutter"},"schema":{"@context":"https:\/\/schema.org","@graph":[{"@type":"WebPage","@id":"https:\/\/www.honlufoodtrailer.com\/product\/customized-8m-stainless-steel-food-trailer\/","url":"https:\/\/www.honlufoodtrailer.com\/product\/customized-8m-stainless-steel-food-trailer\/","name":"Customized 8M stainless steel food trailer - Honlu food trailer","isPartOf":{"@id":"https:\/\/www.honlufoodtrailer.com\/#website"},"primaryImageOfPage":{"@id":"https:\/\/www.honlufoodtrailer.com\/product\/customized-8m-stainless-steel-food-trailer\/#primaryimage"},"image":{"@id":"https:\/\/www.honlufoodtrailer.com\/product\/customized-8m-stainless-steel-food-trailer\/#primaryimage"},"thumbnailUrl":"https:\/\/www.honlufoodtrailer.com\/wp-content\/uploads\/2022\/03\/Customized-8M-stainless-steel-food-trailer-1.jpg","datePublished":"2022-03-24T02:16:17+00:00","dateModified":"2023-12-17T07:15:21+00:00","description":"This is our customized stainless steel food trailer, the whole body and interior equipment are made of stainless steel. According to customer needs, we customized the top billboard on three sides, kitchen equipment, and adopted a different back door design from other food trailers. During the production of this trailer, the customer proposed many special design ideas, and we all provided them with graphic design drawings and implemented them one by one.","breadcrumb":{"@id":"https:\/\/www.honlufoodtrailer.com\/product\/customized-8m-stainless-steel-food-trailer\/#breadcrumb"},"inLanguage":"da-DK","potentialAction":[{"@type":"ReadAction","target":["https:\/\/www.honlufoodtrailer.com\/product\/customized-8m-stainless-steel-food-trailer\/"]}]},{"@type":"ImageObject","inLanguage":"da-DK","@id":"https:\/\/www.honlufoodtrailer.com\/product\/customized-8m-stainless-steel-food-trailer\/#primaryimage","url":"https:\/\/www.honlufoodtrailer.com\/wp-content\/uploads\/2022\/03\/Customized-8M-stainless-steel-food-trailer-1.jpg","contentUrl":"https:\/\/www.honlufoodtrailer.com\/wp-content\/uploads\/2022\/03\/Customized-8M-stainless-steel-food-trailer-1.jpg","width":720,"height":540,"caption":"Customized 8M stainless steel food trailer (1)"},{"@type":"BreadcrumbList","@id":"https:\/\/www.honlufoodtrailer.com\/product\/customized-8m-stainless-steel-food-trailer\/#breadcrumb","itemListElement":[{"@type":"ListItem","position":1,"name":"Home","item":"https:\/\/www.honlufoodtrailer.com\/"},{"@type":"ListItem","position":2,"name":"\u4ea7\u54c1","item":"https:\/\/www.honlufoodtrailer.com\/shop\/"},{"@type":"ListItem","position":3,"name":"Customized 8M stainless steel food trailer"}]},{"@type":"WebSite","@id":"https:\/\/www.honlufoodtrailer.com\/#website","url":"https:\/\/www.honlufoodtrailer.com\/","name":"Honlu madtrailer","description":"","publisher":{"@id":"https:\/\/www.honlufoodtrailer.com\/#organization"},"potentialAction":[{"@type":"SearchAction","target":{"@type":"EntryPoint","urlTemplate":"https:\/\/www.honlufoodtrailer.com\/?s={search_term_string}"},"query-input":{"@type":"PropertyValueSpecification","valueRequired":true,"valueName":"search_term_string"}}],"inLanguage":"da-DK"},{"@type":"Organization","@id":"https:\/\/www.honlufoodtrailer.com\/#organization","name":"Honlu madtrailer","url":"https:\/\/www.honlufoodtrailer.com\/","logo":{"@type":"ImageObject","inLanguage":"da-DK","@id":"https:\/\/www.honlufoodtrailer.com\/#\/schema\/logo\/image\/","url":"https:\/\/www.honlufoodtrailer.com\/wp-content\/uploads\/2021\/12\/2.gif","contentUrl":"https:\/\/www.honlufoodtrailer.com\/wp-content\/uploads\/2021\/12\/2.gif","width":350,"height":100,"caption":"Honlu food trailer"},"image":{"@id":"https:\/\/www.honlufoodtrailer.com\/#\/schema\/logo\/image\/"}}]}},"_links":{"self":[{"href":"https:\/\/www.honlufoodtrailer.com\/da\/wp-json\/wp\/v2\/product\/3775","targetHints":{"allow":["GET"]}}],"collection":[{"href":"https:\/\/www.honlufoodtrailer.com\/da\/wp-json\/wp\/v2\/product"}],"about":[{"href":"https:\/\/www.honlufoodtrailer.com\/da\/wp-json\/wp\/v2\/types\/product"}],"version-history":[{"count":2,"href":"https:\/\/www.honlufoodtrailer.com\/da\/wp-json\/wp\/v2\/product\/3775\/revisions"}],"predecessor-version":[{"id":6233,"href":"https:\/\/www.honlufoodtrailer.com\/da\/wp-json\/wp\/v2\/product\/3775\/revisions\/6233"}],"wp:featuredmedia":[{"embeddable":true,"href":"https:\/\/www.honlufoodtrailer.com\/da\/wp-json\/wp\/v2\/media\/3776"}],"wp:attachment":[{"href":"https:\/\/www.honlufoodtrailer.com\/da\/wp-json\/wp\/v2\/media?parent=3775"}],"wp:term":[{"taxonomy":"product_brand","embeddable":true,"href":"https:\/\/www.honlufoodtrailer.com\/da\/wp-json\/wp\/v2\/product_brand?post=3775"},{"taxonomy":"product_cat","embeddable":true,"href":"https:\/\/www.honlufoodtrailer.com\/da\/wp-json\/wp\/v2\/product_cat?post=3775"},{"taxonomy":"product_tag","embeddable":true,"href":"https:\/\/www.honlufoodtrailer.com\/da\/wp-json\/wp\/v2\/product_tag?post=3775"}],"curies":[{"name":"wp","href":"https:\/\/api.w.org\/{rel}","templated":true}]}}