{"id":5643,"date":"2023-11-12T16:53:24","date_gmt":"2023-11-12T08:53:24","guid":{"rendered":"https:\/\/www.honlufoodtrailer.com\/?post_type=product&#038;p=5643"},"modified":"2025-02-14T16:07:07","modified_gmt":"2025-02-14T08:07:07","slug":"11m-barbecue-grill-trailers-for-sale","status":"publish","type":"product","link":"https:\/\/www.honlufoodtrailer.com\/da\/product\/11m-barbecue-grill-trailers-for-sale\/","title":{"rendered":"11m Grilltrailere Til Salg"},"content":{"rendered":"<p data-spm-anchor-id=\"a2700.wholesale.0.i28.29e52808agqc7f\">This is a customized 11M barbecue grill trailer. Above the trailer body, we customized the billboard words to meet customer needs. It can be applied for selling a variety of grilled food items, including hamburgers, hot dogs, sausages, chicken skewers, kebabs, grilled vegetables, corn on the cob, grilled cheese sandwiches, BBQ ribs, pulled pork sandwiches, and grilled seafood such as shrimp or fish. Additionally, some grill trailers may offer specialty items like gourmet burgers, tofu or vegan options, or unique sauces and marinades. We have CE and other certifications to help you to start a mobile business. Just read ahead to see what you can get from us.<\/p>\n<p data-spm-anchor-id=\"a2700.wholesale.0.i28.29e52808agqc7f\"><img fetchpriority=\"high\" decoding=\"async\" class=\"size-full wp-image-5648 aligncenter\" src=\"https:\/\/www.honlufoodtrailer.com\/wp-content\/uploads\/2023\/10\/11m-grill-trailer.jpg\" alt=\"11m grilltrailer\" width=\"720\" height=\"540\" srcset=\"https:\/\/www.honlufoodtrailer.com\/wp-content\/uploads\/2023\/10\/11m-grill-trailer.jpg 720w, https:\/\/www.honlufoodtrailer.com\/wp-content\/uploads\/2023\/10\/11m-grill-trailer-480x360.jpg 480w, https:\/\/www.honlufoodtrailer.com\/wp-content\/uploads\/2023\/10\/11m-grill-trailer-300x225.jpg 300w\" sizes=\"(max-width: 720px) 100vw, 720px\" \/><\/p>\n<h3>Inner Details of the 11m Grill Trailer<\/h3>\n<p>Let&#8217;s see the inner details of this 11m barbecue grill Trailer. The workbench and inner wall inside the barbecue grill trailer are all food-grade stainless steel. According to customer needs, it is equipped with deep fryers, customized three sinks, a soap dispenser, gas stoves, range hoods, and other equipment. We will purchase other types of equipment based on customers\u2019 needs.<br \/>\n<img decoding=\"async\" class=\"aligncenter size-full wp-image-8379\" src=\"https:\/\/www.honlufoodtrailer.com\/wp-content\/uploads\/2023\/11\/11m-Barbecue-Grill-Trailer-inner-view.jpg\" alt=\"11m Barbecue Grill Trailer inner view\" width=\"800\" height=\"800\" srcset=\"https:\/\/www.honlufoodtrailer.com\/wp-content\/uploads\/2023\/11\/11m-Barbecue-Grill-Trailer-inner-view.jpg 800w, https:\/\/www.honlufoodtrailer.com\/wp-content\/uploads\/2023\/11\/11m-Barbecue-Grill-Trailer-inner-view-768x768.jpg 768w, https:\/\/www.honlufoodtrailer.com\/wp-content\/uploads\/2023\/11\/11m-Barbecue-Grill-Trailer-inner-view-360x360.jpg 360w, https:\/\/www.honlufoodtrailer.com\/wp-content\/uploads\/2023\/11\/11m-Barbecue-Grill-Trailer-inner-view-300x300.jpg 300w, https:\/\/www.honlufoodtrailer.com\/wp-content\/uploads\/2023\/11\/11m-Barbecue-Grill-Trailer-inner-view-720x720.jpg 720w, https:\/\/www.honlufoodtrailer.com\/wp-content\/uploads\/2023\/11\/11m-Barbecue-Grill-Trailer-inner-view-100x100.jpg 100w\" sizes=\"(max-width: 800px) 100vw, 800px\" \/><\/p>\n<h3>More Details of the 11m Barbecue Grill Trailer<\/h3>\n<p data-spm-anchor-id=\"a2700.wholesale.0.i28.29e52808agqc7f\">See more details of the exterior of this 11m grill trailer. All of them are made according to the local requirements. As a food trailer manufacturer and exporter with more than 10 years of experience, we can help you design and manufacture your food trailer according to your local Standards. The size, body color, stickers, signage, and kitchen equipment of the food trailer can be customized. Just don\u2019t hesitate to contact us and tell us your detailed requirements!<\/p>\n<p data-spm-anchor-id=\"a2700.wholesale.0.i28.29e52808agqc7f\"><img decoding=\"async\" class=\"aligncenter size-full wp-image-8380\" src=\"https:\/\/www.honlufoodtrailer.com\/wp-content\/uploads\/2023\/11\/11m-Barbecue-Grill-Trailer-more-details.jpg\" alt=\"11m Barbecue Grill Trailer more details\" width=\"800\" height=\"800\" srcset=\"https:\/\/www.honlufoodtrailer.com\/wp-content\/uploads\/2023\/11\/11m-Barbecue-Grill-Trailer-more-details.jpg 800w, https:\/\/www.honlufoodtrailer.com\/wp-content\/uploads\/2023\/11\/11m-Barbecue-Grill-Trailer-more-details-768x768.jpg 768w, https:\/\/www.honlufoodtrailer.com\/wp-content\/uploads\/2023\/11\/11m-Barbecue-Grill-Trailer-more-details-360x360.jpg 360w, https:\/\/www.honlufoodtrailer.com\/wp-content\/uploads\/2023\/11\/11m-Barbecue-Grill-Trailer-more-details-300x300.jpg 300w, https:\/\/www.honlufoodtrailer.com\/wp-content\/uploads\/2023\/11\/11m-Barbecue-Grill-Trailer-more-details-720x720.jpg 720w, https:\/\/www.honlufoodtrailer.com\/wp-content\/uploads\/2023\/11\/11m-Barbecue-Grill-Trailer-more-details-100x100.jpg 100w\" sizes=\"(max-width: 800px) 100vw, 800px\" \/><\/p>\n<p data-spm-anchor-id=\"a2700.wholesale.0.i28.29e52808agqc7f\">Madtrailere kan ogs\u00e5 kaldes madvogne, madvogne, food trucks osv. De kan bruges til at s\u00e6lge fastfood, snacks, aviser, b\u00f8ger osv. De best\u00e5r af chassis, karosseri, gulv, arbejdsbord, vandsystem, elsystem. Brugere kan ogs\u00e5 v\u00e6lge den \u00f8nskede farve. Vi vil gerne k\u00f8be andre typer udstyr, hvis kunderne \u00f8nsker det.<\/p>\n<h3 class=\"magic-6\" data-spm-anchor-id=\"a2700.wholesale.0.i28.29e52808agqc7f\"><img loading=\"lazy\" decoding=\"async\" class=\"size-full wp-image-5647 aligncenter\" src=\"https:\/\/www.honlufoodtrailer.com\/wp-content\/uploads\/2023\/10\/11m-grill-trailer-side-view.jpg\" alt=\"11m grill trailer side view\" width=\"720\" height=\"540\" srcset=\"https:\/\/www.honlufoodtrailer.com\/wp-content\/uploads\/2023\/10\/11m-grill-trailer-side-view.jpg 720w, https:\/\/www.honlufoodtrailer.com\/wp-content\/uploads\/2023\/10\/11m-grill-trailer-side-view-480x360.jpg 480w, https:\/\/www.honlufoodtrailer.com\/wp-content\/uploads\/2023\/10\/11m-grill-trailer-side-view-300x225.jpg 300w\" sizes=\"(max-width: 720px) 100vw, 720px\" \/>Main Features of the Barbecue Grill Trailers For Sale<\/h3>\n<div class=\"magic-7\">\n<div class=\"magic-8\">\n<div class=\"magic-9\" data-id=\"paragraph0\">\n<ol>\n<li>Moderigtigt udseende kan tilpasses;<\/li>\n<li>Galvaniseret pladetrailerkarosseri og indvendig struktur, god varmebestandighed, slidstyrke, korrosionsbestandighed;<\/li>\n<li>Modern and advanced accessories equipped in the barbecue grill trailer;<\/li>\n<li>Det er st\u00f8dbestandigt og vanskeligt at korrosionere, har h\u00f8j varmebestandighed og styrke, h\u00f8j farve\u00e6gthed, ingen deformation, er vandt\u00e6t og har lang levetid;<\/li>\n<li>Vi er glade for at \u00e6ndre det efter dine behov.<\/li>\n<\/ol>\n<p><img loading=\"lazy\" decoding=\"async\" class=\"size-full wp-image-5646 aligncenter\" src=\"https:\/\/www.honlufoodtrailer.com\/wp-content\/uploads\/2023\/10\/11m-grill-trailer-inner-overview.jpg\" alt=\"11m grill trailer inner overview\" width=\"720\" height=\"479\" srcset=\"https:\/\/www.honlufoodtrailer.com\/wp-content\/uploads\/2023\/10\/11m-grill-trailer-inner-overview.jpg 720w, https:\/\/www.honlufoodtrailer.com\/wp-content\/uploads\/2023\/10\/11m-grill-trailer-inner-overview-480x319.jpg 480w, https:\/\/www.honlufoodtrailer.com\/wp-content\/uploads\/2023\/10\/11m-grill-trailer-inner-overview-300x200.jpg 300w\" sizes=\"(max-width: 720px) 100vw, 720px\" \/><\/p>\n<h3>Gratis 2D\/3D plantegning<\/h3>\n<p>Efter at have bekr\u00e6ftet dimensionerne af <a href=\"https:\/\/www.honlufoodtrailer.com\/da\/product\/\" target=\"_blank\" rel=\"noopener\">madtrailer<\/a> og det indvendige k\u00f8kkenudstyr, kan vi gratis give dig 3D-tegninger. Dette vil give dig en klarere id\u00e9 om dit design og din madvogn. N\u00e5r vi bekr\u00e6fter placeringen af k\u00f8kkenudstyret, kan vi kommunikere tydeligt med dig via plantegningen. Vi kan ogs\u00e5 give dig originale dokumenter for at lette dit design og foretage justeringer.<\/p>\n<h3>Related 11m Food Truck<\/h3>\n<p><a href=\"https:\/\/www.honlufoodtrailer.com\/da\/product\/shawarma-food-truck-for-sale\/\" target=\"_blank\" rel=\"noopener\">11m Shawarma Food Truck For Sale<\/a><\/p>\n<p><a href=\"https:\/\/www.honlufoodtrailer.com\/da\/product\/shawarma-food-truck-for-sale\/\"><img loading=\"lazy\" decoding=\"async\" class=\"aligncenter wp-image-6483 size-full\" src=\"https:\/\/www.honlufoodtrailer.com\/wp-content\/uploads\/2024\/01\/11m-Shawarma-Food-Truck-for-sale.jpg\" alt=\"11m Shawarma Food Truck for sale\" width=\"720\" height=\"540\" srcset=\"https:\/\/www.honlufoodtrailer.com\/wp-content\/uploads\/2024\/01\/11m-Shawarma-Food-Truck-for-sale.jpg 720w, https:\/\/www.honlufoodtrailer.com\/wp-content\/uploads\/2024\/01\/11m-Shawarma-Food-Truck-for-sale-480x360.jpg 480w, https:\/\/www.honlufoodtrailer.com\/wp-content\/uploads\/2024\/01\/11m-Shawarma-Food-Truck-for-sale-300x225.jpg 300w\" sizes=\"(max-width: 720px) 100vw, 720px\" \/><\/a><\/p>\n<\/div>\n<\/div>\n<\/div>","protected":false},"excerpt":{"rendered":"<p data-spm-anchor-id=\"a2700.wholesale.0.i28.29e52808agqc7f\">This is a customized 11M barbecue grill trailer. Above the barbecue grill trailer, we have customized the billboard words to meet customer needs. It can be applied for selling anything from BBQ, hot dogs, sandwiches, coffee, ice cream, or retail operations etc. We have CE certified to help you start a mobile food trailer business without worries.<\/p>","protected":false},"featured_media":5648,"template":"","meta":{"_themeisle_gutenberg_block_has_review":false},"product_brand":[],"product_cat":[26],"product_tag":[105,53,33,41,133,45,38,52],"class_list":{"0":"post-5643","1":"product","2":"type-product","3":"status-publish","4":"has-post-thumbnail","6":"product_cat-product","7":"product_tag-36ft-food-trailer","8":"product_tag-customized-sinks","9":"product_tag-customized-trailer","10":"product_tag-galvanized-trailer","11":"product_tag-grill-trailer","12":"product_tag-large-food-trailer","13":"product_tag-mobile-food-trailer","14":"product_tag-personalized-billboard","16":"first","17":"instock","18":"featured","19":"shipping-taxable","20":"product-type-simple"},"yoast_head":"<!-- This site is optimized with the Yoast SEO plugin v27.4 - https:\/\/yoast.com\/product\/yoast-seo-wordpress\/ -->\n<title>11m Barbecue Grill Trailers For Sale from China - Honlu Food Trailer<\/title>\n<meta name=\"description\" content=\"This is a customized 11M barbecue grill trailer for sale. We have related certifications to help you to start a mobile business. Get the price now!\" \/>\n<meta name=\"robots\" content=\"index, follow, max-snippet:-1, max-image-preview:large, max-video-preview:-1\" \/>\n<link rel=\"canonical\" href=\"https:\/\/www.honlufoodtrailer.com\/da\/product\/11m-barbecue-grill-trailers-for-sale\/\" \/>\n<meta property=\"og:locale\" content=\"da_DK\" \/>\n<meta property=\"og:type\" content=\"article\" \/>\n<meta property=\"og:title\" content=\"11m Barbecue Grill Trailers For Sale from China - Honlu Food Trailer\" \/>\n<meta property=\"og:description\" content=\"This is a customized 11M barbecue grill trailer for sale. We have related certifications to help you to start a mobile business. Get the price now!\" \/>\n<meta property=\"og:url\" content=\"https:\/\/www.honlufoodtrailer.com\/da\/product\/11m-barbecue-grill-trailers-for-sale\/\" \/>\n<meta property=\"og:site_name\" content=\"Honlu food trailer\" \/>\n<meta property=\"article:modified_time\" content=\"2025-02-14T08:07:07+00:00\" \/>\n<meta property=\"og:image\" content=\"https:\/\/www.honlufoodtrailer.com\/wp-content\/uploads\/2023\/10\/11m-grill-trailer.jpg\" \/>\n\t<meta property=\"og:image:width\" content=\"720\" \/>\n\t<meta property=\"og:image:height\" content=\"540\" \/>\n\t<meta property=\"og:image:type\" content=\"image\/jpeg\" \/>\n<meta name=\"twitter:card\" content=\"summary_large_image\" \/>\n<meta name=\"twitter:label1\" content=\"Estimeret l\u00e6setid\" \/>\n\t<meta name=\"twitter:data1\" content=\"2 minutter\" \/>\n<script type=\"application\/ld+json\" class=\"yoast-schema-graph\">{\"@context\":\"https:\\\/\\\/schema.org\",\"@graph\":[{\"@type\":\"WebPage\",\"@id\":\"https:\\\/\\\/www.honlufoodtrailer.com\\\/product\\\/11m-barbecue-grill-trailers-for-sale\\\/\",\"url\":\"https:\\\/\\\/www.honlufoodtrailer.com\\\/product\\\/11m-barbecue-grill-trailers-for-sale\\\/\",\"name\":\"11m Barbecue Grill Trailers For Sale from China - Honlu Food Trailer\",\"isPartOf\":{\"@id\":\"https:\\\/\\\/www.honlufoodtrailer.com\\\/#website\"},\"primaryImageOfPage\":{\"@id\":\"https:\\\/\\\/www.honlufoodtrailer.com\\\/product\\\/11m-barbecue-grill-trailers-for-sale\\\/#primaryimage\"},\"image\":{\"@id\":\"https:\\\/\\\/www.honlufoodtrailer.com\\\/product\\\/11m-barbecue-grill-trailers-for-sale\\\/#primaryimage\"},\"thumbnailUrl\":\"https:\\\/\\\/www.honlufoodtrailer.com\\\/wp-content\\\/uploads\\\/2023\\\/10\\\/11m-grill-trailer.jpg\",\"datePublished\":\"2023-11-12T08:53:24+00:00\",\"dateModified\":\"2025-02-14T08:07:07+00:00\",\"description\":\"This is a customized 11M barbecue grill trailer for sale. We have related certifications to help you to start a mobile business. Get the price now!\",\"breadcrumb\":{\"@id\":\"https:\\\/\\\/www.honlufoodtrailer.com\\\/product\\\/11m-barbecue-grill-trailers-for-sale\\\/#breadcrumb\"},\"inLanguage\":\"da-DK\",\"potentialAction\":[{\"@type\":\"ReadAction\",\"target\":[\"https:\\\/\\\/www.honlufoodtrailer.com\\\/product\\\/11m-barbecue-grill-trailers-for-sale\\\/\"]}]},{\"@type\":\"ImageObject\",\"inLanguage\":\"da-DK\",\"@id\":\"https:\\\/\\\/www.honlufoodtrailer.com\\\/product\\\/11m-barbecue-grill-trailers-for-sale\\\/#primaryimage\",\"url\":\"https:\\\/\\\/www.honlufoodtrailer.com\\\/wp-content\\\/uploads\\\/2023\\\/10\\\/11m-grill-trailer.jpg\",\"contentUrl\":\"https:\\\/\\\/www.honlufoodtrailer.com\\\/wp-content\\\/uploads\\\/2023\\\/10\\\/11m-grill-trailer.jpg\",\"width\":720,\"height\":540,\"caption\":\"11m grill trailer\"},{\"@type\":\"BreadcrumbList\",\"@id\":\"https:\\\/\\\/www.honlufoodtrailer.com\\\/product\\\/11m-barbecue-grill-trailers-for-sale\\\/#breadcrumb\",\"itemListElement\":[{\"@type\":\"ListItem\",\"position\":1,\"name\":\"Home\",\"item\":\"https:\\\/\\\/www.honlufoodtrailer.com\\\/\"},{\"@type\":\"ListItem\",\"position\":2,\"name\":\"\u4ea7\u54c1\",\"item\":\"https:\\\/\\\/www.honlufoodtrailer.com\\\/shop\\\/\"},{\"@type\":\"ListItem\",\"position\":3,\"name\":\"11m Barbecue Grill Trailers For Sale\"}]},{\"@type\":\"WebSite\",\"@id\":\"https:\\\/\\\/www.honlufoodtrailer.com\\\/#website\",\"url\":\"https:\\\/\\\/www.honlufoodtrailer.com\\\/\",\"name\":\"Honlu food trailer\",\"description\":\"\",\"publisher\":{\"@id\":\"https:\\\/\\\/www.honlufoodtrailer.com\\\/#organization\"},\"potentialAction\":[{\"@type\":\"SearchAction\",\"target\":{\"@type\":\"EntryPoint\",\"urlTemplate\":\"https:\\\/\\\/www.honlufoodtrailer.com\\\/?s={search_term_string}\"},\"query-input\":{\"@type\":\"PropertyValueSpecification\",\"valueRequired\":true,\"valueName\":\"search_term_string\"}}],\"inLanguage\":\"da-DK\"},{\"@type\":\"Organization\",\"@id\":\"https:\\\/\\\/www.honlufoodtrailer.com\\\/#organization\",\"name\":\"Honlu food trailer\",\"url\":\"https:\\\/\\\/www.honlufoodtrailer.com\\\/\",\"logo\":{\"@type\":\"ImageObject\",\"inLanguage\":\"da-DK\",\"@id\":\"https:\\\/\\\/www.honlufoodtrailer.com\\\/#\\\/schema\\\/logo\\\/image\\\/\",\"url\":\"https:\\\/\\\/www.honlufoodtrailer.com\\\/wp-content\\\/uploads\\\/2021\\\/12\\\/2.gif\",\"contentUrl\":\"https:\\\/\\\/www.honlufoodtrailer.com\\\/wp-content\\\/uploads\\\/2021\\\/12\\\/2.gif\",\"width\":350,\"height\":100,\"caption\":\"Honlu food trailer\"},\"image\":{\"@id\":\"https:\\\/\\\/www.honlufoodtrailer.com\\\/#\\\/schema\\\/logo\\\/image\\\/\"}}]}<\/script>\n<!-- \/ Yoast SEO plugin. -->","yoast_head_json":{"title":"11m Barbecue Grill Trailers For Sale from China - Honlu Food Trailer","description":"This is a customized 11M barbecue grill trailer for sale. We have related certifications to help you to start a mobile business. Get the price now!","robots":{"index":"index","follow":"follow","max-snippet":"max-snippet:-1","max-image-preview":"max-image-preview:large","max-video-preview":"max-video-preview:-1"},"canonical":"https:\/\/www.honlufoodtrailer.com\/da\/product\/11m-barbecue-grill-trailers-for-sale\/","og_locale":"da_DK","og_type":"article","og_title":"11m Barbecue Grill Trailers For Sale from China - Honlu Food Trailer","og_description":"This is a customized 11M barbecue grill trailer for sale. We have related certifications to help you to start a mobile business. Get the price now!","og_url":"https:\/\/www.honlufoodtrailer.com\/da\/product\/11m-barbecue-grill-trailers-for-sale\/","og_site_name":"Honlu food trailer","article_modified_time":"2025-02-14T08:07:07+00:00","og_image":[{"width":720,"height":540,"url":"https:\/\/www.honlufoodtrailer.com\/wp-content\/uploads\/2023\/10\/11m-grill-trailer.jpg","type":"image\/jpeg"}],"twitter_card":"summary_large_image","twitter_misc":{"Estimeret l\u00e6setid":"2 minutter"},"schema":{"@context":"https:\/\/schema.org","@graph":[{"@type":"WebPage","@id":"https:\/\/www.honlufoodtrailer.com\/product\/11m-barbecue-grill-trailers-for-sale\/","url":"https:\/\/www.honlufoodtrailer.com\/product\/11m-barbecue-grill-trailers-for-sale\/","name":"11m Barbecue Grill Trailers For Sale from China - Honlu Food Trailer","isPartOf":{"@id":"https:\/\/www.honlufoodtrailer.com\/#website"},"primaryImageOfPage":{"@id":"https:\/\/www.honlufoodtrailer.com\/product\/11m-barbecue-grill-trailers-for-sale\/#primaryimage"},"image":{"@id":"https:\/\/www.honlufoodtrailer.com\/product\/11m-barbecue-grill-trailers-for-sale\/#primaryimage"},"thumbnailUrl":"https:\/\/www.honlufoodtrailer.com\/wp-content\/uploads\/2023\/10\/11m-grill-trailer.jpg","datePublished":"2023-11-12T08:53:24+00:00","dateModified":"2025-02-14T08:07:07+00:00","description":"This is a customized 11M barbecue grill trailer for sale. We have related certifications to help you to start a mobile business. Get the price now!","breadcrumb":{"@id":"https:\/\/www.honlufoodtrailer.com\/product\/11m-barbecue-grill-trailers-for-sale\/#breadcrumb"},"inLanguage":"da-DK","potentialAction":[{"@type":"ReadAction","target":["https:\/\/www.honlufoodtrailer.com\/product\/11m-barbecue-grill-trailers-for-sale\/"]}]},{"@type":"ImageObject","inLanguage":"da-DK","@id":"https:\/\/www.honlufoodtrailer.com\/product\/11m-barbecue-grill-trailers-for-sale\/#primaryimage","url":"https:\/\/www.honlufoodtrailer.com\/wp-content\/uploads\/2023\/10\/11m-grill-trailer.jpg","contentUrl":"https:\/\/www.honlufoodtrailer.com\/wp-content\/uploads\/2023\/10\/11m-grill-trailer.jpg","width":720,"height":540,"caption":"11m grill trailer"},{"@type":"BreadcrumbList","@id":"https:\/\/www.honlufoodtrailer.com\/product\/11m-barbecue-grill-trailers-for-sale\/#breadcrumb","itemListElement":[{"@type":"ListItem","position":1,"name":"Home","item":"https:\/\/www.honlufoodtrailer.com\/"},{"@type":"ListItem","position":2,"name":"\u4ea7\u54c1","item":"https:\/\/www.honlufoodtrailer.com\/shop\/"},{"@type":"ListItem","position":3,"name":"11m Barbecue Grill Trailers For Sale"}]},{"@type":"WebSite","@id":"https:\/\/www.honlufoodtrailer.com\/#website","url":"https:\/\/www.honlufoodtrailer.com\/","name":"Honlu madtrailer","description":"","publisher":{"@id":"https:\/\/www.honlufoodtrailer.com\/#organization"},"potentialAction":[{"@type":"SearchAction","target":{"@type":"EntryPoint","urlTemplate":"https:\/\/www.honlufoodtrailer.com\/?s={search_term_string}"},"query-input":{"@type":"PropertyValueSpecification","valueRequired":true,"valueName":"search_term_string"}}],"inLanguage":"da-DK"},{"@type":"Organization","@id":"https:\/\/www.honlufoodtrailer.com\/#organization","name":"Honlu madtrailer","url":"https:\/\/www.honlufoodtrailer.com\/","logo":{"@type":"ImageObject","inLanguage":"da-DK","@id":"https:\/\/www.honlufoodtrailer.com\/#\/schema\/logo\/image\/","url":"https:\/\/www.honlufoodtrailer.com\/wp-content\/uploads\/2021\/12\/2.gif","contentUrl":"https:\/\/www.honlufoodtrailer.com\/wp-content\/uploads\/2021\/12\/2.gif","width":350,"height":100,"caption":"Honlu food trailer"},"image":{"@id":"https:\/\/www.honlufoodtrailer.com\/#\/schema\/logo\/image\/"}}]}},"_links":{"self":[{"href":"https:\/\/www.honlufoodtrailer.com\/da\/wp-json\/wp\/v2\/product\/5643","targetHints":{"allow":["GET"]}}],"collection":[{"href":"https:\/\/www.honlufoodtrailer.com\/da\/wp-json\/wp\/v2\/product"}],"about":[{"href":"https:\/\/www.honlufoodtrailer.com\/da\/wp-json\/wp\/v2\/types\/product"}],"version-history":[{"count":8,"href":"https:\/\/www.honlufoodtrailer.com\/da\/wp-json\/wp\/v2\/product\/5643\/revisions"}],"predecessor-version":[{"id":8382,"href":"https:\/\/www.honlufoodtrailer.com\/da\/wp-json\/wp\/v2\/product\/5643\/revisions\/8382"}],"wp:featuredmedia":[{"embeddable":true,"href":"https:\/\/www.honlufoodtrailer.com\/da\/wp-json\/wp\/v2\/media\/5648"}],"wp:attachment":[{"href":"https:\/\/www.honlufoodtrailer.com\/da\/wp-json\/wp\/v2\/media?parent=5643"}],"wp:term":[{"taxonomy":"product_brand","embeddable":true,"href":"https:\/\/www.honlufoodtrailer.com\/da\/wp-json\/wp\/v2\/product_brand?post=5643"},{"taxonomy":"product_cat","embeddable":true,"href":"https:\/\/www.honlufoodtrailer.com\/da\/wp-json\/wp\/v2\/product_cat?post=5643"},{"taxonomy":"product_tag","embeddable":true,"href":"https:\/\/www.honlufoodtrailer.com\/da\/wp-json\/wp\/v2\/product_tag?post=5643"}],"curies":[{"name":"wp","href":"https:\/\/api.w.org\/{rel}","templated":true}]}}