{"id":5787,"date":"2023-11-08T16:17:21","date_gmt":"2023-11-08T08:17:21","guid":{"rendered":"https:\/\/www.honlufoodtrailer.com\/?post_type=product&#038;p=5787"},"modified":"2025-12-15T15:02:01","modified_gmt":"2025-12-15T07:02:01","slug":"3-5m-stainless-steel-food-trailer","status":"publish","type":"product","link":"https:\/\/www.honlufoodtrailer.com\/da\/product\/3-5m-stainless-steel-food-trailer\/","title":{"rendered":"3,5 m madtrailer i rustfrit st\u00e5l"},"content":{"rendered":"<p>Dette er en specialfremstillet 3,5 m rustfri st\u00e5l foodtrailer, som vi har produceret til en af vores kunder. Vi kan fremstille en lignende rustfri st\u00e5l foodtrailer som denne, eller vi kan tilpasse en til dig. Madtrailerens farve, klisterm\u00e6rker, skiltning og k\u00f8kkenudstyr kan tilpasses. Kontakt os blot og fort\u00e6l os om dine detaljerede krav.<\/p>\n<p>Madtrailere kan ogs\u00e5 kaldes madvogne, madvogne, food trucks osv. De kan bruges til at s\u00e6lge fastfood, snacks, aviser, b\u00f8ger osv. De best\u00e5r af chassis, karosseri, gulv, arbejdsbord, vandsystem og elsystem. Brugerne kan ogs\u00e5 v\u00e6lge den \u00f8nskede farve. Vi vil gerne k\u00f8be andre typer udstyr, hvis kunderne \u00f8nsker det.<\/p>\n<p><img fetchpriority=\"high\" decoding=\"async\" class=\"size-full wp-image-5807 aligncenter\" src=\"https:\/\/www.honlufoodtrailer.com\/wp-content\/uploads\/2023\/11\/3.5m-stainless-steel-food-trailer-details.jpg\" alt=\"Detaljer om 3,5 m madtrailer i rustfrit st\u00e5l\" width=\"600\" height=\"600\" srcset=\"https:\/\/www.honlufoodtrailer.com\/wp-content\/uploads\/2023\/11\/3.5m-stainless-steel-food-trailer-details.jpg 600w, https:\/\/www.honlufoodtrailer.com\/wp-content\/uploads\/2023\/11\/3.5m-stainless-steel-food-trailer-details-360x360.jpg 360w, https:\/\/www.honlufoodtrailer.com\/wp-content\/uploads\/2023\/11\/3.5m-stainless-steel-food-trailer-details-300x300.jpg 300w, https:\/\/www.honlufoodtrailer.com\/wp-content\/uploads\/2023\/11\/3.5m-stainless-steel-food-trailer-details-100x100.jpg 100w\" sizes=\"(max-width: 600px) 100vw, 600px\" \/><\/p>\n<h2><b class=\"magic-22\"><span class=\"magic-11\">Hovedtr\u00e6k ved den tilpassede madtrailer i rustfrit st\u00e5l<\/span><\/b><\/h2>\n<div class=\"magic-2\">\n<div class=\"magic-3\">\n<div class=\"magic-4\">\n<p class=\"magic-5\" data-spm-anchor-id=\"a2700.details.0.i22.54e5117dtl16iL\"><span style=\"font-family: Tahoma;\">1<span class=\"magic-12\" data-spm-anchor-id=\"a2700.details.0.i21.54e5117dtl16iL\">. Lavpris og milj\u00f8venlig<\/span><\/span><\/p>\n<p>2. Den kan bruges i mange \u00e5r og vil ikke bygge affald, og det er mange dragter til det moderne liv.<\/p>\n<p>3. Det er praktisk og nemt at l\u00e6sse og transportere, fordi designet er unikt og individuelt.<\/p>\n<p>4. Hovedmaterialet er rustfrit st\u00e5l, og platformen (bordet) vil ikke ruste for evigt.<\/p>\n<p>5. Det er st\u00f8dbestandigt og vanskeligt at korrosionere, har h\u00f8j varmebestandighed og styrke, h\u00f8j farve\u00e6gthed, ingen deformation, er vandt\u00e6t og har lang levetid.<\/p>\n<\/div>\n<\/div>\n<\/div>","protected":false},"excerpt":{"rendered":"<h2><b class=\"magic-22\"><span class=\"magic-11\">Hovedfordel:<\/span><\/b><\/h2>\n<p><span class=\"magic-12\">1. Lavpris og milj\u00f8venlig (ingen r\u00f8g, ingen st\u00f8j, ingen forurening);<br \/>\n2. Nem at flytte til ethvert sted (din virksomhed er ikke begr\u00e6nset);<br \/>\n3. Unik form (usynlig for at tiltr\u00e6kke flere kunder);<br \/>\n4. Lang levetid (korrosionsbestandig, varmebestandig, vandt\u00e6t, ingen deformation).<\/span><\/p>","protected":false},"featured_media":5794,"template":"","meta":{"_themeisle_gutenberg_block_has_review":false},"product_brand":[],"product_cat":[26],"product_tag":[33,38,32],"class_list":{"0":"post-5787","1":"product","2":"type-product","3":"status-publish","4":"has-post-thumbnail","6":"product_cat-product","7":"product_tag-customized-trailer","8":"product_tag-mobile-food-trailer","9":"product_tag-stainless-steel-food-trailer","11":"first","12":"instock","13":"shipping-taxable","14":"product-type-simple"},"yoast_head":"<!-- This site is optimized with the Yoast SEO plugin v27.4 - https:\/\/yoast.com\/product\/yoast-seo-wordpress\/ -->\n<title>3.5m Stainless Steel Food Trailer - Honlu food trailer<\/title>\n<meta name=\"description\" content=\"This is a 3.5m stainless steel food trailer we have manufactured for one of our customers. Get a similar or customize one at factory price here!\" \/>\n<meta name=\"robots\" content=\"index, follow, max-snippet:-1, max-image-preview:large, max-video-preview:-1\" \/>\n<link rel=\"canonical\" href=\"https:\/\/www.honlufoodtrailer.com\/da\/product\/3-5m-stainless-steel-food-trailer\/\" \/>\n<meta property=\"og:locale\" content=\"da_DK\" \/>\n<meta property=\"og:type\" content=\"article\" \/>\n<meta property=\"og:title\" content=\"3.5m Stainless Steel Food Trailer - Honlu food trailer\" \/>\n<meta property=\"og:description\" content=\"This is a 3.5m stainless steel food trailer we have manufactured for one of our customers. Get a similar or customize one at factory price here!\" \/>\n<meta property=\"og:url\" content=\"https:\/\/www.honlufoodtrailer.com\/da\/product\/3-5m-stainless-steel-food-trailer\/\" \/>\n<meta property=\"og:site_name\" content=\"Honlu food trailer\" \/>\n<meta property=\"article:modified_time\" content=\"2025-12-15T07:02:01+00:00\" \/>\n<meta property=\"og:image\" content=\"https:\/\/www.honlufoodtrailer.com\/wp-content\/uploads\/2023\/11\/3.5m-stainless-steel-food-trailer.jpg\" \/>\n\t<meta property=\"og:image:width\" content=\"720\" \/>\n\t<meta property=\"og:image:height\" content=\"540\" \/>\n\t<meta property=\"og:image:type\" content=\"image\/jpeg\" \/>\n<meta name=\"twitter:card\" content=\"summary_large_image\" \/>\n<meta name=\"twitter:label1\" content=\"Estimeret l\u00e6setid\" \/>\n\t<meta name=\"twitter:data1\" content=\"1 minut\" \/>\n<script type=\"application\/ld+json\" class=\"yoast-schema-graph\">{\"@context\":\"https:\\\/\\\/schema.org\",\"@graph\":[{\"@type\":\"WebPage\",\"@id\":\"https:\\\/\\\/www.honlufoodtrailer.com\\\/product\\\/3-5m-stainless-steel-food-trailer\\\/\",\"url\":\"https:\\\/\\\/www.honlufoodtrailer.com\\\/product\\\/3-5m-stainless-steel-food-trailer\\\/\",\"name\":\"3.5m Stainless Steel Food Trailer - Honlu food trailer\",\"isPartOf\":{\"@id\":\"https:\\\/\\\/www.honlufoodtrailer.com\\\/#website\"},\"primaryImageOfPage\":{\"@id\":\"https:\\\/\\\/www.honlufoodtrailer.com\\\/product\\\/3-5m-stainless-steel-food-trailer\\\/#primaryimage\"},\"image\":{\"@id\":\"https:\\\/\\\/www.honlufoodtrailer.com\\\/product\\\/3-5m-stainless-steel-food-trailer\\\/#primaryimage\"},\"thumbnailUrl\":\"https:\\\/\\\/www.honlufoodtrailer.com\\\/wp-content\\\/uploads\\\/2023\\\/11\\\/3.5m-stainless-steel-food-trailer.jpg\",\"datePublished\":\"2023-11-08T08:17:21+00:00\",\"dateModified\":\"2025-12-15T07:02:01+00:00\",\"description\":\"This is a 3.5m stainless steel food trailer we have manufactured for one of our customers. Get a similar or customize one at factory price here!\",\"breadcrumb\":{\"@id\":\"https:\\\/\\\/www.honlufoodtrailer.com\\\/product\\\/3-5m-stainless-steel-food-trailer\\\/#breadcrumb\"},\"inLanguage\":\"da-DK\",\"potentialAction\":[{\"@type\":\"ReadAction\",\"target\":[\"https:\\\/\\\/www.honlufoodtrailer.com\\\/product\\\/3-5m-stainless-steel-food-trailer\\\/\"]}]},{\"@type\":\"ImageObject\",\"inLanguage\":\"da-DK\",\"@id\":\"https:\\\/\\\/www.honlufoodtrailer.com\\\/product\\\/3-5m-stainless-steel-food-trailer\\\/#primaryimage\",\"url\":\"https:\\\/\\\/www.honlufoodtrailer.com\\\/wp-content\\\/uploads\\\/2023\\\/11\\\/3.5m-stainless-steel-food-trailer.jpg\",\"contentUrl\":\"https:\\\/\\\/www.honlufoodtrailer.com\\\/wp-content\\\/uploads\\\/2023\\\/11\\\/3.5m-stainless-steel-food-trailer.jpg\",\"width\":720,\"height\":540,\"caption\":\"3.5m stainless steel food trailer\"},{\"@type\":\"BreadcrumbList\",\"@id\":\"https:\\\/\\\/www.honlufoodtrailer.com\\\/product\\\/3-5m-stainless-steel-food-trailer\\\/#breadcrumb\",\"itemListElement\":[{\"@type\":\"ListItem\",\"position\":1,\"name\":\"Home\",\"item\":\"https:\\\/\\\/www.honlufoodtrailer.com\\\/\"},{\"@type\":\"ListItem\",\"position\":2,\"name\":\"\u4ea7\u54c1\",\"item\":\"https:\\\/\\\/www.honlufoodtrailer.com\\\/shop\\\/\"},{\"@type\":\"ListItem\",\"position\":3,\"name\":\"3.5m Stainless Steel Food Trailer\"}]},{\"@type\":\"WebSite\",\"@id\":\"https:\\\/\\\/www.honlufoodtrailer.com\\\/#website\",\"url\":\"https:\\\/\\\/www.honlufoodtrailer.com\\\/\",\"name\":\"Honlu food trailer\",\"description\":\"\",\"publisher\":{\"@id\":\"https:\\\/\\\/www.honlufoodtrailer.com\\\/#organization\"},\"potentialAction\":[{\"@type\":\"SearchAction\",\"target\":{\"@type\":\"EntryPoint\",\"urlTemplate\":\"https:\\\/\\\/www.honlufoodtrailer.com\\\/?s={search_term_string}\"},\"query-input\":{\"@type\":\"PropertyValueSpecification\",\"valueRequired\":true,\"valueName\":\"search_term_string\"}}],\"inLanguage\":\"da-DK\"},{\"@type\":\"Organization\",\"@id\":\"https:\\\/\\\/www.honlufoodtrailer.com\\\/#organization\",\"name\":\"Honlu food trailer\",\"url\":\"https:\\\/\\\/www.honlufoodtrailer.com\\\/\",\"logo\":{\"@type\":\"ImageObject\",\"inLanguage\":\"da-DK\",\"@id\":\"https:\\\/\\\/www.honlufoodtrailer.com\\\/#\\\/schema\\\/logo\\\/image\\\/\",\"url\":\"https:\\\/\\\/www.honlufoodtrailer.com\\\/wp-content\\\/uploads\\\/2021\\\/12\\\/2.gif\",\"contentUrl\":\"https:\\\/\\\/www.honlufoodtrailer.com\\\/wp-content\\\/uploads\\\/2021\\\/12\\\/2.gif\",\"width\":350,\"height\":100,\"caption\":\"Honlu food trailer\"},\"image\":{\"@id\":\"https:\\\/\\\/www.honlufoodtrailer.com\\\/#\\\/schema\\\/logo\\\/image\\\/\"}}]}<\/script>\n<!-- \/ Yoast SEO plugin. -->","yoast_head_json":{"title":"3,5m madvogn i rustfrit st\u00e5l - Honlu madvogn","description":"Dette er en 3,5 m rustfri st\u00e5l foodtrailer, som vi har produceret til en af vores kunder. F\u00e5 en lignende eller en specialfremstillet til fabrikspris her!","robots":{"index":"index","follow":"follow","max-snippet":"max-snippet:-1","max-image-preview":"max-image-preview:large","max-video-preview":"max-video-preview:-1"},"canonical":"https:\/\/www.honlufoodtrailer.com\/da\/product\/3-5m-stainless-steel-food-trailer\/","og_locale":"da_DK","og_type":"article","og_title":"3.5m Stainless Steel Food Trailer - Honlu food trailer","og_description":"This is a 3.5m stainless steel food trailer we have manufactured for one of our customers. Get a similar or customize one at factory price here!","og_url":"https:\/\/www.honlufoodtrailer.com\/da\/product\/3-5m-stainless-steel-food-trailer\/","og_site_name":"Honlu food trailer","article_modified_time":"2025-12-15T07:02:01+00:00","og_image":[{"width":720,"height":540,"url":"https:\/\/www.honlufoodtrailer.com\/wp-content\/uploads\/2023\/11\/3.5m-stainless-steel-food-trailer.jpg","type":"image\/jpeg"}],"twitter_card":"summary_large_image","twitter_misc":{"Estimeret l\u00e6setid":"1 minut"},"schema":{"@context":"https:\/\/schema.org","@graph":[{"@type":"WebPage","@id":"https:\/\/www.honlufoodtrailer.com\/product\/3-5m-stainless-steel-food-trailer\/","url":"https:\/\/www.honlufoodtrailer.com\/product\/3-5m-stainless-steel-food-trailer\/","name":"3,5m madvogn i rustfrit st\u00e5l - Honlu madvogn","isPartOf":{"@id":"https:\/\/www.honlufoodtrailer.com\/#website"},"primaryImageOfPage":{"@id":"https:\/\/www.honlufoodtrailer.com\/product\/3-5m-stainless-steel-food-trailer\/#primaryimage"},"image":{"@id":"https:\/\/www.honlufoodtrailer.com\/product\/3-5m-stainless-steel-food-trailer\/#primaryimage"},"thumbnailUrl":"https:\/\/www.honlufoodtrailer.com\/wp-content\/uploads\/2023\/11\/3.5m-stainless-steel-food-trailer.jpg","datePublished":"2023-11-08T08:17:21+00:00","dateModified":"2025-12-15T07:02:01+00:00","description":"Dette er en 3,5 m rustfri st\u00e5l foodtrailer, som vi har produceret til en af vores kunder. F\u00e5 en lignende eller en specialfremstillet til fabrikspris her!","breadcrumb":{"@id":"https:\/\/www.honlufoodtrailer.com\/product\/3-5m-stainless-steel-food-trailer\/#breadcrumb"},"inLanguage":"da-DK","potentialAction":[{"@type":"ReadAction","target":["https:\/\/www.honlufoodtrailer.com\/product\/3-5m-stainless-steel-food-trailer\/"]}]},{"@type":"ImageObject","inLanguage":"da-DK","@id":"https:\/\/www.honlufoodtrailer.com\/product\/3-5m-stainless-steel-food-trailer\/#primaryimage","url":"https:\/\/www.honlufoodtrailer.com\/wp-content\/uploads\/2023\/11\/3.5m-stainless-steel-food-trailer.jpg","contentUrl":"https:\/\/www.honlufoodtrailer.com\/wp-content\/uploads\/2023\/11\/3.5m-stainless-steel-food-trailer.jpg","width":720,"height":540,"caption":"3.5m stainless steel food trailer"},{"@type":"BreadcrumbList","@id":"https:\/\/www.honlufoodtrailer.com\/product\/3-5m-stainless-steel-food-trailer\/#breadcrumb","itemListElement":[{"@type":"ListItem","position":1,"name":"Home","item":"https:\/\/www.honlufoodtrailer.com\/"},{"@type":"ListItem","position":2,"name":"\u4ea7\u54c1","item":"https:\/\/www.honlufoodtrailer.com\/shop\/"},{"@type":"ListItem","position":3,"name":"3.5m Stainless Steel Food Trailer"}]},{"@type":"WebSite","@id":"https:\/\/www.honlufoodtrailer.com\/#website","url":"https:\/\/www.honlufoodtrailer.com\/","name":"Honlu madtrailer","description":"","publisher":{"@id":"https:\/\/www.honlufoodtrailer.com\/#organization"},"potentialAction":[{"@type":"SearchAction","target":{"@type":"EntryPoint","urlTemplate":"https:\/\/www.honlufoodtrailer.com\/?s={search_term_string}"},"query-input":{"@type":"PropertyValueSpecification","valueRequired":true,"valueName":"search_term_string"}}],"inLanguage":"da-DK"},{"@type":"Organization","@id":"https:\/\/www.honlufoodtrailer.com\/#organization","name":"Honlu madtrailer","url":"https:\/\/www.honlufoodtrailer.com\/","logo":{"@type":"ImageObject","inLanguage":"da-DK","@id":"https:\/\/www.honlufoodtrailer.com\/#\/schema\/logo\/image\/","url":"https:\/\/www.honlufoodtrailer.com\/wp-content\/uploads\/2021\/12\/2.gif","contentUrl":"https:\/\/www.honlufoodtrailer.com\/wp-content\/uploads\/2021\/12\/2.gif","width":350,"height":100,"caption":"Honlu food trailer"},"image":{"@id":"https:\/\/www.honlufoodtrailer.com\/#\/schema\/logo\/image\/"}}]}},"_links":{"self":[{"href":"https:\/\/www.honlufoodtrailer.com\/da\/wp-json\/wp\/v2\/product\/5787","targetHints":{"allow":["GET"]}}],"collection":[{"href":"https:\/\/www.honlufoodtrailer.com\/da\/wp-json\/wp\/v2\/product"}],"about":[{"href":"https:\/\/www.honlufoodtrailer.com\/da\/wp-json\/wp\/v2\/types\/product"}],"version-history":[{"count":7,"href":"https:\/\/www.honlufoodtrailer.com\/da\/wp-json\/wp\/v2\/product\/5787\/revisions"}],"predecessor-version":[{"id":5806,"href":"https:\/\/www.honlufoodtrailer.com\/da\/wp-json\/wp\/v2\/product\/5787\/revisions\/5806"}],"wp:featuredmedia":[{"embeddable":true,"href":"https:\/\/www.honlufoodtrailer.com\/da\/wp-json\/wp\/v2\/media\/5794"}],"wp:attachment":[{"href":"https:\/\/www.honlufoodtrailer.com\/da\/wp-json\/wp\/v2\/media?parent=5787"}],"wp:term":[{"taxonomy":"product_brand","embeddable":true,"href":"https:\/\/www.honlufoodtrailer.com\/da\/wp-json\/wp\/v2\/product_brand?post=5787"},{"taxonomy":"product_cat","embeddable":true,"href":"https:\/\/www.honlufoodtrailer.com\/da\/wp-json\/wp\/v2\/product_cat?post=5787"},{"taxonomy":"product_tag","embeddable":true,"href":"https:\/\/www.honlufoodtrailer.com\/da\/wp-json\/wp\/v2\/product_tag?post=5787"}],"curies":[{"name":"wp","href":"https:\/\/api.w.org\/{rel}","templated":true}]}}