{"id":7510,"date":"2024-04-23T16:28:34","date_gmt":"2024-04-23T08:28:34","guid":{"rendered":"https:\/\/www.honlufoodtrailer.com\/?post_type=product&#038;p=7510"},"modified":"2025-02-14T15:02:22","modified_gmt":"2025-02-14T07:02:22","slug":"5m-cocktail-trailer","status":"publish","type":"product","link":"https:\/\/www.honlufoodtrailer.com\/da\/product\/5m-cocktail-trailer\/","title":{"rendered":"5m Cocktail Trailer"},"content":{"rendered":"<p>Do you want to start a mobile cocktail bar trailer business? This 5m cocktail trailer will be a good choice for you! The trailer below is one of the food trailers we have customized for one of our American customers. As we can see from the pictures below, it is a cocktail trailer in container shape. We can make a similar food trailer like this one or customize one for you. The size, body color, stickers, signage, and kitchen equipment of the food trailer can be customized. Just don&#8217;t hesitate to contact us and tell us your detailed requirements! now, let&#8217;s see some pictures of this cocktail bar trailer.<\/p>\n<p><img fetchpriority=\"high\" decoding=\"async\" class=\"aligncenter size-full wp-image-7515\" src=\"https:\/\/www.honlufoodtrailer.com\/wp-content\/uploads\/2024\/04\/5m-mobile-cocktail-bar-trailer.jpg\" alt=\"5m mobile cocktail bar trailer\" width=\"720\" height=\"540\" srcset=\"https:\/\/www.honlufoodtrailer.com\/wp-content\/uploads\/2024\/04\/5m-mobile-cocktail-bar-trailer.jpg 720w, https:\/\/www.honlufoodtrailer.com\/wp-content\/uploads\/2024\/04\/5m-mobile-cocktail-bar-trailer-480x360.jpg 480w, https:\/\/www.honlufoodtrailer.com\/wp-content\/uploads\/2024\/04\/5m-mobile-cocktail-bar-trailer-300x225.jpg 300w\" sizes=\"(max-width: 720px) 100vw, 720px\" \/><img decoding=\"async\" class=\"aligncenter size-full wp-image-7516\" src=\"https:\/\/www.honlufoodtrailer.com\/wp-content\/uploads\/2024\/04\/16ft-cocktail-bar-trailer.jpg\" alt=\"16ft cocktail bar trailer\" width=\"720\" height=\"540\" srcset=\"https:\/\/www.honlufoodtrailer.com\/wp-content\/uploads\/2024\/04\/16ft-cocktail-bar-trailer.jpg 720w, https:\/\/www.honlufoodtrailer.com\/wp-content\/uploads\/2024\/04\/16ft-cocktail-bar-trailer-480x360.jpg 480w, https:\/\/www.honlufoodtrailer.com\/wp-content\/uploads\/2024\/04\/16ft-cocktail-bar-trailer-300x225.jpg 300w\" sizes=\"(max-width: 720px) 100vw, 720px\" \/><\/p>\n<h3>Inner View of the 5m Cocktail Trailer<\/h3>\n<p><img decoding=\"async\" class=\"aligncenter size-full wp-image-7513\" src=\"https:\/\/www.honlufoodtrailer.com\/wp-content\/uploads\/2024\/04\/5m-cocktail-trailer-inner-view.jpg\" alt=\"5m cocktail trailer inner view\" width=\"720\" height=\"540\" srcset=\"https:\/\/www.honlufoodtrailer.com\/wp-content\/uploads\/2024\/04\/5m-cocktail-trailer-inner-view.jpg 720w, https:\/\/www.honlufoodtrailer.com\/wp-content\/uploads\/2024\/04\/5m-cocktail-trailer-inner-view-480x360.jpg 480w, https:\/\/www.honlufoodtrailer.com\/wp-content\/uploads\/2024\/04\/5m-cocktail-trailer-inner-view-300x225.jpg 300w\" sizes=\"(max-width: 720px) 100vw, 720px\" \/><\/p>\n<h3>Flere detaljer<\/h3>\n<p>See more details of this cocktail trailer.<br \/>\n<img loading=\"lazy\" decoding=\"async\" class=\"aligncenter size-full wp-image-7520\" src=\"https:\/\/www.honlufoodtrailer.com\/wp-content\/uploads\/2024\/04\/5m-cocktail-trailer-details.jpg\" alt=\"5m cocktail trailer details\" width=\"800\" height=\"800\" srcset=\"https:\/\/www.honlufoodtrailer.com\/wp-content\/uploads\/2024\/04\/5m-cocktail-trailer-details.jpg 800w, https:\/\/www.honlufoodtrailer.com\/wp-content\/uploads\/2024\/04\/5m-cocktail-trailer-details-768x768.jpg 768w, https:\/\/www.honlufoodtrailer.com\/wp-content\/uploads\/2024\/04\/5m-cocktail-trailer-details-360x360.jpg 360w, https:\/\/www.honlufoodtrailer.com\/wp-content\/uploads\/2024\/04\/5m-cocktail-trailer-details-300x300.jpg 300w, https:\/\/www.honlufoodtrailer.com\/wp-content\/uploads\/2024\/04\/5m-cocktail-trailer-details-720x720.jpg 720w, https:\/\/www.honlufoodtrailer.com\/wp-content\/uploads\/2024\/04\/5m-cocktail-trailer-details-100x100.jpg 100w\" sizes=\"(max-width: 800px) 100vw, 800px\" \/><\/p>\n<h3 class=\"magic-6\" data-spm-anchor-id=\"a2700.wholesale.0.i28.29e52808agqc7f\">Main Features of This Customized Cocktail Trailer<\/h3>\n<div class=\"magic-7\">\n<div class=\"magic-8\">\n<div class=\"magic-9\" data-id=\"paragraph0\">\n<ol>\n<li>Moderigtigt udseende kan tilpasses;<\/li>\n<li>Trailerhus og indvendig struktur i rustfrit st\u00e5l, god varmebestandighed, slidstyrke, korrosionsbestandighed;<\/li>\n<li>Moderne og avanceret tilbeh\u00f8r udstyret i den mobile madtrailer;<\/li>\n<li>Vi er glade for at tilpasse det til dine behov.<\/li>\n<\/ol>\n<h3><img loading=\"lazy\" decoding=\"async\" class=\"aligncenter size-full wp-image-7517\" src=\"https:\/\/www.honlufoodtrailer.com\/wp-content\/uploads\/2024\/04\/16ft-cocktail-trailer.jpg\" alt=\"16ft cocktail trailer\" width=\"720\" height=\"540\" srcset=\"https:\/\/www.honlufoodtrailer.com\/wp-content\/uploads\/2024\/04\/16ft-cocktail-trailer.jpg 720w, https:\/\/www.honlufoodtrailer.com\/wp-content\/uploads\/2024\/04\/16ft-cocktail-trailer-480x360.jpg 480w, https:\/\/www.honlufoodtrailer.com\/wp-content\/uploads\/2024\/04\/16ft-cocktail-trailer-300x225.jpg 300w\" sizes=\"(max-width: 720px) 100vw, 720px\" \/>Gratis 2D\/3D plantegning<\/h3>\n<p>Efter at have bekr\u00e6ftet dimensionerne p\u00e5 madvognen og det indvendige k\u00f8kkenudstyr, kan vi gratis give dig 3D-tegninger. Dette vil give dig en klarere id\u00e9 om dit design og din madvogn. N\u00e5r vi bekr\u00e6fter placeringen af k\u00f8kkenudstyret, kan vi kommunikere tydeligt med dig via plantegningen. Vi kan ogs\u00e5 give dig originale dokumenter for at lette dit design og foretage justeringer.<\/p>\n<\/div>\n<\/div>\n<\/div>","protected":false},"excerpt":{"rendered":"<p data-spm-anchor-id=\"a2700.wholesale.0.i28.29e52808agqc7f\">This cocktail trailer is customized for one of our customers from New York, USA. He uses this mobile trailer to operate a cocktail bar in an open-air clubhouse. After receiving the cocktail trailer, the customer was very satisfied with the quality and details. We can manufacture a similar food trailer like this one, or customize one for you. The size, body color, stickers, signage, and kitchen equipment of the food trailer can be customized.<\/p>","protected":false},"featured_media":7515,"template":"","meta":{"_themeisle_gutenberg_block_has_review":false},"product_brand":[],"product_cat":[26],"product_tag":[96,118,33,45,38,51,50],"class_list":{"0":"post-7510","1":"product","2":"type-product","3":"status-publish","4":"has-post-thumbnail","6":"product_cat-product","7":"product_tag-16ft-food-trailer","8":"product_tag-coktail-trailer","9":"product_tag-customized-trailer","10":"product_tag-large-food-trailer","11":"product_tag-mobile-food-trailer","12":"product_tag-square-food-trailer","13":"product_tag-standard-configuration","15":"first","16":"instock","17":"shipping-taxable","18":"product-type-simple"},"yoast_head":"<!-- This site is optimized with the Yoast SEO plugin v27.4 - https:\/\/yoast.com\/product\/yoast-seo-wordpress\/ -->\n<title>5m Cocktail Trailer\/Mobile Cocktail Bar Trailer - Honlu Food Trailer<\/title>\n<meta name=\"description\" content=\"This is a customized 5m cocktail trailer in container shape. We can make a similar or customized one for you, size, shape, color design, etc. can be chosen.\" \/>\n<meta name=\"robots\" content=\"index, follow, max-snippet:-1, max-image-preview:large, max-video-preview:-1\" \/>\n<link rel=\"canonical\" href=\"https:\/\/www.honlufoodtrailer.com\/da\/product\/5m-cocktail-trailer\/\" \/>\n<meta property=\"og:locale\" content=\"da_DK\" \/>\n<meta property=\"og:type\" content=\"article\" \/>\n<meta property=\"og:title\" content=\"5m Cocktail Trailer\/Mobile Cocktail Bar Trailer - Honlu Food Trailer\" \/>\n<meta property=\"og:description\" content=\"This is a customized 5m cocktail trailer in container shape. We can make a similar or customized one for you, size, shape, color design, etc. can be chosen.\" \/>\n<meta property=\"og:url\" content=\"https:\/\/www.honlufoodtrailer.com\/da\/product\/5m-cocktail-trailer\/\" \/>\n<meta property=\"og:site_name\" content=\"Honlu food trailer\" \/>\n<meta property=\"article:modified_time\" content=\"2025-02-14T07:02:22+00:00\" \/>\n<meta property=\"og:image\" content=\"https:\/\/www.honlufoodtrailer.com\/wp-content\/uploads\/2024\/04\/5m-mobile-cocktail-bar-trailer.jpg\" \/>\n\t<meta property=\"og:image:width\" content=\"720\" \/>\n\t<meta property=\"og:image:height\" content=\"540\" \/>\n\t<meta property=\"og:image:type\" content=\"image\/jpeg\" \/>\n<meta name=\"twitter:card\" content=\"summary_large_image\" \/>\n<meta name=\"twitter:label1\" content=\"Estimeret l\u00e6setid\" \/>\n\t<meta name=\"twitter:data1\" content=\"2 minutter\" \/>\n<script type=\"application\/ld+json\" class=\"yoast-schema-graph\">{\"@context\":\"https:\\\/\\\/schema.org\",\"@graph\":[{\"@type\":\"WebPage\",\"@id\":\"https:\\\/\\\/www.honlufoodtrailer.com\\\/product\\\/5m-cocktail-trailer\\\/\",\"url\":\"https:\\\/\\\/www.honlufoodtrailer.com\\\/product\\\/5m-cocktail-trailer\\\/\",\"name\":\"5m Cocktail Trailer\\\/Mobile Cocktail Bar Trailer - Honlu Food Trailer\",\"isPartOf\":{\"@id\":\"https:\\\/\\\/www.honlufoodtrailer.com\\\/#website\"},\"primaryImageOfPage\":{\"@id\":\"https:\\\/\\\/www.honlufoodtrailer.com\\\/product\\\/5m-cocktail-trailer\\\/#primaryimage\"},\"image\":{\"@id\":\"https:\\\/\\\/www.honlufoodtrailer.com\\\/product\\\/5m-cocktail-trailer\\\/#primaryimage\"},\"thumbnailUrl\":\"https:\\\/\\\/www.honlufoodtrailer.com\\\/wp-content\\\/uploads\\\/2024\\\/04\\\/5m-mobile-cocktail-bar-trailer.jpg\",\"datePublished\":\"2024-04-23T08:28:34+00:00\",\"dateModified\":\"2025-02-14T07:02:22+00:00\",\"description\":\"This is a customized 5m cocktail trailer in container shape. We can make a similar or customized one for you, size, shape, color design, etc. can be chosen.\",\"breadcrumb\":{\"@id\":\"https:\\\/\\\/www.honlufoodtrailer.com\\\/product\\\/5m-cocktail-trailer\\\/#breadcrumb\"},\"inLanguage\":\"da-DK\",\"potentialAction\":[{\"@type\":\"ReadAction\",\"target\":[\"https:\\\/\\\/www.honlufoodtrailer.com\\\/product\\\/5m-cocktail-trailer\\\/\"]}]},{\"@type\":\"ImageObject\",\"inLanguage\":\"da-DK\",\"@id\":\"https:\\\/\\\/www.honlufoodtrailer.com\\\/product\\\/5m-cocktail-trailer\\\/#primaryimage\",\"url\":\"https:\\\/\\\/www.honlufoodtrailer.com\\\/wp-content\\\/uploads\\\/2024\\\/04\\\/5m-mobile-cocktail-bar-trailer.jpg\",\"contentUrl\":\"https:\\\/\\\/www.honlufoodtrailer.com\\\/wp-content\\\/uploads\\\/2024\\\/04\\\/5m-mobile-cocktail-bar-trailer.jpg\",\"width\":720,\"height\":540,\"caption\":\"5m mobile cocktail bar trailer\"},{\"@type\":\"BreadcrumbList\",\"@id\":\"https:\\\/\\\/www.honlufoodtrailer.com\\\/product\\\/5m-cocktail-trailer\\\/#breadcrumb\",\"itemListElement\":[{\"@type\":\"ListItem\",\"position\":1,\"name\":\"Home\",\"item\":\"https:\\\/\\\/www.honlufoodtrailer.com\\\/\"},{\"@type\":\"ListItem\",\"position\":2,\"name\":\"\u4ea7\u54c1\",\"item\":\"https:\\\/\\\/www.honlufoodtrailer.com\\\/shop\\\/\"},{\"@type\":\"ListItem\",\"position\":3,\"name\":\"5m Cocktail Trailer\"}]},{\"@type\":\"WebSite\",\"@id\":\"https:\\\/\\\/www.honlufoodtrailer.com\\\/#website\",\"url\":\"https:\\\/\\\/www.honlufoodtrailer.com\\\/\",\"name\":\"Honlu food trailer\",\"description\":\"\",\"publisher\":{\"@id\":\"https:\\\/\\\/www.honlufoodtrailer.com\\\/#organization\"},\"potentialAction\":[{\"@type\":\"SearchAction\",\"target\":{\"@type\":\"EntryPoint\",\"urlTemplate\":\"https:\\\/\\\/www.honlufoodtrailer.com\\\/?s={search_term_string}\"},\"query-input\":{\"@type\":\"PropertyValueSpecification\",\"valueRequired\":true,\"valueName\":\"search_term_string\"}}],\"inLanguage\":\"da-DK\"},{\"@type\":\"Organization\",\"@id\":\"https:\\\/\\\/www.honlufoodtrailer.com\\\/#organization\",\"name\":\"Honlu food trailer\",\"url\":\"https:\\\/\\\/www.honlufoodtrailer.com\\\/\",\"logo\":{\"@type\":\"ImageObject\",\"inLanguage\":\"da-DK\",\"@id\":\"https:\\\/\\\/www.honlufoodtrailer.com\\\/#\\\/schema\\\/logo\\\/image\\\/\",\"url\":\"https:\\\/\\\/www.honlufoodtrailer.com\\\/wp-content\\\/uploads\\\/2021\\\/12\\\/2.gif\",\"contentUrl\":\"https:\\\/\\\/www.honlufoodtrailer.com\\\/wp-content\\\/uploads\\\/2021\\\/12\\\/2.gif\",\"width\":350,\"height\":100,\"caption\":\"Honlu food trailer\"},\"image\":{\"@id\":\"https:\\\/\\\/www.honlufoodtrailer.com\\\/#\\\/schema\\\/logo\\\/image\\\/\"}}]}<\/script>\n<!-- \/ Yoast SEO plugin. -->","yoast_head_json":{"title":"5m Cocktail Trailer\/Mobile Cocktail Bar Trailer - Honlu Food Trailer","description":"This is a customized 5m cocktail trailer in container shape. We can make a similar or customized one for you, size, shape, color design, etc. can be chosen.","robots":{"index":"index","follow":"follow","max-snippet":"max-snippet:-1","max-image-preview":"max-image-preview:large","max-video-preview":"max-video-preview:-1"},"canonical":"https:\/\/www.honlufoodtrailer.com\/da\/product\/5m-cocktail-trailer\/","og_locale":"da_DK","og_type":"article","og_title":"5m Cocktail Trailer\/Mobile Cocktail Bar Trailer - Honlu Food Trailer","og_description":"This is a customized 5m cocktail trailer in container shape. We can make a similar or customized one for you, size, shape, color design, etc. can be chosen.","og_url":"https:\/\/www.honlufoodtrailer.com\/da\/product\/5m-cocktail-trailer\/","og_site_name":"Honlu food trailer","article_modified_time":"2025-02-14T07:02:22+00:00","og_image":[{"width":720,"height":540,"url":"https:\/\/www.honlufoodtrailer.com\/wp-content\/uploads\/2024\/04\/5m-mobile-cocktail-bar-trailer.jpg","type":"image\/jpeg"}],"twitter_card":"summary_large_image","twitter_misc":{"Estimeret l\u00e6setid":"2 minutter"},"schema":{"@context":"https:\/\/schema.org","@graph":[{"@type":"WebPage","@id":"https:\/\/www.honlufoodtrailer.com\/product\/5m-cocktail-trailer\/","url":"https:\/\/www.honlufoodtrailer.com\/product\/5m-cocktail-trailer\/","name":"5m Cocktail Trailer\/Mobile Cocktail Bar Trailer - Honlu Food Trailer","isPartOf":{"@id":"https:\/\/www.honlufoodtrailer.com\/#website"},"primaryImageOfPage":{"@id":"https:\/\/www.honlufoodtrailer.com\/product\/5m-cocktail-trailer\/#primaryimage"},"image":{"@id":"https:\/\/www.honlufoodtrailer.com\/product\/5m-cocktail-trailer\/#primaryimage"},"thumbnailUrl":"https:\/\/www.honlufoodtrailer.com\/wp-content\/uploads\/2024\/04\/5m-mobile-cocktail-bar-trailer.jpg","datePublished":"2024-04-23T08:28:34+00:00","dateModified":"2025-02-14T07:02:22+00:00","description":"This is a customized 5m cocktail trailer in container shape. We can make a similar or customized one for you, size, shape, color design, etc. can be chosen.","breadcrumb":{"@id":"https:\/\/www.honlufoodtrailer.com\/product\/5m-cocktail-trailer\/#breadcrumb"},"inLanguage":"da-DK","potentialAction":[{"@type":"ReadAction","target":["https:\/\/www.honlufoodtrailer.com\/product\/5m-cocktail-trailer\/"]}]},{"@type":"ImageObject","inLanguage":"da-DK","@id":"https:\/\/www.honlufoodtrailer.com\/product\/5m-cocktail-trailer\/#primaryimage","url":"https:\/\/www.honlufoodtrailer.com\/wp-content\/uploads\/2024\/04\/5m-mobile-cocktail-bar-trailer.jpg","contentUrl":"https:\/\/www.honlufoodtrailer.com\/wp-content\/uploads\/2024\/04\/5m-mobile-cocktail-bar-trailer.jpg","width":720,"height":540,"caption":"5m mobile cocktail bar trailer"},{"@type":"BreadcrumbList","@id":"https:\/\/www.honlufoodtrailer.com\/product\/5m-cocktail-trailer\/#breadcrumb","itemListElement":[{"@type":"ListItem","position":1,"name":"Home","item":"https:\/\/www.honlufoodtrailer.com\/"},{"@type":"ListItem","position":2,"name":"\u4ea7\u54c1","item":"https:\/\/www.honlufoodtrailer.com\/shop\/"},{"@type":"ListItem","position":3,"name":"5m Cocktail Trailer"}]},{"@type":"WebSite","@id":"https:\/\/www.honlufoodtrailer.com\/#website","url":"https:\/\/www.honlufoodtrailer.com\/","name":"Honlu madtrailer","description":"","publisher":{"@id":"https:\/\/www.honlufoodtrailer.com\/#organization"},"potentialAction":[{"@type":"SearchAction","target":{"@type":"EntryPoint","urlTemplate":"https:\/\/www.honlufoodtrailer.com\/?s={search_term_string}"},"query-input":{"@type":"PropertyValueSpecification","valueRequired":true,"valueName":"search_term_string"}}],"inLanguage":"da-DK"},{"@type":"Organization","@id":"https:\/\/www.honlufoodtrailer.com\/#organization","name":"Honlu madtrailer","url":"https:\/\/www.honlufoodtrailer.com\/","logo":{"@type":"ImageObject","inLanguage":"da-DK","@id":"https:\/\/www.honlufoodtrailer.com\/#\/schema\/logo\/image\/","url":"https:\/\/www.honlufoodtrailer.com\/wp-content\/uploads\/2021\/12\/2.gif","contentUrl":"https:\/\/www.honlufoodtrailer.com\/wp-content\/uploads\/2021\/12\/2.gif","width":350,"height":100,"caption":"Honlu food trailer"},"image":{"@id":"https:\/\/www.honlufoodtrailer.com\/#\/schema\/logo\/image\/"}}]}},"_links":{"self":[{"href":"https:\/\/www.honlufoodtrailer.com\/da\/wp-json\/wp\/v2\/product\/7510","targetHints":{"allow":["GET"]}}],"collection":[{"href":"https:\/\/www.honlufoodtrailer.com\/da\/wp-json\/wp\/v2\/product"}],"about":[{"href":"https:\/\/www.honlufoodtrailer.com\/da\/wp-json\/wp\/v2\/types\/product"}],"version-history":[{"count":4,"href":"https:\/\/www.honlufoodtrailer.com\/da\/wp-json\/wp\/v2\/product\/7510\/revisions"}],"predecessor-version":[{"id":7524,"href":"https:\/\/www.honlufoodtrailer.com\/da\/wp-json\/wp\/v2\/product\/7510\/revisions\/7524"}],"wp:featuredmedia":[{"embeddable":true,"href":"https:\/\/www.honlufoodtrailer.com\/da\/wp-json\/wp\/v2\/media\/7515"}],"wp:attachment":[{"href":"https:\/\/www.honlufoodtrailer.com\/da\/wp-json\/wp\/v2\/media?parent=7510"}],"wp:term":[{"taxonomy":"product_brand","embeddable":true,"href":"https:\/\/www.honlufoodtrailer.com\/da\/wp-json\/wp\/v2\/product_brand?post=7510"},{"taxonomy":"product_cat","embeddable":true,"href":"https:\/\/www.honlufoodtrailer.com\/da\/wp-json\/wp\/v2\/product_cat?post=7510"},{"taxonomy":"product_tag","embeddable":true,"href":"https:\/\/www.honlufoodtrailer.com\/da\/wp-json\/wp\/v2\/product_tag?post=7510"}],"curies":[{"name":"wp","href":"https:\/\/api.w.org\/{rel}","templated":true}]}}