{"id":8082,"date":"2024-07-18T17:41:25","date_gmt":"2024-07-18T09:41:25","guid":{"rendered":"https:\/\/www.honlufoodtrailer.com\/?post_type=product&#038;p=8082"},"modified":"2025-02-14T14:37:40","modified_gmt":"2025-02-14T06:37:40","slug":"5-7m-vegan-food-trailer","status":"publish","type":"product","link":"https:\/\/www.honlufoodtrailer.com\/da\/product\/5-7m-vegan-food-trailer\/","title":{"rendered":"5,7 m vegansk madtrailer"},"content":{"rendered":"<p>Vil du starte en mobil madtrailervirksomhed ved at s\u00e6lge veganske f\u00f8devarer? Se denne 5,7 m veganske madtrailer! Det er en madtrailer, vi har tilpasset til en af vores kunder fra USA her! Vi kan fremstille en lignende madtrailer som denne, eller vi kan tilpasse en til dig. Madtrailerens farve, klisterm\u00e6rker, skiltning og k\u00f8kkenudstyr kan tilpasses. Bare kontakt os og fort\u00e6l os dine detaljerede krav. Lad os nu se nogle billeder af denne veganske madtrailer f\u00f8rst!<br \/>\n<img fetchpriority=\"high\" decoding=\"async\" class=\"aligncenter size-full wp-image-8094\" src=\"https:\/\/www.honlufoodtrailer.com\/wp-content\/uploads\/2024\/07\/5.7m-vegan-cart.jpg\" alt=\"5,7 m vegansk vogn\" width=\"720\" height=\"540\" srcset=\"https:\/\/www.honlufoodtrailer.com\/wp-content\/uploads\/2024\/07\/5.7m-vegan-cart.jpg 720w, https:\/\/www.honlufoodtrailer.com\/wp-content\/uploads\/2024\/07\/5.7m-vegan-cart-480x360.jpg 480w, https:\/\/www.honlufoodtrailer.com\/wp-content\/uploads\/2024\/07\/5.7m-vegan-cart-300x225.jpg 300w\" sizes=\"(max-width: 720px) 100vw, 720px\" \/> <img decoding=\"async\" class=\"aligncenter size-full wp-image-8091\" src=\"https:\/\/www.honlufoodtrailer.com\/wp-content\/uploads\/2024\/07\/5.7m-plant-based-food-truck.jpg\" alt=\"5,7 millioner plantebaseret foodtruck\" width=\"720\" height=\"540\" srcset=\"https:\/\/www.honlufoodtrailer.com\/wp-content\/uploads\/2024\/07\/5.7m-plant-based-food-truck.jpg 720w, https:\/\/www.honlufoodtrailer.com\/wp-content\/uploads\/2024\/07\/5.7m-plant-based-food-truck-480x360.jpg 480w, https:\/\/www.honlufoodtrailer.com\/wp-content\/uploads\/2024\/07\/5.7m-plant-based-food-truck-300x225.jpg 300w\" sizes=\"(max-width: 720px) 100vw, 720px\" \/><\/p>\n<p>Som vi kan se p\u00e5 billederne ovenfor, har vi dekoreret dette <a href=\"https:\/\/www.honlufoodtrailer.com\/da\/product\/\" target=\"_blank\" rel=\"noopener\">madtrailer<\/a> med m\u00f8nstre og masser af tekst, pr\u00e6cis som kunden \u00f8nskede. Denne veganske madvogn har to store vinduer foran, hvilket er meget praktisk for kunder at bestille og afhente mad. I dag udvider succesfulde restaurantejere deres restauranter med mobile restauranter af mange \u00e5rsager, s\u00e5som lavere opstartsomkostninger, lavere administrationsomkostninger og mere reklame. Denne type madvogn kan hj\u00e6lpe med at drive din virksomhed til succes. Lad mig nu vise dig flere detaljer om denne veganske street food truck.<\/p>\n<h3>Flere detaljer om denne mobile catering-madtrailer<\/h3>\n<p><img decoding=\"async\" class=\"aligncenter size-full wp-image-8099\" src=\"https:\/\/www.honlufoodtrailer.com\/wp-content\/uploads\/2024\/07\/5.7m-vegan-food-trailer-inner-details.jpg\" alt=\"5,7 m vegansk madtrailer indvendige detaljer\" width=\"800\" height=\"800\" srcset=\"https:\/\/www.honlufoodtrailer.com\/wp-content\/uploads\/2024\/07\/5.7m-vegan-food-trailer-inner-details.jpg 800w, https:\/\/www.honlufoodtrailer.com\/wp-content\/uploads\/2024\/07\/5.7m-vegan-food-trailer-inner-details-768x768.jpg 768w, https:\/\/www.honlufoodtrailer.com\/wp-content\/uploads\/2024\/07\/5.7m-vegan-food-trailer-inner-details-360x360.jpg 360w, https:\/\/www.honlufoodtrailer.com\/wp-content\/uploads\/2024\/07\/5.7m-vegan-food-trailer-inner-details-300x300.jpg 300w, https:\/\/www.honlufoodtrailer.com\/wp-content\/uploads\/2024\/07\/5.7m-vegan-food-trailer-inner-details-720x720.jpg 720w, https:\/\/www.honlufoodtrailer.com\/wp-content\/uploads\/2024\/07\/5.7m-vegan-food-trailer-inner-details-100x100.jpg 100w\" sizes=\"(max-width: 800px) 100vw, 800px\" \/><\/p>\n<p>Som vi kan se p\u00e5 billedet ovenfor, har vi udstyret denne 5,7 m veganske madvogn med noget basisk\u00f8kkenudstyr. Der er prim\u00e6rt k\u00f8kkenudstyr s\u00e5som vaske, arbejdsbord, emh\u00e6tte, gaskomfur, stegeplade, frituregryde osv. Vores kunder vil tilf\u00f8je nogle andre reservedele, de har brug for, efter at have modtaget denne madvogn.<\/p>\n<p>Madtrailere kan ogs\u00e5 kaldes madvogne, madvogne, food trucks osv. De kan bruges til at s\u00e6lge fastfood, snacks, aviser, b\u00f8ger osv. De best\u00e5r af chassis, karosseri, gulv, arbejdsbord, vandsystem og elsystem. Brugerne kan ogs\u00e5 v\u00e6lge den \u00f8nskede farve. Vi vil gerne k\u00f8be andre typer udstyr, hvis kunderne \u00f8nsker det.<\/p>\n<p><img loading=\"lazy\" decoding=\"async\" class=\"aligncenter size-full wp-image-8095\" src=\"https:\/\/www.honlufoodtrailer.com\/wp-content\/uploads\/2024\/07\/5.7m-vegan-food-cart.jpg\" alt=\"5,7 m vegansk madvogn\" width=\"720\" height=\"540\" srcset=\"https:\/\/www.honlufoodtrailer.com\/wp-content\/uploads\/2024\/07\/5.7m-vegan-food-cart.jpg 720w, https:\/\/www.honlufoodtrailer.com\/wp-content\/uploads\/2024\/07\/5.7m-vegan-food-cart-480x360.jpg 480w, https:\/\/www.honlufoodtrailer.com\/wp-content\/uploads\/2024\/07\/5.7m-vegan-food-cart-300x225.jpg 300w\" sizes=\"(max-width: 720px) 100vw, 720px\" \/><\/p>\n<h3>Hovedtr\u00e6k ved denne tilpassede madtrailer<\/h3>\n<ol>\n<li>Lav pris og milj\u00f8venlig, ingen r\u00f8g og st\u00f8j, nem at flytte hvor som helst<\/li>\n<li>Den kan bruges i mange \u00e5r og vil ikke bygge affald, og det er mange, der passer til det moderne liv.<\/li>\n<li>Den er praktisk og nem at l\u00e6sse og transportere, fordi designet er unikt og individuelt.<\/li>\n<li>Hovedmaterialet er rustfrit st\u00e5l, og fladformen (bordet) ruster ikke.<\/li>\n<li>Den har varmebestandighed og h\u00f8j styrke, h\u00f8j farve\u00e6gthed, ingen deformation, vandt\u00e6thed og lang levetid.<\/li>\n<\/ol>\n<h3>Hovedfordel:<\/h3>\n<ol>\n<li>Lavpris og milj\u00f8venlig;<\/li>\n<li>Nem at flytte til ethvert sted (din virksomhed er ikke begr\u00e6nset);<\/li>\n<li>Unik form (usynlig for at tiltr\u00e6kke flere kunder);<\/li>\n<li>Lang levetid (korrosionsbestandig, varmebestandig, vandt\u00e6t, ingen deformation).<\/li>\n<\/ol>","protected":false},"excerpt":{"rendered":"<p>Dette er en af vores specialfremstillede 5,7 m veganske madtrailere til salg. Det er et godt valg til at starte en mobil madtrailervirksomhed for at levere vegansk mad til g\u00e6ster. <strong>Klik venligst p\u00e5 f\u00f8lgende faner for at f\u00e5 flere oplysninger om denne madtrailer<\/strong>. Interesseret i en lignende madtrailer? T\u00f8v ikke med at kontakte os i dag!<\/p>","protected":false},"featured_media":8097,"template":"","meta":{"_themeisle_gutenberg_block_has_review":false},"product_brand":[],"product_cat":[26],"product_tag":[86,33,60,61,38,107],"class_list":{"0":"post-8082","1":"product","2":"type-product","3":"status-publish","4":"has-post-thumbnail","6":"product_cat-product","7":"product_tag-18-7ft-food-trailer","8":"product_tag-customized-trailer","9":"product_tag-fast-food-trailer","10":"product_tag-fast-food-trailer-for-sale","11":"product_tag-mobile-food-trailer","12":"product_tag-vegan-trailer","14":"first","15":"instock","16":"shipping-taxable","17":"product-type-simple"},"yoast_head":"<!-- This site is optimized with the Yoast SEO plugin v27.4 - https:\/\/yoast.com\/product\/yoast-seo-wordpress\/ -->\n<title>Factory Price Vegan Foo Trailer For Sale - Honlu Food Trailer<\/title>\n<meta name=\"description\" content=\"Looking for a vegan food trailer for sale? Get a similar or customized one at a reasonable price now! Be your own boss today!\" \/>\n<meta name=\"robots\" content=\"index, follow, max-snippet:-1, max-image-preview:large, max-video-preview:-1\" \/>\n<link rel=\"canonical\" href=\"https:\/\/www.honlufoodtrailer.com\/da\/product\/5-7m-vegan-food-trailer\/\" \/>\n<meta property=\"og:locale\" content=\"da_DK\" \/>\n<meta property=\"og:type\" content=\"article\" \/>\n<meta property=\"og:title\" content=\"Factory Price Vegan Foo Trailer For Sale - Honlu Food Trailer\" \/>\n<meta property=\"og:description\" content=\"Looking for a vegan food trailer for sale? Get a similar or customized one at a reasonable price now! Be your own boss today!\" \/>\n<meta property=\"og:url\" content=\"https:\/\/www.honlufoodtrailer.com\/da\/product\/5-7m-vegan-food-trailer\/\" \/>\n<meta property=\"og:site_name\" content=\"Honlu food trailer\" \/>\n<meta property=\"article:modified_time\" content=\"2025-02-14T06:37:40+00:00\" \/>\n<meta property=\"og:image\" content=\"https:\/\/www.honlufoodtrailer.com\/wp-content\/uploads\/2024\/07\/5.7m-vegan-food-truck-catering.jpg\" \/>\n\t<meta property=\"og:image:width\" content=\"720\" \/>\n\t<meta property=\"og:image:height\" content=\"540\" \/>\n\t<meta property=\"og:image:type\" content=\"image\/jpeg\" \/>\n<meta name=\"twitter:card\" content=\"summary_large_image\" \/>\n<meta name=\"twitter:label1\" content=\"Estimeret l\u00e6setid\" \/>\n\t<meta name=\"twitter:data1\" content=\"1 minut\" \/>\n<script type=\"application\/ld+json\" class=\"yoast-schema-graph\">{\"@context\":\"https:\\\/\\\/schema.org\",\"@graph\":[{\"@type\":\"WebPage\",\"@id\":\"https:\\\/\\\/www.honlufoodtrailer.com\\\/product\\\/5-7m-vegan-food-trailer\\\/\",\"url\":\"https:\\\/\\\/www.honlufoodtrailer.com\\\/product\\\/5-7m-vegan-food-trailer\\\/\",\"name\":\"Factory Price Vegan Foo Trailer For Sale - Honlu Food Trailer\",\"isPartOf\":{\"@id\":\"https:\\\/\\\/www.honlufoodtrailer.com\\\/#website\"},\"primaryImageOfPage\":{\"@id\":\"https:\\\/\\\/www.honlufoodtrailer.com\\\/product\\\/5-7m-vegan-food-trailer\\\/#primaryimage\"},\"image\":{\"@id\":\"https:\\\/\\\/www.honlufoodtrailer.com\\\/product\\\/5-7m-vegan-food-trailer\\\/#primaryimage\"},\"thumbnailUrl\":\"https:\\\/\\\/www.honlufoodtrailer.com\\\/wp-content\\\/uploads\\\/2024\\\/07\\\/5.7m-vegan-food-truck-catering.jpg\",\"datePublished\":\"2024-07-18T09:41:25+00:00\",\"dateModified\":\"2025-02-14T06:37:40+00:00\",\"description\":\"Looking for a vegan food trailer for sale? Get a similar or customized one at a reasonable price now! Be your own boss today!\",\"breadcrumb\":{\"@id\":\"https:\\\/\\\/www.honlufoodtrailer.com\\\/product\\\/5-7m-vegan-food-trailer\\\/#breadcrumb\"},\"inLanguage\":\"da-DK\",\"potentialAction\":[{\"@type\":\"ReadAction\",\"target\":[\"https:\\\/\\\/www.honlufoodtrailer.com\\\/product\\\/5-7m-vegan-food-trailer\\\/\"]}]},{\"@type\":\"ImageObject\",\"inLanguage\":\"da-DK\",\"@id\":\"https:\\\/\\\/www.honlufoodtrailer.com\\\/product\\\/5-7m-vegan-food-trailer\\\/#primaryimage\",\"url\":\"https:\\\/\\\/www.honlufoodtrailer.com\\\/wp-content\\\/uploads\\\/2024\\\/07\\\/5.7m-vegan-food-truck-catering.jpg\",\"contentUrl\":\"https:\\\/\\\/www.honlufoodtrailer.com\\\/wp-content\\\/uploads\\\/2024\\\/07\\\/5.7m-vegan-food-truck-catering.jpg\",\"width\":720,\"height\":540,\"caption\":\"5.7m vegan food truck catering\"},{\"@type\":\"BreadcrumbList\",\"@id\":\"https:\\\/\\\/www.honlufoodtrailer.com\\\/product\\\/5-7m-vegan-food-trailer\\\/#breadcrumb\",\"itemListElement\":[{\"@type\":\"ListItem\",\"position\":1,\"name\":\"Home\",\"item\":\"https:\\\/\\\/www.honlufoodtrailer.com\\\/\"},{\"@type\":\"ListItem\",\"position\":2,\"name\":\"\u4ea7\u54c1\",\"item\":\"https:\\\/\\\/www.honlufoodtrailer.com\\\/shop\\\/\"},{\"@type\":\"ListItem\",\"position\":3,\"name\":\"5.7m Vegan Food Trailer\"}]},{\"@type\":\"WebSite\",\"@id\":\"https:\\\/\\\/www.honlufoodtrailer.com\\\/#website\",\"url\":\"https:\\\/\\\/www.honlufoodtrailer.com\\\/\",\"name\":\"Honlu food trailer\",\"description\":\"\",\"publisher\":{\"@id\":\"https:\\\/\\\/www.honlufoodtrailer.com\\\/#organization\"},\"potentialAction\":[{\"@type\":\"SearchAction\",\"target\":{\"@type\":\"EntryPoint\",\"urlTemplate\":\"https:\\\/\\\/www.honlufoodtrailer.com\\\/?s={search_term_string}\"},\"query-input\":{\"@type\":\"PropertyValueSpecification\",\"valueRequired\":true,\"valueName\":\"search_term_string\"}}],\"inLanguage\":\"da-DK\"},{\"@type\":\"Organization\",\"@id\":\"https:\\\/\\\/www.honlufoodtrailer.com\\\/#organization\",\"name\":\"Honlu food trailer\",\"url\":\"https:\\\/\\\/www.honlufoodtrailer.com\\\/\",\"logo\":{\"@type\":\"ImageObject\",\"inLanguage\":\"da-DK\",\"@id\":\"https:\\\/\\\/www.honlufoodtrailer.com\\\/#\\\/schema\\\/logo\\\/image\\\/\",\"url\":\"https:\\\/\\\/www.honlufoodtrailer.com\\\/wp-content\\\/uploads\\\/2021\\\/12\\\/2.gif\",\"contentUrl\":\"https:\\\/\\\/www.honlufoodtrailer.com\\\/wp-content\\\/uploads\\\/2021\\\/12\\\/2.gif\",\"width\":350,\"height\":100,\"caption\":\"Honlu food trailer\"},\"image\":{\"@id\":\"https:\\\/\\\/www.honlufoodtrailer.com\\\/#\\\/schema\\\/logo\\\/image\\\/\"}}]}<\/script>\n<!-- \/ Yoast SEO plugin. -->","yoast_head_json":{"title":"Fabrikspris Vegansk Foo Trailer Til Salg - Honlu Food Trailer","description":"Leder du efter en vegansk madtrailer til salg? F\u00e5 en lignende eller en specialbygget til en rimelig pris nu! Bliv din egen chef i dag!","robots":{"index":"index","follow":"follow","max-snippet":"max-snippet:-1","max-image-preview":"max-image-preview:large","max-video-preview":"max-video-preview:-1"},"canonical":"https:\/\/www.honlufoodtrailer.com\/da\/product\/5-7m-vegan-food-trailer\/","og_locale":"da_DK","og_type":"article","og_title":"Factory Price Vegan Foo Trailer For Sale - Honlu Food Trailer","og_description":"Looking for a vegan food trailer for sale? Get a similar or customized one at a reasonable price now! Be your own boss today!","og_url":"https:\/\/www.honlufoodtrailer.com\/da\/product\/5-7m-vegan-food-trailer\/","og_site_name":"Honlu food trailer","article_modified_time":"2025-02-14T06:37:40+00:00","og_image":[{"width":720,"height":540,"url":"https:\/\/www.honlufoodtrailer.com\/wp-content\/uploads\/2024\/07\/5.7m-vegan-food-truck-catering.jpg","type":"image\/jpeg"}],"twitter_card":"summary_large_image","twitter_misc":{"Estimeret l\u00e6setid":"1 minut"},"schema":{"@context":"https:\/\/schema.org","@graph":[{"@type":"WebPage","@id":"https:\/\/www.honlufoodtrailer.com\/product\/5-7m-vegan-food-trailer\/","url":"https:\/\/www.honlufoodtrailer.com\/product\/5-7m-vegan-food-trailer\/","name":"Fabrikspris Vegansk Foo Trailer Til Salg - Honlu Food Trailer","isPartOf":{"@id":"https:\/\/www.honlufoodtrailer.com\/#website"},"primaryImageOfPage":{"@id":"https:\/\/www.honlufoodtrailer.com\/product\/5-7m-vegan-food-trailer\/#primaryimage"},"image":{"@id":"https:\/\/www.honlufoodtrailer.com\/product\/5-7m-vegan-food-trailer\/#primaryimage"},"thumbnailUrl":"https:\/\/www.honlufoodtrailer.com\/wp-content\/uploads\/2024\/07\/5.7m-vegan-food-truck-catering.jpg","datePublished":"2024-07-18T09:41:25+00:00","dateModified":"2025-02-14T06:37:40+00:00","description":"Leder du efter en vegansk madtrailer til salg? F\u00e5 en lignende eller en specialbygget til en rimelig pris nu! Bliv din egen chef i dag!","breadcrumb":{"@id":"https:\/\/www.honlufoodtrailer.com\/product\/5-7m-vegan-food-trailer\/#breadcrumb"},"inLanguage":"da-DK","potentialAction":[{"@type":"ReadAction","target":["https:\/\/www.honlufoodtrailer.com\/product\/5-7m-vegan-food-trailer\/"]}]},{"@type":"ImageObject","inLanguage":"da-DK","@id":"https:\/\/www.honlufoodtrailer.com\/product\/5-7m-vegan-food-trailer\/#primaryimage","url":"https:\/\/www.honlufoodtrailer.com\/wp-content\/uploads\/2024\/07\/5.7m-vegan-food-truck-catering.jpg","contentUrl":"https:\/\/www.honlufoodtrailer.com\/wp-content\/uploads\/2024\/07\/5.7m-vegan-food-truck-catering.jpg","width":720,"height":540,"caption":"5.7m vegan food truck catering"},{"@type":"BreadcrumbList","@id":"https:\/\/www.honlufoodtrailer.com\/product\/5-7m-vegan-food-trailer\/#breadcrumb","itemListElement":[{"@type":"ListItem","position":1,"name":"Home","item":"https:\/\/www.honlufoodtrailer.com\/"},{"@type":"ListItem","position":2,"name":"\u4ea7\u54c1","item":"https:\/\/www.honlufoodtrailer.com\/shop\/"},{"@type":"ListItem","position":3,"name":"5.7m Vegan Food Trailer"}]},{"@type":"WebSite","@id":"https:\/\/www.honlufoodtrailer.com\/#website","url":"https:\/\/www.honlufoodtrailer.com\/","name":"Honlu madtrailer","description":"","publisher":{"@id":"https:\/\/www.honlufoodtrailer.com\/#organization"},"potentialAction":[{"@type":"SearchAction","target":{"@type":"EntryPoint","urlTemplate":"https:\/\/www.honlufoodtrailer.com\/?s={search_term_string}"},"query-input":{"@type":"PropertyValueSpecification","valueRequired":true,"valueName":"search_term_string"}}],"inLanguage":"da-DK"},{"@type":"Organization","@id":"https:\/\/www.honlufoodtrailer.com\/#organization","name":"Honlu madtrailer","url":"https:\/\/www.honlufoodtrailer.com\/","logo":{"@type":"ImageObject","inLanguage":"da-DK","@id":"https:\/\/www.honlufoodtrailer.com\/#\/schema\/logo\/image\/","url":"https:\/\/www.honlufoodtrailer.com\/wp-content\/uploads\/2021\/12\/2.gif","contentUrl":"https:\/\/www.honlufoodtrailer.com\/wp-content\/uploads\/2021\/12\/2.gif","width":350,"height":100,"caption":"Honlu food trailer"},"image":{"@id":"https:\/\/www.honlufoodtrailer.com\/#\/schema\/logo\/image\/"}}]}},"_links":{"self":[{"href":"https:\/\/www.honlufoodtrailer.com\/da\/wp-json\/wp\/v2\/product\/8082","targetHints":{"allow":["GET"]}}],"collection":[{"href":"https:\/\/www.honlufoodtrailer.com\/da\/wp-json\/wp\/v2\/product"}],"about":[{"href":"https:\/\/www.honlufoodtrailer.com\/da\/wp-json\/wp\/v2\/types\/product"}],"version-history":[{"count":2,"href":"https:\/\/www.honlufoodtrailer.com\/da\/wp-json\/wp\/v2\/product\/8082\/revisions"}],"predecessor-version":[{"id":8101,"href":"https:\/\/www.honlufoodtrailer.com\/da\/wp-json\/wp\/v2\/product\/8082\/revisions\/8101"}],"wp:featuredmedia":[{"embeddable":true,"href":"https:\/\/www.honlufoodtrailer.com\/da\/wp-json\/wp\/v2\/media\/8097"}],"wp:attachment":[{"href":"https:\/\/www.honlufoodtrailer.com\/da\/wp-json\/wp\/v2\/media?parent=8082"}],"wp:term":[{"taxonomy":"product_brand","embeddable":true,"href":"https:\/\/www.honlufoodtrailer.com\/da\/wp-json\/wp\/v2\/product_brand?post=8082"},{"taxonomy":"product_cat","embeddable":true,"href":"https:\/\/www.honlufoodtrailer.com\/da\/wp-json\/wp\/v2\/product_cat?post=8082"},{"taxonomy":"product_tag","embeddable":true,"href":"https:\/\/www.honlufoodtrailer.com\/da\/wp-json\/wp\/v2\/product_tag?post=8082"}],"curies":[{"name":"wp","href":"https:\/\/api.w.org\/{rel}","templated":true}]}}