{"id":8114,"date":"2024-07-24T17:43:16","date_gmt":"2024-07-24T09:43:16","guid":{"rendered":"https:\/\/www.honlufoodtrailer.com\/?post_type=product&#038;p=8114"},"modified":"2025-02-14T14:33:00","modified_gmt":"2025-02-14T06:33:00","slug":"18ft-shipping-container-restaurant","status":"publish","type":"product","link":"https:\/\/www.honlufoodtrailer.com\/da\/product\/18ft-shipping-container-restaurant\/","title":{"rendered":"18 fods skibscontainerrestaurant med tr\u00e6lameller"},"content":{"rendered":"<p>Leder du efter en restaurant i shippingcontainere? Se denne 18 fods containerrestaurant, som vi har skr\u00e6ddersyet til en af vores kunder. Sikke en fantastisk mulighed for et kommercielt k\u00f8kken! Dets pris er lavere end et typisk kommercielt k\u00f8kken. Tag et kig p\u00e5 dette kommercielle k\u00f8kken, der er bygget af en 18 fods shippingcontainer. Du kan forestille dig, at denne containerbaserede madtrailer vil v\u00e6re meget tiltalende i m\u00e6ngden. Lad os nu se flere detaljer om denne containerbaserede restaurant!<\/p>\n<p><img fetchpriority=\"high\" decoding=\"async\" class=\"aligncenter size-full wp-image-8121\" src=\"https:\/\/www.honlufoodtrailer.com\/wp-content\/uploads\/2024\/07\/18ft-container-restaurant.jpg\" alt=\"18 fods containerrestaurant\" width=\"720\" height=\"540\" srcset=\"https:\/\/www.honlufoodtrailer.com\/wp-content\/uploads\/2024\/07\/18ft-container-restaurant.jpg 720w, https:\/\/www.honlufoodtrailer.com\/wp-content\/uploads\/2024\/07\/18ft-container-restaurant-480x360.jpg 480w, https:\/\/www.honlufoodtrailer.com\/wp-content\/uploads\/2024\/07\/18ft-container-restaurant-300x225.jpg 300w\" sizes=\"(max-width: 720px) 100vw, 720px\" \/> <img decoding=\"async\" class=\"aligncenter size-full wp-image-8117\" src=\"https:\/\/www.honlufoodtrailer.com\/wp-content\/uploads\/2024\/07\/18ft-container-restaurant-for-sale.jpg\" alt=\"18 fods containerrestaurant til salg\" width=\"720\" height=\"540\" srcset=\"https:\/\/www.honlufoodtrailer.com\/wp-content\/uploads\/2024\/07\/18ft-container-restaurant-for-sale.jpg 720w, https:\/\/www.honlufoodtrailer.com\/wp-content\/uploads\/2024\/07\/18ft-container-restaurant-for-sale-480x360.jpg 480w, https:\/\/www.honlufoodtrailer.com\/wp-content\/uploads\/2024\/07\/18ft-container-restaurant-for-sale-300x225.jpg 300w\" sizes=\"(max-width: 720px) 100vw, 720px\" \/><br \/>\nI henhold til kundens krav har vi tilf\u00f8jet tr\u00e6lameller til den forreste del af containerrestauranten. Disse tr\u00e6br\u00e6dder kan tjene som forst\u00e6rkning og dekoration. Denne skibscontainerrestaurant havde en r\u00e6kke tilbeh\u00f8r, lige fra specialfremstillede b\u00e6nke til emh\u00e6tter. Den er bygget til at im\u00f8dekomme store menneskem\u00e6ngder, der producerer mad i restaurantkvalitet. Enheden er robust og sikker og kan flyttes, hvis det er n\u00f8dvendigt. Lad os derefter se p\u00e5 den indre struktur af denne. <a href=\"https:\/\/www.honlufoodtrailer.com\/da\/container-trailer\/\" target=\"_blank\" rel=\"noopener\">madvognscontainer<\/a>!<\/p>\n<h3>Indvendige detaljer af denne 18 fods shippingcontainerrestaurant med tr\u00e6lameller<\/h3>\n<p>Se flere detaljer om den indre struktur af denne containerrestaurant til salg. Som du kan se p\u00e5 billedet nedenfor, har vi udstyret den <a href=\"https:\/\/www.honlufoodtrailer.com\/da\/product\/\" target=\"_blank\" rel=\"noopener\">madtrailer<\/a> med grundl\u00e6ggende k\u00f8kkenudstyr s\u00e5som arbejdsbord, vaske, lys osv. Vi har ogs\u00e5 udstyret denne foodtrailer med et klimaanl\u00e6g i henhold til kundens krav. Med denne restaurant i shippingcontainer vil vores kunder kunne tilbyde fastfood til spisende g\u00e6ster.<\/p>\n<p><img decoding=\"async\" class=\"aligncenter size-full wp-image-8118\" src=\"https:\/\/www.honlufoodtrailer.com\/wp-content\/uploads\/2024\/07\/18ft-container-restaurant-inner-structure.jpg\" alt=\"18 fods containerrestaurant indre struktur\" width=\"720\" height=\"540\" srcset=\"https:\/\/www.honlufoodtrailer.com\/wp-content\/uploads\/2024\/07\/18ft-container-restaurant-inner-structure.jpg 720w, https:\/\/www.honlufoodtrailer.com\/wp-content\/uploads\/2024\/07\/18ft-container-restaurant-inner-structure-480x360.jpg 480w, https:\/\/www.honlufoodtrailer.com\/wp-content\/uploads\/2024\/07\/18ft-container-restaurant-inner-structure-300x225.jpg 300w\" sizes=\"(max-width: 720px) 100vw, 720px\" \/><\/p>\n<p>Som producent og eksport\u00f8r af madtrailere med mere end 10 \u00e5rs erfaring kan vores virksomhed tilbyde kunder alle slags madtrailere. Uanset om du \u00f8nsker en standard eller en specialfremstillet trailer, kan vi fremstille den for dig. Vi kan ikke kun tilbyde specialfremstillede trailere til salg af mad, men ogs\u00e5 trailere med mange andre funktioner. S\u00e5som salg af blomster, t\u00f8j, k\u00e6ledyrsservice, klipningsservice osv. Uanset om du \u00f8nsker en containerbar-restaurant eller en container-grillrestaurant, kan vi lave det. Bare fort\u00e6l os dine detaljerede krav, s\u00e5 leverer vi den rigtige trailer til dig. Bare skriv en besked i formularen nedenfor, eller send os en WhatsApp direkte for hurtig respons!<\/p>","protected":false},"excerpt":{"rendered":"<p>Dette er en af vores specialfremstillede 18 fods shippingcontainere til restauranter, der er til salg. Generelt set er det den foretrukne model for mange kunder, n\u00e5r de skal starte en mobil madtrailer-virksomhed. <strong>Klik venligst p\u00e5 f\u00f8lgende faner for at se flere detaljer om denne containerrestaurant<\/strong>. Vi kan fremstille en lignende containerrestaurant som denne, eller vi kan tilpasse en til dig. Kontakt os venligst og fort\u00e6l os om dine detaljerede krav. T\u00f8v ikke med at kontakte os!<\/p>","protected":false},"featured_media":8119,"template":"","meta":{"_themeisle_gutenberg_block_has_review":false},"product_brand":[],"product_cat":[26],"product_tag":[83,71,33,60,61,38],"class_list":{"0":"post-8114","1":"product","2":"type-product","3":"status-publish","4":"has-post-thumbnail","6":"product_cat-product","7":"product_tag-18ft-food-trailer","8":"product_tag-container-trailer","9":"product_tag-customized-trailer","10":"product_tag-fast-food-trailer","11":"product_tag-fast-food-trailer-for-sale","12":"product_tag-mobile-food-trailer","14":"first","15":"instock","16":"shipping-taxable","17":"product-type-simple"},"yoast_head":"<!-- This site is optimized with the Yoast SEO plugin v27.4 - https:\/\/yoast.com\/product\/yoast-seo-wordpress\/ -->\n<title>18ft Shipping Container Restaurant With Wooden Slats from China - Honlu<\/title>\n<meta name=\"description\" content=\"Looking for a shipping container restaurant? see this 18ft container restaurant here! Get a similar or customized one at a reasonable price now!\" \/>\n<meta name=\"robots\" content=\"index, follow, max-snippet:-1, max-image-preview:large, max-video-preview:-1\" \/>\n<link rel=\"canonical\" href=\"https:\/\/www.honlufoodtrailer.com\/da\/product\/18ft-shipping-container-restaurant\/\" \/>\n<meta property=\"og:locale\" content=\"da_DK\" \/>\n<meta property=\"og:type\" content=\"article\" \/>\n<meta property=\"og:title\" content=\"18ft Shipping Container Restaurant With Wooden Slats from China - Honlu\" \/>\n<meta property=\"og:description\" content=\"Looking for a shipping container restaurant? see this 18ft container restaurant here! Get a similar or customized one at a reasonable price now!\" \/>\n<meta property=\"og:url\" content=\"https:\/\/www.honlufoodtrailer.com\/da\/product\/18ft-shipping-container-restaurant\/\" \/>\n<meta property=\"og:site_name\" content=\"Honlu food trailer\" \/>\n<meta property=\"article:modified_time\" content=\"2025-02-14T06:33:00+00:00\" \/>\n<meta property=\"og:image\" content=\"https:\/\/www.honlufoodtrailer.com\/wp-content\/uploads\/2024\/07\/18ft-container-restaurant-sale.jpg\" \/>\n\t<meta property=\"og:image:width\" content=\"720\" \/>\n\t<meta property=\"og:image:height\" content=\"540\" \/>\n\t<meta property=\"og:image:type\" content=\"image\/jpeg\" \/>\n<meta name=\"twitter:card\" content=\"summary_large_image\" \/>\n<meta name=\"twitter:label1\" content=\"Estimeret l\u00e6setid\" \/>\n\t<meta name=\"twitter:data1\" content=\"1 minut\" \/>\n<script type=\"application\/ld+json\" class=\"yoast-schema-graph\">{\"@context\":\"https:\\\/\\\/schema.org\",\"@graph\":[{\"@type\":\"WebPage\",\"@id\":\"https:\\\/\\\/www.honlufoodtrailer.com\\\/product\\\/18ft-shipping-container-restaurant\\\/\",\"url\":\"https:\\\/\\\/www.honlufoodtrailer.com\\\/product\\\/18ft-shipping-container-restaurant\\\/\",\"name\":\"18ft Shipping Container Restaurant With Wooden Slats from China - Honlu\",\"isPartOf\":{\"@id\":\"https:\\\/\\\/www.honlufoodtrailer.com\\\/#website\"},\"primaryImageOfPage\":{\"@id\":\"https:\\\/\\\/www.honlufoodtrailer.com\\\/product\\\/18ft-shipping-container-restaurant\\\/#primaryimage\"},\"image\":{\"@id\":\"https:\\\/\\\/www.honlufoodtrailer.com\\\/product\\\/18ft-shipping-container-restaurant\\\/#primaryimage\"},\"thumbnailUrl\":\"https:\\\/\\\/www.honlufoodtrailer.com\\\/wp-content\\\/uploads\\\/2024\\\/07\\\/18ft-container-restaurant-sale.jpg\",\"datePublished\":\"2024-07-24T09:43:16+00:00\",\"dateModified\":\"2025-02-14T06:33:00+00:00\",\"description\":\"Looking for a shipping container restaurant? see this 18ft container restaurant here! Get a similar or customized one at a reasonable price now!\",\"breadcrumb\":{\"@id\":\"https:\\\/\\\/www.honlufoodtrailer.com\\\/product\\\/18ft-shipping-container-restaurant\\\/#breadcrumb\"},\"inLanguage\":\"da-DK\",\"potentialAction\":[{\"@type\":\"ReadAction\",\"target\":[\"https:\\\/\\\/www.honlufoodtrailer.com\\\/product\\\/18ft-shipping-container-restaurant\\\/\"]}]},{\"@type\":\"ImageObject\",\"inLanguage\":\"da-DK\",\"@id\":\"https:\\\/\\\/www.honlufoodtrailer.com\\\/product\\\/18ft-shipping-container-restaurant\\\/#primaryimage\",\"url\":\"https:\\\/\\\/www.honlufoodtrailer.com\\\/wp-content\\\/uploads\\\/2024\\\/07\\\/18ft-container-restaurant-sale.jpg\",\"contentUrl\":\"https:\\\/\\\/www.honlufoodtrailer.com\\\/wp-content\\\/uploads\\\/2024\\\/07\\\/18ft-container-restaurant-sale.jpg\",\"width\":720,\"height\":540,\"caption\":\"18ft container restaurant sale\"},{\"@type\":\"BreadcrumbList\",\"@id\":\"https:\\\/\\\/www.honlufoodtrailer.com\\\/product\\\/18ft-shipping-container-restaurant\\\/#breadcrumb\",\"itemListElement\":[{\"@type\":\"ListItem\",\"position\":1,\"name\":\"Home\",\"item\":\"https:\\\/\\\/www.honlufoodtrailer.com\\\/\"},{\"@type\":\"ListItem\",\"position\":2,\"name\":\"\u4ea7\u54c1\",\"item\":\"https:\\\/\\\/www.honlufoodtrailer.com\\\/shop\\\/\"},{\"@type\":\"ListItem\",\"position\":3,\"name\":\"18ft Shipping Container Restaurant with Wooden Slats\"}]},{\"@type\":\"WebSite\",\"@id\":\"https:\\\/\\\/www.honlufoodtrailer.com\\\/#website\",\"url\":\"https:\\\/\\\/www.honlufoodtrailer.com\\\/\",\"name\":\"Honlu food trailer\",\"description\":\"\",\"publisher\":{\"@id\":\"https:\\\/\\\/www.honlufoodtrailer.com\\\/#organization\"},\"potentialAction\":[{\"@type\":\"SearchAction\",\"target\":{\"@type\":\"EntryPoint\",\"urlTemplate\":\"https:\\\/\\\/www.honlufoodtrailer.com\\\/?s={search_term_string}\"},\"query-input\":{\"@type\":\"PropertyValueSpecification\",\"valueRequired\":true,\"valueName\":\"search_term_string\"}}],\"inLanguage\":\"da-DK\"},{\"@type\":\"Organization\",\"@id\":\"https:\\\/\\\/www.honlufoodtrailer.com\\\/#organization\",\"name\":\"Honlu food trailer\",\"url\":\"https:\\\/\\\/www.honlufoodtrailer.com\\\/\",\"logo\":{\"@type\":\"ImageObject\",\"inLanguage\":\"da-DK\",\"@id\":\"https:\\\/\\\/www.honlufoodtrailer.com\\\/#\\\/schema\\\/logo\\\/image\\\/\",\"url\":\"https:\\\/\\\/www.honlufoodtrailer.com\\\/wp-content\\\/uploads\\\/2021\\\/12\\\/2.gif\",\"contentUrl\":\"https:\\\/\\\/www.honlufoodtrailer.com\\\/wp-content\\\/uploads\\\/2021\\\/12\\\/2.gif\",\"width\":350,\"height\":100,\"caption\":\"Honlu food trailer\"},\"image\":{\"@id\":\"https:\\\/\\\/www.honlufoodtrailer.com\\\/#\\\/schema\\\/logo\\\/image\\\/\"}}]}<\/script>\n<!-- \/ Yoast SEO plugin. -->","yoast_head_json":{"title":"18 fods skibscontainerrestaurant med tr\u00e6lameller fra Kina - Honlu","description":"Leder du efter en restaurant med shippingcontainere? Se denne 18 fods containerrestaurant her! F\u00e5 en lignende eller en specialbygget restaurant til en rimelig pris nu!","robots":{"index":"index","follow":"follow","max-snippet":"max-snippet:-1","max-image-preview":"max-image-preview:large","max-video-preview":"max-video-preview:-1"},"canonical":"https:\/\/www.honlufoodtrailer.com\/da\/product\/18ft-shipping-container-restaurant\/","og_locale":"da_DK","og_type":"article","og_title":"18ft Shipping Container Restaurant With Wooden Slats from China - Honlu","og_description":"Looking for a shipping container restaurant? see this 18ft container restaurant here! Get a similar or customized one at a reasonable price now!","og_url":"https:\/\/www.honlufoodtrailer.com\/da\/product\/18ft-shipping-container-restaurant\/","og_site_name":"Honlu food trailer","article_modified_time":"2025-02-14T06:33:00+00:00","og_image":[{"width":720,"height":540,"url":"https:\/\/www.honlufoodtrailer.com\/wp-content\/uploads\/2024\/07\/18ft-container-restaurant-sale.jpg","type":"image\/jpeg"}],"twitter_card":"summary_large_image","twitter_misc":{"Estimeret l\u00e6setid":"1 minut"},"schema":{"@context":"https:\/\/schema.org","@graph":[{"@type":"WebPage","@id":"https:\/\/www.honlufoodtrailer.com\/product\/18ft-shipping-container-restaurant\/","url":"https:\/\/www.honlufoodtrailer.com\/product\/18ft-shipping-container-restaurant\/","name":"18 fods skibscontainerrestaurant med tr\u00e6lameller fra Kina - Honlu","isPartOf":{"@id":"https:\/\/www.honlufoodtrailer.com\/#website"},"primaryImageOfPage":{"@id":"https:\/\/www.honlufoodtrailer.com\/product\/18ft-shipping-container-restaurant\/#primaryimage"},"image":{"@id":"https:\/\/www.honlufoodtrailer.com\/product\/18ft-shipping-container-restaurant\/#primaryimage"},"thumbnailUrl":"https:\/\/www.honlufoodtrailer.com\/wp-content\/uploads\/2024\/07\/18ft-container-restaurant-sale.jpg","datePublished":"2024-07-24T09:43:16+00:00","dateModified":"2025-02-14T06:33:00+00:00","description":"Leder du efter en restaurant med shippingcontainere? Se denne 18 fods containerrestaurant her! F\u00e5 en lignende eller en specialbygget restaurant til en rimelig pris nu!","breadcrumb":{"@id":"https:\/\/www.honlufoodtrailer.com\/product\/18ft-shipping-container-restaurant\/#breadcrumb"},"inLanguage":"da-DK","potentialAction":[{"@type":"ReadAction","target":["https:\/\/www.honlufoodtrailer.com\/product\/18ft-shipping-container-restaurant\/"]}]},{"@type":"ImageObject","inLanguage":"da-DK","@id":"https:\/\/www.honlufoodtrailer.com\/product\/18ft-shipping-container-restaurant\/#primaryimage","url":"https:\/\/www.honlufoodtrailer.com\/wp-content\/uploads\/2024\/07\/18ft-container-restaurant-sale.jpg","contentUrl":"https:\/\/www.honlufoodtrailer.com\/wp-content\/uploads\/2024\/07\/18ft-container-restaurant-sale.jpg","width":720,"height":540,"caption":"18ft container restaurant sale"},{"@type":"BreadcrumbList","@id":"https:\/\/www.honlufoodtrailer.com\/product\/18ft-shipping-container-restaurant\/#breadcrumb","itemListElement":[{"@type":"ListItem","position":1,"name":"Home","item":"https:\/\/www.honlufoodtrailer.com\/"},{"@type":"ListItem","position":2,"name":"\u4ea7\u54c1","item":"https:\/\/www.honlufoodtrailer.com\/shop\/"},{"@type":"ListItem","position":3,"name":"18ft Shipping Container Restaurant with Wooden Slats"}]},{"@type":"WebSite","@id":"https:\/\/www.honlufoodtrailer.com\/#website","url":"https:\/\/www.honlufoodtrailer.com\/","name":"Honlu madtrailer","description":"","publisher":{"@id":"https:\/\/www.honlufoodtrailer.com\/#organization"},"potentialAction":[{"@type":"SearchAction","target":{"@type":"EntryPoint","urlTemplate":"https:\/\/www.honlufoodtrailer.com\/?s={search_term_string}"},"query-input":{"@type":"PropertyValueSpecification","valueRequired":true,"valueName":"search_term_string"}}],"inLanguage":"da-DK"},{"@type":"Organization","@id":"https:\/\/www.honlufoodtrailer.com\/#organization","name":"Honlu madtrailer","url":"https:\/\/www.honlufoodtrailer.com\/","logo":{"@type":"ImageObject","inLanguage":"da-DK","@id":"https:\/\/www.honlufoodtrailer.com\/#\/schema\/logo\/image\/","url":"https:\/\/www.honlufoodtrailer.com\/wp-content\/uploads\/2021\/12\/2.gif","contentUrl":"https:\/\/www.honlufoodtrailer.com\/wp-content\/uploads\/2021\/12\/2.gif","width":350,"height":100,"caption":"Honlu food trailer"},"image":{"@id":"https:\/\/www.honlufoodtrailer.com\/#\/schema\/logo\/image\/"}}]}},"_links":{"self":[{"href":"https:\/\/www.honlufoodtrailer.com\/da\/wp-json\/wp\/v2\/product\/8114","targetHints":{"allow":["GET"]}}],"collection":[{"href":"https:\/\/www.honlufoodtrailer.com\/da\/wp-json\/wp\/v2\/product"}],"about":[{"href":"https:\/\/www.honlufoodtrailer.com\/da\/wp-json\/wp\/v2\/types\/product"}],"version-history":[{"count":1,"href":"https:\/\/www.honlufoodtrailer.com\/da\/wp-json\/wp\/v2\/product\/8114\/revisions"}],"predecessor-version":[{"id":8123,"href":"https:\/\/www.honlufoodtrailer.com\/da\/wp-json\/wp\/v2\/product\/8114\/revisions\/8123"}],"wp:featuredmedia":[{"embeddable":true,"href":"https:\/\/www.honlufoodtrailer.com\/da\/wp-json\/wp\/v2\/media\/8119"}],"wp:attachment":[{"href":"https:\/\/www.honlufoodtrailer.com\/da\/wp-json\/wp\/v2\/media?parent=8114"}],"wp:term":[{"taxonomy":"product_brand","embeddable":true,"href":"https:\/\/www.honlufoodtrailer.com\/da\/wp-json\/wp\/v2\/product_brand?post=8114"},{"taxonomy":"product_cat","embeddable":true,"href":"https:\/\/www.honlufoodtrailer.com\/da\/wp-json\/wp\/v2\/product_cat?post=8114"},{"taxonomy":"product_tag","embeddable":true,"href":"https:\/\/www.honlufoodtrailer.com\/da\/wp-json\/wp\/v2\/product_tag?post=8114"}],"curies":[{"name":"wp","href":"https:\/\/api.w.org\/{rel}","templated":true}]}}