{"id":2578,"date":"2022-02-23T14:59:55","date_gmt":"2022-02-23T06:59:55","guid":{"rendered":"https:\/\/www.honlufoodtrailer.com\/?post_type=product&#038;p=2578"},"modified":"2024-06-04T17:11:54","modified_gmt":"2024-06-04T09:11:54","slug":"arc-style-mini-food-trailer","status":"publish","type":"product","link":"https:\/\/www.honlufoodtrailer.com\/de\/product\/arc-style-mini-food-trailer\/","title":{"rendered":"Mini-Imbisswagen im Bogenstil"},"content":{"rendered":"<p data-spm-anchor-id=\"a2700.wholesale.0.i28.29e52808agqc7f\">This is a mini arc-style food trailer. It uses glass fiber reinforced plastic as the main material of the outer surface, and the internal workbench is made of stainless steel. According to customer needs, we have customized stickers on all sides of this trailer and added sliding windows on the basis of the pull-up windows. The whole trailer is compact and easy to use. With small size, it is easy to move around. Our customer can take the food trailer wherever he wants and do his business. Now, let&#8217;s see some pictures of this food trailer.<\/p>\n<p><img fetchpriority=\"high\" decoding=\"async\" class=\"size-full wp-image-2614 aligncenter\" src=\"https:\/\/www.honlufoodtrailer.com\/wp-content\/uploads\/2022\/01\/Arc-style-mini-food-trailer-4.jpg\" alt=\"Arc style mini food trailer (4)\" width=\"720\" height=\"540\" srcset=\"https:\/\/www.honlufoodtrailer.com\/wp-content\/uploads\/2022\/01\/Arc-style-mini-food-trailer-4.jpg 720w, https:\/\/www.honlufoodtrailer.com\/wp-content\/uploads\/2022\/01\/Arc-style-mini-food-trailer-4-300x225.jpg 300w\" sizes=\"(max-width: 720px) 100vw, 720px\" \/><\/p>\n<p><img decoding=\"async\" class=\"size-full wp-image-2616 aligncenter\" src=\"https:\/\/www.honlufoodtrailer.com\/wp-content\/uploads\/2022\/01\/Arc-style-mini-food-trailer-6.jpg\" alt=\"Arc style mini food trailer (6)\" width=\"720\" height=\"540\" srcset=\"https:\/\/www.honlufoodtrailer.com\/wp-content\/uploads\/2022\/01\/Arc-style-mini-food-trailer-6.jpg 720w, https:\/\/www.honlufoodtrailer.com\/wp-content\/uploads\/2022\/01\/Arc-style-mini-food-trailer-6-300x225.jpg 300w\" sizes=\"(max-width: 720px) 100vw, 720px\" \/><\/p>\n<p>As we can see, this food trailer has a beautiful appearance. Users also can choose the color and design they like. Next, let&#8217;s see the inner details of this arc style food trailer.<\/p>\n<h3>Inner Details Of This Arc Style Food Trailer<\/h3>\n<p>According to the customer&#8217;s requirement, we have equippd this arc style food trailer with sinks, work bench, air conditioner etc. Our customer will add some other kitchen equipment he need after receiving this food trailer.<br \/>\n<img decoding=\"async\" class=\"aligncenter size-full wp-image-7740\" src=\"https:\/\/www.honlufoodtrailer.com\/wp-content\/uploads\/2022\/02\/Arc-style-mini-food-trailer-inner-details-1.jpg\" alt=\"Arc style mini food trailer inner details\" width=\"800\" height=\"800\" srcset=\"https:\/\/www.honlufoodtrailer.com\/wp-content\/uploads\/2022\/02\/Arc-style-mini-food-trailer-inner-details-1.jpg 800w, https:\/\/www.honlufoodtrailer.com\/wp-content\/uploads\/2022\/02\/Arc-style-mini-food-trailer-inner-details-1-768x768.jpg 768w, https:\/\/www.honlufoodtrailer.com\/wp-content\/uploads\/2022\/02\/Arc-style-mini-food-trailer-inner-details-1-360x360.jpg 360w, https:\/\/www.honlufoodtrailer.com\/wp-content\/uploads\/2022\/02\/Arc-style-mini-food-trailer-inner-details-1-300x300.jpg 300w, https:\/\/www.honlufoodtrailer.com\/wp-content\/uploads\/2022\/02\/Arc-style-mini-food-trailer-inner-details-1-720x720.jpg 720w, https:\/\/www.honlufoodtrailer.com\/wp-content\/uploads\/2022\/02\/Arc-style-mini-food-trailer-inner-details-1-100x100.jpg 100w\" sizes=\"(max-width: 800px) 100vw, 800px\" \/><\/p>\n<h3>More Details Of This Arc Style Food Trailer<\/h3>\n<p><img loading=\"lazy\" decoding=\"async\" class=\"aligncenter size-full wp-image-7739\" src=\"https:\/\/www.honlufoodtrailer.com\/wp-content\/uploads\/2022\/02\/Arc-style-mini-food-trailer-more-details-1.jpg\" alt=\"Arc style mini food trailer more details\" width=\"800\" height=\"533\" srcset=\"https:\/\/www.honlufoodtrailer.com\/wp-content\/uploads\/2022\/02\/Arc-style-mini-food-trailer-more-details-1.jpg 800w, https:\/\/www.honlufoodtrailer.com\/wp-content\/uploads\/2022\/02\/Arc-style-mini-food-trailer-more-details-1-768x512.jpg 768w, https:\/\/www.honlufoodtrailer.com\/wp-content\/uploads\/2022\/02\/Arc-style-mini-food-trailer-more-details-1-480x320.jpg 480w, https:\/\/www.honlufoodtrailer.com\/wp-content\/uploads\/2022\/02\/Arc-style-mini-food-trailer-more-details-1-300x200.jpg 300w, https:\/\/www.honlufoodtrailer.com\/wp-content\/uploads\/2022\/02\/Arc-style-mini-food-trailer-more-details-1-720x480.jpg 720w\" sizes=\"(max-width: 800px) 100vw, 800px\" \/><\/p>\n<h4 data-spm-anchor-id=\"a2700.wholesale.0.i28.29e52808agqc7f\">Customized sliding window<\/h4>\n<p><img loading=\"lazy\" decoding=\"async\" class=\"wp-image-2617 size-full\" src=\"https:\/\/www.honlufoodtrailer.com\/wp-content\/uploads\/2022\/01\/Arc-style-mini-food-trailer-7.jpg\" alt=\"Arc style mini food trailer (7)\" width=\"720\" height=\"540\" srcset=\"https:\/\/www.honlufoodtrailer.com\/wp-content\/uploads\/2022\/01\/Arc-style-mini-food-trailer-7.jpg 720w, https:\/\/www.honlufoodtrailer.com\/wp-content\/uploads\/2022\/01\/Arc-style-mini-food-trailer-7-300x225.jpg 300w\" sizes=\"(max-width: 720px) 100vw, 720px\" \/><\/p>\n<p data-spm-anchor-id=\"a2700.wholesale.0.i28.29e52808agqc7f\">In the United States, according to the Department of health, sliding windows have become a necessity in some food trailers. It keeps dust out and keeps the temperature. Moreover, it has a better experience when using air conditioning.<\/p>\n<h3 class=\"magic-6\" data-spm-anchor-id=\"a2700.wholesale.0.i28.29e52808agqc7f\">Hauptmerkmale des mobilen Food-Trailers<\/h3>\n<div class=\"magic-7\">\n<div class=\"magic-8\">\n<div class=\"magic-9\" data-id=\"paragraph0\">\n<ol>\n<li>Fashionable appearance, appearance custom stickers, which are attractive;<\/li>\n<li>Fiberglass material, lighter in weight and higher in strength, with advantages of corrosion resistance, insulation, heat preservation, sound insulation, etc;<\/li>\n<li>Modernes und fortschrittliches Zubeh\u00f6r f\u00fcr den mobilen Speisewagen;<\/li>\n<li>Bequem und leicht zu bewegen;<\/li>\n<li>Customized sliding windows to meet customer needs;<\/li>\n<li>Wir sind gerne bereit, sie nach Ihren W\u00fcnschen zu \u00e4ndern.<\/li>\n<\/ol>\n<h3>We Provide Free 2D\/3D floor plan drawing<\/h3>\n<p>F\u00fcr Kunden, die bei uns einen Imbisswagen bestellt haben, bieten wir einen kostenlosen 2D\/3D-Planungsservice an. Nach Best\u00e4tigung der Ma\u00dfe des Imbisswagens und der K\u00fcchenausstattung erstellen wir Ihnen kostenlos 3D-Zeichnungen. So erhalten Sie einen besseren Eindruck von Ihrem Design und Ihrem Imbisswagen. Die Positionierung der K\u00fcchenausstattung k\u00f6nnen wir anhand des Grundrisses mit Ihnen besprechen. Wir stellen Ihnen au\u00dferdem die Originaldokumente zur Verf\u00fcgung, um Ihre Planung zu erleichtern und Anpassungen vorzunehmen.<\/p>\n<p><img loading=\"lazy\" decoding=\"async\" class=\"wp-image-2623 size-full\" src=\"https:\/\/www.honlufoodtrailer.com\/wp-content\/uploads\/2022\/01\/Free-2D-3D-floor-plan-drawing.jpg\" alt=\"Kostenlose 2D\/3D-Grundrisszeichnung\" width=\"800\" height=\"400\" srcset=\"https:\/\/www.honlufoodtrailer.com\/wp-content\/uploads\/2022\/01\/Free-2D-3D-floor-plan-drawing.jpg 800w, https:\/\/www.honlufoodtrailer.com\/wp-content\/uploads\/2022\/01\/Free-2D-3D-floor-plan-drawing-300x150.jpg 300w, https:\/\/www.honlufoodtrailer.com\/wp-content\/uploads\/2022\/01\/Free-2D-3D-floor-plan-drawing-720x360.jpg 720w, https:\/\/www.honlufoodtrailer.com\/wp-content\/uploads\/2022\/01\/Free-2D-3D-floor-plan-drawing-768x384.jpg 768w\" sizes=\"(max-width: 800px) 100vw, 800px\" \/><\/p>\n<\/div>\n<\/div>\n<\/div>","protected":false},"excerpt":{"rendered":"<p>This is a mini arc-style food trailer. According to customer needs, we have customized stickers on all sides of this trailer and added sliding windows on the basis of the pull-up windows. It is a good choice for people who want to begin a small size food trailer business.<\/p>","protected":false},"featured_media":2610,"template":"","meta":{"_themeisle_gutenberg_block_has_review":false},"product_brand":[],"product_cat":[26],"product_tag":[43,33,44,38],"class_list":{"0":"post-2578","1":"product","2":"type-product","3":"status-publish","4":"has-post-thumbnail","6":"product_cat-product","7":"product_tag-arc-style-trailer","8":"product_tag-customized-trailer","9":"product_tag-mini-food-trailer","10":"product_tag-mobile-food-trailer","12":"first","13":"instock","14":"shipping-taxable","15":"product-type-simple"},"yoast_head":"<!-- This site is optimized with the Yoast SEO plugin v27.5 - https:\/\/yoast.com\/product\/yoast-seo-wordpress\/ -->\n<title>Arc style mini food trailer - Honlu food trailer<\/title>\n<meta name=\"description\" content=\"This is a mini arc-style food trailer. According to customer needs, we have customized stickers on all sides of this trailer and added sliding windows on the basis of the pull-up windows. It is the preferred model for starting fast-food businesses.\" \/>\n<meta name=\"robots\" content=\"index, follow, max-snippet:-1, max-image-preview:large, max-video-preview:-1\" \/>\n<link rel=\"canonical\" href=\"https:\/\/www.honlufoodtrailer.com\/de\/product\/arc-style-mini-food-trailer\/\" \/>\n<meta property=\"og:locale\" content=\"de_DE\" \/>\n<meta property=\"og:type\" content=\"article\" \/>\n<meta property=\"og:title\" content=\"Arc style mini food trailer - Honlu food trailer\" \/>\n<meta property=\"og:description\" content=\"This is a mini arc-style food trailer. According to customer needs, we have customized stickers on all sides of this trailer and added sliding windows on the basis of the pull-up windows. It is the preferred model for starting fast-food businesses.\" \/>\n<meta property=\"og:url\" content=\"https:\/\/www.honlufoodtrailer.com\/de\/product\/arc-style-mini-food-trailer\/\" \/>\n<meta property=\"og:site_name\" content=\"Honlu food trailer\" \/>\n<meta property=\"article:modified_time\" content=\"2024-06-04T09:11:54+00:00\" \/>\n<meta property=\"og:image\" content=\"https:\/\/www.honlufoodtrailer.com\/wp-content\/uploads\/2022\/01\/Arc-style-mini-food-trailer.jpg\" \/>\n\t<meta property=\"og:image:width\" content=\"720\" \/>\n\t<meta property=\"og:image:height\" content=\"540\" \/>\n\t<meta property=\"og:image:type\" content=\"image\/jpeg\" \/>\n<meta name=\"twitter:card\" content=\"summary_large_image\" \/>\n<meta name=\"twitter:label1\" content=\"Gesch\u00e4tzte Lesezeit\" \/>\n\t<meta name=\"twitter:data1\" content=\"2\u00a0Minuten\" \/>\n<script type=\"application\/ld+json\" class=\"yoast-schema-graph\">{\"@context\":\"https:\\\/\\\/schema.org\",\"@graph\":[{\"@type\":\"WebPage\",\"@id\":\"https:\\\/\\\/www.honlufoodtrailer.com\\\/product\\\/arc-style-mini-food-trailer\\\/\",\"url\":\"https:\\\/\\\/www.honlufoodtrailer.com\\\/product\\\/arc-style-mini-food-trailer\\\/\",\"name\":\"Arc style mini food trailer - Honlu food trailer\",\"isPartOf\":{\"@id\":\"https:\\\/\\\/www.honlufoodtrailer.com\\\/#website\"},\"primaryImageOfPage\":{\"@id\":\"https:\\\/\\\/www.honlufoodtrailer.com\\\/product\\\/arc-style-mini-food-trailer\\\/#primaryimage\"},\"image\":{\"@id\":\"https:\\\/\\\/www.honlufoodtrailer.com\\\/product\\\/arc-style-mini-food-trailer\\\/#primaryimage\"},\"thumbnailUrl\":\"https:\\\/\\\/www.honlufoodtrailer.com\\\/wp-content\\\/uploads\\\/2022\\\/01\\\/Arc-style-mini-food-trailer.jpg\",\"datePublished\":\"2022-02-23T06:59:55+00:00\",\"dateModified\":\"2024-06-04T09:11:54+00:00\",\"description\":\"This is a mini arc-style food trailer. According to customer needs, we have customized stickers on all sides of this trailer and added sliding windows on the basis of the pull-up windows. It is the preferred model for starting fast-food businesses.\",\"breadcrumb\":{\"@id\":\"https:\\\/\\\/www.honlufoodtrailer.com\\\/product\\\/arc-style-mini-food-trailer\\\/#breadcrumb\"},\"inLanguage\":\"de\",\"potentialAction\":[{\"@type\":\"ReadAction\",\"target\":[\"https:\\\/\\\/www.honlufoodtrailer.com\\\/product\\\/arc-style-mini-food-trailer\\\/\"]}]},{\"@type\":\"ImageObject\",\"inLanguage\":\"de\",\"@id\":\"https:\\\/\\\/www.honlufoodtrailer.com\\\/product\\\/arc-style-mini-food-trailer\\\/#primaryimage\",\"url\":\"https:\\\/\\\/www.honlufoodtrailer.com\\\/wp-content\\\/uploads\\\/2022\\\/01\\\/Arc-style-mini-food-trailer.jpg\",\"contentUrl\":\"https:\\\/\\\/www.honlufoodtrailer.com\\\/wp-content\\\/uploads\\\/2022\\\/01\\\/Arc-style-mini-food-trailer.jpg\",\"width\":720,\"height\":540,\"caption\":\"Arc style mini food trailer\"},{\"@type\":\"BreadcrumbList\",\"@id\":\"https:\\\/\\\/www.honlufoodtrailer.com\\\/product\\\/arc-style-mini-food-trailer\\\/#breadcrumb\",\"itemListElement\":[{\"@type\":\"ListItem\",\"position\":1,\"name\":\"Home\",\"item\":\"https:\\\/\\\/www.honlufoodtrailer.com\\\/\"},{\"@type\":\"ListItem\",\"position\":2,\"name\":\"\u4ea7\u54c1\",\"item\":\"https:\\\/\\\/www.honlufoodtrailer.com\\\/shop\\\/\"},{\"@type\":\"ListItem\",\"position\":3,\"name\":\"Arc style mini food trailer\"}]},{\"@type\":\"WebSite\",\"@id\":\"https:\\\/\\\/www.honlufoodtrailer.com\\\/#website\",\"url\":\"https:\\\/\\\/www.honlufoodtrailer.com\\\/\",\"name\":\"Honlu food trailer\",\"description\":\"\",\"publisher\":{\"@id\":\"https:\\\/\\\/www.honlufoodtrailer.com\\\/#organization\"},\"potentialAction\":[{\"@type\":\"SearchAction\",\"target\":{\"@type\":\"EntryPoint\",\"urlTemplate\":\"https:\\\/\\\/www.honlufoodtrailer.com\\\/?s={search_term_string}\"},\"query-input\":{\"@type\":\"PropertyValueSpecification\",\"valueRequired\":true,\"valueName\":\"search_term_string\"}}],\"inLanguage\":\"de\"},{\"@type\":\"Organization\",\"@id\":\"https:\\\/\\\/www.honlufoodtrailer.com\\\/#organization\",\"name\":\"Honlu food trailer\",\"url\":\"https:\\\/\\\/www.honlufoodtrailer.com\\\/\",\"logo\":{\"@type\":\"ImageObject\",\"inLanguage\":\"de\",\"@id\":\"https:\\\/\\\/www.honlufoodtrailer.com\\\/#\\\/schema\\\/logo\\\/image\\\/\",\"url\":\"https:\\\/\\\/www.honlufoodtrailer.com\\\/wp-content\\\/uploads\\\/2021\\\/12\\\/2.gif\",\"contentUrl\":\"https:\\\/\\\/www.honlufoodtrailer.com\\\/wp-content\\\/uploads\\\/2021\\\/12\\\/2.gif\",\"width\":350,\"height\":100,\"caption\":\"Honlu food trailer\"},\"image\":{\"@id\":\"https:\\\/\\\/www.honlufoodtrailer.com\\\/#\\\/schema\\\/logo\\\/image\\\/\"}}]}<\/script>\n<!-- \/ Yoast SEO plugin. -->","yoast_head_json":{"title":"Arc style mini food trailer - Honlu food trailer","description":"This is a mini arc-style food trailer. According to customer needs, we have customized stickers on all sides of this trailer and added sliding windows on the basis of the pull-up windows. It is the preferred model for starting fast-food businesses.","robots":{"index":"index","follow":"follow","max-snippet":"max-snippet:-1","max-image-preview":"max-image-preview:large","max-video-preview":"max-video-preview:-1"},"canonical":"https:\/\/www.honlufoodtrailer.com\/de\/product\/arc-style-mini-food-trailer\/","og_locale":"de_DE","og_type":"article","og_title":"Arc style mini food trailer - Honlu food trailer","og_description":"This is a mini arc-style food trailer. According to customer needs, we have customized stickers on all sides of this trailer and added sliding windows on the basis of the pull-up windows. It is the preferred model for starting fast-food businesses.","og_url":"https:\/\/www.honlufoodtrailer.com\/de\/product\/arc-style-mini-food-trailer\/","og_site_name":"Honlu food trailer","article_modified_time":"2024-06-04T09:11:54+00:00","og_image":[{"width":720,"height":540,"url":"https:\/\/www.honlufoodtrailer.com\/wp-content\/uploads\/2022\/01\/Arc-style-mini-food-trailer.jpg","type":"image\/jpeg"}],"twitter_card":"summary_large_image","twitter_misc":{"Gesch\u00e4tzte Lesezeit":"2\u00a0Minuten"},"schema":{"@context":"https:\/\/schema.org","@graph":[{"@type":"WebPage","@id":"https:\/\/www.honlufoodtrailer.com\/product\/arc-style-mini-food-trailer\/","url":"https:\/\/www.honlufoodtrailer.com\/product\/arc-style-mini-food-trailer\/","name":"Arc style mini food trailer - Honlu food trailer","isPartOf":{"@id":"https:\/\/www.honlufoodtrailer.com\/#website"},"primaryImageOfPage":{"@id":"https:\/\/www.honlufoodtrailer.com\/product\/arc-style-mini-food-trailer\/#primaryimage"},"image":{"@id":"https:\/\/www.honlufoodtrailer.com\/product\/arc-style-mini-food-trailer\/#primaryimage"},"thumbnailUrl":"https:\/\/www.honlufoodtrailer.com\/wp-content\/uploads\/2022\/01\/Arc-style-mini-food-trailer.jpg","datePublished":"2022-02-23T06:59:55+00:00","dateModified":"2024-06-04T09:11:54+00:00","description":"This is a mini arc-style food trailer. According to customer needs, we have customized stickers on all sides of this trailer and added sliding windows on the basis of the pull-up windows. It is the preferred model for starting fast-food businesses.","breadcrumb":{"@id":"https:\/\/www.honlufoodtrailer.com\/product\/arc-style-mini-food-trailer\/#breadcrumb"},"inLanguage":"de","potentialAction":[{"@type":"ReadAction","target":["https:\/\/www.honlufoodtrailer.com\/product\/arc-style-mini-food-trailer\/"]}]},{"@type":"ImageObject","inLanguage":"de","@id":"https:\/\/www.honlufoodtrailer.com\/product\/arc-style-mini-food-trailer\/#primaryimage","url":"https:\/\/www.honlufoodtrailer.com\/wp-content\/uploads\/2022\/01\/Arc-style-mini-food-trailer.jpg","contentUrl":"https:\/\/www.honlufoodtrailer.com\/wp-content\/uploads\/2022\/01\/Arc-style-mini-food-trailer.jpg","width":720,"height":540,"caption":"Arc style mini food trailer"},{"@type":"BreadcrumbList","@id":"https:\/\/www.honlufoodtrailer.com\/product\/arc-style-mini-food-trailer\/#breadcrumb","itemListElement":[{"@type":"ListItem","position":1,"name":"Home","item":"https:\/\/www.honlufoodtrailer.com\/"},{"@type":"ListItem","position":2,"name":"\u4ea7\u54c1","item":"https:\/\/www.honlufoodtrailer.com\/shop\/"},{"@type":"ListItem","position":3,"name":"Arc style mini food trailer"}]},{"@type":"WebSite","@id":"https:\/\/www.honlufoodtrailer.com\/#website","url":"https:\/\/www.honlufoodtrailer.com\/","name":"Honlu-Lebensmittelanh\u00e4nger","description":"","publisher":{"@id":"https:\/\/www.honlufoodtrailer.com\/#organization"},"potentialAction":[{"@type":"SearchAction","target":{"@type":"EntryPoint","urlTemplate":"https:\/\/www.honlufoodtrailer.com\/?s={search_term_string}"},"query-input":{"@type":"PropertyValueSpecification","valueRequired":true,"valueName":"search_term_string"}}],"inLanguage":"de"},{"@type":"Organization","@id":"https:\/\/www.honlufoodtrailer.com\/#organization","name":"Honlu-Lebensmittelanh\u00e4nger","url":"https:\/\/www.honlufoodtrailer.com\/","logo":{"@type":"ImageObject","inLanguage":"de","@id":"https:\/\/www.honlufoodtrailer.com\/#\/schema\/logo\/image\/","url":"https:\/\/www.honlufoodtrailer.com\/wp-content\/uploads\/2021\/12\/2.gif","contentUrl":"https:\/\/www.honlufoodtrailer.com\/wp-content\/uploads\/2021\/12\/2.gif","width":350,"height":100,"caption":"Honlu food trailer"},"image":{"@id":"https:\/\/www.honlufoodtrailer.com\/#\/schema\/logo\/image\/"}}]}},"_links":{"self":[{"href":"https:\/\/www.honlufoodtrailer.com\/de\/wp-json\/wp\/v2\/product\/2578","targetHints":{"allow":["GET"]}}],"collection":[{"href":"https:\/\/www.honlufoodtrailer.com\/de\/wp-json\/wp\/v2\/product"}],"about":[{"href":"https:\/\/www.honlufoodtrailer.com\/de\/wp-json\/wp\/v2\/types\/product"}],"version-history":[{"count":0,"href":"https:\/\/www.honlufoodtrailer.com\/de\/wp-json\/wp\/v2\/product\/2578\/revisions"}],"wp:featuredmedia":[{"embeddable":true,"href":"https:\/\/www.honlufoodtrailer.com\/de\/wp-json\/wp\/v2\/media\/2610"}],"wp:attachment":[{"href":"https:\/\/www.honlufoodtrailer.com\/de\/wp-json\/wp\/v2\/media?parent=2578"}],"wp:term":[{"taxonomy":"product_brand","embeddable":true,"href":"https:\/\/www.honlufoodtrailer.com\/de\/wp-json\/wp\/v2\/product_brand?post=2578"},{"taxonomy":"product_cat","embeddable":true,"href":"https:\/\/www.honlufoodtrailer.com\/de\/wp-json\/wp\/v2\/product_cat?post=2578"},{"taxonomy":"product_tag","embeddable":true,"href":"https:\/\/www.honlufoodtrailer.com\/de\/wp-json\/wp\/v2\/product_tag?post=2578"}],"curies":[{"name":"wp","href":"https:\/\/api.w.org\/{rel}","templated":true}]}}