{"id":2650,"date":"2022-02-23T15:15:51","date_gmt":"2022-02-23T07:15:51","guid":{"rendered":"https:\/\/www.honlufoodtrailer.com\/?post_type=product&#038;p=2650"},"modified":"2024-05-24T10:29:53","modified_gmt":"2024-05-24T02:29:53","slug":"eight-meters-galvanized-food-trailer","status":"publish","type":"product","link":"https:\/\/www.honlufoodtrailer.com\/de\/product\/eight-meters-galvanized-food-trailer\/","title":{"rendered":"Acht Meter verzinkter Lebensmittelanh\u00e4nger"},"content":{"rendered":"<p data-spm-anchor-id=\"a2700.wholesale.0.i28.29e52808agqc7f\">Dies ist ein 8m verzinkter Lebensmittelanh\u00e4nger, den wir f\u00fcr einen unserer Kunden aus den Vereinigten Staaten angepasst haben. Wie Sie auf den Bildern unten sehen k\u00f6nnen, hat er 3 Achsen, die stabiler und haltbarer sind. Zus\u00e4tzlich zu den zwei gro\u00dfen Fenstern an der Vorderseite haben wir auch ein kleines Fenster an der Seite angebracht. Nun, lassen Sie uns einige Bilder von diesem Lebensmittelanh\u00e4nger sehen.<\/p>\n<figure id=\"attachment_2657\" aria-describedby=\"caption-attachment-2657\" style=\"width: 720px\" class=\"wp-caption aligncenter\"><img fetchpriority=\"high\" decoding=\"async\" class=\"size-full wp-image-2657\" src=\"https:\/\/www.honlufoodtrailer.com\/wp-content\/uploads\/2022\/01\/7-Eight-meters-galvanized-sheet-material-food-trailer.jpg\" alt=\"Acht Meter verzinktes Blech Lebensmittelanh\u00e4nger\" width=\"720\" height=\"540\" srcset=\"https:\/\/www.honlufoodtrailer.com\/wp-content\/uploads\/2022\/01\/7-Eight-meters-galvanized-sheet-material-food-trailer.jpg 720w, https:\/\/www.honlufoodtrailer.com\/wp-content\/uploads\/2022\/01\/7-Eight-meters-galvanized-sheet-material-food-trailer-300x225.jpg 300w\" sizes=\"(max-width: 720px) 100vw, 720px\" \/><figcaption id=\"caption-attachment-2657\" class=\"wp-caption-text\">Acht Meter verzinktes Blech Lebensmittelanh\u00e4nger<\/figcaption><\/figure>\n<figure id=\"attachment_2653\" aria-describedby=\"caption-attachment-2653\" style=\"width: 720px\" class=\"wp-caption aligncenter\"><img decoding=\"async\" class=\"size-full wp-image-2653\" src=\"https:\/\/www.honlufoodtrailer.com\/wp-content\/uploads\/2022\/01\/3-Eight-meters-galvanized-sheet-material-food-trailer.jpg\" alt=\"3 Acht Meter verzinktes Blech Material Lebensmittel Anh\u00e4nger\" width=\"720\" height=\"540\" \/><figcaption id=\"caption-attachment-2653\" class=\"wp-caption-text\">Acht Meter verzinktes Blech Lebensmittelanh\u00e4nger<\/figcaption><\/figure>\n<p>Die Farbe des gesamten Fahrzeugs ist schwarz, und unsere Kunden wollen einige Laternen, Plakate und andere Ornamente hinzuf\u00fcgen, so f\u00fcgen wir auch Haken an einigen Teilen f\u00fcr Kunden, um ihre Verwendung zu erleichtern. Wir verwenden auch das regensichere Design an Fenstern und T\u00fcren, all diese kleinen Designs sind f\u00fcr die Kunden, um eine bessere Erfahrung zu haben.<\/p>\n<h3>Innere Details des 8m verzinkten Lebensmittelanh\u00e4ngers<\/h3>\n<p data-spm-anchor-id=\"a2700.wholesale.0.i28.29e52808agqc7f\">Die Werkbank und die Innenwand des Food-Trailers sind aus lebensmittelechtem Edelstahl gefertigt. Und je nach Kundenwunsch ist er mit Gefrierschr\u00e4nken, isolierten Vitrinen, vier ma\u00dfgeschneiderten Sp\u00fclbecken, Gasherden, Dunstabzugshauben und anderen Ger\u00e4ten ausgestattet. Wir w\u00fcrden gerne weitere Ausr\u00fcstungen nach Kundenwunsch anschaffen.<\/p>\n<p data-spm-anchor-id=\"a2700.wholesale.0.i28.29e52808agqc7f\"><img decoding=\"async\" class=\"aligncenter size-full wp-image-7689\" src=\"https:\/\/www.honlufoodtrailer.com\/wp-content\/uploads\/2022\/02\/inner-View-of-eight-meters-galvanized-food-trailer.jpg\" alt=\"Innenansicht eines acht Meter langen verzinkten Lebensmittelanh\u00e4ngers\" width=\"800\" height=\"534\" srcset=\"https:\/\/www.honlufoodtrailer.com\/wp-content\/uploads\/2022\/02\/inner-View-of-eight-meters-galvanized-food-trailer.jpg 800w, https:\/\/www.honlufoodtrailer.com\/wp-content\/uploads\/2022\/02\/inner-View-of-eight-meters-galvanized-food-trailer-768x513.jpg 768w, https:\/\/www.honlufoodtrailer.com\/wp-content\/uploads\/2022\/02\/inner-View-of-eight-meters-galvanized-food-trailer-480x320.jpg 480w, https:\/\/www.honlufoodtrailer.com\/wp-content\/uploads\/2022\/02\/inner-View-of-eight-meters-galvanized-food-trailer-300x200.jpg 300w, https:\/\/www.honlufoodtrailer.com\/wp-content\/uploads\/2022\/02\/inner-View-of-eight-meters-galvanized-food-trailer-720x481.jpg 720w\" sizes=\"(max-width: 800px) 100vw, 800px\" \/><\/p>\n<p>Der gesamte Anh\u00e4nger ist kompakt und einfach zu bedienen. Er ist das bevorzugte Modell f\u00fcr die Gr\u00fcndung von Fast-Food-Gesch\u00e4ften, Gro\u00dfbestellungen in Einkaufszentren, die einheitliche Verwaltung von Stra\u00dfen-Fastfood und Familienpicknicks. Er kann auch f\u00fcr den Verkauf von Hot Dogs, Einzelhandelsgesch\u00e4ften, Blumengesch\u00e4ften, Sandwiches, Kaffee, Eiscreme usw. eingesetzt werden. Wir haben CE-zertifiziert, um Ihnen zu helfen, ein mobiles Gesch\u00e4ft zu starten.<\/p>\n<h3 class=\"magic-6\" data-spm-anchor-id=\"a2700.wholesale.0.i28.29e52808agqc7f\">Hauptmerkmale des 8m verzinkten Lebensmittelanh\u00e4ngers<\/h3>\n<div class=\"magic-7\">\n<div class=\"magic-8\">\n<div class=\"magic-9\" data-id=\"paragraph0\">\n<ol>\n<li>Der superlange Food-Trailer hat einen gro\u00dfen Innenraum und kann mehr Ger\u00e4te aufnehmen, um die verschiedenen Bed\u00fcrfnisse der Kunden zu erf\u00fcllen;<\/li>\n<li>Verzinkte Bleche mit ausgezeichneter Korrosions- und Hitzebest\u00e4ndigkeit;<\/li>\n<li>Modernes und fortschrittliches Zubeh\u00f6r im mobilen Food-Trailer;<\/li>\n<li>Bequem und leicht zu bewegen;<\/li>\n<li>Wir sind gerne bereit, sie nach Ihren W\u00fcnschen zu \u00e4ndern.<\/li>\n<\/ol>\n<h3>Kostenlose 2D\/3D-Grundrisszeichnung<\/h3>\n<p>F\u00fcr Kunden, die unsere Food-Trailer bestellt haben, bieten wir kostenlose 2D\/3D-Zeichnungen. Nach Best\u00e4tigung der Abmessungen des Lebensmittelanh\u00e4ngers und der internen K\u00fcchenausstattung k\u00f6nnen wir Ihnen kostenlos 3D-Zeichnungen zur Verf\u00fcgung stellen. So k\u00f6nnen Sie sich ein genaueres Bild von Ihrem Entwurf und Ihrem Speisewagen machen. Wenn wir den Standort der K\u00fcchenger\u00e4te best\u00e4tigen, k\u00f6nnen wir uns anhand des Grundrisses klar mit Ihnen verst\u00e4ndigen. Wir k\u00f6nnen Ihnen auch Originaldokumente zur Verf\u00fcgung stellen, um Ihre Planung zu erleichtern und Anpassungen vorzunehmen.<\/p>\n<\/div>\n<\/div>\n<\/div>","protected":false},"excerpt":{"rendered":"<p>Dies ist einer unserer ma\u00dfgefertigten Acht-Meter-Lebensmittelanh\u00e4nger. Die Oberseite der Vorder- und R\u00fcckseite ist mit einem kleinen Bogen gestaltet. Aufgrund des acht Meter langen Aufbaus haben wir zwei \u00fcbergro\u00dfe Servicefenster f\u00fcr unsere Kunden angefertigt. Die Werkbank und die Innenwand im Inneren des Anh\u00e4ngers sind aus lebensmittelechtem Edelstahl gefertigt. Wir w\u00fcrden gerne weitere Ausr\u00fcstungen nach Kundenwunsch anschaffen.<\/p>","protected":false},"featured_media":0,"template":"","meta":{"_themeisle_gutenberg_block_has_review":false},"product_brand":[],"product_cat":[26],"product_tag":[33,41,45,38],"class_list":{"0":"post-2650","1":"product","2":"type-product","3":"status-publish","5":"product_cat-product","6":"product_tag-customized-trailer","7":"product_tag-galvanized-trailer","8":"product_tag-large-food-trailer","9":"product_tag-mobile-food-trailer","11":"first","12":"instock","13":"shipping-taxable","14":"product-type-simple"},"yoast_head":"<!-- This site is optimized with the Yoast SEO plugin v27.5 - https:\/\/yoast.com\/product\/yoast-seo-wordpress\/ -->\n<title>Eight Meters Galvanized Food Trailer From China - Honlu Food Trailer<\/title>\n<meta name=\"description\" content=\"This is one of our custom eight-meter food trailers, the top of the front and rear are designed with a small arc. Due to the eight-meter-long body, we customized two oversized service windows for our customers. The workbench and inner wall inside the car body are all made of food-grade stainless steel. We would like to purchase other types of equipment based on customers&#039; needs.\" \/>\n<meta name=\"robots\" content=\"index, follow, max-snippet:-1, max-image-preview:large, max-video-preview:-1\" \/>\n<link rel=\"canonical\" href=\"https:\/\/www.honlufoodtrailer.com\/de\/product\/eight-meters-galvanized-food-trailer\/\" \/>\n<meta property=\"og:locale\" content=\"de_DE\" \/>\n<meta property=\"og:type\" content=\"article\" \/>\n<meta property=\"og:title\" content=\"Eight Meters Galvanized Food Trailer From China - Honlu Food Trailer\" \/>\n<meta property=\"og:description\" content=\"This is one of our custom eight-meter food trailers, the top of the front and rear are designed with a small arc. Due to the eight-meter-long body, we customized two oversized service windows for our customers. The workbench and inner wall inside the car body are all made of food-grade stainless steel. We would like to purchase other types of equipment based on customers&#039; needs.\" \/>\n<meta property=\"og:url\" content=\"https:\/\/www.honlufoodtrailer.com\/de\/product\/eight-meters-galvanized-food-trailer\/\" \/>\n<meta property=\"og:site_name\" content=\"Honlu food trailer\" \/>\n<meta property=\"article:modified_time\" content=\"2024-05-24T02:29:53+00:00\" \/>\n<meta property=\"og:image\" content=\"https:\/\/www.honlufoodtrailer.com\/wp-content\/uploads\/2022\/01\/1-Eight-meters-galvanized-sheet-material-food-trailer.jpg\" \/>\n\t<meta property=\"og:image:width\" content=\"720\" \/>\n\t<meta property=\"og:image:height\" content=\"540\" \/>\n\t<meta property=\"og:image:type\" content=\"image\/jpeg\" \/>\n<meta name=\"twitter:card\" content=\"summary_large_image\" \/>\n<meta name=\"twitter:label1\" content=\"Gesch\u00e4tzte Lesezeit\" \/>\n\t<meta name=\"twitter:data1\" content=\"2\u00a0Minuten\" \/>\n<script type=\"application\/ld+json\" class=\"yoast-schema-graph\">{\"@context\":\"https:\\\/\\\/schema.org\",\"@graph\":[{\"@type\":\"WebPage\",\"@id\":\"https:\\\/\\\/www.honlufoodtrailer.com\\\/product\\\/eight-meters-galvanized-food-trailer\\\/\",\"url\":\"https:\\\/\\\/www.honlufoodtrailer.com\\\/product\\\/eight-meters-galvanized-food-trailer\\\/\",\"name\":\"Eight Meters Galvanized Food Trailer From China - Honlu Food Trailer\",\"isPartOf\":{\"@id\":\"https:\\\/\\\/www.honlufoodtrailer.com\\\/#website\"},\"primaryImageOfPage\":{\"@id\":\"https:\\\/\\\/www.honlufoodtrailer.com\\\/product\\\/eight-meters-galvanized-food-trailer\\\/#primaryimage\"},\"image\":{\"@id\":\"https:\\\/\\\/www.honlufoodtrailer.com\\\/product\\\/eight-meters-galvanized-food-trailer\\\/#primaryimage\"},\"thumbnailUrl\":\"https:\\\/\\\/www.honlufoodtrailer.com\\\/wp-content\\\/uploads\\\/2022\\\/01\\\/7-Eight-meters-galvanized-sheet-material-food-trailer.jpg\",\"datePublished\":\"2022-02-23T07:15:51+00:00\",\"dateModified\":\"2024-05-24T02:29:53+00:00\",\"description\":\"This is one of our custom eight-meter food trailers, the top of the front and rear are designed with a small arc. Due to the eight-meter-long body, we customized two oversized service windows for our customers. The workbench and inner wall inside the car body are all made of food-grade stainless steel. We would like to purchase other types of equipment based on customers' needs.\",\"breadcrumb\":{\"@id\":\"https:\\\/\\\/www.honlufoodtrailer.com\\\/product\\\/eight-meters-galvanized-food-trailer\\\/#breadcrumb\"},\"inLanguage\":\"de\",\"potentialAction\":[{\"@type\":\"ReadAction\",\"target\":[\"https:\\\/\\\/www.honlufoodtrailer.com\\\/product\\\/eight-meters-galvanized-food-trailer\\\/\"]}]},{\"@type\":\"ImageObject\",\"inLanguage\":\"de\",\"@id\":\"https:\\\/\\\/www.honlufoodtrailer.com\\\/product\\\/eight-meters-galvanized-food-trailer\\\/#primaryimage\",\"url\":\"https:\\\/\\\/www.honlufoodtrailer.com\\\/wp-content\\\/uploads\\\/2022\\\/01\\\/7-Eight-meters-galvanized-sheet-material-food-trailer.jpg\",\"contentUrl\":\"https:\\\/\\\/www.honlufoodtrailer.com\\\/wp-content\\\/uploads\\\/2022\\\/01\\\/7-Eight-meters-galvanized-sheet-material-food-trailer.jpg\"},{\"@type\":\"BreadcrumbList\",\"@id\":\"https:\\\/\\\/www.honlufoodtrailer.com\\\/product\\\/eight-meters-galvanized-food-trailer\\\/#breadcrumb\",\"itemListElement\":[{\"@type\":\"ListItem\",\"position\":1,\"name\":\"Home\",\"item\":\"https:\\\/\\\/www.honlufoodtrailer.com\\\/\"},{\"@type\":\"ListItem\",\"position\":2,\"name\":\"\u4ea7\u54c1\",\"item\":\"https:\\\/\\\/www.honlufoodtrailer.com\\\/shop\\\/\"},{\"@type\":\"ListItem\",\"position\":3,\"name\":\"Eight Meters Galvanized Food Trailer\"}]},{\"@type\":\"WebSite\",\"@id\":\"https:\\\/\\\/www.honlufoodtrailer.com\\\/#website\",\"url\":\"https:\\\/\\\/www.honlufoodtrailer.com\\\/\",\"name\":\"Honlu food trailer\",\"description\":\"\",\"publisher\":{\"@id\":\"https:\\\/\\\/www.honlufoodtrailer.com\\\/#organization\"},\"potentialAction\":[{\"@type\":\"SearchAction\",\"target\":{\"@type\":\"EntryPoint\",\"urlTemplate\":\"https:\\\/\\\/www.honlufoodtrailer.com\\\/?s={search_term_string}\"},\"query-input\":{\"@type\":\"PropertyValueSpecification\",\"valueRequired\":true,\"valueName\":\"search_term_string\"}}],\"inLanguage\":\"de\"},{\"@type\":\"Organization\",\"@id\":\"https:\\\/\\\/www.honlufoodtrailer.com\\\/#organization\",\"name\":\"Honlu food trailer\",\"url\":\"https:\\\/\\\/www.honlufoodtrailer.com\\\/\",\"logo\":{\"@type\":\"ImageObject\",\"inLanguage\":\"de\",\"@id\":\"https:\\\/\\\/www.honlufoodtrailer.com\\\/#\\\/schema\\\/logo\\\/image\\\/\",\"url\":\"https:\\\/\\\/www.honlufoodtrailer.com\\\/wp-content\\\/uploads\\\/2021\\\/12\\\/2.gif\",\"contentUrl\":\"https:\\\/\\\/www.honlufoodtrailer.com\\\/wp-content\\\/uploads\\\/2021\\\/12\\\/2.gif\",\"width\":350,\"height\":100,\"caption\":\"Honlu food trailer\"},\"image\":{\"@id\":\"https:\\\/\\\/www.honlufoodtrailer.com\\\/#\\\/schema\\\/logo\\\/image\\\/\"}}]}<\/script>\n<!-- \/ Yoast SEO plugin. -->","yoast_head_json":{"title":"Acht Meter verzinkte Lebensmittel Anh\u00e4nger aus China - Honlu Food Trailer","description":"Dies ist einer unserer ma\u00dfgefertigten Acht-Meter-Lebensmittelanh\u00e4nger. Die Oberseite der Front und des Hecks sind mit einem kleinen Bogen versehen. Aufgrund der acht Meter langen Karosserie haben wir zwei \u00fcbergro\u00dfe Servicefenster f\u00fcr unsere Kunden angefertigt. Die Werkbank und die Innenwand der Karosserie sind aus lebensmittelechtem Edelstahl gefertigt. Wir w\u00fcrden gerne weitere Ausr\u00fcstungsgegenst\u00e4nde je nach Kundenwunsch anschaffen.","robots":{"index":"index","follow":"follow","max-snippet":"max-snippet:-1","max-image-preview":"max-image-preview:large","max-video-preview":"max-video-preview:-1"},"canonical":"https:\/\/www.honlufoodtrailer.com\/de\/product\/eight-meters-galvanized-food-trailer\/","og_locale":"de_DE","og_type":"article","og_title":"Eight Meters Galvanized Food Trailer From China - Honlu Food Trailer","og_description":"This is one of our custom eight-meter food trailers, the top of the front and rear are designed with a small arc. Due to the eight-meter-long body, we customized two oversized service windows for our customers. The workbench and inner wall inside the car body are all made of food-grade stainless steel. We would like to purchase other types of equipment based on customers' needs.","og_url":"https:\/\/www.honlufoodtrailer.com\/de\/product\/eight-meters-galvanized-food-trailer\/","og_site_name":"Honlu food trailer","article_modified_time":"2024-05-24T02:29:53+00:00","og_image":[{"width":720,"height":540,"url":"https:\/\/www.honlufoodtrailer.com\/wp-content\/uploads\/2022\/01\/1-Eight-meters-galvanized-sheet-material-food-trailer.jpg","type":"image\/jpeg"}],"twitter_card":"summary_large_image","twitter_misc":{"Gesch\u00e4tzte Lesezeit":"2\u00a0Minuten"},"schema":{"@context":"https:\/\/schema.org","@graph":[{"@type":"WebPage","@id":"https:\/\/www.honlufoodtrailer.com\/product\/eight-meters-galvanized-food-trailer\/","url":"https:\/\/www.honlufoodtrailer.com\/product\/eight-meters-galvanized-food-trailer\/","name":"Acht Meter verzinkte Lebensmittel Anh\u00e4nger aus China - Honlu Food Trailer","isPartOf":{"@id":"https:\/\/www.honlufoodtrailer.com\/#website"},"primaryImageOfPage":{"@id":"https:\/\/www.honlufoodtrailer.com\/product\/eight-meters-galvanized-food-trailer\/#primaryimage"},"image":{"@id":"https:\/\/www.honlufoodtrailer.com\/product\/eight-meters-galvanized-food-trailer\/#primaryimage"},"thumbnailUrl":"https:\/\/www.honlufoodtrailer.com\/wp-content\/uploads\/2022\/01\/7-Eight-meters-galvanized-sheet-material-food-trailer.jpg","datePublished":"2022-02-23T07:15:51+00:00","dateModified":"2024-05-24T02:29:53+00:00","description":"Dies ist einer unserer ma\u00dfgefertigten Acht-Meter-Lebensmittelanh\u00e4nger. Die Oberseite der Front und des Hecks sind mit einem kleinen Bogen versehen. Aufgrund der acht Meter langen Karosserie haben wir zwei \u00fcbergro\u00dfe Servicefenster f\u00fcr unsere Kunden angefertigt. Die Werkbank und die Innenwand der Karosserie sind aus lebensmittelechtem Edelstahl gefertigt. Wir w\u00fcrden gerne weitere Ausr\u00fcstungsgegenst\u00e4nde je nach Kundenwunsch anschaffen.","breadcrumb":{"@id":"https:\/\/www.honlufoodtrailer.com\/product\/eight-meters-galvanized-food-trailer\/#breadcrumb"},"inLanguage":"de","potentialAction":[{"@type":"ReadAction","target":["https:\/\/www.honlufoodtrailer.com\/product\/eight-meters-galvanized-food-trailer\/"]}]},{"@type":"ImageObject","inLanguage":"de","@id":"https:\/\/www.honlufoodtrailer.com\/product\/eight-meters-galvanized-food-trailer\/#primaryimage","url":"https:\/\/www.honlufoodtrailer.com\/wp-content\/uploads\/2022\/01\/7-Eight-meters-galvanized-sheet-material-food-trailer.jpg","contentUrl":"https:\/\/www.honlufoodtrailer.com\/wp-content\/uploads\/2022\/01\/7-Eight-meters-galvanized-sheet-material-food-trailer.jpg"},{"@type":"BreadcrumbList","@id":"https:\/\/www.honlufoodtrailer.com\/product\/eight-meters-galvanized-food-trailer\/#breadcrumb","itemListElement":[{"@type":"ListItem","position":1,"name":"Home","item":"https:\/\/www.honlufoodtrailer.com\/"},{"@type":"ListItem","position":2,"name":"\u4ea7\u54c1","item":"https:\/\/www.honlufoodtrailer.com\/shop\/"},{"@type":"ListItem","position":3,"name":"Eight Meters Galvanized Food Trailer"}]},{"@type":"WebSite","@id":"https:\/\/www.honlufoodtrailer.com\/#website","url":"https:\/\/www.honlufoodtrailer.com\/","name":"Honlu-Lebensmittelanh\u00e4nger","description":"","publisher":{"@id":"https:\/\/www.honlufoodtrailer.com\/#organization"},"potentialAction":[{"@type":"SearchAction","target":{"@type":"EntryPoint","urlTemplate":"https:\/\/www.honlufoodtrailer.com\/?s={search_term_string}"},"query-input":{"@type":"PropertyValueSpecification","valueRequired":true,"valueName":"search_term_string"}}],"inLanguage":"de"},{"@type":"Organization","@id":"https:\/\/www.honlufoodtrailer.com\/#organization","name":"Honlu-Lebensmittelanh\u00e4nger","url":"https:\/\/www.honlufoodtrailer.com\/","logo":{"@type":"ImageObject","inLanguage":"de","@id":"https:\/\/www.honlufoodtrailer.com\/#\/schema\/logo\/image\/","url":"https:\/\/www.honlufoodtrailer.com\/wp-content\/uploads\/2021\/12\/2.gif","contentUrl":"https:\/\/www.honlufoodtrailer.com\/wp-content\/uploads\/2021\/12\/2.gif","width":350,"height":100,"caption":"Honlu food trailer"},"image":{"@id":"https:\/\/www.honlufoodtrailer.com\/#\/schema\/logo\/image\/"}}]}},"_links":{"self":[{"href":"https:\/\/www.honlufoodtrailer.com\/de\/wp-json\/wp\/v2\/product\/2650","targetHints":{"allow":["GET"]}}],"collection":[{"href":"https:\/\/www.honlufoodtrailer.com\/de\/wp-json\/wp\/v2\/product"}],"about":[{"href":"https:\/\/www.honlufoodtrailer.com\/de\/wp-json\/wp\/v2\/types\/product"}],"version-history":[{"count":0,"href":"https:\/\/www.honlufoodtrailer.com\/de\/wp-json\/wp\/v2\/product\/2650\/revisions"}],"wp:attachment":[{"href":"https:\/\/www.honlufoodtrailer.com\/de\/wp-json\/wp\/v2\/media?parent=2650"}],"wp:term":[{"taxonomy":"product_brand","embeddable":true,"href":"https:\/\/www.honlufoodtrailer.com\/de\/wp-json\/wp\/v2\/product_brand?post=2650"},{"taxonomy":"product_cat","embeddable":true,"href":"https:\/\/www.honlufoodtrailer.com\/de\/wp-json\/wp\/v2\/product_cat?post=2650"},{"taxonomy":"product_tag","embeddable":true,"href":"https:\/\/www.honlufoodtrailer.com\/de\/wp-json\/wp\/v2\/product_tag?post=2650"}],"curies":[{"name":"wp","href":"https:\/\/api.w.org\/{rel}","templated":true}]}}