{"id":2678,"date":"2022-02-23T15:05:59","date_gmt":"2022-02-23T07:05:59","guid":{"rendered":"https:\/\/www.honlufoodtrailer.com\/?post_type=product&#038;p=2678"},"modified":"2024-02-17T11:41:31","modified_gmt":"2024-02-17T03:41:31","slug":"customized-small-arc-food-carts","status":"publish","type":"product","link":"https:\/\/www.honlufoodtrailer.com\/de\/product\/customized-small-arc-food-carts\/","title":{"rendered":"Ma\u00dfgefertigte kleine bogenf\u00f6rmige Imbisswagen"},"content":{"rendered":"<p data-spm-anchor-id=\"a2700.wholesale.0.i28.29e52808agqc7f\">Hierbei handelt es sich um vier kleine, bogenf\u00f6rmige Imbisswagen, die von einem Kunden aus den USA individuell angefertigt wurden. Dieser Kunde hatte bereits einen quadratischen Imbisswagen nach Ma\u00df bei uns erworben. Er war mit unserem Service und der Qualit\u00e4t unserer Produkte sehr zufrieden. Um sein Gesch\u00e4ft auf dem lokalen Markt auszubauen, entschied er sich, vier weitere kleine, bogenf\u00f6rmige Imbisswagen zu kaufen.<\/p>\n<p data-spm-anchor-id=\"a2700.wholesale.0.i28.29e52808agqc7f\">The four arc-style food carts are of the same style, they are equipped with a side window, and the front service window is designed with a lift-up type.\u00a0 All these four carts are equipped with canopy facilities. The interior of the food carts are equipped with stainless steel countertops, gas stoves, three fryers, side-by-side range hoods, etc. In order to meet the needs of customers, we converted the original three sinks into two sinks to obtain a larger work surface and made the cabinet below an open structure for easy storage of items.<\/p>\n<p>Der gesamte Anh\u00e4nger ist kompakt und einfach zu bedienen. Er ist das bevorzugte Modell f\u00fcr die Gr\u00fcndung von Fast-Food-Gesch\u00e4ften, Gro\u00dfbestellungen in Einkaufszentren, die einheitliche Verwaltung von Stra\u00dfen-Fastfood und Familienpicknicks. Er kann auch f\u00fcr den Verkauf von Hot Dogs, Einzelhandelsgesch\u00e4ften, Blumengesch\u00e4ften, Sandwiches, Kaffee, Eiscreme usw. eingesetzt werden. Wir haben CE-zertifiziert, um Ihnen zu helfen, ein mobiles Gesch\u00e4ft zu starten.<\/p>\n<h3 class=\"magic-6\" data-spm-anchor-id=\"a2700.wholesale.0.i28.29e52808agqc7f\">Main Features of the small arc food trailer<\/h3>\n<div class=\"magic-7\">\n<div class=\"magic-8\">\n<div class=\"magic-9\" data-id=\"paragraph0\">\n<ol>\n<li>Das modische Aussehen kann individuell angepasst werden;<\/li>\n<li>Anh\u00e4ngerk\u00f6rper und innere Struktur aus Edelstahl, gute Hitzebest\u00e4ndigkeit, Verschlei\u00dffestigkeit und Korrosionsbest\u00e4ndigkeit;<\/li>\n<li>Modernes und fortschrittliches Zubeh\u00f6r im mobilen Food-Trailer;<\/li>\n<li>Lightweight and convenient to transport;<\/li>\n<li>Wir sind gerne bereit, sie nach Ihren W\u00fcnschen zu \u00e4ndern.<\/li>\n<\/ol>\n<h3>Kostenlose 2D\/3D-Grundrisszeichnung<\/h3>\n<p>Nach der Best\u00e4tigung der Abmessungen des Lebensmittelanh\u00e4ngers und der internen K\u00fcchenausstattung k\u00f6nnen wir Ihnen kostenlos 3D-Zeichnungen zur Verf\u00fcgung stellen. Dadurch erhalten Sie eine klarere Vorstellung von Ihrem Entwurf und Ihrem Lebensmittelwagen. Wenn wir den Standort der K\u00fcchenger\u00e4te best\u00e4tigen, k\u00f6nnen wir uns anhand des Grundrisses klar mit Ihnen verst\u00e4ndigen. Wir k\u00f6nnen Ihnen auch Originaldokumente zur Verf\u00fcgung stellen, um Ihre Planung zu erleichtern und Anpassungen vorzunehmen.<\/p>\n<\/div>\n<\/div>\n<\/div>","protected":false},"excerpt":{"rendered":"<p data-spm-anchor-id=\"a2700.wholesale.0.i28.29e52808agqc7f\">The four arc-style food carts are of the same style, they are equipped with a side window, and the front service window is designed with a lift-up type. In order to meet the needs of customers, we converted the original three sinks into two sinks to obtain a larger work surface and made the cabinet below an open structure for easy storage of items.<\/p>\n<p>&nbsp;<\/p>","protected":false},"featured_media":2687,"template":"","meta":{"_themeisle_gutenberg_block_has_review":false},"product_brand":[],"product_cat":[26],"product_tag":[43,33,41,45,38],"class_list":{"0":"post-2678","1":"product","2":"type-product","3":"status-publish","4":"has-post-thumbnail","6":"product_cat-product","7":"product_tag-arc-style-trailer","8":"product_tag-customized-trailer","9":"product_tag-galvanized-trailer","10":"product_tag-large-food-trailer","11":"product_tag-mobile-food-trailer","13":"first","14":"instock","15":"shipping-taxable","16":"product-type-simple"},"yoast_head":"<!-- This site is optimized with the Yoast SEO plugin v27.5 - https:\/\/yoast.com\/product\/yoast-seo-wordpress\/ -->\n<title>Customized small arc food carts - Honlu food trailer<\/title>\n<meta name=\"description\" content=\"The four arc-style food carts are of the same style, they are equipped with a side window, and the front service window is designed with a lift-up type. The interior of the food carts is equipped with stainless steel countertops, gas stoves, three fryers, side-by-side range hoods, etc. In order to meet the needs of customers, we converted the original three sinks into two sinks to obtain a larger work surface and made the cabinet below an open structure for easy storage of items.\" \/>\n<meta name=\"robots\" content=\"index, follow, max-snippet:-1, max-image-preview:large, max-video-preview:-1\" \/>\n<link rel=\"canonical\" href=\"https:\/\/www.honlufoodtrailer.com\/de\/product\/customized-small-arc-food-carts\/\" \/>\n<meta property=\"og:locale\" content=\"de_DE\" \/>\n<meta property=\"og:type\" content=\"article\" \/>\n<meta property=\"og:title\" content=\"Customized small arc food carts - Honlu food trailer\" \/>\n<meta property=\"og:description\" content=\"The four arc-style food carts are of the same style, they are equipped with a side window, and the front service window is designed with a lift-up type. The interior of the food carts is equipped with stainless steel countertops, gas stoves, three fryers, side-by-side range hoods, etc. In order to meet the needs of customers, we converted the original three sinks into two sinks to obtain a larger work surface and made the cabinet below an open structure for easy storage of items.\" \/>\n<meta property=\"og:url\" content=\"https:\/\/www.honlufoodtrailer.com\/de\/product\/customized-small-arc-food-carts\/\" \/>\n<meta property=\"og:site_name\" content=\"Honlu food trailer\" \/>\n<meta property=\"article:modified_time\" content=\"2024-02-17T03:41:31+00:00\" \/>\n<meta property=\"og:image\" content=\"https:\/\/www.honlufoodtrailer.com\/wp-content\/uploads\/2022\/02\/Customized-small-arc-food-carts-21-8138-1.jpg\" \/>\n\t<meta property=\"og:image:width\" content=\"720\" \/>\n\t<meta property=\"og:image:height\" content=\"540\" \/>\n\t<meta property=\"og:image:type\" content=\"image\/jpeg\" \/>\n<meta name=\"twitter:card\" content=\"summary_large_image\" \/>\n<meta name=\"twitter:label1\" content=\"Gesch\u00e4tzte Lesezeit\" \/>\n\t<meta name=\"twitter:data1\" content=\"2\u00a0Minuten\" \/>\n<script type=\"application\/ld+json\" class=\"yoast-schema-graph\">{\"@context\":\"https:\\\/\\\/schema.org\",\"@graph\":[{\"@type\":\"WebPage\",\"@id\":\"https:\\\/\\\/www.honlufoodtrailer.com\\\/product\\\/customized-small-arc-food-carts\\\/\",\"url\":\"https:\\\/\\\/www.honlufoodtrailer.com\\\/product\\\/customized-small-arc-food-carts\\\/\",\"name\":\"Customized small arc food carts - Honlu food trailer\",\"isPartOf\":{\"@id\":\"https:\\\/\\\/www.honlufoodtrailer.com\\\/#website\"},\"primaryImageOfPage\":{\"@id\":\"https:\\\/\\\/www.honlufoodtrailer.com\\\/product\\\/customized-small-arc-food-carts\\\/#primaryimage\"},\"image\":{\"@id\":\"https:\\\/\\\/www.honlufoodtrailer.com\\\/product\\\/customized-small-arc-food-carts\\\/#primaryimage\"},\"thumbnailUrl\":\"https:\\\/\\\/www.honlufoodtrailer.com\\\/wp-content\\\/uploads\\\/2022\\\/02\\\/Customized-small-arc-food-carts-21-8138-1.jpg\",\"datePublished\":\"2022-02-23T07:05:59+00:00\",\"dateModified\":\"2024-02-17T03:41:31+00:00\",\"description\":\"The four arc-style food carts are of the same style, they are equipped with a side window, and the front service window is designed with a lift-up type. The interior of the food carts is equipped with stainless steel countertops, gas stoves, three fryers, side-by-side range hoods, etc. In order to meet the needs of customers, we converted the original three sinks into two sinks to obtain a larger work surface and made the cabinet below an open structure for easy storage of items.\",\"breadcrumb\":{\"@id\":\"https:\\\/\\\/www.honlufoodtrailer.com\\\/product\\\/customized-small-arc-food-carts\\\/#breadcrumb\"},\"inLanguage\":\"de\",\"potentialAction\":[{\"@type\":\"ReadAction\",\"target\":[\"https:\\\/\\\/www.honlufoodtrailer.com\\\/product\\\/customized-small-arc-food-carts\\\/\"]}]},{\"@type\":\"ImageObject\",\"inLanguage\":\"de\",\"@id\":\"https:\\\/\\\/www.honlufoodtrailer.com\\\/product\\\/customized-small-arc-food-carts\\\/#primaryimage\",\"url\":\"https:\\\/\\\/www.honlufoodtrailer.com\\\/wp-content\\\/uploads\\\/2022\\\/02\\\/Customized-small-arc-food-carts-21-8138-1.jpg\",\"contentUrl\":\"https:\\\/\\\/www.honlufoodtrailer.com\\\/wp-content\\\/uploads\\\/2022\\\/02\\\/Customized-small-arc-food-carts-21-8138-1.jpg\",\"width\":720,\"height\":540,\"caption\":\"Customized small arc food carts-21-8138 (1)\"},{\"@type\":\"BreadcrumbList\",\"@id\":\"https:\\\/\\\/www.honlufoodtrailer.com\\\/product\\\/customized-small-arc-food-carts\\\/#breadcrumb\",\"itemListElement\":[{\"@type\":\"ListItem\",\"position\":1,\"name\":\"Home\",\"item\":\"https:\\\/\\\/www.honlufoodtrailer.com\\\/\"},{\"@type\":\"ListItem\",\"position\":2,\"name\":\"\u4ea7\u54c1\",\"item\":\"https:\\\/\\\/www.honlufoodtrailer.com\\\/shop\\\/\"},{\"@type\":\"ListItem\",\"position\":3,\"name\":\"Customized small arc food carts\"}]},{\"@type\":\"WebSite\",\"@id\":\"https:\\\/\\\/www.honlufoodtrailer.com\\\/#website\",\"url\":\"https:\\\/\\\/www.honlufoodtrailer.com\\\/\",\"name\":\"Honlu food trailer\",\"description\":\"\",\"publisher\":{\"@id\":\"https:\\\/\\\/www.honlufoodtrailer.com\\\/#organization\"},\"potentialAction\":[{\"@type\":\"SearchAction\",\"target\":{\"@type\":\"EntryPoint\",\"urlTemplate\":\"https:\\\/\\\/www.honlufoodtrailer.com\\\/?s={search_term_string}\"},\"query-input\":{\"@type\":\"PropertyValueSpecification\",\"valueRequired\":true,\"valueName\":\"search_term_string\"}}],\"inLanguage\":\"de\"},{\"@type\":\"Organization\",\"@id\":\"https:\\\/\\\/www.honlufoodtrailer.com\\\/#organization\",\"name\":\"Honlu food trailer\",\"url\":\"https:\\\/\\\/www.honlufoodtrailer.com\\\/\",\"logo\":{\"@type\":\"ImageObject\",\"inLanguage\":\"de\",\"@id\":\"https:\\\/\\\/www.honlufoodtrailer.com\\\/#\\\/schema\\\/logo\\\/image\\\/\",\"url\":\"https:\\\/\\\/www.honlufoodtrailer.com\\\/wp-content\\\/uploads\\\/2021\\\/12\\\/2.gif\",\"contentUrl\":\"https:\\\/\\\/www.honlufoodtrailer.com\\\/wp-content\\\/uploads\\\/2021\\\/12\\\/2.gif\",\"width\":350,\"height\":100,\"caption\":\"Honlu food trailer\"},\"image\":{\"@id\":\"https:\\\/\\\/www.honlufoodtrailer.com\\\/#\\\/schema\\\/logo\\\/image\\\/\"}}]}<\/script>\n<!-- \/ Yoast SEO plugin. -->","yoast_head_json":{"title":"Customized small arc food carts - Honlu food trailer","description":"The four arc-style food carts are of the same style, they are equipped with a side window, and the front service window is designed with a lift-up type. The interior of the food carts is equipped with stainless steel countertops, gas stoves, three fryers, side-by-side range hoods, etc. In order to meet the needs of customers, we converted the original three sinks into two sinks to obtain a larger work surface and made the cabinet below an open structure for easy storage of items.","robots":{"index":"index","follow":"follow","max-snippet":"max-snippet:-1","max-image-preview":"max-image-preview:large","max-video-preview":"max-video-preview:-1"},"canonical":"https:\/\/www.honlufoodtrailer.com\/de\/product\/customized-small-arc-food-carts\/","og_locale":"de_DE","og_type":"article","og_title":"Customized small arc food carts - Honlu food trailer","og_description":"The four arc-style food carts are of the same style, they are equipped with a side window, and the front service window is designed with a lift-up type. The interior of the food carts is equipped with stainless steel countertops, gas stoves, three fryers, side-by-side range hoods, etc. In order to meet the needs of customers, we converted the original three sinks into two sinks to obtain a larger work surface and made the cabinet below an open structure for easy storage of items.","og_url":"https:\/\/www.honlufoodtrailer.com\/de\/product\/customized-small-arc-food-carts\/","og_site_name":"Honlu food trailer","article_modified_time":"2024-02-17T03:41:31+00:00","og_image":[{"width":720,"height":540,"url":"https:\/\/www.honlufoodtrailer.com\/wp-content\/uploads\/2022\/02\/Customized-small-arc-food-carts-21-8138-1.jpg","type":"image\/jpeg"}],"twitter_card":"summary_large_image","twitter_misc":{"Gesch\u00e4tzte Lesezeit":"2\u00a0Minuten"},"schema":{"@context":"https:\/\/schema.org","@graph":[{"@type":"WebPage","@id":"https:\/\/www.honlufoodtrailer.com\/product\/customized-small-arc-food-carts\/","url":"https:\/\/www.honlufoodtrailer.com\/product\/customized-small-arc-food-carts\/","name":"Customized small arc food carts - Honlu food trailer","isPartOf":{"@id":"https:\/\/www.honlufoodtrailer.com\/#website"},"primaryImageOfPage":{"@id":"https:\/\/www.honlufoodtrailer.com\/product\/customized-small-arc-food-carts\/#primaryimage"},"image":{"@id":"https:\/\/www.honlufoodtrailer.com\/product\/customized-small-arc-food-carts\/#primaryimage"},"thumbnailUrl":"https:\/\/www.honlufoodtrailer.com\/wp-content\/uploads\/2022\/02\/Customized-small-arc-food-carts-21-8138-1.jpg","datePublished":"2022-02-23T07:05:59+00:00","dateModified":"2024-02-17T03:41:31+00:00","description":"The four arc-style food carts are of the same style, they are equipped with a side window, and the front service window is designed with a lift-up type. The interior of the food carts is equipped with stainless steel countertops, gas stoves, three fryers, side-by-side range hoods, etc. In order to meet the needs of customers, we converted the original three sinks into two sinks to obtain a larger work surface and made the cabinet below an open structure for easy storage of items.","breadcrumb":{"@id":"https:\/\/www.honlufoodtrailer.com\/product\/customized-small-arc-food-carts\/#breadcrumb"},"inLanguage":"de","potentialAction":[{"@type":"ReadAction","target":["https:\/\/www.honlufoodtrailer.com\/product\/customized-small-arc-food-carts\/"]}]},{"@type":"ImageObject","inLanguage":"de","@id":"https:\/\/www.honlufoodtrailer.com\/product\/customized-small-arc-food-carts\/#primaryimage","url":"https:\/\/www.honlufoodtrailer.com\/wp-content\/uploads\/2022\/02\/Customized-small-arc-food-carts-21-8138-1.jpg","contentUrl":"https:\/\/www.honlufoodtrailer.com\/wp-content\/uploads\/2022\/02\/Customized-small-arc-food-carts-21-8138-1.jpg","width":720,"height":540,"caption":"Customized small arc food carts-21-8138 (1)"},{"@type":"BreadcrumbList","@id":"https:\/\/www.honlufoodtrailer.com\/product\/customized-small-arc-food-carts\/#breadcrumb","itemListElement":[{"@type":"ListItem","position":1,"name":"Home","item":"https:\/\/www.honlufoodtrailer.com\/"},{"@type":"ListItem","position":2,"name":"\u4ea7\u54c1","item":"https:\/\/www.honlufoodtrailer.com\/shop\/"},{"@type":"ListItem","position":3,"name":"Customized small arc food carts"}]},{"@type":"WebSite","@id":"https:\/\/www.honlufoodtrailer.com\/#website","url":"https:\/\/www.honlufoodtrailer.com\/","name":"Honlu-Lebensmittelanh\u00e4nger","description":"","publisher":{"@id":"https:\/\/www.honlufoodtrailer.com\/#organization"},"potentialAction":[{"@type":"SearchAction","target":{"@type":"EntryPoint","urlTemplate":"https:\/\/www.honlufoodtrailer.com\/?s={search_term_string}"},"query-input":{"@type":"PropertyValueSpecification","valueRequired":true,"valueName":"search_term_string"}}],"inLanguage":"de"},{"@type":"Organization","@id":"https:\/\/www.honlufoodtrailer.com\/#organization","name":"Honlu-Lebensmittelanh\u00e4nger","url":"https:\/\/www.honlufoodtrailer.com\/","logo":{"@type":"ImageObject","inLanguage":"de","@id":"https:\/\/www.honlufoodtrailer.com\/#\/schema\/logo\/image\/","url":"https:\/\/www.honlufoodtrailer.com\/wp-content\/uploads\/2021\/12\/2.gif","contentUrl":"https:\/\/www.honlufoodtrailer.com\/wp-content\/uploads\/2021\/12\/2.gif","width":350,"height":100,"caption":"Honlu food trailer"},"image":{"@id":"https:\/\/www.honlufoodtrailer.com\/#\/schema\/logo\/image\/"}}]}},"_links":{"self":[{"href":"https:\/\/www.honlufoodtrailer.com\/de\/wp-json\/wp\/v2\/product\/2678","targetHints":{"allow":["GET"]}}],"collection":[{"href":"https:\/\/www.honlufoodtrailer.com\/de\/wp-json\/wp\/v2\/product"}],"about":[{"href":"https:\/\/www.honlufoodtrailer.com\/de\/wp-json\/wp\/v2\/types\/product"}],"version-history":[{"count":0,"href":"https:\/\/www.honlufoodtrailer.com\/de\/wp-json\/wp\/v2\/product\/2678\/revisions"}],"wp:featuredmedia":[{"embeddable":true,"href":"https:\/\/www.honlufoodtrailer.com\/de\/wp-json\/wp\/v2\/media\/2687"}],"wp:attachment":[{"href":"https:\/\/www.honlufoodtrailer.com\/de\/wp-json\/wp\/v2\/media?parent=2678"}],"wp:term":[{"taxonomy":"product_brand","embeddable":true,"href":"https:\/\/www.honlufoodtrailer.com\/de\/wp-json\/wp\/v2\/product_brand?post=2678"},{"taxonomy":"product_cat","embeddable":true,"href":"https:\/\/www.honlufoodtrailer.com\/de\/wp-json\/wp\/v2\/product_cat?post=2678"},{"taxonomy":"product_tag","embeddable":true,"href":"https:\/\/www.honlufoodtrailer.com\/de\/wp-json\/wp\/v2\/product_tag?post=2678"}],"curies":[{"name":"wp","href":"https:\/\/api.w.org\/{rel}","templated":true}]}}