{"id":2814,"date":"2022-02-10T16:48:36","date_gmt":"2022-02-10T08:48:36","guid":{"rendered":"https:\/\/www.honlufoodtrailer.com\/?post_type=product&#038;p=2814"},"modified":"2024-05-31T17:43:33","modified_gmt":"2024-05-31T09:43:33","slug":"square-food-trailer-with-double-lift-window","status":"publish","type":"product","link":"https:\/\/www.honlufoodtrailer.com\/de\/product\/square-food-trailer-with-double-lift-window\/","title":{"rendered":"Quadratischer Lebensmittelanh\u00e4nger mit doppeltem Hebefenster"},"content":{"rendered":"<p data-spm-anchor-id=\"a2700.wholesale.0.i28.29e52808agqc7f\">Sind Sie auf der Suche nach einem kleinen quadratischen Lebensmittelanh\u00e4nger, um Ihr Gesch\u00e4ft mit Lebensmittelanh\u00e4ngern zu starten? Sehen Sie sich diese 4m Platz Lebensmittel Anh\u00e4nger haben wir f\u00fcr einen unserer Kunden angepasst. Wie Sie auf den Bildern unten sehen k\u00f6nnen, handelt es sich um einen quadratischen Lebensmittelanh\u00e4nger mit doppeltem Hubfenster an der Vorderseite. Die gro\u00dfen Fenster sind f\u00fcr die Kunden sehr praktisch, um die Mahlzeiten abzuholen. Sehen wir uns nun einige Bilder davon an!<\/p>\n<p data-spm-anchor-id=\"a2700.wholesale.0.i28.29e52808agqc7f\"><img fetchpriority=\"high\" decoding=\"async\" class=\"aligncenter size-full wp-image-2821\" src=\"https:\/\/www.honlufoodtrailer.com\/wp-content\/uploads\/2022\/02\/Square-food-trailer-with-double-lift-window-21-8110-7.jpg\" alt=\"Quadratischer Lebensmittelanh\u00e4nger mit doppeltem Hubfenster-21-8110 (7)\" width=\"720\" height=\"540\" srcset=\"https:\/\/www.honlufoodtrailer.com\/wp-content\/uploads\/2022\/02\/Square-food-trailer-with-double-lift-window-21-8110-7.jpg 720w, https:\/\/www.honlufoodtrailer.com\/wp-content\/uploads\/2022\/02\/Square-food-trailer-with-double-lift-window-21-8110-7-300x225.jpg 300w\" sizes=\"(max-width: 720px) 100vw, 720px\" \/> <img decoding=\"async\" class=\"aligncenter size-full wp-image-2815\" src=\"https:\/\/www.honlufoodtrailer.com\/wp-content\/uploads\/2022\/02\/Square-food-trailer-with-double-lift-window-21-8110-1.jpg\" alt=\"Quadratischer Lebensmittelanh\u00e4nger mit doppeltem Hubfenster-21-8110 (1)\" width=\"720\" height=\"540\" srcset=\"https:\/\/www.honlufoodtrailer.com\/wp-content\/uploads\/2022\/02\/Square-food-trailer-with-double-lift-window-21-8110-1.jpg 720w, https:\/\/www.honlufoodtrailer.com\/wp-content\/uploads\/2022\/02\/Square-food-trailer-with-double-lift-window-21-8110-1-300x225.jpg 300w\" sizes=\"(max-width: 720px) 100vw, 720px\" \/><\/p>\n<p data-spm-anchor-id=\"a2700.wholesale.0.i28.29e52808agqc7f\">Quadratische Food-Trailer sind sehr beliebt. Viele unserer Kunden entscheiden sich f\u00fcr sie. Sie haben eine einfache Form und Kunden k\u00f6nnen sie in ihrem Lieblingsstil dekorieren. Als professioneller Hersteller und Exporteur von Lebensmittelanh\u00e4ngern mit mehr als 10 Jahren Erfahrung wird Henan Honlu Ihnen helfen, Ihren Lebensmittelanh\u00e4nger in dem von Ihnen gew\u00fcnschten Stil zu gestalten. Die Gr\u00f6\u00dfe, die Farbe des Aufbaus, die Aufkleber, die Beschilderung und die K\u00fcchenausstattung des Lebensmittelanh\u00e4ngers k\u00f6nnen angepasst werden.<\/p>\n<p data-spm-anchor-id=\"a2700.wholesale.0.i28.29e52808agqc7f\"><img decoding=\"async\" class=\"aligncenter size-full wp-image-2820\" src=\"https:\/\/www.honlufoodtrailer.com\/wp-content\/uploads\/2022\/02\/Square-food-trailer-with-double-lift-window-21-8110-6.jpg\" alt=\"Quadratischer Lebensmittelanh\u00e4nger mit doppeltem Hubfenster-21-8110 (6)\" width=\"720\" height=\"540\" srcset=\"https:\/\/www.honlufoodtrailer.com\/wp-content\/uploads\/2022\/02\/Square-food-trailer-with-double-lift-window-21-8110-6.jpg 720w, https:\/\/www.honlufoodtrailer.com\/wp-content\/uploads\/2022\/02\/Square-food-trailer-with-double-lift-window-21-8110-6-300x225.jpg 300w\" sizes=\"(max-width: 720px) 100vw, 720px\" \/> <img loading=\"lazy\" decoding=\"async\" class=\"aligncenter size-full wp-image-2817\" src=\"https:\/\/www.honlufoodtrailer.com\/wp-content\/uploads\/2022\/02\/Square-food-trailer-with-double-lift-window-21-8110-3.jpg\" alt=\"Quadratischer Lebensmittelanh\u00e4nger mit doppeltem Hubfenster-21-8110 (3)\" width=\"720\" height=\"540\" srcset=\"https:\/\/www.honlufoodtrailer.com\/wp-content\/uploads\/2022\/02\/Square-food-trailer-with-double-lift-window-21-8110-3.jpg 720w, https:\/\/www.honlufoodtrailer.com\/wp-content\/uploads\/2022\/02\/Square-food-trailer-with-double-lift-window-21-8110-3-300x225.jpg 300w\" sizes=\"(max-width: 720px) 100vw, 720px\" \/><\/p>\n<p>Der gesamte Anh\u00e4nger ist kompakt und einfach zu bedienen. Er ist eine gute Wahl f\u00fcr den Start von Fast-Food-Gesch\u00e4ften. Sie k\u00f6nnen diesen 4m quadratischen Lebensmittelanh\u00e4nger verwenden, um alles zu verkaufen, was Sie m\u00f6gen, wie Fast Food, Kaffee, Getr\u00e4nke, Blumen, Kleidung usw. Unser professionelles Verkaufs- und Produktionsteam wird Ihnen auf der ganzen Reise helfen. Also, z\u00f6gern Sie nicht, uns zu kontaktieren und uns Ihre detaillierten Anforderungen mitzuteilen!<\/p>\n<h3 class=\"magic-6\" data-spm-anchor-id=\"a2700.wholesale.0.i28.29e52808agqc7f\">Hauptmerkmale des Square Food Trailers<\/h3>\n<div class=\"magic-7\">\n<div class=\"magic-8\">\n<div class=\"magic-9\" data-id=\"paragraph0\">\n<ol>\n<li>Das modische Aussehen kann individuell angepasst werden;<\/li>\n<li>Anh\u00e4ngeraufbau und innere Struktur aus rostfreiem Stahl;<\/li>\n<li>Kompakte Struktur, leicht zu transportieren;<\/li>\n<li>Es hat einen angemessenen und wettbewerbsf\u00e4higen Preis;<\/li>\n<li>Wir sind gerne bereit, sie nach Ihren W\u00fcnschen zu \u00e4ndern.<img loading=\"lazy\" decoding=\"async\" class=\"aligncenter size-full wp-image-2816\" src=\"https:\/\/www.honlufoodtrailer.com\/wp-content\/uploads\/2022\/02\/Square-food-trailer-with-double-lift-window-21-8110-2.jpg\" alt=\"Quadratischer Lebensmittelanh\u00e4nger mit doppeltem Hubfenster-21-8110 (2)\" width=\"720\" height=\"540\" srcset=\"https:\/\/www.honlufoodtrailer.com\/wp-content\/uploads\/2022\/02\/Square-food-trailer-with-double-lift-window-21-8110-2.jpg 720w, https:\/\/www.honlufoodtrailer.com\/wp-content\/uploads\/2022\/02\/Square-food-trailer-with-double-lift-window-21-8110-2-300x225.jpg 300w\" sizes=\"(max-width: 720px) 100vw, 720px\" \/> <img loading=\"lazy\" decoding=\"async\" class=\"aligncenter size-full wp-image-2818\" src=\"https:\/\/www.honlufoodtrailer.com\/wp-content\/uploads\/2022\/02\/Square-food-trailer-with-double-lift-window-21-8110-4.jpg\" alt=\"Quadratischer Lebensmittelanh\u00e4nger mit doppeltem Hubfenster-21-8110 (4)\" width=\"720\" height=\"540\" srcset=\"https:\/\/www.honlufoodtrailer.com\/wp-content\/uploads\/2022\/02\/Square-food-trailer-with-double-lift-window-21-8110-4.jpg 720w, https:\/\/www.honlufoodtrailer.com\/wp-content\/uploads\/2022\/02\/Square-food-trailer-with-double-lift-window-21-8110-4-300x225.jpg 300w\" sizes=\"(max-width: 720px) 100vw, 720px\" \/><\/li>\n<\/ol>\n<h3>Kostenlose 2D\/3D-Grundriss-Zeichnung<\/h3>\n<p>F\u00fcr Kunden, die unseren Food-Trailer bestellt haben, bieten wir kostenlose 2D\/3D-Zeichnungen. Nach der Best\u00e4tigung der Abmessungen des Lebensmittelanh\u00e4ngers und der internen K\u00fcchenausstattung k\u00f6nnen wir Ihnen kostenlos 3D-Zeichnungen zur Verf\u00fcgung stellen. So k\u00f6nnen Sie sich ein genaueres Bild von Ihrem Entwurf und Ihrem Speisewagen machen. Wenn wir den Standort der K\u00fcchenger\u00e4te best\u00e4tigen, k\u00f6nnen wir uns anhand des Grundrisses klar mit Ihnen verst\u00e4ndigen. Wir k\u00f6nnen Ihnen auch Originaldokumente zur Verf\u00fcgung stellen, um Ihre Planung zu erleichtern und Anpassungen vorzunehmen.<\/p>\n<\/div>\n<\/div>\n<\/div>","protected":false},"excerpt":{"rendered":"<p data-spm-anchor-id=\"a2700.wholesale.0.i28.29e52808agqc7f\">Dies ist ein ma\u00dfgeschneiderter 4m schwarzer quadratischer Lebensmittelanh\u00e4nger. Das gesamte Fahrzeug ist aus Edelstahl gefertigt. Mit einer kompakten Struktur, ist es leicht zu bewegen. Was mehr ist, ist sein Preis angemessen und wettbewerbsf\u00e4hig. Wenn Sie ein Lebensmittel-Anh\u00e4nger-Gesch\u00e4ft mit einer kleinen Gr\u00f6\u00dfe Lebensmittel-Anh\u00e4nger zu starten, wird diese 4m Platz Lebensmittel-Anh\u00e4nger eine gute Wahl f\u00fcr Sie sein. Sie brauchen kein gro\u00dfes Budget, um Ihr Gesch\u00e4ft mit Lebensmittelanh\u00e4ngern zu beginnen. Wenn Sie interessiert sind oder Fragen haben, z\u00f6gern Sie nicht, uns jetzt zu kontaktieren!<\/p>","protected":false},"featured_media":2815,"template":"","meta":{"_themeisle_gutenberg_block_has_review":false},"product_brand":[],"product_cat":[26],"product_tag":[33,45,38,50],"class_list":{"0":"post-2814","1":"product","2":"type-product","3":"status-publish","4":"has-post-thumbnail","6":"product_cat-product","7":"product_tag-customized-trailer","8":"product_tag-large-food-trailer","9":"product_tag-mobile-food-trailer","10":"product_tag-standard-configuration","12":"first","13":"instock","14":"shipping-taxable","15":"product-type-simple"},"yoast_head":"<!-- This site is optimized with the Yoast SEO plugin v27.5 - https:\/\/yoast.com\/product\/yoast-seo-wordpress\/ -->\n<title>Square Food Trailer With Double Lift Window - Honlu food trailer<\/title>\n<meta name=\"description\" content=\"This is a standard black square food trailer. The whole vehicle adopts stainless steel body and operating table. It can be applied for selling anything from hot dogs, retail operations, flower operations, sandwiches, coffee, ice cream, etc. We have CE certified to help you to start a mobile business.\" \/>\n<meta name=\"robots\" content=\"index, follow, max-snippet:-1, max-image-preview:large, max-video-preview:-1\" \/>\n<link rel=\"canonical\" href=\"https:\/\/www.honlufoodtrailer.com\/de\/product\/square-food-trailer-with-double-lift-window\/\" \/>\n<meta property=\"og:locale\" content=\"de_DE\" \/>\n<meta property=\"og:type\" content=\"article\" \/>\n<meta property=\"og:title\" content=\"Square Food Trailer With Double Lift Window - Honlu food trailer\" \/>\n<meta property=\"og:description\" content=\"This is a standard black square food trailer. The whole vehicle adopts stainless steel body and operating table. It can be applied for selling anything from hot dogs, retail operations, flower operations, sandwiches, coffee, ice cream, etc. We have CE certified to help you to start a mobile business.\" \/>\n<meta property=\"og:url\" content=\"https:\/\/www.honlufoodtrailer.com\/de\/product\/square-food-trailer-with-double-lift-window\/\" \/>\n<meta property=\"og:site_name\" content=\"Honlu food trailer\" \/>\n<meta property=\"article:modified_time\" content=\"2024-05-31T09:43:33+00:00\" \/>\n<meta property=\"og:image\" content=\"https:\/\/www.honlufoodtrailer.com\/wp-content\/uploads\/2022\/02\/Square-food-trailer-with-double-lift-window-21-8110-1.jpg\" \/>\n\t<meta property=\"og:image:width\" content=\"720\" \/>\n\t<meta property=\"og:image:height\" content=\"540\" \/>\n\t<meta property=\"og:image:type\" content=\"image\/jpeg\" \/>\n<meta name=\"twitter:card\" content=\"summary_large_image\" \/>\n<meta name=\"twitter:label1\" content=\"Gesch\u00e4tzte Lesezeit\" \/>\n\t<meta name=\"twitter:data1\" content=\"2\u00a0Minuten\" \/>\n<script type=\"application\/ld+json\" class=\"yoast-schema-graph\">{\"@context\":\"https:\\\/\\\/schema.org\",\"@graph\":[{\"@type\":\"WebPage\",\"@id\":\"https:\\\/\\\/www.honlufoodtrailer.com\\\/product\\\/square-food-trailer-with-double-lift-window\\\/\",\"url\":\"https:\\\/\\\/www.honlufoodtrailer.com\\\/product\\\/square-food-trailer-with-double-lift-window\\\/\",\"name\":\"Square Food Trailer With Double Lift Window - Honlu food trailer\",\"isPartOf\":{\"@id\":\"https:\\\/\\\/www.honlufoodtrailer.com\\\/#website\"},\"primaryImageOfPage\":{\"@id\":\"https:\\\/\\\/www.honlufoodtrailer.com\\\/product\\\/square-food-trailer-with-double-lift-window\\\/#primaryimage\"},\"image\":{\"@id\":\"https:\\\/\\\/www.honlufoodtrailer.com\\\/product\\\/square-food-trailer-with-double-lift-window\\\/#primaryimage\"},\"thumbnailUrl\":\"https:\\\/\\\/www.honlufoodtrailer.com\\\/wp-content\\\/uploads\\\/2022\\\/02\\\/Square-food-trailer-with-double-lift-window-21-8110-1.jpg\",\"datePublished\":\"2022-02-10T08:48:36+00:00\",\"dateModified\":\"2024-05-31T09:43:33+00:00\",\"description\":\"This is a standard black square food trailer. The whole vehicle adopts stainless steel body and operating table. It can be applied for selling anything from hot dogs, retail operations, flower operations, sandwiches, coffee, ice cream, etc. We have CE certified to help you to start a mobile business.\",\"breadcrumb\":{\"@id\":\"https:\\\/\\\/www.honlufoodtrailer.com\\\/product\\\/square-food-trailer-with-double-lift-window\\\/#breadcrumb\"},\"inLanguage\":\"de\",\"potentialAction\":[{\"@type\":\"ReadAction\",\"target\":[\"https:\\\/\\\/www.honlufoodtrailer.com\\\/product\\\/square-food-trailer-with-double-lift-window\\\/\"]}]},{\"@type\":\"ImageObject\",\"inLanguage\":\"de\",\"@id\":\"https:\\\/\\\/www.honlufoodtrailer.com\\\/product\\\/square-food-trailer-with-double-lift-window\\\/#primaryimage\",\"url\":\"https:\\\/\\\/www.honlufoodtrailer.com\\\/wp-content\\\/uploads\\\/2022\\\/02\\\/Square-food-trailer-with-double-lift-window-21-8110-1.jpg\",\"contentUrl\":\"https:\\\/\\\/www.honlufoodtrailer.com\\\/wp-content\\\/uploads\\\/2022\\\/02\\\/Square-food-trailer-with-double-lift-window-21-8110-1.jpg\",\"width\":720,\"height\":540,\"caption\":\"Square food trailer with double lift window-21-8110 (1)\"},{\"@type\":\"BreadcrumbList\",\"@id\":\"https:\\\/\\\/www.honlufoodtrailer.com\\\/product\\\/square-food-trailer-with-double-lift-window\\\/#breadcrumb\",\"itemListElement\":[{\"@type\":\"ListItem\",\"position\":1,\"name\":\"Home\",\"item\":\"https:\\\/\\\/www.honlufoodtrailer.com\\\/\"},{\"@type\":\"ListItem\",\"position\":2,\"name\":\"\u4ea7\u54c1\",\"item\":\"https:\\\/\\\/www.honlufoodtrailer.com\\\/shop\\\/\"},{\"@type\":\"ListItem\",\"position\":3,\"name\":\"Square Food Trailer With Double Lift Window\"}]},{\"@type\":\"WebSite\",\"@id\":\"https:\\\/\\\/www.honlufoodtrailer.com\\\/#website\",\"url\":\"https:\\\/\\\/www.honlufoodtrailer.com\\\/\",\"name\":\"Honlu food trailer\",\"description\":\"\",\"publisher\":{\"@id\":\"https:\\\/\\\/www.honlufoodtrailer.com\\\/#organization\"},\"potentialAction\":[{\"@type\":\"SearchAction\",\"target\":{\"@type\":\"EntryPoint\",\"urlTemplate\":\"https:\\\/\\\/www.honlufoodtrailer.com\\\/?s={search_term_string}\"},\"query-input\":{\"@type\":\"PropertyValueSpecification\",\"valueRequired\":true,\"valueName\":\"search_term_string\"}}],\"inLanguage\":\"de\"},{\"@type\":\"Organization\",\"@id\":\"https:\\\/\\\/www.honlufoodtrailer.com\\\/#organization\",\"name\":\"Honlu food trailer\",\"url\":\"https:\\\/\\\/www.honlufoodtrailer.com\\\/\",\"logo\":{\"@type\":\"ImageObject\",\"inLanguage\":\"de\",\"@id\":\"https:\\\/\\\/www.honlufoodtrailer.com\\\/#\\\/schema\\\/logo\\\/image\\\/\",\"url\":\"https:\\\/\\\/www.honlufoodtrailer.com\\\/wp-content\\\/uploads\\\/2021\\\/12\\\/2.gif\",\"contentUrl\":\"https:\\\/\\\/www.honlufoodtrailer.com\\\/wp-content\\\/uploads\\\/2021\\\/12\\\/2.gif\",\"width\":350,\"height\":100,\"caption\":\"Honlu food trailer\"},\"image\":{\"@id\":\"https:\\\/\\\/www.honlufoodtrailer.com\\\/#\\\/schema\\\/logo\\\/image\\\/\"}}]}<\/script>\n<!-- \/ Yoast SEO plugin. -->","yoast_head_json":{"title":"Quadratischer Lebensmittelanh\u00e4nger mit doppeltem Hebefenster - Honlu Lebensmittelanh\u00e4nger","description":"Dies ist ein schwarzer, quadratischer Standard-Lebensmittelanh\u00e4nger. Das gesamte Fahrzeug besteht aus einem Edelstahlgeh\u00e4use und einem Arbeitstisch. Er kann f\u00fcr den Verkauf von Hot Dogs, Einzelhandelsgesch\u00e4ften, Blumengesch\u00e4ften, Sandwiches, Kaffee, Eiscreme usw. verwendet werden. Wir haben CE-zertifiziert, um Ihnen zu helfen, ein mobiles Gesch\u00e4ft zu starten.","robots":{"index":"index","follow":"follow","max-snippet":"max-snippet:-1","max-image-preview":"max-image-preview:large","max-video-preview":"max-video-preview:-1"},"canonical":"https:\/\/www.honlufoodtrailer.com\/de\/product\/square-food-trailer-with-double-lift-window\/","og_locale":"de_DE","og_type":"article","og_title":"Square Food Trailer With Double Lift Window - Honlu food trailer","og_description":"This is a standard black square food trailer. The whole vehicle adopts stainless steel body and operating table. It can be applied for selling anything from hot dogs, retail operations, flower operations, sandwiches, coffee, ice cream, etc. We have CE certified to help you to start a mobile business.","og_url":"https:\/\/www.honlufoodtrailer.com\/de\/product\/square-food-trailer-with-double-lift-window\/","og_site_name":"Honlu food trailer","article_modified_time":"2024-05-31T09:43:33+00:00","og_image":[{"width":720,"height":540,"url":"https:\/\/www.honlufoodtrailer.com\/wp-content\/uploads\/2022\/02\/Square-food-trailer-with-double-lift-window-21-8110-1.jpg","type":"image\/jpeg"}],"twitter_card":"summary_large_image","twitter_misc":{"Gesch\u00e4tzte Lesezeit":"2\u00a0Minuten"},"schema":{"@context":"https:\/\/schema.org","@graph":[{"@type":"WebPage","@id":"https:\/\/www.honlufoodtrailer.com\/product\/square-food-trailer-with-double-lift-window\/","url":"https:\/\/www.honlufoodtrailer.com\/product\/square-food-trailer-with-double-lift-window\/","name":"Quadratischer Lebensmittelanh\u00e4nger mit doppeltem Hebefenster - Honlu Lebensmittelanh\u00e4nger","isPartOf":{"@id":"https:\/\/www.honlufoodtrailer.com\/#website"},"primaryImageOfPage":{"@id":"https:\/\/www.honlufoodtrailer.com\/product\/square-food-trailer-with-double-lift-window\/#primaryimage"},"image":{"@id":"https:\/\/www.honlufoodtrailer.com\/product\/square-food-trailer-with-double-lift-window\/#primaryimage"},"thumbnailUrl":"https:\/\/www.honlufoodtrailer.com\/wp-content\/uploads\/2022\/02\/Square-food-trailer-with-double-lift-window-21-8110-1.jpg","datePublished":"2022-02-10T08:48:36+00:00","dateModified":"2024-05-31T09:43:33+00:00","description":"Dies ist ein schwarzer, quadratischer Standard-Lebensmittelanh\u00e4nger. Das gesamte Fahrzeug besteht aus einem Edelstahlgeh\u00e4use und einem Arbeitstisch. Er kann f\u00fcr den Verkauf von Hot Dogs, Einzelhandelsgesch\u00e4ften, Blumengesch\u00e4ften, Sandwiches, Kaffee, Eiscreme usw. verwendet werden. Wir haben CE-zertifiziert, um Ihnen zu helfen, ein mobiles Gesch\u00e4ft zu starten.","breadcrumb":{"@id":"https:\/\/www.honlufoodtrailer.com\/product\/square-food-trailer-with-double-lift-window\/#breadcrumb"},"inLanguage":"de","potentialAction":[{"@type":"ReadAction","target":["https:\/\/www.honlufoodtrailer.com\/product\/square-food-trailer-with-double-lift-window\/"]}]},{"@type":"ImageObject","inLanguage":"de","@id":"https:\/\/www.honlufoodtrailer.com\/product\/square-food-trailer-with-double-lift-window\/#primaryimage","url":"https:\/\/www.honlufoodtrailer.com\/wp-content\/uploads\/2022\/02\/Square-food-trailer-with-double-lift-window-21-8110-1.jpg","contentUrl":"https:\/\/www.honlufoodtrailer.com\/wp-content\/uploads\/2022\/02\/Square-food-trailer-with-double-lift-window-21-8110-1.jpg","width":720,"height":540,"caption":"Square food trailer with double lift window-21-8110 (1)"},{"@type":"BreadcrumbList","@id":"https:\/\/www.honlufoodtrailer.com\/product\/square-food-trailer-with-double-lift-window\/#breadcrumb","itemListElement":[{"@type":"ListItem","position":1,"name":"Home","item":"https:\/\/www.honlufoodtrailer.com\/"},{"@type":"ListItem","position":2,"name":"\u4ea7\u54c1","item":"https:\/\/www.honlufoodtrailer.com\/shop\/"},{"@type":"ListItem","position":3,"name":"Square Food Trailer With Double Lift Window"}]},{"@type":"WebSite","@id":"https:\/\/www.honlufoodtrailer.com\/#website","url":"https:\/\/www.honlufoodtrailer.com\/","name":"Honlu-Lebensmittelanh\u00e4nger","description":"","publisher":{"@id":"https:\/\/www.honlufoodtrailer.com\/#organization"},"potentialAction":[{"@type":"SearchAction","target":{"@type":"EntryPoint","urlTemplate":"https:\/\/www.honlufoodtrailer.com\/?s={search_term_string}"},"query-input":{"@type":"PropertyValueSpecification","valueRequired":true,"valueName":"search_term_string"}}],"inLanguage":"de"},{"@type":"Organization","@id":"https:\/\/www.honlufoodtrailer.com\/#organization","name":"Honlu-Lebensmittelanh\u00e4nger","url":"https:\/\/www.honlufoodtrailer.com\/","logo":{"@type":"ImageObject","inLanguage":"de","@id":"https:\/\/www.honlufoodtrailer.com\/#\/schema\/logo\/image\/","url":"https:\/\/www.honlufoodtrailer.com\/wp-content\/uploads\/2021\/12\/2.gif","contentUrl":"https:\/\/www.honlufoodtrailer.com\/wp-content\/uploads\/2021\/12\/2.gif","width":350,"height":100,"caption":"Honlu food trailer"},"image":{"@id":"https:\/\/www.honlufoodtrailer.com\/#\/schema\/logo\/image\/"}}]}},"_links":{"self":[{"href":"https:\/\/www.honlufoodtrailer.com\/de\/wp-json\/wp\/v2\/product\/2814","targetHints":{"allow":["GET"]}}],"collection":[{"href":"https:\/\/www.honlufoodtrailer.com\/de\/wp-json\/wp\/v2\/product"}],"about":[{"href":"https:\/\/www.honlufoodtrailer.com\/de\/wp-json\/wp\/v2\/types\/product"}],"version-history":[{"count":0,"href":"https:\/\/www.honlufoodtrailer.com\/de\/wp-json\/wp\/v2\/product\/2814\/revisions"}],"wp:featuredmedia":[{"embeddable":true,"href":"https:\/\/www.honlufoodtrailer.com\/de\/wp-json\/wp\/v2\/media\/2815"}],"wp:attachment":[{"href":"https:\/\/www.honlufoodtrailer.com\/de\/wp-json\/wp\/v2\/media?parent=2814"}],"wp:term":[{"taxonomy":"product_brand","embeddable":true,"href":"https:\/\/www.honlufoodtrailer.com\/de\/wp-json\/wp\/v2\/product_brand?post=2814"},{"taxonomy":"product_cat","embeddable":true,"href":"https:\/\/www.honlufoodtrailer.com\/de\/wp-json\/wp\/v2\/product_cat?post=2814"},{"taxonomy":"product_tag","embeddable":true,"href":"https:\/\/www.honlufoodtrailer.com\/de\/wp-json\/wp\/v2\/product_tag?post=2814"}],"curies":[{"name":"wp","href":"https:\/\/api.w.org\/{rel}","templated":true}]}}