{"id":3502,"date":"2022-03-18T09:19:55","date_gmt":"2022-03-18T01:19:55","guid":{"rendered":"https:\/\/www.honlufoodtrailer.com\/?post_type=product&#038;p=3502"},"modified":"2022-04-02T14:20:16","modified_gmt":"2022-04-02T06:20:16","slug":"customized-5-8m-coffee-trailer","status":"publish","type":"product","link":"https:\/\/www.honlufoodtrailer.com\/de\/product\/customized-5-8m-coffee-trailer\/","title":{"rendered":"Kundenspezifischer 5.8M Kaffee-Anh\u00e4nger"},"content":{"rendered":"<p data-spm-anchor-id=\"a2700.wholesale.0.i28.29e52808agqc7f\">Dies ist ein ma\u00dfgeschneiderter 5.8M Kaffeeanh\u00e4nger, der Aufbau und die Innenausstattung sind aus Edelstahl. Die Plattformen auf beiden Seiten k\u00f6nnen abgesenkt werden, die verwendet werden k\u00f6nnen, um einige Tische und St\u00fchle, Werbetafeln, Lebensmittelregale, etc. zu platzieren. Aufgrund seines speziellen Designs eignet er sich sehr gut f\u00fcr den Verkauf von Lebensmitteln wie Kaffee, Burger, Hot Dogs, Sandwiches usw.  Der gesamte Anh\u00e4nger ist kompakt und einfach zu bedienen. Er ist das bevorzugte Modell f\u00fcr den Start von Fast-Food-Gesch\u00e4ften.<\/p>\n<h2>Die Struktur des Kaffeeanh\u00e4ngers<\/h2>\n<p>Die Arbeitsfl\u00e4che, das Staufach und die Sp\u00fcle sind aus rostfreiem Stahl gefertigt. Die Arbeitsplatte ist mit Stimmungslichtern und verschiebbaren Scheinwerfern ausgestattet und hat eine sehr sch\u00f6ne Nachtansicht.<\/p>\n<figure id=\"attachment_4129\" aria-describedby=\"caption-attachment-4129\" style=\"width: 720px\" class=\"wp-caption aligncenter\"><img fetchpriority=\"high\" decoding=\"async\" class=\"size-full wp-image-4129\" src=\"https:\/\/www.honlufoodtrailer.com\/wp-content\/uploads\/2022\/03\/Inner-structure-1.jpg\" alt=\"Innere Struktur des ma\u00dfgeschneiderten 5,8 m langen Kaffeeanh\u00e4ngers\" width=\"720\" height=\"540\" srcset=\"https:\/\/www.honlufoodtrailer.com\/wp-content\/uploads\/2022\/03\/Inner-structure-1.jpg 720w, https:\/\/www.honlufoodtrailer.com\/wp-content\/uploads\/2022\/03\/Inner-structure-1-480x360.jpg 480w, https:\/\/www.honlufoodtrailer.com\/wp-content\/uploads\/2022\/03\/Inner-structure-1-300x225.jpg 300w\" sizes=\"(max-width: 720px) 100vw, 720px\" \/><figcaption id=\"caption-attachment-4129\" class=\"wp-caption-text\">Innere Struktur<\/figcaption><\/figure>\n<p>Die gr\u00f6\u00dfte Besonderheit des gesamten Anh\u00e4ngers ist die anhebbare Gesch\u00e4ftsplattform auf beiden Seiten, die f\u00fcr verschiedene Unternehmen unterschiedlich genutzt werden kann. Es kann nicht nur verwendet werden, um einige Tische und St\u00fchle zu platzieren, um den Kunden das Sitzen zu erleichtern, sondern es kann auch verwendet werden, um einige Speisekartenst\u00e4nder und Gesch\u00e4ftswerbungstafeln zu platzieren. Bei einigen Veranstaltungen k\u00f6nnen die doppelten Hebeb\u00fchnen Ihnen helfen, mehr Kunden anzuziehen.<\/p>\n<figure id=\"attachment_4131\" aria-describedby=\"caption-attachment-4131\" style=\"width: 720px\" class=\"wp-caption aligncenter\"><img decoding=\"async\" class=\"size-full wp-image-4131\" src=\"https:\/\/www.honlufoodtrailer.com\/wp-content\/uploads\/2022\/03\/Side-platform-Second-floor.jpg\" alt=\"Seitenplattform und zweite Etage des ma\u00dfgeschneiderten Kaffeeanh\u00e4ngers\" width=\"720\" height=\"540\" srcset=\"https:\/\/www.honlufoodtrailer.com\/wp-content\/uploads\/2022\/03\/Side-platform-Second-floor.jpg 720w, https:\/\/www.honlufoodtrailer.com\/wp-content\/uploads\/2022\/03\/Side-platform-Second-floor-480x360.jpg 480w, https:\/\/www.honlufoodtrailer.com\/wp-content\/uploads\/2022\/03\/Side-platform-Second-floor-300x225.jpg 300w\" sizes=\"(max-width: 720px) 100vw, 720px\" \/><figcaption id=\"caption-attachment-4131\" class=\"wp-caption-text\">Seitenb\u00fchne &amp; Zweiter Stock<\/figcaption><\/figure>\n<p>Alle Ger\u00e4te im Inneren sind aus rostfreiem Stahl, die wir f\u00fcr unsere Kunden ma\u00dfgefertigt haben, darunter vier Sp\u00fclbecken, der Gasherd, die Friteuse, der W\u00e4rmeschrank, die Dunstabzugshaube, usw.<\/p>\n<figure id=\"attachment_4130\" aria-describedby=\"caption-attachment-4130\" style=\"width: 720px\" class=\"wp-caption aligncenter\"><img decoding=\"async\" class=\"size-full wp-image-4130\" src=\"https:\/\/www.honlufoodtrailer.com\/wp-content\/uploads\/2022\/03\/Kutchen-equipmentRange-hood.jpg\" alt=\"Kutchen-Ausstattung&amp;Die Motorhaube des ma\u00dfgeschneiderten 5.8M Ciffee-Trailers\" width=\"720\" height=\"540\" srcset=\"https:\/\/www.honlufoodtrailer.com\/wp-content\/uploads\/2022\/03\/Kutchen-equipmentRange-hood.jpg 720w, https:\/\/www.honlufoodtrailer.com\/wp-content\/uploads\/2022\/03\/Kutchen-equipmentRange-hood-480x360.jpg 480w, https:\/\/www.honlufoodtrailer.com\/wp-content\/uploads\/2022\/03\/Kutchen-equipmentRange-hood-300x225.jpg 300w\" sizes=\"(max-width: 720px) 100vw, 720px\" \/><figcaption id=\"caption-attachment-4130\" class=\"wp-caption-text\">K\u00fcchenausstattung&amp;Dunstabzugshaube<\/figcaption><\/figure>\n<h3 class=\"elementor-image-box-title\"><\/h3>\n<div class=\"magic-7\">\n<div class=\"magic-8\">\n<div class=\"magic-9\" data-id=\"paragraph0\">\n<h2>Hauptmerkmale des Kaffeeanh\u00e4ngers<\/h2>\n<h3 class=\"elementor-image-box-title\">1. Sch\u00f6ne Nachtansicht<\/h3>\n<p class=\"elementor-image-box-description\">Die gesamte Fahrzeugbeleuchtung macht Ihren Anh\u00e4nger auch bei Nacht zum attraktiven Star.<\/p>\n<h3 class=\"elementor-image-box-title\">2. Einfache Installation<\/h3>\n<p class=\"elementor-image-box-description\">Ausgestattet mit einem vollst\u00e4ndigen Satz von Installationsvideos bieten die Techniker eine pers\u00f6nliche Fernberatung an, damit Sie Ihr Gesch\u00e4ft sofort starten k\u00f6nnen.<\/p>\n<h3 class=\"elementor-image-box-title\">3. Ma\u00dfgeschneiderter Service<\/h3>\n<p class=\"elementor-image-box-description\">Der gesamte Anh\u00e4nger, einschlie\u00dflich Aussehen, Stil, Zubeh\u00f6r und Zusatzausr\u00fcstung, kann individuell gestaltet werden. So haben Sie Ihren eigenen exklusiven Speisewagen.<\/p>\n<h2>Kostenlose 2D\/3D-Grundrisszeichnung<\/h2>\n<p>Nach der Best\u00e4tigung der Abmessungen des Lebensmittelanh\u00e4ngers und der internen K\u00fcchenausstattung k\u00f6nnen wir Ihnen kostenlos 3D-Zeichnungen zur Verf\u00fcgung stellen. Dadurch erhalten Sie eine klarere Vorstellung von Ihrem Entwurf und Ihrem Lebensmittelwagen. Wenn wir den Standort der K\u00fcchenger\u00e4te best\u00e4tigen, k\u00f6nnen wir uns anhand des Grundrisses klar mit Ihnen verst\u00e4ndigen. Wir k\u00f6nnen Ihnen auch Originaldokumente zur Verf\u00fcgung stellen, um Ihre Planung zu erleichtern und Anpassungen vorzunehmen.<\/p>\n<\/div>\n<\/div>\n<\/div>","protected":false},"excerpt":{"rendered":"<p data-spm-anchor-id=\"a2700.wholesale.0.i28.29e52808agqc7f\">Dies ist ein ma\u00dfgeschneiderter 5.8M Kaffeeanh\u00e4nger, der Aufbau und die Innenausstattung sind aus Edelstahl. Die Plattformen auf beiden Seiten k\u00f6nnen abgesenkt werden, die verwendet werden k\u00f6nnen, um einige Tische und St\u00fchle, Werbetafeln, Lebensmittelregale, etc. zu platzieren. Aufgrund seines speziellen Designs eignet er sich sehr gut f\u00fcr den Verkauf von Lebensmitteln wie Kaffee, Burger, Hot Dogs, Sandwiches usw.  Der gesamte Anh\u00e4nger ist kompakt und einfach zu bedienen. Er ist das bevorzugte Modell f\u00fcr den Start von Fast-Food-Gesch\u00e4ften.<\/p>","protected":false},"featured_media":3503,"template":"","meta":{"_themeisle_gutenberg_block_has_review":false},"product_brand":[],"product_cat":[26],"product_tag":[33,45,38,51,50],"class_list":{"0":"post-3502","1":"product","2":"type-product","3":"status-publish","4":"has-post-thumbnail","6":"product_cat-product","7":"product_tag-customized-trailer","8":"product_tag-large-food-trailer","9":"product_tag-mobile-food-trailer","10":"product_tag-square-food-trailer","11":"product_tag-standard-configuration","13":"first","14":"instock","15":"shipping-taxable","16":"product-type-simple"},"yoast_head":"<!-- This site is optimized with the Yoast SEO plugin v27.5 - https:\/\/yoast.com\/product\/yoast-seo-wordpress\/ -->\n<title>Customized 5.8M coffee trailer - Honlu food trailer<\/title>\n<meta name=\"description\" content=\"This is a customized 5.8M coffee trailer, the body and interior are made of stainless steel. The platforms on both sides can be lowered, which can be used to place some tables and chairs, publicity boards, food racks, etc. Due to its special design, it is very suitable for selling some food such as coffee, burgers, hot dogs, sandwiches, etc.\u00a0 The whole trailer is compact and easy to use. It is the preferred model for starting fast-food businesses.\" \/>\n<meta name=\"robots\" content=\"index, follow, max-snippet:-1, max-image-preview:large, max-video-preview:-1\" \/>\n<link rel=\"canonical\" href=\"https:\/\/www.honlufoodtrailer.com\/de\/product\/customized-5-8m-coffee-trailer\/\" \/>\n<meta property=\"og:locale\" content=\"de_DE\" \/>\n<meta property=\"og:type\" content=\"article\" \/>\n<meta property=\"og:title\" content=\"Customized 5.8M coffee trailer - Honlu food trailer\" \/>\n<meta property=\"og:description\" content=\"This is a customized 5.8M coffee trailer, the body and interior are made of stainless steel. The platforms on both sides can be lowered, which can be used to place some tables and chairs, publicity boards, food racks, etc. Due to its special design, it is very suitable for selling some food such as coffee, burgers, hot dogs, sandwiches, etc.\u00a0 The whole trailer is compact and easy to use. It is the preferred model for starting fast-food businesses.\" \/>\n<meta property=\"og:url\" content=\"https:\/\/www.honlufoodtrailer.com\/de\/product\/customized-5-8m-coffee-trailer\/\" \/>\n<meta property=\"og:site_name\" content=\"Honlu food trailer\" \/>\n<meta property=\"article:modified_time\" content=\"2022-04-02T06:20:16+00:00\" \/>\n<meta property=\"og:image\" content=\"https:\/\/www.honlufoodtrailer.com\/wp-content\/uploads\/2022\/03\/Customized-5.8M-coffee-trailer-1.jpg\" \/>\n\t<meta property=\"og:image:width\" content=\"720\" \/>\n\t<meta property=\"og:image:height\" content=\"540\" \/>\n\t<meta property=\"og:image:type\" content=\"image\/jpeg\" \/>\n<meta name=\"twitter:card\" content=\"summary_large_image\" \/>\n<meta name=\"twitter:label1\" content=\"Gesch\u00e4tzte Lesezeit\" \/>\n\t<meta name=\"twitter:data1\" content=\"3\u00a0Minuten\" \/>\n<script type=\"application\/ld+json\" class=\"yoast-schema-graph\">{\"@context\":\"https:\\\/\\\/schema.org\",\"@graph\":[{\"@type\":\"WebPage\",\"@id\":\"https:\\\/\\\/www.honlufoodtrailer.com\\\/product\\\/customized-5-8m-coffee-trailer\\\/\",\"url\":\"https:\\\/\\\/www.honlufoodtrailer.com\\\/product\\\/customized-5-8m-coffee-trailer\\\/\",\"name\":\"Customized 5.8M coffee trailer - Honlu food trailer\",\"isPartOf\":{\"@id\":\"https:\\\/\\\/www.honlufoodtrailer.com\\\/#website\"},\"primaryImageOfPage\":{\"@id\":\"https:\\\/\\\/www.honlufoodtrailer.com\\\/product\\\/customized-5-8m-coffee-trailer\\\/#primaryimage\"},\"image\":{\"@id\":\"https:\\\/\\\/www.honlufoodtrailer.com\\\/product\\\/customized-5-8m-coffee-trailer\\\/#primaryimage\"},\"thumbnailUrl\":\"https:\\\/\\\/www.honlufoodtrailer.com\\\/wp-content\\\/uploads\\\/2022\\\/03\\\/Customized-5.8M-coffee-trailer-1.jpg\",\"datePublished\":\"2022-03-18T01:19:55+00:00\",\"dateModified\":\"2022-04-02T06:20:16+00:00\",\"description\":\"This is a customized 5.8M coffee trailer, the body and interior are made of stainless steel. The platforms on both sides can be lowered, which can be used to place some tables and chairs, publicity boards, food racks, etc. Due to its special design, it is very suitable for selling some food such as coffee, burgers, hot dogs, sandwiches, etc.\u00a0 The whole trailer is compact and easy to use. It is the preferred model for starting fast-food businesses.\",\"breadcrumb\":{\"@id\":\"https:\\\/\\\/www.honlufoodtrailer.com\\\/product\\\/customized-5-8m-coffee-trailer\\\/#breadcrumb\"},\"inLanguage\":\"de\",\"potentialAction\":[{\"@type\":\"ReadAction\",\"target\":[\"https:\\\/\\\/www.honlufoodtrailer.com\\\/product\\\/customized-5-8m-coffee-trailer\\\/\"]}]},{\"@type\":\"ImageObject\",\"inLanguage\":\"de\",\"@id\":\"https:\\\/\\\/www.honlufoodtrailer.com\\\/product\\\/customized-5-8m-coffee-trailer\\\/#primaryimage\",\"url\":\"https:\\\/\\\/www.honlufoodtrailer.com\\\/wp-content\\\/uploads\\\/2022\\\/03\\\/Customized-5.8M-coffee-trailer-1.jpg\",\"contentUrl\":\"https:\\\/\\\/www.honlufoodtrailer.com\\\/wp-content\\\/uploads\\\/2022\\\/03\\\/Customized-5.8M-coffee-trailer-1.jpg\",\"width\":720,\"height\":540,\"caption\":\"Customized 5.8M coffee trailer (1)\"},{\"@type\":\"BreadcrumbList\",\"@id\":\"https:\\\/\\\/www.honlufoodtrailer.com\\\/product\\\/customized-5-8m-coffee-trailer\\\/#breadcrumb\",\"itemListElement\":[{\"@type\":\"ListItem\",\"position\":1,\"name\":\"Home\",\"item\":\"https:\\\/\\\/www.honlufoodtrailer.com\\\/\"},{\"@type\":\"ListItem\",\"position\":2,\"name\":\"\u4ea7\u54c1\",\"item\":\"https:\\\/\\\/www.honlufoodtrailer.com\\\/shop\\\/\"},{\"@type\":\"ListItem\",\"position\":3,\"name\":\"Customized 5.8M coffee trailer\"}]},{\"@type\":\"WebSite\",\"@id\":\"https:\\\/\\\/www.honlufoodtrailer.com\\\/#website\",\"url\":\"https:\\\/\\\/www.honlufoodtrailer.com\\\/\",\"name\":\"Honlu food trailer\",\"description\":\"\",\"publisher\":{\"@id\":\"https:\\\/\\\/www.honlufoodtrailer.com\\\/#organization\"},\"potentialAction\":[{\"@type\":\"SearchAction\",\"target\":{\"@type\":\"EntryPoint\",\"urlTemplate\":\"https:\\\/\\\/www.honlufoodtrailer.com\\\/?s={search_term_string}\"},\"query-input\":{\"@type\":\"PropertyValueSpecification\",\"valueRequired\":true,\"valueName\":\"search_term_string\"}}],\"inLanguage\":\"de\"},{\"@type\":\"Organization\",\"@id\":\"https:\\\/\\\/www.honlufoodtrailer.com\\\/#organization\",\"name\":\"Honlu food trailer\",\"url\":\"https:\\\/\\\/www.honlufoodtrailer.com\\\/\",\"logo\":{\"@type\":\"ImageObject\",\"inLanguage\":\"de\",\"@id\":\"https:\\\/\\\/www.honlufoodtrailer.com\\\/#\\\/schema\\\/logo\\\/image\\\/\",\"url\":\"https:\\\/\\\/www.honlufoodtrailer.com\\\/wp-content\\\/uploads\\\/2021\\\/12\\\/2.gif\",\"contentUrl\":\"https:\\\/\\\/www.honlufoodtrailer.com\\\/wp-content\\\/uploads\\\/2021\\\/12\\\/2.gif\",\"width\":350,\"height\":100,\"caption\":\"Honlu food trailer\"},\"image\":{\"@id\":\"https:\\\/\\\/www.honlufoodtrailer.com\\\/#\\\/schema\\\/logo\\\/image\\\/\"}}]}<\/script>\n<!-- \/ Yoast SEO plugin. -->","yoast_head_json":{"title":"Ma\u00dfgeschneiderter 5.8M Kaffeeanh\u00e4nger - Honlu Lebensmittelanh\u00e4nger","description":"Dies ist ein ma\u00dfgeschneiderter 5.8M Kaffeeanh\u00e4nger, der Aufbau und die Innenausstattung sind aus Edelstahl. Die Plattformen auf beiden Seiten k\u00f6nnen abgesenkt werden, die verwendet werden k\u00f6nnen, um einige Tische und St\u00fchle, Werbetafeln, Lebensmittelregale, etc. zu platzieren. Aufgrund seines speziellen Designs eignet er sich sehr gut f\u00fcr den Verkauf von Lebensmitteln wie Kaffee, Burger, Hot Dogs, Sandwiches usw.  Der gesamte Anh\u00e4nger ist kompakt und einfach zu bedienen. Er ist das bevorzugte Modell f\u00fcr den Start von Fast-Food-Gesch\u00e4ften.","robots":{"index":"index","follow":"follow","max-snippet":"max-snippet:-1","max-image-preview":"max-image-preview:large","max-video-preview":"max-video-preview:-1"},"canonical":"https:\/\/www.honlufoodtrailer.com\/de\/product\/customized-5-8m-coffee-trailer\/","og_locale":"de_DE","og_type":"article","og_title":"Customized 5.8M coffee trailer - Honlu food trailer","og_description":"This is a customized 5.8M coffee trailer, the body and interior are made of stainless steel. The platforms on both sides can be lowered, which can be used to place some tables and chairs, publicity boards, food racks, etc. Due to its special design, it is very suitable for selling some food such as coffee, burgers, hot dogs, sandwiches, etc.\u00a0 The whole trailer is compact and easy to use. It is the preferred model for starting fast-food businesses.","og_url":"https:\/\/www.honlufoodtrailer.com\/de\/product\/customized-5-8m-coffee-trailer\/","og_site_name":"Honlu food trailer","article_modified_time":"2022-04-02T06:20:16+00:00","og_image":[{"width":720,"height":540,"url":"https:\/\/www.honlufoodtrailer.com\/wp-content\/uploads\/2022\/03\/Customized-5.8M-coffee-trailer-1.jpg","type":"image\/jpeg"}],"twitter_card":"summary_large_image","twitter_misc":{"Gesch\u00e4tzte Lesezeit":"3\u00a0Minuten"},"schema":{"@context":"https:\/\/schema.org","@graph":[{"@type":"WebPage","@id":"https:\/\/www.honlufoodtrailer.com\/product\/customized-5-8m-coffee-trailer\/","url":"https:\/\/www.honlufoodtrailer.com\/product\/customized-5-8m-coffee-trailer\/","name":"Ma\u00dfgeschneiderter 5.8M Kaffeeanh\u00e4nger - Honlu Lebensmittelanh\u00e4nger","isPartOf":{"@id":"https:\/\/www.honlufoodtrailer.com\/#website"},"primaryImageOfPage":{"@id":"https:\/\/www.honlufoodtrailer.com\/product\/customized-5-8m-coffee-trailer\/#primaryimage"},"image":{"@id":"https:\/\/www.honlufoodtrailer.com\/product\/customized-5-8m-coffee-trailer\/#primaryimage"},"thumbnailUrl":"https:\/\/www.honlufoodtrailer.com\/wp-content\/uploads\/2022\/03\/Customized-5.8M-coffee-trailer-1.jpg","datePublished":"2022-03-18T01:19:55+00:00","dateModified":"2022-04-02T06:20:16+00:00","description":"Dies ist ein ma\u00dfgeschneiderter 5.8M Kaffeeanh\u00e4nger, der Aufbau und die Innenausstattung sind aus Edelstahl. Die Plattformen auf beiden Seiten k\u00f6nnen abgesenkt werden, die verwendet werden k\u00f6nnen, um einige Tische und St\u00fchle, Werbetafeln, Lebensmittelregale, etc. zu platzieren. Aufgrund seines speziellen Designs eignet er sich sehr gut f\u00fcr den Verkauf von Lebensmitteln wie Kaffee, Burger, Hot Dogs, Sandwiches usw.  Der gesamte Anh\u00e4nger ist kompakt und einfach zu bedienen. Er ist das bevorzugte Modell f\u00fcr den Start von Fast-Food-Gesch\u00e4ften.","breadcrumb":{"@id":"https:\/\/www.honlufoodtrailer.com\/product\/customized-5-8m-coffee-trailer\/#breadcrumb"},"inLanguage":"de","potentialAction":[{"@type":"ReadAction","target":["https:\/\/www.honlufoodtrailer.com\/product\/customized-5-8m-coffee-trailer\/"]}]},{"@type":"ImageObject","inLanguage":"de","@id":"https:\/\/www.honlufoodtrailer.com\/product\/customized-5-8m-coffee-trailer\/#primaryimage","url":"https:\/\/www.honlufoodtrailer.com\/wp-content\/uploads\/2022\/03\/Customized-5.8M-coffee-trailer-1.jpg","contentUrl":"https:\/\/www.honlufoodtrailer.com\/wp-content\/uploads\/2022\/03\/Customized-5.8M-coffee-trailer-1.jpg","width":720,"height":540,"caption":"Customized 5.8M coffee trailer (1)"},{"@type":"BreadcrumbList","@id":"https:\/\/www.honlufoodtrailer.com\/product\/customized-5-8m-coffee-trailer\/#breadcrumb","itemListElement":[{"@type":"ListItem","position":1,"name":"Home","item":"https:\/\/www.honlufoodtrailer.com\/"},{"@type":"ListItem","position":2,"name":"\u4ea7\u54c1","item":"https:\/\/www.honlufoodtrailer.com\/shop\/"},{"@type":"ListItem","position":3,"name":"Customized 5.8M coffee trailer"}]},{"@type":"WebSite","@id":"https:\/\/www.honlufoodtrailer.com\/#website","url":"https:\/\/www.honlufoodtrailer.com\/","name":"Honlu-Lebensmittelanh\u00e4nger","description":"","publisher":{"@id":"https:\/\/www.honlufoodtrailer.com\/#organization"},"potentialAction":[{"@type":"SearchAction","target":{"@type":"EntryPoint","urlTemplate":"https:\/\/www.honlufoodtrailer.com\/?s={search_term_string}"},"query-input":{"@type":"PropertyValueSpecification","valueRequired":true,"valueName":"search_term_string"}}],"inLanguage":"de"},{"@type":"Organization","@id":"https:\/\/www.honlufoodtrailer.com\/#organization","name":"Honlu-Lebensmittelanh\u00e4nger","url":"https:\/\/www.honlufoodtrailer.com\/","logo":{"@type":"ImageObject","inLanguage":"de","@id":"https:\/\/www.honlufoodtrailer.com\/#\/schema\/logo\/image\/","url":"https:\/\/www.honlufoodtrailer.com\/wp-content\/uploads\/2021\/12\/2.gif","contentUrl":"https:\/\/www.honlufoodtrailer.com\/wp-content\/uploads\/2021\/12\/2.gif","width":350,"height":100,"caption":"Honlu food trailer"},"image":{"@id":"https:\/\/www.honlufoodtrailer.com\/#\/schema\/logo\/image\/"}}]}},"_links":{"self":[{"href":"https:\/\/www.honlufoodtrailer.com\/de\/wp-json\/wp\/v2\/product\/3502","targetHints":{"allow":["GET"]}}],"collection":[{"href":"https:\/\/www.honlufoodtrailer.com\/de\/wp-json\/wp\/v2\/product"}],"about":[{"href":"https:\/\/www.honlufoodtrailer.com\/de\/wp-json\/wp\/v2\/types\/product"}],"version-history":[{"count":0,"href":"https:\/\/www.honlufoodtrailer.com\/de\/wp-json\/wp\/v2\/product\/3502\/revisions"}],"wp:featuredmedia":[{"embeddable":true,"href":"https:\/\/www.honlufoodtrailer.com\/de\/wp-json\/wp\/v2\/media\/3503"}],"wp:attachment":[{"href":"https:\/\/www.honlufoodtrailer.com\/de\/wp-json\/wp\/v2\/media?parent=3502"}],"wp:term":[{"taxonomy":"product_brand","embeddable":true,"href":"https:\/\/www.honlufoodtrailer.com\/de\/wp-json\/wp\/v2\/product_brand?post=3502"},{"taxonomy":"product_cat","embeddable":true,"href":"https:\/\/www.honlufoodtrailer.com\/de\/wp-json\/wp\/v2\/product_cat?post=3502"},{"taxonomy":"product_tag","embeddable":true,"href":"https:\/\/www.honlufoodtrailer.com\/de\/wp-json\/wp\/v2\/product_tag?post=3502"}],"curies":[{"name":"wp","href":"https:\/\/api.w.org\/{rel}","templated":true}]}}