{"id":3978,"date":"2022-03-29T09:01:53","date_gmt":"2022-03-29T01:01:53","guid":{"rendered":"https:\/\/www.honlufoodtrailer.com\/?post_type=product&#038;p=3978"},"modified":"2024-06-27T17:49:27","modified_gmt":"2024-06-27T09:49:27","slug":"5m-square-food-trailer-with-wood-grain-sticker","status":"publish","type":"product","link":"https:\/\/www.honlufoodtrailer.com\/de\/product\/5m-square-food-trailer-with-wood-grain-sticker\/","title":{"rendered":"5 m gro\u00dfer, quadratischer Imbisswagen mit Holzmaserungsaufkleber"},"content":{"rendered":"<p>Are you looking for a square food trailer with wood grain sticker? See this one here! This is a customized shawarma food trailer we have manufactured for one of our customers from the United States. Our customer mainly use it to sell shawarma and other fried foods. Now, let&#8217;s see some pictures of it!<\/p>\n<p><img fetchpriority=\"high\" decoding=\"async\" class=\"size-full wp-image-3979 aligncenter\" src=\"https:\/\/www.honlufoodtrailer.com\/wp-content\/uploads\/2022\/03\/5M-square-food-trailer-with-wood-grain-sticker-1.jpg\" alt=\"5 m\u00b2 gro\u00dfer Imbisswagen mit Holzmaserungsaufkleber (1)\" width=\"720\" height=\"540\" srcset=\"https:\/\/www.honlufoodtrailer.com\/wp-content\/uploads\/2022\/03\/5M-square-food-trailer-with-wood-grain-sticker-1.jpg 720w, https:\/\/www.honlufoodtrailer.com\/wp-content\/uploads\/2022\/03\/5M-square-food-trailer-with-wood-grain-sticker-1-480x360.jpg 480w, https:\/\/www.honlufoodtrailer.com\/wp-content\/uploads\/2022\/03\/5M-square-food-trailer-with-wood-grain-sticker-1-300x225.jpg 300w\" sizes=\"(max-width: 720px) 100vw, 720px\" \/><\/p>\n<h3>Inner Details of This 5M Square Food Trailer<\/h3>\n<p>As you can see from the picture below, we have customized the food trailer with kitchen equipment such as gas stoves, deep fryer, shawarma machine, barbecues, grills, and heat preservation stoves, four sinks, food displayer and work bench etc. The work surface on the front of the food trailer and the custom four sinks are all made of food-grade stainless steel.<\/p>\n<figure id=\"attachment_3988\" aria-describedby=\"caption-attachment-3988\" style=\"width: 900px\" class=\"wp-caption aligncenter\"><img decoding=\"async\" class=\"size-full wp-image-3988\" src=\"https:\/\/www.honlufoodtrailer.com\/wp-content\/uploads\/2022\/03\/Inner-structure.jpg\" alt=\"Innere Struktur\" width=\"900\" height=\"844\" srcset=\"https:\/\/www.honlufoodtrailer.com\/wp-content\/uploads\/2022\/03\/Inner-structure.jpg 900w, https:\/\/www.honlufoodtrailer.com\/wp-content\/uploads\/2022\/03\/Inner-structure-768x720.jpg 768w, https:\/\/www.honlufoodtrailer.com\/wp-content\/uploads\/2022\/03\/Inner-structure-384x360.jpg 384w, https:\/\/www.honlufoodtrailer.com\/wp-content\/uploads\/2022\/03\/Inner-structure-300x281.jpg 300w, https:\/\/www.honlufoodtrailer.com\/wp-content\/uploads\/2022\/03\/Inner-structure-720x675.jpg 720w\" sizes=\"(max-width: 900px) 100vw, 900px\" \/><figcaption id=\"caption-attachment-3988\" class=\"wp-caption-text\">Innere Struktur<\/figcaption><\/figure>\n<p>According to the customer&#8217;s local requirements, we customize the four-sink and gas system in line with local regulations. The kitchen equipment inside includes the gas stove, barbecue, grill, heat preservation stove and so on. We would like to purchase other types of equipment based on customers\u2019 needs.<\/p>\n<figure id=\"attachment_3989\" aria-describedby=\"caption-attachment-3989\" style=\"width: 1000px\" class=\"wp-caption aligncenter\"><img decoding=\"async\" class=\"size-full wp-image-3989\" src=\"https:\/\/www.honlufoodtrailer.com\/wp-content\/uploads\/2022\/03\/Customized-equipment.jpg\" alt=\"Customized equipment\" width=\"1000\" height=\"800\" srcset=\"https:\/\/www.honlufoodtrailer.com\/wp-content\/uploads\/2022\/03\/Customized-equipment.jpg 1000w, https:\/\/www.honlufoodtrailer.com\/wp-content\/uploads\/2022\/03\/Customized-equipment-768x614.jpg 768w, https:\/\/www.honlufoodtrailer.com\/wp-content\/uploads\/2022\/03\/Customized-equipment-450x360.jpg 450w, https:\/\/www.honlufoodtrailer.com\/wp-content\/uploads\/2022\/03\/Customized-equipment-300x240.jpg 300w, https:\/\/www.honlufoodtrailer.com\/wp-content\/uploads\/2022\/03\/Customized-equipment-720x576.jpg 720w\" sizes=\"(max-width: 1000px) 100vw, 1000px\" \/><figcaption id=\"caption-attachment-3989\" class=\"wp-caption-text\">Customized equipment<\/figcaption><\/figure>\n<p data-spm-anchor-id=\"a2700.wholesale.0.i28.29e52808agqc7f\">Food-Trailer k\u00f6nnen auch als Food-Carts, Food-Vans, Food-Trucks, und so weiter bezeichnet werden. Es kann verwendet werden, um Fast Food, Snacks, Zeitungen, B\u00fccher, und so weiter zu verkaufen. Er besteht aus Fahrgestell, Karosserie, Bodenbelag, Arbeitstisch, Wassersystem, elektrischem System. Die Benutzer k\u00f6nnen auch die Farbe w\u00e4hlen, die sie wollen. Wir w\u00fcrden gerne andere Arten von Ger\u00e4ten kaufen, wenn Kunden dies w\u00fcnschen.<\/p>\n<p>It is the preferred model for starting fast food businesses, shopping mall bulk purchase orders, street fast food unified management, and family picnics. It also can be applied for selling anything from hot dogs, retail operations, flower operations, sandwiches, coffee, ice cream, etc. We have CE certified to help you to start a mobile business.<\/p>\n<figure id=\"attachment_3987\" aria-describedby=\"caption-attachment-3987\" style=\"width: 1800px\" class=\"wp-caption alignnone\"><img loading=\"lazy\" decoding=\"async\" class=\"size-full wp-image-3987\" src=\"https:\/\/www.honlufoodtrailer.com\/wp-content\/uploads\/2022\/03\/Inner-structure-5M-square-food-trailer-with-wood-grain-sticker.jpg\" alt=\"Inner structure 5M square food trailer with wood grain sticker\" width=\"1800\" height=\"900\" srcset=\"https:\/\/www.honlufoodtrailer.com\/wp-content\/uploads\/2022\/03\/Inner-structure-5M-square-food-trailer-with-wood-grain-sticker.jpg 1800w, https:\/\/www.honlufoodtrailer.com\/wp-content\/uploads\/2022\/03\/Inner-structure-5M-square-food-trailer-with-wood-grain-sticker-768x384.jpg 768w, https:\/\/www.honlufoodtrailer.com\/wp-content\/uploads\/2022\/03\/Inner-structure-5M-square-food-trailer-with-wood-grain-sticker-1536x768.jpg 1536w, https:\/\/www.honlufoodtrailer.com\/wp-content\/uploads\/2022\/03\/Inner-structure-5M-square-food-trailer-with-wood-grain-sticker-480x240.jpg 480w, https:\/\/www.honlufoodtrailer.com\/wp-content\/uploads\/2022\/03\/Inner-structure-5M-square-food-trailer-with-wood-grain-sticker-300x150.jpg 300w, https:\/\/www.honlufoodtrailer.com\/wp-content\/uploads\/2022\/03\/Inner-structure-5M-square-food-trailer-with-wood-grain-sticker-720x360.jpg 720w\" sizes=\"(max-width: 1800px) 100vw, 1800px\" \/><figcaption id=\"caption-attachment-3987\" class=\"wp-caption-text\">Inner structure 5M square food trailer with wood grain sticker<\/figcaption><\/figure>\n<h3 class=\"magic-6\" data-spm-anchor-id=\"a2700.wholesale.0.i28.29e52808agqc7f\">Hauptmerkmale des quadratischen Lebensmittelanh\u00e4ngers<\/h3>\n<div class=\"magic-7\">\n<div class=\"magic-8\">\n<div class=\"magic-9\" data-id=\"paragraph0\">\n<ol>\n<li>Das modische Aussehen kann individuell angepasst werden;<\/li>\n<li>Anh\u00e4ngerk\u00f6rper und innere Struktur aus Edelstahl, gute Hitzebest\u00e4ndigkeit, Verschlei\u00dffestigkeit und Korrosionsbest\u00e4ndigkeit;<\/li>\n<li>Modernes und fortschrittliches Zubeh\u00f6r im mobilen Food-Trailer;<\/li>\n<li>Es ist sto\u00dffest und korrosionsbest\u00e4ndig, hitzebest\u00e4ndig und hochfest, farbecht, verformungsfrei, wasserdicht und langlebig;<\/li>\n<li>Wir sind gerne bereit, sie nach Ihren W\u00fcnschen zu \u00e4ndern.<\/li>\n<\/ol>\n<h3>Kostenlose 2D\/3D-Grundrisszeichnung<\/h3>\n<p>Nach der Best\u00e4tigung der Abmessungen des Lebensmittelanh\u00e4ngers und der internen K\u00fcchenausstattung k\u00f6nnen wir Ihnen kostenlos 3D-Zeichnungen zur Verf\u00fcgung stellen. Dadurch erhalten Sie eine klarere Vorstellung von Ihrem Entwurf und Ihrem Lebensmittelwagen. Wenn wir den Standort der K\u00fcchenger\u00e4te best\u00e4tigen, k\u00f6nnen wir uns anhand des Grundrisses klar mit Ihnen verst\u00e4ndigen. Wir k\u00f6nnen Ihnen auch Originaldokumente zur Verf\u00fcgung stellen, um Ihre Planung zu erleichtern und Anpassungen vorzunehmen.<\/p>\n<\/div>\n<\/div>\n<\/div>","protected":false},"excerpt":{"rendered":"<p data-spm-anchor-id=\"a2700.wholesale.0.i28.29e52808agqc7f\">This is one of our customized 5M square food trailers with wood grain sticker. The whole trailer is covered with wood-grain stickers, and a billboard is customized on the top. According to customer needs, we have customized kitchen equipment such as gas stoves, barbecues, grills, and heat preservation stoves. The whole trailer is compact and easy to use. It is the preferred model for starting the mobile food business.<\/p>","protected":false},"featured_media":3979,"template":"","meta":{"_themeisle_gutenberg_block_has_review":false},"product_brand":[],"product_cat":[26],"product_tag":[53,33,41,38,52],"class_list":{"0":"post-3978","1":"product","2":"type-product","3":"status-publish","4":"has-post-thumbnail","6":"product_cat-product","7":"product_tag-customized-sinks","8":"product_tag-customized-trailer","9":"product_tag-galvanized-trailer","10":"product_tag-mobile-food-trailer","11":"product_tag-personalized-billboard","13":"first","14":"instock","15":"shipping-taxable","16":"product-type-simple"},"yoast_head":"<!-- This site is optimized with the Yoast SEO plugin v27.5 - https:\/\/yoast.com\/product\/yoast-seo-wordpress\/ -->\n<title>5M Square Food Trailer With Wood Grain Sticker - Honlu Trailer<\/title>\n<meta name=\"description\" content=\"This is one of our customized 5M square food trailers. The whole trailer is covered with wood-grain stickers, and a billboard is customized on the top. According to customer needs, we have customized kitchen equipment such as gas stoves, barbecues, grills, and heat preservation stoves. The whole trailer is compact and easy to use. It is the preferred model for starting the mobile food business.\" \/>\n<meta name=\"robots\" content=\"index, follow, max-snippet:-1, max-image-preview:large, max-video-preview:-1\" \/>\n<link rel=\"canonical\" href=\"https:\/\/www.honlufoodtrailer.com\/de\/product\/5m-square-food-trailer-with-wood-grain-sticker\/\" \/>\n<meta property=\"og:locale\" content=\"de_DE\" \/>\n<meta property=\"og:type\" content=\"article\" \/>\n<meta property=\"og:title\" content=\"5M Square Food Trailer With Wood Grain Sticker - Honlu Trailer\" \/>\n<meta property=\"og:description\" content=\"This is one of our customized 5M square food trailers. The whole trailer is covered with wood-grain stickers, and a billboard is customized on the top. According to customer needs, we have customized kitchen equipment such as gas stoves, barbecues, grills, and heat preservation stoves. The whole trailer is compact and easy to use. It is the preferred model for starting the mobile food business.\" \/>\n<meta property=\"og:url\" content=\"https:\/\/www.honlufoodtrailer.com\/de\/product\/5m-square-food-trailer-with-wood-grain-sticker\/\" \/>\n<meta property=\"og:site_name\" content=\"Honlu food trailer\" \/>\n<meta property=\"article:modified_time\" content=\"2024-06-27T09:49:27+00:00\" \/>\n<meta property=\"og:image\" content=\"https:\/\/www.honlufoodtrailer.com\/wp-content\/uploads\/2022\/03\/5M-square-food-trailer-with-wood-grain-sticker-1.jpg\" \/>\n\t<meta property=\"og:image:width\" content=\"720\" \/>\n\t<meta property=\"og:image:height\" content=\"540\" \/>\n\t<meta property=\"og:image:type\" content=\"image\/jpeg\" \/>\n<meta name=\"twitter:card\" content=\"summary_large_image\" \/>\n<meta name=\"twitter:label1\" content=\"Gesch\u00e4tzte Lesezeit\" \/>\n\t<meta name=\"twitter:data1\" content=\"3\u00a0Minuten\" \/>\n<script type=\"application\/ld+json\" class=\"yoast-schema-graph\">{\"@context\":\"https:\\\/\\\/schema.org\",\"@graph\":[{\"@type\":\"WebPage\",\"@id\":\"https:\\\/\\\/www.honlufoodtrailer.com\\\/product\\\/5m-square-food-trailer-with-wood-grain-sticker\\\/\",\"url\":\"https:\\\/\\\/www.honlufoodtrailer.com\\\/product\\\/5m-square-food-trailer-with-wood-grain-sticker\\\/\",\"name\":\"5M Square Food Trailer With Wood Grain Sticker - Honlu Trailer\",\"isPartOf\":{\"@id\":\"https:\\\/\\\/www.honlufoodtrailer.com\\\/#website\"},\"primaryImageOfPage\":{\"@id\":\"https:\\\/\\\/www.honlufoodtrailer.com\\\/product\\\/5m-square-food-trailer-with-wood-grain-sticker\\\/#primaryimage\"},\"image\":{\"@id\":\"https:\\\/\\\/www.honlufoodtrailer.com\\\/product\\\/5m-square-food-trailer-with-wood-grain-sticker\\\/#primaryimage\"},\"thumbnailUrl\":\"https:\\\/\\\/www.honlufoodtrailer.com\\\/wp-content\\\/uploads\\\/2022\\\/03\\\/5M-square-food-trailer-with-wood-grain-sticker-1.jpg\",\"datePublished\":\"2022-03-29T01:01:53+00:00\",\"dateModified\":\"2024-06-27T09:49:27+00:00\",\"description\":\"This is one of our customized 5M square food trailers. The whole trailer is covered with wood-grain stickers, and a billboard is customized on the top. According to customer needs, we have customized kitchen equipment such as gas stoves, barbecues, grills, and heat preservation stoves. The whole trailer is compact and easy to use. It is the preferred model for starting the mobile food business.\",\"breadcrumb\":{\"@id\":\"https:\\\/\\\/www.honlufoodtrailer.com\\\/product\\\/5m-square-food-trailer-with-wood-grain-sticker\\\/#breadcrumb\"},\"inLanguage\":\"de\",\"potentialAction\":[{\"@type\":\"ReadAction\",\"target\":[\"https:\\\/\\\/www.honlufoodtrailer.com\\\/product\\\/5m-square-food-trailer-with-wood-grain-sticker\\\/\"]}]},{\"@type\":\"ImageObject\",\"inLanguage\":\"de\",\"@id\":\"https:\\\/\\\/www.honlufoodtrailer.com\\\/product\\\/5m-square-food-trailer-with-wood-grain-sticker\\\/#primaryimage\",\"url\":\"https:\\\/\\\/www.honlufoodtrailer.com\\\/wp-content\\\/uploads\\\/2022\\\/03\\\/5M-square-food-trailer-with-wood-grain-sticker-1.jpg\",\"contentUrl\":\"https:\\\/\\\/www.honlufoodtrailer.com\\\/wp-content\\\/uploads\\\/2022\\\/03\\\/5M-square-food-trailer-with-wood-grain-sticker-1.jpg\",\"width\":720,\"height\":540,\"caption\":\"5M square food trailer with wood grain sticker (1)\"},{\"@type\":\"BreadcrumbList\",\"@id\":\"https:\\\/\\\/www.honlufoodtrailer.com\\\/product\\\/5m-square-food-trailer-with-wood-grain-sticker\\\/#breadcrumb\",\"itemListElement\":[{\"@type\":\"ListItem\",\"position\":1,\"name\":\"Home\",\"item\":\"https:\\\/\\\/www.honlufoodtrailer.com\\\/\"},{\"@type\":\"ListItem\",\"position\":2,\"name\":\"\u4ea7\u54c1\",\"item\":\"https:\\\/\\\/www.honlufoodtrailer.com\\\/shop\\\/\"},{\"@type\":\"ListItem\",\"position\":3,\"name\":\"5M Square Food Trailer With Wood Grain Sticker\"}]},{\"@type\":\"WebSite\",\"@id\":\"https:\\\/\\\/www.honlufoodtrailer.com\\\/#website\",\"url\":\"https:\\\/\\\/www.honlufoodtrailer.com\\\/\",\"name\":\"Honlu food trailer\",\"description\":\"\",\"publisher\":{\"@id\":\"https:\\\/\\\/www.honlufoodtrailer.com\\\/#organization\"},\"potentialAction\":[{\"@type\":\"SearchAction\",\"target\":{\"@type\":\"EntryPoint\",\"urlTemplate\":\"https:\\\/\\\/www.honlufoodtrailer.com\\\/?s={search_term_string}\"},\"query-input\":{\"@type\":\"PropertyValueSpecification\",\"valueRequired\":true,\"valueName\":\"search_term_string\"}}],\"inLanguage\":\"de\"},{\"@type\":\"Organization\",\"@id\":\"https:\\\/\\\/www.honlufoodtrailer.com\\\/#organization\",\"name\":\"Honlu food trailer\",\"url\":\"https:\\\/\\\/www.honlufoodtrailer.com\\\/\",\"logo\":{\"@type\":\"ImageObject\",\"inLanguage\":\"de\",\"@id\":\"https:\\\/\\\/www.honlufoodtrailer.com\\\/#\\\/schema\\\/logo\\\/image\\\/\",\"url\":\"https:\\\/\\\/www.honlufoodtrailer.com\\\/wp-content\\\/uploads\\\/2021\\\/12\\\/2.gif\",\"contentUrl\":\"https:\\\/\\\/www.honlufoodtrailer.com\\\/wp-content\\\/uploads\\\/2021\\\/12\\\/2.gif\",\"width\":350,\"height\":100,\"caption\":\"Honlu food trailer\"},\"image\":{\"@id\":\"https:\\\/\\\/www.honlufoodtrailer.com\\\/#\\\/schema\\\/logo\\\/image\\\/\"}}]}<\/script>\n<!-- \/ Yoast SEO plugin. -->","yoast_head_json":{"title":"5M Square Food Trailer With Wood Grain Sticker - Honlu Trailer","description":"This is one of our customized 5M square food trailers. The whole trailer is covered with wood-grain stickers, and a billboard is customized on the top. According to customer needs, we have customized kitchen equipment such as gas stoves, barbecues, grills, and heat preservation stoves. The whole trailer is compact and easy to use. It is the preferred model for starting the mobile food business.","robots":{"index":"index","follow":"follow","max-snippet":"max-snippet:-1","max-image-preview":"max-image-preview:large","max-video-preview":"max-video-preview:-1"},"canonical":"https:\/\/www.honlufoodtrailer.com\/de\/product\/5m-square-food-trailer-with-wood-grain-sticker\/","og_locale":"de_DE","og_type":"article","og_title":"5M Square Food Trailer With Wood Grain Sticker - Honlu Trailer","og_description":"This is one of our customized 5M square food trailers. The whole trailer is covered with wood-grain stickers, and a billboard is customized on the top. According to customer needs, we have customized kitchen equipment such as gas stoves, barbecues, grills, and heat preservation stoves. The whole trailer is compact and easy to use. It is the preferred model for starting the mobile food business.","og_url":"https:\/\/www.honlufoodtrailer.com\/de\/product\/5m-square-food-trailer-with-wood-grain-sticker\/","og_site_name":"Honlu food trailer","article_modified_time":"2024-06-27T09:49:27+00:00","og_image":[{"width":720,"height":540,"url":"https:\/\/www.honlufoodtrailer.com\/wp-content\/uploads\/2022\/03\/5M-square-food-trailer-with-wood-grain-sticker-1.jpg","type":"image\/jpeg"}],"twitter_card":"summary_large_image","twitter_misc":{"Gesch\u00e4tzte Lesezeit":"3\u00a0Minuten"},"schema":{"@context":"https:\/\/schema.org","@graph":[{"@type":"WebPage","@id":"https:\/\/www.honlufoodtrailer.com\/product\/5m-square-food-trailer-with-wood-grain-sticker\/","url":"https:\/\/www.honlufoodtrailer.com\/product\/5m-square-food-trailer-with-wood-grain-sticker\/","name":"5M Square Food Trailer With Wood Grain Sticker - Honlu Trailer","isPartOf":{"@id":"https:\/\/www.honlufoodtrailer.com\/#website"},"primaryImageOfPage":{"@id":"https:\/\/www.honlufoodtrailer.com\/product\/5m-square-food-trailer-with-wood-grain-sticker\/#primaryimage"},"image":{"@id":"https:\/\/www.honlufoodtrailer.com\/product\/5m-square-food-trailer-with-wood-grain-sticker\/#primaryimage"},"thumbnailUrl":"https:\/\/www.honlufoodtrailer.com\/wp-content\/uploads\/2022\/03\/5M-square-food-trailer-with-wood-grain-sticker-1.jpg","datePublished":"2022-03-29T01:01:53+00:00","dateModified":"2024-06-27T09:49:27+00:00","description":"This is one of our customized 5M square food trailers. The whole trailer is covered with wood-grain stickers, and a billboard is customized on the top. According to customer needs, we have customized kitchen equipment such as gas stoves, barbecues, grills, and heat preservation stoves. The whole trailer is compact and easy to use. It is the preferred model for starting the mobile food business.","breadcrumb":{"@id":"https:\/\/www.honlufoodtrailer.com\/product\/5m-square-food-trailer-with-wood-grain-sticker\/#breadcrumb"},"inLanguage":"de","potentialAction":[{"@type":"ReadAction","target":["https:\/\/www.honlufoodtrailer.com\/product\/5m-square-food-trailer-with-wood-grain-sticker\/"]}]},{"@type":"ImageObject","inLanguage":"de","@id":"https:\/\/www.honlufoodtrailer.com\/product\/5m-square-food-trailer-with-wood-grain-sticker\/#primaryimage","url":"https:\/\/www.honlufoodtrailer.com\/wp-content\/uploads\/2022\/03\/5M-square-food-trailer-with-wood-grain-sticker-1.jpg","contentUrl":"https:\/\/www.honlufoodtrailer.com\/wp-content\/uploads\/2022\/03\/5M-square-food-trailer-with-wood-grain-sticker-1.jpg","width":720,"height":540,"caption":"5M square food trailer with wood grain sticker (1)"},{"@type":"BreadcrumbList","@id":"https:\/\/www.honlufoodtrailer.com\/product\/5m-square-food-trailer-with-wood-grain-sticker\/#breadcrumb","itemListElement":[{"@type":"ListItem","position":1,"name":"Home","item":"https:\/\/www.honlufoodtrailer.com\/"},{"@type":"ListItem","position":2,"name":"\u4ea7\u54c1","item":"https:\/\/www.honlufoodtrailer.com\/shop\/"},{"@type":"ListItem","position":3,"name":"5M Square Food Trailer With Wood Grain Sticker"}]},{"@type":"WebSite","@id":"https:\/\/www.honlufoodtrailer.com\/#website","url":"https:\/\/www.honlufoodtrailer.com\/","name":"Honlu-Lebensmittelanh\u00e4nger","description":"","publisher":{"@id":"https:\/\/www.honlufoodtrailer.com\/#organization"},"potentialAction":[{"@type":"SearchAction","target":{"@type":"EntryPoint","urlTemplate":"https:\/\/www.honlufoodtrailer.com\/?s={search_term_string}"},"query-input":{"@type":"PropertyValueSpecification","valueRequired":true,"valueName":"search_term_string"}}],"inLanguage":"de"},{"@type":"Organization","@id":"https:\/\/www.honlufoodtrailer.com\/#organization","name":"Honlu-Lebensmittelanh\u00e4nger","url":"https:\/\/www.honlufoodtrailer.com\/","logo":{"@type":"ImageObject","inLanguage":"de","@id":"https:\/\/www.honlufoodtrailer.com\/#\/schema\/logo\/image\/","url":"https:\/\/www.honlufoodtrailer.com\/wp-content\/uploads\/2021\/12\/2.gif","contentUrl":"https:\/\/www.honlufoodtrailer.com\/wp-content\/uploads\/2021\/12\/2.gif","width":350,"height":100,"caption":"Honlu food trailer"},"image":{"@id":"https:\/\/www.honlufoodtrailer.com\/#\/schema\/logo\/image\/"}}]}},"_links":{"self":[{"href":"https:\/\/www.honlufoodtrailer.com\/de\/wp-json\/wp\/v2\/product\/3978","targetHints":{"allow":["GET"]}}],"collection":[{"href":"https:\/\/www.honlufoodtrailer.com\/de\/wp-json\/wp\/v2\/product"}],"about":[{"href":"https:\/\/www.honlufoodtrailer.com\/de\/wp-json\/wp\/v2\/types\/product"}],"version-history":[{"count":0,"href":"https:\/\/www.honlufoodtrailer.com\/de\/wp-json\/wp\/v2\/product\/3978\/revisions"}],"wp:featuredmedia":[{"embeddable":true,"href":"https:\/\/www.honlufoodtrailer.com\/de\/wp-json\/wp\/v2\/media\/3979"}],"wp:attachment":[{"href":"https:\/\/www.honlufoodtrailer.com\/de\/wp-json\/wp\/v2\/media?parent=3978"}],"wp:term":[{"taxonomy":"product_brand","embeddable":true,"href":"https:\/\/www.honlufoodtrailer.com\/de\/wp-json\/wp\/v2\/product_brand?post=3978"},{"taxonomy":"product_cat","embeddable":true,"href":"https:\/\/www.honlufoodtrailer.com\/de\/wp-json\/wp\/v2\/product_cat?post=3978"},{"taxonomy":"product_tag","embeddable":true,"href":"https:\/\/www.honlufoodtrailer.com\/de\/wp-json\/wp\/v2\/product_tag?post=3978"}],"curies":[{"name":"wp","href":"https:\/\/api.w.org\/{rel}","templated":true}]}}