{"id":4943,"date":"2022-08-12T11:47:41","date_gmt":"2022-08-12T03:47:41","guid":{"rendered":"https:\/\/www.honlufoodtrailer.com\/?post_type=product&#038;p=4943"},"modified":"2024-10-28T17:35:22","modified_gmt":"2024-10-28T09:35:22","slug":"16-4ft-custom-black-square-food-trailer","status":"publish","type":"product","link":"https:\/\/www.honlufoodtrailer.com\/de\/product\/16-4ft-custom-black-square-food-trailer\/","title":{"rendered":"16,4 Fu\u00df gro\u00dfer individueller schwarzer quadratischer Lebensmittelanh\u00e4nger"},"content":{"rendered":"<p>Dies ist ein ma\u00dfgeschneiderter Foodtruck eines Kunden in Australien. Die Dachl\u00fcftung dieses ma\u00dfgeschneiderten Imbisswagens entspricht den australischen Handelsvorschriften. Wir entwerfen den Imbisswagen entsprechend Ihren Anforderungen und denen Ihres Landes. Sehen wir uns nun einige Bilder dieses 16,4 Fu\u00df langen Food-Trailers an.<br \/>\n<img fetchpriority=\"high\" decoding=\"async\" class=\"aligncenter wp-image-7747\" src=\"https:\/\/www.honlufoodtrailer.com\/wp-content\/uploads\/2022\/08\/16.4ft-Custom-Black-Square-Food-Trailer-front-view.jpg\" alt=\"16,4 Fu\u00df Custom Black Square Food Trailer Vorderansicht\" width=\"720\" height=\"480\" srcset=\"https:\/\/www.honlufoodtrailer.com\/wp-content\/uploads\/2022\/08\/16.4ft-Custom-Black-Square-Food-Trailer-front-view.jpg 1000w, https:\/\/www.honlufoodtrailer.com\/wp-content\/uploads\/2022\/08\/16.4ft-Custom-Black-Square-Food-Trailer-front-view-768x511.jpg 768w, https:\/\/www.honlufoodtrailer.com\/wp-content\/uploads\/2022\/08\/16.4ft-Custom-Black-Square-Food-Trailer-front-view-480x320.jpg 480w, https:\/\/www.honlufoodtrailer.com\/wp-content\/uploads\/2022\/08\/16.4ft-Custom-Black-Square-Food-Trailer-front-view-300x200.jpg 300w, https:\/\/www.honlufoodtrailer.com\/wp-content\/uploads\/2022\/08\/16.4ft-Custom-Black-Square-Food-Trailer-front-view-720x480.jpg 720w\" sizes=\"(max-width: 720px) 100vw, 720px\" \/><\/p>\n<p><img decoding=\"async\" class=\"aligncenter size-full wp-image-7746\" src=\"https:\/\/www.honlufoodtrailer.com\/wp-content\/uploads\/2022\/08\/16.4ft-Custom-Black-Square-Food-Trailer-back-view.jpg\" alt=\"16,4 Fu\u00df Custom Black Square Food Trailer R\u00fcckansicht\" width=\"750\" height=\"540\" srcset=\"https:\/\/www.honlufoodtrailer.com\/wp-content\/uploads\/2022\/08\/16.4ft-Custom-Black-Square-Food-Trailer-back-view.jpg 750w, https:\/\/www.honlufoodtrailer.com\/wp-content\/uploads\/2022\/08\/16.4ft-Custom-Black-Square-Food-Trailer-back-view-480x346.jpg 480w, https:\/\/www.honlufoodtrailer.com\/wp-content\/uploads\/2022\/08\/16.4ft-Custom-Black-Square-Food-Trailer-back-view-300x216.jpg 300w, https:\/\/www.honlufoodtrailer.com\/wp-content\/uploads\/2022\/08\/16.4ft-Custom-Black-Square-Food-Trailer-back-view-720x518.jpg 720w\" sizes=\"(max-width: 750px) 100vw, 750px\" \/><\/p>\n<h3>Innere Details dieses 16,4 Fu\u00df langen, ma\u00dfgeschneiderten Black Square Food Trailers<\/h3>\n<p>Dieser Imbisswagen ist 16,4 Fu\u00df lang und enth\u00e4lt vier Sp\u00fclen, eine Fritteuse, einen Gasherd und mehr.<\/p>\n<p><img decoding=\"async\" class=\"wp-image-4945 size-full aligncenter\" src=\"https:\/\/www.honlufoodtrailer.com\/wp-content\/uploads\/2022\/08\/\u5149\u5f71\u9b54\u672f\u624b\u62fc\u56fe.jpg\" alt=\"\" width=\"800\" height=\"800\" srcset=\"https:\/\/www.honlufoodtrailer.com\/wp-content\/uploads\/2022\/08\/\u5149\u5f71\u9b54\u672f\u624b\u62fc\u56fe.jpg 800w, https:\/\/www.honlufoodtrailer.com\/wp-content\/uploads\/2022\/08\/\u5149\u5f71\u9b54\u672f\u624b\u62fc\u56fe-768x768.jpg 768w, https:\/\/www.honlufoodtrailer.com\/wp-content\/uploads\/2022\/08\/\u5149\u5f71\u9b54\u672f\u624b\u62fc\u56fe-360x360.jpg 360w, https:\/\/www.honlufoodtrailer.com\/wp-content\/uploads\/2022\/08\/\u5149\u5f71\u9b54\u672f\u624b\u62fc\u56fe-300x300.jpg 300w, https:\/\/www.honlufoodtrailer.com\/wp-content\/uploads\/2022\/08\/\u5149\u5f71\u9b54\u672f\u624b\u62fc\u56fe-720x720.jpg 720w, https:\/\/www.honlufoodtrailer.com\/wp-content\/uploads\/2022\/08\/\u5149\u5f71\u9b54\u672f\u624b\u62fc\u56fe-100x100.jpg 100w\" sizes=\"(max-width: 800px) 100vw, 800px\" \/><\/p>\n<p>Die Sp\u00fcle im Inneren des Anh\u00e4ngers ist an der Oberseite des Speiseanh\u00e4ngers angebracht und wird entsprechend den \u00f6rtlichen gesetzlichen Anforderungen des Kunden als Drei-Sp\u00fclen-Design angepasst. Die Sp\u00fclenoberfl\u00e4che besteht aus Marmorplatten.<\/p>\n<p><img loading=\"lazy\" decoding=\"async\" class=\"wp-image-4946 size-full aligncenter\" src=\"https:\/\/www.honlufoodtrailer.com\/wp-content\/uploads\/2022\/08\/IMG_3364.jpg\" alt=\"\" width=\"1000\" height=\"666\" srcset=\"https:\/\/www.honlufoodtrailer.com\/wp-content\/uploads\/2022\/08\/IMG_3364.jpg 1000w, https:\/\/www.honlufoodtrailer.com\/wp-content\/uploads\/2022\/08\/IMG_3364-768x511.jpg 768w, https:\/\/www.honlufoodtrailer.com\/wp-content\/uploads\/2022\/08\/IMG_3364-480x320.jpg 480w, https:\/\/www.honlufoodtrailer.com\/wp-content\/uploads\/2022\/08\/IMG_3364-300x200.jpg 300w, https:\/\/www.honlufoodtrailer.com\/wp-content\/uploads\/2022\/08\/IMG_3364-720x480.jpg 720w\" sizes=\"(max-width: 1000px) 100vw, 1000px\" \/><\/p>\n<p>Je nach Kundenwunsch haben wir auch eine kleine Toilette auf der R\u00fcckseite des Imbisswagens mit vollst\u00e4ndig geschlossenem Design angepasst.<\/p>\n<p><img loading=\"lazy\" decoding=\"async\" class=\"wp-image-4947 size-full aligncenter\" src=\"https:\/\/www.honlufoodtrailer.com\/wp-content\/uploads\/2022\/08\/IMG_3321.jpg\" alt=\"\" width=\"1000\" height=\"666\" srcset=\"https:\/\/www.honlufoodtrailer.com\/wp-content\/uploads\/2022\/08\/IMG_3321.jpg 1000w, https:\/\/www.honlufoodtrailer.com\/wp-content\/uploads\/2022\/08\/IMG_3321-768x511.jpg 768w, https:\/\/www.honlufoodtrailer.com\/wp-content\/uploads\/2022\/08\/IMG_3321-480x320.jpg 480w, https:\/\/www.honlufoodtrailer.com\/wp-content\/uploads\/2022\/08\/IMG_3321-300x200.jpg 300w, https:\/\/www.honlufoodtrailer.com\/wp-content\/uploads\/2022\/08\/IMG_3321-720x480.jpg 720w\" sizes=\"(max-width: 1000px) 100vw, 1000px\" \/><\/p>\n<h3 class=\"magic-6\" data-spm-anchor-id=\"a2700.wholesale.0.i28.29e52808agqc7f\">Hauptmerkmale des quadratischen Lebensmittelanh\u00e4ngers<\/h3>\n<div class=\"magic-7\">\n<div class=\"magic-8\">\n<div class=\"magic-9\" data-id=\"paragraph0\">\n<ol>\n<li>Das modische Aussehen kann individuell angepasst werden;<\/li>\n<li>Anh\u00e4ngerk\u00f6rper und innere Struktur aus Edelstahl, gute Hitzebest\u00e4ndigkeit, Verschlei\u00dffestigkeit und Korrosionsbest\u00e4ndigkeit;<\/li>\n<li>Modernes und fortschrittliches Zubeh\u00f6r im mobilen Food-Trailer;<\/li>\n<li>Es ist sto\u00dffest und korrosionsbest\u00e4ndig, hitzebest\u00e4ndig und hochfest, farbecht, verformungsfrei, wasserdicht und langlebig;<\/li>\n<li>Wir sind gerne bereit, sie nach Ihren W\u00fcnschen zu \u00e4ndern.<\/li>\n<\/ol>\n<h3>Kostenlose 2D\/3D-Grundrisszeichnung<\/h3>\n<p>Nach der Best\u00e4tigung der Abmessungen des Lebensmittelanh\u00e4ngers und der internen K\u00fcchenausstattung k\u00f6nnen wir Ihnen kostenlos 3D-Zeichnungen zur Verf\u00fcgung stellen. Dadurch erhalten Sie eine klarere Vorstellung von Ihrem Entwurf und Ihrem Lebensmittelwagen. Wenn wir den Standort der K\u00fcchenger\u00e4te best\u00e4tigen, k\u00f6nnen wir uns anhand des Grundrisses klar mit Ihnen verst\u00e4ndigen. Wir k\u00f6nnen Ihnen auch Originaldokumente zur Verf\u00fcgung stellen, um Ihre Planung zu erleichtern und Anpassungen vorzunehmen.<\/p>\n<\/div>\n<\/div>\n<\/div>","protected":false},"excerpt":{"rendered":"<p data-spm-anchor-id=\"a2700.wholesale.0.i28.29e52808agqc7f\">Dies ist einer unserer ma\u00dfgefertigten F\u00fcnf-Meter-Lebensmittelanh\u00e4nger mit voller K\u00fcche. Die Vorderseite des Fahrzeugs ist mit einem gro\u00dfen Fenster ausgestattet und verf\u00fcgt \u00fcber einen integrierten Unterstand und einen Servicetisch. Je nach Kundenwunsch ist der gesamte Anh\u00e4nger kompakt und einfach zu bedienen. Er ist das bevorzugte Modell f\u00fcr den Einstieg in das mobile Lebensmittelgesch\u00e4ft.<\/p>","protected":false},"featured_media":4947,"template":"","meta":{"_themeisle_gutenberg_block_has_review":false},"product_brand":[],"product_cat":[26],"product_tag":[53,33,41,38,52],"class_list":{"0":"post-4943","1":"product","2":"type-product","3":"status-publish","4":"has-post-thumbnail","6":"product_cat-product","7":"product_tag-customized-sinks","8":"product_tag-customized-trailer","9":"product_tag-galvanized-trailer","10":"product_tag-mobile-food-trailer","11":"product_tag-personalized-billboard","13":"first","14":"instock","15":"shipping-taxable","16":"product-type-simple"},"yoast_head":"<!-- This site is optimized with the Yoast SEO plugin v27.6 - https:\/\/yoast.com\/product\/yoast-seo-wordpress\/ -->\n<title>16.4ft Custom Black Square Food Trailer - Honlu food trailer<\/title>\n<meta name=\"description\" content=\"This is one of our custom-made five-meter food trailers with full kitchen. The front of the vehicle is designed with a large window, equipped with an integrated shelter and service table. According to customer needs, the whole trailer is compact and easy to use. It is the preferred model for starting the mobile food business.\" \/>\n<meta name=\"robots\" content=\"index, follow, max-snippet:-1, max-image-preview:large, max-video-preview:-1\" \/>\n<link rel=\"canonical\" href=\"https:\/\/www.honlufoodtrailer.com\/de\/product\/16-4ft-custom-black-square-food-trailer\/\" \/>\n<meta property=\"og:locale\" content=\"de_DE\" \/>\n<meta property=\"og:type\" content=\"article\" \/>\n<meta property=\"og:title\" content=\"16.4ft Custom Black Square Food Trailer - Honlu food trailer\" \/>\n<meta property=\"og:description\" content=\"This is one of our custom-made five-meter food trailers with full kitchen. The front of the vehicle is designed with a large window, equipped with an integrated shelter and service table. According to customer needs, the whole trailer is compact and easy to use. It is the preferred model for starting the mobile food business.\" \/>\n<meta property=\"og:url\" content=\"https:\/\/www.honlufoodtrailer.com\/de\/product\/16-4ft-custom-black-square-food-trailer\/\" \/>\n<meta property=\"og:site_name\" content=\"Honlu food trailer\" \/>\n<meta property=\"article:modified_time\" content=\"2024-10-28T09:35:22+00:00\" \/>\n<meta property=\"og:image\" content=\"https:\/\/www.honlufoodtrailer.com\/wp-content\/uploads\/2022\/08\/IMG_3321.jpg\" \/>\n\t<meta property=\"og:image:width\" content=\"1000\" \/>\n\t<meta property=\"og:image:height\" content=\"666\" \/>\n\t<meta property=\"og:image:type\" content=\"image\/jpeg\" \/>\n<meta name=\"twitter:card\" content=\"summary_large_image\" \/>\n<meta name=\"twitter:label1\" content=\"Gesch\u00e4tzte Lesezeit\" \/>\n\t<meta name=\"twitter:data1\" content=\"3\u00a0Minuten\" \/>\n<script type=\"application\/ld+json\" class=\"yoast-schema-graph\">{\"@context\":\"https:\\\/\\\/schema.org\",\"@graph\":[{\"@type\":\"WebPage\",\"@id\":\"https:\\\/\\\/www.honlufoodtrailer.com\\\/product\\\/16-4ft-custom-black-square-food-trailer\\\/\",\"url\":\"https:\\\/\\\/www.honlufoodtrailer.com\\\/product\\\/16-4ft-custom-black-square-food-trailer\\\/\",\"name\":\"16.4ft Custom Black Square Food Trailer - Honlu food trailer\",\"isPartOf\":{\"@id\":\"https:\\\/\\\/www.honlufoodtrailer.com\\\/#website\"},\"primaryImageOfPage\":{\"@id\":\"https:\\\/\\\/www.honlufoodtrailer.com\\\/product\\\/16-4ft-custom-black-square-food-trailer\\\/#primaryimage\"},\"image\":{\"@id\":\"https:\\\/\\\/www.honlufoodtrailer.com\\\/product\\\/16-4ft-custom-black-square-food-trailer\\\/#primaryimage\"},\"thumbnailUrl\":\"https:\\\/\\\/www.honlufoodtrailer.com\\\/wp-content\\\/uploads\\\/2022\\\/08\\\/IMG_3321.jpg\",\"datePublished\":\"2022-08-12T03:47:41+00:00\",\"dateModified\":\"2024-10-28T09:35:22+00:00\",\"description\":\"This is one of our custom-made five-meter food trailers with full kitchen. The front of the vehicle is designed with a large window, equipped with an integrated shelter and service table. According to customer needs, the whole trailer is compact and easy to use. It is the preferred model for starting the mobile food business.\",\"breadcrumb\":{\"@id\":\"https:\\\/\\\/www.honlufoodtrailer.com\\\/product\\\/16-4ft-custom-black-square-food-trailer\\\/#breadcrumb\"},\"inLanguage\":\"de\",\"potentialAction\":[{\"@type\":\"ReadAction\",\"target\":[\"https:\\\/\\\/www.honlufoodtrailer.com\\\/product\\\/16-4ft-custom-black-square-food-trailer\\\/\"]}]},{\"@type\":\"ImageObject\",\"inLanguage\":\"de\",\"@id\":\"https:\\\/\\\/www.honlufoodtrailer.com\\\/product\\\/16-4ft-custom-black-square-food-trailer\\\/#primaryimage\",\"url\":\"https:\\\/\\\/www.honlufoodtrailer.com\\\/wp-content\\\/uploads\\\/2022\\\/08\\\/IMG_3321.jpg\",\"contentUrl\":\"https:\\\/\\\/www.honlufoodtrailer.com\\\/wp-content\\\/uploads\\\/2022\\\/08\\\/IMG_3321.jpg\",\"width\":1000,\"height\":666},{\"@type\":\"BreadcrumbList\",\"@id\":\"https:\\\/\\\/www.honlufoodtrailer.com\\\/product\\\/16-4ft-custom-black-square-food-trailer\\\/#breadcrumb\",\"itemListElement\":[{\"@type\":\"ListItem\",\"position\":1,\"name\":\"Home\",\"item\":\"https:\\\/\\\/www.honlufoodtrailer.com\\\/\"},{\"@type\":\"ListItem\",\"position\":2,\"name\":\"\u4ea7\u54c1\",\"item\":\"https:\\\/\\\/www.honlufoodtrailer.com\\\/shop\\\/\"},{\"@type\":\"ListItem\",\"position\":3,\"name\":\"16.4ft Custom Black Square Food Trailer\"}]},{\"@type\":\"WebSite\",\"@id\":\"https:\\\/\\\/www.honlufoodtrailer.com\\\/#website\",\"url\":\"https:\\\/\\\/www.honlufoodtrailer.com\\\/\",\"name\":\"Honlu food trailer\",\"description\":\"\",\"publisher\":{\"@id\":\"https:\\\/\\\/www.honlufoodtrailer.com\\\/#organization\"},\"potentialAction\":[{\"@type\":\"SearchAction\",\"target\":{\"@type\":\"EntryPoint\",\"urlTemplate\":\"https:\\\/\\\/www.honlufoodtrailer.com\\\/?s={search_term_string}\"},\"query-input\":{\"@type\":\"PropertyValueSpecification\",\"valueRequired\":true,\"valueName\":\"search_term_string\"}}],\"inLanguage\":\"de\"},{\"@type\":\"Organization\",\"@id\":\"https:\\\/\\\/www.honlufoodtrailer.com\\\/#organization\",\"name\":\"Honlu food trailer\",\"url\":\"https:\\\/\\\/www.honlufoodtrailer.com\\\/\",\"logo\":{\"@type\":\"ImageObject\",\"inLanguage\":\"de\",\"@id\":\"https:\\\/\\\/www.honlufoodtrailer.com\\\/#\\\/schema\\\/logo\\\/image\\\/\",\"url\":\"https:\\\/\\\/www.honlufoodtrailer.com\\\/wp-content\\\/uploads\\\/2021\\\/12\\\/2.gif\",\"contentUrl\":\"https:\\\/\\\/www.honlufoodtrailer.com\\\/wp-content\\\/uploads\\\/2021\\\/12\\\/2.gif\",\"width\":350,\"height\":100,\"caption\":\"Honlu food trailer\"},\"image\":{\"@id\":\"https:\\\/\\\/www.honlufoodtrailer.com\\\/#\\\/schema\\\/logo\\\/image\\\/\"}}]}<\/script>\n<!-- \/ Yoast SEO plugin. -->","yoast_head_json":{"title":"16,4 Fu\u00df Custom Black Square Food Trailer \u2013 Honlu Food Trailer","description":"Dies ist einer unserer ma\u00dfgefertigten F\u00fcnf-Meter-Lebensmittelanh\u00e4nger mit voller K\u00fcche. Die Vorderseite des Fahrzeugs ist mit einem gro\u00dfen Fenster ausgestattet und verf\u00fcgt \u00fcber einen integrierten Unterstand und einen Servicetisch. Je nach Kundenwunsch ist der gesamte Anh\u00e4nger kompakt und einfach zu bedienen. Er ist das bevorzugte Modell f\u00fcr den Einstieg in das mobile Lebensmittelgesch\u00e4ft.","robots":{"index":"index","follow":"follow","max-snippet":"max-snippet:-1","max-image-preview":"max-image-preview:large","max-video-preview":"max-video-preview:-1"},"canonical":"https:\/\/www.honlufoodtrailer.com\/de\/product\/16-4ft-custom-black-square-food-trailer\/","og_locale":"de_DE","og_type":"article","og_title":"16.4ft Custom Black Square Food Trailer - Honlu food trailer","og_description":"This is one of our custom-made five-meter food trailers with full kitchen. The front of the vehicle is designed with a large window, equipped with an integrated shelter and service table. According to customer needs, the whole trailer is compact and easy to use. It is the preferred model for starting the mobile food business.","og_url":"https:\/\/www.honlufoodtrailer.com\/de\/product\/16-4ft-custom-black-square-food-trailer\/","og_site_name":"Honlu food trailer","article_modified_time":"2024-10-28T09:35:22+00:00","og_image":[{"width":1000,"height":666,"url":"https:\/\/www.honlufoodtrailer.com\/wp-content\/uploads\/2022\/08\/IMG_3321.jpg","type":"image\/jpeg"}],"twitter_card":"summary_large_image","twitter_misc":{"Gesch\u00e4tzte Lesezeit":"3\u00a0Minuten"},"schema":{"@context":"https:\/\/schema.org","@graph":[{"@type":"WebPage","@id":"https:\/\/www.honlufoodtrailer.com\/product\/16-4ft-custom-black-square-food-trailer\/","url":"https:\/\/www.honlufoodtrailer.com\/product\/16-4ft-custom-black-square-food-trailer\/","name":"16,4 Fu\u00df Custom Black Square Food Trailer \u2013 Honlu Food Trailer","isPartOf":{"@id":"https:\/\/www.honlufoodtrailer.com\/#website"},"primaryImageOfPage":{"@id":"https:\/\/www.honlufoodtrailer.com\/product\/16-4ft-custom-black-square-food-trailer\/#primaryimage"},"image":{"@id":"https:\/\/www.honlufoodtrailer.com\/product\/16-4ft-custom-black-square-food-trailer\/#primaryimage"},"thumbnailUrl":"https:\/\/www.honlufoodtrailer.com\/wp-content\/uploads\/2022\/08\/IMG_3321.jpg","datePublished":"2022-08-12T03:47:41+00:00","dateModified":"2024-10-28T09:35:22+00:00","description":"Dies ist einer unserer ma\u00dfgefertigten F\u00fcnf-Meter-Lebensmittelanh\u00e4nger mit voller K\u00fcche. Die Vorderseite des Fahrzeugs ist mit einem gro\u00dfen Fenster ausgestattet und verf\u00fcgt \u00fcber einen integrierten Unterstand und einen Servicetisch. Je nach Kundenwunsch ist der gesamte Anh\u00e4nger kompakt und einfach zu bedienen. Er ist das bevorzugte Modell f\u00fcr den Einstieg in das mobile Lebensmittelgesch\u00e4ft.","breadcrumb":{"@id":"https:\/\/www.honlufoodtrailer.com\/product\/16-4ft-custom-black-square-food-trailer\/#breadcrumb"},"inLanguage":"de","potentialAction":[{"@type":"ReadAction","target":["https:\/\/www.honlufoodtrailer.com\/product\/16-4ft-custom-black-square-food-trailer\/"]}]},{"@type":"ImageObject","inLanguage":"de","@id":"https:\/\/www.honlufoodtrailer.com\/product\/16-4ft-custom-black-square-food-trailer\/#primaryimage","url":"https:\/\/www.honlufoodtrailer.com\/wp-content\/uploads\/2022\/08\/IMG_3321.jpg","contentUrl":"https:\/\/www.honlufoodtrailer.com\/wp-content\/uploads\/2022\/08\/IMG_3321.jpg","width":1000,"height":666},{"@type":"BreadcrumbList","@id":"https:\/\/www.honlufoodtrailer.com\/product\/16-4ft-custom-black-square-food-trailer\/#breadcrumb","itemListElement":[{"@type":"ListItem","position":1,"name":"Home","item":"https:\/\/www.honlufoodtrailer.com\/"},{"@type":"ListItem","position":2,"name":"\u4ea7\u54c1","item":"https:\/\/www.honlufoodtrailer.com\/shop\/"},{"@type":"ListItem","position":3,"name":"16.4ft Custom Black Square Food Trailer"}]},{"@type":"WebSite","@id":"https:\/\/www.honlufoodtrailer.com\/#website","url":"https:\/\/www.honlufoodtrailer.com\/","name":"Honlu-Lebensmittelanh\u00e4nger","description":"","publisher":{"@id":"https:\/\/www.honlufoodtrailer.com\/#organization"},"potentialAction":[{"@type":"SearchAction","target":{"@type":"EntryPoint","urlTemplate":"https:\/\/www.honlufoodtrailer.com\/?s={search_term_string}"},"query-input":{"@type":"PropertyValueSpecification","valueRequired":true,"valueName":"search_term_string"}}],"inLanguage":"de"},{"@type":"Organization","@id":"https:\/\/www.honlufoodtrailer.com\/#organization","name":"Honlu-Lebensmittelanh\u00e4nger","url":"https:\/\/www.honlufoodtrailer.com\/","logo":{"@type":"ImageObject","inLanguage":"de","@id":"https:\/\/www.honlufoodtrailer.com\/#\/schema\/logo\/image\/","url":"https:\/\/www.honlufoodtrailer.com\/wp-content\/uploads\/2021\/12\/2.gif","contentUrl":"https:\/\/www.honlufoodtrailer.com\/wp-content\/uploads\/2021\/12\/2.gif","width":350,"height":100,"caption":"Honlu food trailer"},"image":{"@id":"https:\/\/www.honlufoodtrailer.com\/#\/schema\/logo\/image\/"}}]}},"_links":{"self":[{"href":"https:\/\/www.honlufoodtrailer.com\/de\/wp-json\/wp\/v2\/product\/4943","targetHints":{"allow":["GET"]}}],"collection":[{"href":"https:\/\/www.honlufoodtrailer.com\/de\/wp-json\/wp\/v2\/product"}],"about":[{"href":"https:\/\/www.honlufoodtrailer.com\/de\/wp-json\/wp\/v2\/types\/product"}],"version-history":[{"count":0,"href":"https:\/\/www.honlufoodtrailer.com\/de\/wp-json\/wp\/v2\/product\/4943\/revisions"}],"wp:featuredmedia":[{"embeddable":true,"href":"https:\/\/www.honlufoodtrailer.com\/de\/wp-json\/wp\/v2\/media\/4947"}],"wp:attachment":[{"href":"https:\/\/www.honlufoodtrailer.com\/de\/wp-json\/wp\/v2\/media?parent=4943"}],"wp:term":[{"taxonomy":"product_brand","embeddable":true,"href":"https:\/\/www.honlufoodtrailer.com\/de\/wp-json\/wp\/v2\/product_brand?post=4943"},{"taxonomy":"product_cat","embeddable":true,"href":"https:\/\/www.honlufoodtrailer.com\/de\/wp-json\/wp\/v2\/product_cat?post=4943"},{"taxonomy":"product_tag","embeddable":true,"href":"https:\/\/www.honlufoodtrailer.com\/de\/wp-json\/wp\/v2\/product_tag?post=4943"}],"curies":[{"name":"wp","href":"https:\/\/api.w.org\/{rel}","templated":true}]}}