{"id":5404,"date":"2023-01-07T15:58:56","date_gmt":"2023-01-07T07:58:56","guid":{"rendered":"https:\/\/www.honlufoodtrailer.com\/?post_type=product&#038;p=5404"},"modified":"2024-03-15T15:19:55","modified_gmt":"2024-03-15T07:19:55","slug":"mobile-bar-food-truck-pizza-food-truck-ice-cream-truck-fully-equipped-food-trailer-used-for-sale-catering","status":"publish","type":"product","link":"https:\/\/www.honlufoodtrailer.com\/de\/product\/mobile-bar-food-truck-pizza-food-truck-ice-cream-truck-fully-equipped-food-trailer-used-for-sale-catering\/","title":{"rendered":"Mobiler Imbisswagen (Bar, Pizza, Eis) \u2013 komplett ausgestatteter Foodtruck, gebraucht, zu verkaufen (Catering)"},"content":{"rendered":"<p>Quadratischer Food-Trailer mit kundenspezifischen Fast-Food-Maschinen.<br \/>\nKundenspezifische Gr\u00f6\u00dfe: 3m bis 11m L\u00e4nge, 9.8ft 13ft 16ft 20ft 40ft Lebensmittelanh\u00e4nger.<\/p>\n<p>Der abgebildete Imbisswagen hat die Ma\u00dfe 7000 x 2000 x 2100 mm (22 Fu\u00df x 6,56 Fu\u00df x 6,88 Fu\u00df, L x B x H) oder kann nach Ihren W\u00fcnschen angepasst werden.<\/p>\n<p>Sagen Sie uns einfach, wie viele Personen in dem Wohnwagen arbeiten werden, dann ist alles in Ordnung.<\/p>\n<p><img fetchpriority=\"high\" decoding=\"async\" class=\"alignnone size-full wp-image-5405\" src=\"https:\/\/www.honlufoodtrailer.com\/wp-content\/uploads\/2023\/01\/720\u00d7540-1-4.jpg\" alt=\"\" width=\"720\" height=\"540\" srcset=\"https:\/\/www.honlufoodtrailer.com\/wp-content\/uploads\/2023\/01\/720\u00d7540-1-4.jpg 720w, https:\/\/www.honlufoodtrailer.com\/wp-content\/uploads\/2023\/01\/720\u00d7540-1-4-480x360.jpg 480w, https:\/\/www.honlufoodtrailer.com\/wp-content\/uploads\/2023\/01\/720\u00d7540-1-4-300x225.jpg 300w\" sizes=\"(max-width: 720px) 100vw, 720px\" \/><\/p>\n<p><b data-spm-anchor-id=\"a2700.details.0.i9.1018c40b3cIxOh\">ANMERKUNG\uff1a<\/b><\/p>\n<p>1. K\u00f6rpergr\u00f6\u00dfe ist nicht festgelegt, Sie k\u00f6nnen Ihre eigene Gr\u00f6\u00dfe und Design haben. Anpassung ist verf\u00fcgbar\uff1b<\/p>\n<p>2. Jede unsichere Anh\u00e4nger Design, z\u00f6gern Sie nicht, mit uns zu sprechen\uff1b<\/p>\n<p>3. wir k\u00f6nnen 3D-Zeichnungen f\u00fcr Sie zur Verf\u00fcgung stellen, damit Sie eine Vorschau auf das Innere Ihres Lebensmittelanh\u00e4ngers erhalten.<\/p>\n<p><img decoding=\"async\" class=\"alignnone size-full wp-image-5406\" src=\"https:\/\/www.honlufoodtrailer.com\/wp-content\/uploads\/2023\/01\/720\u00d7540-3-4.jpg\" alt=\"\" width=\"720\" height=\"540\" srcset=\"https:\/\/www.honlufoodtrailer.com\/wp-content\/uploads\/2023\/01\/720\u00d7540-3-4.jpg 720w, https:\/\/www.honlufoodtrailer.com\/wp-content\/uploads\/2023\/01\/720\u00d7540-3-4-480x360.jpg 480w, https:\/\/www.honlufoodtrailer.com\/wp-content\/uploads\/2023\/01\/720\u00d7540-3-4-300x225.jpg 300w\" sizes=\"(max-width: 720px) 100vw, 720px\" \/><\/p>\n<p>Das Design von Schiebefenstern mit Fenstergittern kann den Bed\u00fcrfnissen der Kunden f\u00fcr die Gastronomie entsprechen.<\/p>\n<p><img decoding=\"async\" class=\"alignnone size-full wp-image-5408\" src=\"https:\/\/www.honlufoodtrailer.com\/wp-content\/uploads\/2023\/01\/720\u00d7540-10-2.jpg\" alt=\"\" width=\"720\" height=\"540\" srcset=\"https:\/\/www.honlufoodtrailer.com\/wp-content\/uploads\/2023\/01\/720\u00d7540-10-2.jpg 720w, https:\/\/www.honlufoodtrailer.com\/wp-content\/uploads\/2023\/01\/720\u00d7540-10-2-480x360.jpg 480w, https:\/\/www.honlufoodtrailer.com\/wp-content\/uploads\/2023\/01\/720\u00d7540-10-2-300x225.jpg 300w\" sizes=\"(max-width: 720px) 100vw, 720px\" \/><\/p>\n<p>Design f\u00fcr 3 Wassersp\u00fclen \u2013 Einzelsp\u00fclen, Doppelsp\u00fclen, 3+1 Wassersp\u00fclen k\u00f6nnen auch nach Ihren W\u00fcnschen angepasst werden.<\/p>\n<p><img loading=\"lazy\" decoding=\"async\" class=\"alignnone size-full wp-image-5407\" src=\"https:\/\/www.honlufoodtrailer.com\/wp-content\/uploads\/2023\/01\/720\u00d7540-5-4.jpg\" alt=\"\" width=\"720\" height=\"540\" srcset=\"https:\/\/www.honlufoodtrailer.com\/wp-content\/uploads\/2023\/01\/720\u00d7540-5-4.jpg 720w, https:\/\/www.honlufoodtrailer.com\/wp-content\/uploads\/2023\/01\/720\u00d7540-5-4-480x360.jpg 480w, https:\/\/www.honlufoodtrailer.com\/wp-content\/uploads\/2023\/01\/720\u00d7540-5-4-300x225.jpg 300w\" sizes=\"(max-width: 720px) 100vw, 720px\" \/><\/p>\n<p>&nbsp;<\/p>\n<h3 class=\"magic-6\" data-spm-anchor-id=\"a2700.wholesale.0.i28.29e52808agqc7f\">Hauptmerkmale des quadratischen Lebensmittelanh\u00e4ngers<\/h3>\n<div class=\"magic-7\">\n<div class=\"magic-8\">\n<div class=\"magic-9\" data-id=\"paragraph0\">\n<ol>\n<li>Das modische Aussehen kann individuell angepasst werden;<\/li>\n<li>Anh\u00e4ngerk\u00f6rper und innere Struktur aus Edelstahl, gute Hitzebest\u00e4ndigkeit, Verschlei\u00dffestigkeit und Korrosionsbest\u00e4ndigkeit;<\/li>\n<li>Modernes und fortschrittliches Zubeh\u00f6r im mobilen Food-Trailer;<\/li>\n<li>Es ist sto\u00dffest und korrosionsbest\u00e4ndig, hitzebest\u00e4ndig und hochfest, farbecht, verformungsfrei, wasserdicht und langlebig;<\/li>\n<li>Wir sind gerne bereit, sie nach Ihren W\u00fcnschen zu \u00e4ndern.<\/li>\n<\/ol>\n<h3>Kostenlose 2D\/3D-Grundrisszeichnung<\/h3>\n<p>Nach der Best\u00e4tigung der Abmessungen des Lebensmittelanh\u00e4ngers und der internen K\u00fcchenausstattung k\u00f6nnen wir Ihnen kostenlos 3D-Zeichnungen zur Verf\u00fcgung stellen. Dadurch erhalten Sie eine klarere Vorstellung von Ihrem Entwurf und Ihrem Lebensmittelwagen. Wenn wir den Standort der K\u00fcchenger\u00e4te best\u00e4tigen, k\u00f6nnen wir uns anhand des Grundrisses klar mit Ihnen verst\u00e4ndigen. Wir k\u00f6nnen Ihnen auch Originaldokumente zur Verf\u00fcgung stellen, um Ihre Planung zu erleichtern und Anpassungen vorzunehmen.<\/p>\n<\/div>\n<\/div>\n<\/div>","protected":false},"excerpt":{"rendered":"<p data-spm-anchor-id=\"a2700.wholesale.0.i28.29e52808agqc7f\">Dies ist einer unserer ma\u00dfgefertigten F\u00fcnf-Meter-Lebensmittelanh\u00e4nger mit voller K\u00fcche. Die Vorderseite des Fahrzeugs ist mit einem gro\u00dfen Fenster ausgestattet und verf\u00fcgt \u00fcber einen integrierten Unterstand und einen Servicetisch. Je nach Kundenwunsch ist der gesamte Anh\u00e4nger kompakt und einfach zu bedienen. Er ist das bevorzugte Modell f\u00fcr den Einstieg in das mobile Lebensmittelgesch\u00e4ft.<\/p>","protected":false},"featured_media":5409,"template":"","meta":{"_themeisle_gutenberg_block_has_review":false},"product_brand":[],"product_cat":[26],"product_tag":[53,33,41,38,52],"class_list":{"0":"post-5404","1":"product","2":"type-product","3":"status-publish","4":"has-post-thumbnail","6":"product_cat-product","7":"product_tag-customized-sinks","8":"product_tag-customized-trailer","9":"product_tag-galvanized-trailer","10":"product_tag-mobile-food-trailer","11":"product_tag-personalized-billboard","13":"first","14":"instock","15":"shipping-taxable","16":"product-type-simple"},"yoast_head":"<!-- This site is optimized with the Yoast SEO plugin v27.4 - https:\/\/yoast.com\/product\/yoast-seo-wordpress\/ -->\n<title>Mobile Bar Food Truck Pizza Food Truck Ice Cream Truck Fully Equipped Food Trailer Used for Sale Catering - Honlu food trailer<\/title>\n<meta name=\"description\" content=\"This is one of our custom-made six-meter food trailers with full kitchen. The front of the trailer is designed with straight open window, equipped with an integrated shelter and service table. According to customer needs, the whole trailer is compact and easy to use. It is the preferred model for starting the mobile food business.\" \/>\n<meta name=\"robots\" content=\"index, follow, max-snippet:-1, max-image-preview:large, max-video-preview:-1\" \/>\n<link rel=\"canonical\" href=\"https:\/\/www.honlufoodtrailer.com\/de\/product\/mobile-bar-food-truck-pizza-food-truck-ice-cream-truck-fully-equipped-food-trailer-used-for-sale-catering\/\" \/>\n<meta property=\"og:locale\" content=\"de_DE\" \/>\n<meta property=\"og:type\" content=\"article\" \/>\n<meta property=\"og:title\" content=\"Mobile Bar Food Truck Pizza Food Truck Ice Cream Truck Fully Equipped Food Trailer Used for Sale Catering - Honlu food trailer\" \/>\n<meta property=\"og:description\" content=\"This is one of our custom-made six-meter food trailers with full kitchen. The front of the trailer is designed with straight open window, equipped with an integrated shelter and service table. According to customer needs, the whole trailer is compact and easy to use. It is the preferred model for starting the mobile food business.\" \/>\n<meta property=\"og:url\" content=\"https:\/\/www.honlufoodtrailer.com\/de\/product\/mobile-bar-food-truck-pizza-food-truck-ice-cream-truck-fully-equipped-food-trailer-used-for-sale-catering\/\" \/>\n<meta property=\"og:site_name\" content=\"Honlu food trailer\" \/>\n<meta property=\"article:modified_time\" content=\"2024-03-15T07:19:55+00:00\" \/>\n<meta property=\"og:image\" content=\"https:\/\/www.honlufoodtrailer.com\/wp-content\/uploads\/2023\/01\/720\u00d7540-15.jpg\" \/>\n\t<meta property=\"og:image:width\" content=\"720\" \/>\n\t<meta property=\"og:image:height\" content=\"540\" \/>\n\t<meta property=\"og:image:type\" content=\"image\/jpeg\" \/>\n<meta name=\"twitter:card\" content=\"summary_large_image\" \/>\n<meta name=\"twitter:label1\" content=\"Gesch\u00e4tzte Lesezeit\" \/>\n\t<meta name=\"twitter:data1\" content=\"3\u00a0Minuten\" \/>\n<script type=\"application\/ld+json\" class=\"yoast-schema-graph\">{\"@context\":\"https:\\\/\\\/schema.org\",\"@graph\":[{\"@type\":\"WebPage\",\"@id\":\"https:\\\/\\\/www.honlufoodtrailer.com\\\/product\\\/mobile-bar-food-truck-pizza-food-truck-ice-cream-truck-fully-equipped-food-trailer-used-for-sale-catering\\\/\",\"url\":\"https:\\\/\\\/www.honlufoodtrailer.com\\\/product\\\/mobile-bar-food-truck-pizza-food-truck-ice-cream-truck-fully-equipped-food-trailer-used-for-sale-catering\\\/\",\"name\":\"Mobile Bar Food Truck Pizza Food Truck Ice Cream Truck Fully Equipped Food Trailer Used for Sale Catering - Honlu food trailer\",\"isPartOf\":{\"@id\":\"https:\\\/\\\/www.honlufoodtrailer.com\\\/#website\"},\"primaryImageOfPage\":{\"@id\":\"https:\\\/\\\/www.honlufoodtrailer.com\\\/product\\\/mobile-bar-food-truck-pizza-food-truck-ice-cream-truck-fully-equipped-food-trailer-used-for-sale-catering\\\/#primaryimage\"},\"image\":{\"@id\":\"https:\\\/\\\/www.honlufoodtrailer.com\\\/product\\\/mobile-bar-food-truck-pizza-food-truck-ice-cream-truck-fully-equipped-food-trailer-used-for-sale-catering\\\/#primaryimage\"},\"thumbnailUrl\":\"https:\\\/\\\/www.honlufoodtrailer.com\\\/wp-content\\\/uploads\\\/2023\\\/01\\\/720\u00d7540-15.jpg\",\"datePublished\":\"2023-01-07T07:58:56+00:00\",\"dateModified\":\"2024-03-15T07:19:55+00:00\",\"description\":\"This is one of our custom-made six-meter food trailers with full kitchen. The front of the trailer is designed with straight open window, equipped with an integrated shelter and service table. According to customer needs, the whole trailer is compact and easy to use. It is the preferred model for starting the mobile food business.\",\"breadcrumb\":{\"@id\":\"https:\\\/\\\/www.honlufoodtrailer.com\\\/product\\\/mobile-bar-food-truck-pizza-food-truck-ice-cream-truck-fully-equipped-food-trailer-used-for-sale-catering\\\/#breadcrumb\"},\"inLanguage\":\"de\",\"potentialAction\":[{\"@type\":\"ReadAction\",\"target\":[\"https:\\\/\\\/www.honlufoodtrailer.com\\\/product\\\/mobile-bar-food-truck-pizza-food-truck-ice-cream-truck-fully-equipped-food-trailer-used-for-sale-catering\\\/\"]}]},{\"@type\":\"ImageObject\",\"inLanguage\":\"de\",\"@id\":\"https:\\\/\\\/www.honlufoodtrailer.com\\\/product\\\/mobile-bar-food-truck-pizza-food-truck-ice-cream-truck-fully-equipped-food-trailer-used-for-sale-catering\\\/#primaryimage\",\"url\":\"https:\\\/\\\/www.honlufoodtrailer.com\\\/wp-content\\\/uploads\\\/2023\\\/01\\\/720\u00d7540-15.jpg\",\"contentUrl\":\"https:\\\/\\\/www.honlufoodtrailer.com\\\/wp-content\\\/uploads\\\/2023\\\/01\\\/720\u00d7540-15.jpg\",\"width\":720,\"height\":540},{\"@type\":\"BreadcrumbList\",\"@id\":\"https:\\\/\\\/www.honlufoodtrailer.com\\\/product\\\/mobile-bar-food-truck-pizza-food-truck-ice-cream-truck-fully-equipped-food-trailer-used-for-sale-catering\\\/#breadcrumb\",\"itemListElement\":[{\"@type\":\"ListItem\",\"position\":1,\"name\":\"Home\",\"item\":\"https:\\\/\\\/www.honlufoodtrailer.com\\\/\"},{\"@type\":\"ListItem\",\"position\":2,\"name\":\"\u4ea7\u54c1\",\"item\":\"https:\\\/\\\/www.honlufoodtrailer.com\\\/shop\\\/\"},{\"@type\":\"ListItem\",\"position\":3,\"name\":\"Mobile Bar Food Truck Pizza Food Truck Ice Cream Truck Fully Equipped Food Trailer Used for Sale Catering\"}]},{\"@type\":\"WebSite\",\"@id\":\"https:\\\/\\\/www.honlufoodtrailer.com\\\/#website\",\"url\":\"https:\\\/\\\/www.honlufoodtrailer.com\\\/\",\"name\":\"Honlu food trailer\",\"description\":\"\",\"publisher\":{\"@id\":\"https:\\\/\\\/www.honlufoodtrailer.com\\\/#organization\"},\"potentialAction\":[{\"@type\":\"SearchAction\",\"target\":{\"@type\":\"EntryPoint\",\"urlTemplate\":\"https:\\\/\\\/www.honlufoodtrailer.com\\\/?s={search_term_string}\"},\"query-input\":{\"@type\":\"PropertyValueSpecification\",\"valueRequired\":true,\"valueName\":\"search_term_string\"}}],\"inLanguage\":\"de\"},{\"@type\":\"Organization\",\"@id\":\"https:\\\/\\\/www.honlufoodtrailer.com\\\/#organization\",\"name\":\"Honlu food trailer\",\"url\":\"https:\\\/\\\/www.honlufoodtrailer.com\\\/\",\"logo\":{\"@type\":\"ImageObject\",\"inLanguage\":\"de\",\"@id\":\"https:\\\/\\\/www.honlufoodtrailer.com\\\/#\\\/schema\\\/logo\\\/image\\\/\",\"url\":\"https:\\\/\\\/www.honlufoodtrailer.com\\\/wp-content\\\/uploads\\\/2021\\\/12\\\/2.gif\",\"contentUrl\":\"https:\\\/\\\/www.honlufoodtrailer.com\\\/wp-content\\\/uploads\\\/2021\\\/12\\\/2.gif\",\"width\":350,\"height\":100,\"caption\":\"Honlu food trailer\"},\"image\":{\"@id\":\"https:\\\/\\\/www.honlufoodtrailer.com\\\/#\\\/schema\\\/logo\\\/image\\\/\"}}]}<\/script>\n<!-- \/ Yoast SEO plugin. -->","yoast_head_json":{"title":"Mobiler Imbisswagen (Bar, Pizza, Eis), komplett ausgestatteter Foodtruck, gebraucht, Catering-Anh\u00e4nger zu verkaufen - Honlu Foodtruck","description":"Dies ist einer unserer ma\u00dfgefertigten Sechs-Meter-Lebensmittelanh\u00e4nger mit Vollk\u00fcche. Die Vorderseite des Anh\u00e4ngers ist mit einem geraden, offenen Fenster gestaltet und mit einem integrierten Unterstand und einem Servicetisch ausgestattet. Entsprechend den Kundenbed\u00fcrfnissen ist der gesamte Anh\u00e4nger kompakt und einfach zu bedienen. Er ist das bevorzugte Modell f\u00fcr den Einstieg in das mobile Lebensmittelgesch\u00e4ft.","robots":{"index":"index","follow":"follow","max-snippet":"max-snippet:-1","max-image-preview":"max-image-preview:large","max-video-preview":"max-video-preview:-1"},"canonical":"https:\/\/www.honlufoodtrailer.com\/de\/product\/mobile-bar-food-truck-pizza-food-truck-ice-cream-truck-fully-equipped-food-trailer-used-for-sale-catering\/","og_locale":"de_DE","og_type":"article","og_title":"Mobile Bar Food Truck Pizza Food Truck Ice Cream Truck Fully Equipped Food Trailer Used for Sale Catering - Honlu food trailer","og_description":"This is one of our custom-made six-meter food trailers with full kitchen. The front of the trailer is designed with straight open window, equipped with an integrated shelter and service table. According to customer needs, the whole trailer is compact and easy to use. It is the preferred model for starting the mobile food business.","og_url":"https:\/\/www.honlufoodtrailer.com\/de\/product\/mobile-bar-food-truck-pizza-food-truck-ice-cream-truck-fully-equipped-food-trailer-used-for-sale-catering\/","og_site_name":"Honlu food trailer","article_modified_time":"2024-03-15T07:19:55+00:00","og_image":[{"width":720,"height":540,"url":"https:\/\/www.honlufoodtrailer.com\/wp-content\/uploads\/2023\/01\/720\u00d7540-15.jpg","type":"image\/jpeg"}],"twitter_card":"summary_large_image","twitter_misc":{"Gesch\u00e4tzte Lesezeit":"3\u00a0Minuten"},"schema":{"@context":"https:\/\/schema.org","@graph":[{"@type":"WebPage","@id":"https:\/\/www.honlufoodtrailer.com\/product\/mobile-bar-food-truck-pizza-food-truck-ice-cream-truck-fully-equipped-food-trailer-used-for-sale-catering\/","url":"https:\/\/www.honlufoodtrailer.com\/product\/mobile-bar-food-truck-pizza-food-truck-ice-cream-truck-fully-equipped-food-trailer-used-for-sale-catering\/","name":"Mobiler Imbisswagen (Bar, Pizza, Eis), komplett ausgestatteter Foodtruck, gebraucht, Catering-Anh\u00e4nger zu verkaufen - Honlu Foodtruck","isPartOf":{"@id":"https:\/\/www.honlufoodtrailer.com\/#website"},"primaryImageOfPage":{"@id":"https:\/\/www.honlufoodtrailer.com\/product\/mobile-bar-food-truck-pizza-food-truck-ice-cream-truck-fully-equipped-food-trailer-used-for-sale-catering\/#primaryimage"},"image":{"@id":"https:\/\/www.honlufoodtrailer.com\/product\/mobile-bar-food-truck-pizza-food-truck-ice-cream-truck-fully-equipped-food-trailer-used-for-sale-catering\/#primaryimage"},"thumbnailUrl":"https:\/\/www.honlufoodtrailer.com\/wp-content\/uploads\/2023\/01\/720\u00d7540-15.jpg","datePublished":"2023-01-07T07:58:56+00:00","dateModified":"2024-03-15T07:19:55+00:00","description":"Dies ist einer unserer ma\u00dfgefertigten Sechs-Meter-Lebensmittelanh\u00e4nger mit Vollk\u00fcche. Die Vorderseite des Anh\u00e4ngers ist mit einem geraden, offenen Fenster gestaltet und mit einem integrierten Unterstand und einem Servicetisch ausgestattet. Entsprechend den Kundenbed\u00fcrfnissen ist der gesamte Anh\u00e4nger kompakt und einfach zu bedienen. Er ist das bevorzugte Modell f\u00fcr den Einstieg in das mobile Lebensmittelgesch\u00e4ft.","breadcrumb":{"@id":"https:\/\/www.honlufoodtrailer.com\/product\/mobile-bar-food-truck-pizza-food-truck-ice-cream-truck-fully-equipped-food-trailer-used-for-sale-catering\/#breadcrumb"},"inLanguage":"de","potentialAction":[{"@type":"ReadAction","target":["https:\/\/www.honlufoodtrailer.com\/product\/mobile-bar-food-truck-pizza-food-truck-ice-cream-truck-fully-equipped-food-trailer-used-for-sale-catering\/"]}]},{"@type":"ImageObject","inLanguage":"de","@id":"https:\/\/www.honlufoodtrailer.com\/product\/mobile-bar-food-truck-pizza-food-truck-ice-cream-truck-fully-equipped-food-trailer-used-for-sale-catering\/#primaryimage","url":"https:\/\/www.honlufoodtrailer.com\/wp-content\/uploads\/2023\/01\/720\u00d7540-15.jpg","contentUrl":"https:\/\/www.honlufoodtrailer.com\/wp-content\/uploads\/2023\/01\/720\u00d7540-15.jpg","width":720,"height":540},{"@type":"BreadcrumbList","@id":"https:\/\/www.honlufoodtrailer.com\/product\/mobile-bar-food-truck-pizza-food-truck-ice-cream-truck-fully-equipped-food-trailer-used-for-sale-catering\/#breadcrumb","itemListElement":[{"@type":"ListItem","position":1,"name":"Home","item":"https:\/\/www.honlufoodtrailer.com\/"},{"@type":"ListItem","position":2,"name":"\u4ea7\u54c1","item":"https:\/\/www.honlufoodtrailer.com\/shop\/"},{"@type":"ListItem","position":3,"name":"Mobile Bar Food Truck Pizza Food Truck Ice Cream Truck Fully Equipped Food Trailer Used for Sale Catering"}]},{"@type":"WebSite","@id":"https:\/\/www.honlufoodtrailer.com\/#website","url":"https:\/\/www.honlufoodtrailer.com\/","name":"Honlu-Lebensmittelanh\u00e4nger","description":"","publisher":{"@id":"https:\/\/www.honlufoodtrailer.com\/#organization"},"potentialAction":[{"@type":"SearchAction","target":{"@type":"EntryPoint","urlTemplate":"https:\/\/www.honlufoodtrailer.com\/?s={search_term_string}"},"query-input":{"@type":"PropertyValueSpecification","valueRequired":true,"valueName":"search_term_string"}}],"inLanguage":"de"},{"@type":"Organization","@id":"https:\/\/www.honlufoodtrailer.com\/#organization","name":"Honlu-Lebensmittelanh\u00e4nger","url":"https:\/\/www.honlufoodtrailer.com\/","logo":{"@type":"ImageObject","inLanguage":"de","@id":"https:\/\/www.honlufoodtrailer.com\/#\/schema\/logo\/image\/","url":"https:\/\/www.honlufoodtrailer.com\/wp-content\/uploads\/2021\/12\/2.gif","contentUrl":"https:\/\/www.honlufoodtrailer.com\/wp-content\/uploads\/2021\/12\/2.gif","width":350,"height":100,"caption":"Honlu food trailer"},"image":{"@id":"https:\/\/www.honlufoodtrailer.com\/#\/schema\/logo\/image\/"}}]}},"_links":{"self":[{"href":"https:\/\/www.honlufoodtrailer.com\/de\/wp-json\/wp\/v2\/product\/5404","targetHints":{"allow":["GET"]}}],"collection":[{"href":"https:\/\/www.honlufoodtrailer.com\/de\/wp-json\/wp\/v2\/product"}],"about":[{"href":"https:\/\/www.honlufoodtrailer.com\/de\/wp-json\/wp\/v2\/types\/product"}],"version-history":[{"count":1,"href":"https:\/\/www.honlufoodtrailer.com\/de\/wp-json\/wp\/v2\/product\/5404\/revisions"}],"predecessor-version":[{"id":5414,"href":"https:\/\/www.honlufoodtrailer.com\/de\/wp-json\/wp\/v2\/product\/5404\/revisions\/5414"}],"wp:featuredmedia":[{"embeddable":true,"href":"https:\/\/www.honlufoodtrailer.com\/de\/wp-json\/wp\/v2\/media\/5409"}],"wp:attachment":[{"href":"https:\/\/www.honlufoodtrailer.com\/de\/wp-json\/wp\/v2\/media?parent=5404"}],"wp:term":[{"taxonomy":"product_brand","embeddable":true,"href":"https:\/\/www.honlufoodtrailer.com\/de\/wp-json\/wp\/v2\/product_brand?post=5404"},{"taxonomy":"product_cat","embeddable":true,"href":"https:\/\/www.honlufoodtrailer.com\/de\/wp-json\/wp\/v2\/product_cat?post=5404"},{"taxonomy":"product_tag","embeddable":true,"href":"https:\/\/www.honlufoodtrailer.com\/de\/wp-json\/wp\/v2\/product_tag?post=5404"}],"curies":[{"name":"wp","href":"https:\/\/api.w.org\/{rel}","templated":true}]}}