{"id":5643,"date":"2023-11-12T16:53:24","date_gmt":"2023-11-12T08:53:24","guid":{"rendered":"https:\/\/www.honlufoodtrailer.com\/?post_type=product&#038;p=5643"},"modified":"2025-02-14T16:07:07","modified_gmt":"2025-02-14T08:07:07","slug":"11m-barbecue-grill-trailers-for-sale","status":"publish","type":"product","link":"https:\/\/www.honlufoodtrailer.com\/de\/product\/11m-barbecue-grill-trailers-for-sale\/","title":{"rendered":"11 m lange Grillanh\u00e4nger zu verkaufen"},"content":{"rendered":"<p data-spm-anchor-id=\"a2700.wholesale.0.i28.29e52808agqc7f\">Dies ist ein individuell gestalteter 11-Meter-Grillanh\u00e4nger. Die Werbefl\u00e4che auf dem Anh\u00e4nger wurde an die Kundenw\u00fcnsche angepasst. Er eignet sich f\u00fcr den Verkauf einer Vielzahl von Grillgerichten, darunter Hamburger, Hotdogs, W\u00fcrstchen, H\u00e4hnchenspie\u00dfe, Kebabs, Grillgem\u00fcse, Maiskolben, gegrillte K\u00e4sesandwiches, BBQ-Rippchen, Pulled-Pork-Sandwiches und gegrillte Meeresfr\u00fcchte wie Garnelen oder Fisch. Dar\u00fcber hinaus bieten einige Grillanh\u00e4nger Spezialit\u00e4ten wie Gourmet-Burger, Tofu oder vegane Gerichte sowie besondere Saucen und Marinaden an. Wir verf\u00fcgen \u00fcber CE-Zertifizierungen und weitere Nachweise, die Ihnen den Start in ein mobiles Gesch\u00e4ft erleichtern. Lesen Sie weiter, um zu erfahren, was wir Ihnen bieten k\u00f6nnen.<\/p>\n<p data-spm-anchor-id=\"a2700.wholesale.0.i28.29e52808agqc7f\"><img fetchpriority=\"high\" decoding=\"async\" class=\"size-full wp-image-5648 aligncenter\" src=\"https:\/\/www.honlufoodtrailer.com\/wp-content\/uploads\/2023\/10\/11m-grill-trailer.jpg\" alt=\"11 m langer Grillanh\u00e4nger\" width=\"720\" height=\"540\" srcset=\"https:\/\/www.honlufoodtrailer.com\/wp-content\/uploads\/2023\/10\/11m-grill-trailer.jpg 720w, https:\/\/www.honlufoodtrailer.com\/wp-content\/uploads\/2023\/10\/11m-grill-trailer-480x360.jpg 480w, https:\/\/www.honlufoodtrailer.com\/wp-content\/uploads\/2023\/10\/11m-grill-trailer-300x225.jpg 300w\" sizes=\"(max-width: 720px) 100vw, 720px\" \/><\/p>\n<h3>Innendetails des 11 m langen Grillanh\u00e4ngers<\/h3>\n<p>Werfen wir einen Blick auf die Details im Inneren dieses 11 m langen Grillanh\u00e4ngers. Die Arbeitsfl\u00e4che und die Innenw\u00e4nde sind aus lebensmittelechtem Edelstahl gefertigt. Auf Kundenwunsch ist er mit Fritteusen, drei individuell angefertigten Sp\u00fclbecken, einem Seifenspender, Gasherden, Dunstabzugshauben und weiterer Ausstattung versehen. Weitere Ger\u00e4te k\u00f6nnen wir nach Kundenwunsch beschaffen.<br \/>\n<img decoding=\"async\" class=\"aligncenter size-full wp-image-8379\" src=\"https:\/\/www.honlufoodtrailer.com\/wp-content\/uploads\/2023\/11\/11m-Barbecue-Grill-Trailer-inner-view.jpg\" alt=\"11 m langer Grillanh\u00e4nger \u2013 Innenansicht\" width=\"800\" height=\"800\" srcset=\"https:\/\/www.honlufoodtrailer.com\/wp-content\/uploads\/2023\/11\/11m-Barbecue-Grill-Trailer-inner-view.jpg 800w, https:\/\/www.honlufoodtrailer.com\/wp-content\/uploads\/2023\/11\/11m-Barbecue-Grill-Trailer-inner-view-768x768.jpg 768w, https:\/\/www.honlufoodtrailer.com\/wp-content\/uploads\/2023\/11\/11m-Barbecue-Grill-Trailer-inner-view-360x360.jpg 360w, https:\/\/www.honlufoodtrailer.com\/wp-content\/uploads\/2023\/11\/11m-Barbecue-Grill-Trailer-inner-view-300x300.jpg 300w, https:\/\/www.honlufoodtrailer.com\/wp-content\/uploads\/2023\/11\/11m-Barbecue-Grill-Trailer-inner-view-720x720.jpg 720w, https:\/\/www.honlufoodtrailer.com\/wp-content\/uploads\/2023\/11\/11m-Barbecue-Grill-Trailer-inner-view-100x100.jpg 100w\" sizes=\"(max-width: 800px) 100vw, 800px\" \/><\/p>\n<h3>Weitere Details zum 11 m langen Grillanh\u00e4nger<\/h3>\n<p data-spm-anchor-id=\"a2700.wholesale.0.i28.29e52808agqc7f\">Sehen Sie sich weitere Details zum \u00c4u\u00dferen dieses 11 m langen Grillanh\u00e4ngers an. Alle Teile werden gem\u00e4\u00df den lokalen Vorschriften gefertigt. Als Hersteller und Exporteur von Imbissanh\u00e4ngern mit \u00fcber 10 Jahren Erfahrung unterst\u00fctzen wir Sie gerne bei der Planung und Herstellung Ihres Imbissanh\u00e4ngers nach den geltenden lokalen Standards. Gr\u00f6\u00dfe, Farbe, Aufkleber, Beschilderung und K\u00fcchenausstattung k\u00f6nnen individuell angepasst werden. Kontaktieren Sie uns einfach und teilen Sie uns Ihre genauen Anforderungen mit!<\/p>\n<p data-spm-anchor-id=\"a2700.wholesale.0.i28.29e52808agqc7f\"><img decoding=\"async\" class=\"aligncenter size-full wp-image-8380\" src=\"https:\/\/www.honlufoodtrailer.com\/wp-content\/uploads\/2023\/11\/11m-Barbecue-Grill-Trailer-more-details.jpg\" alt=\"11 m Grillanh\u00e4nger \u2013 weitere Details\" width=\"800\" height=\"800\" srcset=\"https:\/\/www.honlufoodtrailer.com\/wp-content\/uploads\/2023\/11\/11m-Barbecue-Grill-Trailer-more-details.jpg 800w, https:\/\/www.honlufoodtrailer.com\/wp-content\/uploads\/2023\/11\/11m-Barbecue-Grill-Trailer-more-details-768x768.jpg 768w, https:\/\/www.honlufoodtrailer.com\/wp-content\/uploads\/2023\/11\/11m-Barbecue-Grill-Trailer-more-details-360x360.jpg 360w, https:\/\/www.honlufoodtrailer.com\/wp-content\/uploads\/2023\/11\/11m-Barbecue-Grill-Trailer-more-details-300x300.jpg 300w, https:\/\/www.honlufoodtrailer.com\/wp-content\/uploads\/2023\/11\/11m-Barbecue-Grill-Trailer-more-details-720x720.jpg 720w, https:\/\/www.honlufoodtrailer.com\/wp-content\/uploads\/2023\/11\/11m-Barbecue-Grill-Trailer-more-details-100x100.jpg 100w\" sizes=\"(max-width: 800px) 100vw, 800px\" \/><\/p>\n<p data-spm-anchor-id=\"a2700.wholesale.0.i28.29e52808agqc7f\">Imbisswagen, auch Foodtrucks oder Foodcarts genannt, eignen sich f\u00fcr den Verkauf von Fast Food, Snacks, Zeitungen, B\u00fcchern und vielem mehr. Sie bestehen aus Fahrgestell, Aufbau, Boden, Arbeitsfl\u00e4che, Wasser- und Stromsystem. Die Farbe ist frei w\u00e4hlbar. Auf Wunsch bieten wir auch weitere Ausstattungsoptionen an.<\/p>\n<h3 class=\"magic-6\" data-spm-anchor-id=\"a2700.wholesale.0.i28.29e52808agqc7f\"><img loading=\"lazy\" decoding=\"async\" class=\"size-full wp-image-5647 aligncenter\" src=\"https:\/\/www.honlufoodtrailer.com\/wp-content\/uploads\/2023\/10\/11m-grill-trailer-side-view.jpg\" alt=\"11 m Grillanh\u00e4nger, Seitenansicht\" width=\"720\" height=\"540\" srcset=\"https:\/\/www.honlufoodtrailer.com\/wp-content\/uploads\/2023\/10\/11m-grill-trailer-side-view.jpg 720w, https:\/\/www.honlufoodtrailer.com\/wp-content\/uploads\/2023\/10\/11m-grill-trailer-side-view-480x360.jpg 480w, https:\/\/www.honlufoodtrailer.com\/wp-content\/uploads\/2023\/10\/11m-grill-trailer-side-view-300x225.jpg 300w\" sizes=\"(max-width: 720px) 100vw, 720px\" \/>Hauptmerkmale der zum Verkauf stehenden Grillanh\u00e4nger<\/h3>\n<div class=\"magic-7\">\n<div class=\"magic-8\">\n<div class=\"magic-9\" data-id=\"paragraph0\">\n<ol>\n<li>Das modische Aussehen kann individuell angepasst werden;<\/li>\n<li>Anh\u00e4ngeraufbau und Innenstruktur aus verzinktem Blech, gute Hitzebest\u00e4ndigkeit, Verschlei\u00dffestigkeit, Korrosionsbest\u00e4ndigkeit;<\/li>\n<li>Der Grillanh\u00e4nger ist mit modernem und fortschrittlichem Zubeh\u00f6r ausgestattet;<\/li>\n<li>Es ist sto\u00dffest und schwer korrosionsbest\u00e4ndig, hitzebest\u00e4ndig und hat eine hohe Festigkeit, hohe Farbechtheit, keine Verformung, wasserdicht und eine lange Lebensdauer;<\/li>\n<li>Wir sind gerne bereit, sie nach Ihren W\u00fcnschen zu \u00e4ndern.<\/li>\n<\/ol>\n<p><img loading=\"lazy\" decoding=\"async\" class=\"size-full wp-image-5646 aligncenter\" src=\"https:\/\/www.honlufoodtrailer.com\/wp-content\/uploads\/2023\/10\/11m-grill-trailer-inner-overview.jpg\" alt=\"Innenansicht des 11 m langen Grillanh\u00e4ngers\" width=\"720\" height=\"479\" srcset=\"https:\/\/www.honlufoodtrailer.com\/wp-content\/uploads\/2023\/10\/11m-grill-trailer-inner-overview.jpg 720w, https:\/\/www.honlufoodtrailer.com\/wp-content\/uploads\/2023\/10\/11m-grill-trailer-inner-overview-480x319.jpg 480w, https:\/\/www.honlufoodtrailer.com\/wp-content\/uploads\/2023\/10\/11m-grill-trailer-inner-overview-300x200.jpg 300w\" sizes=\"(max-width: 720px) 100vw, 720px\" \/><\/p>\n<h3>Kostenlose 2D\/3D-Grundrisszeichnung<\/h3>\n<p>Nach Best\u00e4tigung der Abmessungen des <a href=\"https:\/\/www.honlufoodtrailer.com\/de\/product\/\" target=\"_blank\" rel=\"noopener\">Lebensmittelanh\u00e4nger<\/a> F\u00fcr die K\u00fcchenausstattung erstellen wir Ihnen gerne kostenlos 3D-Zeichnungen. So erhalten Sie einen besseren \u00dcberblick \u00fcber Ihr Design und Ihren Imbisswagen. Die genaue Positionierung der K\u00fcchenger\u00e4te besprechen wir anhand des Grundrisses mit Ihnen. Wir stellen Ihnen au\u00dferdem die Originaldokumente zur Verf\u00fcgung, um Ihr Design zu erleichtern und Anpassungen vorzunehmen.<\/p>\n<h3>Verwandter 11-Meter-Foodtruck<\/h3>\n<p><a href=\"https:\/\/www.honlufoodtrailer.com\/de\/product\/shawarma-food-truck-for-sale\/\" target=\"_blank\" rel=\"noopener\">11 m langer Shawarma-Imbisswagen zu verkaufen<\/a><\/p>\n<p><a href=\"https:\/\/www.honlufoodtrailer.com\/de\/product\/shawarma-food-truck-for-sale\/\"><img loading=\"lazy\" decoding=\"async\" class=\"aligncenter wp-image-6483 size-full\" src=\"https:\/\/www.honlufoodtrailer.com\/wp-content\/uploads\/2024\/01\/11m-Shawarma-Food-Truck-for-sale.jpg\" alt=\"11 m langer Shawarma-Imbisswagen zu verkaufen\" width=\"720\" height=\"540\" srcset=\"https:\/\/www.honlufoodtrailer.com\/wp-content\/uploads\/2024\/01\/11m-Shawarma-Food-Truck-for-sale.jpg 720w, https:\/\/www.honlufoodtrailer.com\/wp-content\/uploads\/2024\/01\/11m-Shawarma-Food-Truck-for-sale-480x360.jpg 480w, https:\/\/www.honlufoodtrailer.com\/wp-content\/uploads\/2024\/01\/11m-Shawarma-Food-Truck-for-sale-300x225.jpg 300w\" sizes=\"(max-width: 720px) 100vw, 720px\" \/><\/a><\/p>\n<\/div>\n<\/div>\n<\/div>","protected":false},"excerpt":{"rendered":"<p data-spm-anchor-id=\"a2700.wholesale.0.i28.29e52808agqc7f\">Dies ist ein individuell gestalteter 11-Meter-Grillanh\u00e4nger. Die Werbefl\u00e4che \u00fcber dem Anh\u00e4nger wurde an die Kundenw\u00fcnsche angepasst. Er eignet sich f\u00fcr den Verkauf von Grillgerichten, Hotdogs, Sandwiches, Kaffee, Eiscreme und vielem mehr. Dank unserer CE-Zertifizierung k\u00f6nnen Sie Ihr mobiles Imbisswagen-Gesch\u00e4ft sorgenfrei starten.<\/p>","protected":false},"featured_media":5648,"template":"","meta":{"_themeisle_gutenberg_block_has_review":false},"product_brand":[],"product_cat":[26],"product_tag":[105,53,33,41,133,45,38,52],"class_list":{"0":"post-5643","1":"product","2":"type-product","3":"status-publish","4":"has-post-thumbnail","6":"product_cat-product","7":"product_tag-36ft-food-trailer","8":"product_tag-customized-sinks","9":"product_tag-customized-trailer","10":"product_tag-galvanized-trailer","11":"product_tag-grill-trailer","12":"product_tag-large-food-trailer","13":"product_tag-mobile-food-trailer","14":"product_tag-personalized-billboard","16":"first","17":"instock","18":"featured","19":"shipping-taxable","20":"product-type-simple"},"yoast_head":"<!-- This site is optimized with the Yoast SEO plugin v27.5 - https:\/\/yoast.com\/product\/yoast-seo-wordpress\/ -->\n<title>11m Barbecue Grill Trailers For Sale from China - Honlu Food Trailer<\/title>\n<meta name=\"description\" content=\"This is a customized 11M barbecue grill trailer for sale. We have related certifications to help you to start a mobile business. Get the price now!\" \/>\n<meta name=\"robots\" content=\"index, follow, max-snippet:-1, max-image-preview:large, max-video-preview:-1\" \/>\n<link rel=\"canonical\" href=\"https:\/\/www.honlufoodtrailer.com\/de\/product\/11m-barbecue-grill-trailers-for-sale\/\" \/>\n<meta property=\"og:locale\" content=\"de_DE\" \/>\n<meta property=\"og:type\" content=\"article\" \/>\n<meta property=\"og:title\" content=\"11m Barbecue Grill Trailers For Sale from China - Honlu Food Trailer\" \/>\n<meta property=\"og:description\" content=\"This is a customized 11M barbecue grill trailer for sale. We have related certifications to help you to start a mobile business. Get the price now!\" \/>\n<meta property=\"og:url\" content=\"https:\/\/www.honlufoodtrailer.com\/de\/product\/11m-barbecue-grill-trailers-for-sale\/\" \/>\n<meta property=\"og:site_name\" content=\"Honlu food trailer\" \/>\n<meta property=\"article:modified_time\" content=\"2025-02-14T08:07:07+00:00\" \/>\n<meta property=\"og:image\" content=\"https:\/\/www.honlufoodtrailer.com\/wp-content\/uploads\/2023\/10\/11m-grill-trailer.jpg\" \/>\n\t<meta property=\"og:image:width\" content=\"720\" \/>\n\t<meta property=\"og:image:height\" content=\"540\" \/>\n\t<meta property=\"og:image:type\" content=\"image\/jpeg\" \/>\n<meta name=\"twitter:card\" content=\"summary_large_image\" \/>\n<meta name=\"twitter:label1\" content=\"Gesch\u00e4tzte Lesezeit\" \/>\n\t<meta name=\"twitter:data1\" content=\"2\u00a0Minuten\" \/>\n<script type=\"application\/ld+json\" class=\"yoast-schema-graph\">{\"@context\":\"https:\\\/\\\/schema.org\",\"@graph\":[{\"@type\":\"WebPage\",\"@id\":\"https:\\\/\\\/www.honlufoodtrailer.com\\\/product\\\/11m-barbecue-grill-trailers-for-sale\\\/\",\"url\":\"https:\\\/\\\/www.honlufoodtrailer.com\\\/product\\\/11m-barbecue-grill-trailers-for-sale\\\/\",\"name\":\"11m Barbecue Grill Trailers For Sale from China - Honlu Food Trailer\",\"isPartOf\":{\"@id\":\"https:\\\/\\\/www.honlufoodtrailer.com\\\/#website\"},\"primaryImageOfPage\":{\"@id\":\"https:\\\/\\\/www.honlufoodtrailer.com\\\/product\\\/11m-barbecue-grill-trailers-for-sale\\\/#primaryimage\"},\"image\":{\"@id\":\"https:\\\/\\\/www.honlufoodtrailer.com\\\/product\\\/11m-barbecue-grill-trailers-for-sale\\\/#primaryimage\"},\"thumbnailUrl\":\"https:\\\/\\\/www.honlufoodtrailer.com\\\/wp-content\\\/uploads\\\/2023\\\/10\\\/11m-grill-trailer.jpg\",\"datePublished\":\"2023-11-12T08:53:24+00:00\",\"dateModified\":\"2025-02-14T08:07:07+00:00\",\"description\":\"This is a customized 11M barbecue grill trailer for sale. We have related certifications to help you to start a mobile business. Get the price now!\",\"breadcrumb\":{\"@id\":\"https:\\\/\\\/www.honlufoodtrailer.com\\\/product\\\/11m-barbecue-grill-trailers-for-sale\\\/#breadcrumb\"},\"inLanguage\":\"de\",\"potentialAction\":[{\"@type\":\"ReadAction\",\"target\":[\"https:\\\/\\\/www.honlufoodtrailer.com\\\/product\\\/11m-barbecue-grill-trailers-for-sale\\\/\"]}]},{\"@type\":\"ImageObject\",\"inLanguage\":\"de\",\"@id\":\"https:\\\/\\\/www.honlufoodtrailer.com\\\/product\\\/11m-barbecue-grill-trailers-for-sale\\\/#primaryimage\",\"url\":\"https:\\\/\\\/www.honlufoodtrailer.com\\\/wp-content\\\/uploads\\\/2023\\\/10\\\/11m-grill-trailer.jpg\",\"contentUrl\":\"https:\\\/\\\/www.honlufoodtrailer.com\\\/wp-content\\\/uploads\\\/2023\\\/10\\\/11m-grill-trailer.jpg\",\"width\":720,\"height\":540,\"caption\":\"11m grill trailer\"},{\"@type\":\"BreadcrumbList\",\"@id\":\"https:\\\/\\\/www.honlufoodtrailer.com\\\/product\\\/11m-barbecue-grill-trailers-for-sale\\\/#breadcrumb\",\"itemListElement\":[{\"@type\":\"ListItem\",\"position\":1,\"name\":\"Home\",\"item\":\"https:\\\/\\\/www.honlufoodtrailer.com\\\/\"},{\"@type\":\"ListItem\",\"position\":2,\"name\":\"\u4ea7\u54c1\",\"item\":\"https:\\\/\\\/www.honlufoodtrailer.com\\\/shop\\\/\"},{\"@type\":\"ListItem\",\"position\":3,\"name\":\"11m Barbecue Grill Trailers For Sale\"}]},{\"@type\":\"WebSite\",\"@id\":\"https:\\\/\\\/www.honlufoodtrailer.com\\\/#website\",\"url\":\"https:\\\/\\\/www.honlufoodtrailer.com\\\/\",\"name\":\"Honlu food trailer\",\"description\":\"\",\"publisher\":{\"@id\":\"https:\\\/\\\/www.honlufoodtrailer.com\\\/#organization\"},\"potentialAction\":[{\"@type\":\"SearchAction\",\"target\":{\"@type\":\"EntryPoint\",\"urlTemplate\":\"https:\\\/\\\/www.honlufoodtrailer.com\\\/?s={search_term_string}\"},\"query-input\":{\"@type\":\"PropertyValueSpecification\",\"valueRequired\":true,\"valueName\":\"search_term_string\"}}],\"inLanguage\":\"de\"},{\"@type\":\"Organization\",\"@id\":\"https:\\\/\\\/www.honlufoodtrailer.com\\\/#organization\",\"name\":\"Honlu food trailer\",\"url\":\"https:\\\/\\\/www.honlufoodtrailer.com\\\/\",\"logo\":{\"@type\":\"ImageObject\",\"inLanguage\":\"de\",\"@id\":\"https:\\\/\\\/www.honlufoodtrailer.com\\\/#\\\/schema\\\/logo\\\/image\\\/\",\"url\":\"https:\\\/\\\/www.honlufoodtrailer.com\\\/wp-content\\\/uploads\\\/2021\\\/12\\\/2.gif\",\"contentUrl\":\"https:\\\/\\\/www.honlufoodtrailer.com\\\/wp-content\\\/uploads\\\/2021\\\/12\\\/2.gif\",\"width\":350,\"height\":100,\"caption\":\"Honlu food trailer\"},\"image\":{\"@id\":\"https:\\\/\\\/www.honlufoodtrailer.com\\\/#\\\/schema\\\/logo\\\/image\\\/\"}}]}<\/script>\n<!-- \/ Yoast SEO plugin. -->","yoast_head_json":{"title":"11 m lange Grillanh\u00e4nger aus China zu verkaufen - Honlu Food Trailer","description":"Hier wird ein individuell angefertigter 11-Meter-Grillanh\u00e4nger verkauft. Wir verf\u00fcgen \u00fcber alle notwendigen Zertifizierungen, um Ihnen den Start in ein mobiles Grillgesch\u00e4ft zu erleichtern. Jetzt Preis anfragen!","robots":{"index":"index","follow":"follow","max-snippet":"max-snippet:-1","max-image-preview":"max-image-preview:large","max-video-preview":"max-video-preview:-1"},"canonical":"https:\/\/www.honlufoodtrailer.com\/de\/product\/11m-barbecue-grill-trailers-for-sale\/","og_locale":"de_DE","og_type":"article","og_title":"11m Barbecue Grill Trailers For Sale from China - Honlu Food Trailer","og_description":"This is a customized 11M barbecue grill trailer for sale. We have related certifications to help you to start a mobile business. Get the price now!","og_url":"https:\/\/www.honlufoodtrailer.com\/de\/product\/11m-barbecue-grill-trailers-for-sale\/","og_site_name":"Honlu food trailer","article_modified_time":"2025-02-14T08:07:07+00:00","og_image":[{"width":720,"height":540,"url":"https:\/\/www.honlufoodtrailer.com\/wp-content\/uploads\/2023\/10\/11m-grill-trailer.jpg","type":"image\/jpeg"}],"twitter_card":"summary_large_image","twitter_misc":{"Gesch\u00e4tzte Lesezeit":"2\u00a0Minuten"},"schema":{"@context":"https:\/\/schema.org","@graph":[{"@type":"WebPage","@id":"https:\/\/www.honlufoodtrailer.com\/product\/11m-barbecue-grill-trailers-for-sale\/","url":"https:\/\/www.honlufoodtrailer.com\/product\/11m-barbecue-grill-trailers-for-sale\/","name":"11 m lange Grillanh\u00e4nger aus China zu verkaufen - Honlu Food Trailer","isPartOf":{"@id":"https:\/\/www.honlufoodtrailer.com\/#website"},"primaryImageOfPage":{"@id":"https:\/\/www.honlufoodtrailer.com\/product\/11m-barbecue-grill-trailers-for-sale\/#primaryimage"},"image":{"@id":"https:\/\/www.honlufoodtrailer.com\/product\/11m-barbecue-grill-trailers-for-sale\/#primaryimage"},"thumbnailUrl":"https:\/\/www.honlufoodtrailer.com\/wp-content\/uploads\/2023\/10\/11m-grill-trailer.jpg","datePublished":"2023-11-12T08:53:24+00:00","dateModified":"2025-02-14T08:07:07+00:00","description":"Hier wird ein individuell angefertigter 11-Meter-Grillanh\u00e4nger verkauft. Wir verf\u00fcgen \u00fcber alle notwendigen Zertifizierungen, um Ihnen den Start in ein mobiles Grillgesch\u00e4ft zu erleichtern. Jetzt Preis anfragen!","breadcrumb":{"@id":"https:\/\/www.honlufoodtrailer.com\/product\/11m-barbecue-grill-trailers-for-sale\/#breadcrumb"},"inLanguage":"de","potentialAction":[{"@type":"ReadAction","target":["https:\/\/www.honlufoodtrailer.com\/product\/11m-barbecue-grill-trailers-for-sale\/"]}]},{"@type":"ImageObject","inLanguage":"de","@id":"https:\/\/www.honlufoodtrailer.com\/product\/11m-barbecue-grill-trailers-for-sale\/#primaryimage","url":"https:\/\/www.honlufoodtrailer.com\/wp-content\/uploads\/2023\/10\/11m-grill-trailer.jpg","contentUrl":"https:\/\/www.honlufoodtrailer.com\/wp-content\/uploads\/2023\/10\/11m-grill-trailer.jpg","width":720,"height":540,"caption":"11m grill trailer"},{"@type":"BreadcrumbList","@id":"https:\/\/www.honlufoodtrailer.com\/product\/11m-barbecue-grill-trailers-for-sale\/#breadcrumb","itemListElement":[{"@type":"ListItem","position":1,"name":"Home","item":"https:\/\/www.honlufoodtrailer.com\/"},{"@type":"ListItem","position":2,"name":"\u4ea7\u54c1","item":"https:\/\/www.honlufoodtrailer.com\/shop\/"},{"@type":"ListItem","position":3,"name":"11m Barbecue Grill Trailers For Sale"}]},{"@type":"WebSite","@id":"https:\/\/www.honlufoodtrailer.com\/#website","url":"https:\/\/www.honlufoodtrailer.com\/","name":"Honlu-Lebensmittelanh\u00e4nger","description":"","publisher":{"@id":"https:\/\/www.honlufoodtrailer.com\/#organization"},"potentialAction":[{"@type":"SearchAction","target":{"@type":"EntryPoint","urlTemplate":"https:\/\/www.honlufoodtrailer.com\/?s={search_term_string}"},"query-input":{"@type":"PropertyValueSpecification","valueRequired":true,"valueName":"search_term_string"}}],"inLanguage":"de"},{"@type":"Organization","@id":"https:\/\/www.honlufoodtrailer.com\/#organization","name":"Honlu-Lebensmittelanh\u00e4nger","url":"https:\/\/www.honlufoodtrailer.com\/","logo":{"@type":"ImageObject","inLanguage":"de","@id":"https:\/\/www.honlufoodtrailer.com\/#\/schema\/logo\/image\/","url":"https:\/\/www.honlufoodtrailer.com\/wp-content\/uploads\/2021\/12\/2.gif","contentUrl":"https:\/\/www.honlufoodtrailer.com\/wp-content\/uploads\/2021\/12\/2.gif","width":350,"height":100,"caption":"Honlu food trailer"},"image":{"@id":"https:\/\/www.honlufoodtrailer.com\/#\/schema\/logo\/image\/"}}]}},"_links":{"self":[{"href":"https:\/\/www.honlufoodtrailer.com\/de\/wp-json\/wp\/v2\/product\/5643","targetHints":{"allow":["GET"]}}],"collection":[{"href":"https:\/\/www.honlufoodtrailer.com\/de\/wp-json\/wp\/v2\/product"}],"about":[{"href":"https:\/\/www.honlufoodtrailer.com\/de\/wp-json\/wp\/v2\/types\/product"}],"version-history":[{"count":0,"href":"https:\/\/www.honlufoodtrailer.com\/de\/wp-json\/wp\/v2\/product\/5643\/revisions"}],"wp:featuredmedia":[{"embeddable":true,"href":"https:\/\/www.honlufoodtrailer.com\/de\/wp-json\/wp\/v2\/media\/5648"}],"wp:attachment":[{"href":"https:\/\/www.honlufoodtrailer.com\/de\/wp-json\/wp\/v2\/media?parent=5643"}],"wp:term":[{"taxonomy":"product_brand","embeddable":true,"href":"https:\/\/www.honlufoodtrailer.com\/de\/wp-json\/wp\/v2\/product_brand?post=5643"},{"taxonomy":"product_cat","embeddable":true,"href":"https:\/\/www.honlufoodtrailer.com\/de\/wp-json\/wp\/v2\/product_cat?post=5643"},{"taxonomy":"product_tag","embeddable":true,"href":"https:\/\/www.honlufoodtrailer.com\/de\/wp-json\/wp\/v2\/product_tag?post=5643"}],"curies":[{"name":"wp","href":"https:\/\/api.w.org\/{rel}","templated":true}]}}