{"id":5765,"date":"2023-11-07T17:12:19","date_gmt":"2023-11-07T09:12:19","guid":{"rendered":"https:\/\/www.honlufoodtrailer.com\/?post_type=product&#038;p=5765"},"modified":"2024-07-15T15:37:29","modified_gmt":"2024-07-15T07:37:29","slug":"26ft-bar-and-grill-trailer-for-sale","status":"publish","type":"product","link":"https:\/\/www.honlufoodtrailer.com\/de\/product\/26ft-bar-and-grill-trailer-for-sale\/","title":{"rendered":"26ft Bar and Grill Trailer For Sale"},"content":{"rendered":"<p data-spm-anchor-id=\"a2700.wholesale.0.i28.29e52808agqc7f\">Dies ist ein individuell gestalteter 11-Meter-Grillanh\u00e4nger. Die Werbefl\u00e4che auf dem Anh\u00e4nger wurde an die Kundenw\u00fcnsche angepasst. Er eignet sich f\u00fcr den Verkauf einer Vielzahl von Grillgerichten, darunter Hamburger, Hotdogs, W\u00fcrstchen, H\u00e4hnchenspie\u00dfe, Kebabs, Grillgem\u00fcse, Maiskolben, gegrillte K\u00e4sesandwiches, BBQ-Rippchen, Pulled-Pork-Sandwiches und gegrillte Meeresfr\u00fcchte wie Garnelen oder Fisch. Dar\u00fcber hinaus bieten einige Grillanh\u00e4nger Spezialit\u00e4ten wie Gourmet-Burger, Tofu oder vegane Gerichte sowie besondere Saucen und Marinaden an. Wir verf\u00fcgen \u00fcber CE-Zertifizierungen und weitere Nachweise, die Ihnen den Start in ein mobiles Gesch\u00e4ft erleichtern. Lesen Sie weiter, um zu erfahren, was wir Ihnen bieten k\u00f6nnen.<\/p>\n<p data-spm-anchor-id=\"a2700.wholesale.0.i28.29e52808agqc7f\"><img fetchpriority=\"high\" decoding=\"async\" class=\"size-full wp-image-5769 aligncenter\" src=\"https:\/\/www.honlufoodtrailer.com\/wp-content\/uploads\/2023\/11\/26ft-bar-and-grill-trailer.jpg\" alt=\"26ft Bar und Grill Anh\u00e4nger\" width=\"720\" height=\"540\" srcset=\"https:\/\/www.honlufoodtrailer.com\/wp-content\/uploads\/2023\/11\/26ft-bar-and-grill-trailer.jpg 720w, https:\/\/www.honlufoodtrailer.com\/wp-content\/uploads\/2023\/11\/26ft-bar-and-grill-trailer-480x360.jpg 480w, https:\/\/www.honlufoodtrailer.com\/wp-content\/uploads\/2023\/11\/26ft-bar-and-grill-trailer-300x225.jpg 300w\" sizes=\"(max-width: 720px) 100vw, 720px\" \/><\/p>\n<p data-spm-anchor-id=\"a2700.wholesale.0.i28.29e52808agqc7f\">The workbench and inner wall inside the bar and grill trailer are all food-grade stainless steel. And according to customer needs, it is equipped with deep fryers, customized three sinks, a soap dispenser, gas stoves, range hoods, and other equipment. We will purchase other types of equipment based on customers\u2019 needs.<\/p>\n<p data-spm-anchor-id=\"a2700.wholesale.0.i28.29e52808agqc7f\">Imbisswagen, auch Foodtrucks oder Foodcarts genannt, eignen sich f\u00fcr den Verkauf von Fast Food, Snacks, Zeitungen, B\u00fcchern und vielem mehr. Sie bestehen aus Fahrgestell, Aufbau, Boden, Arbeitsfl\u00e4che, Wasser- und Stromsystem. Die Farbe ist frei w\u00e4hlbar. Auf Wunsch bieten wir auch weitere Ausstattungsoptionen an.<\/p>\n<h3 class=\"magic-6\" data-spm-anchor-id=\"a2700.wholesale.0.i28.29e52808agqc7f\"><img decoding=\"async\" class=\"size-full wp-image-5766 aligncenter\" src=\"https:\/\/www.honlufoodtrailer.com\/wp-content\/uploads\/2023\/11\/8m-grill-trailer-side-view.jpg\" alt=\"8m grill trailer side view\" width=\"720\" height=\"540\" srcset=\"https:\/\/www.honlufoodtrailer.com\/wp-content\/uploads\/2023\/11\/8m-grill-trailer-side-view.jpg 720w, https:\/\/www.honlufoodtrailer.com\/wp-content\/uploads\/2023\/11\/8m-grill-trailer-side-view-480x360.jpg 480w, https:\/\/www.honlufoodtrailer.com\/wp-content\/uploads\/2023\/11\/8m-grill-trailer-side-view-300x225.jpg 300w\" sizes=\"(max-width: 720px) 100vw, 720px\" \/>Main Features of the Bar and Grill Trailers For Sale<\/h3>\n<div class=\"magic-7\">\n<div class=\"magic-8\">\n<div class=\"magic-9\" data-id=\"paragraph0\">\n<ol>\n<li>Das modische Aussehen kann individuell angepasst werden;<\/li>\n<li>Anh\u00e4ngeraufbau und Innenstruktur aus verzinktem Blech, gute Hitzebest\u00e4ndigkeit, Verschlei\u00dffestigkeit, Korrosionsbest\u00e4ndigkeit;<\/li>\n<li>Modern and advanced accessories equipped in the bar and grill trailer;<\/li>\n<li>Es ist sto\u00dffest und schwer korrosionsbest\u00e4ndig, hitzebest\u00e4ndig und hat eine hohe Festigkeit, hohe Farbechtheit, keine Verformung, wasserdicht und eine lange Lebensdauer;<\/li>\n<li>Wir sind gerne bereit, sie nach Ihren W\u00fcnschen zu \u00e4ndern.<\/li>\n<\/ol>\n<h3><img decoding=\"async\" class=\"size-full wp-image-5772 aligncenter\" src=\"https:\/\/www.honlufoodtrailer.com\/wp-content\/uploads\/2023\/11\/grill-trailer-inner-details.jpg\" alt=\"grill trailer inner details\" width=\"720\" height=\"540\" srcset=\"https:\/\/www.honlufoodtrailer.com\/wp-content\/uploads\/2023\/11\/grill-trailer-inner-details.jpg 720w, https:\/\/www.honlufoodtrailer.com\/wp-content\/uploads\/2023\/11\/grill-trailer-inner-details-480x360.jpg 480w, https:\/\/www.honlufoodtrailer.com\/wp-content\/uploads\/2023\/11\/grill-trailer-inner-details-300x225.jpg 300w\" sizes=\"(max-width: 720px) 100vw, 720px\" \/>Kostenlose 2D\/3D-Grundrisszeichnung<\/h3>\n<p>Nach Best\u00e4tigung der Abmessungen des <a href=\"https:\/\/www.honlufoodtrailer.com\/de\/product\/\" target=\"_blank\" rel=\"noopener\">Lebensmittelanh\u00e4nger<\/a> F\u00fcr die K\u00fcchenausstattung erstellen wir Ihnen gerne kostenlos 3D-Zeichnungen. So erhalten Sie einen besseren \u00dcberblick \u00fcber Ihr Design und Ihren Imbisswagen. Die genaue Positionierung der K\u00fcchenger\u00e4te besprechen wir anhand des Grundrisses mit Ihnen. Wir stellen Ihnen au\u00dferdem die Originaldokumente zur Verf\u00fcgung, um Ihr Design zu erleichtern und Anpassungen vorzunehmen.<\/p>\n<\/div>\n<\/div>\n<\/div>","protected":false},"excerpt":{"rendered":"<p data-spm-anchor-id=\"a2700.wholesale.0.i28.29e52808agqc7f\">This is a customized 26ft bar and grill trailer. The whole vehicle adopts stainless steel body and operating table. Above the food trailer, we customized the billboard words to meet customer needs. It can be applied for selling anything from hot dogs, retail operations, flower operations, sandwiches, coffee, ice cream, etc. We have CE certified to help you to start a mobile business.<\/p>","protected":false},"featured_media":5771,"template":"","meta":{"_themeisle_gutenberg_block_has_review":false},"product_brand":[],"product_cat":[26],"product_tag":[53,33,41,45,38,52],"class_list":{"0":"post-5765","1":"product","2":"type-product","3":"status-publish","4":"has-post-thumbnail","6":"product_cat-product","7":"product_tag-customized-sinks","8":"product_tag-customized-trailer","9":"product_tag-galvanized-trailer","10":"product_tag-large-food-trailer","11":"product_tag-mobile-food-trailer","12":"product_tag-personalized-billboard","14":"first","15":"instock","16":"shipping-taxable","17":"product-type-simple"},"yoast_head":"<!-- This site is optimized with the Yoast SEO plugin v27.5 - https:\/\/yoast.com\/product\/yoast-seo-wordpress\/ -->\n<title>26ft Bar and Grill Trailer For Sale - Honlu food trailer<\/title>\n<meta name=\"description\" content=\"This is a customized 26ft bar and grill trailer for sale. We have related certifications to help you to start a mobile business. Get the price now!\" \/>\n<meta name=\"robots\" content=\"index, follow, max-snippet:-1, max-image-preview:large, max-video-preview:-1\" \/>\n<link rel=\"canonical\" href=\"https:\/\/www.honlufoodtrailer.com\/de\/product\/26ft-bar-and-grill-trailer-for-sale\/\" \/>\n<meta property=\"og:locale\" content=\"de_DE\" \/>\n<meta property=\"og:type\" content=\"article\" \/>\n<meta property=\"og:title\" content=\"26ft Bar and Grill Trailer For Sale - Honlu food trailer\" \/>\n<meta property=\"og:description\" content=\"This is a customized 26ft bar and grill trailer for sale. We have related certifications to help you to start a mobile business. Get the price now!\" \/>\n<meta property=\"og:url\" content=\"https:\/\/www.honlufoodtrailer.com\/de\/product\/26ft-bar-and-grill-trailer-for-sale\/\" \/>\n<meta property=\"og:site_name\" content=\"Honlu food trailer\" \/>\n<meta property=\"article:modified_time\" content=\"2024-07-15T07:37:29+00:00\" \/>\n<meta property=\"og:image\" content=\"https:\/\/www.honlufoodtrailer.com\/wp-content\/uploads\/2023\/11\/26ft-grill-trailer.jpg\" \/>\n\t<meta property=\"og:image:width\" content=\"720\" \/>\n\t<meta property=\"og:image:height\" content=\"540\" \/>\n\t<meta property=\"og:image:type\" content=\"image\/jpeg\" \/>\n<meta name=\"twitter:card\" content=\"summary_large_image\" \/>\n<meta name=\"twitter:label1\" content=\"Gesch\u00e4tzte Lesezeit\" \/>\n\t<meta name=\"twitter:data1\" content=\"2\u00a0Minuten\" \/>\n<script type=\"application\/ld+json\" class=\"yoast-schema-graph\">{\"@context\":\"https:\\\/\\\/schema.org\",\"@graph\":[{\"@type\":\"WebPage\",\"@id\":\"https:\\\/\\\/www.honlufoodtrailer.com\\\/product\\\/26ft-bar-and-grill-trailer-for-sale\\\/\",\"url\":\"https:\\\/\\\/www.honlufoodtrailer.com\\\/product\\\/26ft-bar-and-grill-trailer-for-sale\\\/\",\"name\":\"26ft Bar and Grill Trailer For Sale - Honlu food trailer\",\"isPartOf\":{\"@id\":\"https:\\\/\\\/www.honlufoodtrailer.com\\\/#website\"},\"primaryImageOfPage\":{\"@id\":\"https:\\\/\\\/www.honlufoodtrailer.com\\\/product\\\/26ft-bar-and-grill-trailer-for-sale\\\/#primaryimage\"},\"image\":{\"@id\":\"https:\\\/\\\/www.honlufoodtrailer.com\\\/product\\\/26ft-bar-and-grill-trailer-for-sale\\\/#primaryimage\"},\"thumbnailUrl\":\"https:\\\/\\\/www.honlufoodtrailer.com\\\/wp-content\\\/uploads\\\/2023\\\/11\\\/26ft-grill-trailer.jpg\",\"datePublished\":\"2023-11-07T09:12:19+00:00\",\"dateModified\":\"2024-07-15T07:37:29+00:00\",\"description\":\"This is a customized 26ft bar and grill trailer for sale. We have related certifications to help you to start a mobile business. Get the price now!\",\"breadcrumb\":{\"@id\":\"https:\\\/\\\/www.honlufoodtrailer.com\\\/product\\\/26ft-bar-and-grill-trailer-for-sale\\\/#breadcrumb\"},\"inLanguage\":\"de\",\"potentialAction\":[{\"@type\":\"ReadAction\",\"target\":[\"https:\\\/\\\/www.honlufoodtrailer.com\\\/product\\\/26ft-bar-and-grill-trailer-for-sale\\\/\"]}]},{\"@type\":\"ImageObject\",\"inLanguage\":\"de\",\"@id\":\"https:\\\/\\\/www.honlufoodtrailer.com\\\/product\\\/26ft-bar-and-grill-trailer-for-sale\\\/#primaryimage\",\"url\":\"https:\\\/\\\/www.honlufoodtrailer.com\\\/wp-content\\\/uploads\\\/2023\\\/11\\\/26ft-grill-trailer.jpg\",\"contentUrl\":\"https:\\\/\\\/www.honlufoodtrailer.com\\\/wp-content\\\/uploads\\\/2023\\\/11\\\/26ft-grill-trailer.jpg\",\"width\":720,\"height\":540,\"caption\":\"26ft grill trailer\"},{\"@type\":\"BreadcrumbList\",\"@id\":\"https:\\\/\\\/www.honlufoodtrailer.com\\\/product\\\/26ft-bar-and-grill-trailer-for-sale\\\/#breadcrumb\",\"itemListElement\":[{\"@type\":\"ListItem\",\"position\":1,\"name\":\"Home\",\"item\":\"https:\\\/\\\/www.honlufoodtrailer.com\\\/\"},{\"@type\":\"ListItem\",\"position\":2,\"name\":\"\u4ea7\u54c1\",\"item\":\"https:\\\/\\\/www.honlufoodtrailer.com\\\/shop\\\/\"},{\"@type\":\"ListItem\",\"position\":3,\"name\":\"26ft Bar and Grill Trailer For Sale\"}]},{\"@type\":\"WebSite\",\"@id\":\"https:\\\/\\\/www.honlufoodtrailer.com\\\/#website\",\"url\":\"https:\\\/\\\/www.honlufoodtrailer.com\\\/\",\"name\":\"Honlu food trailer\",\"description\":\"\",\"publisher\":{\"@id\":\"https:\\\/\\\/www.honlufoodtrailer.com\\\/#organization\"},\"potentialAction\":[{\"@type\":\"SearchAction\",\"target\":{\"@type\":\"EntryPoint\",\"urlTemplate\":\"https:\\\/\\\/www.honlufoodtrailer.com\\\/?s={search_term_string}\"},\"query-input\":{\"@type\":\"PropertyValueSpecification\",\"valueRequired\":true,\"valueName\":\"search_term_string\"}}],\"inLanguage\":\"de\"},{\"@type\":\"Organization\",\"@id\":\"https:\\\/\\\/www.honlufoodtrailer.com\\\/#organization\",\"name\":\"Honlu food trailer\",\"url\":\"https:\\\/\\\/www.honlufoodtrailer.com\\\/\",\"logo\":{\"@type\":\"ImageObject\",\"inLanguage\":\"de\",\"@id\":\"https:\\\/\\\/www.honlufoodtrailer.com\\\/#\\\/schema\\\/logo\\\/image\\\/\",\"url\":\"https:\\\/\\\/www.honlufoodtrailer.com\\\/wp-content\\\/uploads\\\/2021\\\/12\\\/2.gif\",\"contentUrl\":\"https:\\\/\\\/www.honlufoodtrailer.com\\\/wp-content\\\/uploads\\\/2021\\\/12\\\/2.gif\",\"width\":350,\"height\":100,\"caption\":\"Honlu food trailer\"},\"image\":{\"@id\":\"https:\\\/\\\/www.honlufoodtrailer.com\\\/#\\\/schema\\\/logo\\\/image\\\/\"}}]}<\/script>\n<!-- \/ Yoast SEO plugin. -->","yoast_head_json":{"title":"26ft Bar and Grill Trailer For Sale - Honlu food trailer","description":"This is a customized 26ft bar and grill trailer for sale. We have related certifications to help you to start a mobile business. Get the price now!","robots":{"index":"index","follow":"follow","max-snippet":"max-snippet:-1","max-image-preview":"max-image-preview:large","max-video-preview":"max-video-preview:-1"},"canonical":"https:\/\/www.honlufoodtrailer.com\/de\/product\/26ft-bar-and-grill-trailer-for-sale\/","og_locale":"de_DE","og_type":"article","og_title":"26ft Bar and Grill Trailer For Sale - Honlu food trailer","og_description":"This is a customized 26ft bar and grill trailer for sale. We have related certifications to help you to start a mobile business. Get the price now!","og_url":"https:\/\/www.honlufoodtrailer.com\/de\/product\/26ft-bar-and-grill-trailer-for-sale\/","og_site_name":"Honlu food trailer","article_modified_time":"2024-07-15T07:37:29+00:00","og_image":[{"width":720,"height":540,"url":"https:\/\/www.honlufoodtrailer.com\/wp-content\/uploads\/2023\/11\/26ft-grill-trailer.jpg","type":"image\/jpeg"}],"twitter_card":"summary_large_image","twitter_misc":{"Gesch\u00e4tzte Lesezeit":"2\u00a0Minuten"},"schema":{"@context":"https:\/\/schema.org","@graph":[{"@type":"WebPage","@id":"https:\/\/www.honlufoodtrailer.com\/product\/26ft-bar-and-grill-trailer-for-sale\/","url":"https:\/\/www.honlufoodtrailer.com\/product\/26ft-bar-and-grill-trailer-for-sale\/","name":"26ft Bar and Grill Trailer For Sale - Honlu food trailer","isPartOf":{"@id":"https:\/\/www.honlufoodtrailer.com\/#website"},"primaryImageOfPage":{"@id":"https:\/\/www.honlufoodtrailer.com\/product\/26ft-bar-and-grill-trailer-for-sale\/#primaryimage"},"image":{"@id":"https:\/\/www.honlufoodtrailer.com\/product\/26ft-bar-and-grill-trailer-for-sale\/#primaryimage"},"thumbnailUrl":"https:\/\/www.honlufoodtrailer.com\/wp-content\/uploads\/2023\/11\/26ft-grill-trailer.jpg","datePublished":"2023-11-07T09:12:19+00:00","dateModified":"2024-07-15T07:37:29+00:00","description":"This is a customized 26ft bar and grill trailer for sale. We have related certifications to help you to start a mobile business. Get the price now!","breadcrumb":{"@id":"https:\/\/www.honlufoodtrailer.com\/product\/26ft-bar-and-grill-trailer-for-sale\/#breadcrumb"},"inLanguage":"de","potentialAction":[{"@type":"ReadAction","target":["https:\/\/www.honlufoodtrailer.com\/product\/26ft-bar-and-grill-trailer-for-sale\/"]}]},{"@type":"ImageObject","inLanguage":"de","@id":"https:\/\/www.honlufoodtrailer.com\/product\/26ft-bar-and-grill-trailer-for-sale\/#primaryimage","url":"https:\/\/www.honlufoodtrailer.com\/wp-content\/uploads\/2023\/11\/26ft-grill-trailer.jpg","contentUrl":"https:\/\/www.honlufoodtrailer.com\/wp-content\/uploads\/2023\/11\/26ft-grill-trailer.jpg","width":720,"height":540,"caption":"26ft grill trailer"},{"@type":"BreadcrumbList","@id":"https:\/\/www.honlufoodtrailer.com\/product\/26ft-bar-and-grill-trailer-for-sale\/#breadcrumb","itemListElement":[{"@type":"ListItem","position":1,"name":"Home","item":"https:\/\/www.honlufoodtrailer.com\/"},{"@type":"ListItem","position":2,"name":"\u4ea7\u54c1","item":"https:\/\/www.honlufoodtrailer.com\/shop\/"},{"@type":"ListItem","position":3,"name":"26ft Bar and Grill Trailer For Sale"}]},{"@type":"WebSite","@id":"https:\/\/www.honlufoodtrailer.com\/#website","url":"https:\/\/www.honlufoodtrailer.com\/","name":"Honlu-Lebensmittelanh\u00e4nger","description":"","publisher":{"@id":"https:\/\/www.honlufoodtrailer.com\/#organization"},"potentialAction":[{"@type":"SearchAction","target":{"@type":"EntryPoint","urlTemplate":"https:\/\/www.honlufoodtrailer.com\/?s={search_term_string}"},"query-input":{"@type":"PropertyValueSpecification","valueRequired":true,"valueName":"search_term_string"}}],"inLanguage":"de"},{"@type":"Organization","@id":"https:\/\/www.honlufoodtrailer.com\/#organization","name":"Honlu-Lebensmittelanh\u00e4nger","url":"https:\/\/www.honlufoodtrailer.com\/","logo":{"@type":"ImageObject","inLanguage":"de","@id":"https:\/\/www.honlufoodtrailer.com\/#\/schema\/logo\/image\/","url":"https:\/\/www.honlufoodtrailer.com\/wp-content\/uploads\/2021\/12\/2.gif","contentUrl":"https:\/\/www.honlufoodtrailer.com\/wp-content\/uploads\/2021\/12\/2.gif","width":350,"height":100,"caption":"Honlu food trailer"},"image":{"@id":"https:\/\/www.honlufoodtrailer.com\/#\/schema\/logo\/image\/"}}]}},"_links":{"self":[{"href":"https:\/\/www.honlufoodtrailer.com\/de\/wp-json\/wp\/v2\/product\/5765","targetHints":{"allow":["GET"]}}],"collection":[{"href":"https:\/\/www.honlufoodtrailer.com\/de\/wp-json\/wp\/v2\/product"}],"about":[{"href":"https:\/\/www.honlufoodtrailer.com\/de\/wp-json\/wp\/v2\/types\/product"}],"version-history":[{"count":0,"href":"https:\/\/www.honlufoodtrailer.com\/de\/wp-json\/wp\/v2\/product\/5765\/revisions"}],"wp:featuredmedia":[{"embeddable":true,"href":"https:\/\/www.honlufoodtrailer.com\/de\/wp-json\/wp\/v2\/media\/5771"}],"wp:attachment":[{"href":"https:\/\/www.honlufoodtrailer.com\/de\/wp-json\/wp\/v2\/media?parent=5765"}],"wp:term":[{"taxonomy":"product_brand","embeddable":true,"href":"https:\/\/www.honlufoodtrailer.com\/de\/wp-json\/wp\/v2\/product_brand?post=5765"},{"taxonomy":"product_cat","embeddable":true,"href":"https:\/\/www.honlufoodtrailer.com\/de\/wp-json\/wp\/v2\/product_cat?post=5765"},{"taxonomy":"product_tag","embeddable":true,"href":"https:\/\/www.honlufoodtrailer.com\/de\/wp-json\/wp\/v2\/product_tag?post=5765"}],"curies":[{"name":"wp","href":"https:\/\/api.w.org\/{rel}","templated":true}]}}