{"id":5966,"date":"2023-11-08T16:45:02","date_gmt":"2023-11-08T08:45:02","guid":{"rendered":"https:\/\/www.honlufoodtrailer.com\/?post_type=product&#038;p=5966"},"modified":"2025-02-14T16:09:08","modified_gmt":"2025-02-14T08:09:08","slug":"18-fus-langer-container-imbissanhanger-mit-markise","status":"publish","type":"product","link":"https:\/\/www.honlufoodtrailer.com\/de\/product\/18ft-container-food-trailer-with-awning\/","title":{"rendered":"18 Fu\u00df langer Container-Imbissanh\u00e4nger mit Markise"},"content":{"rendered":"<p>Dies ist ein individuell angefertigter 18-Fu\u00df-Container-Foodtruck mit Markise, den wir f\u00fcr einen unserer Kunden hergestellt haben. Wir k\u00f6nnen einen \u00e4hnlichen Container-Foodtruck wie diesen produzieren oder ein Modell nach Ihren W\u00fcnschen anfertigen. Farbe, Aufkleber, Beschilderung und K\u00fcchenausstattung des Containers k\u00f6nnen individuell gestaltet werden. Kontaktieren Sie uns einfach und teilen Sie uns Ihre genauen Anforderungen mit.<\/p>\n<p><img fetchpriority=\"high\" decoding=\"async\" class=\"size-full wp-image-5976 aligncenter\" src=\"https:\/\/www.honlufoodtrailer.com\/wp-content\/uploads\/2023\/11\/18ft-Container-Food-Trailer-With-Awning.jpg\" alt=\"18 Fu\u00df langer Container-Imbissanh\u00e4nger mit Markise\" width=\"720\" height=\"540\" srcset=\"https:\/\/www.honlufoodtrailer.com\/wp-content\/uploads\/2023\/11\/18ft-Container-Food-Trailer-With-Awning.jpg 720w, https:\/\/www.honlufoodtrailer.com\/wp-content\/uploads\/2023\/11\/18ft-Container-Food-Trailer-With-Awning-480x360.jpg 480w, https:\/\/www.honlufoodtrailer.com\/wp-content\/uploads\/2023\/11\/18ft-Container-Food-Trailer-With-Awning-300x225.jpg 300w\" sizes=\"(max-width: 720px) 100vw, 720px\" \/><\/p>\n<p>Wollen Sie Ihr eigenes Lebensmittelunternehmen gr\u00fcnden? M\u00f6chten Sie leckere Gerichte zum Mitnehmen anbieten? Dann sollten Sie eine Investition in dieses Projekt in Betracht ziehen. <a href=\"https:\/\/www.honlufoodtrailer.com\/de\/containeranhanger\/\" target=\"_blank\" rel=\"noopener\">Imbisswagen aus einem Schiffscontainer<\/a> mit einer Markise, die zum Verkauf steht. Diese Art von <a href=\"https:\/\/www.honlufoodtrailer.com\/de\/product\/\" target=\"_blank\" rel=\"noopener\">Lebensmittelanh\u00e4nger<\/a> bietet zahlreiche Vorteile, die Ihrem Unternehmen zum Erfolg verhelfen k\u00f6nnen.<\/p>\n<p><img decoding=\"async\" class=\"size-full wp-image-5972 aligncenter\" src=\"https:\/\/www.honlufoodtrailer.com\/wp-content\/uploads\/2023\/11\/18ft-Container-Food-Trailer-With-Awning-inner-details.jpg\" alt=\"18-Fu\u00df-Container-Food-Anh\u00e4nger mit Markise \u2013 Innendetails\" width=\"720\" height=\"540\" srcset=\"https:\/\/www.honlufoodtrailer.com\/wp-content\/uploads\/2023\/11\/18ft-Container-Food-Trailer-With-Awning-inner-details.jpg 720w, https:\/\/www.honlufoodtrailer.com\/wp-content\/uploads\/2023\/11\/18ft-Container-Food-Trailer-With-Awning-inner-details-480x360.jpg 480w, https:\/\/www.honlufoodtrailer.com\/wp-content\/uploads\/2023\/11\/18ft-Container-Food-Trailer-With-Awning-inner-details-300x225.jpg 300w\" sizes=\"(max-width: 720px) 100vw, 720px\" \/><\/p>\n<p>In erster Linie bietet die Markise Ihren Kunden Schutz und Schatten, so dass sie auch an hei\u00dfen Sommertagen bequem an Ort und Stelle speisen k\u00f6nnen. Dar\u00fcber hinaus dient eine Markise auch als Werbetr\u00e4ger, der die Aufmerksamkeit auf sich zieht und Ihrem Unternehmen ein professionelles Aussehen verleiht.<\/p>\n<p><img decoding=\"async\" class=\"size-full wp-image-5977 aligncenter\" src=\"https:\/\/www.honlufoodtrailer.com\/wp-content\/uploads\/2023\/11\/shipping-container-food-trailer-inner-details.jpg\" alt=\"Innendetails eines Imbisswagens aus einem Schiffscontainer\" width=\"800\" height=\"800\" srcset=\"https:\/\/www.honlufoodtrailer.com\/wp-content\/uploads\/2023\/11\/shipping-container-food-trailer-inner-details.jpg 800w, https:\/\/www.honlufoodtrailer.com\/wp-content\/uploads\/2023\/11\/shipping-container-food-trailer-inner-details-768x768.jpg 768w, https:\/\/www.honlufoodtrailer.com\/wp-content\/uploads\/2023\/11\/shipping-container-food-trailer-inner-details-360x360.jpg 360w, https:\/\/www.honlufoodtrailer.com\/wp-content\/uploads\/2023\/11\/shipping-container-food-trailer-inner-details-300x300.jpg 300w, https:\/\/www.honlufoodtrailer.com\/wp-content\/uploads\/2023\/11\/shipping-container-food-trailer-inner-details-720x720.jpg 720w, https:\/\/www.honlufoodtrailer.com\/wp-content\/uploads\/2023\/11\/shipping-container-food-trailer-inner-details-100x100.jpg 100w\" sizes=\"(max-width: 800px) 100vw, 800px\" \/><\/p>\n<p>Food-Trailer k\u00f6nnen auch als Food-Carts, Food-Vans, Food-Trucks, und so weiter bezeichnet werden. Es kann verwendet werden, um Fast Food, Snacks, Zeitungen, B\u00fccher und so weiter zu verkaufen. Er besteht aus Fahrgestell, Aufbau, Bodenbelag, Arbeitstisch, Wassersystem und elektrischem System. Die Benutzer k\u00f6nnen auch die Farbe w\u00e4hlen, die sie wollen. Wir w\u00fcrden gerne andere Arten von Ger\u00e4ten kaufen, wenn Kunden dies w\u00fcnschen.<\/p>\n<p>&nbsp;<\/p>\n<h2><b class=\"magic-22\"><span class=\"magic-11\">Hauptmerkmale des individuell gestalteten Food-Trailers aus einem Schiffscontainer<\/span><\/b><\/h2>\n<div class=\"magic-2\">\n<div class=\"magic-3\">\n<div class=\"magic-4\">\n<p class=\"magic-5\" data-spm-anchor-id=\"a2700.details.0.i22.54e5117dtl16iL\"><span style=\"font-family: Tahoma;\">1<span class=\"magic-12\" data-spm-anchor-id=\"a2700.details.0.i21.54e5117dtl16iL\">. Kosteng\u00fcnstig und umweltfreundlich, ohne Rauch und L\u00e4rm, leicht an jedem Ort zu bewegen<\/span><\/span><\/p>\n<p>2. Es kann f\u00fcr viele Jahre verwendet werden und wird nicht bauen M\u00fcll, und das ist viele Anz\u00fcge f\u00fcr das moderne Leben.<\/p>\n<p>3. Es ist bequem und einfach f\u00fcr Last und Transport, weil das Design einzigartig und individuell ist.<\/p>\n<p>4. Das Hauptmaterial ist Edelstahl, und die flatform (Tabelle) wird nicht verrostet.<\/p>\n<p>5. Es hat Hitzebest\u00e4ndigkeit, und die Festigkeit ist hoch, hohe Farbechtheit, keine Verformung, wasserdicht, und lange Lebensdauer.<\/p>\n<\/div>\n<\/div>\n<\/div>\n<h2><b class=\"magic-22\"><span class=\"magic-11\">Hauptvorteil:<\/span><\/b><\/h2>\n<p><span class=\"magic-12\">1. Kosteng\u00fcnstig und umweltfreundlich (kein Rauch, kein L\u00e4rm, keine Umweltverschmutzung);<br \/>\n2. Leicht zu bewegen jeden Ort (Ihr Unternehmen ist nicht eingeschr\u00e4nkt);<br \/>\n3. Einzigartige Form (unsichtbar, um mehr Kunden anzuziehen);<br \/>\n4. Lange Lebensdauer (korrosionsbest\u00e4ndig, hitzebest\u00e4ndig, wasserdicht, keine Verformung).<\/span><\/p>","protected":false},"excerpt":{"rendered":"<p>Dies ist einer unserer ma\u00dfgefertigten 18-Fu\u00df-Container-Imbisswagen mit Markise. Er ist \u00fcblicherweise das bevorzugte Modell f\u00fcr den Einstieg in die Container-Foodtruck-Branche. Selbstverst\u00e4ndlich k\u00f6nnen wir einen \u00e4hnlichen Container-Imbisswagen wie diesen herstellen oder ihn individuell nach Ihren W\u00fcnschen anpassen. Farbe, Aufkleber, Beschilderung und K\u00fcchenausstattung des Container-Imbisswagens k\u00f6nnen individuell gestaltet werden. <strong>Bitte klicken Sie auf die folgenden Registerkarten, um die Details dieses Imbisswagens anzuzeigen.<\/strong>.<\/p>","protected":false},"featured_media":5976,"template":"","meta":{"_themeisle_gutenberg_block_has_review":false},"product_brand":[],"product_cat":[26],"product_tag":[83,71,33,38],"class_list":{"0":"post-5966","1":"product","2":"type-product","3":"status-publish","4":"has-post-thumbnail","6":"product_cat-product","7":"product_tag-18ft-food-trailer","8":"product_tag-container-trailer","9":"product_tag-customized-trailer","10":"product_tag-mobile-food-trailer","12":"first","13":"instock","14":"shipping-taxable","15":"product-type-simple"},"yoast_head":"<!-- This site is optimized with the Yoast SEO plugin v27.5 - https:\/\/yoast.com\/product\/yoast-seo-wordpress\/ -->\n<title>18ft Container Food Trailer With Awning - Honlu Food Trailer<\/title>\n<meta name=\"description\" content=\"This is an 18ft container food trailer with awning we have customized for a customer. Get a similar or customized one at factory price now!\" \/>\n<meta name=\"robots\" content=\"index, follow, max-snippet:-1, max-image-preview:large, max-video-preview:-1\" \/>\n<link rel=\"canonical\" href=\"https:\/\/www.honlufoodtrailer.com\/de\/product\/18-fus-langer-container-imbissanhanger-mit-markise\/\" \/>\n<meta property=\"og:locale\" content=\"de_DE\" \/>\n<meta property=\"og:type\" content=\"article\" \/>\n<meta property=\"og:title\" content=\"18ft Container Food Trailer With Awning - Honlu Food Trailer\" \/>\n<meta property=\"og:description\" content=\"This is an 18ft container food trailer with awning we have customized for a customer. Get a similar or customized one at factory price now!\" \/>\n<meta property=\"og:url\" content=\"https:\/\/www.honlufoodtrailer.com\/de\/product\/18-fus-langer-container-imbissanhanger-mit-markise\/\" \/>\n<meta property=\"og:site_name\" content=\"Honlu food trailer\" \/>\n<meta property=\"article:modified_time\" content=\"2025-02-14T08:09:08+00:00\" \/>\n<meta property=\"og:image\" content=\"https:\/\/www.honlufoodtrailer.com\/wp-content\/uploads\/2023\/11\/18ft-Container-Food-Trailer-With-Awning.jpg\" \/>\n\t<meta property=\"og:image:width\" content=\"720\" \/>\n\t<meta property=\"og:image:height\" content=\"540\" \/>\n\t<meta property=\"og:image:type\" content=\"image\/jpeg\" \/>\n<meta name=\"twitter:card\" content=\"summary_large_image\" \/>\n<meta name=\"twitter:label1\" content=\"Gesch\u00e4tzte Lesezeit\" \/>\n\t<meta name=\"twitter:data1\" content=\"1\u00a0Minute\" \/>\n<script type=\"application\/ld+json\" class=\"yoast-schema-graph\">{\"@context\":\"https:\\\/\\\/schema.org\",\"@graph\":[{\"@type\":\"WebPage\",\"@id\":\"https:\\\/\\\/www.honlufoodtrailer.com\\\/product\\\/18ft-container-food-trailer-with-awning\\\/\",\"url\":\"https:\\\/\\\/www.honlufoodtrailer.com\\\/product\\\/18ft-container-food-trailer-with-awning\\\/\",\"name\":\"18ft Container Food Trailer With Awning - Honlu Food Trailer\",\"isPartOf\":{\"@id\":\"https:\\\/\\\/www.honlufoodtrailer.com\\\/#website\"},\"primaryImageOfPage\":{\"@id\":\"https:\\\/\\\/www.honlufoodtrailer.com\\\/product\\\/18ft-container-food-trailer-with-awning\\\/#primaryimage\"},\"image\":{\"@id\":\"https:\\\/\\\/www.honlufoodtrailer.com\\\/product\\\/18ft-container-food-trailer-with-awning\\\/#primaryimage\"},\"thumbnailUrl\":\"https:\\\/\\\/www.honlufoodtrailer.com\\\/wp-content\\\/uploads\\\/2023\\\/11\\\/18ft-Container-Food-Trailer-With-Awning.jpg\",\"datePublished\":\"2023-11-08T08:45:02+00:00\",\"dateModified\":\"2025-02-14T08:09:08+00:00\",\"description\":\"This is an 18ft container food trailer with awning we have customized for a customer. Get a similar or customized one at factory price now!\",\"breadcrumb\":{\"@id\":\"https:\\\/\\\/www.honlufoodtrailer.com\\\/product\\\/18ft-container-food-trailer-with-awning\\\/#breadcrumb\"},\"inLanguage\":\"de\",\"potentialAction\":[{\"@type\":\"ReadAction\",\"target\":[\"https:\\\/\\\/www.honlufoodtrailer.com\\\/product\\\/18ft-container-food-trailer-with-awning\\\/\"]}]},{\"@type\":\"ImageObject\",\"inLanguage\":\"de\",\"@id\":\"https:\\\/\\\/www.honlufoodtrailer.com\\\/product\\\/18ft-container-food-trailer-with-awning\\\/#primaryimage\",\"url\":\"https:\\\/\\\/www.honlufoodtrailer.com\\\/wp-content\\\/uploads\\\/2023\\\/11\\\/18ft-Container-Food-Trailer-With-Awning.jpg\",\"contentUrl\":\"https:\\\/\\\/www.honlufoodtrailer.com\\\/wp-content\\\/uploads\\\/2023\\\/11\\\/18ft-Container-Food-Trailer-With-Awning.jpg\",\"width\":720,\"height\":540,\"caption\":\"18ft Container Food Trailer With Awning\"},{\"@type\":\"BreadcrumbList\",\"@id\":\"https:\\\/\\\/www.honlufoodtrailer.com\\\/product\\\/18ft-container-food-trailer-with-awning\\\/#breadcrumb\",\"itemListElement\":[{\"@type\":\"ListItem\",\"position\":1,\"name\":\"Home\",\"item\":\"https:\\\/\\\/www.honlufoodtrailer.com\\\/\"},{\"@type\":\"ListItem\",\"position\":2,\"name\":\"\u4ea7\u54c1\",\"item\":\"https:\\\/\\\/www.honlufoodtrailer.com\\\/shop\\\/\"},{\"@type\":\"ListItem\",\"position\":3,\"name\":\"18ft Container Food Trailer With Awning\"}]},{\"@type\":\"WebSite\",\"@id\":\"https:\\\/\\\/www.honlufoodtrailer.com\\\/#website\",\"url\":\"https:\\\/\\\/www.honlufoodtrailer.com\\\/\",\"name\":\"Honlu food trailer\",\"description\":\"\",\"publisher\":{\"@id\":\"https:\\\/\\\/www.honlufoodtrailer.com\\\/#organization\"},\"potentialAction\":[{\"@type\":\"SearchAction\",\"target\":{\"@type\":\"EntryPoint\",\"urlTemplate\":\"https:\\\/\\\/www.honlufoodtrailer.com\\\/?s={search_term_string}\"},\"query-input\":{\"@type\":\"PropertyValueSpecification\",\"valueRequired\":true,\"valueName\":\"search_term_string\"}}],\"inLanguage\":\"de\"},{\"@type\":\"Organization\",\"@id\":\"https:\\\/\\\/www.honlufoodtrailer.com\\\/#organization\",\"name\":\"Honlu food trailer\",\"url\":\"https:\\\/\\\/www.honlufoodtrailer.com\\\/\",\"logo\":{\"@type\":\"ImageObject\",\"inLanguage\":\"de\",\"@id\":\"https:\\\/\\\/www.honlufoodtrailer.com\\\/#\\\/schema\\\/logo\\\/image\\\/\",\"url\":\"https:\\\/\\\/www.honlufoodtrailer.com\\\/wp-content\\\/uploads\\\/2021\\\/12\\\/2.gif\",\"contentUrl\":\"https:\\\/\\\/www.honlufoodtrailer.com\\\/wp-content\\\/uploads\\\/2021\\\/12\\\/2.gif\",\"width\":350,\"height\":100,\"caption\":\"Honlu food trailer\"},\"image\":{\"@id\":\"https:\\\/\\\/www.honlufoodtrailer.com\\\/#\\\/schema\\\/logo\\\/image\\\/\"}}]}<\/script>\n<!-- \/ Yoast SEO plugin. -->","yoast_head_json":{"title":"18-Fu\u00df-Container-Imbissanh\u00e4nger mit Markise - Honlu Food Trailer","description":"Dies ist ein 5,5 Meter langer Container-Foodtruck mit Markise, den wir f\u00fcr einen Kunden individuell angefertigt haben. Erhalten Sie jetzt ein \u00e4hnliches oder ein individuell angepasstes Modell zum Fabrikpreis!","robots":{"index":"index","follow":"follow","max-snippet":"max-snippet:-1","max-image-preview":"max-image-preview:large","max-video-preview":"max-video-preview:-1"},"canonical":"https:\/\/www.honlufoodtrailer.com\/de\/product\/18-fus-langer-container-imbissanhanger-mit-markise\/","og_locale":"de_DE","og_type":"article","og_title":"18ft Container Food Trailer With Awning - Honlu Food Trailer","og_description":"This is an 18ft container food trailer with awning we have customized for a customer. Get a similar or customized one at factory price now!","og_url":"https:\/\/www.honlufoodtrailer.com\/de\/product\/18-fus-langer-container-imbissanhanger-mit-markise\/","og_site_name":"Honlu food trailer","article_modified_time":"2025-02-14T08:09:08+00:00","og_image":[{"width":720,"height":540,"url":"https:\/\/www.honlufoodtrailer.com\/wp-content\/uploads\/2023\/11\/18ft-Container-Food-Trailer-With-Awning.jpg","type":"image\/jpeg"}],"twitter_card":"summary_large_image","twitter_misc":{"Gesch\u00e4tzte Lesezeit":"1\u00a0Minute"},"schema":{"@context":"https:\/\/schema.org","@graph":[{"@type":"WebPage","@id":"https:\/\/www.honlufoodtrailer.com\/product\/18ft-container-food-trailer-with-awning\/","url":"https:\/\/www.honlufoodtrailer.com\/product\/18ft-container-food-trailer-with-awning\/","name":"18-Fu\u00df-Container-Imbissanh\u00e4nger mit Markise - Honlu Food Trailer","isPartOf":{"@id":"https:\/\/www.honlufoodtrailer.com\/#website"},"primaryImageOfPage":{"@id":"https:\/\/www.honlufoodtrailer.com\/product\/18ft-container-food-trailer-with-awning\/#primaryimage"},"image":{"@id":"https:\/\/www.honlufoodtrailer.com\/product\/18ft-container-food-trailer-with-awning\/#primaryimage"},"thumbnailUrl":"https:\/\/www.honlufoodtrailer.com\/wp-content\/uploads\/2023\/11\/18ft-Container-Food-Trailer-With-Awning.jpg","datePublished":"2023-11-08T08:45:02+00:00","dateModified":"2025-02-14T08:09:08+00:00","description":"Dies ist ein 5,5 Meter langer Container-Foodtruck mit Markise, den wir f\u00fcr einen Kunden individuell angefertigt haben. Erhalten Sie jetzt ein \u00e4hnliches oder ein individuell angepasstes Modell zum Fabrikpreis!","breadcrumb":{"@id":"https:\/\/www.honlufoodtrailer.com\/product\/18ft-container-food-trailer-with-awning\/#breadcrumb"},"inLanguage":"de","potentialAction":[{"@type":"ReadAction","target":["https:\/\/www.honlufoodtrailer.com\/product\/18ft-container-food-trailer-with-awning\/"]}]},{"@type":"ImageObject","inLanguage":"de","@id":"https:\/\/www.honlufoodtrailer.com\/product\/18ft-container-food-trailer-with-awning\/#primaryimage","url":"https:\/\/www.honlufoodtrailer.com\/wp-content\/uploads\/2023\/11\/18ft-Container-Food-Trailer-With-Awning.jpg","contentUrl":"https:\/\/www.honlufoodtrailer.com\/wp-content\/uploads\/2023\/11\/18ft-Container-Food-Trailer-With-Awning.jpg","width":720,"height":540,"caption":"18ft Container Food Trailer With Awning"},{"@type":"BreadcrumbList","@id":"https:\/\/www.honlufoodtrailer.com\/product\/18ft-container-food-trailer-with-awning\/#breadcrumb","itemListElement":[{"@type":"ListItem","position":1,"name":"Home","item":"https:\/\/www.honlufoodtrailer.com\/"},{"@type":"ListItem","position":2,"name":"\u4ea7\u54c1","item":"https:\/\/www.honlufoodtrailer.com\/shop\/"},{"@type":"ListItem","position":3,"name":"18ft Container Food Trailer With Awning"}]},{"@type":"WebSite","@id":"https:\/\/www.honlufoodtrailer.com\/#website","url":"https:\/\/www.honlufoodtrailer.com\/","name":"Honlu-Lebensmittelanh\u00e4nger","description":"","publisher":{"@id":"https:\/\/www.honlufoodtrailer.com\/#organization"},"potentialAction":[{"@type":"SearchAction","target":{"@type":"EntryPoint","urlTemplate":"https:\/\/www.honlufoodtrailer.com\/?s={search_term_string}"},"query-input":{"@type":"PropertyValueSpecification","valueRequired":true,"valueName":"search_term_string"}}],"inLanguage":"de"},{"@type":"Organization","@id":"https:\/\/www.honlufoodtrailer.com\/#organization","name":"Honlu-Lebensmittelanh\u00e4nger","url":"https:\/\/www.honlufoodtrailer.com\/","logo":{"@type":"ImageObject","inLanguage":"de","@id":"https:\/\/www.honlufoodtrailer.com\/#\/schema\/logo\/image\/","url":"https:\/\/www.honlufoodtrailer.com\/wp-content\/uploads\/2021\/12\/2.gif","contentUrl":"https:\/\/www.honlufoodtrailer.com\/wp-content\/uploads\/2021\/12\/2.gif","width":350,"height":100,"caption":"Honlu food trailer"},"image":{"@id":"https:\/\/www.honlufoodtrailer.com\/#\/schema\/logo\/image\/"}}]}},"_links":{"self":[{"href":"https:\/\/www.honlufoodtrailer.com\/de\/wp-json\/wp\/v2\/product\/5966","targetHints":{"allow":["GET"]}}],"collection":[{"href":"https:\/\/www.honlufoodtrailer.com\/de\/wp-json\/wp\/v2\/product"}],"about":[{"href":"https:\/\/www.honlufoodtrailer.com\/de\/wp-json\/wp\/v2\/types\/product"}],"version-history":[{"count":0,"href":"https:\/\/www.honlufoodtrailer.com\/de\/wp-json\/wp\/v2\/product\/5966\/revisions"}],"wp:featuredmedia":[{"embeddable":true,"href":"https:\/\/www.honlufoodtrailer.com\/de\/wp-json\/wp\/v2\/media\/5976"}],"wp:attachment":[{"href":"https:\/\/www.honlufoodtrailer.com\/de\/wp-json\/wp\/v2\/media?parent=5966"}],"wp:term":[{"taxonomy":"product_brand","embeddable":true,"href":"https:\/\/www.honlufoodtrailer.com\/de\/wp-json\/wp\/v2\/product_brand?post=5966"},{"taxonomy":"product_cat","embeddable":true,"href":"https:\/\/www.honlufoodtrailer.com\/de\/wp-json\/wp\/v2\/product_cat?post=5966"},{"taxonomy":"product_tag","embeddable":true,"href":"https:\/\/www.honlufoodtrailer.com\/de\/wp-json\/wp\/v2\/product_tag?post=5966"}],"curies":[{"name":"wp","href":"https:\/\/api.w.org\/{rel}","templated":true}]}}