{"id":6005,"date":"2023-11-29T16:08:54","date_gmt":"2023-11-29T08:08:54","guid":{"rendered":"https:\/\/www.honlufoodtrailer.com\/?post_type=product&#038;p=6005"},"modified":"2025-02-14T15:39:56","modified_gmt":"2025-02-14T07:39:56","slug":"18ft-mobile-fast-food-trailer-for-sale","status":"publish","type":"product","link":"https:\/\/www.honlufoodtrailer.com\/de\/product\/18ft-mobile-fast-food-trailer-for-sale\/","title":{"rendered":"18 Fu\u00df langer mobiler Schnellimbissanh\u00e4nger zu verkaufen"},"content":{"rendered":"<p>Dies ist ein individuell gestalteter, 5,5 Meter langer Imbisswagen, den wir f\u00fcr einen unserer Kunden gefertigt haben. Wir k\u00f6nnen \u00e4hnliche Imbisswagen zum Verkauf anbieten oder einen nach Ihren W\u00fcnschen anfertigen. Farbe, Aufkleber, Beschilderung und K\u00fcchenausstattung k\u00f6nnen individuell angepasst werden. Kontaktieren Sie uns einfach und teilen Sie uns Ihre genauen Anforderungen mit.<\/p>\n<p><img fetchpriority=\"high\" decoding=\"async\" class=\"size-full wp-image-6013 aligncenter\" src=\"https:\/\/www.honlufoodtrailer.com\/wp-content\/uploads\/2023\/11\/18ft-fast-food-trailer-on-sale.jpg\" alt=\"18ft fast food trailer zu verkaufen\" width=\"720\" height=\"540\" srcset=\"https:\/\/www.honlufoodtrailer.com\/wp-content\/uploads\/2023\/11\/18ft-fast-food-trailer-on-sale.jpg 720w, https:\/\/www.honlufoodtrailer.com\/wp-content\/uploads\/2023\/11\/18ft-fast-food-trailer-on-sale-480x360.jpg 480w, https:\/\/www.honlufoodtrailer.com\/wp-content\/uploads\/2023\/11\/18ft-fast-food-trailer-on-sale-300x225.jpg 300w\" sizes=\"(max-width: 720px) 100vw, 720px\" \/><\/p>\n<p>Sie m\u00f6chten Ihr eigenes Gastronomieunternehmen gr\u00fcnden? Wollen Sie leckere Gerichte zum Mitnehmen anbieten? Dann sollten Sie \u00fcber die Investition in diesen 5,5 Meter langen mobilen Imbisswagen nachdenken, der zum Verkauf steht. <a href=\"https:\/\/www.honlufoodtrailer.com\/de\/product\/\" target=\"_blank\" rel=\"noopener\">Lebensmittelanh\u00e4nger<\/a> kann Ihrem Unternehmen zum Erfolg verhelfen. Wie Sie dem Bild oben entnehmen k\u00f6nnen, eignet sich dieser Imbisswagen ideal f\u00fcr den Verkauf verschiedenster Fast-Food-Gerichte wie H\u00e4hnchensandwiches, H\u00e4hnchensalate, Pizza, Hotdogs, Burger, Tacos, Chicken Wings, Salate, Pommes und Erfrischungsgetr\u00e4nke. So gewinnen Sie mehr Kunden. Im Folgenden zeige ich Ihnen das Innere dieses mobilen Imbisswagens.<\/p>\n<p><img decoding=\"async\" class=\"size-full wp-image-6012 aligncenter\" src=\"https:\/\/www.honlufoodtrailer.com\/wp-content\/uploads\/2023\/11\/18ft-fast-food-trailer-inner-view.jpg\" alt=\"18 Fu\u00df langer Schnellimbisswagen, Innenansicht\" width=\"720\" height=\"540\" srcset=\"https:\/\/www.honlufoodtrailer.com\/wp-content\/uploads\/2023\/11\/18ft-fast-food-trailer-inner-view.jpg 720w, https:\/\/www.honlufoodtrailer.com\/wp-content\/uploads\/2023\/11\/18ft-fast-food-trailer-inner-view-480x360.jpg 480w, https:\/\/www.honlufoodtrailer.com\/wp-content\/uploads\/2023\/11\/18ft-fast-food-trailer-inner-view-300x225.jpg 300w\" sizes=\"(max-width: 720px) 100vw, 720px\" \/><\/p>\n<p>Wie dem Bild oben zu entnehmen ist, haben wir den 5,5 Meter langen Imbisswagen mit K\u00fcchenger\u00e4ten ausgestattet. Im Inneren befinden sich haupts\u00e4chlich Ger\u00e4te wie Gasherd, Backofen, Sp\u00fclbecken, K\u00fchlschrank, Grill, Grillplatte und Dunstabzugshaube. Mit dieser K\u00fcchenausstattung kann unser Kunde seinen G\u00e4sten verschiedene Fast-Food-Gerichte anbieten.<\/p>\n<p>Food-Trailer k\u00f6nnen auch als Food-Carts, Food-Vans, Food-Trucks, und so weiter bezeichnet werden. Es kann verwendet werden, um Fast Food, Snacks, Zeitungen, B\u00fccher und so weiter zu verkaufen. Er besteht aus Fahrgestell, Aufbau, Bodenbelag, Arbeitstisch, Wassersystem und elektrischem System. Die Benutzer k\u00f6nnen auch die Farbe w\u00e4hlen, die sie wollen. Wir w\u00fcrden gerne andere Arten von Ger\u00e4ten kaufen, wenn Kunden dies w\u00fcnschen.<\/p>\n<h3>Hauptmerkmale des individuell gestalteten Schnellimbissanh\u00e4ngers<\/h3>\n<ol>\n<li>Kosteng\u00fcnstig und umweltfreundlich, rauch- und l\u00e4rmfrei, leicht an jeden Ort zu bringen.<\/li>\n<li>Es kann viele Jahre lang verwendet werden und bildet keinen M\u00fcll, und das ist sehr passend f\u00fcr das moderne Leben.<\/li>\n<li>Das Be- und Entladen sowie der Transport sind dank des einzigartigen und individuellen Designs einfach und bequem.<\/li>\n<li>Das Hauptmaterial ist rostfreier Stahl, und der Tisch wird nicht rosten.<\/li>\n<li>Es ist hitzebest\u00e4ndig, hat eine hohe Festigkeit, eine hohe Farbechtheit, keine Verformung, ist wasserdicht und hat eine lange Lebensdauer.<\/li>\n<\/ol>\n<h2>Hauptvorteil:<\/h2>\n<p><span class=\"magic-12\">1. Kosteng\u00fcnstig und umweltfreundlich;<br \/>\n2. Leicht zu bewegen, um jeden Ort (Ihr Unternehmen ist nicht eingeschr\u00e4nkt);<br \/>\n3. Einzigartige Form (unsichtbar, um mehr Kunden anzuziehen);<br \/>\n4. Lange Lebensdauer (korrosionsbest\u00e4ndig, hitzebest\u00e4ndig, wasserdicht, keine Verformung).<\/span><\/p>","protected":false},"excerpt":{"rendered":"<p>Dies ist einer unserer ma\u00dfgefertigten, 5,5 Meter langen Imbisswagen. Er ist in der Regel das bevorzugte Modell f\u00fcr den Start eines Imbisswagengesch\u00e4fts. Selbstverst\u00e4ndlich k\u00f6nnen wir einen \u00e4hnlichen Imbisswagen herstellen oder ihn individuell nach Ihren W\u00fcnschen anpassen. Farbe, Aufkleber, Beschilderung und K\u00fcchenausstattung des Imbisswagens k\u00f6nnen individuell gestaltet werden.<\/p>","protected":false},"featured_media":6015,"template":"","meta":{"_themeisle_gutenberg_block_has_review":false},"product_brand":[],"product_cat":[26],"product_tag":[83,33,60,61,38],"class_list":{"0":"post-6005","1":"product","2":"type-product","3":"status-publish","4":"has-post-thumbnail","6":"product_cat-product","7":"product_tag-18ft-food-trailer","8":"product_tag-customized-trailer","9":"product_tag-fast-food-trailer","10":"product_tag-fast-food-trailer-for-sale","11":"product_tag-mobile-food-trailer","13":"first","14":"instock","15":"featured","16":"shipping-taxable","17":"product-type-simple"},"yoast_head":"<!-- This site is optimized with the Yoast SEO plugin v27.5 - https:\/\/yoast.com\/product\/yoast-seo-wordpress\/ -->\n<title>18ft Mobile Fast Food Trailer For Sale - Honlu Food Trailer<\/title>\n<meta name=\"description\" content=\"This is an 18ft mobile fast food trailer for sale we have customized for a customer. Get a similar or customized one at factory price now!\" \/>\n<meta name=\"robots\" content=\"index, follow, max-snippet:-1, max-image-preview:large, max-video-preview:-1\" \/>\n<link rel=\"canonical\" href=\"https:\/\/www.honlufoodtrailer.com\/de\/product\/18ft-mobile-fast-food-trailer-for-sale\/\" \/>\n<meta property=\"og:locale\" content=\"de_DE\" \/>\n<meta property=\"og:type\" content=\"article\" \/>\n<meta property=\"og:title\" content=\"18ft Mobile Fast Food Trailer For Sale - Honlu Food Trailer\" \/>\n<meta property=\"og:description\" content=\"This is an 18ft mobile fast food trailer for sale we have customized for a customer. Get a similar or customized one at factory price now!\" \/>\n<meta property=\"og:url\" content=\"https:\/\/www.honlufoodtrailer.com\/de\/product\/18ft-mobile-fast-food-trailer-for-sale\/\" \/>\n<meta property=\"og:site_name\" content=\"Honlu food trailer\" \/>\n<meta property=\"article:modified_time\" content=\"2025-02-14T07:39:56+00:00\" \/>\n<meta property=\"og:image\" content=\"https:\/\/www.honlufoodtrailer.com\/wp-content\/uploads\/2023\/11\/18ft-fast-food-trailer.jpg\" \/>\n\t<meta property=\"og:image:width\" content=\"720\" \/>\n\t<meta property=\"og:image:height\" content=\"540\" \/>\n\t<meta property=\"og:image:type\" content=\"image\/jpeg\" \/>\n<meta name=\"twitter:card\" content=\"summary_large_image\" \/>\n<meta name=\"twitter:label1\" content=\"Gesch\u00e4tzte Lesezeit\" \/>\n\t<meta name=\"twitter:data1\" content=\"1\u00a0Minute\" \/>\n<script type=\"application\/ld+json\" class=\"yoast-schema-graph\">{\"@context\":\"https:\\\/\\\/schema.org\",\"@graph\":[{\"@type\":\"WebPage\",\"@id\":\"https:\\\/\\\/www.honlufoodtrailer.com\\\/product\\\/18ft-mobile-fast-food-trailer-for-sale\\\/\",\"url\":\"https:\\\/\\\/www.honlufoodtrailer.com\\\/product\\\/18ft-mobile-fast-food-trailer-for-sale\\\/\",\"name\":\"18ft Mobile Fast Food Trailer For Sale - Honlu Food Trailer\",\"isPartOf\":{\"@id\":\"https:\\\/\\\/www.honlufoodtrailer.com\\\/#website\"},\"primaryImageOfPage\":{\"@id\":\"https:\\\/\\\/www.honlufoodtrailer.com\\\/product\\\/18ft-mobile-fast-food-trailer-for-sale\\\/#primaryimage\"},\"image\":{\"@id\":\"https:\\\/\\\/www.honlufoodtrailer.com\\\/product\\\/18ft-mobile-fast-food-trailer-for-sale\\\/#primaryimage\"},\"thumbnailUrl\":\"https:\\\/\\\/www.honlufoodtrailer.com\\\/wp-content\\\/uploads\\\/2023\\\/11\\\/18ft-fast-food-trailer.jpg\",\"datePublished\":\"2023-11-29T08:08:54+00:00\",\"dateModified\":\"2025-02-14T07:39:56+00:00\",\"description\":\"This is an 18ft mobile fast food trailer for sale we have customized for a customer. Get a similar or customized one at factory price now!\",\"breadcrumb\":{\"@id\":\"https:\\\/\\\/www.honlufoodtrailer.com\\\/product\\\/18ft-mobile-fast-food-trailer-for-sale\\\/#breadcrumb\"},\"inLanguage\":\"de\",\"potentialAction\":[{\"@type\":\"ReadAction\",\"target\":[\"https:\\\/\\\/www.honlufoodtrailer.com\\\/product\\\/18ft-mobile-fast-food-trailer-for-sale\\\/\"]}]},{\"@type\":\"ImageObject\",\"inLanguage\":\"de\",\"@id\":\"https:\\\/\\\/www.honlufoodtrailer.com\\\/product\\\/18ft-mobile-fast-food-trailer-for-sale\\\/#primaryimage\",\"url\":\"https:\\\/\\\/www.honlufoodtrailer.com\\\/wp-content\\\/uploads\\\/2023\\\/11\\\/18ft-fast-food-trailer.jpg\",\"contentUrl\":\"https:\\\/\\\/www.honlufoodtrailer.com\\\/wp-content\\\/uploads\\\/2023\\\/11\\\/18ft-fast-food-trailer.jpg\",\"width\":720,\"height\":540,\"caption\":\"18ft fast food trailer\"},{\"@type\":\"BreadcrumbList\",\"@id\":\"https:\\\/\\\/www.honlufoodtrailer.com\\\/product\\\/18ft-mobile-fast-food-trailer-for-sale\\\/#breadcrumb\",\"itemListElement\":[{\"@type\":\"ListItem\",\"position\":1,\"name\":\"Home\",\"item\":\"https:\\\/\\\/www.honlufoodtrailer.com\\\/\"},{\"@type\":\"ListItem\",\"position\":2,\"name\":\"\u4ea7\u54c1\",\"item\":\"https:\\\/\\\/www.honlufoodtrailer.com\\\/shop\\\/\"},{\"@type\":\"ListItem\",\"position\":3,\"name\":\"18ft Mobile Fast Food Trailer For Sale\"}]},{\"@type\":\"WebSite\",\"@id\":\"https:\\\/\\\/www.honlufoodtrailer.com\\\/#website\",\"url\":\"https:\\\/\\\/www.honlufoodtrailer.com\\\/\",\"name\":\"Honlu food trailer\",\"description\":\"\",\"publisher\":{\"@id\":\"https:\\\/\\\/www.honlufoodtrailer.com\\\/#organization\"},\"potentialAction\":[{\"@type\":\"SearchAction\",\"target\":{\"@type\":\"EntryPoint\",\"urlTemplate\":\"https:\\\/\\\/www.honlufoodtrailer.com\\\/?s={search_term_string}\"},\"query-input\":{\"@type\":\"PropertyValueSpecification\",\"valueRequired\":true,\"valueName\":\"search_term_string\"}}],\"inLanguage\":\"de\"},{\"@type\":\"Organization\",\"@id\":\"https:\\\/\\\/www.honlufoodtrailer.com\\\/#organization\",\"name\":\"Honlu food trailer\",\"url\":\"https:\\\/\\\/www.honlufoodtrailer.com\\\/\",\"logo\":{\"@type\":\"ImageObject\",\"inLanguage\":\"de\",\"@id\":\"https:\\\/\\\/www.honlufoodtrailer.com\\\/#\\\/schema\\\/logo\\\/image\\\/\",\"url\":\"https:\\\/\\\/www.honlufoodtrailer.com\\\/wp-content\\\/uploads\\\/2021\\\/12\\\/2.gif\",\"contentUrl\":\"https:\\\/\\\/www.honlufoodtrailer.com\\\/wp-content\\\/uploads\\\/2021\\\/12\\\/2.gif\",\"width\":350,\"height\":100,\"caption\":\"Honlu food trailer\"},\"image\":{\"@id\":\"https:\\\/\\\/www.honlufoodtrailer.com\\\/#\\\/schema\\\/logo\\\/image\\\/\"}}]}<\/script>\n<!-- \/ Yoast SEO plugin. -->","yoast_head_json":{"title":"18 Fu\u00df langer mobiler Imbissanh\u00e4nger zu verkaufen - Honlu Food Trailer","description":"Hier bieten wir einen 5,5 m langen, individuell angefertigten Imbisswagen zum Verkauf an. Sichern Sie sich jetzt ein \u00e4hnliches oder ein individuell angepasstes Modell zum Fabrikpreis!","robots":{"index":"index","follow":"follow","max-snippet":"max-snippet:-1","max-image-preview":"max-image-preview:large","max-video-preview":"max-video-preview:-1"},"canonical":"https:\/\/www.honlufoodtrailer.com\/de\/product\/18ft-mobile-fast-food-trailer-for-sale\/","og_locale":"de_DE","og_type":"article","og_title":"18ft Mobile Fast Food Trailer For Sale - Honlu Food Trailer","og_description":"This is an 18ft mobile fast food trailer for sale we have customized for a customer. Get a similar or customized one at factory price now!","og_url":"https:\/\/www.honlufoodtrailer.com\/de\/product\/18ft-mobile-fast-food-trailer-for-sale\/","og_site_name":"Honlu food trailer","article_modified_time":"2025-02-14T07:39:56+00:00","og_image":[{"width":720,"height":540,"url":"https:\/\/www.honlufoodtrailer.com\/wp-content\/uploads\/2023\/11\/18ft-fast-food-trailer.jpg","type":"image\/jpeg"}],"twitter_card":"summary_large_image","twitter_misc":{"Gesch\u00e4tzte Lesezeit":"1\u00a0Minute"},"schema":{"@context":"https:\/\/schema.org","@graph":[{"@type":"WebPage","@id":"https:\/\/www.honlufoodtrailer.com\/product\/18ft-mobile-fast-food-trailer-for-sale\/","url":"https:\/\/www.honlufoodtrailer.com\/product\/18ft-mobile-fast-food-trailer-for-sale\/","name":"18 Fu\u00df langer mobiler Imbissanh\u00e4nger zu verkaufen - Honlu Food Trailer","isPartOf":{"@id":"https:\/\/www.honlufoodtrailer.com\/#website"},"primaryImageOfPage":{"@id":"https:\/\/www.honlufoodtrailer.com\/product\/18ft-mobile-fast-food-trailer-for-sale\/#primaryimage"},"image":{"@id":"https:\/\/www.honlufoodtrailer.com\/product\/18ft-mobile-fast-food-trailer-for-sale\/#primaryimage"},"thumbnailUrl":"https:\/\/www.honlufoodtrailer.com\/wp-content\/uploads\/2023\/11\/18ft-fast-food-trailer.jpg","datePublished":"2023-11-29T08:08:54+00:00","dateModified":"2025-02-14T07:39:56+00:00","description":"Hier bieten wir einen 5,5 m langen, individuell angefertigten Imbisswagen zum Verkauf an. Sichern Sie sich jetzt ein \u00e4hnliches oder ein individuell angepasstes Modell zum Fabrikpreis!","breadcrumb":{"@id":"https:\/\/www.honlufoodtrailer.com\/product\/18ft-mobile-fast-food-trailer-for-sale\/#breadcrumb"},"inLanguage":"de","potentialAction":[{"@type":"ReadAction","target":["https:\/\/www.honlufoodtrailer.com\/product\/18ft-mobile-fast-food-trailer-for-sale\/"]}]},{"@type":"ImageObject","inLanguage":"de","@id":"https:\/\/www.honlufoodtrailer.com\/product\/18ft-mobile-fast-food-trailer-for-sale\/#primaryimage","url":"https:\/\/www.honlufoodtrailer.com\/wp-content\/uploads\/2023\/11\/18ft-fast-food-trailer.jpg","contentUrl":"https:\/\/www.honlufoodtrailer.com\/wp-content\/uploads\/2023\/11\/18ft-fast-food-trailer.jpg","width":720,"height":540,"caption":"18ft fast food trailer"},{"@type":"BreadcrumbList","@id":"https:\/\/www.honlufoodtrailer.com\/product\/18ft-mobile-fast-food-trailer-for-sale\/#breadcrumb","itemListElement":[{"@type":"ListItem","position":1,"name":"Home","item":"https:\/\/www.honlufoodtrailer.com\/"},{"@type":"ListItem","position":2,"name":"\u4ea7\u54c1","item":"https:\/\/www.honlufoodtrailer.com\/shop\/"},{"@type":"ListItem","position":3,"name":"18ft Mobile Fast Food Trailer For Sale"}]},{"@type":"WebSite","@id":"https:\/\/www.honlufoodtrailer.com\/#website","url":"https:\/\/www.honlufoodtrailer.com\/","name":"Honlu-Lebensmittelanh\u00e4nger","description":"","publisher":{"@id":"https:\/\/www.honlufoodtrailer.com\/#organization"},"potentialAction":[{"@type":"SearchAction","target":{"@type":"EntryPoint","urlTemplate":"https:\/\/www.honlufoodtrailer.com\/?s={search_term_string}"},"query-input":{"@type":"PropertyValueSpecification","valueRequired":true,"valueName":"search_term_string"}}],"inLanguage":"de"},{"@type":"Organization","@id":"https:\/\/www.honlufoodtrailer.com\/#organization","name":"Honlu-Lebensmittelanh\u00e4nger","url":"https:\/\/www.honlufoodtrailer.com\/","logo":{"@type":"ImageObject","inLanguage":"de","@id":"https:\/\/www.honlufoodtrailer.com\/#\/schema\/logo\/image\/","url":"https:\/\/www.honlufoodtrailer.com\/wp-content\/uploads\/2021\/12\/2.gif","contentUrl":"https:\/\/www.honlufoodtrailer.com\/wp-content\/uploads\/2021\/12\/2.gif","width":350,"height":100,"caption":"Honlu food trailer"},"image":{"@id":"https:\/\/www.honlufoodtrailer.com\/#\/schema\/logo\/image\/"}}]}},"_links":{"self":[{"href":"https:\/\/www.honlufoodtrailer.com\/de\/wp-json\/wp\/v2\/product\/6005","targetHints":{"allow":["GET"]}}],"collection":[{"href":"https:\/\/www.honlufoodtrailer.com\/de\/wp-json\/wp\/v2\/product"}],"about":[{"href":"https:\/\/www.honlufoodtrailer.com\/de\/wp-json\/wp\/v2\/types\/product"}],"version-history":[{"count":0,"href":"https:\/\/www.honlufoodtrailer.com\/de\/wp-json\/wp\/v2\/product\/6005\/revisions"}],"wp:featuredmedia":[{"embeddable":true,"href":"https:\/\/www.honlufoodtrailer.com\/de\/wp-json\/wp\/v2\/media\/6015"}],"wp:attachment":[{"href":"https:\/\/www.honlufoodtrailer.com\/de\/wp-json\/wp\/v2\/media?parent=6005"}],"wp:term":[{"taxonomy":"product_brand","embeddable":true,"href":"https:\/\/www.honlufoodtrailer.com\/de\/wp-json\/wp\/v2\/product_brand?post=6005"},{"taxonomy":"product_cat","embeddable":true,"href":"https:\/\/www.honlufoodtrailer.com\/de\/wp-json\/wp\/v2\/product_cat?post=6005"},{"taxonomy":"product_tag","embeddable":true,"href":"https:\/\/www.honlufoodtrailer.com\/de\/wp-json\/wp\/v2\/product_tag?post=6005"}],"curies":[{"name":"wp","href":"https:\/\/api.w.org\/{rel}","templated":true}]}}