{"id":6631,"date":"2023-11-08T18:00:18","date_gmt":"2023-11-08T10:00:18","guid":{"rendered":"https:\/\/www.honlufoodtrailer.com\/?post_type=product&#038;p=6631"},"modified":"2025-02-14T16:07:30","modified_gmt":"2025-02-14T08:07:30","slug":"13ft-ice-cream-trailer-for-sale","status":"publish","type":"product","link":"https:\/\/www.honlufoodtrailer.com\/de\/product\/13ft-ice-cream-trailer-for-sale\/","title":{"rendered":"13ft Eisanh\u00e4nger zu verkaufen"},"content":{"rendered":"<p>Suchen Sie einen Eisanh\u00e4nger zum Verkauf? Sehen Sie sich hier diesen kosteng\u00fcnstigen Eiscreme-Trailer an!\u00a0 Dies ist ein ma\u00dfgeschneiderter kleiner 4 m langer Eiskonzessionsanh\u00e4nger, den wir f\u00fcr einen unserer Kunden hergestellt haben. Wir k\u00f6nnen einen \u00e4hnlichen Eiskonzessionsanh\u00e4nger wie diesen herstellen oder einen f\u00fcr Sie anpassen. Die Karosseriefarbe, Aufkleber, Beschilderung und K\u00fcchenausstattung der Eiswagen k\u00f6nnen individuell angepasst werden. Kontaktieren Sie uns einfach und teilen Sie uns Ihre detaillierten Anforderungen mit.<\/p>\n<p><img fetchpriority=\"high\" decoding=\"async\" class=\"aligncenter size-full wp-image-6633\" src=\"https:\/\/www.honlufoodtrailer.com\/wp-content\/uploads\/2024\/01\/ice-cream-concession-trailer-for-sale-front-view.jpg\" alt=\"Eiskonzessionsanh\u00e4nger zum Verkauf, Vorderansicht\" width=\"720\" height=\"540\" srcset=\"https:\/\/www.honlufoodtrailer.com\/wp-content\/uploads\/2024\/01\/ice-cream-concession-trailer-for-sale-front-view.jpg 720w, https:\/\/www.honlufoodtrailer.com\/wp-content\/uploads\/2024\/01\/ice-cream-concession-trailer-for-sale-front-view-480x360.jpg 480w, https:\/\/www.honlufoodtrailer.com\/wp-content\/uploads\/2024\/01\/ice-cream-concession-trailer-for-sale-front-view-300x225.jpg 300w\" sizes=\"(max-width: 720px) 100vw, 720px\" \/><\/p>\n<p>M\u00f6chten Sie Ihr eigenes Unternehmen f\u00fcr mobile Imbissanh\u00e4nger gr\u00fcnden? M\u00f6chten Sie Eis f\u00fcr unterwegs anbieten? Dann denken Sie dar\u00fcber nach, in diesen kleinen mobilen Eiswagen zum Verkauf zu investieren. Diese Art von Food-Trailer kann Ihrem Unternehmen zum Erfolg verhelfen. Lassen Sie mich Ihnen nun weitere Details dieses Eiskonzessionsanh\u00e4ngers zeigen.<\/p>\n<p><img decoding=\"async\" class=\"aligncenter size-full wp-image-6640\" src=\"https:\/\/www.honlufoodtrailer.com\/wp-content\/uploads\/2024\/01\/ice-cream-trailer-details.jpg\" alt=\"Details zum Eisanh\u00e4nger\" width=\"800\" height=\"800\" srcset=\"https:\/\/www.honlufoodtrailer.com\/wp-content\/uploads\/2024\/01\/ice-cream-trailer-details.jpg 800w, https:\/\/www.honlufoodtrailer.com\/wp-content\/uploads\/2024\/01\/ice-cream-trailer-details-768x768.jpg 768w, https:\/\/www.honlufoodtrailer.com\/wp-content\/uploads\/2024\/01\/ice-cream-trailer-details-360x360.jpg 360w, https:\/\/www.honlufoodtrailer.com\/wp-content\/uploads\/2024\/01\/ice-cream-trailer-details-300x300.jpg 300w, https:\/\/www.honlufoodtrailer.com\/wp-content\/uploads\/2024\/01\/ice-cream-trailer-details-720x720.jpg 720w, https:\/\/www.honlufoodtrailer.com\/wp-content\/uploads\/2024\/01\/ice-cream-trailer-details-100x100.jpg 100w\" sizes=\"(max-width: 800px) 100vw, 800px\" \/><\/p>\n<p>Wie wir auf dem Bild oben sehen k\u00f6nnen, haben wir den 4 m langen Eiscreme-Lebensmittelanh\u00e4nger mit einigen grundlegenden K\u00fcchenger\u00e4ten ausgestattet. Es handelt sich haupts\u00e4chlich um K\u00fcchenger\u00e4te wie Sp\u00fclbecken, Arbeitstisch und Regale usw. Unser Kunde wird einige weitere Ersatzteile hinzuf\u00fcgen, die er ben\u00f6tigt.<\/p>\n<p>Imbisswagen, auch Foodtrucks oder Foodcarts genannt, eignen sich f\u00fcr den Verkauf von Fast Food, Snacks, Zeitungen, B\u00fcchern und vielem mehr. Sie bestehen aus einem Fahrgestell, einem Aufbau, einem Bodenbelag, einer Arbeitsfl\u00e4che, einem Wasser- und einem Stromsystem. Die Farbe kann frei gew\u00e4hlt werden. Auf Wunsch bieten wir auch weitere Ausstattungsoptionen an.<\/p>\n<p><img decoding=\"async\" class=\"aligncenter size-full wp-image-6634\" src=\"https:\/\/www.honlufoodtrailer.com\/wp-content\/uploads\/2024\/01\/ice-cream-trailer-for-sale-back-view.jpg\" alt=\"Eisanh\u00e4nger zum Verkauf, R\u00fcckansicht\" width=\"720\" height=\"540\" srcset=\"https:\/\/www.honlufoodtrailer.com\/wp-content\/uploads\/2024\/01\/ice-cream-trailer-for-sale-back-view.jpg 720w, https:\/\/www.honlufoodtrailer.com\/wp-content\/uploads\/2024\/01\/ice-cream-trailer-for-sale-back-view-480x360.jpg 480w, https:\/\/www.honlufoodtrailer.com\/wp-content\/uploads\/2024\/01\/ice-cream-trailer-for-sale-back-view-300x225.jpg 300w\" sizes=\"(max-width: 720px) 100vw, 720px\" \/><\/p>\n<h2><b class=\"magic-22\"><span class=\"magic-11\">Hauptmerkmale des ma\u00dfgeschneiderten Eiscreme-Trailers<\/span><\/b><\/h2>\n<div class=\"magic-2\">\n<div class=\"magic-3\">\n<div class=\"magic-4\">\n<p class=\"magic-5\" data-spm-anchor-id=\"a2700.details.0.i22.54e5117dtl16iL\"><span style=\"font-family: Tahoma;\">1<span class=\"magic-12\" data-spm-anchor-id=\"a2700.details.0.i21.54e5117dtl16iL\">. Kosteng\u00fcnstig und umweltfreundlich, ohne Rauch und L\u00e4rm, leicht an jedem Ort zu bewegen<\/span><\/span><\/p>\n<p>2. Es kann f\u00fcr viele Jahre verwendet werden und wird nicht bauen M\u00fcll, und das ist viele Anz\u00fcge f\u00fcr das moderne Leben.<\/p>\n<p>3. Es ist bequem und einfach f\u00fcr Last und Transport, weil das Design einzigartig und individuell ist.<\/p>\n<p>4. Das Hauptmaterial ist Edelstahl, und die flatform (Tabelle) wird nicht verrostet.<\/p>\n<p>5. Es hat Hitzebest\u00e4ndigkeit, und die Festigkeit ist hoch, hohe Farbechtheit, keine Verformung, wasserdicht, und lange Lebensdauer.<\/p>\n<\/div>\n<\/div>\n<\/div>\n<h2><b class=\"magic-22\"><span class=\"magic-11\">Hauptvorteil:<\/span><\/b><\/h2>\n<p><span class=\"magic-12\">1. Kosteng\u00fcnstig und umweltfreundlich;<br \/>\n2. Leicht zu bewegen, um jeden Ort (Ihr Unternehmen ist nicht eingeschr\u00e4nkt);<br \/>\n3. Einzigartige Form (unsichtbar, um mehr Kunden anzuziehen);<br \/>\n4. Lange Lebensdauer (korrosionsbest\u00e4ndig, hitzebest\u00e4ndig, wasserdicht, keine Verformung).<\/span><\/p>","protected":false},"excerpt":{"rendered":"<p>Dies ist einer unserer ma\u00dfgeschneiderten 13-Fu\u00df-Eiscreme-Anh\u00e4nger zum Verkauf. Normalerweise ist es das bevorzugte Modell f\u00fcr die Gr\u00fcndung eines mobilen Food-Trailer-Gesch\u00e4fts. Selbstverst\u00e4ndlich k\u00f6nnen wir einen \u00e4hnlichen Eisanh\u00e4nger wie diesen herstellen oder f\u00fcr Sie individuell anpassen. Die Karosseriefarbe, Aufkleber, Beschilderung und Innenausstattung des Foodtrailers k\u00f6nnen individuell gestaltet werden. Z\u00f6gern Sie nicht, uns zu kontaktieren!<\/p>","protected":false},"featured_media":6635,"template":"","meta":{"_themeisle_gutenberg_block_has_review":false},"product_brand":[],"product_cat":[26],"product_tag":[82,33,60,61,111,38],"class_list":{"0":"post-6631","1":"product","2":"type-product","3":"status-publish","4":"has-post-thumbnail","6":"product_cat-product","7":"product_tag-13ft-food-trailer","8":"product_tag-customized-trailer","9":"product_tag-fast-food-trailer","10":"product_tag-fast-food-trailer-for-sale","11":"product_tag-ice-cream-trailer","12":"product_tag-mobile-food-trailer","14":"first","15":"instock","16":"shipping-taxable","17":"product-type-simple"},"yoast_head":"<!-- This site is optimized with the Yoast SEO plugin v27.6 - https:\/\/yoast.com\/product\/yoast-seo-wordpress\/ -->\n<title>Factory Price Ice Cream Trailer For Sale - Honlu Food Trailer<\/title>\n<meta name=\"description\" content=\"Looking for a mobile ice cream trailer for sale? Get a similar or customized ice cream concession trailer from food trailer manufacturer Honlu now!\" \/>\n<meta name=\"robots\" content=\"index, follow, max-snippet:-1, max-image-preview:large, max-video-preview:-1\" \/>\n<link rel=\"canonical\" href=\"https:\/\/www.honlufoodtrailer.com\/de\/product\/13ft-ice-cream-trailer-for-sale\/\" \/>\n<meta property=\"og:locale\" content=\"de_DE\" \/>\n<meta property=\"og:type\" content=\"article\" \/>\n<meta property=\"og:title\" content=\"Factory Price Ice Cream Trailer For Sale - Honlu Food Trailer\" \/>\n<meta property=\"og:description\" content=\"Looking for a mobile ice cream trailer for sale? Get a similar or customized ice cream concession trailer from food trailer manufacturer Honlu now!\" \/>\n<meta property=\"og:url\" content=\"https:\/\/www.honlufoodtrailer.com\/de\/product\/13ft-ice-cream-trailer-for-sale\/\" \/>\n<meta property=\"og:site_name\" content=\"Honlu food trailer\" \/>\n<meta property=\"article:modified_time\" content=\"2025-02-14T08:07:30+00:00\" \/>\n<meta property=\"og:image\" content=\"https:\/\/www.honlufoodtrailer.com\/wp-content\/uploads\/2024\/01\/ice-cream-trailer-for-sale-front-view.jpg\" \/>\n\t<meta property=\"og:image:width\" content=\"720\" \/>\n\t<meta property=\"og:image:height\" content=\"540\" \/>\n\t<meta property=\"og:image:type\" content=\"image\/jpeg\" \/>\n<meta name=\"twitter:card\" content=\"summary_large_image\" \/>\n<meta name=\"twitter:label1\" content=\"Gesch\u00e4tzte Lesezeit\" \/>\n\t<meta name=\"twitter:data1\" content=\"1\u00a0Minute\" \/>\n<script type=\"application\/ld+json\" class=\"yoast-schema-graph\">{\"@context\":\"https:\\\/\\\/schema.org\",\"@graph\":[{\"@type\":\"WebPage\",\"@id\":\"https:\\\/\\\/www.honlufoodtrailer.com\\\/product\\\/13ft-ice-cream-trailer-for-sale\\\/\",\"url\":\"https:\\\/\\\/www.honlufoodtrailer.com\\\/product\\\/13ft-ice-cream-trailer-for-sale\\\/\",\"name\":\"Factory Price Ice Cream Trailer For Sale - Honlu Food Trailer\",\"isPartOf\":{\"@id\":\"https:\\\/\\\/www.honlufoodtrailer.com\\\/#website\"},\"primaryImageOfPage\":{\"@id\":\"https:\\\/\\\/www.honlufoodtrailer.com\\\/product\\\/13ft-ice-cream-trailer-for-sale\\\/#primaryimage\"},\"image\":{\"@id\":\"https:\\\/\\\/www.honlufoodtrailer.com\\\/product\\\/13ft-ice-cream-trailer-for-sale\\\/#primaryimage\"},\"thumbnailUrl\":\"https:\\\/\\\/www.honlufoodtrailer.com\\\/wp-content\\\/uploads\\\/2024\\\/01\\\/ice-cream-trailer-for-sale-front-view.jpg\",\"datePublished\":\"2023-11-08T10:00:18+00:00\",\"dateModified\":\"2025-02-14T08:07:30+00:00\",\"description\":\"Looking for a mobile ice cream trailer for sale? Get a similar or customized ice cream concession trailer from food trailer manufacturer Honlu now!\",\"breadcrumb\":{\"@id\":\"https:\\\/\\\/www.honlufoodtrailer.com\\\/product\\\/13ft-ice-cream-trailer-for-sale\\\/#breadcrumb\"},\"inLanguage\":\"de\",\"potentialAction\":[{\"@type\":\"ReadAction\",\"target\":[\"https:\\\/\\\/www.honlufoodtrailer.com\\\/product\\\/13ft-ice-cream-trailer-for-sale\\\/\"]}]},{\"@type\":\"ImageObject\",\"inLanguage\":\"de\",\"@id\":\"https:\\\/\\\/www.honlufoodtrailer.com\\\/product\\\/13ft-ice-cream-trailer-for-sale\\\/#primaryimage\",\"url\":\"https:\\\/\\\/www.honlufoodtrailer.com\\\/wp-content\\\/uploads\\\/2024\\\/01\\\/ice-cream-trailer-for-sale-front-view.jpg\",\"contentUrl\":\"https:\\\/\\\/www.honlufoodtrailer.com\\\/wp-content\\\/uploads\\\/2024\\\/01\\\/ice-cream-trailer-for-sale-front-view.jpg\",\"width\":720,\"height\":540,\"caption\":\"ice cream trailer for sale front view\"},{\"@type\":\"BreadcrumbList\",\"@id\":\"https:\\\/\\\/www.honlufoodtrailer.com\\\/product\\\/13ft-ice-cream-trailer-for-sale\\\/#breadcrumb\",\"itemListElement\":[{\"@type\":\"ListItem\",\"position\":1,\"name\":\"Home\",\"item\":\"https:\\\/\\\/www.honlufoodtrailer.com\\\/\"},{\"@type\":\"ListItem\",\"position\":2,\"name\":\"\u4ea7\u54c1\",\"item\":\"https:\\\/\\\/www.honlufoodtrailer.com\\\/shop\\\/\"},{\"@type\":\"ListItem\",\"position\":3,\"name\":\"13ft Ice Cream Trailer For Sale\"}]},{\"@type\":\"WebSite\",\"@id\":\"https:\\\/\\\/www.honlufoodtrailer.com\\\/#website\",\"url\":\"https:\\\/\\\/www.honlufoodtrailer.com\\\/\",\"name\":\"Honlu food trailer\",\"description\":\"\",\"publisher\":{\"@id\":\"https:\\\/\\\/www.honlufoodtrailer.com\\\/#organization\"},\"potentialAction\":[{\"@type\":\"SearchAction\",\"target\":{\"@type\":\"EntryPoint\",\"urlTemplate\":\"https:\\\/\\\/www.honlufoodtrailer.com\\\/?s={search_term_string}\"},\"query-input\":{\"@type\":\"PropertyValueSpecification\",\"valueRequired\":true,\"valueName\":\"search_term_string\"}}],\"inLanguage\":\"de\"},{\"@type\":\"Organization\",\"@id\":\"https:\\\/\\\/www.honlufoodtrailer.com\\\/#organization\",\"name\":\"Honlu food trailer\",\"url\":\"https:\\\/\\\/www.honlufoodtrailer.com\\\/\",\"logo\":{\"@type\":\"ImageObject\",\"inLanguage\":\"de\",\"@id\":\"https:\\\/\\\/www.honlufoodtrailer.com\\\/#\\\/schema\\\/logo\\\/image\\\/\",\"url\":\"https:\\\/\\\/www.honlufoodtrailer.com\\\/wp-content\\\/uploads\\\/2021\\\/12\\\/2.gif\",\"contentUrl\":\"https:\\\/\\\/www.honlufoodtrailer.com\\\/wp-content\\\/uploads\\\/2021\\\/12\\\/2.gif\",\"width\":350,\"height\":100,\"caption\":\"Honlu food trailer\"},\"image\":{\"@id\":\"https:\\\/\\\/www.honlufoodtrailer.com\\\/#\\\/schema\\\/logo\\\/image\\\/\"}}]}<\/script>\n<!-- \/ Yoast SEO plugin. -->","yoast_head_json":{"title":"Eiscreme-Anh\u00e4nger zum Fabrikpreis zu verkaufen - Honlu Food Trailer","description":"Suchen Sie einen mobilen Eisanh\u00e4nger zum Verkauf? Holen Sie sich jetzt einen \u00e4hnlichen oder ma\u00dfgeschneiderten Eiskonzessionsanh\u00e4nger vom Food-Trailer-Hersteller Honlu!","robots":{"index":"index","follow":"follow","max-snippet":"max-snippet:-1","max-image-preview":"max-image-preview:large","max-video-preview":"max-video-preview:-1"},"canonical":"https:\/\/www.honlufoodtrailer.com\/de\/product\/13ft-ice-cream-trailer-for-sale\/","og_locale":"de_DE","og_type":"article","og_title":"Factory Price Ice Cream Trailer For Sale - Honlu Food Trailer","og_description":"Looking for a mobile ice cream trailer for sale? Get a similar or customized ice cream concession trailer from food trailer manufacturer Honlu now!","og_url":"https:\/\/www.honlufoodtrailer.com\/de\/product\/13ft-ice-cream-trailer-for-sale\/","og_site_name":"Honlu food trailer","article_modified_time":"2025-02-14T08:07:30+00:00","og_image":[{"width":720,"height":540,"url":"https:\/\/www.honlufoodtrailer.com\/wp-content\/uploads\/2024\/01\/ice-cream-trailer-for-sale-front-view.jpg","type":"image\/jpeg"}],"twitter_card":"summary_large_image","twitter_misc":{"Gesch\u00e4tzte Lesezeit":"1\u00a0Minute"},"schema":{"@context":"https:\/\/schema.org","@graph":[{"@type":"WebPage","@id":"https:\/\/www.honlufoodtrailer.com\/product\/13ft-ice-cream-trailer-for-sale\/","url":"https:\/\/www.honlufoodtrailer.com\/product\/13ft-ice-cream-trailer-for-sale\/","name":"Eiscreme-Anh\u00e4nger zum Fabrikpreis zu verkaufen - Honlu Food Trailer","isPartOf":{"@id":"https:\/\/www.honlufoodtrailer.com\/#website"},"primaryImageOfPage":{"@id":"https:\/\/www.honlufoodtrailer.com\/product\/13ft-ice-cream-trailer-for-sale\/#primaryimage"},"image":{"@id":"https:\/\/www.honlufoodtrailer.com\/product\/13ft-ice-cream-trailer-for-sale\/#primaryimage"},"thumbnailUrl":"https:\/\/www.honlufoodtrailer.com\/wp-content\/uploads\/2024\/01\/ice-cream-trailer-for-sale-front-view.jpg","datePublished":"2023-11-08T10:00:18+00:00","dateModified":"2025-02-14T08:07:30+00:00","description":"Suchen Sie einen mobilen Eisanh\u00e4nger zum Verkauf? Holen Sie sich jetzt einen \u00e4hnlichen oder ma\u00dfgeschneiderten Eiskonzessionsanh\u00e4nger vom Food-Trailer-Hersteller Honlu!","breadcrumb":{"@id":"https:\/\/www.honlufoodtrailer.com\/product\/13ft-ice-cream-trailer-for-sale\/#breadcrumb"},"inLanguage":"de","potentialAction":[{"@type":"ReadAction","target":["https:\/\/www.honlufoodtrailer.com\/product\/13ft-ice-cream-trailer-for-sale\/"]}]},{"@type":"ImageObject","inLanguage":"de","@id":"https:\/\/www.honlufoodtrailer.com\/product\/13ft-ice-cream-trailer-for-sale\/#primaryimage","url":"https:\/\/www.honlufoodtrailer.com\/wp-content\/uploads\/2024\/01\/ice-cream-trailer-for-sale-front-view.jpg","contentUrl":"https:\/\/www.honlufoodtrailer.com\/wp-content\/uploads\/2024\/01\/ice-cream-trailer-for-sale-front-view.jpg","width":720,"height":540,"caption":"ice cream trailer for sale front view"},{"@type":"BreadcrumbList","@id":"https:\/\/www.honlufoodtrailer.com\/product\/13ft-ice-cream-trailer-for-sale\/#breadcrumb","itemListElement":[{"@type":"ListItem","position":1,"name":"Home","item":"https:\/\/www.honlufoodtrailer.com\/"},{"@type":"ListItem","position":2,"name":"\u4ea7\u54c1","item":"https:\/\/www.honlufoodtrailer.com\/shop\/"},{"@type":"ListItem","position":3,"name":"13ft Ice Cream Trailer For Sale"}]},{"@type":"WebSite","@id":"https:\/\/www.honlufoodtrailer.com\/#website","url":"https:\/\/www.honlufoodtrailer.com\/","name":"Honlu-Lebensmittelanh\u00e4nger","description":"","publisher":{"@id":"https:\/\/www.honlufoodtrailer.com\/#organization"},"potentialAction":[{"@type":"SearchAction","target":{"@type":"EntryPoint","urlTemplate":"https:\/\/www.honlufoodtrailer.com\/?s={search_term_string}"},"query-input":{"@type":"PropertyValueSpecification","valueRequired":true,"valueName":"search_term_string"}}],"inLanguage":"de"},{"@type":"Organization","@id":"https:\/\/www.honlufoodtrailer.com\/#organization","name":"Honlu-Lebensmittelanh\u00e4nger","url":"https:\/\/www.honlufoodtrailer.com\/","logo":{"@type":"ImageObject","inLanguage":"de","@id":"https:\/\/www.honlufoodtrailer.com\/#\/schema\/logo\/image\/","url":"https:\/\/www.honlufoodtrailer.com\/wp-content\/uploads\/2021\/12\/2.gif","contentUrl":"https:\/\/www.honlufoodtrailer.com\/wp-content\/uploads\/2021\/12\/2.gif","width":350,"height":100,"caption":"Honlu food trailer"},"image":{"@id":"https:\/\/www.honlufoodtrailer.com\/#\/schema\/logo\/image\/"}}]}},"_links":{"self":[{"href":"https:\/\/www.honlufoodtrailer.com\/de\/wp-json\/wp\/v2\/product\/6631","targetHints":{"allow":["GET"]}}],"collection":[{"href":"https:\/\/www.honlufoodtrailer.com\/de\/wp-json\/wp\/v2\/product"}],"about":[{"href":"https:\/\/www.honlufoodtrailer.com\/de\/wp-json\/wp\/v2\/types\/product"}],"version-history":[{"count":0,"href":"https:\/\/www.honlufoodtrailer.com\/de\/wp-json\/wp\/v2\/product\/6631\/revisions"}],"wp:featuredmedia":[{"embeddable":true,"href":"https:\/\/www.honlufoodtrailer.com\/de\/wp-json\/wp\/v2\/media\/6635"}],"wp:attachment":[{"href":"https:\/\/www.honlufoodtrailer.com\/de\/wp-json\/wp\/v2\/media?parent=6631"}],"wp:term":[{"taxonomy":"product_brand","embeddable":true,"href":"https:\/\/www.honlufoodtrailer.com\/de\/wp-json\/wp\/v2\/product_brand?post=6631"},{"taxonomy":"product_cat","embeddable":true,"href":"https:\/\/www.honlufoodtrailer.com\/de\/wp-json\/wp\/v2\/product_cat?post=6631"},{"taxonomy":"product_tag","embeddable":true,"href":"https:\/\/www.honlufoodtrailer.com\/de\/wp-json\/wp\/v2\/product_tag?post=6631"}],"curies":[{"name":"wp","href":"https:\/\/api.w.org\/{rel}","templated":true}]}}