{"id":7656,"date":"2024-05-15T15:01:54","date_gmt":"2024-05-15T07:01:54","guid":{"rendered":"https:\/\/www.honlufoodtrailer.com\/?post_type=product&#038;p=7656"},"modified":"2025-02-14T14:52:09","modified_gmt":"2025-02-14T06:52:09","slug":"12-fus-langer-eiscreme-anhanger","status":"publish","type":"product","link":"https:\/\/www.honlufoodtrailer.com\/de\/product\/12ft-rolled-ice-cream-trailer\/","title":{"rendered":"12 Fu\u00df langer Eiscreme-Anh\u00e4nger"},"content":{"rendered":"<p>Haben Sie Interesse daran, im Sommer einen Eiswagen zu betreiben? Sehen Sie sich diesen 3,6 m langen Eiswagen an! Wir haben ihn f\u00fcr einen unserer Kunden gefertigt. Dank seiner kompakten Bauweise und des g\u00fcnstigen Preises ist er eine gute Wahl f\u00fcr Einsteiger. Schauen wir ihn uns doch einmal genauer an!<\/p>\n<p><img fetchpriority=\"high\" decoding=\"async\" class=\"aligncenter size-full wp-image-7663\" src=\"https:\/\/www.honlufoodtrailer.com\/wp-content\/uploads\/2024\/05\/12ft-rolled-ice-cream-trailer.jpg\" alt=\"12 Fu\u00df langer Eiscreme-Anh\u00e4nger\" width=\"720\" height=\"540\" srcset=\"https:\/\/www.honlufoodtrailer.com\/wp-content\/uploads\/2024\/05\/12ft-rolled-ice-cream-trailer.jpg 720w, https:\/\/www.honlufoodtrailer.com\/wp-content\/uploads\/2024\/05\/12ft-rolled-ice-cream-trailer-480x360.jpg 480w, https:\/\/www.honlufoodtrailer.com\/wp-content\/uploads\/2024\/05\/12ft-rolled-ice-cream-trailer-300x225.jpg 300w\" sizes=\"(max-width: 720px) 100vw, 720px\" \/><\/p>\n<p>Wie man den obigen Bildern entnehmen kann, hat dieser Eiswagen ein schlichtes Design. An der Vorderseite haben wir gem\u00e4\u00df den Kundenw\u00fcnschen ein gro\u00dfes Fenster angebracht. Nach Erhalt des Eiswagens kann unsere Kundin ihn nach ihren Vorstellungen dekorieren.<\/p>\n<h3>Innendetails dieses 3,66 m langen Eiswagens<\/h3>\n<p>Wie Sie dem Bild unten entnehmen k\u00f6nnen, haben wir diesen Imbisswagen mit einer Arbeitsfl\u00e4che, zwei Sp\u00fclbecken, einer Dunstabzugshaube, einer Eismaschine usw. ausgestattet. Die Inneneinrichtung des gesamten Imbisswagens ist durchdacht und kompakt. Mit dieser Ausstattung kann unser Kunde an Sommertagen gerolltes Eis anbieten.<\/p>\n<p><img decoding=\"async\" class=\"aligncenter size-full wp-image-7661\" src=\"https:\/\/www.honlufoodtrailer.com\/wp-content\/uploads\/2024\/05\/12ft-rolled-ice-cream-trailer-inner-view.jpg\" alt=\"Innenansicht eines 3,65 m langen Eiswagens\" width=\"720\" height=\"540\" srcset=\"https:\/\/www.honlufoodtrailer.com\/wp-content\/uploads\/2024\/05\/12ft-rolled-ice-cream-trailer-inner-view.jpg 720w, https:\/\/www.honlufoodtrailer.com\/wp-content\/uploads\/2024\/05\/12ft-rolled-ice-cream-trailer-inner-view-480x360.jpg 480w, https:\/\/www.honlufoodtrailer.com\/wp-content\/uploads\/2024\/05\/12ft-rolled-ice-cream-trailer-inner-view-300x225.jpg 300w\" sizes=\"(max-width: 720px) 100vw, 720px\" \/> <img decoding=\"async\" class=\"aligncenter size-full wp-image-7664\" src=\"https:\/\/www.honlufoodtrailer.com\/wp-content\/uploads\/2024\/05\/rolled-ice-cream-machine.jpg\" alt=\"Eismaschine\" width=\"720\" height=\"540\" srcset=\"https:\/\/www.honlufoodtrailer.com\/wp-content\/uploads\/2024\/05\/rolled-ice-cream-machine.jpg 720w, https:\/\/www.honlufoodtrailer.com\/wp-content\/uploads\/2024\/05\/rolled-ice-cream-machine-480x360.jpg 480w, https:\/\/www.honlufoodtrailer.com\/wp-content\/uploads\/2024\/05\/rolled-ice-cream-machine-300x225.jpg 300w\" sizes=\"(max-width: 720px) 100vw, 720px\" \/><\/p>\n<h3>Weitere Details zu diesem 3,65 m langen Eiswagen<\/h3>\n<p>Weitere Details zu diesem 3,65 m langen Eiswagen finden Sie hier. Wir k\u00f6nnen einen Eiswagen individuell an die Anforderungen Ihres Landes anpassen.<img loading=\"lazy\" decoding=\"async\" class=\"aligncenter size-full wp-image-7666\" src=\"https:\/\/www.honlufoodtrailer.com\/wp-content\/uploads\/2024\/05\/12ft-rolled-ice-cream-trailer-details.jpg\" alt=\"Details zum 12 Fu\u00df langen Eiscreme-Anh\u00e4nger\" width=\"800\" height=\"800\" srcset=\"https:\/\/www.honlufoodtrailer.com\/wp-content\/uploads\/2024\/05\/12ft-rolled-ice-cream-trailer-details.jpg 800w, https:\/\/www.honlufoodtrailer.com\/wp-content\/uploads\/2024\/05\/12ft-rolled-ice-cream-trailer-details-768x768.jpg 768w, https:\/\/www.honlufoodtrailer.com\/wp-content\/uploads\/2024\/05\/12ft-rolled-ice-cream-trailer-details-360x360.jpg 360w, https:\/\/www.honlufoodtrailer.com\/wp-content\/uploads\/2024\/05\/12ft-rolled-ice-cream-trailer-details-300x300.jpg 300w, https:\/\/www.honlufoodtrailer.com\/wp-content\/uploads\/2024\/05\/12ft-rolled-ice-cream-trailer-details-720x720.jpg 720w, https:\/\/www.honlufoodtrailer.com\/wp-content\/uploads\/2024\/05\/12ft-rolled-ice-cream-trailer-details-100x100.jpg 100w\" sizes=\"(max-width: 800px) 100vw, 800px\" \/><\/p>\n<h3>Was Sie von uns bekommen k\u00f6nnen<\/h3>\n<p>Wir k\u00f6nnen einen \u00e4hnlichen Eiswagen wie diesen zum Verkauf anbieten oder einen individuell f\u00fcr Sie angefertigten Wagen herstellen. Farbe, Aufkleber, Beschilderung und K\u00fcchenausstattung des Wagens k\u00f6nnen Sie selbst bestimmen. Kontaktieren Sie uns einfach und teilen Sie uns Ihre genauen W\u00fcnsche mit.<\/p>\n<p>Eiswagen sind im Sommer sehr beliebt, da viele Menschen an hei\u00dfen Tagen gerne kalte Getr\u00e4nke genie\u00dfen. Wenn Sie ein kleines, kosteng\u00fcnstiges Imbisswagen-Unternehmen gr\u00fcnden m\u00f6chten, ist dieser 3,65 Meter lange Eiswagen eine gute Wahl.<\/p>\n<h3><b class=\"magic-22\"><span class=\"magic-11\">\u00a0Hauptmerkmale unseres Eiswagens zum Verkauf<\/span><\/b><\/h3>\n<div class=\"magic-2\">\n<div class=\"magic-3\">\n<div class=\"magic-4\">Kosteng\u00fcnstig und umweltfreundlich, rauch- und l\u00e4rmfrei, leicht an jeden Ort zu bringen.<br \/>\n2. Es ist hitzebest\u00e4ndig, farbecht, formstabil, wasserdicht und hat eine lange Lebensdauer.<br \/>\nDas Hauptmaterial ist rostfreier Stahl, und der Tisch wird nicht rosten.<\/div>\n<\/div>\n<\/div>","protected":false},"excerpt":{"rendered":"<p>Hier wird ein ma\u00dfgefertigter, 3,65 m langer Eiswagen zum Verkauf angeboten. Kalte Getr\u00e4nke sind bekanntlich an Sommertagen sehr beliebt. Daher ist es eine gute Idee, in den Sommermonaten ein Eiswagengesch\u00e4ft zu er\u00f6ffnen. Wir k\u00f6nnen ein \u00e4hnliches Modell wie dieses bauen oder ein individuelles f\u00fcr Sie anfertigen. Kontaktieren Sie uns einfach und teilen Sie uns Ihre W\u00fcnsche mit!<\/p>","protected":false},"featured_media":7664,"template":"","meta":{"_themeisle_gutenberg_block_has_review":false},"product_brand":[],"product_cat":[26],"product_tag":[110,33,60,61,111,38],"class_list":{"0":"post-7656","1":"product","2":"type-product","3":"status-publish","4":"has-post-thumbnail","6":"product_cat-product","7":"product_tag-12ft-food-trailer","8":"product_tag-customized-trailer","9":"product_tag-fast-food-trailer","10":"product_tag-fast-food-trailer-for-sale","11":"product_tag-ice-cream-trailer","12":"product_tag-mobile-food-trailer","14":"first","15":"instock","16":"shipping-taxable","17":"product-type-simple"},"yoast_head":"<!-- This site is optimized with the Yoast SEO plugin v27.5 - https:\/\/yoast.com\/product\/yoast-seo-wordpress\/ -->\n<title>Rolled Ice Cream Trailer From China - Honlu Food Trailer<\/title>\n<meta name=\"description\" content=\"Want to start a rolled ice cream trailer in summer days? see this 12ft fried ice cream trailer at a competitive price now! Click to see!\" \/>\n<meta name=\"robots\" content=\"index, follow, max-snippet:-1, max-image-preview:large, max-video-preview:-1\" \/>\n<link rel=\"canonical\" href=\"https:\/\/www.honlufoodtrailer.com\/de\/product\/12-fus-langer-eiscreme-anhanger\/\" \/>\n<meta property=\"og:locale\" content=\"de_DE\" \/>\n<meta property=\"og:type\" content=\"article\" \/>\n<meta property=\"og:title\" content=\"Rolled Ice Cream Trailer From China - Honlu Food Trailer\" \/>\n<meta property=\"og:description\" content=\"Want to start a rolled ice cream trailer in summer days? see this 12ft fried ice cream trailer at a competitive price now! Click to see!\" \/>\n<meta property=\"og:url\" content=\"https:\/\/www.honlufoodtrailer.com\/de\/product\/12-fus-langer-eiscreme-anhanger\/\" \/>\n<meta property=\"og:site_name\" content=\"Honlu food trailer\" \/>\n<meta property=\"article:modified_time\" content=\"2025-02-14T06:52:09+00:00\" \/>\n<meta property=\"og:image\" content=\"https:\/\/www.honlufoodtrailer.com\/wp-content\/uploads\/2024\/05\/rolled-ice-cream-machine.jpg\" \/>\n\t<meta property=\"og:image:width\" content=\"720\" \/>\n\t<meta property=\"og:image:height\" content=\"540\" \/>\n\t<meta property=\"og:image:type\" content=\"image\/jpeg\" \/>\n<meta name=\"twitter:card\" content=\"summary_large_image\" \/>\n<meta name=\"twitter:label1\" content=\"Gesch\u00e4tzte Lesezeit\" \/>\n\t<meta name=\"twitter:data1\" content=\"1\u00a0Minute\" \/>\n<script type=\"application\/ld+json\" class=\"yoast-schema-graph\">{\"@context\":\"https:\\\/\\\/schema.org\",\"@graph\":[{\"@type\":\"WebPage\",\"@id\":\"https:\\\/\\\/www.honlufoodtrailer.com\\\/product\\\/12ft-rolled-ice-cream-trailer\\\/\",\"url\":\"https:\\\/\\\/www.honlufoodtrailer.com\\\/product\\\/12ft-rolled-ice-cream-trailer\\\/\",\"name\":\"Rolled Ice Cream Trailer From China - Honlu Food Trailer\",\"isPartOf\":{\"@id\":\"https:\\\/\\\/www.honlufoodtrailer.com\\\/#website\"},\"primaryImageOfPage\":{\"@id\":\"https:\\\/\\\/www.honlufoodtrailer.com\\\/product\\\/12ft-rolled-ice-cream-trailer\\\/#primaryimage\"},\"image\":{\"@id\":\"https:\\\/\\\/www.honlufoodtrailer.com\\\/product\\\/12ft-rolled-ice-cream-trailer\\\/#primaryimage\"},\"thumbnailUrl\":\"https:\\\/\\\/www.honlufoodtrailer.com\\\/wp-content\\\/uploads\\\/2024\\\/05\\\/rolled-ice-cream-machine.jpg\",\"datePublished\":\"2024-05-15T07:01:54+00:00\",\"dateModified\":\"2025-02-14T06:52:09+00:00\",\"description\":\"Want to start a rolled ice cream trailer in summer days? see this 12ft fried ice cream trailer at a competitive price now! Click to see!\",\"breadcrumb\":{\"@id\":\"https:\\\/\\\/www.honlufoodtrailer.com\\\/product\\\/12ft-rolled-ice-cream-trailer\\\/#breadcrumb\"},\"inLanguage\":\"de\",\"potentialAction\":[{\"@type\":\"ReadAction\",\"target\":[\"https:\\\/\\\/www.honlufoodtrailer.com\\\/product\\\/12ft-rolled-ice-cream-trailer\\\/\"]}]},{\"@type\":\"ImageObject\",\"inLanguage\":\"de\",\"@id\":\"https:\\\/\\\/www.honlufoodtrailer.com\\\/product\\\/12ft-rolled-ice-cream-trailer\\\/#primaryimage\",\"url\":\"https:\\\/\\\/www.honlufoodtrailer.com\\\/wp-content\\\/uploads\\\/2024\\\/05\\\/rolled-ice-cream-machine.jpg\",\"contentUrl\":\"https:\\\/\\\/www.honlufoodtrailer.com\\\/wp-content\\\/uploads\\\/2024\\\/05\\\/rolled-ice-cream-machine.jpg\",\"width\":720,\"height\":540,\"caption\":\"rolled ice cream machine\"},{\"@type\":\"BreadcrumbList\",\"@id\":\"https:\\\/\\\/www.honlufoodtrailer.com\\\/product\\\/12ft-rolled-ice-cream-trailer\\\/#breadcrumb\",\"itemListElement\":[{\"@type\":\"ListItem\",\"position\":1,\"name\":\"Home\",\"item\":\"https:\\\/\\\/www.honlufoodtrailer.com\\\/\"},{\"@type\":\"ListItem\",\"position\":2,\"name\":\"\u4ea7\u54c1\",\"item\":\"https:\\\/\\\/www.honlufoodtrailer.com\\\/shop\\\/\"},{\"@type\":\"ListItem\",\"position\":3,\"name\":\"12ft Rolled Ice Cream Trailer\"}]},{\"@type\":\"WebSite\",\"@id\":\"https:\\\/\\\/www.honlufoodtrailer.com\\\/#website\",\"url\":\"https:\\\/\\\/www.honlufoodtrailer.com\\\/\",\"name\":\"Honlu food trailer\",\"description\":\"\",\"publisher\":{\"@id\":\"https:\\\/\\\/www.honlufoodtrailer.com\\\/#organization\"},\"potentialAction\":[{\"@type\":\"SearchAction\",\"target\":{\"@type\":\"EntryPoint\",\"urlTemplate\":\"https:\\\/\\\/www.honlufoodtrailer.com\\\/?s={search_term_string}\"},\"query-input\":{\"@type\":\"PropertyValueSpecification\",\"valueRequired\":true,\"valueName\":\"search_term_string\"}}],\"inLanguage\":\"de\"},{\"@type\":\"Organization\",\"@id\":\"https:\\\/\\\/www.honlufoodtrailer.com\\\/#organization\",\"name\":\"Honlu food trailer\",\"url\":\"https:\\\/\\\/www.honlufoodtrailer.com\\\/\",\"logo\":{\"@type\":\"ImageObject\",\"inLanguage\":\"de\",\"@id\":\"https:\\\/\\\/www.honlufoodtrailer.com\\\/#\\\/schema\\\/logo\\\/image\\\/\",\"url\":\"https:\\\/\\\/www.honlufoodtrailer.com\\\/wp-content\\\/uploads\\\/2021\\\/12\\\/2.gif\",\"contentUrl\":\"https:\\\/\\\/www.honlufoodtrailer.com\\\/wp-content\\\/uploads\\\/2021\\\/12\\\/2.gif\",\"width\":350,\"height\":100,\"caption\":\"Honlu food trailer\"},\"image\":{\"@id\":\"https:\\\/\\\/www.honlufoodtrailer.com\\\/#\\\/schema\\\/logo\\\/image\\\/\"}}]}<\/script>\n<!-- \/ Yoast SEO plugin. -->","yoast_head_json":{"title":"Eiscreme-Anh\u00e4nger aus China - Honlu Food Trailer","description":"Lust, im Sommer mit einem Eiswagen durchzustarten? Dann schau dir jetzt diesen 3,65 m langen Eiswagen zum Top-Preis an! Klick hier!","robots":{"index":"index","follow":"follow","max-snippet":"max-snippet:-1","max-image-preview":"max-image-preview:large","max-video-preview":"max-video-preview:-1"},"canonical":"https:\/\/www.honlufoodtrailer.com\/de\/product\/12-fus-langer-eiscreme-anhanger\/","og_locale":"de_DE","og_type":"article","og_title":"Rolled Ice Cream Trailer From China - Honlu Food Trailer","og_description":"Want to start a rolled ice cream trailer in summer days? see this 12ft fried ice cream trailer at a competitive price now! Click to see!","og_url":"https:\/\/www.honlufoodtrailer.com\/de\/product\/12-fus-langer-eiscreme-anhanger\/","og_site_name":"Honlu food trailer","article_modified_time":"2025-02-14T06:52:09+00:00","og_image":[{"width":720,"height":540,"url":"https:\/\/www.honlufoodtrailer.com\/wp-content\/uploads\/2024\/05\/rolled-ice-cream-machine.jpg","type":"image\/jpeg"}],"twitter_card":"summary_large_image","twitter_misc":{"Gesch\u00e4tzte Lesezeit":"1\u00a0Minute"},"schema":{"@context":"https:\/\/schema.org","@graph":[{"@type":"WebPage","@id":"https:\/\/www.honlufoodtrailer.com\/product\/12ft-rolled-ice-cream-trailer\/","url":"https:\/\/www.honlufoodtrailer.com\/product\/12ft-rolled-ice-cream-trailer\/","name":"Eiscreme-Anh\u00e4nger aus China - Honlu Food Trailer","isPartOf":{"@id":"https:\/\/www.honlufoodtrailer.com\/#website"},"primaryImageOfPage":{"@id":"https:\/\/www.honlufoodtrailer.com\/product\/12ft-rolled-ice-cream-trailer\/#primaryimage"},"image":{"@id":"https:\/\/www.honlufoodtrailer.com\/product\/12ft-rolled-ice-cream-trailer\/#primaryimage"},"thumbnailUrl":"https:\/\/www.honlufoodtrailer.com\/wp-content\/uploads\/2024\/05\/rolled-ice-cream-machine.jpg","datePublished":"2024-05-15T07:01:54+00:00","dateModified":"2025-02-14T06:52:09+00:00","description":"Lust, im Sommer mit einem Eiswagen durchzustarten? Dann schau dir jetzt diesen 3,65 m langen Eiswagen zum Top-Preis an! Klick hier!","breadcrumb":{"@id":"https:\/\/www.honlufoodtrailer.com\/product\/12ft-rolled-ice-cream-trailer\/#breadcrumb"},"inLanguage":"de","potentialAction":[{"@type":"ReadAction","target":["https:\/\/www.honlufoodtrailer.com\/product\/12ft-rolled-ice-cream-trailer\/"]}]},{"@type":"ImageObject","inLanguage":"de","@id":"https:\/\/www.honlufoodtrailer.com\/product\/12ft-rolled-ice-cream-trailer\/#primaryimage","url":"https:\/\/www.honlufoodtrailer.com\/wp-content\/uploads\/2024\/05\/rolled-ice-cream-machine.jpg","contentUrl":"https:\/\/www.honlufoodtrailer.com\/wp-content\/uploads\/2024\/05\/rolled-ice-cream-machine.jpg","width":720,"height":540,"caption":"rolled ice cream machine"},{"@type":"BreadcrumbList","@id":"https:\/\/www.honlufoodtrailer.com\/product\/12ft-rolled-ice-cream-trailer\/#breadcrumb","itemListElement":[{"@type":"ListItem","position":1,"name":"Home","item":"https:\/\/www.honlufoodtrailer.com\/"},{"@type":"ListItem","position":2,"name":"\u4ea7\u54c1","item":"https:\/\/www.honlufoodtrailer.com\/shop\/"},{"@type":"ListItem","position":3,"name":"12ft Rolled Ice Cream Trailer"}]},{"@type":"WebSite","@id":"https:\/\/www.honlufoodtrailer.com\/#website","url":"https:\/\/www.honlufoodtrailer.com\/","name":"Honlu-Lebensmittelanh\u00e4nger","description":"","publisher":{"@id":"https:\/\/www.honlufoodtrailer.com\/#organization"},"potentialAction":[{"@type":"SearchAction","target":{"@type":"EntryPoint","urlTemplate":"https:\/\/www.honlufoodtrailer.com\/?s={search_term_string}"},"query-input":{"@type":"PropertyValueSpecification","valueRequired":true,"valueName":"search_term_string"}}],"inLanguage":"de"},{"@type":"Organization","@id":"https:\/\/www.honlufoodtrailer.com\/#organization","name":"Honlu-Lebensmittelanh\u00e4nger","url":"https:\/\/www.honlufoodtrailer.com\/","logo":{"@type":"ImageObject","inLanguage":"de","@id":"https:\/\/www.honlufoodtrailer.com\/#\/schema\/logo\/image\/","url":"https:\/\/www.honlufoodtrailer.com\/wp-content\/uploads\/2021\/12\/2.gif","contentUrl":"https:\/\/www.honlufoodtrailer.com\/wp-content\/uploads\/2021\/12\/2.gif","width":350,"height":100,"caption":"Honlu food trailer"},"image":{"@id":"https:\/\/www.honlufoodtrailer.com\/#\/schema\/logo\/image\/"}}]}},"_links":{"self":[{"href":"https:\/\/www.honlufoodtrailer.com\/de\/wp-json\/wp\/v2\/product\/7656","targetHints":{"allow":["GET"]}}],"collection":[{"href":"https:\/\/www.honlufoodtrailer.com\/de\/wp-json\/wp\/v2\/product"}],"about":[{"href":"https:\/\/www.honlufoodtrailer.com\/de\/wp-json\/wp\/v2\/types\/product"}],"version-history":[{"count":0,"href":"https:\/\/www.honlufoodtrailer.com\/de\/wp-json\/wp\/v2\/product\/7656\/revisions"}],"wp:featuredmedia":[{"embeddable":true,"href":"https:\/\/www.honlufoodtrailer.com\/de\/wp-json\/wp\/v2\/media\/7664"}],"wp:attachment":[{"href":"https:\/\/www.honlufoodtrailer.com\/de\/wp-json\/wp\/v2\/media?parent=7656"}],"wp:term":[{"taxonomy":"product_brand","embeddable":true,"href":"https:\/\/www.honlufoodtrailer.com\/de\/wp-json\/wp\/v2\/product_brand?post=7656"},{"taxonomy":"product_cat","embeddable":true,"href":"https:\/\/www.honlufoodtrailer.com\/de\/wp-json\/wp\/v2\/product_cat?post=7656"},{"taxonomy":"product_tag","embeddable":true,"href":"https:\/\/www.honlufoodtrailer.com\/de\/wp-json\/wp\/v2\/product_tag?post=7656"}],"curies":[{"name":"wp","href":"https:\/\/api.w.org\/{rel}","templated":true}]}}