{"id":7785,"date":"2024-06-05T15:45:21","date_gmt":"2024-06-05T07:45:21","guid":{"rendered":"https:\/\/www.honlufoodtrailer.com\/?post_type=product&#038;p=7785"},"modified":"2024-06-20T17:54:02","modified_gmt":"2024-06-20T09:54:02","slug":"3-m%c2%b2-groser-imbisswagen-mit-dreiseitigen-fenstern","status":"publish","type":"product","link":"https:\/\/www.honlufoodtrailer.com\/de\/product\/3m-square-food-trailer-with-three-sided-windows\/","title":{"rendered":"Neuer, 3 m\u00b2 gro\u00dfer Imbisswagen mit dreiseitigen Fenstern"},"content":{"rendered":"<p>Suchen Sie einen kleinen Imbisswagen f\u00fcr Ihr mobiles Foodtruck-Gesch\u00e4ft? Sehen Sie sich diesen neuen, 3 m\u00b2 gro\u00dfen Imbisswagen mit dreiseitigen Fenstern an, den wir f\u00fcr einen Kunden aus den USA individuell gestaltet haben. Dank der drei Fenster ist der Wagen hell und ger\u00e4umig. Werfen wir nun einen Blick auf einige Bilder dieses individuell angefertigten Imbisswagens!<\/p>\n<p><img fetchpriority=\"high\" decoding=\"async\" class=\"aligncenter size-full wp-image-7792\" src=\"https:\/\/www.honlufoodtrailer.com\/wp-content\/uploads\/2024\/06\/10ft-Food-Trailer-with-Three-Windows.jpg\" alt=\"10 Fu\u00df langer Imbisswagen mit drei Fenstern\" width=\"720\" height=\"540\" srcset=\"https:\/\/www.honlufoodtrailer.com\/wp-content\/uploads\/2024\/06\/10ft-Food-Trailer-with-Three-Windows.jpg 720w, https:\/\/www.honlufoodtrailer.com\/wp-content\/uploads\/2024\/06\/10ft-Food-Trailer-with-Three-Windows-480x360.jpg 480w, https:\/\/www.honlufoodtrailer.com\/wp-content\/uploads\/2024\/06\/10ft-Food-Trailer-with-Three-Windows-300x225.jpg 300w\" sizes=\"(max-width: 720px) 100vw, 720px\" \/> <img decoding=\"async\" class=\"aligncenter size-full wp-image-7791\" src=\"https:\/\/www.honlufoodtrailer.com\/wp-content\/uploads\/2024\/06\/3m-Three-Windows-Food-Trailer.jpg\" alt=\"3 m langer Imbisswagen mit drei Fenstern\" width=\"720\" height=\"540\" srcset=\"https:\/\/www.honlufoodtrailer.com\/wp-content\/uploads\/2024\/06\/3m-Three-Windows-Food-Trailer.jpg 720w, https:\/\/www.honlufoodtrailer.com\/wp-content\/uploads\/2024\/06\/3m-Three-Windows-Food-Trailer-480x360.jpg 480w, https:\/\/www.honlufoodtrailer.com\/wp-content\/uploads\/2024\/06\/3m-Three-Windows-Food-Trailer-300x225.jpg 300w\" sizes=\"(max-width: 720px) 100vw, 720px\" \/><\/p>\n<p>Wie wir auf den Bildern oben sehen k\u00f6nnen, ist dieser 3 Meter lange Imbisswagen in einem leuchtenden Gelb gehalten, was ihn sehr ansprechend macht. Er hat Fenster an drei Seiten. Das erleichtert den G\u00e4sten die Bestellung und Abholung ihrer Speisen. Wir fertigen ihn nach Kundenwunsch. Wenn Sie individuelle W\u00fcnsche haben, sprechen Sie uns einfach an! Im Folgenden werfen wir einen Blick auf die Details im Inneren dieses 3 Meter gro\u00dfen, quadratischen Imbisswagens.<\/p>\n<h3>Innendetails dieses 3 m\u00b2 gro\u00dfen Imbisswagens mit dreiseitigen Fenstern<\/h3>\n<p>Gem\u00e4\u00df den Kundenw\u00fcnschen haben wir diesen 3 m\u00b2 gro\u00dfen Imbisswagen mit einem Arbeitstisch, vier Sp\u00fclbecken, Abwassertanks und Schr\u00e4nken etc. ausgestattet. Unser Kunde wird nach Erhalt des Imbisswagens weitere ben\u00f6tigte K\u00fcchenger\u00e4te hinzuf\u00fcgen.<img decoding=\"async\" class=\"aligncenter size-full wp-image-7795\" src=\"https:\/\/www.honlufoodtrailer.com\/wp-content\/uploads\/2024\/06\/Three-Windows-food-trailer-inner-view.jpg\" alt=\"Innenansicht des Imbisswagens Three Windows\" width=\"720\" height=\"540\" srcset=\"https:\/\/www.honlufoodtrailer.com\/wp-content\/uploads\/2024\/06\/Three-Windows-food-trailer-inner-view.jpg 720w, https:\/\/www.honlufoodtrailer.com\/wp-content\/uploads\/2024\/06\/Three-Windows-food-trailer-inner-view-480x360.jpg 480w, https:\/\/www.honlufoodtrailer.com\/wp-content\/uploads\/2024\/06\/Three-Windows-food-trailer-inner-view-300x225.jpg 300w\" sizes=\"(max-width: 720px) 100vw, 720px\" \/> <img loading=\"lazy\" decoding=\"async\" class=\"aligncenter size-full wp-image-7787\" src=\"https:\/\/www.honlufoodtrailer.com\/wp-content\/uploads\/2024\/06\/3m-Square-Food-Trailer-inner-details.jpg\" alt=\"Innendetails des 3 m\u00b2 gro\u00dfen Imbisswagens\" width=\"800\" height=\"800\" srcset=\"https:\/\/www.honlufoodtrailer.com\/wp-content\/uploads\/2024\/06\/3m-Square-Food-Trailer-inner-details.jpg 800w, https:\/\/www.honlufoodtrailer.com\/wp-content\/uploads\/2024\/06\/3m-Square-Food-Trailer-inner-details-768x768.jpg 768w, https:\/\/www.honlufoodtrailer.com\/wp-content\/uploads\/2024\/06\/3m-Square-Food-Trailer-inner-details-360x360.jpg 360w, https:\/\/www.honlufoodtrailer.com\/wp-content\/uploads\/2024\/06\/3m-Square-Food-Trailer-inner-details-300x300.jpg 300w, https:\/\/www.honlufoodtrailer.com\/wp-content\/uploads\/2024\/06\/3m-Square-Food-Trailer-inner-details-720x720.jpg 720w, https:\/\/www.honlufoodtrailer.com\/wp-content\/uploads\/2024\/06\/3m-Square-Food-Trailer-inner-details-100x100.jpg 100w\" sizes=\"(max-width: 800px) 100vw, 800px\" \/><\/p>\n<p>&nbsp;<\/p>\n<h3>Weitere Details zu diesem 3 m\u00b2 gro\u00dfen Imbisswagen<\/h3>\n<p>Weitere Details zu diesem 3 m\u00b2 gro\u00dfen Imbisswagen finden Sie hier. Wir k\u00f6nnen einen Imbisswagen individuell an die Anforderungen Ihres Landes anpassen.<img loading=\"lazy\" decoding=\"async\" class=\"aligncenter size-full wp-image-7796\" src=\"https:\/\/www.honlufoodtrailer.com\/wp-content\/uploads\/2024\/06\/3m-Square-Food-Trailer-details-1.jpg\" alt=\"Details zum 3 m\u00b2 gro\u00dfen Imbisswagen\" width=\"800\" height=\"800\" srcset=\"https:\/\/www.honlufoodtrailer.com\/wp-content\/uploads\/2024\/06\/3m-Square-Food-Trailer-details-1.jpg 800w, https:\/\/www.honlufoodtrailer.com\/wp-content\/uploads\/2024\/06\/3m-Square-Food-Trailer-details-1-768x768.jpg 768w, https:\/\/www.honlufoodtrailer.com\/wp-content\/uploads\/2024\/06\/3m-Square-Food-Trailer-details-1-360x360.jpg 360w, https:\/\/www.honlufoodtrailer.com\/wp-content\/uploads\/2024\/06\/3m-Square-Food-Trailer-details-1-300x300.jpg 300w, https:\/\/www.honlufoodtrailer.com\/wp-content\/uploads\/2024\/06\/3m-Square-Food-Trailer-details-1-720x720.jpg 720w, https:\/\/www.honlufoodtrailer.com\/wp-content\/uploads\/2024\/06\/3m-Square-Food-Trailer-details-1-100x100.jpg 100w\" sizes=\"(max-width: 800px) 100vw, 800px\" \/><\/p>\n<h3>Was Sie von uns bekommen k\u00f6nnen<\/h3>\n<p><strong>Wir k\u00f6nnen einen \u00e4hnlichen quadratischen Imbisswagen wie diesen herstellen oder einen speziellen nach Ihren W\u00fcnschen anfertigen.<\/strong>. Die Farbe, die Aufkleber, die Beschilderung und die K\u00fcchenausstattung des Imbisswagens k\u00f6nnen individuell gestaltet werden. Quadratische Imbisswagen sind sehr beliebt und werden von vielen Kunden bevorzugt. Als Hersteller und Exporteur von Imbisswagen mit \u00fcber 10 Jahren Erfahrung helfen wir Ihnen gerne, Ihren Traum-Imbisswagen zu verwirklichen. Kontaktieren Sie uns einfach und teilen Sie uns Ihre genauen W\u00fcnsche mit.<\/p>\n<h3><b class=\"magic-22\"><span class=\"magic-11\">Hauptmerkmale unserer kundenspezifischen <\/span><\/b>Square Food Trailer<\/h3>\n<div class=\"magic-2\">\n<div class=\"magic-3\">\n<div class=\"magic-4\">1. Es besteht aus hochwertigem Edelstahl, der korrosionsbest\u00e4ndig und langlebig ist.<br \/>\n2. Es zeichnet sich durch Hitzebest\u00e4ndigkeit, hohe Farbechtheit, Wasserdichtigkeit und lange Lebensdauer aus.<br \/>\n3. Das \u00c4u\u00dfere und Innere des Anh\u00e4ngers k\u00f6nnen individuell gestaltet werden.<\/div>\n<div>4. F\u00fcr den gesamten Imbisswagen und die darin befindliche K\u00fcchenausstattung verf\u00fcgen wir \u00fcber die entsprechenden Zertifikate, um sicherzustellen, dass die Kunden sie problemlos nutzen k\u00f6nnen.<\/div>\n<\/div>\n<\/div>","protected":false},"excerpt":{"rendered":"<p>Dies ist ein ma\u00dfgefertigter, 3 m\u00b2 gro\u00dfer Imbisswagen. Er ist eine gute Wahl f\u00fcr Kunden, die mit geringem Investitionsaufwand ein mobiles Imbisswagengesch\u00e4ft starten m\u00f6chten. <strong>Bitte klicken Sie auf die folgenden Registerkarten, um weitere Details zu diesem Imbisswagen zu sehen.<\/strong>. Wir k\u00f6nnen ein \u00e4hnliches Produkt anfertigen oder ein individuelles f\u00fcr Sie erstellen. Z\u00f6gern Sie einfach nicht, uns zu kontaktieren und uns Ihre genauen W\u00fcnsche mitzuteilen!<\/p>","protected":false},"featured_media":7792,"template":"","meta":{"_themeisle_gutenberg_block_has_review":false},"product_brand":[],"product_cat":[26],"product_tag":[33,60,61,38],"class_list":{"0":"post-7785","1":"product","2":"type-product","3":"status-publish","4":"has-post-thumbnail","6":"product_cat-product","7":"product_tag-customized-trailer","8":"product_tag-fast-food-trailer","9":"product_tag-fast-food-trailer-for-sale","10":"product_tag-mobile-food-trailer","12":"first","13":"instock","14":"shipping-taxable","15":"product-type-simple"},"yoast_head":"<!-- This site is optimized with the Yoast SEO plugin v27.5 - https:\/\/yoast.com\/product\/yoast-seo-wordpress\/ -->\n<title>New Design 3m Square Food Trailer with Three-sided Windows<\/title>\n<meta name=\"description\" content=\"Want to start a food trailer business with low investment? see this 3m square food trailer with three-sided windows at a reasonable price now!\" \/>\n<meta name=\"robots\" content=\"index, follow, max-snippet:-1, max-image-preview:large, max-video-preview:-1\" \/>\n<link rel=\"canonical\" href=\"https:\/\/www.honlufoodtrailer.com\/de\/product\/3-m\u00b2-groser-imbisswagen-mit-dreiseitigen-fenstern\/\" \/>\n<meta property=\"og:locale\" content=\"de_DE\" \/>\n<meta property=\"og:type\" content=\"article\" \/>\n<meta property=\"og:title\" content=\"New Design 3m Square Food Trailer with Three-sided Windows\" \/>\n<meta property=\"og:description\" content=\"Want to start a food trailer business with low investment? see this 3m square food trailer with three-sided windows at a reasonable price now!\" \/>\n<meta property=\"og:url\" content=\"https:\/\/www.honlufoodtrailer.com\/de\/product\/3-m\u00b2-groser-imbisswagen-mit-dreiseitigen-fenstern\/\" \/>\n<meta property=\"og:site_name\" content=\"Honlu food trailer\" \/>\n<meta property=\"article:modified_time\" content=\"2024-06-20T09:54:02+00:00\" \/>\n<meta property=\"og:image\" content=\"https:\/\/www.honlufoodtrailer.com\/wp-content\/uploads\/2024\/06\/10ft-Food-Trailer-with-Three-Windows.jpg\" \/>\n\t<meta property=\"og:image:width\" content=\"720\" \/>\n\t<meta property=\"og:image:height\" content=\"540\" \/>\n\t<meta property=\"og:image:type\" content=\"image\/jpeg\" \/>\n<meta name=\"twitter:card\" content=\"summary_large_image\" \/>\n<meta name=\"twitter:label1\" content=\"Gesch\u00e4tzte Lesezeit\" \/>\n\t<meta name=\"twitter:data1\" content=\"1\u00a0Minute\" \/>\n<script type=\"application\/ld+json\" class=\"yoast-schema-graph\">{\"@context\":\"https:\\\/\\\/schema.org\",\"@graph\":[{\"@type\":\"WebPage\",\"@id\":\"https:\\\/\\\/www.honlufoodtrailer.com\\\/product\\\/3m-square-food-trailer-with-three-sided-windows\\\/\",\"url\":\"https:\\\/\\\/www.honlufoodtrailer.com\\\/product\\\/3m-square-food-trailer-with-three-sided-windows\\\/\",\"name\":\"New Design 3m Square Food Trailer with Three-sided Windows\",\"isPartOf\":{\"@id\":\"https:\\\/\\\/www.honlufoodtrailer.com\\\/#website\"},\"primaryImageOfPage\":{\"@id\":\"https:\\\/\\\/www.honlufoodtrailer.com\\\/product\\\/3m-square-food-trailer-with-three-sided-windows\\\/#primaryimage\"},\"image\":{\"@id\":\"https:\\\/\\\/www.honlufoodtrailer.com\\\/product\\\/3m-square-food-trailer-with-three-sided-windows\\\/#primaryimage\"},\"thumbnailUrl\":\"https:\\\/\\\/www.honlufoodtrailer.com\\\/wp-content\\\/uploads\\\/2024\\\/06\\\/10ft-Food-Trailer-with-Three-Windows.jpg\",\"datePublished\":\"2024-06-05T07:45:21+00:00\",\"dateModified\":\"2024-06-20T09:54:02+00:00\",\"description\":\"Want to start a food trailer business with low investment? see this 3m square food trailer with three-sided windows at a reasonable price now!\",\"breadcrumb\":{\"@id\":\"https:\\\/\\\/www.honlufoodtrailer.com\\\/product\\\/3m-square-food-trailer-with-three-sided-windows\\\/#breadcrumb\"},\"inLanguage\":\"de\",\"potentialAction\":[{\"@type\":\"ReadAction\",\"target\":[\"https:\\\/\\\/www.honlufoodtrailer.com\\\/product\\\/3m-square-food-trailer-with-three-sided-windows\\\/\"]}]},{\"@type\":\"ImageObject\",\"inLanguage\":\"de\",\"@id\":\"https:\\\/\\\/www.honlufoodtrailer.com\\\/product\\\/3m-square-food-trailer-with-three-sided-windows\\\/#primaryimage\",\"url\":\"https:\\\/\\\/www.honlufoodtrailer.com\\\/wp-content\\\/uploads\\\/2024\\\/06\\\/10ft-Food-Trailer-with-Three-Windows.jpg\",\"contentUrl\":\"https:\\\/\\\/www.honlufoodtrailer.com\\\/wp-content\\\/uploads\\\/2024\\\/06\\\/10ft-Food-Trailer-with-Three-Windows.jpg\",\"width\":720,\"height\":540,\"caption\":\"10ft Food Trailer with Three Windows\"},{\"@type\":\"BreadcrumbList\",\"@id\":\"https:\\\/\\\/www.honlufoodtrailer.com\\\/product\\\/3m-square-food-trailer-with-three-sided-windows\\\/#breadcrumb\",\"itemListElement\":[{\"@type\":\"ListItem\",\"position\":1,\"name\":\"Home\",\"item\":\"https:\\\/\\\/www.honlufoodtrailer.com\\\/\"},{\"@type\":\"ListItem\",\"position\":2,\"name\":\"\u4ea7\u54c1\",\"item\":\"https:\\\/\\\/www.honlufoodtrailer.com\\\/shop\\\/\"},{\"@type\":\"ListItem\",\"position\":3,\"name\":\"New Design 3m Square Food Trailer with Three-sided Windows\"}]},{\"@type\":\"WebSite\",\"@id\":\"https:\\\/\\\/www.honlufoodtrailer.com\\\/#website\",\"url\":\"https:\\\/\\\/www.honlufoodtrailer.com\\\/\",\"name\":\"Honlu food trailer\",\"description\":\"\",\"publisher\":{\"@id\":\"https:\\\/\\\/www.honlufoodtrailer.com\\\/#organization\"},\"potentialAction\":[{\"@type\":\"SearchAction\",\"target\":{\"@type\":\"EntryPoint\",\"urlTemplate\":\"https:\\\/\\\/www.honlufoodtrailer.com\\\/?s={search_term_string}\"},\"query-input\":{\"@type\":\"PropertyValueSpecification\",\"valueRequired\":true,\"valueName\":\"search_term_string\"}}],\"inLanguage\":\"de\"},{\"@type\":\"Organization\",\"@id\":\"https:\\\/\\\/www.honlufoodtrailer.com\\\/#organization\",\"name\":\"Honlu food trailer\",\"url\":\"https:\\\/\\\/www.honlufoodtrailer.com\\\/\",\"logo\":{\"@type\":\"ImageObject\",\"inLanguage\":\"de\",\"@id\":\"https:\\\/\\\/www.honlufoodtrailer.com\\\/#\\\/schema\\\/logo\\\/image\\\/\",\"url\":\"https:\\\/\\\/www.honlufoodtrailer.com\\\/wp-content\\\/uploads\\\/2021\\\/12\\\/2.gif\",\"contentUrl\":\"https:\\\/\\\/www.honlufoodtrailer.com\\\/wp-content\\\/uploads\\\/2021\\\/12\\\/2.gif\",\"width\":350,\"height\":100,\"caption\":\"Honlu food trailer\"},\"image\":{\"@id\":\"https:\\\/\\\/www.honlufoodtrailer.com\\\/#\\\/schema\\\/logo\\\/image\\\/\"}}]}<\/script>\n<!-- \/ Yoast SEO plugin. -->","yoast_head_json":{"title":"Neuer, 3 m\u00b2 gro\u00dfer Imbisswagen mit dreiseitigen Fenstern","description":"Sie m\u00f6chten mit geringem Investitionsaufwand ein Foodtruck-Gesch\u00e4ft starten? Sehen Sie sich jetzt diesen 3 m\u00b2 gro\u00dfen Foodtruck mit dreiseitigen Fenstern zu einem g\u00fcnstigen Preis an!","robots":{"index":"index","follow":"follow","max-snippet":"max-snippet:-1","max-image-preview":"max-image-preview:large","max-video-preview":"max-video-preview:-1"},"canonical":"https:\/\/www.honlufoodtrailer.com\/de\/product\/3-m\u00b2-groser-imbisswagen-mit-dreiseitigen-fenstern\/","og_locale":"de_DE","og_type":"article","og_title":"New Design 3m Square Food Trailer with Three-sided Windows","og_description":"Want to start a food trailer business with low investment? see this 3m square food trailer with three-sided windows at a reasonable price now!","og_url":"https:\/\/www.honlufoodtrailer.com\/de\/product\/3-m\u00b2-groser-imbisswagen-mit-dreiseitigen-fenstern\/","og_site_name":"Honlu food trailer","article_modified_time":"2024-06-20T09:54:02+00:00","og_image":[{"width":720,"height":540,"url":"https:\/\/www.honlufoodtrailer.com\/wp-content\/uploads\/2024\/06\/10ft-Food-Trailer-with-Three-Windows.jpg","type":"image\/jpeg"}],"twitter_card":"summary_large_image","twitter_misc":{"Gesch\u00e4tzte Lesezeit":"1\u00a0Minute"},"schema":{"@context":"https:\/\/schema.org","@graph":[{"@type":"WebPage","@id":"https:\/\/www.honlufoodtrailer.com\/product\/3m-square-food-trailer-with-three-sided-windows\/","url":"https:\/\/www.honlufoodtrailer.com\/product\/3m-square-food-trailer-with-three-sided-windows\/","name":"Neuer, 3 m\u00b2 gro\u00dfer Imbisswagen mit dreiseitigen Fenstern","isPartOf":{"@id":"https:\/\/www.honlufoodtrailer.com\/#website"},"primaryImageOfPage":{"@id":"https:\/\/www.honlufoodtrailer.com\/product\/3m-square-food-trailer-with-three-sided-windows\/#primaryimage"},"image":{"@id":"https:\/\/www.honlufoodtrailer.com\/product\/3m-square-food-trailer-with-three-sided-windows\/#primaryimage"},"thumbnailUrl":"https:\/\/www.honlufoodtrailer.com\/wp-content\/uploads\/2024\/06\/10ft-Food-Trailer-with-Three-Windows.jpg","datePublished":"2024-06-05T07:45:21+00:00","dateModified":"2024-06-20T09:54:02+00:00","description":"Sie m\u00f6chten mit geringem Investitionsaufwand ein Foodtruck-Gesch\u00e4ft starten? Sehen Sie sich jetzt diesen 3 m\u00b2 gro\u00dfen Foodtruck mit dreiseitigen Fenstern zu einem g\u00fcnstigen Preis an!","breadcrumb":{"@id":"https:\/\/www.honlufoodtrailer.com\/product\/3m-square-food-trailer-with-three-sided-windows\/#breadcrumb"},"inLanguage":"de","potentialAction":[{"@type":"ReadAction","target":["https:\/\/www.honlufoodtrailer.com\/product\/3m-square-food-trailer-with-three-sided-windows\/"]}]},{"@type":"ImageObject","inLanguage":"de","@id":"https:\/\/www.honlufoodtrailer.com\/product\/3m-square-food-trailer-with-three-sided-windows\/#primaryimage","url":"https:\/\/www.honlufoodtrailer.com\/wp-content\/uploads\/2024\/06\/10ft-Food-Trailer-with-Three-Windows.jpg","contentUrl":"https:\/\/www.honlufoodtrailer.com\/wp-content\/uploads\/2024\/06\/10ft-Food-Trailer-with-Three-Windows.jpg","width":720,"height":540,"caption":"10ft Food Trailer with Three Windows"},{"@type":"BreadcrumbList","@id":"https:\/\/www.honlufoodtrailer.com\/product\/3m-square-food-trailer-with-three-sided-windows\/#breadcrumb","itemListElement":[{"@type":"ListItem","position":1,"name":"Home","item":"https:\/\/www.honlufoodtrailer.com\/"},{"@type":"ListItem","position":2,"name":"\u4ea7\u54c1","item":"https:\/\/www.honlufoodtrailer.com\/shop\/"},{"@type":"ListItem","position":3,"name":"New Design 3m Square Food Trailer with Three-sided Windows"}]},{"@type":"WebSite","@id":"https:\/\/www.honlufoodtrailer.com\/#website","url":"https:\/\/www.honlufoodtrailer.com\/","name":"Honlu-Lebensmittelanh\u00e4nger","description":"","publisher":{"@id":"https:\/\/www.honlufoodtrailer.com\/#organization"},"potentialAction":[{"@type":"SearchAction","target":{"@type":"EntryPoint","urlTemplate":"https:\/\/www.honlufoodtrailer.com\/?s={search_term_string}"},"query-input":{"@type":"PropertyValueSpecification","valueRequired":true,"valueName":"search_term_string"}}],"inLanguage":"de"},{"@type":"Organization","@id":"https:\/\/www.honlufoodtrailer.com\/#organization","name":"Honlu-Lebensmittelanh\u00e4nger","url":"https:\/\/www.honlufoodtrailer.com\/","logo":{"@type":"ImageObject","inLanguage":"de","@id":"https:\/\/www.honlufoodtrailer.com\/#\/schema\/logo\/image\/","url":"https:\/\/www.honlufoodtrailer.com\/wp-content\/uploads\/2021\/12\/2.gif","contentUrl":"https:\/\/www.honlufoodtrailer.com\/wp-content\/uploads\/2021\/12\/2.gif","width":350,"height":100,"caption":"Honlu food trailer"},"image":{"@id":"https:\/\/www.honlufoodtrailer.com\/#\/schema\/logo\/image\/"}}]}},"_links":{"self":[{"href":"https:\/\/www.honlufoodtrailer.com\/de\/wp-json\/wp\/v2\/product\/7785","targetHints":{"allow":["GET"]}}],"collection":[{"href":"https:\/\/www.honlufoodtrailer.com\/de\/wp-json\/wp\/v2\/product"}],"about":[{"href":"https:\/\/www.honlufoodtrailer.com\/de\/wp-json\/wp\/v2\/types\/product"}],"version-history":[{"count":0,"href":"https:\/\/www.honlufoodtrailer.com\/de\/wp-json\/wp\/v2\/product\/7785\/revisions"}],"wp:featuredmedia":[{"embeddable":true,"href":"https:\/\/www.honlufoodtrailer.com\/de\/wp-json\/wp\/v2\/media\/7792"}],"wp:attachment":[{"href":"https:\/\/www.honlufoodtrailer.com\/de\/wp-json\/wp\/v2\/media?parent=7785"}],"wp:term":[{"taxonomy":"product_brand","embeddable":true,"href":"https:\/\/www.honlufoodtrailer.com\/de\/wp-json\/wp\/v2\/product_brand?post=7785"},{"taxonomy":"product_cat","embeddable":true,"href":"https:\/\/www.honlufoodtrailer.com\/de\/wp-json\/wp\/v2\/product_cat?post=7785"},{"taxonomy":"product_tag","embeddable":true,"href":"https:\/\/www.honlufoodtrailer.com\/de\/wp-json\/wp\/v2\/product_tag?post=7785"}],"curies":[{"name":"wp","href":"https:\/\/api.w.org\/{rel}","templated":true}]}}