{"id":7900,"date":"2024-06-20T16:25:42","date_gmt":"2024-06-20T08:25:42","guid":{"rendered":"https:\/\/www.honlufoodtrailer.com\/?post_type=product&#038;p=7900"},"modified":"2025-02-18T11:26:20","modified_gmt":"2025-02-18T03:26:20","slug":"18-7ft-cargo-trailer","status":"publish","type":"product","link":"https:\/\/www.honlufoodtrailer.com\/de\/product\/18-7ft-cargo-trailer\/","title":{"rendered":"5,7 m Cargo-Anh\u00e4nger Kanada"},"content":{"rendered":"<p>Ben\u00f6tigen Sie einen Anh\u00e4nger f\u00fcr Ihr Unternehmen? Sehen Sie sich diesen 5,7 m langen Anh\u00e4nger an, den wir f\u00fcr einen unserer Kunden aus Kanada individuell angepasst haben. Farbe, Exterieur und Interieur wurden nach Kundenwunsch gestaltet. Sehen Sie sich nun einige Bilder dieses Anh\u00e4ngers an!<\/p>\n<p><img fetchpriority=\"high\" decoding=\"async\" class=\"aligncenter size-full wp-image-7907\" src=\"https:\/\/www.honlufoodtrailer.com\/wp-content\/uploads\/2024\/06\/cargo-trailer.jpg\" alt=\"Lastanh\u00e4nger\" width=\"720\" height=\"540\" srcset=\"https:\/\/www.honlufoodtrailer.com\/wp-content\/uploads\/2024\/06\/cargo-trailer.jpg 720w, https:\/\/www.honlufoodtrailer.com\/wp-content\/uploads\/2024\/06\/cargo-trailer-480x360.jpg 480w, https:\/\/www.honlufoodtrailer.com\/wp-content\/uploads\/2024\/06\/cargo-trailer-300x225.jpg 300w\" sizes=\"(max-width: 720px) 100vw, 720px\" \/><img decoding=\"async\" class=\"aligncenter size-full wp-image-7902\" src=\"https:\/\/www.honlufoodtrailer.com\/wp-content\/uploads\/2024\/06\/5.7m-cargo-trailer-for-sale.jpg\" alt=\"5,7 m langer Lastenanh\u00e4nger zu verkaufen\" width=\"720\" height=\"540\" srcset=\"https:\/\/www.honlufoodtrailer.com\/wp-content\/uploads\/2024\/06\/5.7m-cargo-trailer-for-sale.jpg 720w, https:\/\/www.honlufoodtrailer.com\/wp-content\/uploads\/2024\/06\/5.7m-cargo-trailer-for-sale-480x360.jpg 480w, https:\/\/www.honlufoodtrailer.com\/wp-content\/uploads\/2024\/06\/5.7m-cargo-trailer-for-sale-300x225.jpg 300w\" sizes=\"(max-width: 720px) 100vw, 720px\" \/><\/p>\n<p>Wie man den obigen Bildern entnehmen kann, ist dieser 5,7 m lange Lastenanh\u00e4nger in einem ansprechenden Grau gehalten. Er verf\u00fcgt \u00fcber drei Achsen und ist daher besonders zuverl\u00e4ssig. Auf Kundenwunsch haben wir zudem eine Seitent\u00fcr an diesem Lastenanh\u00e4nger angebracht.<\/p>\n<p>Als Hersteller und Exporteur von Imbissanh\u00e4ngern mit \u00fcber 10 Jahren Erfahrung fertigen wir Anh\u00e4nger nach Kundenwunsch f\u00fcr unterschiedlichste Zwecke. Neben dem Verkauf von Speisen und Getr\u00e4nken haben wir beispielsweise auch Anh\u00e4nger f\u00fcr Blumen, Kleidung, Friseurdienstleistungen, Tierbedarf und vieles mehr hergestellt. Teilen Sie uns Ihre individuellen W\u00fcnsche einfach mit! Im Folgenden werfen wir einen Blick auf die Details dieses 5,7 m langen Frachtanh\u00e4ngers.<\/p>\n<h3>Innere Details<\/h3>\n<p><img decoding=\"async\" class=\"aligncenter size-full wp-image-7906\" src=\"https:\/\/www.honlufoodtrailer.com\/wp-content\/uploads\/2024\/06\/Cargo-Box.jpg\" alt=\"Gep\u00e4ckbox\" width=\"720\" height=\"540\" srcset=\"https:\/\/www.honlufoodtrailer.com\/wp-content\/uploads\/2024\/06\/Cargo-Box.jpg 720w, https:\/\/www.honlufoodtrailer.com\/wp-content\/uploads\/2024\/06\/Cargo-Box-480x360.jpg 480w, https:\/\/www.honlufoodtrailer.com\/wp-content\/uploads\/2024\/06\/Cargo-Box-300x225.jpg 300w\" sizes=\"(max-width: 720px) 100vw, 720px\" \/><\/p>\n<h3>Weitere Details zu diesem 5,7 m langen Cargo-Anh\u00e4nger<\/h3>\n<p>Weitere Details zu diesem 5,7 m langen Kleinanh\u00e4nger finden Sie hier. Wir k\u00f6nnen einen mobilen Anh\u00e4nger individuell an die Anforderungen Ihres Landes anpassen.<\/p>\n<p><img loading=\"lazy\" decoding=\"async\" class=\"aligncenter size-full wp-image-7909\" src=\"https:\/\/www.honlufoodtrailer.com\/wp-content\/uploads\/2024\/06\/5.7m-cargo-trailer-details.jpg\" alt=\"Details zum 5,7 m langen Lastenanh\u00e4nger\" width=\"800\" height=\"800\" srcset=\"https:\/\/www.honlufoodtrailer.com\/wp-content\/uploads\/2024\/06\/5.7m-cargo-trailer-details.jpg 800w, https:\/\/www.honlufoodtrailer.com\/wp-content\/uploads\/2024\/06\/5.7m-cargo-trailer-details-768x768.jpg 768w, https:\/\/www.honlufoodtrailer.com\/wp-content\/uploads\/2024\/06\/5.7m-cargo-trailer-details-360x360.jpg 360w, https:\/\/www.honlufoodtrailer.com\/wp-content\/uploads\/2024\/06\/5.7m-cargo-trailer-details-300x300.jpg 300w, https:\/\/www.honlufoodtrailer.com\/wp-content\/uploads\/2024\/06\/5.7m-cargo-trailer-details-720x720.jpg 720w, https:\/\/www.honlufoodtrailer.com\/wp-content\/uploads\/2024\/06\/5.7m-cargo-trailer-details-100x100.jpg 100w\" sizes=\"(max-width: 800px) 100vw, 800px\" \/><\/p>\n<h3>Was Sie von uns bekommen k\u00f6nnen<\/h3>\n<p><strong>Wir k\u00f6nnen einen \u00e4hnlichen quadratischen Lastenanh\u00e4nger wie diesen herstellen oder einen speziellen Anh\u00e4nger nach Ihren W\u00fcnschen anfertigen.<\/strong>. Die Farbe des Anh\u00e4ngers, die Aufkleber, die Beschilderung und die K\u00fcchenausstattung k\u00f6nnen individuell angepasst werden. Als Hersteller und Exporteur von Imbissanh\u00e4ngern mit \u00fcber 10 Jahren Erfahrung helfen wir Ihnen gerne, Ihren Wunschanh\u00e4nger zu verwirklichen. Kontaktieren Sie uns einfach und teilen Sie uns Ihre genauen Anforderungen mit.<\/p>\n<h3><b class=\"magic-22\"><span class=\"magic-11\">Hauptmerkmale unserer kundenspezifischen Fracht<\/span><\/b>\u00a0Anh\u00e4nger<\/h3>\n<div class=\"magic-2\">\n<div class=\"magic-3\">\n<div class=\"magic-4\">1. Es besteht aus hochwertigem Edelstahl, der korrosionsbest\u00e4ndig und langlebig ist.<br \/>\n2. Es zeichnet sich durch Hitzebest\u00e4ndigkeit, hohe Farbechtheit, Wasserdichtigkeit und lange Lebensdauer aus.<br \/>\n3. Das \u00c4u\u00dfere und Innere des Anh\u00e4ngers k\u00f6nnen individuell gestaltet werden.<\/div>\n<\/div>\n<\/div>","protected":false},"excerpt":{"rendered":"<p>Dies ist ein ma\u00dfgefertigter 5,7 m langer Lastenanh\u00e4nger f\u00fcr einen Kunden aus Kanada. <strong>Bitte klicken Sie auf die folgenden Registerkarten, um weitere Details zu diesem Imbisswagen zu sehen.<\/strong>. Wir k\u00f6nnen ein \u00e4hnliches Produkt anfertigen oder ein individuelles f\u00fcr Sie erstellen. Z\u00f6gern Sie einfach nicht, uns zu kontaktieren und uns Ihre genauen W\u00fcnsche mitzuteilen!<\/p>","protected":false},"featured_media":7905,"template":"","meta":{"_themeisle_gutenberg_block_has_review":false},"product_brand":[],"product_cat":[26],"product_tag":[66],"class_list":{"0":"post-7900","1":"product","2":"type-product","3":"status-publish","4":"has-post-thumbnail","6":"product_cat-product","7":"product_tag-cargo-trailer","9":"first","10":"instock","11":"shipping-taxable","12":"product-type-simple"},"yoast_head":"<!-- This site is optimized with the Yoast SEO plugin v27.5 - https:\/\/yoast.com\/product\/yoast-seo-wordpress\/ -->\n<title>5.7m Cargo Trailer Factory Direct Sale - Honlu Food Trailer<\/title>\n<meta name=\"description\" content=\"Looking for a customized cargo trailer? see this 5.7m cargo trailer here! The exterior and interior of the cargo trailer can be customized.\" \/>\n<meta name=\"robots\" content=\"index, follow, max-snippet:-1, max-image-preview:large, max-video-preview:-1\" \/>\n<link rel=\"canonical\" href=\"https:\/\/www.honlufoodtrailer.com\/de\/product\/18-7ft-cargo-trailer\/\" \/>\n<meta property=\"og:locale\" content=\"de_DE\" \/>\n<meta property=\"og:type\" content=\"article\" \/>\n<meta property=\"og:title\" content=\"5.7m Cargo Trailer Factory Direct Sale - Honlu Food Trailer\" \/>\n<meta property=\"og:description\" content=\"Looking for a customized cargo trailer? see this 5.7m cargo trailer here! The exterior and interior of the cargo trailer can be customized.\" \/>\n<meta property=\"og:url\" content=\"https:\/\/www.honlufoodtrailer.com\/de\/product\/18-7ft-cargo-trailer\/\" \/>\n<meta property=\"og:site_name\" content=\"Honlu food trailer\" \/>\n<meta property=\"article:modified_time\" content=\"2025-02-18T03:26:20+00:00\" \/>\n<meta property=\"og:image\" content=\"https:\/\/www.honlufoodtrailer.com\/wp-content\/uploads\/2024\/06\/18.7ft-cargo-trailer.jpg\" \/>\n\t<meta property=\"og:image:width\" content=\"720\" \/>\n\t<meta property=\"og:image:height\" content=\"540\" \/>\n\t<meta property=\"og:image:type\" content=\"image\/jpeg\" \/>\n<meta name=\"twitter:card\" content=\"summary_large_image\" \/>\n<meta name=\"twitter:label1\" content=\"Gesch\u00e4tzte Lesezeit\" \/>\n\t<meta name=\"twitter:data1\" content=\"1\u00a0Minute\" \/>\n<script type=\"application\/ld+json\" class=\"yoast-schema-graph\">{\"@context\":\"https:\\\/\\\/schema.org\",\"@graph\":[{\"@type\":\"WebPage\",\"@id\":\"https:\\\/\\\/www.honlufoodtrailer.com\\\/product\\\/18-7ft-cargo-trailer\\\/\",\"url\":\"https:\\\/\\\/www.honlufoodtrailer.com\\\/product\\\/18-7ft-cargo-trailer\\\/\",\"name\":\"5.7m Cargo Trailer Factory Direct Sale - Honlu Food Trailer\",\"isPartOf\":{\"@id\":\"https:\\\/\\\/www.honlufoodtrailer.com\\\/#website\"},\"primaryImageOfPage\":{\"@id\":\"https:\\\/\\\/www.honlufoodtrailer.com\\\/product\\\/18-7ft-cargo-trailer\\\/#primaryimage\"},\"image\":{\"@id\":\"https:\\\/\\\/www.honlufoodtrailer.com\\\/product\\\/18-7ft-cargo-trailer\\\/#primaryimage\"},\"thumbnailUrl\":\"https:\\\/\\\/www.honlufoodtrailer.com\\\/wp-content\\\/uploads\\\/2024\\\/06\\\/18.7ft-cargo-trailer.jpg\",\"datePublished\":\"2024-06-20T08:25:42+00:00\",\"dateModified\":\"2025-02-18T03:26:20+00:00\",\"description\":\"Looking for a customized cargo trailer? see this 5.7m cargo trailer here! The exterior and interior of the cargo trailer can be customized.\",\"breadcrumb\":{\"@id\":\"https:\\\/\\\/www.honlufoodtrailer.com\\\/product\\\/18-7ft-cargo-trailer\\\/#breadcrumb\"},\"inLanguage\":\"de\",\"potentialAction\":[{\"@type\":\"ReadAction\",\"target\":[\"https:\\\/\\\/www.honlufoodtrailer.com\\\/product\\\/18-7ft-cargo-trailer\\\/\"]}]},{\"@type\":\"ImageObject\",\"inLanguage\":\"de\",\"@id\":\"https:\\\/\\\/www.honlufoodtrailer.com\\\/product\\\/18-7ft-cargo-trailer\\\/#primaryimage\",\"url\":\"https:\\\/\\\/www.honlufoodtrailer.com\\\/wp-content\\\/uploads\\\/2024\\\/06\\\/18.7ft-cargo-trailer.jpg\",\"contentUrl\":\"https:\\\/\\\/www.honlufoodtrailer.com\\\/wp-content\\\/uploads\\\/2024\\\/06\\\/18.7ft-cargo-trailer.jpg\",\"width\":720,\"height\":540,\"caption\":\"18.7ft cargo trailer\"},{\"@type\":\"BreadcrumbList\",\"@id\":\"https:\\\/\\\/www.honlufoodtrailer.com\\\/product\\\/18-7ft-cargo-trailer\\\/#breadcrumb\",\"itemListElement\":[{\"@type\":\"ListItem\",\"position\":1,\"name\":\"Home\",\"item\":\"https:\\\/\\\/www.honlufoodtrailer.com\\\/\"},{\"@type\":\"ListItem\",\"position\":2,\"name\":\"\u4ea7\u54c1\",\"item\":\"https:\\\/\\\/www.honlufoodtrailer.com\\\/shop\\\/\"},{\"@type\":\"ListItem\",\"position\":3,\"name\":\"5.7m Cargo Trailer Canada\"}]},{\"@type\":\"WebSite\",\"@id\":\"https:\\\/\\\/www.honlufoodtrailer.com\\\/#website\",\"url\":\"https:\\\/\\\/www.honlufoodtrailer.com\\\/\",\"name\":\"Honlu food trailer\",\"description\":\"\",\"publisher\":{\"@id\":\"https:\\\/\\\/www.honlufoodtrailer.com\\\/#organization\"},\"potentialAction\":[{\"@type\":\"SearchAction\",\"target\":{\"@type\":\"EntryPoint\",\"urlTemplate\":\"https:\\\/\\\/www.honlufoodtrailer.com\\\/?s={search_term_string}\"},\"query-input\":{\"@type\":\"PropertyValueSpecification\",\"valueRequired\":true,\"valueName\":\"search_term_string\"}}],\"inLanguage\":\"de\"},{\"@type\":\"Organization\",\"@id\":\"https:\\\/\\\/www.honlufoodtrailer.com\\\/#organization\",\"name\":\"Honlu food trailer\",\"url\":\"https:\\\/\\\/www.honlufoodtrailer.com\\\/\",\"logo\":{\"@type\":\"ImageObject\",\"inLanguage\":\"de\",\"@id\":\"https:\\\/\\\/www.honlufoodtrailer.com\\\/#\\\/schema\\\/logo\\\/image\\\/\",\"url\":\"https:\\\/\\\/www.honlufoodtrailer.com\\\/wp-content\\\/uploads\\\/2021\\\/12\\\/2.gif\",\"contentUrl\":\"https:\\\/\\\/www.honlufoodtrailer.com\\\/wp-content\\\/uploads\\\/2021\\\/12\\\/2.gif\",\"width\":350,\"height\":100,\"caption\":\"Honlu food trailer\"},\"image\":{\"@id\":\"https:\\\/\\\/www.honlufoodtrailer.com\\\/#\\\/schema\\\/logo\\\/image\\\/\"}}]}<\/script>\n<!-- \/ Yoast SEO plugin. -->","yoast_head_json":{"title":"5,7 m langer Cargo-Anh\u00e4nger direkt vom Hersteller \u2013 Honlu Food Trailer","description":"Suchen Sie einen individuell gestalteten Lastenanh\u00e4nger? Sehen Sie sich diesen 5,7 m langen Lastenanh\u00e4nger hier an! Exterieur und Interieur des Lastenanh\u00e4ngers k\u00f6nnen individuell angepasst werden.","robots":{"index":"index","follow":"follow","max-snippet":"max-snippet:-1","max-image-preview":"max-image-preview:large","max-video-preview":"max-video-preview:-1"},"canonical":"https:\/\/www.honlufoodtrailer.com\/de\/product\/18-7ft-cargo-trailer\/","og_locale":"de_DE","og_type":"article","og_title":"5.7m Cargo Trailer Factory Direct Sale - Honlu Food Trailer","og_description":"Looking for a customized cargo trailer? see this 5.7m cargo trailer here! The exterior and interior of the cargo trailer can be customized.","og_url":"https:\/\/www.honlufoodtrailer.com\/de\/product\/18-7ft-cargo-trailer\/","og_site_name":"Honlu food trailer","article_modified_time":"2025-02-18T03:26:20+00:00","og_image":[{"width":720,"height":540,"url":"https:\/\/www.honlufoodtrailer.com\/wp-content\/uploads\/2024\/06\/18.7ft-cargo-trailer.jpg","type":"image\/jpeg"}],"twitter_card":"summary_large_image","twitter_misc":{"Gesch\u00e4tzte Lesezeit":"1\u00a0Minute"},"schema":{"@context":"https:\/\/schema.org","@graph":[{"@type":"WebPage","@id":"https:\/\/www.honlufoodtrailer.com\/product\/18-7ft-cargo-trailer\/","url":"https:\/\/www.honlufoodtrailer.com\/product\/18-7ft-cargo-trailer\/","name":"5,7 m langer Cargo-Anh\u00e4nger direkt vom Hersteller \u2013 Honlu Food Trailer","isPartOf":{"@id":"https:\/\/www.honlufoodtrailer.com\/#website"},"primaryImageOfPage":{"@id":"https:\/\/www.honlufoodtrailer.com\/product\/18-7ft-cargo-trailer\/#primaryimage"},"image":{"@id":"https:\/\/www.honlufoodtrailer.com\/product\/18-7ft-cargo-trailer\/#primaryimage"},"thumbnailUrl":"https:\/\/www.honlufoodtrailer.com\/wp-content\/uploads\/2024\/06\/18.7ft-cargo-trailer.jpg","datePublished":"2024-06-20T08:25:42+00:00","dateModified":"2025-02-18T03:26:20+00:00","description":"Suchen Sie einen individuell gestalteten Lastenanh\u00e4nger? Sehen Sie sich diesen 5,7 m langen Lastenanh\u00e4nger hier an! Exterieur und Interieur des Lastenanh\u00e4ngers k\u00f6nnen individuell angepasst werden.","breadcrumb":{"@id":"https:\/\/www.honlufoodtrailer.com\/product\/18-7ft-cargo-trailer\/#breadcrumb"},"inLanguage":"de","potentialAction":[{"@type":"ReadAction","target":["https:\/\/www.honlufoodtrailer.com\/product\/18-7ft-cargo-trailer\/"]}]},{"@type":"ImageObject","inLanguage":"de","@id":"https:\/\/www.honlufoodtrailer.com\/product\/18-7ft-cargo-trailer\/#primaryimage","url":"https:\/\/www.honlufoodtrailer.com\/wp-content\/uploads\/2024\/06\/18.7ft-cargo-trailer.jpg","contentUrl":"https:\/\/www.honlufoodtrailer.com\/wp-content\/uploads\/2024\/06\/18.7ft-cargo-trailer.jpg","width":720,"height":540,"caption":"18.7ft cargo trailer"},{"@type":"BreadcrumbList","@id":"https:\/\/www.honlufoodtrailer.com\/product\/18-7ft-cargo-trailer\/#breadcrumb","itemListElement":[{"@type":"ListItem","position":1,"name":"Home","item":"https:\/\/www.honlufoodtrailer.com\/"},{"@type":"ListItem","position":2,"name":"\u4ea7\u54c1","item":"https:\/\/www.honlufoodtrailer.com\/shop\/"},{"@type":"ListItem","position":3,"name":"5.7m Cargo Trailer Canada"}]},{"@type":"WebSite","@id":"https:\/\/www.honlufoodtrailer.com\/#website","url":"https:\/\/www.honlufoodtrailer.com\/","name":"Honlu-Lebensmittelanh\u00e4nger","description":"","publisher":{"@id":"https:\/\/www.honlufoodtrailer.com\/#organization"},"potentialAction":[{"@type":"SearchAction","target":{"@type":"EntryPoint","urlTemplate":"https:\/\/www.honlufoodtrailer.com\/?s={search_term_string}"},"query-input":{"@type":"PropertyValueSpecification","valueRequired":true,"valueName":"search_term_string"}}],"inLanguage":"de"},{"@type":"Organization","@id":"https:\/\/www.honlufoodtrailer.com\/#organization","name":"Honlu-Lebensmittelanh\u00e4nger","url":"https:\/\/www.honlufoodtrailer.com\/","logo":{"@type":"ImageObject","inLanguage":"de","@id":"https:\/\/www.honlufoodtrailer.com\/#\/schema\/logo\/image\/","url":"https:\/\/www.honlufoodtrailer.com\/wp-content\/uploads\/2021\/12\/2.gif","contentUrl":"https:\/\/www.honlufoodtrailer.com\/wp-content\/uploads\/2021\/12\/2.gif","width":350,"height":100,"caption":"Honlu food trailer"},"image":{"@id":"https:\/\/www.honlufoodtrailer.com\/#\/schema\/logo\/image\/"}}]}},"_links":{"self":[{"href":"https:\/\/www.honlufoodtrailer.com\/de\/wp-json\/wp\/v2\/product\/7900","targetHints":{"allow":["GET"]}}],"collection":[{"href":"https:\/\/www.honlufoodtrailer.com\/de\/wp-json\/wp\/v2\/product"}],"about":[{"href":"https:\/\/www.honlufoodtrailer.com\/de\/wp-json\/wp\/v2\/types\/product"}],"version-history":[{"count":0,"href":"https:\/\/www.honlufoodtrailer.com\/de\/wp-json\/wp\/v2\/product\/7900\/revisions"}],"wp:featuredmedia":[{"embeddable":true,"href":"https:\/\/www.honlufoodtrailer.com\/de\/wp-json\/wp\/v2\/media\/7905"}],"wp:attachment":[{"href":"https:\/\/www.honlufoodtrailer.com\/de\/wp-json\/wp\/v2\/media?parent=7900"}],"wp:term":[{"taxonomy":"product_brand","embeddable":true,"href":"https:\/\/www.honlufoodtrailer.com\/de\/wp-json\/wp\/v2\/product_brand?post=7900"},{"taxonomy":"product_cat","embeddable":true,"href":"https:\/\/www.honlufoodtrailer.com\/de\/wp-json\/wp\/v2\/product_cat?post=7900"},{"taxonomy":"product_tag","embeddable":true,"href":"https:\/\/www.honlufoodtrailer.com\/de\/wp-json\/wp\/v2\/product_tag?post=7900"}],"curies":[{"name":"wp","href":"https:\/\/api.w.org\/{rel}","templated":true}]}}