{"id":7976,"date":"2024-07-05T15:48:42","date_gmt":"2024-07-05T07:48:42","guid":{"rendered":"https:\/\/www.honlufoodtrailer.com\/?post_type=product&#038;p=7976"},"modified":"2025-02-14T14:47:53","modified_gmt":"2025-02-14T06:47:53","slug":"3-5m-fast-food-caravan","status":"publish","type":"product","link":"https:\/\/www.honlufoodtrailer.com\/de\/product\/3-5m-fast-food-caravan\/","title":{"rendered":"3,5 m langer Schnellimbisswagen"},"content":{"rendered":"<p>Suchen Sie einen Imbisswagen? Sehen Sie sich diesen 3,5 m langen Imbisswagen an, den wir f\u00fcr einen unserer Kunden gefertigt haben. Wie Sie sehen, besticht er durch sein ansprechendes Design mit zwei Fenstern an der Vorderseite. Rundherum haben wir ihn mit Lichterketten dekoriert. Im Inneren befindet sich eine voll ausgestattete K\u00fcche. Da es sich um einen kompakten 3,5 m langen Imbisswagen handelt, haben wir ihn gem\u00e4\u00df den Kundenw\u00fcnschen mit einer Achse ausgestattet. Sehen wir uns nun weitere Details dieses Imbisswagens an. Zun\u00e4chst einige Bilder!<\/p>\n<p><img fetchpriority=\"high\" decoding=\"async\" class=\"aligncenter size-full wp-image-7988\" src=\"https:\/\/www.honlufoodtrailer.com\/wp-content\/uploads\/2024\/07\/street-food-caravan-for-sale.jpg\" alt=\"Imbisswagen zu verkaufen\" width=\"720\" height=\"540\" srcset=\"https:\/\/www.honlufoodtrailer.com\/wp-content\/uploads\/2024\/07\/street-food-caravan-for-sale.jpg 720w, https:\/\/www.honlufoodtrailer.com\/wp-content\/uploads\/2024\/07\/street-food-caravan-for-sale-480x360.jpg 480w, https:\/\/www.honlufoodtrailer.com\/wp-content\/uploads\/2024\/07\/street-food-caravan-for-sale-300x225.jpg 300w\" sizes=\"(max-width: 720px) 100vw, 720px\" \/> <img decoding=\"async\" class=\"aligncenter size-full wp-image-7987\" src=\"https:\/\/www.honlufoodtrailer.com\/wp-content\/uploads\/2024\/07\/fast-food-caravans-for-sale.jpg\" alt=\"Schnellimbisswagen zu verkaufen\" width=\"720\" height=\"540\" srcset=\"https:\/\/www.honlufoodtrailer.com\/wp-content\/uploads\/2024\/07\/fast-food-caravans-for-sale.jpg 720w, https:\/\/www.honlufoodtrailer.com\/wp-content\/uploads\/2024\/07\/fast-food-caravans-for-sale-480x360.jpg 480w, https:\/\/www.honlufoodtrailer.com\/wp-content\/uploads\/2024\/07\/fast-food-caravans-for-sale-300x225.jpg 300w\" sizes=\"(max-width: 720px) 100vw, 720px\" \/><\/p>\n<h3>Innenausstattung dieses 3,5 m langen Schnellimbisswagens<\/h3>\n<p>Weitere Details zu diesem mobilen Imbisswagen finden Sie hier. Wie Sie dem Bild unten entnehmen k\u00f6nnen, ist dieser Schnellimbisswagen mit einer grundlegenden K\u00fcchenausstattung versehen, darunter eine Arbeitsfl\u00e4che, drei Sp\u00fclbecken, eine Fritteuse, eine Klimaanlage, ein Sideboard usw. Kurz gesagt: Dieser 3,5 m lange Imbisswagen zeichnet sich durch seine kompakte Bauweise und sein praktisches Design aus.<\/p>\n<p><img decoding=\"async\" class=\"aligncenter size-full wp-image-7977\" src=\"https:\/\/www.honlufoodtrailer.com\/wp-content\/uploads\/2024\/07\/3.5m-fast-food-caravan-inner-structure.jpg\" alt=\"3,5 m langer Schnellimbisswagen \u2013 Innenstruktur\" width=\"720\" height=\"540\" srcset=\"https:\/\/www.honlufoodtrailer.com\/wp-content\/uploads\/2024\/07\/3.5m-fast-food-caravan-inner-structure.jpg 720w, https:\/\/www.honlufoodtrailer.com\/wp-content\/uploads\/2024\/07\/3.5m-fast-food-caravan-inner-structure-480x360.jpg 480w, https:\/\/www.honlufoodtrailer.com\/wp-content\/uploads\/2024\/07\/3.5m-fast-food-caravan-inner-structure-300x225.jpg 300w\" sizes=\"(max-width: 720px) 100vw, 720px\" \/><\/p>\n<p><img loading=\"lazy\" decoding=\"async\" class=\"aligncenter size-full wp-image-7984\" src=\"https:\/\/www.honlufoodtrailer.com\/wp-content\/uploads\/2024\/07\/3.5m-mobile-food-caravan-inner-details.jpg\" alt=\"Innendetails eines 3,5 m langen mobilen Imbisswagens\" width=\"800\" height=\"800\" srcset=\"https:\/\/www.honlufoodtrailer.com\/wp-content\/uploads\/2024\/07\/3.5m-mobile-food-caravan-inner-details.jpg 800w, https:\/\/www.honlufoodtrailer.com\/wp-content\/uploads\/2024\/07\/3.5m-mobile-food-caravan-inner-details-768x768.jpg 768w, https:\/\/www.honlufoodtrailer.com\/wp-content\/uploads\/2024\/07\/3.5m-mobile-food-caravan-inner-details-360x360.jpg 360w, https:\/\/www.honlufoodtrailer.com\/wp-content\/uploads\/2024\/07\/3.5m-mobile-food-caravan-inner-details-300x300.jpg 300w, https:\/\/www.honlufoodtrailer.com\/wp-content\/uploads\/2024\/07\/3.5m-mobile-food-caravan-inner-details-720x720.jpg 720w, https:\/\/www.honlufoodtrailer.com\/wp-content\/uploads\/2024\/07\/3.5m-mobile-food-caravan-inner-details-100x100.jpg 100w\" sizes=\"(max-width: 800px) 100vw, 800px\" \/><\/p>\n<p>&nbsp;<\/p>\n<h3>Weitere Details zu diesem 3,5 m langen Streetfood-Wagen<\/h3>\n<p>Weitere Details zu diesem Streetfood-Wagen finden Sie auf den folgenden Bildern. Wie Sie sehen, ist dieser Foodtruck hochwertig verarbeitet und aus edlen Materialien gefertigt. Er verf\u00fcgt au\u00dferdem \u00fcber eine externe Stromversorgung, die den australischen Standards entspricht. Henan Honlu ist ein professioneller Hersteller und Exporteur von Foodtrucks mit \u00fcber 10 Jahren Erfahrung. Wir fertigen individuell angepasste Foodtrucks, die den jeweiligen nationalen Standards unserer Kunden entsprechen.<\/p>\n<p><img loading=\"lazy\" decoding=\"async\" class=\"aligncenter size-full wp-image-7985\" src=\"https:\/\/www.honlufoodtrailer.com\/wp-content\/uploads\/2024\/07\/3.5m-mobile-food-caravan-more-details.jpg\" alt=\"3,5 m langer mobiler Imbisswagen \u2013 weitere Details\" width=\"800\" height=\"800\" srcset=\"https:\/\/www.honlufoodtrailer.com\/wp-content\/uploads\/2024\/07\/3.5m-mobile-food-caravan-more-details.jpg 800w, https:\/\/www.honlufoodtrailer.com\/wp-content\/uploads\/2024\/07\/3.5m-mobile-food-caravan-more-details-768x768.jpg 768w, https:\/\/www.honlufoodtrailer.com\/wp-content\/uploads\/2024\/07\/3.5m-mobile-food-caravan-more-details-360x360.jpg 360w, https:\/\/www.honlufoodtrailer.com\/wp-content\/uploads\/2024\/07\/3.5m-mobile-food-caravan-more-details-300x300.jpg 300w, https:\/\/www.honlufoodtrailer.com\/wp-content\/uploads\/2024\/07\/3.5m-mobile-food-caravan-more-details-720x720.jpg 720w, https:\/\/www.honlufoodtrailer.com\/wp-content\/uploads\/2024\/07\/3.5m-mobile-food-caravan-more-details-100x100.jpg 100w\" sizes=\"(max-width: 800px) 100vw, 800px\" \/><br \/>\nWenn Sie Interesse an zum Verkauf stehenden Imbisswagen haben, z\u00f6gern Sie nicht, uns zu kontaktieren. Hinterlassen Sie einfach eine Nachricht im untenstehenden Formular oder schreiben Sie uns direkt per WhatsApp \u2013 wir antworten Ihnen schnell!<\/p>","protected":false},"excerpt":{"rendered":"<p>Hierbei handelt es sich um einen unserer ma\u00dfgefertigten 3,5 m langen Imbisswagen, die zum Verkauf stehen. Er besticht durch sein ansprechendes Design. Dank seiner kompakten Bauweise und des g\u00fcnstigen Preises ist er eine gute Wahl f\u00fcr alle, die ein Foodtruck-Gesch\u00e4ft starten m\u00f6chten.\u00a0 <strong>Bitte klicken Sie auf die folgenden Registerkarten, um weitere Details zu diesem Schnellimbisswagen zu sehen.<\/strong>. Wir k\u00f6nnen einen \u00e4hnlichen Streetfood-Wagen wie diesen herstellen oder ihn individuell nach Ihren W\u00fcnschen anpassen. Bitte kontaktieren Sie uns und teilen Sie uns Ihre genauen Anforderungen mit. Z\u00f6gern Sie nicht, uns jetzt zu kontaktieren!<\/p>","protected":false},"featured_media":7988,"template":"","meta":{"_themeisle_gutenberg_block_has_review":false},"product_brand":[],"product_cat":[26],"product_tag":[33,108,60,61,38],"class_list":{"0":"post-7976","1":"product","2":"type-product","3":"status-publish","4":"has-post-thumbnail","6":"product_cat-product","7":"product_tag-customized-trailer","8":"product_tag-fast-food-caravan","9":"product_tag-fast-food-trailer","10":"product_tag-fast-food-trailer-for-sale","11":"product_tag-mobile-food-trailer","13":"first","14":"instock","15":"shipping-taxable","16":"product-type-simple"},"yoast_head":"<!-- This site is optimized with the Yoast SEO plugin v27.5 - https:\/\/yoast.com\/product\/yoast-seo-wordpress\/ -->\n<title>3.5m Fast Food Caravan from China Manufacturer - Henan Honlu<\/title>\n<meta name=\"description\" content=\"Looking for a fast food caravans for sale? see this 3.5m fast food caravan here! Click to get a similar or customized one at a reasonable price now!\" \/>\n<meta name=\"robots\" content=\"index, follow, max-snippet:-1, max-image-preview:large, max-video-preview:-1\" \/>\n<link rel=\"canonical\" href=\"https:\/\/www.honlufoodtrailer.com\/de\/product\/3-5m-fast-food-caravan\/\" \/>\n<meta property=\"og:locale\" content=\"de_DE\" \/>\n<meta property=\"og:type\" content=\"article\" \/>\n<meta property=\"og:title\" content=\"3.5m Fast Food Caravan from China Manufacturer - Henan Honlu\" \/>\n<meta property=\"og:description\" content=\"Looking for a fast food caravans for sale? see this 3.5m fast food caravan here! Click to get a similar or customized one at a reasonable price now!\" \/>\n<meta property=\"og:url\" content=\"https:\/\/www.honlufoodtrailer.com\/de\/product\/3-5m-fast-food-caravan\/\" \/>\n<meta property=\"og:site_name\" content=\"Honlu food trailer\" \/>\n<meta property=\"article:modified_time\" content=\"2025-02-14T06:47:53+00:00\" \/>\n<meta property=\"og:image\" content=\"https:\/\/www.honlufoodtrailer.com\/wp-content\/uploads\/2024\/07\/street-food-caravan-for-sale.jpg\" \/>\n\t<meta property=\"og:image:width\" content=\"720\" \/>\n\t<meta property=\"og:image:height\" content=\"540\" \/>\n\t<meta property=\"og:image:type\" content=\"image\/jpeg\" \/>\n<meta name=\"twitter:card\" content=\"summary_large_image\" \/>\n<meta name=\"twitter:label1\" content=\"Gesch\u00e4tzte Lesezeit\" \/>\n\t<meta name=\"twitter:data1\" content=\"1\u00a0Minute\" \/>\n<script type=\"application\/ld+json\" class=\"yoast-schema-graph\">{\"@context\":\"https:\\\/\\\/schema.org\",\"@graph\":[{\"@type\":\"WebPage\",\"@id\":\"https:\\\/\\\/www.honlufoodtrailer.com\\\/product\\\/3-5m-fast-food-caravan\\\/\",\"url\":\"https:\\\/\\\/www.honlufoodtrailer.com\\\/product\\\/3-5m-fast-food-caravan\\\/\",\"name\":\"3.5m Fast Food Caravan from China Manufacturer - Henan Honlu\",\"isPartOf\":{\"@id\":\"https:\\\/\\\/www.honlufoodtrailer.com\\\/#website\"},\"primaryImageOfPage\":{\"@id\":\"https:\\\/\\\/www.honlufoodtrailer.com\\\/product\\\/3-5m-fast-food-caravan\\\/#primaryimage\"},\"image\":{\"@id\":\"https:\\\/\\\/www.honlufoodtrailer.com\\\/product\\\/3-5m-fast-food-caravan\\\/#primaryimage\"},\"thumbnailUrl\":\"https:\\\/\\\/www.honlufoodtrailer.com\\\/wp-content\\\/uploads\\\/2024\\\/07\\\/street-food-caravan-for-sale.jpg\",\"datePublished\":\"2024-07-05T07:48:42+00:00\",\"dateModified\":\"2025-02-14T06:47:53+00:00\",\"description\":\"Looking for a fast food caravans for sale? see this 3.5m fast food caravan here! Click to get a similar or customized one at a reasonable price now!\",\"breadcrumb\":{\"@id\":\"https:\\\/\\\/www.honlufoodtrailer.com\\\/product\\\/3-5m-fast-food-caravan\\\/#breadcrumb\"},\"inLanguage\":\"de\",\"potentialAction\":[{\"@type\":\"ReadAction\",\"target\":[\"https:\\\/\\\/www.honlufoodtrailer.com\\\/product\\\/3-5m-fast-food-caravan\\\/\"]}]},{\"@type\":\"ImageObject\",\"inLanguage\":\"de\",\"@id\":\"https:\\\/\\\/www.honlufoodtrailer.com\\\/product\\\/3-5m-fast-food-caravan\\\/#primaryimage\",\"url\":\"https:\\\/\\\/www.honlufoodtrailer.com\\\/wp-content\\\/uploads\\\/2024\\\/07\\\/street-food-caravan-for-sale.jpg\",\"contentUrl\":\"https:\\\/\\\/www.honlufoodtrailer.com\\\/wp-content\\\/uploads\\\/2024\\\/07\\\/street-food-caravan-for-sale.jpg\",\"width\":720,\"height\":540,\"caption\":\"street food caravan for sale\"},{\"@type\":\"BreadcrumbList\",\"@id\":\"https:\\\/\\\/www.honlufoodtrailer.com\\\/product\\\/3-5m-fast-food-caravan\\\/#breadcrumb\",\"itemListElement\":[{\"@type\":\"ListItem\",\"position\":1,\"name\":\"Home\",\"item\":\"https:\\\/\\\/www.honlufoodtrailer.com\\\/\"},{\"@type\":\"ListItem\",\"position\":2,\"name\":\"\u4ea7\u54c1\",\"item\":\"https:\\\/\\\/www.honlufoodtrailer.com\\\/shop\\\/\"},{\"@type\":\"ListItem\",\"position\":3,\"name\":\"3.5m Fast Food Caravan\"}]},{\"@type\":\"WebSite\",\"@id\":\"https:\\\/\\\/www.honlufoodtrailer.com\\\/#website\",\"url\":\"https:\\\/\\\/www.honlufoodtrailer.com\\\/\",\"name\":\"Honlu food trailer\",\"description\":\"\",\"publisher\":{\"@id\":\"https:\\\/\\\/www.honlufoodtrailer.com\\\/#organization\"},\"potentialAction\":[{\"@type\":\"SearchAction\",\"target\":{\"@type\":\"EntryPoint\",\"urlTemplate\":\"https:\\\/\\\/www.honlufoodtrailer.com\\\/?s={search_term_string}\"},\"query-input\":{\"@type\":\"PropertyValueSpecification\",\"valueRequired\":true,\"valueName\":\"search_term_string\"}}],\"inLanguage\":\"de\"},{\"@type\":\"Organization\",\"@id\":\"https:\\\/\\\/www.honlufoodtrailer.com\\\/#organization\",\"name\":\"Honlu food trailer\",\"url\":\"https:\\\/\\\/www.honlufoodtrailer.com\\\/\",\"logo\":{\"@type\":\"ImageObject\",\"inLanguage\":\"de\",\"@id\":\"https:\\\/\\\/www.honlufoodtrailer.com\\\/#\\\/schema\\\/logo\\\/image\\\/\",\"url\":\"https:\\\/\\\/www.honlufoodtrailer.com\\\/wp-content\\\/uploads\\\/2021\\\/12\\\/2.gif\",\"contentUrl\":\"https:\\\/\\\/www.honlufoodtrailer.com\\\/wp-content\\\/uploads\\\/2021\\\/12\\\/2.gif\",\"width\":350,\"height\":100,\"caption\":\"Honlu food trailer\"},\"image\":{\"@id\":\"https:\\\/\\\/www.honlufoodtrailer.com\\\/#\\\/schema\\\/logo\\\/image\\\/\"}}]}<\/script>\n<!-- \/ Yoast SEO plugin. -->","yoast_head_json":{"title":"3,5 m langer Imbisswagen vom chinesischen Hersteller Henan Honlu","description":"Suchen Sie einen Imbisswagen? Sehen Sie sich diesen 3,5 m langen Imbisswagen hier an! Klicken Sie hier, um einen \u00e4hnlichen oder individuell angepassten Wagen zu einem g\u00fcnstigen Preis zu erhalten!","robots":{"index":"index","follow":"follow","max-snippet":"max-snippet:-1","max-image-preview":"max-image-preview:large","max-video-preview":"max-video-preview:-1"},"canonical":"https:\/\/www.honlufoodtrailer.com\/de\/product\/3-5m-fast-food-caravan\/","og_locale":"de_DE","og_type":"article","og_title":"3.5m Fast Food Caravan from China Manufacturer - Henan Honlu","og_description":"Looking for a fast food caravans for sale? see this 3.5m fast food caravan here! Click to get a similar or customized one at a reasonable price now!","og_url":"https:\/\/www.honlufoodtrailer.com\/de\/product\/3-5m-fast-food-caravan\/","og_site_name":"Honlu food trailer","article_modified_time":"2025-02-14T06:47:53+00:00","og_image":[{"width":720,"height":540,"url":"https:\/\/www.honlufoodtrailer.com\/wp-content\/uploads\/2024\/07\/street-food-caravan-for-sale.jpg","type":"image\/jpeg"}],"twitter_card":"summary_large_image","twitter_misc":{"Gesch\u00e4tzte Lesezeit":"1\u00a0Minute"},"schema":{"@context":"https:\/\/schema.org","@graph":[{"@type":"WebPage","@id":"https:\/\/www.honlufoodtrailer.com\/product\/3-5m-fast-food-caravan\/","url":"https:\/\/www.honlufoodtrailer.com\/product\/3-5m-fast-food-caravan\/","name":"3,5 m langer Imbisswagen vom chinesischen Hersteller Henan Honlu","isPartOf":{"@id":"https:\/\/www.honlufoodtrailer.com\/#website"},"primaryImageOfPage":{"@id":"https:\/\/www.honlufoodtrailer.com\/product\/3-5m-fast-food-caravan\/#primaryimage"},"image":{"@id":"https:\/\/www.honlufoodtrailer.com\/product\/3-5m-fast-food-caravan\/#primaryimage"},"thumbnailUrl":"https:\/\/www.honlufoodtrailer.com\/wp-content\/uploads\/2024\/07\/street-food-caravan-for-sale.jpg","datePublished":"2024-07-05T07:48:42+00:00","dateModified":"2025-02-14T06:47:53+00:00","description":"Suchen Sie einen Imbisswagen? Sehen Sie sich diesen 3,5 m langen Imbisswagen hier an! Klicken Sie hier, um einen \u00e4hnlichen oder individuell angepassten Wagen zu einem g\u00fcnstigen Preis zu erhalten!","breadcrumb":{"@id":"https:\/\/www.honlufoodtrailer.com\/product\/3-5m-fast-food-caravan\/#breadcrumb"},"inLanguage":"de","potentialAction":[{"@type":"ReadAction","target":["https:\/\/www.honlufoodtrailer.com\/product\/3-5m-fast-food-caravan\/"]}]},{"@type":"ImageObject","inLanguage":"de","@id":"https:\/\/www.honlufoodtrailer.com\/product\/3-5m-fast-food-caravan\/#primaryimage","url":"https:\/\/www.honlufoodtrailer.com\/wp-content\/uploads\/2024\/07\/street-food-caravan-for-sale.jpg","contentUrl":"https:\/\/www.honlufoodtrailer.com\/wp-content\/uploads\/2024\/07\/street-food-caravan-for-sale.jpg","width":720,"height":540,"caption":"street food caravan for sale"},{"@type":"BreadcrumbList","@id":"https:\/\/www.honlufoodtrailer.com\/product\/3-5m-fast-food-caravan\/#breadcrumb","itemListElement":[{"@type":"ListItem","position":1,"name":"Home","item":"https:\/\/www.honlufoodtrailer.com\/"},{"@type":"ListItem","position":2,"name":"\u4ea7\u54c1","item":"https:\/\/www.honlufoodtrailer.com\/shop\/"},{"@type":"ListItem","position":3,"name":"3.5m Fast Food Caravan"}]},{"@type":"WebSite","@id":"https:\/\/www.honlufoodtrailer.com\/#website","url":"https:\/\/www.honlufoodtrailer.com\/","name":"Honlu-Lebensmittelanh\u00e4nger","description":"","publisher":{"@id":"https:\/\/www.honlufoodtrailer.com\/#organization"},"potentialAction":[{"@type":"SearchAction","target":{"@type":"EntryPoint","urlTemplate":"https:\/\/www.honlufoodtrailer.com\/?s={search_term_string}"},"query-input":{"@type":"PropertyValueSpecification","valueRequired":true,"valueName":"search_term_string"}}],"inLanguage":"de"},{"@type":"Organization","@id":"https:\/\/www.honlufoodtrailer.com\/#organization","name":"Honlu-Lebensmittelanh\u00e4nger","url":"https:\/\/www.honlufoodtrailer.com\/","logo":{"@type":"ImageObject","inLanguage":"de","@id":"https:\/\/www.honlufoodtrailer.com\/#\/schema\/logo\/image\/","url":"https:\/\/www.honlufoodtrailer.com\/wp-content\/uploads\/2021\/12\/2.gif","contentUrl":"https:\/\/www.honlufoodtrailer.com\/wp-content\/uploads\/2021\/12\/2.gif","width":350,"height":100,"caption":"Honlu food trailer"},"image":{"@id":"https:\/\/www.honlufoodtrailer.com\/#\/schema\/logo\/image\/"}}]}},"_links":{"self":[{"href":"https:\/\/www.honlufoodtrailer.com\/de\/wp-json\/wp\/v2\/product\/7976","targetHints":{"allow":["GET"]}}],"collection":[{"href":"https:\/\/www.honlufoodtrailer.com\/de\/wp-json\/wp\/v2\/product"}],"about":[{"href":"https:\/\/www.honlufoodtrailer.com\/de\/wp-json\/wp\/v2\/types\/product"}],"version-history":[{"count":0,"href":"https:\/\/www.honlufoodtrailer.com\/de\/wp-json\/wp\/v2\/product\/7976\/revisions"}],"wp:featuredmedia":[{"embeddable":true,"href":"https:\/\/www.honlufoodtrailer.com\/de\/wp-json\/wp\/v2\/media\/7988"}],"wp:attachment":[{"href":"https:\/\/www.honlufoodtrailer.com\/de\/wp-json\/wp\/v2\/media?parent=7976"}],"wp:term":[{"taxonomy":"product_brand","embeddable":true,"href":"https:\/\/www.honlufoodtrailer.com\/de\/wp-json\/wp\/v2\/product_brand?post=7976"},{"taxonomy":"product_cat","embeddable":true,"href":"https:\/\/www.honlufoodtrailer.com\/de\/wp-json\/wp\/v2\/product_cat?post=7976"},{"taxonomy":"product_tag","embeddable":true,"href":"https:\/\/www.honlufoodtrailer.com\/de\/wp-json\/wp\/v2\/product_tag?post=7976"}],"curies":[{"name":"wp","href":"https:\/\/api.w.org\/{rel}","templated":true}]}}