{"id":8082,"date":"2024-07-18T17:41:25","date_gmt":"2024-07-18T09:41:25","guid":{"rendered":"https:\/\/www.honlufoodtrailer.com\/?post_type=product&#038;p=8082"},"modified":"2025-02-14T14:37:40","modified_gmt":"2025-02-14T06:37:40","slug":"5-7m-vegan-food-trailer","status":"publish","type":"product","link":"https:\/\/www.honlufoodtrailer.com\/de\/product\/5-7m-vegan-food-trailer\/","title":{"rendered":"5.7m Veganer Food Trailer"},"content":{"rendered":"<p>M\u00f6chten Sie ein mobiles Food-Trailer-Gesch\u00e4ft mit veganen Lebensmitteln aufbauen? Sehen Sie sich diesen 5,7 m langen veganen Lebensmittelanh\u00e4nger an! Es ist ein Lebensmittelanh\u00e4nger, den wir f\u00fcr einen unserer Kunden aus den Vereinigten Staaten hier angepasst haben!  Wir k\u00f6nnen einen \u00e4hnlichen Anh\u00e4nger wie diesen herstellen oder einen f\u00fcr Sie anpassen. Die Farbe des Aufbaus, die Aufkleber, die Beschilderung und die K\u00fcchenausstattung des Anh\u00e4ngers k\u00f6nnen individuell angepasst werden. Nehmen Sie einfach Kontakt mit uns auf und teilen Sie uns Ihre detaillierten Anforderungen mit. Nun, lassen Sie uns zuerst einige Bilder dieses veganen Food Trailers sehen!<br \/>\n<img fetchpriority=\"high\" decoding=\"async\" class=\"aligncenter size-full wp-image-8094\" src=\"https:\/\/www.honlufoodtrailer.com\/wp-content\/uploads\/2024\/07\/5.7m-vegan-cart.jpg\" alt=\"5.7m veganer Wagen\" width=\"720\" height=\"540\" srcset=\"https:\/\/www.honlufoodtrailer.com\/wp-content\/uploads\/2024\/07\/5.7m-vegan-cart.jpg 720w, https:\/\/www.honlufoodtrailer.com\/wp-content\/uploads\/2024\/07\/5.7m-vegan-cart-480x360.jpg 480w, https:\/\/www.honlufoodtrailer.com\/wp-content\/uploads\/2024\/07\/5.7m-vegan-cart-300x225.jpg 300w\" sizes=\"(max-width: 720px) 100vw, 720px\" \/> <img decoding=\"async\" class=\"aligncenter size-full wp-image-8091\" src=\"https:\/\/www.honlufoodtrailer.com\/wp-content\/uploads\/2024\/07\/5.7m-plant-based-food-truck.jpg\" alt=\"5,7 m Lebensmittel-LKW auf Pflanzenbasis\" width=\"720\" height=\"540\" srcset=\"https:\/\/www.honlufoodtrailer.com\/wp-content\/uploads\/2024\/07\/5.7m-plant-based-food-truck.jpg 720w, https:\/\/www.honlufoodtrailer.com\/wp-content\/uploads\/2024\/07\/5.7m-plant-based-food-truck-480x360.jpg 480w, https:\/\/www.honlufoodtrailer.com\/wp-content\/uploads\/2024\/07\/5.7m-plant-based-food-truck-300x225.jpg 300w\" sizes=\"(max-width: 720px) 100vw, 720px\" \/><\/p>\n<p>Wie wir auf den Bildern oben sehen k\u00f6nnen, haben wir diese <a href=\"https:\/\/www.honlufoodtrailer.com\/de\/product\/\" target=\"_blank\" rel=\"noopener\">Lebensmittelanh\u00e4nger<\/a> mit Mustern und viel Text, so wie es der Kunde w\u00fcnscht. Dieser vegane Imbisswagen hat zwei gro\u00dfe Fenster an der Vorderseite, was f\u00fcr Kunden sehr praktisch ist, um Essen zu bestellen und abzuholen. Heutzutage erweitern erfolgreiche Restaurantbesitzer ihre Restaurants mit Sitzpl\u00e4tzen durch mobile Restaurants, und zwar aus vielen Gr\u00fcnden, z. B. wegen der geringeren Anlaufkosten, der niedrigeren Verwaltungskosten und der besseren Werbem\u00f6glichkeiten. Diese Art von Food-Trailern kann Ihrem Unternehmen zum Erfolg verhelfen. Lassen Sie mich Ihnen nun weitere Details zu diesem veganen Street Food Truck zeigen.<\/p>\n<h3>Mehr Details zu diesem Mobile Catering Food Trailer<\/h3>\n<p><img decoding=\"async\" class=\"aligncenter size-full wp-image-8099\" src=\"https:\/\/www.honlufoodtrailer.com\/wp-content\/uploads\/2024\/07\/5.7m-vegan-food-trailer-inner-details.jpg\" alt=\"5.7m veganer Lebensmittelanh\u00e4nger innere Details\" width=\"800\" height=\"800\" srcset=\"https:\/\/www.honlufoodtrailer.com\/wp-content\/uploads\/2024\/07\/5.7m-vegan-food-trailer-inner-details.jpg 800w, https:\/\/www.honlufoodtrailer.com\/wp-content\/uploads\/2024\/07\/5.7m-vegan-food-trailer-inner-details-768x768.jpg 768w, https:\/\/www.honlufoodtrailer.com\/wp-content\/uploads\/2024\/07\/5.7m-vegan-food-trailer-inner-details-360x360.jpg 360w, https:\/\/www.honlufoodtrailer.com\/wp-content\/uploads\/2024\/07\/5.7m-vegan-food-trailer-inner-details-300x300.jpg 300w, https:\/\/www.honlufoodtrailer.com\/wp-content\/uploads\/2024\/07\/5.7m-vegan-food-trailer-inner-details-720x720.jpg 720w, https:\/\/www.honlufoodtrailer.com\/wp-content\/uploads\/2024\/07\/5.7m-vegan-food-trailer-inner-details-100x100.jpg 100w\" sizes=\"(max-width: 800px) 100vw, 800px\" \/><\/p>\n<p>Wie auf dem Bild oben zu sehen ist, haben wir diesen 5,7 m langen veganen Food-Trailer mit einer Grundausstattung an K\u00fcchenger\u00e4ten ausgestattet. Es gibt haupts\u00e4chlich K\u00fcchenger\u00e4te wie Waschbecken, Arbeitstisch, Dunstabzugshaube, Gasherd, Grill, Fritteuse usw. Unser Kunde wird einige andere Ersatzteile hinzuf\u00fcgen, die er nach Erhalt dieses Lebensmittelanh\u00e4ngers ben\u00f6tigt.<\/p>\n<p>Food-Trailer k\u00f6nnen auch als Food-Carts, Food-Vans, Food-Trucks, und so weiter bezeichnet werden. Es kann verwendet werden, um Fast Food, Snacks, Zeitungen, B\u00fccher und so weiter zu verkaufen. Er besteht aus Fahrgestell, Aufbau, Bodenbelag, Arbeitstisch, Wassersystem und elektrischem System. Die Benutzer k\u00f6nnen auch die Farbe w\u00e4hlen, die sie wollen. Wir w\u00fcrden gerne andere Arten von Ger\u00e4ten kaufen, wenn Kunden dies w\u00fcnschen.<\/p>\n<p><img loading=\"lazy\" decoding=\"async\" class=\"aligncenter size-full wp-image-8095\" src=\"https:\/\/www.honlufoodtrailer.com\/wp-content\/uploads\/2024\/07\/5.7m-vegan-food-cart.jpg\" alt=\"5,7 Mio. veganer Essenswagen\" width=\"720\" height=\"540\" srcset=\"https:\/\/www.honlufoodtrailer.com\/wp-content\/uploads\/2024\/07\/5.7m-vegan-food-cart.jpg 720w, https:\/\/www.honlufoodtrailer.com\/wp-content\/uploads\/2024\/07\/5.7m-vegan-food-cart-480x360.jpg 480w, https:\/\/www.honlufoodtrailer.com\/wp-content\/uploads\/2024\/07\/5.7m-vegan-food-cart-300x225.jpg 300w\" sizes=\"(max-width: 720px) 100vw, 720px\" \/><\/p>\n<h3>Hauptmerkmale dieses kundenspezifischen Lebensmittelanh\u00e4ngers<\/h3>\n<ol>\n<li>Kosteng\u00fcnstig, umweltfreundlich, rauch- und l\u00e4rmfrei, leicht an jeden Ort zu bringen<\/li>\n<li>Es kann viele Jahre lang verwendet werden und bildet keinen M\u00fcll, und das ist sehr passend f\u00fcr das moderne Leben.<\/li>\n<li>Er ist bequem und einfach zu laden und zu transportieren, da das Design einzigartig und individuell ist.<\/li>\n<li>Das Hauptmaterial ist rostfreier Stahl, und der Tisch wird nicht rosten.<\/li>\n<li>Es ist hitzebest\u00e4ndig, hat eine hohe Festigkeit, eine hohe Farbechtheit, keine Verformung, ist wasserdicht und hat eine lange Lebensdauer.<\/li>\n<\/ol>\n<h3>Hauptvorteil:<\/h3>\n<ol>\n<li>Kosteng\u00fcnstig und umweltfreundlich;<\/li>\n<li>Einfacher Umzug an jeden beliebigen Ort (Ihr Unternehmen ist nicht eingeschr\u00e4nkt);<\/li>\n<li>Einzigartige Form (unsichtbar, um mehr Kunden anzuziehen);<\/li>\n<li>Lange Lebensdauer (korrosionsbest\u00e4ndig, hitzebest\u00e4ndig, wasserdicht, keine Verformung).<\/li>\n<\/ol>","protected":false},"excerpt":{"rendered":"<p>Dies ist eine unserer ma\u00dfgeschneiderten 5,7m veganen Essen Anh\u00e4nger zum Verkauf. Es ist eine gute Wahl f\u00fcr den Start eines mobilen Lebensmittel-Traier-Gesch\u00e4ft, um veganes Essen f\u00fcr G\u00e4ste zu bieten. <strong>Bitte klicken Sie auf die folgenden Registerkarten, um weitere Einzelheiten \u00fcber diesen Food-Trailer zu erfahren<\/strong>. Interessieren Sie sich f\u00fcr einen \u00e4hnlichen Food-Trailer? Z\u00f6gern Sie nicht und kontaktieren Sie uns noch heute!<\/p>","protected":false},"featured_media":8097,"template":"","meta":{"_themeisle_gutenberg_block_has_review":false},"product_brand":[],"product_cat":[26],"product_tag":[86,33,60,61,38,107],"class_list":{"0":"post-8082","1":"product","2":"type-product","3":"status-publish","4":"has-post-thumbnail","6":"product_cat-product","7":"product_tag-18-7ft-food-trailer","8":"product_tag-customized-trailer","9":"product_tag-fast-food-trailer","10":"product_tag-fast-food-trailer-for-sale","11":"product_tag-mobile-food-trailer","12":"product_tag-vegan-trailer","14":"first","15":"instock","16":"shipping-taxable","17":"product-type-simple"},"yoast_head":"<!-- This site is optimized with the Yoast SEO plugin v27.5 - https:\/\/yoast.com\/product\/yoast-seo-wordpress\/ -->\n<title>Factory Price Vegan Foo Trailer For Sale - Honlu Food Trailer<\/title>\n<meta name=\"description\" content=\"Looking for a vegan food trailer for sale? Get a similar or customized one at a reasonable price now! Be your own boss today!\" \/>\n<meta name=\"robots\" content=\"index, follow, max-snippet:-1, max-image-preview:large, max-video-preview:-1\" \/>\n<link rel=\"canonical\" href=\"https:\/\/www.honlufoodtrailer.com\/de\/product\/5-7m-vegan-food-trailer\/\" \/>\n<meta property=\"og:locale\" content=\"de_DE\" \/>\n<meta property=\"og:type\" content=\"article\" \/>\n<meta property=\"og:title\" content=\"Factory Price Vegan Foo Trailer For Sale - Honlu Food Trailer\" \/>\n<meta property=\"og:description\" content=\"Looking for a vegan food trailer for sale? Get a similar or customized one at a reasonable price now! Be your own boss today!\" \/>\n<meta property=\"og:url\" content=\"https:\/\/www.honlufoodtrailer.com\/de\/product\/5-7m-vegan-food-trailer\/\" \/>\n<meta property=\"og:site_name\" content=\"Honlu food trailer\" \/>\n<meta property=\"article:modified_time\" content=\"2025-02-14T06:37:40+00:00\" \/>\n<meta property=\"og:image\" content=\"https:\/\/www.honlufoodtrailer.com\/wp-content\/uploads\/2024\/07\/5.7m-vegan-food-truck-catering.jpg\" \/>\n\t<meta property=\"og:image:width\" content=\"720\" \/>\n\t<meta property=\"og:image:height\" content=\"540\" \/>\n\t<meta property=\"og:image:type\" content=\"image\/jpeg\" \/>\n<meta name=\"twitter:card\" content=\"summary_large_image\" \/>\n<meta name=\"twitter:label1\" content=\"Gesch\u00e4tzte Lesezeit\" \/>\n\t<meta name=\"twitter:data1\" content=\"1\u00a0Minute\" \/>\n<script type=\"application\/ld+json\" class=\"yoast-schema-graph\">{\"@context\":\"https:\\\/\\\/schema.org\",\"@graph\":[{\"@type\":\"WebPage\",\"@id\":\"https:\\\/\\\/www.honlufoodtrailer.com\\\/product\\\/5-7m-vegan-food-trailer\\\/\",\"url\":\"https:\\\/\\\/www.honlufoodtrailer.com\\\/product\\\/5-7m-vegan-food-trailer\\\/\",\"name\":\"Factory Price Vegan Foo Trailer For Sale - Honlu Food Trailer\",\"isPartOf\":{\"@id\":\"https:\\\/\\\/www.honlufoodtrailer.com\\\/#website\"},\"primaryImageOfPage\":{\"@id\":\"https:\\\/\\\/www.honlufoodtrailer.com\\\/product\\\/5-7m-vegan-food-trailer\\\/#primaryimage\"},\"image\":{\"@id\":\"https:\\\/\\\/www.honlufoodtrailer.com\\\/product\\\/5-7m-vegan-food-trailer\\\/#primaryimage\"},\"thumbnailUrl\":\"https:\\\/\\\/www.honlufoodtrailer.com\\\/wp-content\\\/uploads\\\/2024\\\/07\\\/5.7m-vegan-food-truck-catering.jpg\",\"datePublished\":\"2024-07-18T09:41:25+00:00\",\"dateModified\":\"2025-02-14T06:37:40+00:00\",\"description\":\"Looking for a vegan food trailer for sale? Get a similar or customized one at a reasonable price now! Be your own boss today!\",\"breadcrumb\":{\"@id\":\"https:\\\/\\\/www.honlufoodtrailer.com\\\/product\\\/5-7m-vegan-food-trailer\\\/#breadcrumb\"},\"inLanguage\":\"de\",\"potentialAction\":[{\"@type\":\"ReadAction\",\"target\":[\"https:\\\/\\\/www.honlufoodtrailer.com\\\/product\\\/5-7m-vegan-food-trailer\\\/\"]}]},{\"@type\":\"ImageObject\",\"inLanguage\":\"de\",\"@id\":\"https:\\\/\\\/www.honlufoodtrailer.com\\\/product\\\/5-7m-vegan-food-trailer\\\/#primaryimage\",\"url\":\"https:\\\/\\\/www.honlufoodtrailer.com\\\/wp-content\\\/uploads\\\/2024\\\/07\\\/5.7m-vegan-food-truck-catering.jpg\",\"contentUrl\":\"https:\\\/\\\/www.honlufoodtrailer.com\\\/wp-content\\\/uploads\\\/2024\\\/07\\\/5.7m-vegan-food-truck-catering.jpg\",\"width\":720,\"height\":540,\"caption\":\"5.7m vegan food truck catering\"},{\"@type\":\"BreadcrumbList\",\"@id\":\"https:\\\/\\\/www.honlufoodtrailer.com\\\/product\\\/5-7m-vegan-food-trailer\\\/#breadcrumb\",\"itemListElement\":[{\"@type\":\"ListItem\",\"position\":1,\"name\":\"Home\",\"item\":\"https:\\\/\\\/www.honlufoodtrailer.com\\\/\"},{\"@type\":\"ListItem\",\"position\":2,\"name\":\"\u4ea7\u54c1\",\"item\":\"https:\\\/\\\/www.honlufoodtrailer.com\\\/shop\\\/\"},{\"@type\":\"ListItem\",\"position\":3,\"name\":\"5.7m Vegan Food Trailer\"}]},{\"@type\":\"WebSite\",\"@id\":\"https:\\\/\\\/www.honlufoodtrailer.com\\\/#website\",\"url\":\"https:\\\/\\\/www.honlufoodtrailer.com\\\/\",\"name\":\"Honlu food trailer\",\"description\":\"\",\"publisher\":{\"@id\":\"https:\\\/\\\/www.honlufoodtrailer.com\\\/#organization\"},\"potentialAction\":[{\"@type\":\"SearchAction\",\"target\":{\"@type\":\"EntryPoint\",\"urlTemplate\":\"https:\\\/\\\/www.honlufoodtrailer.com\\\/?s={search_term_string}\"},\"query-input\":{\"@type\":\"PropertyValueSpecification\",\"valueRequired\":true,\"valueName\":\"search_term_string\"}}],\"inLanguage\":\"de\"},{\"@type\":\"Organization\",\"@id\":\"https:\\\/\\\/www.honlufoodtrailer.com\\\/#organization\",\"name\":\"Honlu food trailer\",\"url\":\"https:\\\/\\\/www.honlufoodtrailer.com\\\/\",\"logo\":{\"@type\":\"ImageObject\",\"inLanguage\":\"de\",\"@id\":\"https:\\\/\\\/www.honlufoodtrailer.com\\\/#\\\/schema\\\/logo\\\/image\\\/\",\"url\":\"https:\\\/\\\/www.honlufoodtrailer.com\\\/wp-content\\\/uploads\\\/2021\\\/12\\\/2.gif\",\"contentUrl\":\"https:\\\/\\\/www.honlufoodtrailer.com\\\/wp-content\\\/uploads\\\/2021\\\/12\\\/2.gif\",\"width\":350,\"height\":100,\"caption\":\"Honlu food trailer\"},\"image\":{\"@id\":\"https:\\\/\\\/www.honlufoodtrailer.com\\\/#\\\/schema\\\/logo\\\/image\\\/\"}}]}<\/script>\n<!-- \/ Yoast SEO plugin. -->","yoast_head_json":{"title":"Fabrikpreis Vegan Foo Trailer zu verkaufen - Honlu Food Trailer","description":"Suchen Sie einen veganen Food-Trailer zum Verkauf? Holen Sie sich jetzt einen \u00e4hnlichen oder ma\u00dfgeschneiderten Anh\u00e4nger zu einem g\u00fcnstigen Preis! Werden Sie noch heute Ihr eigener Chef!","robots":{"index":"index","follow":"follow","max-snippet":"max-snippet:-1","max-image-preview":"max-image-preview:large","max-video-preview":"max-video-preview:-1"},"canonical":"https:\/\/www.honlufoodtrailer.com\/de\/product\/5-7m-vegan-food-trailer\/","og_locale":"de_DE","og_type":"article","og_title":"Factory Price Vegan Foo Trailer For Sale - Honlu Food Trailer","og_description":"Looking for a vegan food trailer for sale? Get a similar or customized one at a reasonable price now! Be your own boss today!","og_url":"https:\/\/www.honlufoodtrailer.com\/de\/product\/5-7m-vegan-food-trailer\/","og_site_name":"Honlu food trailer","article_modified_time":"2025-02-14T06:37:40+00:00","og_image":[{"width":720,"height":540,"url":"https:\/\/www.honlufoodtrailer.com\/wp-content\/uploads\/2024\/07\/5.7m-vegan-food-truck-catering.jpg","type":"image\/jpeg"}],"twitter_card":"summary_large_image","twitter_misc":{"Gesch\u00e4tzte Lesezeit":"1\u00a0Minute"},"schema":{"@context":"https:\/\/schema.org","@graph":[{"@type":"WebPage","@id":"https:\/\/www.honlufoodtrailer.com\/product\/5-7m-vegan-food-trailer\/","url":"https:\/\/www.honlufoodtrailer.com\/product\/5-7m-vegan-food-trailer\/","name":"Fabrikpreis Vegan Foo Trailer zu verkaufen - Honlu Food Trailer","isPartOf":{"@id":"https:\/\/www.honlufoodtrailer.com\/#website"},"primaryImageOfPage":{"@id":"https:\/\/www.honlufoodtrailer.com\/product\/5-7m-vegan-food-trailer\/#primaryimage"},"image":{"@id":"https:\/\/www.honlufoodtrailer.com\/product\/5-7m-vegan-food-trailer\/#primaryimage"},"thumbnailUrl":"https:\/\/www.honlufoodtrailer.com\/wp-content\/uploads\/2024\/07\/5.7m-vegan-food-truck-catering.jpg","datePublished":"2024-07-18T09:41:25+00:00","dateModified":"2025-02-14T06:37:40+00:00","description":"Suchen Sie einen veganen Food-Trailer zum Verkauf? Holen Sie sich jetzt einen \u00e4hnlichen oder ma\u00dfgeschneiderten Anh\u00e4nger zu einem g\u00fcnstigen Preis! Werden Sie noch heute Ihr eigener Chef!","breadcrumb":{"@id":"https:\/\/www.honlufoodtrailer.com\/product\/5-7m-vegan-food-trailer\/#breadcrumb"},"inLanguage":"de","potentialAction":[{"@type":"ReadAction","target":["https:\/\/www.honlufoodtrailer.com\/product\/5-7m-vegan-food-trailer\/"]}]},{"@type":"ImageObject","inLanguage":"de","@id":"https:\/\/www.honlufoodtrailer.com\/product\/5-7m-vegan-food-trailer\/#primaryimage","url":"https:\/\/www.honlufoodtrailer.com\/wp-content\/uploads\/2024\/07\/5.7m-vegan-food-truck-catering.jpg","contentUrl":"https:\/\/www.honlufoodtrailer.com\/wp-content\/uploads\/2024\/07\/5.7m-vegan-food-truck-catering.jpg","width":720,"height":540,"caption":"5.7m vegan food truck catering"},{"@type":"BreadcrumbList","@id":"https:\/\/www.honlufoodtrailer.com\/product\/5-7m-vegan-food-trailer\/#breadcrumb","itemListElement":[{"@type":"ListItem","position":1,"name":"Home","item":"https:\/\/www.honlufoodtrailer.com\/"},{"@type":"ListItem","position":2,"name":"\u4ea7\u54c1","item":"https:\/\/www.honlufoodtrailer.com\/shop\/"},{"@type":"ListItem","position":3,"name":"5.7m Vegan Food Trailer"}]},{"@type":"WebSite","@id":"https:\/\/www.honlufoodtrailer.com\/#website","url":"https:\/\/www.honlufoodtrailer.com\/","name":"Honlu-Lebensmittelanh\u00e4nger","description":"","publisher":{"@id":"https:\/\/www.honlufoodtrailer.com\/#organization"},"potentialAction":[{"@type":"SearchAction","target":{"@type":"EntryPoint","urlTemplate":"https:\/\/www.honlufoodtrailer.com\/?s={search_term_string}"},"query-input":{"@type":"PropertyValueSpecification","valueRequired":true,"valueName":"search_term_string"}}],"inLanguage":"de"},{"@type":"Organization","@id":"https:\/\/www.honlufoodtrailer.com\/#organization","name":"Honlu-Lebensmittelanh\u00e4nger","url":"https:\/\/www.honlufoodtrailer.com\/","logo":{"@type":"ImageObject","inLanguage":"de","@id":"https:\/\/www.honlufoodtrailer.com\/#\/schema\/logo\/image\/","url":"https:\/\/www.honlufoodtrailer.com\/wp-content\/uploads\/2021\/12\/2.gif","contentUrl":"https:\/\/www.honlufoodtrailer.com\/wp-content\/uploads\/2021\/12\/2.gif","width":350,"height":100,"caption":"Honlu food trailer"},"image":{"@id":"https:\/\/www.honlufoodtrailer.com\/#\/schema\/logo\/image\/"}}]}},"_links":{"self":[{"href":"https:\/\/www.honlufoodtrailer.com\/de\/wp-json\/wp\/v2\/product\/8082","targetHints":{"allow":["GET"]}}],"collection":[{"href":"https:\/\/www.honlufoodtrailer.com\/de\/wp-json\/wp\/v2\/product"}],"about":[{"href":"https:\/\/www.honlufoodtrailer.com\/de\/wp-json\/wp\/v2\/types\/product"}],"version-history":[{"count":0,"href":"https:\/\/www.honlufoodtrailer.com\/de\/wp-json\/wp\/v2\/product\/8082\/revisions"}],"wp:featuredmedia":[{"embeddable":true,"href":"https:\/\/www.honlufoodtrailer.com\/de\/wp-json\/wp\/v2\/media\/8097"}],"wp:attachment":[{"href":"https:\/\/www.honlufoodtrailer.com\/de\/wp-json\/wp\/v2\/media?parent=8082"}],"wp:term":[{"taxonomy":"product_brand","embeddable":true,"href":"https:\/\/www.honlufoodtrailer.com\/de\/wp-json\/wp\/v2\/product_brand?post=8082"},{"taxonomy":"product_cat","embeddable":true,"href":"https:\/\/www.honlufoodtrailer.com\/de\/wp-json\/wp\/v2\/product_cat?post=8082"},{"taxonomy":"product_tag","embeddable":true,"href":"https:\/\/www.honlufoodtrailer.com\/de\/wp-json\/wp\/v2\/product_tag?post=8082"}],"curies":[{"name":"wp","href":"https:\/\/api.w.org\/{rel}","templated":true}]}}