{"id":8102,"date":"2024-07-23T16:45:18","date_gmt":"2024-07-23T08:45:18","guid":{"rendered":"https:\/\/www.honlufoodtrailer.com\/?post_type=product&#038;p=8102"},"modified":"2025-02-14T14:34:10","modified_gmt":"2025-02-14T06:34:10","slug":"4m-beer-concession-trailer","status":"publish","type":"product","link":"https:\/\/www.honlufoodtrailer.com\/de\/product\/4m-beer-concession-trailer\/","title":{"rendered":"4 m langer Bierverkaufsanh\u00e4nger"},"content":{"rendered":"<p>Sie m\u00f6chten ein Bierverkaufs-Unternehmen gr\u00fcnden? Sehen Sie sich diesen 4 m langen mobilen Bierverkaufswagen an! Es handelt sich um einen von uns entworfenen und individuell angepassten Bierverkaufswagen f\u00fcr einen unserer Kunden. Dank seiner kompakten Bauweise und des g\u00fcnstigen Preises ist dieser Bierverkaufswagen eine gute Wahl f\u00fcr Ihren Gesch\u00e4ftsstart. Wir k\u00f6nnen \u00e4hnliche Modelle herstellen. <a href=\"https:\/\/www.honlufoodtrailer.com\/de\/product\/kleiner-getrankeanhanger-zu-verkaufen\/\" target=\"_blank\" rel=\"noopener\">Getr\u00e4nkewagen<\/a> So wie dieses Modell, oder wir gestalten es nach Ihren W\u00fcnschen. Farbe, Aufkleber, Beschilderung und K\u00fcchenausstattung des Getr\u00e4nkeanh\u00e4ngers k\u00f6nnen individuell angepasst werden. Kontaktieren Sie uns einfach und teilen Sie uns Ihre genauen Anforderungen mit. Sehen Sie sich nun zun\u00e4chst einige Bilder dieses 4 Meter langen Bierverkaufsanh\u00e4ngers an!<br \/>\n<img fetchpriority=\"high\" decoding=\"async\" class=\"aligncenter size-full wp-image-8112\" src=\"https:\/\/www.honlufoodtrailer.com\/wp-content\/uploads\/2024\/07\/4m-small-beer-trailer.jpg\" alt=\"4 m kleiner Bieranh\u00e4nger\" width=\"720\" height=\"540\" srcset=\"https:\/\/www.honlufoodtrailer.com\/wp-content\/uploads\/2024\/07\/4m-small-beer-trailer.jpg 720w, https:\/\/www.honlufoodtrailer.com\/wp-content\/uploads\/2024\/07\/4m-small-beer-trailer-480x360.jpg 480w, https:\/\/www.honlufoodtrailer.com\/wp-content\/uploads\/2024\/07\/4m-small-beer-trailer-300x225.jpg 300w\" sizes=\"(max-width: 720px) 100vw, 720px\" \/> <img decoding=\"async\" class=\"aligncenter size-full wp-image-8103\" src=\"https:\/\/www.honlufoodtrailer.com\/wp-content\/uploads\/2024\/07\/4m-beer-concession-trailer-for-sale.jpg\" alt=\"4 m langer Bierverkaufsanh\u00e4nger zu verkaufen\" width=\"720\" height=\"540\" srcset=\"https:\/\/www.honlufoodtrailer.com\/wp-content\/uploads\/2024\/07\/4m-beer-concession-trailer-for-sale.jpg 720w, https:\/\/www.honlufoodtrailer.com\/wp-content\/uploads\/2024\/07\/4m-beer-concession-trailer-for-sale-480x360.jpg 480w, https:\/\/www.honlufoodtrailer.com\/wp-content\/uploads\/2024\/07\/4m-beer-concession-trailer-for-sale-300x225.jpg 300w\" sizes=\"(max-width: 720px) 100vw, 720px\" \/><\/p>\n<p>Wie wir den obigen Bildern entnehmen k\u00f6nnen, haben wir diesen mobilen Bierwagen ganz nach Kundenwunsch mit Bier- und Weinmotiven gestaltet. Der Bierwagen verf\u00fcgt \u00fcber zwei Fenster an der Vorderseite, wodurch Kunden bequem bestellen und Speisen abholen k\u00f6nnen. Erfolgreiche Gastronomen erweitern ihr Angebot heutzutage aus verschiedenen Gr\u00fcnden um mobile Verkaufsst\u00e4nde, beispielsweise aufgrund geringerer Anlauf- und Betriebskosten sowie h\u00f6herer Werbem\u00f6glichkeiten. Dieser kleine Bierwagen kann Ihnen dabei helfen, Ihr Gesch\u00e4ft auszubauen. Im Folgenden sehen wir uns weitere Details dieses 4 Meter langen Bierwagens an.<\/p>\n<h3>Innenstruktur dieses 4 m langen Bierverkaufsanh\u00e4ngers<\/h3>\n<p><img decoding=\"async\" class=\"aligncenter size-full wp-image-8104\" src=\"https:\/\/www.honlufoodtrailer.com\/wp-content\/uploads\/2024\/07\/4m-beer-concession-trailer-inner-structure.jpg\" alt=\"Innenstruktur eines 4 m langen Bierverkaufsanh\u00e4ngers\" width=\"800\" height=\"800\" srcset=\"https:\/\/www.honlufoodtrailer.com\/wp-content\/uploads\/2024\/07\/4m-beer-concession-trailer-inner-structure.jpg 800w, https:\/\/www.honlufoodtrailer.com\/wp-content\/uploads\/2024\/07\/4m-beer-concession-trailer-inner-structure-768x768.jpg 768w, https:\/\/www.honlufoodtrailer.com\/wp-content\/uploads\/2024\/07\/4m-beer-concession-trailer-inner-structure-360x360.jpg 360w, https:\/\/www.honlufoodtrailer.com\/wp-content\/uploads\/2024\/07\/4m-beer-concession-trailer-inner-structure-300x300.jpg 300w, https:\/\/www.honlufoodtrailer.com\/wp-content\/uploads\/2024\/07\/4m-beer-concession-trailer-inner-structure-720x720.jpg 720w, https:\/\/www.honlufoodtrailer.com\/wp-content\/uploads\/2024\/07\/4m-beer-concession-trailer-inner-structure-100x100.jpg 100w\" sizes=\"(max-width: 800px) 100vw, 800px\" \/><\/p>\n<p>Wie dem Bild unten zu entnehmen ist, haben wir diesen 4 m langen, individuell angefertigten Bieranh\u00e4nger mit einer Grundausstattung an K\u00fcchenger\u00e4ten versehen. Dazu geh\u00f6ren unter anderem Sp\u00fclbecken, Wassertanks, eine Arbeitsfl\u00e4che, eine Klimaanlage, Schr\u00e4nke und eine Zapfanlage. Unser Kunde wird nach Erhalt des Anh\u00e4ngers weitere ben\u00f6tigte Gegenst\u00e4nde hinzuf\u00fcgen.<\/p>\n<h3>Weitere Details zu diesem 4 m langen Bierverkaufsanh\u00e4nger<\/h3>\n<p><img loading=\"lazy\" decoding=\"async\" class=\"aligncenter size-full wp-image-8105\" src=\"https:\/\/www.honlufoodtrailer.com\/wp-content\/uploads\/2024\/07\/4m-beer-concession-trailer-more-details.jpg\" alt=\"4 m langer Bierverkaufsanh\u00e4nger \u2013 weitere Details\" width=\"800\" height=\"800\" srcset=\"https:\/\/www.honlufoodtrailer.com\/wp-content\/uploads\/2024\/07\/4m-beer-concession-trailer-more-details.jpg 800w, https:\/\/www.honlufoodtrailer.com\/wp-content\/uploads\/2024\/07\/4m-beer-concession-trailer-more-details-768x768.jpg 768w, https:\/\/www.honlufoodtrailer.com\/wp-content\/uploads\/2024\/07\/4m-beer-concession-trailer-more-details-360x360.jpg 360w, https:\/\/www.honlufoodtrailer.com\/wp-content\/uploads\/2024\/07\/4m-beer-concession-trailer-more-details-300x300.jpg 300w, https:\/\/www.honlufoodtrailer.com\/wp-content\/uploads\/2024\/07\/4m-beer-concession-trailer-more-details-720x720.jpg 720w, https:\/\/www.honlufoodtrailer.com\/wp-content\/uploads\/2024\/07\/4m-beer-concession-trailer-more-details-100x100.jpg 100w\" sizes=\"(max-width: 800px) 100vw, 800px\" \/><\/p>\n<p>Food-Trailer k\u00f6nnen auch als Food-Carts, Food-Vans, Food-Trucks, und so weiter bezeichnet werden. Es kann verwendet werden, um Fast Food, Snacks, Zeitungen, B\u00fccher und so weiter zu verkaufen. Er besteht aus Fahrgestell, Aufbau, Bodenbelag, Arbeitstisch, Wassersystem und elektrischem System. Die Benutzer k\u00f6nnen auch die Farbe w\u00e4hlen, die sie wollen. Wir w\u00fcrden gerne andere Arten von Ger\u00e4ten kaufen, wenn Kunden dies w\u00fcnschen.<\/p>\n<p><img loading=\"lazy\" decoding=\"async\" class=\"aligncenter size-full wp-image-8108\" src=\"https:\/\/www.honlufoodtrailer.com\/wp-content\/uploads\/2024\/07\/4m-beer-trailer.jpg\" alt=\"4 m Bieranh\u00e4nger\" width=\"720\" height=\"540\" srcset=\"https:\/\/www.honlufoodtrailer.com\/wp-content\/uploads\/2024\/07\/4m-beer-trailer.jpg 720w, https:\/\/www.honlufoodtrailer.com\/wp-content\/uploads\/2024\/07\/4m-beer-trailer-480x360.jpg 480w, https:\/\/www.honlufoodtrailer.com\/wp-content\/uploads\/2024\/07\/4m-beer-trailer-300x225.jpg 300w\" sizes=\"(max-width: 720px) 100vw, 720px\" \/><\/p>\n<h3>Hauptmerkmale dieses 4 m langen Bierverkaufsanh\u00e4ngers<\/h3>\n<ol>\n<li>Kosteng\u00fcnstig, umweltfreundlich, rauch- und l\u00e4rmfrei, leicht an jeden Ort zu bringen<\/li>\n<li>Es kann viele Jahre lang verwendet werden und bildet keinen M\u00fcll, und das ist sehr passend f\u00fcr das moderne Leben.<\/li>\n<li>Er ist bequem und einfach zu laden und zu transportieren, da das Design einzigartig und individuell ist.<\/li>\n<li>Das Hauptmaterial ist rostfreier Stahl, und der Tisch wird nicht rosten.<\/li>\n<li>Es ist hitzebest\u00e4ndig, hat eine hohe Festigkeit, eine hohe Farbechtheit, keine Verformung, ist wasserdicht und hat eine lange Lebensdauer.<\/li>\n<\/ol>\n<h3>Hauptvorteil:<\/h3>\n<ol>\n<li>Kosteng\u00fcnstig und umweltfreundlich;<\/li>\n<li>Einfacher Umzug an jeden beliebigen Ort (Ihr Unternehmen ist nicht eingeschr\u00e4nkt);<\/li>\n<li>Einzigartige Form (unsichtbar, um mehr Kunden anzuziehen);<\/li>\n<li>Lange Lebensdauer (korrosionsbest\u00e4ndig, hitzebest\u00e4ndig, wasserdicht, keine Verformung).<\/li>\n<\/ol>","protected":false},"excerpt":{"rendered":"<p>Hierbei handelt es sich um einen unserer ma\u00dfgefertigten 4-Meter-Bierverkaufsanh\u00e4nger. Er eignet sich hervorragend f\u00fcr den Start eines mobilen Bierverkaufsgesch\u00e4fts. <strong>Bitte klicken Sie auf die folgenden Registerkarten, um weitere Details zu diesem Bieranh\u00e4nger zu erfahren.<\/strong>. Haben Sie Interesse an einem \u00e4hnlichen Getr\u00e4nkeanh\u00e4nger oder einem individuell angefertigten Modell? Z\u00f6gern Sie nicht, uns noch heute zu kontaktieren!<\/p>","protected":false},"featured_media":8111,"template":"","meta":{"_themeisle_gutenberg_block_has_review":false},"product_brand":[],"product_cat":[26],"product_tag":[82,106,33,60,61,38],"class_list":{"0":"post-8102","1":"product","2":"type-product","3":"status-publish","4":"has-post-thumbnail","6":"product_cat-product","7":"product_tag-13ft-food-trailer","8":"product_tag-beer-trailer","9":"product_tag-customized-trailer","10":"product_tag-fast-food-trailer","11":"product_tag-fast-food-trailer-for-sale","12":"product_tag-mobile-food-trailer","14":"first","15":"instock","16":"shipping-taxable","17":"product-type-simple"},"yoast_head":"<!-- This site is optimized with the Yoast SEO plugin v27.5 - https:\/\/yoast.com\/product\/yoast-seo-wordpress\/ -->\n<title>4m Beer Concession Trailer | Wine Trailer from Henan Honlu<\/title>\n<meta name=\"description\" content=\"Want to start a beer trailer business? See this 4m mobile beer trailer! beautiful design, high quality, Contact us to get its price right now!\" \/>\n<meta name=\"robots\" content=\"index, follow, max-snippet:-1, max-image-preview:large, max-video-preview:-1\" \/>\n<link rel=\"canonical\" href=\"https:\/\/www.honlufoodtrailer.com\/de\/product\/4m-beer-concession-trailer\/\" \/>\n<meta property=\"og:locale\" content=\"de_DE\" \/>\n<meta property=\"og:type\" content=\"article\" \/>\n<meta property=\"og:title\" content=\"4m Beer Concession Trailer | Wine Trailer from Henan Honlu\" \/>\n<meta property=\"og:description\" content=\"Want to start a beer trailer business? See this 4m mobile beer trailer! beautiful design, high quality, Contact us to get its price right now!\" \/>\n<meta property=\"og:url\" content=\"https:\/\/www.honlufoodtrailer.com\/de\/product\/4m-beer-concession-trailer\/\" \/>\n<meta property=\"og:site_name\" content=\"Honlu food trailer\" \/>\n<meta property=\"article:modified_time\" content=\"2025-02-14T06:34:10+00:00\" \/>\n<meta property=\"og:image\" content=\"https:\/\/www.honlufoodtrailer.com\/wp-content\/uploads\/2024\/07\/4m-portable-beer-trailer.jpg\" \/>\n\t<meta property=\"og:image:width\" content=\"720\" \/>\n\t<meta property=\"og:image:height\" content=\"540\" \/>\n\t<meta property=\"og:image:type\" content=\"image\/jpeg\" \/>\n<meta name=\"twitter:card\" content=\"summary_large_image\" \/>\n<meta name=\"twitter:label1\" content=\"Gesch\u00e4tzte Lesezeit\" \/>\n\t<meta name=\"twitter:data1\" content=\"1\u00a0Minute\" \/>\n<script type=\"application\/ld+json\" class=\"yoast-schema-graph\">{\"@context\":\"https:\\\/\\\/schema.org\",\"@graph\":[{\"@type\":\"WebPage\",\"@id\":\"https:\\\/\\\/www.honlufoodtrailer.com\\\/product\\\/4m-beer-concession-trailer\\\/\",\"url\":\"https:\\\/\\\/www.honlufoodtrailer.com\\\/product\\\/4m-beer-concession-trailer\\\/\",\"name\":\"4m Beer Concession Trailer | Wine Trailer from Henan Honlu\",\"isPartOf\":{\"@id\":\"https:\\\/\\\/www.honlufoodtrailer.com\\\/#website\"},\"primaryImageOfPage\":{\"@id\":\"https:\\\/\\\/www.honlufoodtrailer.com\\\/product\\\/4m-beer-concession-trailer\\\/#primaryimage\"},\"image\":{\"@id\":\"https:\\\/\\\/www.honlufoodtrailer.com\\\/product\\\/4m-beer-concession-trailer\\\/#primaryimage\"},\"thumbnailUrl\":\"https:\\\/\\\/www.honlufoodtrailer.com\\\/wp-content\\\/uploads\\\/2024\\\/07\\\/4m-portable-beer-trailer.jpg\",\"datePublished\":\"2024-07-23T08:45:18+00:00\",\"dateModified\":\"2025-02-14T06:34:10+00:00\",\"description\":\"Want to start a beer trailer business? See this 4m mobile beer trailer! beautiful design, high quality, Contact us to get its price right now!\",\"breadcrumb\":{\"@id\":\"https:\\\/\\\/www.honlufoodtrailer.com\\\/product\\\/4m-beer-concession-trailer\\\/#breadcrumb\"},\"inLanguage\":\"de\",\"potentialAction\":[{\"@type\":\"ReadAction\",\"target\":[\"https:\\\/\\\/www.honlufoodtrailer.com\\\/product\\\/4m-beer-concession-trailer\\\/\"]}]},{\"@type\":\"ImageObject\",\"inLanguage\":\"de\",\"@id\":\"https:\\\/\\\/www.honlufoodtrailer.com\\\/product\\\/4m-beer-concession-trailer\\\/#primaryimage\",\"url\":\"https:\\\/\\\/www.honlufoodtrailer.com\\\/wp-content\\\/uploads\\\/2024\\\/07\\\/4m-portable-beer-trailer.jpg\",\"contentUrl\":\"https:\\\/\\\/www.honlufoodtrailer.com\\\/wp-content\\\/uploads\\\/2024\\\/07\\\/4m-portable-beer-trailer.jpg\",\"width\":720,\"height\":540,\"caption\":\"4m portable beer trailer\"},{\"@type\":\"BreadcrumbList\",\"@id\":\"https:\\\/\\\/www.honlufoodtrailer.com\\\/product\\\/4m-beer-concession-trailer\\\/#breadcrumb\",\"itemListElement\":[{\"@type\":\"ListItem\",\"position\":1,\"name\":\"Home\",\"item\":\"https:\\\/\\\/www.honlufoodtrailer.com\\\/\"},{\"@type\":\"ListItem\",\"position\":2,\"name\":\"\u4ea7\u54c1\",\"item\":\"https:\\\/\\\/www.honlufoodtrailer.com\\\/shop\\\/\"},{\"@type\":\"ListItem\",\"position\":3,\"name\":\"4m Beer Concession Trailer\"}]},{\"@type\":\"WebSite\",\"@id\":\"https:\\\/\\\/www.honlufoodtrailer.com\\\/#website\",\"url\":\"https:\\\/\\\/www.honlufoodtrailer.com\\\/\",\"name\":\"Honlu food trailer\",\"description\":\"\",\"publisher\":{\"@id\":\"https:\\\/\\\/www.honlufoodtrailer.com\\\/#organization\"},\"potentialAction\":[{\"@type\":\"SearchAction\",\"target\":{\"@type\":\"EntryPoint\",\"urlTemplate\":\"https:\\\/\\\/www.honlufoodtrailer.com\\\/?s={search_term_string}\"},\"query-input\":{\"@type\":\"PropertyValueSpecification\",\"valueRequired\":true,\"valueName\":\"search_term_string\"}}],\"inLanguage\":\"de\"},{\"@type\":\"Organization\",\"@id\":\"https:\\\/\\\/www.honlufoodtrailer.com\\\/#organization\",\"name\":\"Honlu food trailer\",\"url\":\"https:\\\/\\\/www.honlufoodtrailer.com\\\/\",\"logo\":{\"@type\":\"ImageObject\",\"inLanguage\":\"de\",\"@id\":\"https:\\\/\\\/www.honlufoodtrailer.com\\\/#\\\/schema\\\/logo\\\/image\\\/\",\"url\":\"https:\\\/\\\/www.honlufoodtrailer.com\\\/wp-content\\\/uploads\\\/2021\\\/12\\\/2.gif\",\"contentUrl\":\"https:\\\/\\\/www.honlufoodtrailer.com\\\/wp-content\\\/uploads\\\/2021\\\/12\\\/2.gif\",\"width\":350,\"height\":100,\"caption\":\"Honlu food trailer\"},\"image\":{\"@id\":\"https:\\\/\\\/www.honlufoodtrailer.com\\\/#\\\/schema\\\/logo\\\/image\\\/\"}}]}<\/script>\n<!-- \/ Yoast SEO plugin. -->","yoast_head_json":{"title":"4 m langer Bier- und Weinverkaufsanh\u00e4nger aus Henan Honlu","description":"Sie m\u00f6chten ein Bierwagen-Gesch\u00e4ft starten? Sehen Sie sich diesen 4 m langen mobilen Bierwagen an! Sch\u00f6nes Design, hohe Qualit\u00e4t. Kontaktieren Sie uns jetzt f\u00fcr ein Preisangebot!","robots":{"index":"index","follow":"follow","max-snippet":"max-snippet:-1","max-image-preview":"max-image-preview:large","max-video-preview":"max-video-preview:-1"},"canonical":"https:\/\/www.honlufoodtrailer.com\/de\/product\/4m-beer-concession-trailer\/","og_locale":"de_DE","og_type":"article","og_title":"4m Beer Concession Trailer | Wine Trailer from Henan Honlu","og_description":"Want to start a beer trailer business? See this 4m mobile beer trailer! beautiful design, high quality, Contact us to get its price right now!","og_url":"https:\/\/www.honlufoodtrailer.com\/de\/product\/4m-beer-concession-trailer\/","og_site_name":"Honlu food trailer","article_modified_time":"2025-02-14T06:34:10+00:00","og_image":[{"width":720,"height":540,"url":"https:\/\/www.honlufoodtrailer.com\/wp-content\/uploads\/2024\/07\/4m-portable-beer-trailer.jpg","type":"image\/jpeg"}],"twitter_card":"summary_large_image","twitter_misc":{"Gesch\u00e4tzte Lesezeit":"1\u00a0Minute"},"schema":{"@context":"https:\/\/schema.org","@graph":[{"@type":"WebPage","@id":"https:\/\/www.honlufoodtrailer.com\/product\/4m-beer-concession-trailer\/","url":"https:\/\/www.honlufoodtrailer.com\/product\/4m-beer-concession-trailer\/","name":"4 m langer Bier- und Weinverkaufsanh\u00e4nger aus Henan Honlu","isPartOf":{"@id":"https:\/\/www.honlufoodtrailer.com\/#website"},"primaryImageOfPage":{"@id":"https:\/\/www.honlufoodtrailer.com\/product\/4m-beer-concession-trailer\/#primaryimage"},"image":{"@id":"https:\/\/www.honlufoodtrailer.com\/product\/4m-beer-concession-trailer\/#primaryimage"},"thumbnailUrl":"https:\/\/www.honlufoodtrailer.com\/wp-content\/uploads\/2024\/07\/4m-portable-beer-trailer.jpg","datePublished":"2024-07-23T08:45:18+00:00","dateModified":"2025-02-14T06:34:10+00:00","description":"Sie m\u00f6chten ein Bierwagen-Gesch\u00e4ft starten? Sehen Sie sich diesen 4 m langen mobilen Bierwagen an! Sch\u00f6nes Design, hohe Qualit\u00e4t. Kontaktieren Sie uns jetzt f\u00fcr ein Preisangebot!","breadcrumb":{"@id":"https:\/\/www.honlufoodtrailer.com\/product\/4m-beer-concession-trailer\/#breadcrumb"},"inLanguage":"de","potentialAction":[{"@type":"ReadAction","target":["https:\/\/www.honlufoodtrailer.com\/product\/4m-beer-concession-trailer\/"]}]},{"@type":"ImageObject","inLanguage":"de","@id":"https:\/\/www.honlufoodtrailer.com\/product\/4m-beer-concession-trailer\/#primaryimage","url":"https:\/\/www.honlufoodtrailer.com\/wp-content\/uploads\/2024\/07\/4m-portable-beer-trailer.jpg","contentUrl":"https:\/\/www.honlufoodtrailer.com\/wp-content\/uploads\/2024\/07\/4m-portable-beer-trailer.jpg","width":720,"height":540,"caption":"4m portable beer trailer"},{"@type":"BreadcrumbList","@id":"https:\/\/www.honlufoodtrailer.com\/product\/4m-beer-concession-trailer\/#breadcrumb","itemListElement":[{"@type":"ListItem","position":1,"name":"Home","item":"https:\/\/www.honlufoodtrailer.com\/"},{"@type":"ListItem","position":2,"name":"\u4ea7\u54c1","item":"https:\/\/www.honlufoodtrailer.com\/shop\/"},{"@type":"ListItem","position":3,"name":"4m Beer Concession Trailer"}]},{"@type":"WebSite","@id":"https:\/\/www.honlufoodtrailer.com\/#website","url":"https:\/\/www.honlufoodtrailer.com\/","name":"Honlu-Lebensmittelanh\u00e4nger","description":"","publisher":{"@id":"https:\/\/www.honlufoodtrailer.com\/#organization"},"potentialAction":[{"@type":"SearchAction","target":{"@type":"EntryPoint","urlTemplate":"https:\/\/www.honlufoodtrailer.com\/?s={search_term_string}"},"query-input":{"@type":"PropertyValueSpecification","valueRequired":true,"valueName":"search_term_string"}}],"inLanguage":"de"},{"@type":"Organization","@id":"https:\/\/www.honlufoodtrailer.com\/#organization","name":"Honlu-Lebensmittelanh\u00e4nger","url":"https:\/\/www.honlufoodtrailer.com\/","logo":{"@type":"ImageObject","inLanguage":"de","@id":"https:\/\/www.honlufoodtrailer.com\/#\/schema\/logo\/image\/","url":"https:\/\/www.honlufoodtrailer.com\/wp-content\/uploads\/2021\/12\/2.gif","contentUrl":"https:\/\/www.honlufoodtrailer.com\/wp-content\/uploads\/2021\/12\/2.gif","width":350,"height":100,"caption":"Honlu food trailer"},"image":{"@id":"https:\/\/www.honlufoodtrailer.com\/#\/schema\/logo\/image\/"}}]}},"_links":{"self":[{"href":"https:\/\/www.honlufoodtrailer.com\/de\/wp-json\/wp\/v2\/product\/8102","targetHints":{"allow":["GET"]}}],"collection":[{"href":"https:\/\/www.honlufoodtrailer.com\/de\/wp-json\/wp\/v2\/product"}],"about":[{"href":"https:\/\/www.honlufoodtrailer.com\/de\/wp-json\/wp\/v2\/types\/product"}],"version-history":[{"count":0,"href":"https:\/\/www.honlufoodtrailer.com\/de\/wp-json\/wp\/v2\/product\/8102\/revisions"}],"wp:featuredmedia":[{"embeddable":true,"href":"https:\/\/www.honlufoodtrailer.com\/de\/wp-json\/wp\/v2\/media\/8111"}],"wp:attachment":[{"href":"https:\/\/www.honlufoodtrailer.com\/de\/wp-json\/wp\/v2\/media?parent=8102"}],"wp:term":[{"taxonomy":"product_brand","embeddable":true,"href":"https:\/\/www.honlufoodtrailer.com\/de\/wp-json\/wp\/v2\/product_brand?post=8102"},{"taxonomy":"product_cat","embeddable":true,"href":"https:\/\/www.honlufoodtrailer.com\/de\/wp-json\/wp\/v2\/product_cat?post=8102"},{"taxonomy":"product_tag","embeddable":true,"href":"https:\/\/www.honlufoodtrailer.com\/de\/wp-json\/wp\/v2\/product_tag?post=8102"}],"curies":[{"name":"wp","href":"https:\/\/api.w.org\/{rel}","templated":true}]}}