{"id":8138,"date":"2024-07-30T16:59:15","date_gmt":"2024-07-30T08:59:15","guid":{"rendered":"https:\/\/www.honlufoodtrailer.com\/?post_type=product&#038;p=8138"},"modified":"2025-02-14T14:21:41","modified_gmt":"2025-02-14T06:21:41","slug":"18ft-food-trailer-with-light-strips-and-awning","status":"publish","type":"product","link":"https:\/\/www.honlufoodtrailer.com\/de\/product\/18ft-food-trailer-with-light-strips-and-awning\/","title":{"rendered":"18 Fu\u00df langer Imbissanh\u00e4nger mit Lichtleisten und Markise"},"content":{"rendered":"<p>Suchen Sie einen voll ausgestatteten Imbisswagen? Sehen Sie sich diesen 5,5 m langen Imbisswagen mit Beleuchtung und Markise an. Es handelt sich um einen individuell angefertigten 5,5 m langen Imbisswagen f\u00fcr einen unserer australischen Kunden. Obwohl unsere Kunden bereits eigene Restaurants betreiben, haben sie sich die Gelegenheit nicht entgehen lassen, diesen 5,5 m langen Imbisswagen zu erwerben, um ihr Gesch\u00e4ft zu erweitern. Erfolgreiche Restaurantbesitzer erweitern ihre Restaurants heutzutage aus verschiedenen Gr\u00fcnden um mobile Imbisswagen, beispielsweise aufgrund geringerer Anlauf- und Verwaltungskosten sowie h\u00f6herer Werbem\u00f6glichkeiten. Sehen wir uns nun die Details dieses 5,5 m langen Imbisswagens mit Beleuchtung und Markise an!<\/p>\n<p><img fetchpriority=\"high\" decoding=\"async\" class=\"aligncenter size-full wp-image-8147\" src=\"https:\/\/www.honlufoodtrailer.com\/wp-content\/uploads\/2024\/07\/5.7m-food-trailer-with-light-strips.jpg\" alt=\"5,7 m langer Imbisswagen mit Lichtleisten\" width=\"720\" height=\"540\" srcset=\"https:\/\/www.honlufoodtrailer.com\/wp-content\/uploads\/2024\/07\/5.7m-food-trailer-with-light-strips.jpg 720w, https:\/\/www.honlufoodtrailer.com\/wp-content\/uploads\/2024\/07\/5.7m-food-trailer-with-light-strips-480x360.jpg 480w, https:\/\/www.honlufoodtrailer.com\/wp-content\/uploads\/2024\/07\/5.7m-food-trailer-with-light-strips-300x225.jpg 300w\" sizes=\"(max-width: 720px) 100vw, 720px\" \/> <img decoding=\"async\" class=\"aligncenter size-full wp-image-8140\" src=\"https:\/\/www.honlufoodtrailer.com\/wp-content\/uploads\/2024\/07\/5.7m-food-trailer-with-light-strip.jpg\" alt=\"5,7 m langer Imbisswagen mit Lichtleiste\" width=\"720\" height=\"540\" srcset=\"https:\/\/www.honlufoodtrailer.com\/wp-content\/uploads\/2024\/07\/5.7m-food-trailer-with-light-strip.jpg 720w, https:\/\/www.honlufoodtrailer.com\/wp-content\/uploads\/2024\/07\/5.7m-food-trailer-with-light-strip-480x360.jpg 480w, https:\/\/www.honlufoodtrailer.com\/wp-content\/uploads\/2024\/07\/5.7m-food-trailer-with-light-strip-300x225.jpg 300w\" sizes=\"(max-width: 720px) 100vw, 720px\" \/><\/p>\n<p>Gem\u00e4\u00df den Kundenw\u00fcnschen haben wir zwei gro\u00dfe Fenster an der Vorderseite des Imbisswagens und ein kleines Fenster an der Seite angebracht. Wie Sie sehen, erm\u00f6glichen die beiden gro\u00dfen Fenster vorne eine bequeme Bestellung und Abholung der Speisen. Zus\u00e4tzlich haben wir den Imbisswagen mit Lichterketten dekoriert. Dadurch wirkt er nachts besonders ansprechend und lockt mehr Kunden an. Im Folgenden zeige ich Ihnen die Innenansicht dieses 5,5 Meter langen Imbisswagens mit Lichterketten und Markise.<\/p>\n<h3>Innenausstattung dieses 5,5 m langen Imbisswagens mit Lichtleisten und Markise<\/h3>\n<p>Wie dem Bild unten zu entnehmen ist, haben wir den 5,5 Meter langen Imbisswagen mit K\u00fcchenger\u00e4ten ausgestattet. Dazu geh\u00f6ren vor allem Arbeitstische, Sp\u00fclbecken, eine Dunstabzugshaube, Regale und eine Eismaschine. Unser Kunde wird nach Erhalt des Wagens weitere ben\u00f6tigte Gegenst\u00e4nde hinzuf\u00fcgen.<\/p>\n<p><img decoding=\"async\" class=\"aligncenter size-full wp-image-8144\" src=\"https:\/\/www.honlufoodtrailer.com\/wp-content\/uploads\/2024\/07\/5.7m-food-trailer-with-light-strips-inner-structure.jpg\" alt=\"5,7 m langer Imbisswagen mit Lichtleisten und Innenstruktur\" width=\"720\" height=\"540\" srcset=\"https:\/\/www.honlufoodtrailer.com\/wp-content\/uploads\/2024\/07\/5.7m-food-trailer-with-light-strips-inner-structure.jpg 720w, https:\/\/www.honlufoodtrailer.com\/wp-content\/uploads\/2024\/07\/5.7m-food-trailer-with-light-strips-inner-structure-480x360.jpg 480w, https:\/\/www.honlufoodtrailer.com\/wp-content\/uploads\/2024\/07\/5.7m-food-trailer-with-light-strips-inner-structure-300x225.jpg 300w\" sizes=\"(max-width: 720px) 100vw, 720px\" \/> <img loading=\"lazy\" decoding=\"async\" class=\"aligncenter size-full wp-image-8143\" src=\"https:\/\/www.honlufoodtrailer.com\/wp-content\/uploads\/2024\/07\/5.7m-food-trailer-with-light-strips-inner-details.jpg\" alt=\"5,7 m langer Imbisswagen mit Lichtleisten und Innendetails\" width=\"800\" height=\"800\" srcset=\"https:\/\/www.honlufoodtrailer.com\/wp-content\/uploads\/2024\/07\/5.7m-food-trailer-with-light-strips-inner-details.jpg 800w, https:\/\/www.honlufoodtrailer.com\/wp-content\/uploads\/2024\/07\/5.7m-food-trailer-with-light-strips-inner-details-768x768.jpg 768w, https:\/\/www.honlufoodtrailer.com\/wp-content\/uploads\/2024\/07\/5.7m-food-trailer-with-light-strips-inner-details-360x360.jpg 360w, https:\/\/www.honlufoodtrailer.com\/wp-content\/uploads\/2024\/07\/5.7m-food-trailer-with-light-strips-inner-details-300x300.jpg 300w, https:\/\/www.honlufoodtrailer.com\/wp-content\/uploads\/2024\/07\/5.7m-food-trailer-with-light-strips-inner-details-720x720.jpg 720w, https:\/\/www.honlufoodtrailer.com\/wp-content\/uploads\/2024\/07\/5.7m-food-trailer-with-light-strips-inner-details-100x100.jpg 100w\" sizes=\"(max-width: 800px) 100vw, 800px\" \/><\/p>\n<h3>Mehr Details<\/h3>\n<p>Weitere Details zu diesem 5,5 m langen Imbisswagen mit Beleuchtungsleisten und Markise finden Sie im Bild unten. Alle Details entsprechen den nationalen Normen des Kunden.<br \/>\n<img loading=\"lazy\" decoding=\"async\" class=\"aligncenter size-full wp-image-8145\" src=\"https:\/\/www.honlufoodtrailer.com\/wp-content\/uploads\/2024\/07\/5.7m-food-trailer-with-light-strips-more-details.jpg\" alt=\"5,7 m langer Imbisswagen mit Lichtleisten \u2013 weitere Details\" width=\"800\" height=\"800\" srcset=\"https:\/\/www.honlufoodtrailer.com\/wp-content\/uploads\/2024\/07\/5.7m-food-trailer-with-light-strips-more-details.jpg 800w, https:\/\/www.honlufoodtrailer.com\/wp-content\/uploads\/2024\/07\/5.7m-food-trailer-with-light-strips-more-details-768x768.jpg 768w, https:\/\/www.honlufoodtrailer.com\/wp-content\/uploads\/2024\/07\/5.7m-food-trailer-with-light-strips-more-details-360x360.jpg 360w, https:\/\/www.honlufoodtrailer.com\/wp-content\/uploads\/2024\/07\/5.7m-food-trailer-with-light-strips-more-details-300x300.jpg 300w, https:\/\/www.honlufoodtrailer.com\/wp-content\/uploads\/2024\/07\/5.7m-food-trailer-with-light-strips-more-details-720x720.jpg 720w, https:\/\/www.honlufoodtrailer.com\/wp-content\/uploads\/2024\/07\/5.7m-food-trailer-with-light-strips-more-details-100x100.jpg 100w\" sizes=\"(max-width: 800px) 100vw, 800px\" \/><br \/>\nFood-Trailer k\u00f6nnen auch als Food-Carts, Food-Vans, Food-Trucks, und so weiter bezeichnet werden. Es kann verwendet werden, um Fast Food, Snacks, Zeitungen, B\u00fccher und so weiter zu verkaufen. Er besteht aus Fahrgestell, Aufbau, Bodenbelag, Arbeitstisch, Wassersystem und elektrischem System. Die Benutzer k\u00f6nnen auch die Farbe w\u00e4hlen, die sie wollen. Wir w\u00fcrden gerne andere Arten von Ger\u00e4ten kaufen, wenn Kunden dies w\u00fcnschen.<\/p>\n<h3>Hauptmerkmale des individuell gestalteten 18-Fu\u00df-Imbissanh\u00e4ngers<\/h3>\n<ol>\n<li>Kosteng\u00fcnstig und umweltfreundlich, rauch- und l\u00e4rmfrei, leicht an jeden Ort zu bringen.<\/li>\n<li>Es kann viele Jahre lang verwendet werden und bildet keinen M\u00fcll, und das ist sehr passend f\u00fcr das moderne Leben.<\/li>\n<li>Er ist bequem und einfach zu laden und zu transportieren, da das Design einzigartig und individuell ist.<\/li>\n<li>Das Hauptmaterial ist rostfreier Stahl, und der Tisch wird nicht rosten.<\/li>\n<li>Es ist hitzebest\u00e4ndig, hat eine hohe Festigkeit, eine hohe Farbechtheit, keine Verformung, ist wasserdicht und hat eine lange Lebensdauer.<\/li>\n<\/ol>\n<h3>Hauptvorteil:<\/h3>\n<p>1. Kosteng\u00fcnstig und umweltfreundlich;<br \/>\n2. Leicht zu bewegen, um jeden Ort (Ihr Unternehmen ist nicht eingeschr\u00e4nkt);<br \/>\n3. Einzigartige Form (unsichtbar, um mehr Kunden anzuziehen);<br \/>\n4. Lange Lebensdauer (korrosionsbest\u00e4ndig, hitzebest\u00e4ndig, wasserdicht, keine Verformung).<\/p>","protected":false},"excerpt":{"rendered":"<p>Dies ist einer unserer ma\u00dfgefertigten 5,5 m langen Imbisswagen mit Lichtleisten. Diese Gr\u00f6\u00dfe ist bei unseren Kunden sehr beliebt. Wir k\u00f6nnen einen \u00e4hnlichen Imbisswagen herstellen oder ihn individuell nach Ihren W\u00fcnschen anpassen. Farbe, Aufkleber, Beschilderung und K\u00fcchenausstattung des Imbisswagens k\u00f6nnen individuell gestaltet werden. <strong>Bitte klicken Sie auf die folgenden Registerkarten, um weitere Details zu diesem 18 Fu\u00df langen Imbisswagen zu sehen. <\/strong>Wenn Sie Interesse an einem \u00e4hnlichen Imbisswagen haben, kontaktieren Sie uns bitte und teilen Sie uns Ihre genauen Anforderungen mit. Z\u00f6gern Sie nicht, uns jetzt zu kontaktieren!<\/p>","protected":false},"featured_media":8141,"template":"","meta":{"_themeisle_gutenberg_block_has_review":false},"product_brand":[],"product_cat":[26],"product_tag":[83,33,45,38,51],"class_list":{"0":"post-8138","1":"product","2":"type-product","3":"status-publish","4":"has-post-thumbnail","6":"product_cat-product","7":"product_tag-18ft-food-trailer","8":"product_tag-customized-trailer","9":"product_tag-large-food-trailer","10":"product_tag-mobile-food-trailer","11":"product_tag-square-food-trailer","13":"first","14":"instock","15":"shipping-taxable","16":"product-type-simple"},"yoast_head":"<!-- This site is optimized with the Yoast SEO plugin v27.5 - https:\/\/yoast.com\/product\/yoast-seo-wordpress\/ -->\n<title>18ft Food Trailer With Light Strips From China Factory - Honlu Food Trailer<\/title>\n<meta name=\"description\" content=\"This is an 18ft food trailer with light strips we have customized for an Australian customer. Get a similar or customized one at factory price now!\" \/>\n<meta name=\"robots\" content=\"index, follow, max-snippet:-1, max-image-preview:large, max-video-preview:-1\" \/>\n<link rel=\"canonical\" href=\"https:\/\/www.honlufoodtrailer.com\/de\/product\/18ft-food-trailer-with-light-strips-and-awning\/\" \/>\n<meta property=\"og:locale\" content=\"de_DE\" \/>\n<meta property=\"og:type\" content=\"article\" \/>\n<meta property=\"og:title\" content=\"18ft Food Trailer With Light Strips From China Factory - Honlu Food Trailer\" \/>\n<meta property=\"og:description\" content=\"This is an 18ft food trailer with light strips we have customized for an Australian customer. Get a similar or customized one at factory price now!\" \/>\n<meta property=\"og:url\" content=\"https:\/\/www.honlufoodtrailer.com\/de\/product\/18ft-food-trailer-with-light-strips-and-awning\/\" \/>\n<meta property=\"og:site_name\" content=\"Honlu food trailer\" \/>\n<meta property=\"article:modified_time\" content=\"2025-02-14T06:21:41+00:00\" \/>\n<meta property=\"og:image\" content=\"https:\/\/www.honlufoodtrailer.com\/wp-content\/uploads\/2024\/07\/5.7m-food-trailer-with-light-strips-back-view.jpg\" \/>\n\t<meta property=\"og:image:width\" content=\"720\" \/>\n\t<meta property=\"og:image:height\" content=\"540\" \/>\n\t<meta property=\"og:image:type\" content=\"image\/jpeg\" \/>\n<meta name=\"twitter:card\" content=\"summary_large_image\" \/>\n<meta name=\"twitter:label1\" content=\"Gesch\u00e4tzte Lesezeit\" \/>\n\t<meta name=\"twitter:data1\" content=\"1\u00a0Minute\" \/>\n<script type=\"application\/ld+json\" class=\"yoast-schema-graph\">{\"@context\":\"https:\\\/\\\/schema.org\",\"@graph\":[{\"@type\":\"WebPage\",\"@id\":\"https:\\\/\\\/www.honlufoodtrailer.com\\\/product\\\/18ft-food-trailer-with-light-strips-and-awning\\\/\",\"url\":\"https:\\\/\\\/www.honlufoodtrailer.com\\\/product\\\/18ft-food-trailer-with-light-strips-and-awning\\\/\",\"name\":\"18ft Food Trailer With Light Strips From China Factory - Honlu Food Trailer\",\"isPartOf\":{\"@id\":\"https:\\\/\\\/www.honlufoodtrailer.com\\\/#website\"},\"primaryImageOfPage\":{\"@id\":\"https:\\\/\\\/www.honlufoodtrailer.com\\\/product\\\/18ft-food-trailer-with-light-strips-and-awning\\\/#primaryimage\"},\"image\":{\"@id\":\"https:\\\/\\\/www.honlufoodtrailer.com\\\/product\\\/18ft-food-trailer-with-light-strips-and-awning\\\/#primaryimage\"},\"thumbnailUrl\":\"https:\\\/\\\/www.honlufoodtrailer.com\\\/wp-content\\\/uploads\\\/2024\\\/07\\\/5.7m-food-trailer-with-light-strips-back-view.jpg\",\"datePublished\":\"2024-07-30T08:59:15+00:00\",\"dateModified\":\"2025-02-14T06:21:41+00:00\",\"description\":\"This is an 18ft food trailer with light strips we have customized for an Australian customer. Get a similar or customized one at factory price now!\",\"breadcrumb\":{\"@id\":\"https:\\\/\\\/www.honlufoodtrailer.com\\\/product\\\/18ft-food-trailer-with-light-strips-and-awning\\\/#breadcrumb\"},\"inLanguage\":\"de\",\"potentialAction\":[{\"@type\":\"ReadAction\",\"target\":[\"https:\\\/\\\/www.honlufoodtrailer.com\\\/product\\\/18ft-food-trailer-with-light-strips-and-awning\\\/\"]}]},{\"@type\":\"ImageObject\",\"inLanguage\":\"de\",\"@id\":\"https:\\\/\\\/www.honlufoodtrailer.com\\\/product\\\/18ft-food-trailer-with-light-strips-and-awning\\\/#primaryimage\",\"url\":\"https:\\\/\\\/www.honlufoodtrailer.com\\\/wp-content\\\/uploads\\\/2024\\\/07\\\/5.7m-food-trailer-with-light-strips-back-view.jpg\",\"contentUrl\":\"https:\\\/\\\/www.honlufoodtrailer.com\\\/wp-content\\\/uploads\\\/2024\\\/07\\\/5.7m-food-trailer-with-light-strips-back-view.jpg\",\"width\":720,\"height\":540,\"caption\":\"5.7m food trailer with light strips back view\"},{\"@type\":\"BreadcrumbList\",\"@id\":\"https:\\\/\\\/www.honlufoodtrailer.com\\\/product\\\/18ft-food-trailer-with-light-strips-and-awning\\\/#breadcrumb\",\"itemListElement\":[{\"@type\":\"ListItem\",\"position\":1,\"name\":\"Home\",\"item\":\"https:\\\/\\\/www.honlufoodtrailer.com\\\/\"},{\"@type\":\"ListItem\",\"position\":2,\"name\":\"\u4ea7\u54c1\",\"item\":\"https:\\\/\\\/www.honlufoodtrailer.com\\\/shop\\\/\"},{\"@type\":\"ListItem\",\"position\":3,\"name\":\"18ft Food Trailer With Light Strips and Awning\"}]},{\"@type\":\"WebSite\",\"@id\":\"https:\\\/\\\/www.honlufoodtrailer.com\\\/#website\",\"url\":\"https:\\\/\\\/www.honlufoodtrailer.com\\\/\",\"name\":\"Honlu food trailer\",\"description\":\"\",\"publisher\":{\"@id\":\"https:\\\/\\\/www.honlufoodtrailer.com\\\/#organization\"},\"potentialAction\":[{\"@type\":\"SearchAction\",\"target\":{\"@type\":\"EntryPoint\",\"urlTemplate\":\"https:\\\/\\\/www.honlufoodtrailer.com\\\/?s={search_term_string}\"},\"query-input\":{\"@type\":\"PropertyValueSpecification\",\"valueRequired\":true,\"valueName\":\"search_term_string\"}}],\"inLanguage\":\"de\"},{\"@type\":\"Organization\",\"@id\":\"https:\\\/\\\/www.honlufoodtrailer.com\\\/#organization\",\"name\":\"Honlu food trailer\",\"url\":\"https:\\\/\\\/www.honlufoodtrailer.com\\\/\",\"logo\":{\"@type\":\"ImageObject\",\"inLanguage\":\"de\",\"@id\":\"https:\\\/\\\/www.honlufoodtrailer.com\\\/#\\\/schema\\\/logo\\\/image\\\/\",\"url\":\"https:\\\/\\\/www.honlufoodtrailer.com\\\/wp-content\\\/uploads\\\/2021\\\/12\\\/2.gif\",\"contentUrl\":\"https:\\\/\\\/www.honlufoodtrailer.com\\\/wp-content\\\/uploads\\\/2021\\\/12\\\/2.gif\",\"width\":350,\"height\":100,\"caption\":\"Honlu food trailer\"},\"image\":{\"@id\":\"https:\\\/\\\/www.honlufoodtrailer.com\\\/#\\\/schema\\\/logo\\\/image\\\/\"}}]}<\/script>\n<!-- \/ Yoast SEO plugin. -->","yoast_head_json":{"title":"18 Fu\u00df langer Imbisswagen mit Lichtleisten aus chinesischer Produktion - Honlu Food Trailer","description":"Dies ist ein 5,5 Meter langer Imbisswagen mit Lichtleisten, den wir f\u00fcr einen australischen Kunden individuell gestaltet haben. Erhalten Sie jetzt ein \u00e4hnliches oder ein individuell angepasstes Modell zum Fabrikpreis!","robots":{"index":"index","follow":"follow","max-snippet":"max-snippet:-1","max-image-preview":"max-image-preview:large","max-video-preview":"max-video-preview:-1"},"canonical":"https:\/\/www.honlufoodtrailer.com\/de\/product\/18ft-food-trailer-with-light-strips-and-awning\/","og_locale":"de_DE","og_type":"article","og_title":"18ft Food Trailer With Light Strips From China Factory - Honlu Food Trailer","og_description":"This is an 18ft food trailer with light strips we have customized for an Australian customer. Get a similar or customized one at factory price now!","og_url":"https:\/\/www.honlufoodtrailer.com\/de\/product\/18ft-food-trailer-with-light-strips-and-awning\/","og_site_name":"Honlu food trailer","article_modified_time":"2025-02-14T06:21:41+00:00","og_image":[{"width":720,"height":540,"url":"https:\/\/www.honlufoodtrailer.com\/wp-content\/uploads\/2024\/07\/5.7m-food-trailer-with-light-strips-back-view.jpg","type":"image\/jpeg"}],"twitter_card":"summary_large_image","twitter_misc":{"Gesch\u00e4tzte Lesezeit":"1\u00a0Minute"},"schema":{"@context":"https:\/\/schema.org","@graph":[{"@type":"WebPage","@id":"https:\/\/www.honlufoodtrailer.com\/product\/18ft-food-trailer-with-light-strips-and-awning\/","url":"https:\/\/www.honlufoodtrailer.com\/product\/18ft-food-trailer-with-light-strips-and-awning\/","name":"18 Fu\u00df langer Imbisswagen mit Lichtleisten aus chinesischer Produktion - Honlu Food Trailer","isPartOf":{"@id":"https:\/\/www.honlufoodtrailer.com\/#website"},"primaryImageOfPage":{"@id":"https:\/\/www.honlufoodtrailer.com\/product\/18ft-food-trailer-with-light-strips-and-awning\/#primaryimage"},"image":{"@id":"https:\/\/www.honlufoodtrailer.com\/product\/18ft-food-trailer-with-light-strips-and-awning\/#primaryimage"},"thumbnailUrl":"https:\/\/www.honlufoodtrailer.com\/wp-content\/uploads\/2024\/07\/5.7m-food-trailer-with-light-strips-back-view.jpg","datePublished":"2024-07-30T08:59:15+00:00","dateModified":"2025-02-14T06:21:41+00:00","description":"Dies ist ein 5,5 Meter langer Imbisswagen mit Lichtleisten, den wir f\u00fcr einen australischen Kunden individuell gestaltet haben. Erhalten Sie jetzt ein \u00e4hnliches oder ein individuell angepasstes Modell zum Fabrikpreis!","breadcrumb":{"@id":"https:\/\/www.honlufoodtrailer.com\/product\/18ft-food-trailer-with-light-strips-and-awning\/#breadcrumb"},"inLanguage":"de","potentialAction":[{"@type":"ReadAction","target":["https:\/\/www.honlufoodtrailer.com\/product\/18ft-food-trailer-with-light-strips-and-awning\/"]}]},{"@type":"ImageObject","inLanguage":"de","@id":"https:\/\/www.honlufoodtrailer.com\/product\/18ft-food-trailer-with-light-strips-and-awning\/#primaryimage","url":"https:\/\/www.honlufoodtrailer.com\/wp-content\/uploads\/2024\/07\/5.7m-food-trailer-with-light-strips-back-view.jpg","contentUrl":"https:\/\/www.honlufoodtrailer.com\/wp-content\/uploads\/2024\/07\/5.7m-food-trailer-with-light-strips-back-view.jpg","width":720,"height":540,"caption":"5.7m food trailer with light strips back view"},{"@type":"BreadcrumbList","@id":"https:\/\/www.honlufoodtrailer.com\/product\/18ft-food-trailer-with-light-strips-and-awning\/#breadcrumb","itemListElement":[{"@type":"ListItem","position":1,"name":"Home","item":"https:\/\/www.honlufoodtrailer.com\/"},{"@type":"ListItem","position":2,"name":"\u4ea7\u54c1","item":"https:\/\/www.honlufoodtrailer.com\/shop\/"},{"@type":"ListItem","position":3,"name":"18ft Food Trailer With Light Strips and Awning"}]},{"@type":"WebSite","@id":"https:\/\/www.honlufoodtrailer.com\/#website","url":"https:\/\/www.honlufoodtrailer.com\/","name":"Honlu-Lebensmittelanh\u00e4nger","description":"","publisher":{"@id":"https:\/\/www.honlufoodtrailer.com\/#organization"},"potentialAction":[{"@type":"SearchAction","target":{"@type":"EntryPoint","urlTemplate":"https:\/\/www.honlufoodtrailer.com\/?s={search_term_string}"},"query-input":{"@type":"PropertyValueSpecification","valueRequired":true,"valueName":"search_term_string"}}],"inLanguage":"de"},{"@type":"Organization","@id":"https:\/\/www.honlufoodtrailer.com\/#organization","name":"Honlu-Lebensmittelanh\u00e4nger","url":"https:\/\/www.honlufoodtrailer.com\/","logo":{"@type":"ImageObject","inLanguage":"de","@id":"https:\/\/www.honlufoodtrailer.com\/#\/schema\/logo\/image\/","url":"https:\/\/www.honlufoodtrailer.com\/wp-content\/uploads\/2021\/12\/2.gif","contentUrl":"https:\/\/www.honlufoodtrailer.com\/wp-content\/uploads\/2021\/12\/2.gif","width":350,"height":100,"caption":"Honlu food trailer"},"image":{"@id":"https:\/\/www.honlufoodtrailer.com\/#\/schema\/logo\/image\/"}}]}},"_links":{"self":[{"href":"https:\/\/www.honlufoodtrailer.com\/de\/wp-json\/wp\/v2\/product\/8138","targetHints":{"allow":["GET"]}}],"collection":[{"href":"https:\/\/www.honlufoodtrailer.com\/de\/wp-json\/wp\/v2\/product"}],"about":[{"href":"https:\/\/www.honlufoodtrailer.com\/de\/wp-json\/wp\/v2\/types\/product"}],"version-history":[{"count":0,"href":"https:\/\/www.honlufoodtrailer.com\/de\/wp-json\/wp\/v2\/product\/8138\/revisions"}],"wp:featuredmedia":[{"embeddable":true,"href":"https:\/\/www.honlufoodtrailer.com\/de\/wp-json\/wp\/v2\/media\/8141"}],"wp:attachment":[{"href":"https:\/\/www.honlufoodtrailer.com\/de\/wp-json\/wp\/v2\/media?parent=8138"}],"wp:term":[{"taxonomy":"product_brand","embeddable":true,"href":"https:\/\/www.honlufoodtrailer.com\/de\/wp-json\/wp\/v2\/product_brand?post=8138"},{"taxonomy":"product_cat","embeddable":true,"href":"https:\/\/www.honlufoodtrailer.com\/de\/wp-json\/wp\/v2\/product_cat?post=8138"},{"taxonomy":"product_tag","embeddable":true,"href":"https:\/\/www.honlufoodtrailer.com\/de\/wp-json\/wp\/v2\/product_tag?post=8138"}],"curies":[{"name":"wp","href":"https:\/\/api.w.org\/{rel}","templated":true}]}}