{"id":8337,"date":"2024-09-14T17:12:47","date_gmt":"2024-09-14T09:12:47","guid":{"rendered":"https:\/\/www.honlufoodtrailer.com\/?post_type=product&#038;p=8337"},"modified":"2025-02-14T13:58:55","modified_gmt":"2025-02-14T05:58:55","slug":"4m-mobile-fast-food-truck","status":"publish","type":"product","link":"https:\/\/www.honlufoodtrailer.com\/de\/product\/4m-mobile-fast-food-truck\/","title":{"rendered":"4 m langer mobiler Schnellimbisswagen gem\u00e4\u00df australischen Standards"},"content":{"rendered":"<p data-spm-anchor-id=\"a2700.wholesale.0.i28.29e52808agqc7f\">Suchen Sie einen mobilen Imbisswagen? Sehen Sie sich diesen roten, 4 Meter langen Imbisswagen an! Er ist einer der Imbissanh\u00e4nger, die wir speziell f\u00fcr australische Kunden angefertigt haben. Erfahren Sie jetzt mehr dar\u00fcber!<\/p>\n<p data-spm-anchor-id=\"a2700.wholesale.0.i28.29e52808agqc7f\"><img fetchpriority=\"high\" decoding=\"async\" class=\"aligncenter size-full wp-image-8346\" src=\"https:\/\/www.honlufoodtrailer.com\/wp-content\/uploads\/2024\/09\/4m-fast-food-truck.jpg\" alt=\"4m Schnellimbisswagen\" width=\"720\" height=\"540\" srcset=\"https:\/\/www.honlufoodtrailer.com\/wp-content\/uploads\/2024\/09\/4m-fast-food-truck.jpg 720w, https:\/\/www.honlufoodtrailer.com\/wp-content\/uploads\/2024\/09\/4m-fast-food-truck-480x360.jpg 480w, https:\/\/www.honlufoodtrailer.com\/wp-content\/uploads\/2024\/09\/4m-fast-food-truck-300x225.jpg 300w\" sizes=\"(max-width: 720px) 100vw, 720px\" \/><\/p>\n<p data-spm-anchor-id=\"a2700.wholesale.0.i28.29e52808agqc7f\">Wie man auf den obigen Bildern sieht, ist der gesamte Aufbau dieses Imbisswagens rot. Die Ausgabefenster an der Vorderseite sind als Schiebefenster ausgef\u00fchrt. Beim \u00d6ffnen des Fensters entsteht darunter eine Tischfl\u00e4che. So k\u00f6nnen G\u00e4ste bequem bestellen und ihre Speisen abholen. Schauen wir uns nun die Details im Inneren dieses mobilen Schnellimbisswagens an.<\/p>\n<h3>Innendetails des 4 m langen Schnellimbisswagens gem\u00e4\u00df australischen Standards<\/h3>\n<p data-spm-anchor-id=\"a2700.wholesale.0.i28.29e52808agqc7f\">Wie den Bildern unten zu entnehmen ist, haben wir den Imbisswagen gem\u00e4\u00df den Kundenw\u00fcnschen mit K\u00fcchenger\u00e4ten ausgestattet. Zur K\u00fcchenausstattung geh\u00f6ren unter anderem drei Sp\u00fclbecken mit Warm- und Kaltwasseranschluss, eine Gasfritteuse mit zwei Gasflaschen, eine Gasgrillplatte, eine Dunstabzugshaube, ein Arbeitstisch, ein K\u00fchlschrank, eine Feuerl\u00f6schanlage, eine Kamera und ein Fernseher.<\/p>\n<p data-spm-anchor-id=\"a2700.wholesale.0.i28.29e52808agqc7f\"><img decoding=\"async\" class=\"aligncenter size-full wp-image-8345\" src=\"https:\/\/www.honlufoodtrailer.com\/wp-content\/uploads\/2024\/09\/4m-fast-food-truck-inner-view.jpg\" alt=\"Innenansicht eines 4 m langen Schnellimbisswagens\" width=\"720\" height=\"540\" srcset=\"https:\/\/www.honlufoodtrailer.com\/wp-content\/uploads\/2024\/09\/4m-fast-food-truck-inner-view.jpg 720w, https:\/\/www.honlufoodtrailer.com\/wp-content\/uploads\/2024\/09\/4m-fast-food-truck-inner-view-480x360.jpg 480w, https:\/\/www.honlufoodtrailer.com\/wp-content\/uploads\/2024\/09\/4m-fast-food-truck-inner-view-300x225.jpg 300w\" sizes=\"(max-width: 720px) 100vw, 720px\" \/><img decoding=\"async\" class=\"aligncenter size-full wp-image-8344\" src=\"https:\/\/www.honlufoodtrailer.com\/wp-content\/uploads\/2024\/09\/4m-fast-food-truck-inner-details.jpg\" alt=\"Innendetails eines 4 m langen Schnellimbisswagens\" width=\"800\" height=\"800\" srcset=\"https:\/\/www.honlufoodtrailer.com\/wp-content\/uploads\/2024\/09\/4m-fast-food-truck-inner-details.jpg 800w, https:\/\/www.honlufoodtrailer.com\/wp-content\/uploads\/2024\/09\/4m-fast-food-truck-inner-details-768x768.jpg 768w, https:\/\/www.honlufoodtrailer.com\/wp-content\/uploads\/2024\/09\/4m-fast-food-truck-inner-details-360x360.jpg 360w, https:\/\/www.honlufoodtrailer.com\/wp-content\/uploads\/2024\/09\/4m-fast-food-truck-inner-details-300x300.jpg 300w, https:\/\/www.honlufoodtrailer.com\/wp-content\/uploads\/2024\/09\/4m-fast-food-truck-inner-details-720x720.jpg 720w, https:\/\/www.honlufoodtrailer.com\/wp-content\/uploads\/2024\/09\/4m-fast-food-truck-inner-details-100x100.jpg 100w\" sizes=\"(max-width: 800px) 100vw, 800px\" \/><\/p>\n<p data-spm-anchor-id=\"a2700.wholesale.0.i28.29e52808agqc7f\">Die gesamte K\u00fcchenausstattung wird nach australischen Standards gefertigt. Als Hersteller und Exporteur von Imbisswagen mit \u00fcber 10 Jahren Erfahrung unterst\u00fctzen wir Sie gerne bei der Planung und Herstellung Ihres Imbisswagens gem\u00e4\u00df den lokalen Vorschriften. Gr\u00f6\u00dfe, Farbe, Aufkleber, Beschilderung und K\u00fcchenausstattung k\u00f6nnen individuell angepasst werden. Kontaktieren Sie uns einfach und teilen Sie uns Ihre genauen Anforderungen mit!<\/p>\n<h3>Weitere Details zu den australischen Standards f\u00fcr 4-Meter-Fast-Food-Trucks<\/h3>\n<p>Weitere Details zu Achsen, L\u00fcfter, Anh\u00e4ngerkupplung, externer Stromversorgung, R\u00fccklicht usw. finden Sie hier. Alle Komponenten entsprechen den australischen Normen.<\/p>\n<h3 data-spm-anchor-id=\"a2700.wholesale.0.i28.29e52808agqc7f\"><img loading=\"lazy\" decoding=\"async\" class=\"aligncenter size-full wp-image-8341\" src=\"https:\/\/www.honlufoodtrailer.com\/wp-content\/uploads\/2024\/09\/4m-fast-food-truck-details.jpg\" alt=\"Details zum 4 m langen Schnellimbisswagen\" width=\"800\" height=\"800\" srcset=\"https:\/\/www.honlufoodtrailer.com\/wp-content\/uploads\/2024\/09\/4m-fast-food-truck-details.jpg 800w, https:\/\/www.honlufoodtrailer.com\/wp-content\/uploads\/2024\/09\/4m-fast-food-truck-details-768x768.jpg 768w, https:\/\/www.honlufoodtrailer.com\/wp-content\/uploads\/2024\/09\/4m-fast-food-truck-details-360x360.jpg 360w, https:\/\/www.honlufoodtrailer.com\/wp-content\/uploads\/2024\/09\/4m-fast-food-truck-details-300x300.jpg 300w, https:\/\/www.honlufoodtrailer.com\/wp-content\/uploads\/2024\/09\/4m-fast-food-truck-details-720x720.jpg 720w, https:\/\/www.honlufoodtrailer.com\/wp-content\/uploads\/2024\/09\/4m-fast-food-truck-details-100x100.jpg 100w\" sizes=\"(max-width: 800px) 100vw, 800px\" \/><\/h3>\n<h3 class=\"magic-6\" data-spm-anchor-id=\"a2700.wholesale.0.i28.29e52808agqc7f\">Hauptmerkmale dieses Fast Food Trucks<\/h3>\n<div class=\"magic-7\">\n<div class=\"magic-8\">\n<div class=\"magic-9\" data-id=\"paragraph0\">\n<ol>\n<li>Modisches Aussehen, rote Farbe, die attraktiv ist;<\/li>\n<li>Er ist aus rostfreiem Stahl gefertigt, langlebig und korrosionsbest\u00e4ndig;<\/li>\n<li>Modernes und fortschrittliches Zubeh\u00f6r im Konzessionsanh\u00e4nger;<\/li>\n<li>Bequem und leicht zu bewegen;<\/li>\n<li>Entspricht den australischen Standards;<\/li>\n<\/ol>\n<h3>Kostenlose 2D\/3D-Grundrisszeichnung<\/h3>\n<p>Nach der Best\u00e4tigung der Abmessungen des Lebensmittelanh\u00e4ngers und der internen K\u00fcchenausstattung k\u00f6nnen wir Ihnen kostenlos 3D-Zeichnungen zur Verf\u00fcgung stellen. Dadurch erhalten Sie eine klarere Vorstellung von Ihrem Entwurf und Ihrem Lebensmittelwagen. Wenn wir den Standort der K\u00fcchenger\u00e4te best\u00e4tigen, k\u00f6nnen wir uns anhand des Grundrisses klar mit Ihnen verst\u00e4ndigen. Wir k\u00f6nnen Ihnen auch Originaldokumente zur Verf\u00fcgung stellen, um Ihre Planung zu erleichtern und Anpassungen vorzunehmen.<\/p>\n<h3>Mehr von unserem Fast Food Truck sehen<\/h3>\n<p><a href=\"https:\/\/www.honlufoodtrailer.com\/de\/product\/3-5m-fast-food-caravan\/\" target=\"_blank\" rel=\"noopener\">3,5 m Fastfood-Anh\u00e4nger<\/a><\/p>\n<p><a href=\"https:\/\/www.honlufoodtrailer.com\/de\/product\/3-5m-fast-food-caravan\/\"><img loading=\"lazy\" decoding=\"async\" class=\"aligncenter wp-image-7979 size-full\" src=\"https:\/\/www.honlufoodtrailer.com\/wp-content\/uploads\/2024\/07\/3.5m-fast-food-caravan-night-view.jpg\" alt=\"3.5m Fast Food Wohnwagen Nachtansicht\" width=\"720\" height=\"540\" srcset=\"https:\/\/www.honlufoodtrailer.com\/wp-content\/uploads\/2024\/07\/3.5m-fast-food-caravan-night-view.jpg 720w, https:\/\/www.honlufoodtrailer.com\/wp-content\/uploads\/2024\/07\/3.5m-fast-food-caravan-night-view-480x360.jpg 480w, https:\/\/www.honlufoodtrailer.com\/wp-content\/uploads\/2024\/07\/3.5m-fast-food-caravan-night-view-300x225.jpg 300w\" sizes=\"(max-width: 720px) 100vw, 720px\" \/><\/a><br \/>\n<a href=\"https:\/\/www.honlufoodtrailer.com\/de\/product\/18ft-mobile-fast-food-trailer-for-sale\/\" target=\"_blank\" rel=\"noopener\">18-Fu\u00df-Fastfood-Truck<\/a><\/p>\n<p><a href=\"https:\/\/www.honlufoodtrailer.com\/de\/product\/18ft-mobile-fast-food-trailer-for-sale\/\"><img loading=\"lazy\" decoding=\"async\" class=\"aligncenter wp-image-6013 size-full\" src=\"https:\/\/www.honlufoodtrailer.com\/wp-content\/uploads\/2023\/11\/18ft-fast-food-trailer-on-sale.jpg\" alt=\"18ft fast food trailer zu verkaufen\" width=\"720\" height=\"540\" srcset=\"https:\/\/www.honlufoodtrailer.com\/wp-content\/uploads\/2023\/11\/18ft-fast-food-trailer-on-sale.jpg 720w, https:\/\/www.honlufoodtrailer.com\/wp-content\/uploads\/2023\/11\/18ft-fast-food-trailer-on-sale-480x360.jpg 480w, https:\/\/www.honlufoodtrailer.com\/wp-content\/uploads\/2023\/11\/18ft-fast-food-trailer-on-sale-300x225.jpg 300w\" sizes=\"(max-width: 720px) 100vw, 720px\" \/><\/a><\/p>\n<\/div>\n<\/div>\n<\/div>","protected":false},"excerpt":{"rendered":"<p>Dies ist einer unserer ma\u00dfgefertigten, 4 Meter langen mobilen Imbisswagen. Er eignet sich hervorragend f\u00fcr den Start eines Foodtruck-Gesch\u00e4fts. <strong>Bitte klicken Sie auf die folgenden Registerkarten, um weitere Details zu diesem Fast Food Truck zu sehen<\/strong>. Dar\u00fcber hinaus k\u00f6nnen wir einen \u00e4hnlichen Schnellimbisswagen wie diesen herstellen oder einen f\u00fcr Sie anpassen. Die Farbe des Aufbaus, die Aufkleber, die Beschilderung und die K\u00fcchenausstattung des Food-Trailers k\u00f6nnen individuell angepasst werden. Z\u00f6gern Sie nicht, uns zu kontaktieren!<\/p>","protected":false},"featured_media":8343,"template":"","meta":{"_themeisle_gutenberg_block_has_review":false},"product_brand":[],"product_cat":[26],"product_tag":[82,100],"class_list":{"0":"post-8337","1":"product","2":"type-product","3":"status-publish","4":"has-post-thumbnail","6":"product_cat-product","7":"product_tag-13ft-food-trailer","8":"product_tag-food-trailer-australian-standards","10":"first","11":"instock","12":"featured","13":"shipping-taxable","14":"product-type-simple"},"yoast_head":"<!-- This site is optimized with the Yoast SEO plugin v27.5 - https:\/\/yoast.com\/product\/yoast-seo-wordpress\/ -->\n<title>4m Mobile Fast Food Truck For Sale - Honlu Food Trailer<\/title>\n<meta name=\"description\" content=\"This is a 4m mobile fast food truck for sale we have customized for a customer. See details! Get a similar or customized one at factory price now!\" \/>\n<meta name=\"robots\" content=\"index, follow, max-snippet:-1, max-image-preview:large, max-video-preview:-1\" \/>\n<link rel=\"canonical\" href=\"https:\/\/www.honlufoodtrailer.com\/de\/product\/4m-mobile-fast-food-truck\/\" \/>\n<meta property=\"og:locale\" content=\"de_DE\" \/>\n<meta property=\"og:type\" content=\"article\" \/>\n<meta property=\"og:title\" content=\"4m Mobile Fast Food Truck For Sale - Honlu Food Trailer\" \/>\n<meta property=\"og:description\" content=\"This is a 4m mobile fast food truck for sale we have customized for a customer. See details! Get a similar or customized one at factory price now!\" \/>\n<meta property=\"og:url\" content=\"https:\/\/www.honlufoodtrailer.com\/de\/product\/4m-mobile-fast-food-truck\/\" \/>\n<meta property=\"og:site_name\" content=\"Honlu food trailer\" \/>\n<meta property=\"article:modified_time\" content=\"2025-02-14T05:58:55+00:00\" \/>\n<meta property=\"og:image\" content=\"https:\/\/www.honlufoodtrailer.com\/wp-content\/uploads\/2024\/09\/4m-fast-food-truck-front-view.jpg\" \/>\n\t<meta property=\"og:image:width\" content=\"720\" \/>\n\t<meta property=\"og:image:height\" content=\"540\" \/>\n\t<meta property=\"og:image:type\" content=\"image\/jpeg\" \/>\n<meta name=\"twitter:card\" content=\"summary_large_image\" \/>\n<meta name=\"twitter:label1\" content=\"Gesch\u00e4tzte Lesezeit\" \/>\n\t<meta name=\"twitter:data1\" content=\"1\u00a0Minute\" \/>\n<script type=\"application\/ld+json\" class=\"yoast-schema-graph\">{\"@context\":\"https:\\\/\\\/schema.org\",\"@graph\":[{\"@type\":\"WebPage\",\"@id\":\"https:\\\/\\\/www.honlufoodtrailer.com\\\/product\\\/4m-mobile-fast-food-truck\\\/\",\"url\":\"https:\\\/\\\/www.honlufoodtrailer.com\\\/product\\\/4m-mobile-fast-food-truck\\\/\",\"name\":\"4m Mobile Fast Food Truck For Sale - Honlu Food Trailer\",\"isPartOf\":{\"@id\":\"https:\\\/\\\/www.honlufoodtrailer.com\\\/#website\"},\"primaryImageOfPage\":{\"@id\":\"https:\\\/\\\/www.honlufoodtrailer.com\\\/product\\\/4m-mobile-fast-food-truck\\\/#primaryimage\"},\"image\":{\"@id\":\"https:\\\/\\\/www.honlufoodtrailer.com\\\/product\\\/4m-mobile-fast-food-truck\\\/#primaryimage\"},\"thumbnailUrl\":\"https:\\\/\\\/www.honlufoodtrailer.com\\\/wp-content\\\/uploads\\\/2024\\\/09\\\/4m-fast-food-truck-front-view.jpg\",\"datePublished\":\"2024-09-14T09:12:47+00:00\",\"dateModified\":\"2025-02-14T05:58:55+00:00\",\"description\":\"This is a 4m mobile fast food truck for sale we have customized for a customer. See details! Get a similar or customized one at factory price now!\",\"breadcrumb\":{\"@id\":\"https:\\\/\\\/www.honlufoodtrailer.com\\\/product\\\/4m-mobile-fast-food-truck\\\/#breadcrumb\"},\"inLanguage\":\"de\",\"potentialAction\":[{\"@type\":\"ReadAction\",\"target\":[\"https:\\\/\\\/www.honlufoodtrailer.com\\\/product\\\/4m-mobile-fast-food-truck\\\/\"]}]},{\"@type\":\"ImageObject\",\"inLanguage\":\"de\",\"@id\":\"https:\\\/\\\/www.honlufoodtrailer.com\\\/product\\\/4m-mobile-fast-food-truck\\\/#primaryimage\",\"url\":\"https:\\\/\\\/www.honlufoodtrailer.com\\\/wp-content\\\/uploads\\\/2024\\\/09\\\/4m-fast-food-truck-front-view.jpg\",\"contentUrl\":\"https:\\\/\\\/www.honlufoodtrailer.com\\\/wp-content\\\/uploads\\\/2024\\\/09\\\/4m-fast-food-truck-front-view.jpg\",\"width\":720,\"height\":540,\"caption\":\"4m fast food truck front view\"},{\"@type\":\"BreadcrumbList\",\"@id\":\"https:\\\/\\\/www.honlufoodtrailer.com\\\/product\\\/4m-mobile-fast-food-truck\\\/#breadcrumb\",\"itemListElement\":[{\"@type\":\"ListItem\",\"position\":1,\"name\":\"Home\",\"item\":\"https:\\\/\\\/www.honlufoodtrailer.com\\\/\"},{\"@type\":\"ListItem\",\"position\":2,\"name\":\"\u4ea7\u54c1\",\"item\":\"https:\\\/\\\/www.honlufoodtrailer.com\\\/shop\\\/\"},{\"@type\":\"ListItem\",\"position\":3,\"name\":\"4m Mobile Fast Food Truck Australian Standards\"}]},{\"@type\":\"WebSite\",\"@id\":\"https:\\\/\\\/www.honlufoodtrailer.com\\\/#website\",\"url\":\"https:\\\/\\\/www.honlufoodtrailer.com\\\/\",\"name\":\"Honlu food trailer\",\"description\":\"\",\"publisher\":{\"@id\":\"https:\\\/\\\/www.honlufoodtrailer.com\\\/#organization\"},\"potentialAction\":[{\"@type\":\"SearchAction\",\"target\":{\"@type\":\"EntryPoint\",\"urlTemplate\":\"https:\\\/\\\/www.honlufoodtrailer.com\\\/?s={search_term_string}\"},\"query-input\":{\"@type\":\"PropertyValueSpecification\",\"valueRequired\":true,\"valueName\":\"search_term_string\"}}],\"inLanguage\":\"de\"},{\"@type\":\"Organization\",\"@id\":\"https:\\\/\\\/www.honlufoodtrailer.com\\\/#organization\",\"name\":\"Honlu food trailer\",\"url\":\"https:\\\/\\\/www.honlufoodtrailer.com\\\/\",\"logo\":{\"@type\":\"ImageObject\",\"inLanguage\":\"de\",\"@id\":\"https:\\\/\\\/www.honlufoodtrailer.com\\\/#\\\/schema\\\/logo\\\/image\\\/\",\"url\":\"https:\\\/\\\/www.honlufoodtrailer.com\\\/wp-content\\\/uploads\\\/2021\\\/12\\\/2.gif\",\"contentUrl\":\"https:\\\/\\\/www.honlufoodtrailer.com\\\/wp-content\\\/uploads\\\/2021\\\/12\\\/2.gif\",\"width\":350,\"height\":100,\"caption\":\"Honlu food trailer\"},\"image\":{\"@id\":\"https:\\\/\\\/www.honlufoodtrailer.com\\\/#\\\/schema\\\/logo\\\/image\\\/\"}}]}<\/script>\n<!-- \/ Yoast SEO plugin. -->","yoast_head_json":{"title":"4 m langer mobiler Imbisswagen zu verkaufen - Honlu Food Trailer","description":"Hier bieten wir einen 4 m langen, individuell gestalteten Imbisswagen zum Verkauf an. Details finden Sie hier! Sichern Sie sich jetzt ein \u00e4hnliches oder ein individuell angepasstes Modell zum Fabrikpreis!","robots":{"index":"index","follow":"follow","max-snippet":"max-snippet:-1","max-image-preview":"max-image-preview:large","max-video-preview":"max-video-preview:-1"},"canonical":"https:\/\/www.honlufoodtrailer.com\/de\/product\/4m-mobile-fast-food-truck\/","og_locale":"de_DE","og_type":"article","og_title":"4m Mobile Fast Food Truck For Sale - Honlu Food Trailer","og_description":"This is a 4m mobile fast food truck for sale we have customized for a customer. See details! Get a similar or customized one at factory price now!","og_url":"https:\/\/www.honlufoodtrailer.com\/de\/product\/4m-mobile-fast-food-truck\/","og_site_name":"Honlu food trailer","article_modified_time":"2025-02-14T05:58:55+00:00","og_image":[{"width":720,"height":540,"url":"https:\/\/www.honlufoodtrailer.com\/wp-content\/uploads\/2024\/09\/4m-fast-food-truck-front-view.jpg","type":"image\/jpeg"}],"twitter_card":"summary_large_image","twitter_misc":{"Gesch\u00e4tzte Lesezeit":"1\u00a0Minute"},"schema":{"@context":"https:\/\/schema.org","@graph":[{"@type":"WebPage","@id":"https:\/\/www.honlufoodtrailer.com\/product\/4m-mobile-fast-food-truck\/","url":"https:\/\/www.honlufoodtrailer.com\/product\/4m-mobile-fast-food-truck\/","name":"4 m langer mobiler Imbisswagen zu verkaufen - Honlu Food Trailer","isPartOf":{"@id":"https:\/\/www.honlufoodtrailer.com\/#website"},"primaryImageOfPage":{"@id":"https:\/\/www.honlufoodtrailer.com\/product\/4m-mobile-fast-food-truck\/#primaryimage"},"image":{"@id":"https:\/\/www.honlufoodtrailer.com\/product\/4m-mobile-fast-food-truck\/#primaryimage"},"thumbnailUrl":"https:\/\/www.honlufoodtrailer.com\/wp-content\/uploads\/2024\/09\/4m-fast-food-truck-front-view.jpg","datePublished":"2024-09-14T09:12:47+00:00","dateModified":"2025-02-14T05:58:55+00:00","description":"Hier bieten wir einen 4 m langen, individuell gestalteten Imbisswagen zum Verkauf an. Details finden Sie hier! Sichern Sie sich jetzt ein \u00e4hnliches oder ein individuell angepasstes Modell zum Fabrikpreis!","breadcrumb":{"@id":"https:\/\/www.honlufoodtrailer.com\/product\/4m-mobile-fast-food-truck\/#breadcrumb"},"inLanguage":"de","potentialAction":[{"@type":"ReadAction","target":["https:\/\/www.honlufoodtrailer.com\/product\/4m-mobile-fast-food-truck\/"]}]},{"@type":"ImageObject","inLanguage":"de","@id":"https:\/\/www.honlufoodtrailer.com\/product\/4m-mobile-fast-food-truck\/#primaryimage","url":"https:\/\/www.honlufoodtrailer.com\/wp-content\/uploads\/2024\/09\/4m-fast-food-truck-front-view.jpg","contentUrl":"https:\/\/www.honlufoodtrailer.com\/wp-content\/uploads\/2024\/09\/4m-fast-food-truck-front-view.jpg","width":720,"height":540,"caption":"4m fast food truck front view"},{"@type":"BreadcrumbList","@id":"https:\/\/www.honlufoodtrailer.com\/product\/4m-mobile-fast-food-truck\/#breadcrumb","itemListElement":[{"@type":"ListItem","position":1,"name":"Home","item":"https:\/\/www.honlufoodtrailer.com\/"},{"@type":"ListItem","position":2,"name":"\u4ea7\u54c1","item":"https:\/\/www.honlufoodtrailer.com\/shop\/"},{"@type":"ListItem","position":3,"name":"4m Mobile Fast Food Truck Australian Standards"}]},{"@type":"WebSite","@id":"https:\/\/www.honlufoodtrailer.com\/#website","url":"https:\/\/www.honlufoodtrailer.com\/","name":"Honlu-Lebensmittelanh\u00e4nger","description":"","publisher":{"@id":"https:\/\/www.honlufoodtrailer.com\/#organization"},"potentialAction":[{"@type":"SearchAction","target":{"@type":"EntryPoint","urlTemplate":"https:\/\/www.honlufoodtrailer.com\/?s={search_term_string}"},"query-input":{"@type":"PropertyValueSpecification","valueRequired":true,"valueName":"search_term_string"}}],"inLanguage":"de"},{"@type":"Organization","@id":"https:\/\/www.honlufoodtrailer.com\/#organization","name":"Honlu-Lebensmittelanh\u00e4nger","url":"https:\/\/www.honlufoodtrailer.com\/","logo":{"@type":"ImageObject","inLanguage":"de","@id":"https:\/\/www.honlufoodtrailer.com\/#\/schema\/logo\/image\/","url":"https:\/\/www.honlufoodtrailer.com\/wp-content\/uploads\/2021\/12\/2.gif","contentUrl":"https:\/\/www.honlufoodtrailer.com\/wp-content\/uploads\/2021\/12\/2.gif","width":350,"height":100,"caption":"Honlu food trailer"},"image":{"@id":"https:\/\/www.honlufoodtrailer.com\/#\/schema\/logo\/image\/"}}]}},"_links":{"self":[{"href":"https:\/\/www.honlufoodtrailer.com\/de\/wp-json\/wp\/v2\/product\/8337","targetHints":{"allow":["GET"]}}],"collection":[{"href":"https:\/\/www.honlufoodtrailer.com\/de\/wp-json\/wp\/v2\/product"}],"about":[{"href":"https:\/\/www.honlufoodtrailer.com\/de\/wp-json\/wp\/v2\/types\/product"}],"version-history":[{"count":0,"href":"https:\/\/www.honlufoodtrailer.com\/de\/wp-json\/wp\/v2\/product\/8337\/revisions"}],"wp:featuredmedia":[{"embeddable":true,"href":"https:\/\/www.honlufoodtrailer.com\/de\/wp-json\/wp\/v2\/media\/8343"}],"wp:attachment":[{"href":"https:\/\/www.honlufoodtrailer.com\/de\/wp-json\/wp\/v2\/media?parent=8337"}],"wp:term":[{"taxonomy":"product_brand","embeddable":true,"href":"https:\/\/www.honlufoodtrailer.com\/de\/wp-json\/wp\/v2\/product_brand?post=8337"},{"taxonomy":"product_cat","embeddable":true,"href":"https:\/\/www.honlufoodtrailer.com\/de\/wp-json\/wp\/v2\/product_cat?post=8337"},{"taxonomy":"product_tag","embeddable":true,"href":"https:\/\/www.honlufoodtrailer.com\/de\/wp-json\/wp\/v2\/product_tag?post=8337"}],"curies":[{"name":"wp","href":"https:\/\/api.w.org\/{rel}","templated":true}]}}