{"id":8600,"date":"2024-10-16T18:30:13","date_gmt":"2024-10-16T10:30:13","guid":{"rendered":"https:\/\/www.honlufoodtrailer.com\/?post_type=product&#038;p=8600"},"modified":"2025-02-14T13:56:42","modified_gmt":"2025-02-14T05:56:42","slug":"18ft-us-standard-mobile-burger-truck","status":"publish","type":"product","link":"https:\/\/www.honlufoodtrailer.com\/de\/product\/18ft-us-standard-mobile-burger-truck\/","title":{"rendered":"18 Fu\u00df US-Standard-Burgerwagen"},"content":{"rendered":"<p>Suchen Sie einen mobilen Burger-Truck? Sehen Sie sich diesen 5,5 Meter langen Burger-Truck an, den wir f\u00fcr einen unserer Kunden gefertigt haben. Wie Sie sehen, besticht dieser mobile Burger-Truck durch sein ansprechendes Design. Er wird die G\u00e4ste abends garantiert begeistern. Schauen wir uns den Burger-Truck nun genauer an. Zun\u00e4chst einige Bilder.<\/p>\n<p><img fetchpriority=\"high\" decoding=\"async\" class=\"aligncenter size-full wp-image-8634\" src=\"https:\/\/www.honlufoodtrailer.com\/wp-content\/uploads\/2024\/10\/18ft-mobile-burger-truck.jpg\" alt=\"18 Fu\u00df langer mobiler Burger-Truck\" width=\"720\" height=\"540\" srcset=\"https:\/\/www.honlufoodtrailer.com\/wp-content\/uploads\/2024\/10\/18ft-mobile-burger-truck.jpg 720w, https:\/\/www.honlufoodtrailer.com\/wp-content\/uploads\/2024\/10\/18ft-mobile-burger-truck-480x360.jpg 480w, https:\/\/www.honlufoodtrailer.com\/wp-content\/uploads\/2024\/10\/18ft-mobile-burger-truck-300x225.jpg 300w\" sizes=\"(max-width: 720px) 100vw, 720px\" \/>Auf den Bildern ist zu erkennen, dass der mobile Burger-Truck \u00fcber zwei individuell gestaltete Fenster an der Vorderseite verf\u00fcgt. Dies erleichtert den Kunden die Bestellung und Abholung ihrer Speisen. Die Aufkleber am Foodtruck wurden nach Kundenwunsch angefertigt. Da der Anh\u00e4nger 5,5 Meter lang ist, wurde er mit einer Doppelachse ausgestattet, was f\u00fcr mehr Stabilit\u00e4t und Langlebigkeit sorgt.<\/p>\n<p><img decoding=\"async\" class=\"aligncenter size-full wp-image-8608\" src=\"https:\/\/www.honlufoodtrailer.com\/wp-content\/uploads\/2024\/10\/18ft-mobile-burger-truck-front-view.jpg\" alt=\"18 Fu\u00df langer mobiler Burger-Truck, Vorderansicht\" width=\"720\" height=\"540\" srcset=\"https:\/\/www.honlufoodtrailer.com\/wp-content\/uploads\/2024\/10\/18ft-mobile-burger-truck-front-view.jpg 720w, https:\/\/www.honlufoodtrailer.com\/wp-content\/uploads\/2024\/10\/18ft-mobile-burger-truck-front-view-480x360.jpg 480w, https:\/\/www.honlufoodtrailer.com\/wp-content\/uploads\/2024\/10\/18ft-mobile-burger-truck-front-view-300x225.jpg 300w\" sizes=\"(max-width: 720px) 100vw, 720px\" \/><\/p>\n<p>Auf dem Dach des Imbisswagens haben wir das Leuchtschild nach Kundenwunsch angebracht. Am unteren Ende des Aufbaus haben wir, ebenfalls nach Kundenvorgaben, einen umlaufenden Leuchtstreifen angebracht. Dadurch wirkt der Wagen nachts besonders ansprechend. Im Inneren des Imbisswagens haben wir, ganz nach Kundenwunsch, K\u00fcchenger\u00e4te und Beleuchtung installiert. Schauen wir uns nun die Details im Inneren dieses Imbisswagens an!<\/p>\n<h3>Innendetails dieses 5,5 Meter langen mobilen Burger-Trucks<\/h3>\n<p>Weitere Details zu diesem Burger-Truck finden Sie hier. Wie Sie den Bildern unten entnehmen k\u00f6nnen, haben wir diesen Burger-Anh\u00e4nger mit grundlegenden K\u00fcchenger\u00e4ten wie Arbeitsfl\u00e4che, Sp\u00fclbecken, Gasherd, Grill, Grillplatte und Dunstabzugshaube etc. ausgestattet. Alle diese K\u00fcchenger\u00e4te entsprechen den US-Standards und den Kundenanforderungen. Ben\u00f6tigen Sie weitere K\u00fcchenger\u00e4te? Dann schauen Sie sich unser Sortiment an. <a href=\"https:\/\/www.honlufoodtrailer.com\/de\/product\/\" target=\"_blank\" rel=\"noopener\">Zusatzausr\u00fcstung<\/a> Hier.<br \/>\n<img decoding=\"async\" class=\"aligncenter size-full wp-image-8632\" src=\"https:\/\/www.honlufoodtrailer.com\/wp-content\/uploads\/2024\/10\/18ft-mobile-burger-truck-inner-details.jpg\" alt=\"Innendetails des 5,5 m langen mobilen Burger-Trucks\" width=\"800\" height=\"800\" srcset=\"https:\/\/www.honlufoodtrailer.com\/wp-content\/uploads\/2024\/10\/18ft-mobile-burger-truck-inner-details.jpg 800w, https:\/\/www.honlufoodtrailer.com\/wp-content\/uploads\/2024\/10\/18ft-mobile-burger-truck-inner-details-768x768.jpg 768w, https:\/\/www.honlufoodtrailer.com\/wp-content\/uploads\/2024\/10\/18ft-mobile-burger-truck-inner-details-360x360.jpg 360w, https:\/\/www.honlufoodtrailer.com\/wp-content\/uploads\/2024\/10\/18ft-mobile-burger-truck-inner-details-300x300.jpg 300w, https:\/\/www.honlufoodtrailer.com\/wp-content\/uploads\/2024\/10\/18ft-mobile-burger-truck-inner-details-720x720.jpg 720w, https:\/\/www.honlufoodtrailer.com\/wp-content\/uploads\/2024\/10\/18ft-mobile-burger-truck-inner-details-100x100.jpg 100w\" sizes=\"(max-width: 800px) 100vw, 800px\" \/><\/p>\n<p><img loading=\"lazy\" decoding=\"async\" class=\"aligncenter size-full wp-image-8611\" src=\"https:\/\/www.honlufoodtrailer.com\/wp-content\/uploads\/2024\/10\/18ft-mobile-burger-truck-interior-structure.jpg\" alt=\"Innenstruktur eines 18 Fu\u00df langen mobilen Burger-Trucks\" width=\"720\" height=\"540\" srcset=\"https:\/\/www.honlufoodtrailer.com\/wp-content\/uploads\/2024\/10\/18ft-mobile-burger-truck-interior-structure.jpg 720w, https:\/\/www.honlufoodtrailer.com\/wp-content\/uploads\/2024\/10\/18ft-mobile-burger-truck-interior-structure-480x360.jpg 480w, https:\/\/www.honlufoodtrailer.com\/wp-content\/uploads\/2024\/10\/18ft-mobile-burger-truck-interior-structure-300x225.jpg 300w\" sizes=\"(max-width: 720px) 100vw, 720px\" \/> <img loading=\"lazy\" decoding=\"async\" class=\"aligncenter size-full wp-image-8610\" src=\"https:\/\/www.honlufoodtrailer.com\/wp-content\/uploads\/2024\/10\/18ft-mobile-burger-truck-inner-view.jpg\" alt=\"Innenansicht eines 5,5 Meter langen mobilen Burger-Trucks\" width=\"720\" height=\"540\" srcset=\"https:\/\/www.honlufoodtrailer.com\/wp-content\/uploads\/2024\/10\/18ft-mobile-burger-truck-inner-view.jpg 720w, https:\/\/www.honlufoodtrailer.com\/wp-content\/uploads\/2024\/10\/18ft-mobile-burger-truck-inner-view-480x360.jpg 480w, https:\/\/www.honlufoodtrailer.com\/wp-content\/uploads\/2024\/10\/18ft-mobile-burger-truck-inner-view-300x225.jpg 300w\" sizes=\"(max-width: 720px) 100vw, 720px\" \/> <img loading=\"lazy\" decoding=\"async\" class=\"aligncenter size-full wp-image-8609\" src=\"https:\/\/www.honlufoodtrailer.com\/wp-content\/uploads\/2024\/10\/18ft-mobile-burger-truck-inner-structure.jpg\" alt=\"18 Fu\u00df langer mobiler Burger-Truck, Innenstruktur\" width=\"720\" height=\"540\" srcset=\"https:\/\/www.honlufoodtrailer.com\/wp-content\/uploads\/2024\/10\/18ft-mobile-burger-truck-inner-structure.jpg 720w, https:\/\/www.honlufoodtrailer.com\/wp-content\/uploads\/2024\/10\/18ft-mobile-burger-truck-inner-structure-480x360.jpg 480w, https:\/\/www.honlufoodtrailer.com\/wp-content\/uploads\/2024\/10\/18ft-mobile-burger-truck-inner-structure-300x225.jpg 300w\" sizes=\"(max-width: 720px) 100vw, 720px\" \/><br \/>\nAls Hersteller und Exporteur von Imbisswagen mit \u00fcber 10 Jahren Erfahrung k\u00f6nnen wir Sie bei der Entwicklung und Herstellung Ihres Imbisswagens unterst\u00fctzen. <a href=\"https:\/\/www.honlufoodtrailer.com\/de\/product\/\" target=\"_blank\" rel=\"noopener\">Lebensmittelanh\u00e4nger<\/a> Gem\u00e4\u00df den \u00f6rtlichen Vorschriften. Gr\u00f6\u00dfe, Farbe, Aufkleber, Beschilderung und K\u00fcchenausstattung des Imbisswagens k\u00f6nnen individuell angepasst werden. Z\u00f6gern Sie nicht, uns zu kontaktieren und uns Ihre genauen W\u00fcnsche mitzuteilen!<\/p>\n<h3>Mehr Details<\/h3>\n<p>Hier finden Sie weitere Details zu diesem 5,5 Meter langen Foodtruck. Wir gestalten den Innen- und Au\u00dfenbereich unserer Foodtrucks ganz nach Ihren W\u00fcnschen. Kontaktieren Sie uns einfach und teilen Sie uns Ihre Anforderungen mit!<br \/>\n<img loading=\"lazy\" decoding=\"async\" class=\"aligncenter size-full wp-image-8633\" src=\"https:\/\/www.honlufoodtrailer.com\/wp-content\/uploads\/2024\/10\/18ft-mobile-burger-truck-manufacture-details.jpg\" alt=\"Details zur Herstellung eines 18 Fu\u00df langen mobilen Burger-Trucks\" width=\"800\" height=\"800\" srcset=\"https:\/\/www.honlufoodtrailer.com\/wp-content\/uploads\/2024\/10\/18ft-mobile-burger-truck-manufacture-details.jpg 800w, https:\/\/www.honlufoodtrailer.com\/wp-content\/uploads\/2024\/10\/18ft-mobile-burger-truck-manufacture-details-768x768.jpg 768w, https:\/\/www.honlufoodtrailer.com\/wp-content\/uploads\/2024\/10\/18ft-mobile-burger-truck-manufacture-details-360x360.jpg 360w, https:\/\/www.honlufoodtrailer.com\/wp-content\/uploads\/2024\/10\/18ft-mobile-burger-truck-manufacture-details-300x300.jpg 300w, https:\/\/www.honlufoodtrailer.com\/wp-content\/uploads\/2024\/10\/18ft-mobile-burger-truck-manufacture-details-720x720.jpg 720w, https:\/\/www.honlufoodtrailer.com\/wp-content\/uploads\/2024\/10\/18ft-mobile-burger-truck-manufacture-details-100x100.jpg 100w\" sizes=\"(max-width: 800px) 100vw, 800px\" \/><\/p>\n<h3>Mehr Burger-Imbisswagen<\/h3>\n<p>Sehen Sie mehr von unseren mobilen Burger-Imbisswagen: <a href=\"https:\/\/www.honlufoodtrailer.com\/de\/product\/burger-van-catering-trailer\/\" target=\"_blank\" rel=\"noopener\">6 m langer Burger-Van-Catering-Anh\u00e4nger<\/a> Und <a href=\"https:\/\/www.honlufoodtrailer.com\/de\/product\/4-5m-hamburger-trailer\/\" target=\"_blank\" rel=\"noopener\">4,5 m Burgerstation<\/a>.<\/p>\n<figure id=\"attachment_7948\" aria-describedby=\"caption-attachment-7948\" style=\"width: 720px\" class=\"wp-caption aligncenter\"><a href=\"https:\/\/www.honlufoodtrailer.com\/de\/product\/burger-van-catering-trailer\/\" target=\"_blank\" rel=\"noopener\"><img loading=\"lazy\" decoding=\"async\" class=\"wp-image-7948 size-full\" src=\"https:\/\/www.honlufoodtrailer.com\/wp-content\/uploads\/2024\/07\/6m-burger-van-trailer-for-sale.jpg\" alt=\"6m Burger-Van-Anh\u00e4nger zu verkaufen\" width=\"720\" height=\"540\" srcset=\"https:\/\/www.honlufoodtrailer.com\/wp-content\/uploads\/2024\/07\/6m-burger-van-trailer-for-sale.jpg 720w, https:\/\/www.honlufoodtrailer.com\/wp-content\/uploads\/2024\/07\/6m-burger-van-trailer-for-sale-480x360.jpg 480w, https:\/\/www.honlufoodtrailer.com\/wp-content\/uploads\/2024\/07\/6m-burger-van-trailer-for-sale-300x225.jpg 300w\" sizes=\"(max-width: 720px) 100vw, 720px\" \/><\/a><figcaption id=\"caption-attachment-7948\" class=\"wp-caption-text\">6m Burger-Van-Anh\u00e4nger zu verkaufen<\/figcaption><\/figure>\n<p><figure id=\"attachment_7968\" aria-describedby=\"caption-attachment-7968\" style=\"width: 720px\" class=\"wp-caption aligncenter\"><img loading=\"lazy\" decoding=\"async\" class=\"wp-image-7968 size-full\" src=\"https:\/\/www.honlufoodtrailer.com\/wp-content\/uploads\/2024\/07\/4.5m-hamburger-trailer.jpg\" alt=\"4,5 m langer Hamburger-Anh\u00e4nger\" width=\"720\" height=\"540\" srcset=\"https:\/\/www.honlufoodtrailer.com\/wp-content\/uploads\/2024\/07\/4.5m-hamburger-trailer.jpg 720w, https:\/\/www.honlufoodtrailer.com\/wp-content\/uploads\/2024\/07\/4.5m-hamburger-trailer-480x360.jpg 480w, https:\/\/www.honlufoodtrailer.com\/wp-content\/uploads\/2024\/07\/4.5m-hamburger-trailer-300x225.jpg 300w\" sizes=\"(max-width: 720px) 100vw, 720px\" \/><figcaption id=\"caption-attachment-7968\" class=\"wp-caption-text\">4,5 m langer Hamburger-Anh\u00e4nger<\/figcaption><\/figure><br \/>\nWenn Sie sich f\u00fcr einen unserer Imbisswagen interessieren oder einen individuell angefertigten w\u00fcnschen, z\u00f6gern Sie nicht, uns jetzt zu kontaktieren! Hinterlassen Sie einfach eine Nachricht im untenstehenden Formular, wir werden Ihnen schnellstm\u00f6glich antworten.<\/p>","protected":false},"excerpt":{"rendered":"<p>Das ist\u00a0<span style=\"box-sizing: border-box; margin: 0px; padding: 0px;\">Ein individuell gefertigter, 5,5 Meter langer mobiler Burger-Truck steht zum Verkauf. Es handelt sich um ein beliebtes Modell f\u00fcr alle, die ein mobiles Imbisswagen-Gesch\u00e4ft gr\u00fcnden m\u00f6chten. <strong>Bitte klicken Sie auf die folgenden Registerkarten, um weitere Details zu diesem Imbisswagen zu sehen.<\/strong>. Wir k\u00f6nnen einen \u00e4hnlichen Burger-Imbisswagen wie diesen herstellen.<\/span>\u00a0Oder wir erstellen Ihnen ein individuelles Design. Bitte kontaktieren Sie uns und teilen Sie uns Ihre genauen W\u00fcnsche mit. Z\u00f6gern Sie nicht, uns jetzt zu kontaktieren!<\/p>","protected":false},"featured_media":8607,"template":"","meta":{"_themeisle_gutenberg_block_has_review":false},"product_brand":[],"product_cat":[26],"product_tag":[83,98],"class_list":{"0":"post-8600","1":"product","2":"type-product","3":"status-publish","4":"has-post-thumbnail","6":"product_cat-product","7":"product_tag-18ft-food-trailer","8":"product_tag-burger-trailer","10":"first","11":"instock","12":"featured","13":"shipping-taxable","14":"product-type-simple"},"yoast_head":"<!-- This site is optimized with the Yoast SEO plugin v27.5 - https:\/\/yoast.com\/product\/yoast-seo-wordpress\/ -->\n<title>Mobile Burger Truck from China - Honlu Food Trailer<\/title>\n<meta name=\"description\" content=\"Looking for a mobile burger truck for sale? see this one here! Get a similar or customized one at a reasonable price now!\" \/>\n<meta name=\"robots\" content=\"index, follow, max-snippet:-1, max-image-preview:large, max-video-preview:-1\" \/>\n<link rel=\"canonical\" href=\"https:\/\/www.honlufoodtrailer.com\/de\/product\/18ft-us-standard-mobile-burger-truck\/\" \/>\n<meta property=\"og:locale\" content=\"de_DE\" \/>\n<meta property=\"og:type\" content=\"article\" \/>\n<meta property=\"og:title\" content=\"Mobile Burger Truck from China - Honlu Food Trailer\" \/>\n<meta property=\"og:description\" content=\"Looking for a mobile burger truck for sale? see this one here! Get a similar or customized one at a reasonable price now!\" \/>\n<meta property=\"og:url\" content=\"https:\/\/www.honlufoodtrailer.com\/de\/product\/18ft-us-standard-mobile-burger-truck\/\" \/>\n<meta property=\"og:site_name\" content=\"Honlu food trailer\" \/>\n<meta property=\"article:modified_time\" content=\"2025-02-14T05:56:42+00:00\" \/>\n<meta property=\"og:image\" content=\"https:\/\/www.honlufoodtrailer.com\/wp-content\/uploads\/2024\/10\/18ft-mobile-burger-truck-for-sale.jpg\" \/>\n\t<meta property=\"og:image:width\" content=\"720\" \/>\n\t<meta property=\"og:image:height\" content=\"540\" \/>\n\t<meta property=\"og:image:type\" content=\"image\/jpeg\" \/>\n<meta name=\"twitter:card\" content=\"summary_large_image\" \/>\n<meta name=\"twitter:label1\" content=\"Gesch\u00e4tzte Lesezeit\" \/>\n\t<meta name=\"twitter:data1\" content=\"1\u00a0Minute\" \/>\n<script type=\"application\/ld+json\" class=\"yoast-schema-graph\">{\"@context\":\"https:\\\/\\\/schema.org\",\"@graph\":[{\"@type\":\"WebPage\",\"@id\":\"https:\\\/\\\/www.honlufoodtrailer.com\\\/product\\\/18ft-us-standard-mobile-burger-truck\\\/\",\"url\":\"https:\\\/\\\/www.honlufoodtrailer.com\\\/product\\\/18ft-us-standard-mobile-burger-truck\\\/\",\"name\":\"Mobile Burger Truck from China - Honlu Food Trailer\",\"isPartOf\":{\"@id\":\"https:\\\/\\\/www.honlufoodtrailer.com\\\/#website\"},\"primaryImageOfPage\":{\"@id\":\"https:\\\/\\\/www.honlufoodtrailer.com\\\/product\\\/18ft-us-standard-mobile-burger-truck\\\/#primaryimage\"},\"image\":{\"@id\":\"https:\\\/\\\/www.honlufoodtrailer.com\\\/product\\\/18ft-us-standard-mobile-burger-truck\\\/#primaryimage\"},\"thumbnailUrl\":\"https:\\\/\\\/www.honlufoodtrailer.com\\\/wp-content\\\/uploads\\\/2024\\\/10\\\/18ft-mobile-burger-truck-for-sale.jpg\",\"datePublished\":\"2024-10-16T10:30:13+00:00\",\"dateModified\":\"2025-02-14T05:56:42+00:00\",\"description\":\"Looking for a mobile burger truck for sale? see this one here! Get a similar or customized one at a reasonable price now!\",\"breadcrumb\":{\"@id\":\"https:\\\/\\\/www.honlufoodtrailer.com\\\/product\\\/18ft-us-standard-mobile-burger-truck\\\/#breadcrumb\"},\"inLanguage\":\"de\",\"potentialAction\":[{\"@type\":\"ReadAction\",\"target\":[\"https:\\\/\\\/www.honlufoodtrailer.com\\\/product\\\/18ft-us-standard-mobile-burger-truck\\\/\"]}]},{\"@type\":\"ImageObject\",\"inLanguage\":\"de\",\"@id\":\"https:\\\/\\\/www.honlufoodtrailer.com\\\/product\\\/18ft-us-standard-mobile-burger-truck\\\/#primaryimage\",\"url\":\"https:\\\/\\\/www.honlufoodtrailer.com\\\/wp-content\\\/uploads\\\/2024\\\/10\\\/18ft-mobile-burger-truck-for-sale.jpg\",\"contentUrl\":\"https:\\\/\\\/www.honlufoodtrailer.com\\\/wp-content\\\/uploads\\\/2024\\\/10\\\/18ft-mobile-burger-truck-for-sale.jpg\",\"width\":720,\"height\":540,\"caption\":\"18ft mobile burger truck for sale\"},{\"@type\":\"BreadcrumbList\",\"@id\":\"https:\\\/\\\/www.honlufoodtrailer.com\\\/product\\\/18ft-us-standard-mobile-burger-truck\\\/#breadcrumb\",\"itemListElement\":[{\"@type\":\"ListItem\",\"position\":1,\"name\":\"Home\",\"item\":\"https:\\\/\\\/www.honlufoodtrailer.com\\\/\"},{\"@type\":\"ListItem\",\"position\":2,\"name\":\"\u4ea7\u54c1\",\"item\":\"https:\\\/\\\/www.honlufoodtrailer.com\\\/shop\\\/\"},{\"@type\":\"ListItem\",\"position\":3,\"name\":\"18ft Us Standard Mobile Burger Truck\"}]},{\"@type\":\"WebSite\",\"@id\":\"https:\\\/\\\/www.honlufoodtrailer.com\\\/#website\",\"url\":\"https:\\\/\\\/www.honlufoodtrailer.com\\\/\",\"name\":\"Honlu food trailer\",\"description\":\"\",\"publisher\":{\"@id\":\"https:\\\/\\\/www.honlufoodtrailer.com\\\/#organization\"},\"potentialAction\":[{\"@type\":\"SearchAction\",\"target\":{\"@type\":\"EntryPoint\",\"urlTemplate\":\"https:\\\/\\\/www.honlufoodtrailer.com\\\/?s={search_term_string}\"},\"query-input\":{\"@type\":\"PropertyValueSpecification\",\"valueRequired\":true,\"valueName\":\"search_term_string\"}}],\"inLanguage\":\"de\"},{\"@type\":\"Organization\",\"@id\":\"https:\\\/\\\/www.honlufoodtrailer.com\\\/#organization\",\"name\":\"Honlu food trailer\",\"url\":\"https:\\\/\\\/www.honlufoodtrailer.com\\\/\",\"logo\":{\"@type\":\"ImageObject\",\"inLanguage\":\"de\",\"@id\":\"https:\\\/\\\/www.honlufoodtrailer.com\\\/#\\\/schema\\\/logo\\\/image\\\/\",\"url\":\"https:\\\/\\\/www.honlufoodtrailer.com\\\/wp-content\\\/uploads\\\/2021\\\/12\\\/2.gif\",\"contentUrl\":\"https:\\\/\\\/www.honlufoodtrailer.com\\\/wp-content\\\/uploads\\\/2021\\\/12\\\/2.gif\",\"width\":350,\"height\":100,\"caption\":\"Honlu food trailer\"},\"image\":{\"@id\":\"https:\\\/\\\/www.honlufoodtrailer.com\\\/#\\\/schema\\\/logo\\\/image\\\/\"}}]}<\/script>\n<!-- \/ Yoast SEO plugin. -->","yoast_head_json":{"title":"Mobiler Burger-Truck aus China \u2013 Honlu Food Trailer","description":"Suchen Sie einen mobilen Burger-Truck? Hier ist er! Holen Sie sich jetzt einen \u00e4hnlichen oder individuell gestalteten Truck zu einem fairen Preis!","robots":{"index":"index","follow":"follow","max-snippet":"max-snippet:-1","max-image-preview":"max-image-preview:large","max-video-preview":"max-video-preview:-1"},"canonical":"https:\/\/www.honlufoodtrailer.com\/de\/product\/18ft-us-standard-mobile-burger-truck\/","og_locale":"de_DE","og_type":"article","og_title":"Mobile Burger Truck from China - Honlu Food Trailer","og_description":"Looking for a mobile burger truck for sale? see this one here! Get a similar or customized one at a reasonable price now!","og_url":"https:\/\/www.honlufoodtrailer.com\/de\/product\/18ft-us-standard-mobile-burger-truck\/","og_site_name":"Honlu food trailer","article_modified_time":"2025-02-14T05:56:42+00:00","og_image":[{"width":720,"height":540,"url":"https:\/\/www.honlufoodtrailer.com\/wp-content\/uploads\/2024\/10\/18ft-mobile-burger-truck-for-sale.jpg","type":"image\/jpeg"}],"twitter_card":"summary_large_image","twitter_misc":{"Gesch\u00e4tzte Lesezeit":"1\u00a0Minute"},"schema":{"@context":"https:\/\/schema.org","@graph":[{"@type":"WebPage","@id":"https:\/\/www.honlufoodtrailer.com\/product\/18ft-us-standard-mobile-burger-truck\/","url":"https:\/\/www.honlufoodtrailer.com\/product\/18ft-us-standard-mobile-burger-truck\/","name":"Mobiler Burger-Truck aus China \u2013 Honlu Food Trailer","isPartOf":{"@id":"https:\/\/www.honlufoodtrailer.com\/#website"},"primaryImageOfPage":{"@id":"https:\/\/www.honlufoodtrailer.com\/product\/18ft-us-standard-mobile-burger-truck\/#primaryimage"},"image":{"@id":"https:\/\/www.honlufoodtrailer.com\/product\/18ft-us-standard-mobile-burger-truck\/#primaryimage"},"thumbnailUrl":"https:\/\/www.honlufoodtrailer.com\/wp-content\/uploads\/2024\/10\/18ft-mobile-burger-truck-for-sale.jpg","datePublished":"2024-10-16T10:30:13+00:00","dateModified":"2025-02-14T05:56:42+00:00","description":"Suchen Sie einen mobilen Burger-Truck? Hier ist er! Holen Sie sich jetzt einen \u00e4hnlichen oder individuell gestalteten Truck zu einem fairen Preis!","breadcrumb":{"@id":"https:\/\/www.honlufoodtrailer.com\/product\/18ft-us-standard-mobile-burger-truck\/#breadcrumb"},"inLanguage":"de","potentialAction":[{"@type":"ReadAction","target":["https:\/\/www.honlufoodtrailer.com\/product\/18ft-us-standard-mobile-burger-truck\/"]}]},{"@type":"ImageObject","inLanguage":"de","@id":"https:\/\/www.honlufoodtrailer.com\/product\/18ft-us-standard-mobile-burger-truck\/#primaryimage","url":"https:\/\/www.honlufoodtrailer.com\/wp-content\/uploads\/2024\/10\/18ft-mobile-burger-truck-for-sale.jpg","contentUrl":"https:\/\/www.honlufoodtrailer.com\/wp-content\/uploads\/2024\/10\/18ft-mobile-burger-truck-for-sale.jpg","width":720,"height":540,"caption":"18ft mobile burger truck for sale"},{"@type":"BreadcrumbList","@id":"https:\/\/www.honlufoodtrailer.com\/product\/18ft-us-standard-mobile-burger-truck\/#breadcrumb","itemListElement":[{"@type":"ListItem","position":1,"name":"Home","item":"https:\/\/www.honlufoodtrailer.com\/"},{"@type":"ListItem","position":2,"name":"\u4ea7\u54c1","item":"https:\/\/www.honlufoodtrailer.com\/shop\/"},{"@type":"ListItem","position":3,"name":"18ft Us Standard Mobile Burger Truck"}]},{"@type":"WebSite","@id":"https:\/\/www.honlufoodtrailer.com\/#website","url":"https:\/\/www.honlufoodtrailer.com\/","name":"Honlu-Lebensmittelanh\u00e4nger","description":"","publisher":{"@id":"https:\/\/www.honlufoodtrailer.com\/#organization"},"potentialAction":[{"@type":"SearchAction","target":{"@type":"EntryPoint","urlTemplate":"https:\/\/www.honlufoodtrailer.com\/?s={search_term_string}"},"query-input":{"@type":"PropertyValueSpecification","valueRequired":true,"valueName":"search_term_string"}}],"inLanguage":"de"},{"@type":"Organization","@id":"https:\/\/www.honlufoodtrailer.com\/#organization","name":"Honlu-Lebensmittelanh\u00e4nger","url":"https:\/\/www.honlufoodtrailer.com\/","logo":{"@type":"ImageObject","inLanguage":"de","@id":"https:\/\/www.honlufoodtrailer.com\/#\/schema\/logo\/image\/","url":"https:\/\/www.honlufoodtrailer.com\/wp-content\/uploads\/2021\/12\/2.gif","contentUrl":"https:\/\/www.honlufoodtrailer.com\/wp-content\/uploads\/2021\/12\/2.gif","width":350,"height":100,"caption":"Honlu food trailer"},"image":{"@id":"https:\/\/www.honlufoodtrailer.com\/#\/schema\/logo\/image\/"}}]}},"_links":{"self":[{"href":"https:\/\/www.honlufoodtrailer.com\/de\/wp-json\/wp\/v2\/product\/8600","targetHints":{"allow":["GET"]}}],"collection":[{"href":"https:\/\/www.honlufoodtrailer.com\/de\/wp-json\/wp\/v2\/product"}],"about":[{"href":"https:\/\/www.honlufoodtrailer.com\/de\/wp-json\/wp\/v2\/types\/product"}],"version-history":[{"count":0,"href":"https:\/\/www.honlufoodtrailer.com\/de\/wp-json\/wp\/v2\/product\/8600\/revisions"}],"wp:featuredmedia":[{"embeddable":true,"href":"https:\/\/www.honlufoodtrailer.com\/de\/wp-json\/wp\/v2\/media\/8607"}],"wp:attachment":[{"href":"https:\/\/www.honlufoodtrailer.com\/de\/wp-json\/wp\/v2\/media?parent=8600"}],"wp:term":[{"taxonomy":"product_brand","embeddable":true,"href":"https:\/\/www.honlufoodtrailer.com\/de\/wp-json\/wp\/v2\/product_brand?post=8600"},{"taxonomy":"product_cat","embeddable":true,"href":"https:\/\/www.honlufoodtrailer.com\/de\/wp-json\/wp\/v2\/product_cat?post=8600"},{"taxonomy":"product_tag","embeddable":true,"href":"https:\/\/www.honlufoodtrailer.com\/de\/wp-json\/wp\/v2\/product_tag?post=8600"}],"curies":[{"name":"wp","href":"https:\/\/api.w.org\/{rel}","templated":true}]}}