{"id":8947,"date":"2024-11-23T16:45:00","date_gmt":"2024-11-23T08:45:00","guid":{"rendered":"https:\/\/www.honlufoodtrailer.com\/?post_type=product&#038;p=8947"},"modified":"2025-02-20T15:23:37","modified_gmt":"2025-02-20T07:23:37","slug":"4m-horse-trailer-bar","status":"publish","type":"product","link":"https:\/\/www.honlufoodtrailer.com\/de\/product\/4m-horse-trailer-bar\/","title":{"rendered":"4m Horse Trailer Bar"},"content":{"rendered":"<p data-spm-anchor-id=\"a2700.wholesale.0.i28.29e52808agqc7f\">Are you looking for a horse trailer bar? See this 4m mobile horse trailer bar here! It is one of the food trailers we have customized for our customers. Now, let&#8217;s see more details about it!<\/p>\n<p data-spm-anchor-id=\"a2700.wholesale.0.i28.29e52808agqc7f\"><img fetchpriority=\"high\" decoding=\"async\" class=\"aligncenter size-full wp-image-8955\" src=\"https:\/\/www.honlufoodtrailer.com\/wp-content\/uploads\/2024\/11\/4m-horse-trailer-mobile-bar.jpg\" alt=\"4m horse trailer mobile bar\" width=\"720\" height=\"540\" srcset=\"https:\/\/www.honlufoodtrailer.com\/wp-content\/uploads\/2024\/11\/4m-horse-trailer-mobile-bar.jpg 720w, https:\/\/www.honlufoodtrailer.com\/wp-content\/uploads\/2024\/11\/4m-horse-trailer-mobile-bar-480x360.jpg 480w, https:\/\/www.honlufoodtrailer.com\/wp-content\/uploads\/2024\/11\/4m-horse-trailer-mobile-bar-300x225.jpg 300w\" sizes=\"(max-width: 720px) 100vw, 720px\" \/> <img decoding=\"async\" class=\"aligncenter size-full wp-image-8954\" src=\"https:\/\/www.honlufoodtrailer.com\/wp-content\/uploads\/2024\/11\/4m-horse-trailer-bar.jpg\" alt=\"4m horse trailer bar\" width=\"720\" height=\"540\" srcset=\"https:\/\/www.honlufoodtrailer.com\/wp-content\/uploads\/2024\/11\/4m-horse-trailer-bar.jpg 720w, https:\/\/www.honlufoodtrailer.com\/wp-content\/uploads\/2024\/11\/4m-horse-trailer-bar-480x360.jpg 480w, https:\/\/www.honlufoodtrailer.com\/wp-content\/uploads\/2024\/11\/4m-horse-trailer-bar-300x225.jpg 300w\" sizes=\"(max-width: 720px) 100vw, 720px\" \/><\/p>\n<p data-spm-anchor-id=\"a2700.wholesale.0.i28.29e52808agqc7f\">As we can see from the pictures above, the whole body of this food trailer is white. There are two service area, a service window and a back service area. When the window is opened, a tabletop can be formed below. It will be very convenient for diners to order and pick up their meals. Next, let&#8217;s see the inner details of this mobile restaurant trailer.<\/p>\n<h3>Inner Details of the 4m Horse Trailer Bar<\/h3>\n<p data-spm-anchor-id=\"a2700.wholesale.0.i28.29e52808agqc7f\">As we can see from the pictures below, we have equipped the food trailer with some kitchen equipment according to the customer&#8217;s requirements. The kitchen equipment includes 3+1 sinks with hot and cold water tap, an air conditioner, a food prep table, a fridge, etc.<\/p>\n<p data-spm-anchor-id=\"a2700.wholesale.0.i28.29e52808agqc7f\"><img decoding=\"async\" class=\"aligncenter size-full wp-image-8943\" src=\"https:\/\/www.honlufoodtrailer.com\/wp-content\/uploads\/2024\/11\/4m-horse-trailer-inner-details.jpg\" alt=\"4m horse trailer inner details\" width=\"800\" height=\"800\" srcset=\"https:\/\/www.honlufoodtrailer.com\/wp-content\/uploads\/2024\/11\/4m-horse-trailer-inner-details.jpg 800w, https:\/\/www.honlufoodtrailer.com\/wp-content\/uploads\/2024\/11\/4m-horse-trailer-inner-details-768x768.jpg 768w, https:\/\/www.honlufoodtrailer.com\/wp-content\/uploads\/2024\/11\/4m-horse-trailer-inner-details-360x360.jpg 360w, https:\/\/www.honlufoodtrailer.com\/wp-content\/uploads\/2024\/11\/4m-horse-trailer-inner-details-300x300.jpg 300w, https:\/\/www.honlufoodtrailer.com\/wp-content\/uploads\/2024\/11\/4m-horse-trailer-inner-details-720x720.jpg 720w, https:\/\/www.honlufoodtrailer.com\/wp-content\/uploads\/2024\/11\/4m-horse-trailer-inner-details-100x100.jpg 100w\" sizes=\"(max-width: 800px) 100vw, 800px\" \/><\/p>\n<p data-spm-anchor-id=\"a2700.wholesale.0.i28.29e52808agqc7f\">Die gesamte K\u00fcchenausstattung wird entsprechend den \u00f6rtlichen Normen angepasst. Als Hersteller und Exporteur von Lebensmittelanh\u00e4ngern mit mehr als 10 Jahren Erfahrung k\u00f6nnen wir Ihnen helfen, Ihren Lebensmittelanh\u00e4nger nach Ihren lokalen Standards zu entwerfen und herzustellen. Die Gr\u00f6\u00dfe, die Farbe des Aufbaus, die Aufkleber, die Beschilderung und die K\u00fcchenausstattung des Lebensmittelanh\u00e4ngers k\u00f6nnen individuell angepasst werden. Z\u00f6gern Sie nicht, uns zu kontaktieren und uns Ihre detaillierten Anforderungen mitzuteilen!<\/p>\n<h3>More Details of the 4m Mobile Horse Trailer Bar<\/h3>\n<p>See more details of the axles, fan, tow bar, external power supply, side light etc. All of them are made according to the customer&#8217;s requirements.<\/p>\n<h3 data-spm-anchor-id=\"a2700.wholesale.0.i28.29e52808agqc7f\"><img loading=\"lazy\" decoding=\"async\" class=\"aligncenter size-full wp-image-8942\" src=\"https:\/\/www.honlufoodtrailer.com\/wp-content\/uploads\/2024\/11\/4m-horse-trailer-details.jpg\" alt=\"4m horse trailer details\" width=\"800\" height=\"800\" srcset=\"https:\/\/www.honlufoodtrailer.com\/wp-content\/uploads\/2024\/11\/4m-horse-trailer-details.jpg 800w, https:\/\/www.honlufoodtrailer.com\/wp-content\/uploads\/2024\/11\/4m-horse-trailer-details-768x768.jpg 768w, https:\/\/www.honlufoodtrailer.com\/wp-content\/uploads\/2024\/11\/4m-horse-trailer-details-360x360.jpg 360w, https:\/\/www.honlufoodtrailer.com\/wp-content\/uploads\/2024\/11\/4m-horse-trailer-details-300x300.jpg 300w, https:\/\/www.honlufoodtrailer.com\/wp-content\/uploads\/2024\/11\/4m-horse-trailer-details-720x720.jpg 720w, https:\/\/www.honlufoodtrailer.com\/wp-content\/uploads\/2024\/11\/4m-horse-trailer-details-100x100.jpg 100w\" sizes=\"(max-width: 800px) 100vw, 800px\" \/><\/h3>\n<h3 class=\"magic-6\" data-spm-anchor-id=\"a2700.wholesale.0.i28.29e52808agqc7f\">Main Features of this Horse Trailer Bar<\/h3>\n<div class=\"magic-7\">\n<div class=\"magic-8\">\n<div class=\"magic-9\" data-id=\"paragraph0\">\n<ol>\n<li>Fashionable appearance, unique design, which is attractive;<\/li>\n<li>Er ist aus rostfreiem Stahl gefertigt, langlebig und korrosionsbest\u00e4ndig;<\/li>\n<li>Modernes und fortschrittliches Zubeh\u00f6r im Konzessionsanh\u00e4nger;<\/li>\n<li>Bequem und leicht zu bewegen;<\/li>\n<\/ol>\n<h3>Customer&#8217;s Review<\/h3>\n<p>&#8220;The pictures provided by my supplier reflects the design inspirations that I provided. I just received the trailer &amp; am looking forward to opening the container &amp; seeing my trailer. Very exciting!&#8221; our customer said.<br \/>\n<img loading=\"lazy\" decoding=\"async\" src=\"https:\/\/www.honlufoodtrailer.com\/wp-content\/uploads\/2024\/11\/horse-trailer-review.png\" alt=\"horse trailer review\" width=\"952\" height=\"394\" class=\"aligncenter size-full wp-image-11159\" srcset=\"https:\/\/www.honlufoodtrailer.com\/wp-content\/uploads\/2024\/11\/horse-trailer-review.png 952w, https:\/\/www.honlufoodtrailer.com\/wp-content\/uploads\/2024\/11\/horse-trailer-review-768x318.png 768w, https:\/\/www.honlufoodtrailer.com\/wp-content\/uploads\/2024\/11\/horse-trailer-review-480x199.png 480w, https:\/\/www.honlufoodtrailer.com\/wp-content\/uploads\/2024\/11\/horse-trailer-review-300x124.png 300w, https:\/\/www.honlufoodtrailer.com\/wp-content\/uploads\/2024\/11\/horse-trailer-review-720x298.png 720w\" sizes=\"(max-width: 952px) 100vw, 952px\" \/><\/p>\n<h3>Kostenlose 2D\/3D-Grundrisszeichnung<\/h3>\n<p>F\u00fcr Kunden, die unsere Food-Trailer bestellt haben, bieten wir kostenlose 2D\/3D-Zeichnungen. Nach Best\u00e4tigung der Abmessungen des Lebensmittelanh\u00e4ngers und der internen K\u00fcchenausstattung k\u00f6nnen wir Ihnen kostenlos 3D-Zeichnungen zur Verf\u00fcgung stellen. So k\u00f6nnen Sie sich ein genaueres Bild von Ihrem Entwurf und Ihrem Speisewagen machen. Wenn wir den Standort der K\u00fcchenger\u00e4te best\u00e4tigen, k\u00f6nnen wir uns anhand des Grundrisses klar mit Ihnen verst\u00e4ndigen. Wir k\u00f6nnen Ihnen auch Originaldokumente zur Verf\u00fcgung stellen, um Ihre Planung zu erleichtern und Anpassungen vorzunehmen.<\/p>\n<h3>See More Of Our Restaurant Trailers<\/h3>\n<p><a href=\"https:\/\/www.honlufoodtrailer.com\/de\/product\/3-5m-fast-food-caravan\/\" target=\"_blank\" rel=\"noopener\">3,5 m Fastfood-Anh\u00e4nger<\/a><\/p>\n<p><a href=\"https:\/\/www.honlufoodtrailer.com\/de\/product\/3-5m-fast-food-caravan\/\"><img loading=\"lazy\" decoding=\"async\" class=\"aligncenter wp-image-7979 size-full\" src=\"https:\/\/www.honlufoodtrailer.com\/wp-content\/uploads\/2024\/07\/3.5m-fast-food-caravan-night-view.jpg\" alt=\"3.5m Fast Food Wohnwagen Nachtansicht\" width=\"720\" height=\"540\" srcset=\"https:\/\/www.honlufoodtrailer.com\/wp-content\/uploads\/2024\/07\/3.5m-fast-food-caravan-night-view.jpg 720w, https:\/\/www.honlufoodtrailer.com\/wp-content\/uploads\/2024\/07\/3.5m-fast-food-caravan-night-view-480x360.jpg 480w, https:\/\/www.honlufoodtrailer.com\/wp-content\/uploads\/2024\/07\/3.5m-fast-food-caravan-night-view-300x225.jpg 300w\" sizes=\"(max-width: 720px) 100vw, 720px\" \/><\/a><br \/>\n<a href=\"https:\/\/www.honlufoodtrailer.com\/de\/product\/18ft-mobile-fast-food-trailer-for-sale\/\" target=\"_blank\" rel=\"noopener\">18-Fu\u00df-Fastfood-Truck<\/a><\/p>\n<p><a href=\"https:\/\/www.honlufoodtrailer.com\/de\/product\/18ft-mobile-fast-food-trailer-for-sale\/\"><img loading=\"lazy\" decoding=\"async\" class=\"aligncenter wp-image-6013 size-full\" src=\"https:\/\/www.honlufoodtrailer.com\/wp-content\/uploads\/2023\/11\/18ft-fast-food-trailer-on-sale.jpg\" alt=\"18ft fast food trailer zu verkaufen\" width=\"720\" height=\"540\" srcset=\"https:\/\/www.honlufoodtrailer.com\/wp-content\/uploads\/2023\/11\/18ft-fast-food-trailer-on-sale.jpg 720w, https:\/\/www.honlufoodtrailer.com\/wp-content\/uploads\/2023\/11\/18ft-fast-food-trailer-on-sale-480x360.jpg 480w, https:\/\/www.honlufoodtrailer.com\/wp-content\/uploads\/2023\/11\/18ft-fast-food-trailer-on-sale-300x225.jpg 300w\" sizes=\"(max-width: 720px) 100vw, 720px\" \/><\/a><\/p>\n<\/div>\n<\/div>\n<\/div>","protected":false},"excerpt":{"rendered":"<p>This is one of our custom-made 4m mobile horse trailer bar. It is a good choice for starting a food trailer business. <strong>Please click the following tabs to see more details of this mobile trailer bar.<\/strong>\u00a0. Dar\u00fcber hinaus k\u00f6nnen wir einen \u00e4hnlichen Schnellimbisswagen wie diesen herstellen oder einen f\u00fcr Sie anpassen. Die Farbe des Aufbaus, die Aufkleber, die Beschilderung und die K\u00fcchenausstattung des Food-Trailers k\u00f6nnen individuell angepasst werden. Z\u00f6gern Sie nicht, uns zu kontaktieren!<\/p>","protected":false},"featured_media":8954,"template":"","meta":{"_themeisle_gutenberg_block_has_review":false},"product_brand":[],"product_cat":[26],"product_tag":[82,95,88],"class_list":{"0":"post-8947","1":"product","2":"type-product","3":"status-publish","4":"has-post-thumbnail","6":"product_cat-product","7":"product_tag-13ft-food-trailer","8":"product_tag-bar-trailer","9":"product_tag-horse-trailer","11":"first","12":"instock","13":"featured","14":"shipping-taxable","15":"product-type-simple"},"yoast_head":"<!-- This site is optimized with the Yoast SEO plugin v27.5 - https:\/\/yoast.com\/product\/yoast-seo-wordpress\/ -->\n<title>4m Mobile Horse Trailer Bar For Sale - Honlu Food Trailer<\/title>\n<meta name=\"description\" content=\"This is a 4m horse trailer bar for sale we have customized for a customer. See details! Get a similar or customized one at factory price now!\" \/>\n<meta name=\"robots\" content=\"index, follow, max-snippet:-1, max-image-preview:large, max-video-preview:-1\" \/>\n<link rel=\"canonical\" href=\"https:\/\/www.honlufoodtrailer.com\/de\/product\/4m-horse-trailer-bar\/\" \/>\n<meta property=\"og:locale\" content=\"de_DE\" \/>\n<meta property=\"og:type\" content=\"article\" \/>\n<meta property=\"og:title\" content=\"4m Mobile Horse Trailer Bar For Sale - Honlu Food Trailer\" \/>\n<meta property=\"og:description\" content=\"This is a 4m horse trailer bar for sale we have customized for a customer. See details! Get a similar or customized one at factory price now!\" \/>\n<meta property=\"og:url\" content=\"https:\/\/www.honlufoodtrailer.com\/de\/product\/4m-horse-trailer-bar\/\" \/>\n<meta property=\"og:site_name\" content=\"Honlu food trailer\" \/>\n<meta property=\"article:modified_time\" content=\"2025-02-20T07:23:37+00:00\" \/>\n<meta property=\"og:image\" content=\"https:\/\/www.honlufoodtrailer.com\/wp-content\/uploads\/2024\/11\/4m-horse-trailer-bar.jpg\" \/>\n\t<meta property=\"og:image:width\" content=\"720\" \/>\n\t<meta property=\"og:image:height\" content=\"540\" \/>\n\t<meta property=\"og:image:type\" content=\"image\/jpeg\" \/>\n<meta name=\"twitter:card\" content=\"summary_large_image\" \/>\n<meta name=\"twitter:label1\" content=\"Gesch\u00e4tzte Lesezeit\" \/>\n\t<meta name=\"twitter:data1\" content=\"1\u00a0Minute\" \/>\n<script type=\"application\/ld+json\" class=\"yoast-schema-graph\">{\"@context\":\"https:\\\/\\\/schema.org\",\"@graph\":[{\"@type\":\"WebPage\",\"@id\":\"https:\\\/\\\/www.honlufoodtrailer.com\\\/product\\\/4m-horse-trailer-bar\\\/\",\"url\":\"https:\\\/\\\/www.honlufoodtrailer.com\\\/product\\\/4m-horse-trailer-bar\\\/\",\"name\":\"4m Mobile Horse Trailer Bar For Sale - Honlu Food Trailer\",\"isPartOf\":{\"@id\":\"https:\\\/\\\/www.honlufoodtrailer.com\\\/#website\"},\"primaryImageOfPage\":{\"@id\":\"https:\\\/\\\/www.honlufoodtrailer.com\\\/product\\\/4m-horse-trailer-bar\\\/#primaryimage\"},\"image\":{\"@id\":\"https:\\\/\\\/www.honlufoodtrailer.com\\\/product\\\/4m-horse-trailer-bar\\\/#primaryimage\"},\"thumbnailUrl\":\"https:\\\/\\\/www.honlufoodtrailer.com\\\/wp-content\\\/uploads\\\/2024\\\/11\\\/4m-horse-trailer-bar.jpg\",\"datePublished\":\"2024-11-23T08:45:00+00:00\",\"dateModified\":\"2025-02-20T07:23:37+00:00\",\"description\":\"This is a 4m horse trailer bar for sale we have customized for a customer. See details! Get a similar or customized one at factory price now!\",\"breadcrumb\":{\"@id\":\"https:\\\/\\\/www.honlufoodtrailer.com\\\/product\\\/4m-horse-trailer-bar\\\/#breadcrumb\"},\"inLanguage\":\"de\",\"potentialAction\":[{\"@type\":\"ReadAction\",\"target\":[\"https:\\\/\\\/www.honlufoodtrailer.com\\\/product\\\/4m-horse-trailer-bar\\\/\"]}]},{\"@type\":\"ImageObject\",\"inLanguage\":\"de\",\"@id\":\"https:\\\/\\\/www.honlufoodtrailer.com\\\/product\\\/4m-horse-trailer-bar\\\/#primaryimage\",\"url\":\"https:\\\/\\\/www.honlufoodtrailer.com\\\/wp-content\\\/uploads\\\/2024\\\/11\\\/4m-horse-trailer-bar.jpg\",\"contentUrl\":\"https:\\\/\\\/www.honlufoodtrailer.com\\\/wp-content\\\/uploads\\\/2024\\\/11\\\/4m-horse-trailer-bar.jpg\",\"width\":720,\"height\":540,\"caption\":\"4m horse trailer bar\"},{\"@type\":\"BreadcrumbList\",\"@id\":\"https:\\\/\\\/www.honlufoodtrailer.com\\\/product\\\/4m-horse-trailer-bar\\\/#breadcrumb\",\"itemListElement\":[{\"@type\":\"ListItem\",\"position\":1,\"name\":\"Home\",\"item\":\"https:\\\/\\\/www.honlufoodtrailer.com\\\/\"},{\"@type\":\"ListItem\",\"position\":2,\"name\":\"\u4ea7\u54c1\",\"item\":\"https:\\\/\\\/www.honlufoodtrailer.com\\\/shop\\\/\"},{\"@type\":\"ListItem\",\"position\":3,\"name\":\"4m Horse Trailer Bar\"}]},{\"@type\":\"WebSite\",\"@id\":\"https:\\\/\\\/www.honlufoodtrailer.com\\\/#website\",\"url\":\"https:\\\/\\\/www.honlufoodtrailer.com\\\/\",\"name\":\"Honlu food trailer\",\"description\":\"\",\"publisher\":{\"@id\":\"https:\\\/\\\/www.honlufoodtrailer.com\\\/#organization\"},\"potentialAction\":[{\"@type\":\"SearchAction\",\"target\":{\"@type\":\"EntryPoint\",\"urlTemplate\":\"https:\\\/\\\/www.honlufoodtrailer.com\\\/?s={search_term_string}\"},\"query-input\":{\"@type\":\"PropertyValueSpecification\",\"valueRequired\":true,\"valueName\":\"search_term_string\"}}],\"inLanguage\":\"de\"},{\"@type\":\"Organization\",\"@id\":\"https:\\\/\\\/www.honlufoodtrailer.com\\\/#organization\",\"name\":\"Honlu food trailer\",\"url\":\"https:\\\/\\\/www.honlufoodtrailer.com\\\/\",\"logo\":{\"@type\":\"ImageObject\",\"inLanguage\":\"de\",\"@id\":\"https:\\\/\\\/www.honlufoodtrailer.com\\\/#\\\/schema\\\/logo\\\/image\\\/\",\"url\":\"https:\\\/\\\/www.honlufoodtrailer.com\\\/wp-content\\\/uploads\\\/2021\\\/12\\\/2.gif\",\"contentUrl\":\"https:\\\/\\\/www.honlufoodtrailer.com\\\/wp-content\\\/uploads\\\/2021\\\/12\\\/2.gif\",\"width\":350,\"height\":100,\"caption\":\"Honlu food trailer\"},\"image\":{\"@id\":\"https:\\\/\\\/www.honlufoodtrailer.com\\\/#\\\/schema\\\/logo\\\/image\\\/\"}}]}<\/script>\n<!-- \/ Yoast SEO plugin. -->","yoast_head_json":{"title":"4m Mobile Horse Trailer Bar For Sale - Honlu Food Trailer","description":"This is a 4m horse trailer bar for sale we have customized for a customer. See details! Get a similar or customized one at factory price now!","robots":{"index":"index","follow":"follow","max-snippet":"max-snippet:-1","max-image-preview":"max-image-preview:large","max-video-preview":"max-video-preview:-1"},"canonical":"https:\/\/www.honlufoodtrailer.com\/de\/product\/4m-horse-trailer-bar\/","og_locale":"de_DE","og_type":"article","og_title":"4m Mobile Horse Trailer Bar For Sale - Honlu Food Trailer","og_description":"This is a 4m horse trailer bar for sale we have customized for a customer. See details! Get a similar or customized one at factory price now!","og_url":"https:\/\/www.honlufoodtrailer.com\/de\/product\/4m-horse-trailer-bar\/","og_site_name":"Honlu food trailer","article_modified_time":"2025-02-20T07:23:37+00:00","og_image":[{"width":720,"height":540,"url":"https:\/\/www.honlufoodtrailer.com\/wp-content\/uploads\/2024\/11\/4m-horse-trailer-bar.jpg","type":"image\/jpeg"}],"twitter_card":"summary_large_image","twitter_misc":{"Gesch\u00e4tzte Lesezeit":"1\u00a0Minute"},"schema":{"@context":"https:\/\/schema.org","@graph":[{"@type":"WebPage","@id":"https:\/\/www.honlufoodtrailer.com\/product\/4m-horse-trailer-bar\/","url":"https:\/\/www.honlufoodtrailer.com\/product\/4m-horse-trailer-bar\/","name":"4m Mobile Horse Trailer Bar For Sale - Honlu Food Trailer","isPartOf":{"@id":"https:\/\/www.honlufoodtrailer.com\/#website"},"primaryImageOfPage":{"@id":"https:\/\/www.honlufoodtrailer.com\/product\/4m-horse-trailer-bar\/#primaryimage"},"image":{"@id":"https:\/\/www.honlufoodtrailer.com\/product\/4m-horse-trailer-bar\/#primaryimage"},"thumbnailUrl":"https:\/\/www.honlufoodtrailer.com\/wp-content\/uploads\/2024\/11\/4m-horse-trailer-bar.jpg","datePublished":"2024-11-23T08:45:00+00:00","dateModified":"2025-02-20T07:23:37+00:00","description":"This is a 4m horse trailer bar for sale we have customized for a customer. See details! Get a similar or customized one at factory price now!","breadcrumb":{"@id":"https:\/\/www.honlufoodtrailer.com\/product\/4m-horse-trailer-bar\/#breadcrumb"},"inLanguage":"de","potentialAction":[{"@type":"ReadAction","target":["https:\/\/www.honlufoodtrailer.com\/product\/4m-horse-trailer-bar\/"]}]},{"@type":"ImageObject","inLanguage":"de","@id":"https:\/\/www.honlufoodtrailer.com\/product\/4m-horse-trailer-bar\/#primaryimage","url":"https:\/\/www.honlufoodtrailer.com\/wp-content\/uploads\/2024\/11\/4m-horse-trailer-bar.jpg","contentUrl":"https:\/\/www.honlufoodtrailer.com\/wp-content\/uploads\/2024\/11\/4m-horse-trailer-bar.jpg","width":720,"height":540,"caption":"4m horse trailer bar"},{"@type":"BreadcrumbList","@id":"https:\/\/www.honlufoodtrailer.com\/product\/4m-horse-trailer-bar\/#breadcrumb","itemListElement":[{"@type":"ListItem","position":1,"name":"Home","item":"https:\/\/www.honlufoodtrailer.com\/"},{"@type":"ListItem","position":2,"name":"\u4ea7\u54c1","item":"https:\/\/www.honlufoodtrailer.com\/shop\/"},{"@type":"ListItem","position":3,"name":"4m Horse Trailer Bar"}]},{"@type":"WebSite","@id":"https:\/\/www.honlufoodtrailer.com\/#website","url":"https:\/\/www.honlufoodtrailer.com\/","name":"Honlu-Lebensmittelanh\u00e4nger","description":"","publisher":{"@id":"https:\/\/www.honlufoodtrailer.com\/#organization"},"potentialAction":[{"@type":"SearchAction","target":{"@type":"EntryPoint","urlTemplate":"https:\/\/www.honlufoodtrailer.com\/?s={search_term_string}"},"query-input":{"@type":"PropertyValueSpecification","valueRequired":true,"valueName":"search_term_string"}}],"inLanguage":"de"},{"@type":"Organization","@id":"https:\/\/www.honlufoodtrailer.com\/#organization","name":"Honlu-Lebensmittelanh\u00e4nger","url":"https:\/\/www.honlufoodtrailer.com\/","logo":{"@type":"ImageObject","inLanguage":"de","@id":"https:\/\/www.honlufoodtrailer.com\/#\/schema\/logo\/image\/","url":"https:\/\/www.honlufoodtrailer.com\/wp-content\/uploads\/2021\/12\/2.gif","contentUrl":"https:\/\/www.honlufoodtrailer.com\/wp-content\/uploads\/2021\/12\/2.gif","width":350,"height":100,"caption":"Honlu food trailer"},"image":{"@id":"https:\/\/www.honlufoodtrailer.com\/#\/schema\/logo\/image\/"}}]}},"_links":{"self":[{"href":"https:\/\/www.honlufoodtrailer.com\/de\/wp-json\/wp\/v2\/product\/8947","targetHints":{"allow":["GET"]}}],"collection":[{"href":"https:\/\/www.honlufoodtrailer.com\/de\/wp-json\/wp\/v2\/product"}],"about":[{"href":"https:\/\/www.honlufoodtrailer.com\/de\/wp-json\/wp\/v2\/types\/product"}],"version-history":[{"count":0,"href":"https:\/\/www.honlufoodtrailer.com\/de\/wp-json\/wp\/v2\/product\/8947\/revisions"}],"wp:featuredmedia":[{"embeddable":true,"href":"https:\/\/www.honlufoodtrailer.com\/de\/wp-json\/wp\/v2\/media\/8954"}],"wp:attachment":[{"href":"https:\/\/www.honlufoodtrailer.com\/de\/wp-json\/wp\/v2\/media?parent=8947"}],"wp:term":[{"taxonomy":"product_brand","embeddable":true,"href":"https:\/\/www.honlufoodtrailer.com\/de\/wp-json\/wp\/v2\/product_brand?post=8947"},{"taxonomy":"product_cat","embeddable":true,"href":"https:\/\/www.honlufoodtrailer.com\/de\/wp-json\/wp\/v2\/product_cat?post=8947"},{"taxonomy":"product_tag","embeddable":true,"href":"https:\/\/www.honlufoodtrailer.com\/de\/wp-json\/wp\/v2\/product_tag?post=8947"}],"curies":[{"name":"wp","href":"https:\/\/api.w.org\/{rel}","templated":true}]}}