{"id":2578,"date":"2022-02-23T14:59:55","date_gmt":"2022-02-23T06:59:55","guid":{"rendered":"https:\/\/www.honlufoodtrailer.com\/?post_type=product&#038;p=2578"},"modified":"2024-06-04T17:11:54","modified_gmt":"2024-06-04T09:11:54","slug":"arc-style-mini-food-trailer","status":"publish","type":"product","link":"https:\/\/www.honlufoodtrailer.com\/es\/product\/arc-style-mini-food-trailer\/","title":{"rendered":"Mini remolque de comida estilo arco"},"content":{"rendered":"<p data-spm-anchor-id=\"a2700.wholesale.0.i28.29e52808agqc7f\">Se trata de un mini remolque alimentario tipo arco. Utiliza pl\u00e1stico reforzado con fibra de vidrio como material principal de la superficie exterior, y el banco de trabajo interno es de acero inoxidable. De acuerdo con las necesidades del cliente, hemos personalizado pegatinas en todos los lados de este remolque y a\u00f1adido ventanas correderas sobre la base de las ventanas pull-up. Todo el remolque es compacto y f\u00e1cil de usar. Con un tama\u00f1o peque\u00f1o, es f\u00e1cil de mover. Nuestro cliente puede llevar el remolque de alimentos donde quiera y hacer su negocio. Ahora, vamos a ver algunas fotos de este remolque de alimentos.<\/p>\n<p><img fetchpriority=\"high\" decoding=\"async\" class=\"size-full wp-image-2614 aligncenter\" src=\"https:\/\/www.honlufoodtrailer.com\/wp-content\/uploads\/2022\/01\/Arc-style-mini-food-trailer-4.jpg\" alt=\"Arco estilo mini remolque de alimentos (4)\" width=\"720\" height=\"540\" srcset=\"https:\/\/www.honlufoodtrailer.com\/wp-content\/uploads\/2022\/01\/Arc-style-mini-food-trailer-4.jpg 720w, https:\/\/www.honlufoodtrailer.com\/wp-content\/uploads\/2022\/01\/Arc-style-mini-food-trailer-4-300x225.jpg 300w\" sizes=\"(max-width: 720px) 100vw, 720px\" \/><\/p>\n<p><img decoding=\"async\" class=\"size-full wp-image-2616 aligncenter\" src=\"https:\/\/www.honlufoodtrailer.com\/wp-content\/uploads\/2022\/01\/Arc-style-mini-food-trailer-6.jpg\" alt=\"Arco estilo mini remolque de alimentos (6)\" width=\"720\" height=\"540\" srcset=\"https:\/\/www.honlufoodtrailer.com\/wp-content\/uploads\/2022\/01\/Arc-style-mini-food-trailer-6.jpg 720w, https:\/\/www.honlufoodtrailer.com\/wp-content\/uploads\/2022\/01\/Arc-style-mini-food-trailer-6-300x225.jpg 300w\" sizes=\"(max-width: 720px) 100vw, 720px\" \/><\/p>\n<p>Como podemos ver, este remolque de comida tiene una bonita apariencia. Los usuarios tambi\u00e9n pueden elegir el color y el dise\u00f1o que m\u00e1s les guste. A continuaci\u00f3n, vamos a ver los detalles internos de este remolque de comida estilo arco.<\/p>\n<h3>Detalles internos de este remolque de comida estilo arco<\/h3>\n<p>De acuerdo con los requisitos del cliente, hemos equipado este remolque de alimentos estilo arco con fregaderos, banco de trabajo, aire acondicionado, etc. Nuestro cliente agregar\u00e1 alg\u00fan otro equipo de cocina que necesita despu\u00e9s de recibir este remolque de comida.<br \/>\n<img decoding=\"async\" class=\"aligncenter size-full wp-image-7740\" src=\"https:\/\/www.honlufoodtrailer.com\/wp-content\/uploads\/2022\/02\/Arc-style-mini-food-trailer-inner-details-1.jpg\" alt=\"Arco estilo mini remolque de alimentos detalles interiores\" width=\"800\" height=\"800\" srcset=\"https:\/\/www.honlufoodtrailer.com\/wp-content\/uploads\/2022\/02\/Arc-style-mini-food-trailer-inner-details-1.jpg 800w, https:\/\/www.honlufoodtrailer.com\/wp-content\/uploads\/2022\/02\/Arc-style-mini-food-trailer-inner-details-1-768x768.jpg 768w, https:\/\/www.honlufoodtrailer.com\/wp-content\/uploads\/2022\/02\/Arc-style-mini-food-trailer-inner-details-1-360x360.jpg 360w, https:\/\/www.honlufoodtrailer.com\/wp-content\/uploads\/2022\/02\/Arc-style-mini-food-trailer-inner-details-1-300x300.jpg 300w, https:\/\/www.honlufoodtrailer.com\/wp-content\/uploads\/2022\/02\/Arc-style-mini-food-trailer-inner-details-1-720x720.jpg 720w, https:\/\/www.honlufoodtrailer.com\/wp-content\/uploads\/2022\/02\/Arc-style-mini-food-trailer-inner-details-1-100x100.jpg 100w\" sizes=\"(max-width: 800px) 100vw, 800px\" \/><\/p>\n<h3>M\u00e1s Detalles De Este Remolque De Comida Estilo Arco<\/h3>\n<p><img loading=\"lazy\" decoding=\"async\" class=\"aligncenter size-full wp-image-7739\" src=\"https:\/\/www.honlufoodtrailer.com\/wp-content\/uploads\/2022\/02\/Arc-style-mini-food-trailer-more-details-1.jpg\" alt=\"Arco estilo mini remolque de alimentos m\u00e1s detalles\" width=\"800\" height=\"533\" srcset=\"https:\/\/www.honlufoodtrailer.com\/wp-content\/uploads\/2022\/02\/Arc-style-mini-food-trailer-more-details-1.jpg 800w, https:\/\/www.honlufoodtrailer.com\/wp-content\/uploads\/2022\/02\/Arc-style-mini-food-trailer-more-details-1-768x512.jpg 768w, https:\/\/www.honlufoodtrailer.com\/wp-content\/uploads\/2022\/02\/Arc-style-mini-food-trailer-more-details-1-480x320.jpg 480w, https:\/\/www.honlufoodtrailer.com\/wp-content\/uploads\/2022\/02\/Arc-style-mini-food-trailer-more-details-1-300x200.jpg 300w, https:\/\/www.honlufoodtrailer.com\/wp-content\/uploads\/2022\/02\/Arc-style-mini-food-trailer-more-details-1-720x480.jpg 720w\" sizes=\"(max-width: 800px) 100vw, 800px\" \/><\/p>\n<h4 data-spm-anchor-id=\"a2700.wholesale.0.i28.29e52808agqc7f\">Ventana corredera a medida<\/h4>\n<p><img loading=\"lazy\" decoding=\"async\" class=\"wp-image-2617 size-full\" src=\"https:\/\/www.honlufoodtrailer.com\/wp-content\/uploads\/2022\/01\/Arc-style-mini-food-trailer-7.jpg\" alt=\"Arco estilo mini remolque de alimentos (7)\" width=\"720\" height=\"540\" srcset=\"https:\/\/www.honlufoodtrailer.com\/wp-content\/uploads\/2022\/01\/Arc-style-mini-food-trailer-7.jpg 720w, https:\/\/www.honlufoodtrailer.com\/wp-content\/uploads\/2022\/01\/Arc-style-mini-food-trailer-7-300x225.jpg 300w\" sizes=\"(max-width: 720px) 100vw, 720px\" \/><\/p>\n<p data-spm-anchor-id=\"a2700.wholesale.0.i28.29e52808agqc7f\">En Estados Unidos, seg\u00fan el Departamento de Sanidad, las ventanas correderas se han convertido en una necesidad en algunos remolques de alimentos. Impide que entre el polvo y mantiene la temperatura. Adem\u00e1s, mejora la experiencia de uso del aire acondicionado.<\/p>\n<h3 class=\"magic-6\" data-spm-anchor-id=\"a2700.wholesale.0.i28.29e52808agqc7f\">Caracter\u00edsticas principales del remolque m\u00f3vil de comida<\/h3>\n<div class=\"magic-7\">\n<div class=\"magic-8\">\n<div class=\"magic-9\" data-id=\"paragraph0\">\n<ol>\n<li>Aspecto de moda, apariencia pegatinas personalizadas, que son atractivos;<\/li>\n<li>Material de fibra de vidrio, m\u00e1s ligero y resistente, con ventajas de resistencia a la corrosi\u00f3n, aislamiento, conservaci\u00f3n del calor, aislamiento ac\u00fastico, etc;<\/li>\n<li>Accesorios modernos y avanzados equipados en este carro de comida m\u00f3vil;<\/li>\n<li>C\u00f3modo y f\u00e1cil de mover;<\/li>\n<li>Ventanas correderas personalizadas seg\u00fan las necesidades del cliente;<\/li>\n<li>Estaremos encantados de modificarlo seg\u00fan sus necesidades.<\/li>\n<\/ol>\n<h3>Proporcionamos planos 2D\/3D gratuitos<\/h3>\n<p>Para los clientes que han ordenado nuestro remolque de alimentos, ofrecemos servicio gratuito de dibujo 2D\/3D. Despu\u00e9s de confirmar las dimensiones del remolque de alimentos y el equipo interno de la cocina, podemos proporcionarle dibujos en 3D de forma gratuita. Esto le dar\u00e1 una idea m\u00e1s clara de su dise\u00f1o y su carro de alimentos. Al confirmar la ubicaci\u00f3n del equipo de cocina, podemos comunicarnos claramente con usted a trav\u00e9s del plano de planta. Tambi\u00e9n podemos proporcionarle documentos originales para facilitar su dise\u00f1o y realizar ajustes.<\/p>\n<p><img loading=\"lazy\" decoding=\"async\" class=\"wp-image-2623 size-full\" src=\"https:\/\/www.honlufoodtrailer.com\/wp-content\/uploads\/2022\/01\/Free-2D-3D-floor-plan-drawing.jpg\" alt=\"Dibujo gratuito de planos 2D\/3D\" width=\"800\" height=\"400\" srcset=\"https:\/\/www.honlufoodtrailer.com\/wp-content\/uploads\/2022\/01\/Free-2D-3D-floor-plan-drawing.jpg 800w, https:\/\/www.honlufoodtrailer.com\/wp-content\/uploads\/2022\/01\/Free-2D-3D-floor-plan-drawing-300x150.jpg 300w, https:\/\/www.honlufoodtrailer.com\/wp-content\/uploads\/2022\/01\/Free-2D-3D-floor-plan-drawing-720x360.jpg 720w, https:\/\/www.honlufoodtrailer.com\/wp-content\/uploads\/2022\/01\/Free-2D-3D-floor-plan-drawing-768x384.jpg 768w\" sizes=\"(max-width: 800px) 100vw, 800px\" \/><\/p>\n<\/div>\n<\/div>\n<\/div>","protected":false},"excerpt":{"rendered":"<p>Se trata de un mini remolque alimentario tipo arco. De acuerdo con las necesidades del cliente, hemos personalizado pegatinas en todos los lados de este remolque y a\u00f1adido ventanas correderas sobre la base de las ventanas pull-up. Es una buena opci\u00f3n para las personas que quieren comenzar un negocio de remolque de alimentos de tama\u00f1o peque\u00f1o.<\/p>","protected":false},"featured_media":2610,"template":"","meta":{"_themeisle_gutenberg_block_has_review":false},"product_brand":[],"product_cat":[26],"product_tag":[43,33,44,38],"class_list":{"0":"post-2578","1":"product","2":"type-product","3":"status-publish","4":"has-post-thumbnail","6":"product_cat-product","7":"product_tag-arc-style-trailer","8":"product_tag-customized-trailer","9":"product_tag-mini-food-trailer","10":"product_tag-mobile-food-trailer","12":"first","13":"instock","14":"shipping-taxable","15":"product-type-simple"},"yoast_head":"<!-- This site is optimized with the Yoast SEO plugin v27.4 - https:\/\/yoast.com\/product\/yoast-seo-wordpress\/ -->\n<title>Arc style mini food trailer - Honlu food trailer<\/title>\n<meta name=\"description\" content=\"This is a mini arc-style food trailer. According to customer needs, we have customized stickers on all sides of this trailer and added sliding windows on the basis of the pull-up windows. It is the preferred model for starting fast-food businesses.\" \/>\n<meta name=\"robots\" content=\"index, follow, max-snippet:-1, max-image-preview:large, max-video-preview:-1\" \/>\n<link rel=\"canonical\" href=\"https:\/\/www.honlufoodtrailer.com\/es\/producto\/arc-style-mini-food-trailer\/\" \/>\n<meta property=\"og:locale\" content=\"es_ES\" \/>\n<meta property=\"og:type\" content=\"article\" \/>\n<meta property=\"og:title\" content=\"Arc style mini food trailer - Honlu food trailer\" \/>\n<meta property=\"og:description\" content=\"This is a mini arc-style food trailer. According to customer needs, we have customized stickers on all sides of this trailer and added sliding windows on the basis of the pull-up windows. It is the preferred model for starting fast-food businesses.\" \/>\n<meta property=\"og:url\" content=\"https:\/\/www.honlufoodtrailer.com\/es\/producto\/arc-style-mini-food-trailer\/\" \/>\n<meta property=\"og:site_name\" content=\"Honlu food trailer\" \/>\n<meta property=\"article:modified_time\" content=\"2024-06-04T09:11:54+00:00\" \/>\n<meta property=\"og:image\" content=\"https:\/\/www.honlufoodtrailer.com\/wp-content\/uploads\/2022\/01\/Arc-style-mini-food-trailer.jpg\" \/>\n\t<meta property=\"og:image:width\" content=\"720\" \/>\n\t<meta property=\"og:image:height\" content=\"540\" \/>\n\t<meta property=\"og:image:type\" content=\"image\/jpeg\" \/>\n<meta name=\"twitter:card\" content=\"summary_large_image\" \/>\n<meta name=\"twitter:label1\" content=\"Tiempo de lectura\" \/>\n\t<meta name=\"twitter:data1\" content=\"2 minutos\" \/>\n<script type=\"application\/ld+json\" class=\"yoast-schema-graph\">{\"@context\":\"https:\\\/\\\/schema.org\",\"@graph\":[{\"@type\":\"WebPage\",\"@id\":\"https:\\\/\\\/www.honlufoodtrailer.com\\\/product\\\/arc-style-mini-food-trailer\\\/\",\"url\":\"https:\\\/\\\/www.honlufoodtrailer.com\\\/product\\\/arc-style-mini-food-trailer\\\/\",\"name\":\"Arc style mini food trailer - Honlu food trailer\",\"isPartOf\":{\"@id\":\"https:\\\/\\\/www.honlufoodtrailer.com\\\/#website\"},\"primaryImageOfPage\":{\"@id\":\"https:\\\/\\\/www.honlufoodtrailer.com\\\/product\\\/arc-style-mini-food-trailer\\\/#primaryimage\"},\"image\":{\"@id\":\"https:\\\/\\\/www.honlufoodtrailer.com\\\/product\\\/arc-style-mini-food-trailer\\\/#primaryimage\"},\"thumbnailUrl\":\"https:\\\/\\\/www.honlufoodtrailer.com\\\/wp-content\\\/uploads\\\/2022\\\/01\\\/Arc-style-mini-food-trailer.jpg\",\"datePublished\":\"2022-02-23T06:59:55+00:00\",\"dateModified\":\"2024-06-04T09:11:54+00:00\",\"description\":\"This is a mini arc-style food trailer. According to customer needs, we have customized stickers on all sides of this trailer and added sliding windows on the basis of the pull-up windows. It is the preferred model for starting fast-food businesses.\",\"breadcrumb\":{\"@id\":\"https:\\\/\\\/www.honlufoodtrailer.com\\\/product\\\/arc-style-mini-food-trailer\\\/#breadcrumb\"},\"inLanguage\":\"es\",\"potentialAction\":[{\"@type\":\"ReadAction\",\"target\":[\"https:\\\/\\\/www.honlufoodtrailer.com\\\/product\\\/arc-style-mini-food-trailer\\\/\"]}]},{\"@type\":\"ImageObject\",\"inLanguage\":\"es\",\"@id\":\"https:\\\/\\\/www.honlufoodtrailer.com\\\/product\\\/arc-style-mini-food-trailer\\\/#primaryimage\",\"url\":\"https:\\\/\\\/www.honlufoodtrailer.com\\\/wp-content\\\/uploads\\\/2022\\\/01\\\/Arc-style-mini-food-trailer.jpg\",\"contentUrl\":\"https:\\\/\\\/www.honlufoodtrailer.com\\\/wp-content\\\/uploads\\\/2022\\\/01\\\/Arc-style-mini-food-trailer.jpg\",\"width\":720,\"height\":540,\"caption\":\"Arc style mini food trailer\"},{\"@type\":\"BreadcrumbList\",\"@id\":\"https:\\\/\\\/www.honlufoodtrailer.com\\\/product\\\/arc-style-mini-food-trailer\\\/#breadcrumb\",\"itemListElement\":[{\"@type\":\"ListItem\",\"position\":1,\"name\":\"Home\",\"item\":\"https:\\\/\\\/www.honlufoodtrailer.com\\\/\"},{\"@type\":\"ListItem\",\"position\":2,\"name\":\"\u4ea7\u54c1\",\"item\":\"https:\\\/\\\/www.honlufoodtrailer.com\\\/shop\\\/\"},{\"@type\":\"ListItem\",\"position\":3,\"name\":\"Arc style mini food trailer\"}]},{\"@type\":\"WebSite\",\"@id\":\"https:\\\/\\\/www.honlufoodtrailer.com\\\/#website\",\"url\":\"https:\\\/\\\/www.honlufoodtrailer.com\\\/\",\"name\":\"Honlu food trailer\",\"description\":\"\",\"publisher\":{\"@id\":\"https:\\\/\\\/www.honlufoodtrailer.com\\\/#organization\"},\"potentialAction\":[{\"@type\":\"SearchAction\",\"target\":{\"@type\":\"EntryPoint\",\"urlTemplate\":\"https:\\\/\\\/www.honlufoodtrailer.com\\\/?s={search_term_string}\"},\"query-input\":{\"@type\":\"PropertyValueSpecification\",\"valueRequired\":true,\"valueName\":\"search_term_string\"}}],\"inLanguage\":\"es\"},{\"@type\":\"Organization\",\"@id\":\"https:\\\/\\\/www.honlufoodtrailer.com\\\/#organization\",\"name\":\"Honlu food trailer\",\"url\":\"https:\\\/\\\/www.honlufoodtrailer.com\\\/\",\"logo\":{\"@type\":\"ImageObject\",\"inLanguage\":\"es\",\"@id\":\"https:\\\/\\\/www.honlufoodtrailer.com\\\/#\\\/schema\\\/logo\\\/image\\\/\",\"url\":\"https:\\\/\\\/www.honlufoodtrailer.com\\\/wp-content\\\/uploads\\\/2021\\\/12\\\/2.gif\",\"contentUrl\":\"https:\\\/\\\/www.honlufoodtrailer.com\\\/wp-content\\\/uploads\\\/2021\\\/12\\\/2.gif\",\"width\":350,\"height\":100,\"caption\":\"Honlu food trailer\"},\"image\":{\"@id\":\"https:\\\/\\\/www.honlufoodtrailer.com\\\/#\\\/schema\\\/logo\\\/image\\\/\"}}]}<\/script>\n<!-- \/ Yoast SEO plugin. -->","yoast_head_json":{"title":"Arco estilo mini remolque de alimentos - Honlu remolque de alimentos","description":"Se trata de un mini remolque alimentario tipo arco. De acuerdo con las necesidades del cliente, hemos personalizado pegatinas en todos los lados de este remolque y a\u00f1adido ventanas correderas sobre la base de las ventanas pull-up. Es el modelo preferido para iniciar negocios de comida r\u00e1pida.","robots":{"index":"index","follow":"follow","max-snippet":"max-snippet:-1","max-image-preview":"max-image-preview:large","max-video-preview":"max-video-preview:-1"},"canonical":"https:\/\/www.honlufoodtrailer.com\/es\/producto\/arc-style-mini-food-trailer\/","og_locale":"es_ES","og_type":"article","og_title":"Arc style mini food trailer - Honlu food trailer","og_description":"This is a mini arc-style food trailer. According to customer needs, we have customized stickers on all sides of this trailer and added sliding windows on the basis of the pull-up windows. It is the preferred model for starting fast-food businesses.","og_url":"https:\/\/www.honlufoodtrailer.com\/es\/producto\/arc-style-mini-food-trailer\/","og_site_name":"Honlu food trailer","article_modified_time":"2024-06-04T09:11:54+00:00","og_image":[{"width":720,"height":540,"url":"https:\/\/www.honlufoodtrailer.com\/wp-content\/uploads\/2022\/01\/Arc-style-mini-food-trailer.jpg","type":"image\/jpeg"}],"twitter_card":"summary_large_image","twitter_misc":{"Tiempo de lectura":"2 minutos"},"schema":{"@context":"https:\/\/schema.org","@graph":[{"@type":"WebPage","@id":"https:\/\/www.honlufoodtrailer.com\/product\/arc-style-mini-food-trailer\/","url":"https:\/\/www.honlufoodtrailer.com\/product\/arc-style-mini-food-trailer\/","name":"Arco estilo mini remolque de alimentos - Honlu remolque de alimentos","isPartOf":{"@id":"https:\/\/www.honlufoodtrailer.com\/#website"},"primaryImageOfPage":{"@id":"https:\/\/www.honlufoodtrailer.com\/product\/arc-style-mini-food-trailer\/#primaryimage"},"image":{"@id":"https:\/\/www.honlufoodtrailer.com\/product\/arc-style-mini-food-trailer\/#primaryimage"},"thumbnailUrl":"https:\/\/www.honlufoodtrailer.com\/wp-content\/uploads\/2022\/01\/Arc-style-mini-food-trailer.jpg","datePublished":"2022-02-23T06:59:55+00:00","dateModified":"2024-06-04T09:11:54+00:00","description":"Se trata de un mini remolque alimentario tipo arco. De acuerdo con las necesidades del cliente, hemos personalizado pegatinas en todos los lados de este remolque y a\u00f1adido ventanas correderas sobre la base de las ventanas pull-up. Es el modelo preferido para iniciar negocios de comida r\u00e1pida.","breadcrumb":{"@id":"https:\/\/www.honlufoodtrailer.com\/product\/arc-style-mini-food-trailer\/#breadcrumb"},"inLanguage":"es","potentialAction":[{"@type":"ReadAction","target":["https:\/\/www.honlufoodtrailer.com\/product\/arc-style-mini-food-trailer\/"]}]},{"@type":"ImageObject","inLanguage":"es","@id":"https:\/\/www.honlufoodtrailer.com\/product\/arc-style-mini-food-trailer\/#primaryimage","url":"https:\/\/www.honlufoodtrailer.com\/wp-content\/uploads\/2022\/01\/Arc-style-mini-food-trailer.jpg","contentUrl":"https:\/\/www.honlufoodtrailer.com\/wp-content\/uploads\/2022\/01\/Arc-style-mini-food-trailer.jpg","width":720,"height":540,"caption":"Arc style mini food trailer"},{"@type":"BreadcrumbList","@id":"https:\/\/www.honlufoodtrailer.com\/product\/arc-style-mini-food-trailer\/#breadcrumb","itemListElement":[{"@type":"ListItem","position":1,"name":"Home","item":"https:\/\/www.honlufoodtrailer.com\/"},{"@type":"ListItem","position":2,"name":"\u4ea7\u54c1","item":"https:\/\/www.honlufoodtrailer.com\/shop\/"},{"@type":"ListItem","position":3,"name":"Arc style mini food trailer"}]},{"@type":"WebSite","@id":"https:\/\/www.honlufoodtrailer.com\/#website","url":"https:\/\/www.honlufoodtrailer.com\/","name":"Remolque de comida Honlu","description":"","publisher":{"@id":"https:\/\/www.honlufoodtrailer.com\/#organization"},"potentialAction":[{"@type":"SearchAction","target":{"@type":"EntryPoint","urlTemplate":"https:\/\/www.honlufoodtrailer.com\/?s={search_term_string}"},"query-input":{"@type":"PropertyValueSpecification","valueRequired":true,"valueName":"search_term_string"}}],"inLanguage":"es"},{"@type":"Organization","@id":"https:\/\/www.honlufoodtrailer.com\/#organization","name":"Remolque de comida Honlu","url":"https:\/\/www.honlufoodtrailer.com\/","logo":{"@type":"ImageObject","inLanguage":"es","@id":"https:\/\/www.honlufoodtrailer.com\/#\/schema\/logo\/image\/","url":"https:\/\/www.honlufoodtrailer.com\/wp-content\/uploads\/2021\/12\/2.gif","contentUrl":"https:\/\/www.honlufoodtrailer.com\/wp-content\/uploads\/2021\/12\/2.gif","width":350,"height":100,"caption":"Honlu food trailer"},"image":{"@id":"https:\/\/www.honlufoodtrailer.com\/#\/schema\/logo\/image\/"}}]}},"_links":{"self":[{"href":"https:\/\/www.honlufoodtrailer.com\/es\/wp-json\/wp\/v2\/product\/2578","targetHints":{"allow":["GET"]}}],"collection":[{"href":"https:\/\/www.honlufoodtrailer.com\/es\/wp-json\/wp\/v2\/product"}],"about":[{"href":"https:\/\/www.honlufoodtrailer.com\/es\/wp-json\/wp\/v2\/types\/product"}],"version-history":[{"count":6,"href":"https:\/\/www.honlufoodtrailer.com\/es\/wp-json\/wp\/v2\/product\/2578\/revisions"}],"predecessor-version":[{"id":7783,"href":"https:\/\/www.honlufoodtrailer.com\/es\/wp-json\/wp\/v2\/product\/2578\/revisions\/7783"}],"wp:featuredmedia":[{"embeddable":true,"href":"https:\/\/www.honlufoodtrailer.com\/es\/wp-json\/wp\/v2\/media\/2610"}],"wp:attachment":[{"href":"https:\/\/www.honlufoodtrailer.com\/es\/wp-json\/wp\/v2\/media?parent=2578"}],"wp:term":[{"taxonomy":"product_brand","embeddable":true,"href":"https:\/\/www.honlufoodtrailer.com\/es\/wp-json\/wp\/v2\/product_brand?post=2578"},{"taxonomy":"product_cat","embeddable":true,"href":"https:\/\/www.honlufoodtrailer.com\/es\/wp-json\/wp\/v2\/product_cat?post=2578"},{"taxonomy":"product_tag","embeddable":true,"href":"https:\/\/www.honlufoodtrailer.com\/es\/wp-json\/wp\/v2\/product_tag?post=2578"}],"curies":[{"name":"wp","href":"https:\/\/api.w.org\/{rel}","templated":true}]}}