{"id":2650,"date":"2022-02-23T15:15:51","date_gmt":"2022-02-23T07:15:51","guid":{"rendered":"https:\/\/www.honlufoodtrailer.com\/?post_type=product&#038;p=2650"},"modified":"2024-05-24T10:29:53","modified_gmt":"2024-05-24T02:29:53","slug":"eight-meters-galvanized-food-trailer","status":"publish","type":"product","link":"https:\/\/www.honlufoodtrailer.com\/es\/product\/eight-meters-galvanized-food-trailer\/","title":{"rendered":"Remolque galvanizado de ocho metros para alimentos"},"content":{"rendered":"<p data-spm-anchor-id=\"a2700.wholesale.0.i28.29e52808agqc7f\">Este es un remolque de alimentos galvanizado de 8m que hemos personalizado para uno de nuestros clientes de Estados Unidos. Como se puede ver en las fotos de abajo, tiene 3 ejes, que es m\u00e1s robusto y duradero. Adem\u00e1s de las dos grandes ventanas en la parte delantera, tambi\u00e9n hicimos una peque\u00f1a ventana en el lateral. Ahora, vamos a ver algunas fotos de este remolque de alimentos.<\/p>\n<figure id=\"attachment_2657\" aria-describedby=\"caption-attachment-2657\" style=\"width: 720px\" class=\"wp-caption aligncenter\"><img fetchpriority=\"high\" decoding=\"async\" class=\"size-full wp-image-2657\" src=\"https:\/\/www.honlufoodtrailer.com\/wp-content\/uploads\/2022\/01\/7-Eight-meters-galvanized-sheet-material-food-trailer.jpg\" alt=\"Ocho metros de material de chapa galvanizada remolque de alimentos\" width=\"720\" height=\"540\" srcset=\"https:\/\/www.honlufoodtrailer.com\/wp-content\/uploads\/2022\/01\/7-Eight-meters-galvanized-sheet-material-food-trailer.jpg 720w, https:\/\/www.honlufoodtrailer.com\/wp-content\/uploads\/2022\/01\/7-Eight-meters-galvanized-sheet-material-food-trailer-300x225.jpg 300w\" sizes=\"(max-width: 720px) 100vw, 720px\" \/><figcaption id=\"caption-attachment-2657\" class=\"wp-caption-text\">Ocho metros de material de chapa galvanizada remolque de alimentos<\/figcaption><\/figure>\n<figure id=\"attachment_2653\" aria-describedby=\"caption-attachment-2653\" style=\"width: 720px\" class=\"wp-caption aligncenter\"><img decoding=\"async\" class=\"size-full wp-image-2653\" src=\"https:\/\/www.honlufoodtrailer.com\/wp-content\/uploads\/2022\/01\/3-Eight-meters-galvanized-sheet-material-food-trailer.jpg\" alt=\"3 Ocho metros de material de chapa galvanizada remolque de alimentos\" width=\"720\" height=\"540\" \/><figcaption id=\"caption-attachment-2653\" class=\"wp-caption-text\">Ocho metros de material de chapa galvanizada remolque de alimentos<\/figcaption><\/figure>\n<p>El color de todo el veh\u00edculo es negro, y nuestros clientes quieren a\u00f1adir algunas linternas, vallas publicitarias y otros adornos alrededor, por lo que tambi\u00e9n a\u00f1adimos ganchos a algunas partes para que los clientes faciliten su uso. Tambi\u00e9n utilizamos el dise\u00f1o a prueba de lluvia en las ventanas y puertas, todos estos peque\u00f1os dise\u00f1os son para que los clientes tengan una mejor experiencia.<\/p>\n<h3>Detalles internos del remolque galvanizado de 8 m para alimentos<\/h3>\n<p data-spm-anchor-id=\"a2700.wholesale.0.i28.29e52808agqc7f\">El banco de trabajo y la pared interior del remolque de alimentos est\u00e1n hechos de acero inoxidable de calidad alimentaria. Y seg\u00fan las necesidades del cliente, est\u00e1 equipado con congeladores, vitrinas de aislamiento de alimentos, cuatro fregaderos personalizados, cocinas de gas, campanas extractoras y otros equipos. Nos gustar\u00eda adquirir otros tipos de equipos en funci\u00f3n de las necesidades de los clientes.<\/p>\n<p data-spm-anchor-id=\"a2700.wholesale.0.i28.29e52808agqc7f\"><img decoding=\"async\" class=\"aligncenter size-full wp-image-7689\" src=\"https:\/\/www.honlufoodtrailer.com\/wp-content\/uploads\/2022\/02\/inner-View-of-eight-meters-galvanized-food-trailer.jpg\" alt=\"Vista interior del remolque alimentario galvanizado de ocho metros\" width=\"800\" height=\"534\" srcset=\"https:\/\/www.honlufoodtrailer.com\/wp-content\/uploads\/2022\/02\/inner-View-of-eight-meters-galvanized-food-trailer.jpg 800w, https:\/\/www.honlufoodtrailer.com\/wp-content\/uploads\/2022\/02\/inner-View-of-eight-meters-galvanized-food-trailer-768x513.jpg 768w, https:\/\/www.honlufoodtrailer.com\/wp-content\/uploads\/2022\/02\/inner-View-of-eight-meters-galvanized-food-trailer-480x320.jpg 480w, https:\/\/www.honlufoodtrailer.com\/wp-content\/uploads\/2022\/02\/inner-View-of-eight-meters-galvanized-food-trailer-300x200.jpg 300w, https:\/\/www.honlufoodtrailer.com\/wp-content\/uploads\/2022\/02\/inner-View-of-eight-meters-galvanized-food-trailer-720x481.jpg 720w\" sizes=\"(max-width: 800px) 100vw, 800px\" \/><\/p>\n<p>Todo el remolque es compacto y f\u00e1cil de usar. Es el modelo preferido para iniciar negocios de comida r\u00e1pida, pedidos de compra al por mayor en centros comerciales, gesti\u00f3n unificada de comida r\u00e1pida en la calle y picnics familiares. Tambi\u00e9n se puede aplicar para vender cualquier cosa, desde perritos calientes, operaciones al por menor, operaciones de flores, s\u00e1ndwiches, caf\u00e9, helados, etc. Tenemos la certificaci\u00f3n CE para ayudarle a iniciar un negocio m\u00f3vil.<\/p>\n<h3 class=\"magic-6\" data-spm-anchor-id=\"a2700.wholesale.0.i28.29e52808agqc7f\">Caracter\u00edsticas principales del remolque de alimentos galvanizado de 8 m<\/h3>\n<div class=\"magic-7\">\n<div class=\"magic-8\">\n<div class=\"magic-9\" data-id=\"paragraph0\">\n<ol>\n<li>El remolque superlargo para alimentos tiene un gran espacio interior y puede albergar m\u00e1s equipos para satisfacer las distintas necesidades de los clientes;<\/li>\n<li>Material de chapa galvanizada con excelente resistencia a la corrosi\u00f3n y al calor;<\/li>\n<li>Accesorios modernos y avanzados equipados en el remolque m\u00f3vil de alimentos;<\/li>\n<li>C\u00f3modo y f\u00e1cil de mover;<\/li>\n<li>Estaremos encantados de modificarlo seg\u00fan sus necesidades.<\/li>\n<\/ol>\n<h3>Dibujo gratuito de planos 2D\/3D<\/h3>\n<p>Para los clientes que han pedido nuestros remolques de alimentos, ofrecemos dibujos 2D\/3D gratuitos. Tras confirmar las dimensiones del remolque para alimentos y el equipamiento interno de la cocina, podemos proporcionarle dibujos en 3D de forma gratuita. Esto le dar\u00e1 una idea m\u00e1s clara de su dise\u00f1o y de su carro de comida. Al confirmar la ubicaci\u00f3n del equipo de cocina, podemos comunicarnos claramente con usted a trav\u00e9s del plano de planta. Tambi\u00e9n podemos proporcionarle documentos originales para facilitar su dise\u00f1o y realizar ajustes.<\/p>\n<\/div>\n<\/div>\n<\/div>","protected":false},"excerpt":{"rendered":"<p>Este es uno de nuestros remolques de alimentos personalizados de ocho metros, la parte superior de la parte delantera y trasera est\u00e1 dise\u00f1ada con un peque\u00f1o arco. Debido a la carrocer\u00eda de ocho metros de largo, hemos personalizado dos ventanas de servicio de gran tama\u00f1o para nuestros clientes. El banco de trabajo y la pared interior dentro del cuerpo del remolque de alimentos est\u00e1n hechos de acero inoxidable de calidad alimentaria. Nos gustar\u00eda comprar otros tipos de equipos en funci\u00f3n de las necesidades de los clientes.<\/p>","protected":false},"featured_media":0,"template":"","meta":{"_themeisle_gutenberg_block_has_review":false},"product_brand":[],"product_cat":[26],"product_tag":[33,41,45,38],"class_list":{"0":"post-2650","1":"product","2":"type-product","3":"status-publish","5":"product_cat-product","6":"product_tag-customized-trailer","7":"product_tag-galvanized-trailer","8":"product_tag-large-food-trailer","9":"product_tag-mobile-food-trailer","11":"first","12":"instock","13":"shipping-taxable","14":"product-type-simple"},"yoast_head":"<!-- This site is optimized with the Yoast SEO plugin v27.4 - https:\/\/yoast.com\/product\/yoast-seo-wordpress\/ -->\n<title>Eight Meters Galvanized Food Trailer From China - Honlu Food Trailer<\/title>\n<meta name=\"description\" content=\"This is one of our custom eight-meter food trailers, the top of the front and rear are designed with a small arc. Due to the eight-meter-long body, we customized two oversized service windows for our customers. The workbench and inner wall inside the car body are all made of food-grade stainless steel. We would like to purchase other types of equipment based on customers&#039; needs.\" \/>\n<meta name=\"robots\" content=\"index, follow, max-snippet:-1, max-image-preview:large, max-video-preview:-1\" \/>\n<link rel=\"canonical\" href=\"https:\/\/www.honlufoodtrailer.com\/es\/producto\/eight-meters-galvanized-food-trailer\/\" \/>\n<meta property=\"og:locale\" content=\"es_ES\" \/>\n<meta property=\"og:type\" content=\"article\" \/>\n<meta property=\"og:title\" content=\"Eight Meters Galvanized Food Trailer From China - Honlu Food Trailer\" \/>\n<meta property=\"og:description\" content=\"This is one of our custom eight-meter food trailers, the top of the front and rear are designed with a small arc. Due to the eight-meter-long body, we customized two oversized service windows for our customers. The workbench and inner wall inside the car body are all made of food-grade stainless steel. We would like to purchase other types of equipment based on customers&#039; needs.\" \/>\n<meta property=\"og:url\" content=\"https:\/\/www.honlufoodtrailer.com\/es\/producto\/eight-meters-galvanized-food-trailer\/\" \/>\n<meta property=\"og:site_name\" content=\"Honlu food trailer\" \/>\n<meta property=\"article:modified_time\" content=\"2024-05-24T02:29:53+00:00\" \/>\n<meta property=\"og:image\" content=\"https:\/\/www.honlufoodtrailer.com\/wp-content\/uploads\/2022\/01\/1-Eight-meters-galvanized-sheet-material-food-trailer.jpg\" \/>\n\t<meta property=\"og:image:width\" content=\"720\" \/>\n\t<meta property=\"og:image:height\" content=\"540\" \/>\n\t<meta property=\"og:image:type\" content=\"image\/jpeg\" \/>\n<meta name=\"twitter:card\" content=\"summary_large_image\" \/>\n<meta name=\"twitter:label1\" content=\"Tiempo de lectura\" \/>\n\t<meta name=\"twitter:data1\" content=\"2 minutos\" \/>\n<script type=\"application\/ld+json\" class=\"yoast-schema-graph\">{\"@context\":\"https:\\\/\\\/schema.org\",\"@graph\":[{\"@type\":\"WebPage\",\"@id\":\"https:\\\/\\\/www.honlufoodtrailer.com\\\/product\\\/eight-meters-galvanized-food-trailer\\\/\",\"url\":\"https:\\\/\\\/www.honlufoodtrailer.com\\\/product\\\/eight-meters-galvanized-food-trailer\\\/\",\"name\":\"Eight Meters Galvanized Food Trailer From China - Honlu Food Trailer\",\"isPartOf\":{\"@id\":\"https:\\\/\\\/www.honlufoodtrailer.com\\\/#website\"},\"primaryImageOfPage\":{\"@id\":\"https:\\\/\\\/www.honlufoodtrailer.com\\\/product\\\/eight-meters-galvanized-food-trailer\\\/#primaryimage\"},\"image\":{\"@id\":\"https:\\\/\\\/www.honlufoodtrailer.com\\\/product\\\/eight-meters-galvanized-food-trailer\\\/#primaryimage\"},\"thumbnailUrl\":\"https:\\\/\\\/www.honlufoodtrailer.com\\\/wp-content\\\/uploads\\\/2022\\\/01\\\/7-Eight-meters-galvanized-sheet-material-food-trailer.jpg\",\"datePublished\":\"2022-02-23T07:15:51+00:00\",\"dateModified\":\"2024-05-24T02:29:53+00:00\",\"description\":\"This is one of our custom eight-meter food trailers, the top of the front and rear are designed with a small arc. Due to the eight-meter-long body, we customized two oversized service windows for our customers. The workbench and inner wall inside the car body are all made of food-grade stainless steel. We would like to purchase other types of equipment based on customers' needs.\",\"breadcrumb\":{\"@id\":\"https:\\\/\\\/www.honlufoodtrailer.com\\\/product\\\/eight-meters-galvanized-food-trailer\\\/#breadcrumb\"},\"inLanguage\":\"es\",\"potentialAction\":[{\"@type\":\"ReadAction\",\"target\":[\"https:\\\/\\\/www.honlufoodtrailer.com\\\/product\\\/eight-meters-galvanized-food-trailer\\\/\"]}]},{\"@type\":\"ImageObject\",\"inLanguage\":\"es\",\"@id\":\"https:\\\/\\\/www.honlufoodtrailer.com\\\/product\\\/eight-meters-galvanized-food-trailer\\\/#primaryimage\",\"url\":\"https:\\\/\\\/www.honlufoodtrailer.com\\\/wp-content\\\/uploads\\\/2022\\\/01\\\/7-Eight-meters-galvanized-sheet-material-food-trailer.jpg\",\"contentUrl\":\"https:\\\/\\\/www.honlufoodtrailer.com\\\/wp-content\\\/uploads\\\/2022\\\/01\\\/7-Eight-meters-galvanized-sheet-material-food-trailer.jpg\"},{\"@type\":\"BreadcrumbList\",\"@id\":\"https:\\\/\\\/www.honlufoodtrailer.com\\\/product\\\/eight-meters-galvanized-food-trailer\\\/#breadcrumb\",\"itemListElement\":[{\"@type\":\"ListItem\",\"position\":1,\"name\":\"Home\",\"item\":\"https:\\\/\\\/www.honlufoodtrailer.com\\\/\"},{\"@type\":\"ListItem\",\"position\":2,\"name\":\"\u4ea7\u54c1\",\"item\":\"https:\\\/\\\/www.honlufoodtrailer.com\\\/shop\\\/\"},{\"@type\":\"ListItem\",\"position\":3,\"name\":\"Eight Meters Galvanized Food Trailer\"}]},{\"@type\":\"WebSite\",\"@id\":\"https:\\\/\\\/www.honlufoodtrailer.com\\\/#website\",\"url\":\"https:\\\/\\\/www.honlufoodtrailer.com\\\/\",\"name\":\"Honlu food trailer\",\"description\":\"\",\"publisher\":{\"@id\":\"https:\\\/\\\/www.honlufoodtrailer.com\\\/#organization\"},\"potentialAction\":[{\"@type\":\"SearchAction\",\"target\":{\"@type\":\"EntryPoint\",\"urlTemplate\":\"https:\\\/\\\/www.honlufoodtrailer.com\\\/?s={search_term_string}\"},\"query-input\":{\"@type\":\"PropertyValueSpecification\",\"valueRequired\":true,\"valueName\":\"search_term_string\"}}],\"inLanguage\":\"es\"},{\"@type\":\"Organization\",\"@id\":\"https:\\\/\\\/www.honlufoodtrailer.com\\\/#organization\",\"name\":\"Honlu food trailer\",\"url\":\"https:\\\/\\\/www.honlufoodtrailer.com\\\/\",\"logo\":{\"@type\":\"ImageObject\",\"inLanguage\":\"es\",\"@id\":\"https:\\\/\\\/www.honlufoodtrailer.com\\\/#\\\/schema\\\/logo\\\/image\\\/\",\"url\":\"https:\\\/\\\/www.honlufoodtrailer.com\\\/wp-content\\\/uploads\\\/2021\\\/12\\\/2.gif\",\"contentUrl\":\"https:\\\/\\\/www.honlufoodtrailer.com\\\/wp-content\\\/uploads\\\/2021\\\/12\\\/2.gif\",\"width\":350,\"height\":100,\"caption\":\"Honlu food trailer\"},\"image\":{\"@id\":\"https:\\\/\\\/www.honlufoodtrailer.com\\\/#\\\/schema\\\/logo\\\/image\\\/\"}}]}<\/script>\n<!-- \/ Yoast SEO plugin. -->","yoast_head_json":{"title":"Ocho metros galvanizado remolque de alimentos de China - Honlu Food Trailer","description":"Este es uno de nuestros remolques de alimentos personalizados de ocho metros, la parte superior de la parte delantera y trasera est\u00e1n dise\u00f1adas con un peque\u00f1o arco. Debido a la carrocer\u00eda de ocho metros de largo, hemos personalizado dos ventanas de servicio de gran tama\u00f1o para nuestros clientes. El banco de trabajo y la pared interior de la carrocer\u00eda son de acero inoxidable de calidad alimentaria. Nos gustar\u00eda adquirir otros tipos de equipamiento en funci\u00f3n de las necesidades de los clientes.","robots":{"index":"index","follow":"follow","max-snippet":"max-snippet:-1","max-image-preview":"max-image-preview:large","max-video-preview":"max-video-preview:-1"},"canonical":"https:\/\/www.honlufoodtrailer.com\/es\/producto\/eight-meters-galvanized-food-trailer\/","og_locale":"es_ES","og_type":"article","og_title":"Eight Meters Galvanized Food Trailer From China - Honlu Food Trailer","og_description":"This is one of our custom eight-meter food trailers, the top of the front and rear are designed with a small arc. Due to the eight-meter-long body, we customized two oversized service windows for our customers. The workbench and inner wall inside the car body are all made of food-grade stainless steel. We would like to purchase other types of equipment based on customers' needs.","og_url":"https:\/\/www.honlufoodtrailer.com\/es\/producto\/eight-meters-galvanized-food-trailer\/","og_site_name":"Honlu food trailer","article_modified_time":"2024-05-24T02:29:53+00:00","og_image":[{"width":720,"height":540,"url":"https:\/\/www.honlufoodtrailer.com\/wp-content\/uploads\/2022\/01\/1-Eight-meters-galvanized-sheet-material-food-trailer.jpg","type":"image\/jpeg"}],"twitter_card":"summary_large_image","twitter_misc":{"Tiempo de lectura":"2 minutos"},"schema":{"@context":"https:\/\/schema.org","@graph":[{"@type":"WebPage","@id":"https:\/\/www.honlufoodtrailer.com\/product\/eight-meters-galvanized-food-trailer\/","url":"https:\/\/www.honlufoodtrailer.com\/product\/eight-meters-galvanized-food-trailer\/","name":"Ocho metros galvanizado remolque de alimentos de China - Honlu Food Trailer","isPartOf":{"@id":"https:\/\/www.honlufoodtrailer.com\/#website"},"primaryImageOfPage":{"@id":"https:\/\/www.honlufoodtrailer.com\/product\/eight-meters-galvanized-food-trailer\/#primaryimage"},"image":{"@id":"https:\/\/www.honlufoodtrailer.com\/product\/eight-meters-galvanized-food-trailer\/#primaryimage"},"thumbnailUrl":"https:\/\/www.honlufoodtrailer.com\/wp-content\/uploads\/2022\/01\/7-Eight-meters-galvanized-sheet-material-food-trailer.jpg","datePublished":"2022-02-23T07:15:51+00:00","dateModified":"2024-05-24T02:29:53+00:00","description":"Este es uno de nuestros remolques de alimentos personalizados de ocho metros, la parte superior de la parte delantera y trasera est\u00e1n dise\u00f1adas con un peque\u00f1o arco. Debido a la carrocer\u00eda de ocho metros de largo, hemos personalizado dos ventanas de servicio de gran tama\u00f1o para nuestros clientes. El banco de trabajo y la pared interior de la carrocer\u00eda son de acero inoxidable de calidad alimentaria. Nos gustar\u00eda adquirir otros tipos de equipamiento en funci\u00f3n de las necesidades de los clientes.","breadcrumb":{"@id":"https:\/\/www.honlufoodtrailer.com\/product\/eight-meters-galvanized-food-trailer\/#breadcrumb"},"inLanguage":"es","potentialAction":[{"@type":"ReadAction","target":["https:\/\/www.honlufoodtrailer.com\/product\/eight-meters-galvanized-food-trailer\/"]}]},{"@type":"ImageObject","inLanguage":"es","@id":"https:\/\/www.honlufoodtrailer.com\/product\/eight-meters-galvanized-food-trailer\/#primaryimage","url":"https:\/\/www.honlufoodtrailer.com\/wp-content\/uploads\/2022\/01\/7-Eight-meters-galvanized-sheet-material-food-trailer.jpg","contentUrl":"https:\/\/www.honlufoodtrailer.com\/wp-content\/uploads\/2022\/01\/7-Eight-meters-galvanized-sheet-material-food-trailer.jpg"},{"@type":"BreadcrumbList","@id":"https:\/\/www.honlufoodtrailer.com\/product\/eight-meters-galvanized-food-trailer\/#breadcrumb","itemListElement":[{"@type":"ListItem","position":1,"name":"Home","item":"https:\/\/www.honlufoodtrailer.com\/"},{"@type":"ListItem","position":2,"name":"\u4ea7\u54c1","item":"https:\/\/www.honlufoodtrailer.com\/shop\/"},{"@type":"ListItem","position":3,"name":"Eight Meters Galvanized Food Trailer"}]},{"@type":"WebSite","@id":"https:\/\/www.honlufoodtrailer.com\/#website","url":"https:\/\/www.honlufoodtrailer.com\/","name":"Remolque de comida Honlu","description":"","publisher":{"@id":"https:\/\/www.honlufoodtrailer.com\/#organization"},"potentialAction":[{"@type":"SearchAction","target":{"@type":"EntryPoint","urlTemplate":"https:\/\/www.honlufoodtrailer.com\/?s={search_term_string}"},"query-input":{"@type":"PropertyValueSpecification","valueRequired":true,"valueName":"search_term_string"}}],"inLanguage":"es"},{"@type":"Organization","@id":"https:\/\/www.honlufoodtrailer.com\/#organization","name":"Remolque de comida Honlu","url":"https:\/\/www.honlufoodtrailer.com\/","logo":{"@type":"ImageObject","inLanguage":"es","@id":"https:\/\/www.honlufoodtrailer.com\/#\/schema\/logo\/image\/","url":"https:\/\/www.honlufoodtrailer.com\/wp-content\/uploads\/2021\/12\/2.gif","contentUrl":"https:\/\/www.honlufoodtrailer.com\/wp-content\/uploads\/2021\/12\/2.gif","width":350,"height":100,"caption":"Honlu food trailer"},"image":{"@id":"https:\/\/www.honlufoodtrailer.com\/#\/schema\/logo\/image\/"}}]}},"_links":{"self":[{"href":"https:\/\/www.honlufoodtrailer.com\/es\/wp-json\/wp\/v2\/product\/2650","targetHints":{"allow":["GET"]}}],"collection":[{"href":"https:\/\/www.honlufoodtrailer.com\/es\/wp-json\/wp\/v2\/product"}],"about":[{"href":"https:\/\/www.honlufoodtrailer.com\/es\/wp-json\/wp\/v2\/types\/product"}],"version-history":[{"count":5,"href":"https:\/\/www.honlufoodtrailer.com\/es\/wp-json\/wp\/v2\/product\/2650\/revisions"}],"predecessor-version":[{"id":7692,"href":"https:\/\/www.honlufoodtrailer.com\/es\/wp-json\/wp\/v2\/product\/2650\/revisions\/7692"}],"wp:attachment":[{"href":"https:\/\/www.honlufoodtrailer.com\/es\/wp-json\/wp\/v2\/media?parent=2650"}],"wp:term":[{"taxonomy":"product_brand","embeddable":true,"href":"https:\/\/www.honlufoodtrailer.com\/es\/wp-json\/wp\/v2\/product_brand?post=2650"},{"taxonomy":"product_cat","embeddable":true,"href":"https:\/\/www.honlufoodtrailer.com\/es\/wp-json\/wp\/v2\/product_cat?post=2650"},{"taxonomy":"product_tag","embeddable":true,"href":"https:\/\/www.honlufoodtrailer.com\/es\/wp-json\/wp\/v2\/product_tag?post=2650"}],"curies":[{"name":"wp","href":"https:\/\/api.w.org\/{rel}","templated":true}]}}