{"id":2738,"date":"2022-02-08T15:32:24","date_gmt":"2022-02-08T07:32:24","guid":{"rendered":"https:\/\/www.honlufoodtrailer.com\/?post_type=product&#038;p=2738"},"modified":"2024-12-11T10:27:03","modified_gmt":"2024-12-11T02:27:03","slug":"standard-black-square-food-trailer","status":"publish","type":"product","link":"https:\/\/www.honlufoodtrailer.com\/es\/product\/standard-black-square-food-trailer\/","title":{"rendered":"Remolque alimentario cuadrado negro est\u00e1ndar Normas australianas"},"content":{"rendered":"<p data-spm-anchor-id=\"a2700.wholesale.0.i28.29e52808agqc7f\">Se trata de un remolque alimentario cuadrado negro est\u00e1ndar para clientes australianos. Todo el veh\u00edculo adopta carrocer\u00eda y mesa de operaciones de acero inoxidable. La estructura interna s\u00f3lo est\u00e1 equipada con tres fregaderos y una potente campana extractora seg\u00fan las necesidades del cliente. Este cliente est\u00e1 muy satisfecho con el remolque y est\u00e1 encantado de ayudar a otros clientes de Australia. Puede conocer m\u00e1s detalles en esta p\u00e1gina: <a href=\"https:\/\/www.honlufoodtrailer.com\/es\/australian-customer\/\"><em>Cliente australiano<\/em><\/a><\/p>\n<p data-spm-anchor-id=\"a2700.wholesale.0.i28.29e52808agqc7f\">El color de este remolque cuadrado lo eligi\u00f3 el propio Justin seg\u00fan la carta de colores. Pens\u00f3 que este color ser\u00eda m\u00e1s atractivo para los clientes si se combinaba con luces de colores por la noche. Por supuesto, result\u00f3 que su elecci\u00f3n fue muy acertada.<\/p>\n<p data-spm-anchor-id=\"a2700.wholesale.0.i28.29e52808agqc7f\"><img fetchpriority=\"high\" decoding=\"async\" class=\"size-full wp-image-1150 aligncenter\" src=\"https:\/\/www.honlufoodtrailer.com\/wp-content\/uploads\/2021\/12\/Australia-customer-feedback-picture-2.jpg\" alt=\"\" width=\"720\" height=\"540\" srcset=\"https:\/\/www.honlufoodtrailer.com\/wp-content\/uploads\/2021\/12\/Australia-customer-feedback-picture-2.jpg 720w, https:\/\/www.honlufoodtrailer.com\/wp-content\/uploads\/2021\/12\/Australia-customer-feedback-picture-2-300x225.jpg 300w\" sizes=\"(max-width: 720px) 100vw, 720px\" \/><\/p>\n<p data-spm-anchor-id=\"a2700.wholesale.0.i28.29e52808agqc7f\">Algunos accesorios del interior del remolque tambi\u00e9n se hicieron a medida seg\u00fan la petici\u00f3n de Justin, como la conversi\u00f3n de un fregadero doble en uno triple, enchufes y tomas de corriente especiales, vallas publicitarias en el techo, etc.<\/p>\n<figure id=\"attachment_2748\" aria-describedby=\"caption-attachment-2748\" style=\"width: 1440px\" class=\"wp-caption alignnone\"><img decoding=\"async\" class=\"size-full wp-image-2748\" src=\"https:\/\/www.honlufoodtrailer.com\/wp-content\/uploads\/2022\/02\/Detail-image-Standard-black-square-food-trailer-21-8032.jpg\" alt=\"Detalle de la imagen-Est\u00e1ndar de remolque alimentario cuadrado negro-21-8032\" width=\"1440\" height=\"1080\" srcset=\"https:\/\/www.honlufoodtrailer.com\/wp-content\/uploads\/2022\/02\/Detail-image-Standard-black-square-food-trailer-21-8032.jpg 1440w, https:\/\/www.honlufoodtrailer.com\/wp-content\/uploads\/2022\/02\/Detail-image-Standard-black-square-food-trailer-21-8032-300x225.jpg 300w, https:\/\/www.honlufoodtrailer.com\/wp-content\/uploads\/2022\/02\/Detail-image-Standard-black-square-food-trailer-21-8032-720x540.jpg 720w, https:\/\/www.honlufoodtrailer.com\/wp-content\/uploads\/2022\/02\/Detail-image-Standard-black-square-food-trailer-21-8032-768x576.jpg 768w\" sizes=\"(max-width: 1440px) 100vw, 1440px\" \/><figcaption id=\"caption-attachment-2748\" class=\"wp-caption-text\">Detalle de la imagen-Est\u00e1ndar de remolque alimentario cuadrado negro-21-8032<\/figcaption><\/figure>\n<p>Todo el remolque es compacto y f\u00e1cil de usar. Es el modelo preferido para iniciar negocios de comida r\u00e1pida, pedidos de compra al por mayor en centros comerciales, gesti\u00f3n unificada de comida r\u00e1pida en la calle y picnics familiares. Tambi\u00e9n se puede aplicar para vender cualquier cosa, desde perritos calientes, operaciones al por menor, operaciones de flores, s\u00e1ndwiches, caf\u00e9, helados, etc. Tenemos la certificaci\u00f3n CE para ayudarle a iniciar un negocio m\u00f3vil.<\/p>\n<h3 class=\"magic-6\" data-spm-anchor-id=\"a2700.wholesale.0.i28.29e52808agqc7f\">Caracter\u00edsticas principales del remolque cuadrado para alimentos<\/h3>\n<div class=\"magic-7\">\n<div class=\"magic-8\">\n<div class=\"magic-9\" data-id=\"paragraph0\">\n<ol>\n<li>Aspecto moderno personalizable;<\/li>\n<li>Cuerpo del remolque de acero inoxidable&amp; estructura interna, buena resistencia al calor, resistencia al desgaste, resistencia a la corrosi\u00f3n;<\/li>\n<li>Accesorios modernos y avanzados equipados en el remolque m\u00f3vil de alimentos;<\/li>\n<li>Es resistente a los golpes y a la corrosi\u00f3n, resistente al calor y tiene una gran solidez del color, no se deforma, es impermeable y tiene una larga vida \u00fatil;<\/li>\n<li>Estaremos encantados de modificarlo seg\u00fan sus necesidades.<\/li>\n<\/ol>\n<h3>Dibujo gratuito de planos 2D\/3D<\/h3>\n<p>Una vez confirmadas las dimensiones del remolque de alimentos y el equipamiento interno de la cocina, podemos proporcionarle gratuitamente dibujos en 3D. Esto le dar\u00e1 una idea m\u00e1s clara de su dise\u00f1o y de su carro de comida. Al confirmar la ubicaci\u00f3n del equipo de cocina, podemos comunicarnos claramente con usted a trav\u00e9s del plano de planta. Tambi\u00e9n podemos proporcionarle documentos originales para facilitar su dise\u00f1o y realizar ajustes.<\/p>\n<\/div>\n<\/div>\n<\/div>","protected":false},"excerpt":{"rendered":"<p data-spm-anchor-id=\"a2700.wholesale.0.i28.29e52808agqc7f\">Se trata de un remolque alimentario cuadrado negro est\u00e1ndar para clientes australianos. Todo el veh\u00edculo adopta carrocer\u00eda y mesa de operaciones de acero inoxidable. La estructura interna s\u00f3lo est\u00e1 equipada con tres fregaderos y una potente campana extractora seg\u00fan las necesidades del cliente.<\/p>","protected":false},"featured_media":2740,"template":"","meta":{"_themeisle_gutenberg_block_has_review":false},"product_brand":[],"product_cat":[26],"product_tag":[33,45,38,50],"class_list":{"0":"post-2738","1":"product","2":"type-product","3":"status-publish","4":"has-post-thumbnail","6":"product_cat-product","7":"product_tag-customized-trailer","8":"product_tag-large-food-trailer","9":"product_tag-mobile-food-trailer","10":"product_tag-standard-configuration","12":"first","13":"instock","14":"shipping-taxable","15":"product-type-simple"},"yoast_head":"<!-- This site is optimized with the Yoast SEO plugin v27.4 - https:\/\/yoast.com\/product\/yoast-seo-wordpress\/ -->\n<title>Standard Black Square Food Trailer From China Factory - Honlu Food Trailer<\/title>\n<meta name=\"description\" content=\"This is a standard black square food trailer for Australian customers. The whole vehicle adopts stainless steel body and operating table. The internal structure is only equipped with three sinks and a powerful range hood according to customer needs.\" \/>\n<meta name=\"robots\" content=\"index, follow, max-snippet:-1, max-image-preview:large, max-video-preview:-1\" \/>\n<link rel=\"canonical\" href=\"https:\/\/www.honlufoodtrailer.com\/es\/producto\/standard-black-square-food-trailer\/\" \/>\n<meta property=\"og:locale\" content=\"es_ES\" \/>\n<meta property=\"og:type\" content=\"article\" \/>\n<meta property=\"og:title\" content=\"Standard Black Square Food Trailer From China Factory - Honlu Food Trailer\" \/>\n<meta property=\"og:description\" content=\"This is a standard black square food trailer for Australian customers. The whole vehicle adopts stainless steel body and operating table. The internal structure is only equipped with three sinks and a powerful range hood according to customer needs.\" \/>\n<meta property=\"og:url\" content=\"https:\/\/www.honlufoodtrailer.com\/es\/producto\/standard-black-square-food-trailer\/\" \/>\n<meta property=\"og:site_name\" content=\"Honlu food trailer\" \/>\n<meta property=\"article:modified_time\" content=\"2024-12-11T02:27:03+00:00\" \/>\n<meta property=\"og:image\" content=\"https:\/\/www.honlufoodtrailer.com\/wp-content\/uploads\/2022\/02\/Standard-black-square-food-trailer-21-8032-1.jpg\" \/>\n\t<meta property=\"og:image:width\" content=\"720\" \/>\n\t<meta property=\"og:image:height\" content=\"540\" \/>\n\t<meta property=\"og:image:type\" content=\"image\/jpeg\" \/>\n<meta name=\"twitter:card\" content=\"summary_large_image\" \/>\n<meta name=\"twitter:label1\" content=\"Tiempo de lectura\" \/>\n\t<meta name=\"twitter:data1\" content=\"2 minutos\" \/>\n<script type=\"application\/ld+json\" class=\"yoast-schema-graph\">{\"@context\":\"https:\\\/\\\/schema.org\",\"@graph\":[{\"@type\":\"WebPage\",\"@id\":\"https:\\\/\\\/www.honlufoodtrailer.com\\\/product\\\/standard-black-square-food-trailer\\\/\",\"url\":\"https:\\\/\\\/www.honlufoodtrailer.com\\\/product\\\/standard-black-square-food-trailer\\\/\",\"name\":\"Standard Black Square Food Trailer From China Factory - Honlu Food Trailer\",\"isPartOf\":{\"@id\":\"https:\\\/\\\/www.honlufoodtrailer.com\\\/#website\"},\"primaryImageOfPage\":{\"@id\":\"https:\\\/\\\/www.honlufoodtrailer.com\\\/product\\\/standard-black-square-food-trailer\\\/#primaryimage\"},\"image\":{\"@id\":\"https:\\\/\\\/www.honlufoodtrailer.com\\\/product\\\/standard-black-square-food-trailer\\\/#primaryimage\"},\"thumbnailUrl\":\"https:\\\/\\\/www.honlufoodtrailer.com\\\/wp-content\\\/uploads\\\/2022\\\/02\\\/Standard-black-square-food-trailer-21-8032-1.jpg\",\"datePublished\":\"2022-02-08T07:32:24+00:00\",\"dateModified\":\"2024-12-11T02:27:03+00:00\",\"description\":\"This is a standard black square food trailer for Australian customers. The whole vehicle adopts stainless steel body and operating table. The internal structure is only equipped with three sinks and a powerful range hood according to customer needs.\",\"breadcrumb\":{\"@id\":\"https:\\\/\\\/www.honlufoodtrailer.com\\\/product\\\/standard-black-square-food-trailer\\\/#breadcrumb\"},\"inLanguage\":\"es\",\"potentialAction\":[{\"@type\":\"ReadAction\",\"target\":[\"https:\\\/\\\/www.honlufoodtrailer.com\\\/product\\\/standard-black-square-food-trailer\\\/\"]}]},{\"@type\":\"ImageObject\",\"inLanguage\":\"es\",\"@id\":\"https:\\\/\\\/www.honlufoodtrailer.com\\\/product\\\/standard-black-square-food-trailer\\\/#primaryimage\",\"url\":\"https:\\\/\\\/www.honlufoodtrailer.com\\\/wp-content\\\/uploads\\\/2022\\\/02\\\/Standard-black-square-food-trailer-21-8032-1.jpg\",\"contentUrl\":\"https:\\\/\\\/www.honlufoodtrailer.com\\\/wp-content\\\/uploads\\\/2022\\\/02\\\/Standard-black-square-food-trailer-21-8032-1.jpg\",\"width\":720,\"height\":540,\"caption\":\"Standard black square food trailer-21-8032 (1)\"},{\"@type\":\"BreadcrumbList\",\"@id\":\"https:\\\/\\\/www.honlufoodtrailer.com\\\/product\\\/standard-black-square-food-trailer\\\/#breadcrumb\",\"itemListElement\":[{\"@type\":\"ListItem\",\"position\":1,\"name\":\"Home\",\"item\":\"https:\\\/\\\/www.honlufoodtrailer.com\\\/\"},{\"@type\":\"ListItem\",\"position\":2,\"name\":\"\u4ea7\u54c1\",\"item\":\"https:\\\/\\\/www.honlufoodtrailer.com\\\/shop\\\/\"},{\"@type\":\"ListItem\",\"position\":3,\"name\":\"Standard Black Square Food Trailer Australian standards\"}]},{\"@type\":\"WebSite\",\"@id\":\"https:\\\/\\\/www.honlufoodtrailer.com\\\/#website\",\"url\":\"https:\\\/\\\/www.honlufoodtrailer.com\\\/\",\"name\":\"Honlu food trailer\",\"description\":\"\",\"publisher\":{\"@id\":\"https:\\\/\\\/www.honlufoodtrailer.com\\\/#organization\"},\"potentialAction\":[{\"@type\":\"SearchAction\",\"target\":{\"@type\":\"EntryPoint\",\"urlTemplate\":\"https:\\\/\\\/www.honlufoodtrailer.com\\\/?s={search_term_string}\"},\"query-input\":{\"@type\":\"PropertyValueSpecification\",\"valueRequired\":true,\"valueName\":\"search_term_string\"}}],\"inLanguage\":\"es\"},{\"@type\":\"Organization\",\"@id\":\"https:\\\/\\\/www.honlufoodtrailer.com\\\/#organization\",\"name\":\"Honlu food trailer\",\"url\":\"https:\\\/\\\/www.honlufoodtrailer.com\\\/\",\"logo\":{\"@type\":\"ImageObject\",\"inLanguage\":\"es\",\"@id\":\"https:\\\/\\\/www.honlufoodtrailer.com\\\/#\\\/schema\\\/logo\\\/image\\\/\",\"url\":\"https:\\\/\\\/www.honlufoodtrailer.com\\\/wp-content\\\/uploads\\\/2021\\\/12\\\/2.gif\",\"contentUrl\":\"https:\\\/\\\/www.honlufoodtrailer.com\\\/wp-content\\\/uploads\\\/2021\\\/12\\\/2.gif\",\"width\":350,\"height\":100,\"caption\":\"Honlu food trailer\"},\"image\":{\"@id\":\"https:\\\/\\\/www.honlufoodtrailer.com\\\/#\\\/schema\\\/logo\\\/image\\\/\"}}]}<\/script>\n<!-- \/ Yoast SEO plugin. -->","yoast_head_json":{"title":"Remolque cuadrado negro est\u00e1ndar del alimento de la f\u00e1brica de China - remolque del alimento de Honlu","description":"Se trata de un remolque alimentario cuadrado negro est\u00e1ndar para clientes australianos. Todo el veh\u00edculo adopta carrocer\u00eda y mesa de operaciones de acero inoxidable. La estructura interna s\u00f3lo est\u00e1 equipada con tres fregaderos y una potente campana extractora seg\u00fan las necesidades del cliente.","robots":{"index":"index","follow":"follow","max-snippet":"max-snippet:-1","max-image-preview":"max-image-preview:large","max-video-preview":"max-video-preview:-1"},"canonical":"https:\/\/www.honlufoodtrailer.com\/es\/producto\/standard-black-square-food-trailer\/","og_locale":"es_ES","og_type":"article","og_title":"Standard Black Square Food Trailer From China Factory - Honlu Food Trailer","og_description":"This is a standard black square food trailer for Australian customers. The whole vehicle adopts stainless steel body and operating table. The internal structure is only equipped with three sinks and a powerful range hood according to customer needs.","og_url":"https:\/\/www.honlufoodtrailer.com\/es\/producto\/standard-black-square-food-trailer\/","og_site_name":"Honlu food trailer","article_modified_time":"2024-12-11T02:27:03+00:00","og_image":[{"width":720,"height":540,"url":"https:\/\/www.honlufoodtrailer.com\/wp-content\/uploads\/2022\/02\/Standard-black-square-food-trailer-21-8032-1.jpg","type":"image\/jpeg"}],"twitter_card":"summary_large_image","twitter_misc":{"Tiempo de lectura":"2 minutos"},"schema":{"@context":"https:\/\/schema.org","@graph":[{"@type":"WebPage","@id":"https:\/\/www.honlufoodtrailer.com\/product\/standard-black-square-food-trailer\/","url":"https:\/\/www.honlufoodtrailer.com\/product\/standard-black-square-food-trailer\/","name":"Remolque cuadrado negro est\u00e1ndar del alimento de la f\u00e1brica de China - remolque del alimento de Honlu","isPartOf":{"@id":"https:\/\/www.honlufoodtrailer.com\/#website"},"primaryImageOfPage":{"@id":"https:\/\/www.honlufoodtrailer.com\/product\/standard-black-square-food-trailer\/#primaryimage"},"image":{"@id":"https:\/\/www.honlufoodtrailer.com\/product\/standard-black-square-food-trailer\/#primaryimage"},"thumbnailUrl":"https:\/\/www.honlufoodtrailer.com\/wp-content\/uploads\/2022\/02\/Standard-black-square-food-trailer-21-8032-1.jpg","datePublished":"2022-02-08T07:32:24+00:00","dateModified":"2024-12-11T02:27:03+00:00","description":"Se trata de un remolque alimentario cuadrado negro est\u00e1ndar para clientes australianos. Todo el veh\u00edculo adopta carrocer\u00eda y mesa de operaciones de acero inoxidable. La estructura interna s\u00f3lo est\u00e1 equipada con tres fregaderos y una potente campana extractora seg\u00fan las necesidades del cliente.","breadcrumb":{"@id":"https:\/\/www.honlufoodtrailer.com\/product\/standard-black-square-food-trailer\/#breadcrumb"},"inLanguage":"es","potentialAction":[{"@type":"ReadAction","target":["https:\/\/www.honlufoodtrailer.com\/product\/standard-black-square-food-trailer\/"]}]},{"@type":"ImageObject","inLanguage":"es","@id":"https:\/\/www.honlufoodtrailer.com\/product\/standard-black-square-food-trailer\/#primaryimage","url":"https:\/\/www.honlufoodtrailer.com\/wp-content\/uploads\/2022\/02\/Standard-black-square-food-trailer-21-8032-1.jpg","contentUrl":"https:\/\/www.honlufoodtrailer.com\/wp-content\/uploads\/2022\/02\/Standard-black-square-food-trailer-21-8032-1.jpg","width":720,"height":540,"caption":"Standard black square food trailer-21-8032 (1)"},{"@type":"BreadcrumbList","@id":"https:\/\/www.honlufoodtrailer.com\/product\/standard-black-square-food-trailer\/#breadcrumb","itemListElement":[{"@type":"ListItem","position":1,"name":"Home","item":"https:\/\/www.honlufoodtrailer.com\/"},{"@type":"ListItem","position":2,"name":"\u4ea7\u54c1","item":"https:\/\/www.honlufoodtrailer.com\/shop\/"},{"@type":"ListItem","position":3,"name":"Standard Black Square Food Trailer Australian standards"}]},{"@type":"WebSite","@id":"https:\/\/www.honlufoodtrailer.com\/#website","url":"https:\/\/www.honlufoodtrailer.com\/","name":"Remolque de comida Honlu","description":"","publisher":{"@id":"https:\/\/www.honlufoodtrailer.com\/#organization"},"potentialAction":[{"@type":"SearchAction","target":{"@type":"EntryPoint","urlTemplate":"https:\/\/www.honlufoodtrailer.com\/?s={search_term_string}"},"query-input":{"@type":"PropertyValueSpecification","valueRequired":true,"valueName":"search_term_string"}}],"inLanguage":"es"},{"@type":"Organization","@id":"https:\/\/www.honlufoodtrailer.com\/#organization","name":"Remolque de comida Honlu","url":"https:\/\/www.honlufoodtrailer.com\/","logo":{"@type":"ImageObject","inLanguage":"es","@id":"https:\/\/www.honlufoodtrailer.com\/#\/schema\/logo\/image\/","url":"https:\/\/www.honlufoodtrailer.com\/wp-content\/uploads\/2021\/12\/2.gif","contentUrl":"https:\/\/www.honlufoodtrailer.com\/wp-content\/uploads\/2021\/12\/2.gif","width":350,"height":100,"caption":"Honlu food trailer"},"image":{"@id":"https:\/\/www.honlufoodtrailer.com\/#\/schema\/logo\/image\/"}}]}},"_links":{"self":[{"href":"https:\/\/www.honlufoodtrailer.com\/es\/wp-json\/wp\/v2\/product\/2738","targetHints":{"allow":["GET"]}}],"collection":[{"href":"https:\/\/www.honlufoodtrailer.com\/es\/wp-json\/wp\/v2\/product"}],"about":[{"href":"https:\/\/www.honlufoodtrailer.com\/es\/wp-json\/wp\/v2\/types\/product"}],"version-history":[{"count":2,"href":"https:\/\/www.honlufoodtrailer.com\/es\/wp-json\/wp\/v2\/product\/2738\/revisions"}],"predecessor-version":[{"id":9292,"href":"https:\/\/www.honlufoodtrailer.com\/es\/wp-json\/wp\/v2\/product\/2738\/revisions\/9292"}],"wp:featuredmedia":[{"embeddable":true,"href":"https:\/\/www.honlufoodtrailer.com\/es\/wp-json\/wp\/v2\/media\/2740"}],"wp:attachment":[{"href":"https:\/\/www.honlufoodtrailer.com\/es\/wp-json\/wp\/v2\/media?parent=2738"}],"wp:term":[{"taxonomy":"product_brand","embeddable":true,"href":"https:\/\/www.honlufoodtrailer.com\/es\/wp-json\/wp\/v2\/product_brand?post=2738"},{"taxonomy":"product_cat","embeddable":true,"href":"https:\/\/www.honlufoodtrailer.com\/es\/wp-json\/wp\/v2\/product_cat?post=2738"},{"taxonomy":"product_tag","embeddable":true,"href":"https:\/\/www.honlufoodtrailer.com\/es\/wp-json\/wp\/v2\/product_tag?post=2738"}],"curies":[{"name":"wp","href":"https:\/\/api.w.org\/{rel}","templated":true}]}}