{"id":2883,"date":"2022-02-12T17:05:30","date_gmt":"2022-02-12T09:05:30","guid":{"rendered":"https:\/\/www.honlufoodtrailer.com\/?post_type=product&#038;p=2883"},"modified":"2024-06-06T14:54:34","modified_gmt":"2024-06-06T06:54:34","slug":"blue-square-food-trailer-with-double-lift-window","status":"publish","type":"product","link":"https:\/\/www.honlufoodtrailer.com\/es\/product\/blue-square-food-trailer-with-double-lift-window\/","title":{"rendered":"Remolque cuadrado azul para alimentos de 4 m con doble ventana elevable"},"content":{"rendered":"<p data-spm-anchor-id=\"a2700.wholesale.0.i28.29e52808agqc7f\">Se trata de un remolque de alimentos cuadrado azul personalizado. Todo el veh\u00edculo adopta cuerpo de acero inoxidable y mesa de operaciones. Se puede aplicar para la venta de cualquier cosa, desde perritos calientes, operaciones al por menor, operaciones de flores, s\u00e1ndwiches, caf\u00e9, helados, etc. Tenemos el certificado CE para ayudarle a iniciar un negocio m\u00f3vil.<\/p>\n<p data-spm-anchor-id=\"a2700.wholesale.0.i28.29e52808agqc7f\"><img fetchpriority=\"high\" decoding=\"async\" class=\"aligncenter size-full wp-image-2938\" src=\"https:\/\/www.honlufoodtrailer.com\/wp-content\/uploads\/2022\/02\/1-Customized-5.7M-blue-square-food-trailer-21-8145-1.jpg\" alt=\"Personalizado 5.7M azul cuadrado remolque de alimentos-21-8145 (1)\" width=\"720\" height=\"540\" srcset=\"https:\/\/www.honlufoodtrailer.com\/wp-content\/uploads\/2022\/02\/1-Customized-5.7M-blue-square-food-trailer-21-8145-1.jpg 720w, https:\/\/www.honlufoodtrailer.com\/wp-content\/uploads\/2022\/02\/1-Customized-5.7M-blue-square-food-trailer-21-8145-1-300x225.jpg 300w, https:\/\/www.honlufoodtrailer.com\/wp-content\/uploads\/2022\/02\/1-Customized-5.7M-blue-square-food-trailer-21-8145-1-480x360.jpg 480w\" sizes=\"(max-width: 720px) 100vw, 720px\" \/> <img decoding=\"async\" class=\"aligncenter size-full wp-image-2890\" src=\"https:\/\/www.honlufoodtrailer.com\/wp-content\/uploads\/2022\/02\/Blue-square-food-trailer-with-double-lift-window-21-8135-7.jpg\" alt=\"Remolque cuadrado azul para alimentos con doble ventana elevable-21-8135 (7)\" width=\"720\" height=\"540\" srcset=\"https:\/\/www.honlufoodtrailer.com\/wp-content\/uploads\/2022\/02\/Blue-square-food-trailer-with-double-lift-window-21-8135-7.jpg 720w, https:\/\/www.honlufoodtrailer.com\/wp-content\/uploads\/2022\/02\/Blue-square-food-trailer-with-double-lift-window-21-8135-7-300x225.jpg 300w\" sizes=\"(max-width: 720px) 100vw, 720px\" \/><\/p>\n<p data-spm-anchor-id=\"a2700.wholesale.0.i28.29e52808agqc7f\">Los remolques de comida tambi\u00e9n pueden denominarse carritos de comida, furgonetas de comida, camiones de comida, etc. Puede utilizarse para vender comida r\u00e1pida, aperitivos, peri\u00f3dicos, libros, etc. Consta de chasis, carrocer\u00eda, suelo, mesa de trabajo, sistema de agua, sistema el\u00e9ctrico. Los usuarios tambien pueden elegir el color que deseen. Nos gustaria comprar otros tipos de equipos si los clientes lo desean.<\/p>\n<p>Todo el remolque es compacto y f\u00e1cil de usar. Es el modelo preferido para iniciar negocios de comida r\u00e1pida, pedidos de compra al por mayor en centros comerciales, gesti\u00f3n unificada de comida r\u00e1pida en la calle y picnics familiares. Tambi\u00e9n se puede aplicar para vender cualquier cosa, desde perritos calientes, operaciones al por menor, operaciones de flores, s\u00e1ndwiches, caf\u00e9, helados, etc. Tenemos la certificaci\u00f3n CE para ayudarle a iniciar un negocio m\u00f3vil.<\/p>\n<p><img decoding=\"async\" class=\"aligncenter size-full wp-image-2887\" src=\"https:\/\/www.honlufoodtrailer.com\/wp-content\/uploads\/2022\/02\/Blue-square-food-trailer-with-double-lift-window-21-8135-4.jpg\" alt=\"Remolque cuadrado azul para alimentos con doble ventana elevable-21-8135 (4)\" width=\"720\" height=\"540\" srcset=\"https:\/\/www.honlufoodtrailer.com\/wp-content\/uploads\/2022\/02\/Blue-square-food-trailer-with-double-lift-window-21-8135-4.jpg 720w, https:\/\/www.honlufoodtrailer.com\/wp-content\/uploads\/2022\/02\/Blue-square-food-trailer-with-double-lift-window-21-8135-4-300x225.jpg 300w\" sizes=\"(max-width: 720px) 100vw, 720px\" \/> <img loading=\"lazy\" decoding=\"async\" class=\"aligncenter size-full wp-image-2885\" src=\"https:\/\/www.honlufoodtrailer.com\/wp-content\/uploads\/2022\/02\/Blue-square-food-trailer-with-double-lift-window-21-8135-2.jpg\" alt=\"Remolque cuadrado azul para alimentos con doble ventana elevable-21-8135 (2)\" width=\"720\" height=\"540\" srcset=\"https:\/\/www.honlufoodtrailer.com\/wp-content\/uploads\/2022\/02\/Blue-square-food-trailer-with-double-lift-window-21-8135-2.jpg 720w, https:\/\/www.honlufoodtrailer.com\/wp-content\/uploads\/2022\/02\/Blue-square-food-trailer-with-double-lift-window-21-8135-2-300x225.jpg 300w\" sizes=\"(max-width: 720px) 100vw, 720px\" \/><\/p>\n<h3 class=\"magic-6\" data-spm-anchor-id=\"a2700.wholesale.0.i28.29e52808agqc7f\">Caracter\u00edsticas principales del remolque cuadrado para alimentos<\/h3>\n<div class=\"magic-7\">\n<div class=\"magic-8\">\n<div class=\"magic-9\" data-id=\"paragraph0\">\n<ol>\n<li>Aspecto moderno personalizable;<\/li>\n<li>Cuerpo del remolque de acero inoxidable&amp; estructura interna, buena resistencia al calor, resistencia al desgaste, resistencia a la corrosi\u00f3n;<\/li>\n<li>Accesorios modernos y avanzados equipados en el remolque m\u00f3vil de alimentos;<\/li>\n<li>Es resistente a los golpes y a la corrosi\u00f3n, resistente al calor y tiene una gran solidez del color, no se deforma, es impermeable y tiene una larga vida \u00fatil;<\/li>\n<li>Estaremos encantados de modificarlo seg\u00fan sus necesidades.<\/li>\n<\/ol>\n<h3>Dibujo gratuito de planos 2D\/3D<\/h3>\n<p>Una vez confirmadas las dimensiones del remolque de alimentos y el equipamiento interno de la cocina, podemos proporcionarle gratuitamente dibujos en 3D. Esto le dar\u00e1 una idea m\u00e1s clara de su dise\u00f1o y de su carro de comida. Al confirmar la ubicaci\u00f3n del equipo de cocina, podemos comunicarnos claramente con usted a trav\u00e9s del plano de planta. Tambi\u00e9n podemos proporcionarle documentos originales para facilitar su dise\u00f1o y realizar ajustes.<\/p>\n<\/div>\n<\/div>\n<\/div>","protected":false},"excerpt":{"rendered":"<p data-spm-anchor-id=\"a2700.wholesale.0.i28.29e52808agqc7f\">Se trata de un remolque de alimentos cuadrado azul personalizado de 4 m. Todo el veh\u00edculo adopta cuerpo de acero inoxidable y mesa de operaciones. Se puede aplicar para la venta de cualquier cosa, desde perros calientes, operaciones de venta al por menor, operaciones de flores, s\u00e1ndwiches, caf\u00e9, helados, etc. Tenemos el certificado CE para ayudarle a iniciar un negocio m\u00f3vil.<\/p>","protected":false},"featured_media":2884,"template":"","meta":{"_themeisle_gutenberg_block_has_review":false},"product_brand":[],"product_cat":[26],"product_tag":[33,45,38,51,50],"class_list":{"0":"post-2883","1":"product","2":"type-product","3":"status-publish","4":"has-post-thumbnail","6":"product_cat-product","7":"product_tag-customized-trailer","8":"product_tag-large-food-trailer","9":"product_tag-mobile-food-trailer","10":"product_tag-square-food-trailer","11":"product_tag-standard-configuration","13":"first","14":"instock","15":"shipping-taxable","16":"product-type-simple"},"yoast_head":"<!-- This site is optimized with the Yoast SEO plugin v27.4 - https:\/\/yoast.com\/product\/yoast-seo-wordpress\/ -->\n<title>4m Blue square food trailer with double lift window - Honlu food trailer<\/title>\n<meta name=\"description\" content=\"This is a standard black square food trailer. The whole vehicle adopts stainless steel body and operating table. It can be applied for selling anything from hot dogs, retail operations, flower operations, sandwiches, coffee, ice cream, etc. We have CE certified to help you to start a mobile business.\" \/>\n<meta name=\"robots\" content=\"index, follow, max-snippet:-1, max-image-preview:large, max-video-preview:-1\" \/>\n<link rel=\"canonical\" href=\"https:\/\/www.honlufoodtrailer.com\/es\/producto\/blue-square-food-trailer-with-double-lift-window\/\" \/>\n<meta property=\"og:locale\" content=\"es_ES\" \/>\n<meta property=\"og:type\" content=\"article\" \/>\n<meta property=\"og:title\" content=\"4m Blue square food trailer with double lift window - Honlu food trailer\" \/>\n<meta property=\"og:description\" content=\"This is a standard black square food trailer. The whole vehicle adopts stainless steel body and operating table. It can be applied for selling anything from hot dogs, retail operations, flower operations, sandwiches, coffee, ice cream, etc. We have CE certified to help you to start a mobile business.\" \/>\n<meta property=\"og:url\" content=\"https:\/\/www.honlufoodtrailer.com\/es\/producto\/blue-square-food-trailer-with-double-lift-window\/\" \/>\n<meta property=\"og:site_name\" content=\"Honlu food trailer\" \/>\n<meta property=\"article:modified_time\" content=\"2024-06-06T06:54:34+00:00\" \/>\n<meta property=\"og:image\" content=\"https:\/\/www.honlufoodtrailer.com\/wp-content\/uploads\/2022\/02\/Blue-square-food-trailer-with-double-lift-window-21-8135-1.jpg\" \/>\n\t<meta property=\"og:image:width\" content=\"720\" \/>\n\t<meta property=\"og:image:height\" content=\"540\" \/>\n\t<meta property=\"og:image:type\" content=\"image\/jpeg\" \/>\n<meta name=\"twitter:card\" content=\"summary_large_image\" \/>\n<meta name=\"twitter:label1\" content=\"Tiempo de lectura\" \/>\n\t<meta name=\"twitter:data1\" content=\"2 minutos\" \/>\n<script type=\"application\/ld+json\" class=\"yoast-schema-graph\">{\"@context\":\"https:\\\/\\\/schema.org\",\"@graph\":[{\"@type\":\"WebPage\",\"@id\":\"https:\\\/\\\/www.honlufoodtrailer.com\\\/product\\\/blue-square-food-trailer-with-double-lift-window\\\/\",\"url\":\"https:\\\/\\\/www.honlufoodtrailer.com\\\/product\\\/blue-square-food-trailer-with-double-lift-window\\\/\",\"name\":\"4m Blue square food trailer with double lift window - Honlu food trailer\",\"isPartOf\":{\"@id\":\"https:\\\/\\\/www.honlufoodtrailer.com\\\/#website\"},\"primaryImageOfPage\":{\"@id\":\"https:\\\/\\\/www.honlufoodtrailer.com\\\/product\\\/blue-square-food-trailer-with-double-lift-window\\\/#primaryimage\"},\"image\":{\"@id\":\"https:\\\/\\\/www.honlufoodtrailer.com\\\/product\\\/blue-square-food-trailer-with-double-lift-window\\\/#primaryimage\"},\"thumbnailUrl\":\"https:\\\/\\\/www.honlufoodtrailer.com\\\/wp-content\\\/uploads\\\/2022\\\/02\\\/Blue-square-food-trailer-with-double-lift-window-21-8135-1.jpg\",\"datePublished\":\"2022-02-12T09:05:30+00:00\",\"dateModified\":\"2024-06-06T06:54:34+00:00\",\"description\":\"This is a standard black square food trailer. The whole vehicle adopts stainless steel body and operating table. It can be applied for selling anything from hot dogs, retail operations, flower operations, sandwiches, coffee, ice cream, etc. We have CE certified to help you to start a mobile business.\",\"breadcrumb\":{\"@id\":\"https:\\\/\\\/www.honlufoodtrailer.com\\\/product\\\/blue-square-food-trailer-with-double-lift-window\\\/#breadcrumb\"},\"inLanguage\":\"es\",\"potentialAction\":[{\"@type\":\"ReadAction\",\"target\":[\"https:\\\/\\\/www.honlufoodtrailer.com\\\/product\\\/blue-square-food-trailer-with-double-lift-window\\\/\"]}]},{\"@type\":\"ImageObject\",\"inLanguage\":\"es\",\"@id\":\"https:\\\/\\\/www.honlufoodtrailer.com\\\/product\\\/blue-square-food-trailer-with-double-lift-window\\\/#primaryimage\",\"url\":\"https:\\\/\\\/www.honlufoodtrailer.com\\\/wp-content\\\/uploads\\\/2022\\\/02\\\/Blue-square-food-trailer-with-double-lift-window-21-8135-1.jpg\",\"contentUrl\":\"https:\\\/\\\/www.honlufoodtrailer.com\\\/wp-content\\\/uploads\\\/2022\\\/02\\\/Blue-square-food-trailer-with-double-lift-window-21-8135-1.jpg\",\"width\":720,\"height\":540,\"caption\":\"Blue square food trailer with double lift window-21-8135 (1)\"},{\"@type\":\"BreadcrumbList\",\"@id\":\"https:\\\/\\\/www.honlufoodtrailer.com\\\/product\\\/blue-square-food-trailer-with-double-lift-window\\\/#breadcrumb\",\"itemListElement\":[{\"@type\":\"ListItem\",\"position\":1,\"name\":\"Home\",\"item\":\"https:\\\/\\\/www.honlufoodtrailer.com\\\/\"},{\"@type\":\"ListItem\",\"position\":2,\"name\":\"\u4ea7\u54c1\",\"item\":\"https:\\\/\\\/www.honlufoodtrailer.com\\\/shop\\\/\"},{\"@type\":\"ListItem\",\"position\":3,\"name\":\"4m Blue square food trailer with double lift window\"}]},{\"@type\":\"WebSite\",\"@id\":\"https:\\\/\\\/www.honlufoodtrailer.com\\\/#website\",\"url\":\"https:\\\/\\\/www.honlufoodtrailer.com\\\/\",\"name\":\"Honlu food trailer\",\"description\":\"\",\"publisher\":{\"@id\":\"https:\\\/\\\/www.honlufoodtrailer.com\\\/#organization\"},\"potentialAction\":[{\"@type\":\"SearchAction\",\"target\":{\"@type\":\"EntryPoint\",\"urlTemplate\":\"https:\\\/\\\/www.honlufoodtrailer.com\\\/?s={search_term_string}\"},\"query-input\":{\"@type\":\"PropertyValueSpecification\",\"valueRequired\":true,\"valueName\":\"search_term_string\"}}],\"inLanguage\":\"es\"},{\"@type\":\"Organization\",\"@id\":\"https:\\\/\\\/www.honlufoodtrailer.com\\\/#organization\",\"name\":\"Honlu food trailer\",\"url\":\"https:\\\/\\\/www.honlufoodtrailer.com\\\/\",\"logo\":{\"@type\":\"ImageObject\",\"inLanguage\":\"es\",\"@id\":\"https:\\\/\\\/www.honlufoodtrailer.com\\\/#\\\/schema\\\/logo\\\/image\\\/\",\"url\":\"https:\\\/\\\/www.honlufoodtrailer.com\\\/wp-content\\\/uploads\\\/2021\\\/12\\\/2.gif\",\"contentUrl\":\"https:\\\/\\\/www.honlufoodtrailer.com\\\/wp-content\\\/uploads\\\/2021\\\/12\\\/2.gif\",\"width\":350,\"height\":100,\"caption\":\"Honlu food trailer\"},\"image\":{\"@id\":\"https:\\\/\\\/www.honlufoodtrailer.com\\\/#\\\/schema\\\/logo\\\/image\\\/\"}}]}<\/script>\n<!-- \/ Yoast SEO plugin. -->","yoast_head_json":{"title":"4m Azul cuadrado remolque de alimentos con doble ventana de elevaci\u00f3n - Honlu remolque de alimentos","description":"Se trata de un remolque alimentario cuadrado negro est\u00e1ndar. Todo el veh\u00edculo adopta cuerpo de acero inoxidable y mesa de operaciones. Se puede aplicar para vender cualquier cosa, desde perritos calientes, operaciones al por menor, operaciones de flores, bocadillos, caf\u00e9, helados, etc. Tenemos el certificado CE para ayudarle a iniciar un negocio m\u00f3vil.","robots":{"index":"index","follow":"follow","max-snippet":"max-snippet:-1","max-image-preview":"max-image-preview:large","max-video-preview":"max-video-preview:-1"},"canonical":"https:\/\/www.honlufoodtrailer.com\/es\/producto\/blue-square-food-trailer-with-double-lift-window\/","og_locale":"es_ES","og_type":"article","og_title":"4m Blue square food trailer with double lift window - Honlu food trailer","og_description":"This is a standard black square food trailer. The whole vehicle adopts stainless steel body and operating table. It can be applied for selling anything from hot dogs, retail operations, flower operations, sandwiches, coffee, ice cream, etc. We have CE certified to help you to start a mobile business.","og_url":"https:\/\/www.honlufoodtrailer.com\/es\/producto\/blue-square-food-trailer-with-double-lift-window\/","og_site_name":"Honlu food trailer","article_modified_time":"2024-06-06T06:54:34+00:00","og_image":[{"width":720,"height":540,"url":"https:\/\/www.honlufoodtrailer.com\/wp-content\/uploads\/2022\/02\/Blue-square-food-trailer-with-double-lift-window-21-8135-1.jpg","type":"image\/jpeg"}],"twitter_card":"summary_large_image","twitter_misc":{"Tiempo de lectura":"2 minutos"},"schema":{"@context":"https:\/\/schema.org","@graph":[{"@type":"WebPage","@id":"https:\/\/www.honlufoodtrailer.com\/product\/blue-square-food-trailer-with-double-lift-window\/","url":"https:\/\/www.honlufoodtrailer.com\/product\/blue-square-food-trailer-with-double-lift-window\/","name":"4m Azul cuadrado remolque de alimentos con doble ventana de elevaci\u00f3n - Honlu remolque de alimentos","isPartOf":{"@id":"https:\/\/www.honlufoodtrailer.com\/#website"},"primaryImageOfPage":{"@id":"https:\/\/www.honlufoodtrailer.com\/product\/blue-square-food-trailer-with-double-lift-window\/#primaryimage"},"image":{"@id":"https:\/\/www.honlufoodtrailer.com\/product\/blue-square-food-trailer-with-double-lift-window\/#primaryimage"},"thumbnailUrl":"https:\/\/www.honlufoodtrailer.com\/wp-content\/uploads\/2022\/02\/Blue-square-food-trailer-with-double-lift-window-21-8135-1.jpg","datePublished":"2022-02-12T09:05:30+00:00","dateModified":"2024-06-06T06:54:34+00:00","description":"Se trata de un remolque alimentario cuadrado negro est\u00e1ndar. Todo el veh\u00edculo adopta cuerpo de acero inoxidable y mesa de operaciones. Se puede aplicar para vender cualquier cosa, desde perritos calientes, operaciones al por menor, operaciones de flores, bocadillos, caf\u00e9, helados, etc. Tenemos el certificado CE para ayudarle a iniciar un negocio m\u00f3vil.","breadcrumb":{"@id":"https:\/\/www.honlufoodtrailer.com\/product\/blue-square-food-trailer-with-double-lift-window\/#breadcrumb"},"inLanguage":"es","potentialAction":[{"@type":"ReadAction","target":["https:\/\/www.honlufoodtrailer.com\/product\/blue-square-food-trailer-with-double-lift-window\/"]}]},{"@type":"ImageObject","inLanguage":"es","@id":"https:\/\/www.honlufoodtrailer.com\/product\/blue-square-food-trailer-with-double-lift-window\/#primaryimage","url":"https:\/\/www.honlufoodtrailer.com\/wp-content\/uploads\/2022\/02\/Blue-square-food-trailer-with-double-lift-window-21-8135-1.jpg","contentUrl":"https:\/\/www.honlufoodtrailer.com\/wp-content\/uploads\/2022\/02\/Blue-square-food-trailer-with-double-lift-window-21-8135-1.jpg","width":720,"height":540,"caption":"Blue square food trailer with double lift window-21-8135 (1)"},{"@type":"BreadcrumbList","@id":"https:\/\/www.honlufoodtrailer.com\/product\/blue-square-food-trailer-with-double-lift-window\/#breadcrumb","itemListElement":[{"@type":"ListItem","position":1,"name":"Home","item":"https:\/\/www.honlufoodtrailer.com\/"},{"@type":"ListItem","position":2,"name":"\u4ea7\u54c1","item":"https:\/\/www.honlufoodtrailer.com\/shop\/"},{"@type":"ListItem","position":3,"name":"4m Blue square food trailer with double lift window"}]},{"@type":"WebSite","@id":"https:\/\/www.honlufoodtrailer.com\/#website","url":"https:\/\/www.honlufoodtrailer.com\/","name":"Remolque de comida Honlu","description":"","publisher":{"@id":"https:\/\/www.honlufoodtrailer.com\/#organization"},"potentialAction":[{"@type":"SearchAction","target":{"@type":"EntryPoint","urlTemplate":"https:\/\/www.honlufoodtrailer.com\/?s={search_term_string}"},"query-input":{"@type":"PropertyValueSpecification","valueRequired":true,"valueName":"search_term_string"}}],"inLanguage":"es"},{"@type":"Organization","@id":"https:\/\/www.honlufoodtrailer.com\/#organization","name":"Remolque de comida Honlu","url":"https:\/\/www.honlufoodtrailer.com\/","logo":{"@type":"ImageObject","inLanguage":"es","@id":"https:\/\/www.honlufoodtrailer.com\/#\/schema\/logo\/image\/","url":"https:\/\/www.honlufoodtrailer.com\/wp-content\/uploads\/2021\/12\/2.gif","contentUrl":"https:\/\/www.honlufoodtrailer.com\/wp-content\/uploads\/2021\/12\/2.gif","width":350,"height":100,"caption":"Honlu food trailer"},"image":{"@id":"https:\/\/www.honlufoodtrailer.com\/#\/schema\/logo\/image\/"}}]}},"_links":{"self":[{"href":"https:\/\/www.honlufoodtrailer.com\/es\/wp-json\/wp\/v2\/product\/2883","targetHints":{"allow":["GET"]}}],"collection":[{"href":"https:\/\/www.honlufoodtrailer.com\/es\/wp-json\/wp\/v2\/product"}],"about":[{"href":"https:\/\/www.honlufoodtrailer.com\/es\/wp-json\/wp\/v2\/types\/product"}],"version-history":[{"count":5,"href":"https:\/\/www.honlufoodtrailer.com\/es\/wp-json\/wp\/v2\/product\/2883\/revisions"}],"predecessor-version":[{"id":7802,"href":"https:\/\/www.honlufoodtrailer.com\/es\/wp-json\/wp\/v2\/product\/2883\/revisions\/7802"}],"wp:featuredmedia":[{"embeddable":true,"href":"https:\/\/www.honlufoodtrailer.com\/es\/wp-json\/wp\/v2\/media\/2884"}],"wp:attachment":[{"href":"https:\/\/www.honlufoodtrailer.com\/es\/wp-json\/wp\/v2\/media?parent=2883"}],"wp:term":[{"taxonomy":"product_brand","embeddable":true,"href":"https:\/\/www.honlufoodtrailer.com\/es\/wp-json\/wp\/v2\/product_brand?post=2883"},{"taxonomy":"product_cat","embeddable":true,"href":"https:\/\/www.honlufoodtrailer.com\/es\/wp-json\/wp\/v2\/product_cat?post=2883"},{"taxonomy":"product_tag","embeddable":true,"href":"https:\/\/www.honlufoodtrailer.com\/es\/wp-json\/wp\/v2\/product_tag?post=2883"}],"curies":[{"name":"wp","href":"https:\/\/api.w.org\/{rel}","templated":true}]}}