{"id":2896,"date":"2022-02-23T15:10:22","date_gmt":"2022-02-23T07:10:22","guid":{"rendered":"https:\/\/www.honlufoodtrailer.com\/?post_type=product&#038;p=2896"},"modified":"2022-02-24T16:58:50","modified_gmt":"2022-02-24T08:58:50","slug":"3-5m-galvanized-food-trailer","status":"publish","type":"product","link":"https:\/\/www.honlufoodtrailer.com\/es\/product\/3-5m-galvanized-food-trailer\/","title":{"rendered":"Remolque alimentario galvanizado 3,5M"},"content":{"rendered":"<p data-spm-anchor-id=\"a2700.wholesale.0.i28.29e52808agqc7f\">Este es uno de nuestros remolques de alimentos 3.5M personalizado, la parte superior de la parte delantera y trasera est\u00e1n dise\u00f1ados con un peque\u00f1o arco. Este tiene el mismo estilo que el <em><strong><a href=\"https:\/\/www.honlufoodtrailer.com\/es\/producto\/eight-meters-galvanized-food-trailer\/\">remolque galvanizado de ocho metros para alimentos<\/a><\/strong><\/em>, el cliente elige dos longitudes diferentes para satisfacer sus necesidades. Este remolque alimentario de 3,5 m tambi\u00e9n est\u00e1 equipado con un extractor de alta potencia en la parte superior y una peque\u00f1a ventana en la parte delantera.<\/p>\n<p data-spm-anchor-id=\"a2700.wholesale.0.i28.29e52808agqc7f\">El banco de trabajo y la pared interior de la carrocer\u00eda son de acero inoxidable de calidad alimentaria. Y seg\u00fan las necesidades de los clientes, est\u00e1 equipado con congeladores, vitrinas de aislamiento de alimentos, cuatro fregaderos personalizados, cocinas de gas, campanas extractoras y otros equipos. Nos gustar\u00eda adquirir otros tipos de equipos en funci\u00f3n de las necesidades de los clientes.<\/p>\n<p data-spm-anchor-id=\"a2700.wholesale.0.i28.29e52808agqc7f\">El color de todo el veh\u00edculo es negro, y nuestros clientes quieren a\u00f1adir algunas linternas, vallas publicitarias y otros adornos alrededor, por lo que tambi\u00e9n a\u00f1adimos ganchos a algunas partes para que los clientes faciliten su uso. Tambi\u00e9n utilizamos el dise\u00f1o a prueba de lluvia en las ventanas y puertas, todos estos peque\u00f1os dise\u00f1os son para que los clientes tengan una mejor experiencia.<\/p>\n<p>Todo el remolque es compacto y f\u00e1cil de usar. Es el modelo preferido para iniciar negocios de comida r\u00e1pida, pedidos de compra al por mayor en centros comerciales, gesti\u00f3n unificada de comida r\u00e1pida en la calle y picnics familiares. Tambi\u00e9n se puede aplicar para vender cualquier cosa, desde perritos calientes, operaciones al por menor, operaciones de flores, s\u00e1ndwiches, caf\u00e9, helados, etc. Tenemos la certificaci\u00f3n CE para ayudarle a iniciar un negocio m\u00f3vil.<\/p>\n<h3 class=\"magic-6\" data-spm-anchor-id=\"a2700.wholesale.0.i28.29e52808agqc7f\">Caracter\u00edsticas principales del remolque galvanizado para alimentos<\/h3>\n<div class=\"magic-7\">\n<div class=\"magic-8\">\n<div class=\"magic-9\" data-id=\"paragraph0\">\n<ol>\n<li>Aspecto moderno personalizable;<\/li>\n<li>Material de chapa galvanizada con excelente resistencia a la corrosi\u00f3n y al calor;<\/li>\n<li>Accesorios modernos y avanzados equipados en el remolque m\u00f3vil de alimentos;<\/li>\n<li>C\u00f3modo y f\u00e1cil de mover;<\/li>\n<li>Estaremos encantados de modificarlo seg\u00fan sus necesidades.<\/li>\n<\/ol>\n<h3>Dibujo gratuito de planos 2D\/3D<\/h3>\n<p>Una vez confirmadas las dimensiones del remolque de alimentos y el equipamiento interno de la cocina, podemos proporcionarle gratuitamente dibujos en 3D. Esto le dar\u00e1 una idea m\u00e1s clara de su dise\u00f1o y de su carro de comida. Al confirmar la ubicaci\u00f3n del equipo de cocina, podemos comunicarnos claramente con usted a trav\u00e9s del plano de planta. Tambi\u00e9n podemos proporcionarle documentos originales para facilitar su dise\u00f1o y realizar ajustes.<\/p>\n<\/div>\n<\/div>\n<\/div>","protected":false},"excerpt":{"rendered":"<p>Este es uno de nuestros remolques de alimentos personalizados de 3,5M, la parte superior de la parte delantera y trasera est\u00e1n dise\u00f1adas con un peque\u00f1o arco. Este tiene el mismo estilo que el remolque de alimentos galvanizado de ocho metros, el cliente elige dos longitudes diferentes para satisfacer sus necesidades. Este remolque de alimentos de 3,5 metros tambi\u00e9n equip\u00f3 la parte superior con un extractor de alta potencia, y tambi\u00e9n se a\u00f1ade una peque\u00f1a ventana en la parte delantera del remolque.<\/p>","protected":false},"featured_media":2898,"template":"","meta":{"_themeisle_gutenberg_block_has_review":false},"product_brand":[],"product_cat":[26],"product_tag":[33,41,45,38],"class_list":{"0":"post-2896","1":"product","2":"type-product","3":"status-publish","4":"has-post-thumbnail","6":"product_cat-product","7":"product_tag-customized-trailer","8":"product_tag-galvanized-trailer","9":"product_tag-large-food-trailer","10":"product_tag-mobile-food-trailer","12":"first","13":"instock","14":"shipping-taxable","15":"product-type-simple"},"yoast_head":"<!-- This site is optimized with the Yoast SEO plugin v27.4 - https:\/\/yoast.com\/product\/yoast-seo-wordpress\/ -->\n<title>3.5M galvanized food trailer - Honlu food trailer<\/title>\n<meta name=\"description\" content=\"This is one of our custom 3.5M food trailers, the top of the front and rear are designed with a small arc. This one has the same style as the eight-meter galvanized food trailer, the customer chooses two different lengths to meet his needs.\" \/>\n<meta name=\"robots\" content=\"index, follow, max-snippet:-1, max-image-preview:large, max-video-preview:-1\" \/>\n<link rel=\"canonical\" href=\"https:\/\/www.honlufoodtrailer.com\/es\/producto\/3-5m-galvanized-food-trailer\/\" \/>\n<meta property=\"og:locale\" content=\"es_ES\" \/>\n<meta property=\"og:type\" content=\"article\" \/>\n<meta property=\"og:title\" content=\"3.5M galvanized food trailer - Honlu food trailer\" \/>\n<meta property=\"og:description\" content=\"This is one of our custom 3.5M food trailers, the top of the front and rear are designed with a small arc. This one has the same style as the eight-meter galvanized food trailer, the customer chooses two different lengths to meet his needs.\" \/>\n<meta property=\"og:url\" content=\"https:\/\/www.honlufoodtrailer.com\/es\/producto\/3-5m-galvanized-food-trailer\/\" \/>\n<meta property=\"og:site_name\" content=\"Honlu food trailer\" \/>\n<meta property=\"article:modified_time\" content=\"2022-02-24T08:58:50+00:00\" \/>\n<meta property=\"og:image\" content=\"https:\/\/www.honlufoodtrailer.com\/wp-content\/uploads\/2022\/02\/3.5M-galvanized-food-trailer-1.jpg\" \/>\n\t<meta property=\"og:image:width\" content=\"720\" \/>\n\t<meta property=\"og:image:height\" content=\"540\" \/>\n\t<meta property=\"og:image:type\" content=\"image\/jpeg\" \/>\n<meta name=\"twitter:card\" content=\"summary_large_image\" \/>\n<meta name=\"twitter:label1\" content=\"Tiempo de lectura\" \/>\n\t<meta name=\"twitter:data1\" content=\"2 minutos\" \/>\n<script type=\"application\/ld+json\" class=\"yoast-schema-graph\">{\"@context\":\"https:\\\/\\\/schema.org\",\"@graph\":[{\"@type\":\"WebPage\",\"@id\":\"https:\\\/\\\/www.honlufoodtrailer.com\\\/product\\\/3-5m-galvanized-food-trailer\\\/\",\"url\":\"https:\\\/\\\/www.honlufoodtrailer.com\\\/product\\\/3-5m-galvanized-food-trailer\\\/\",\"name\":\"3.5M galvanized food trailer - Honlu food trailer\",\"isPartOf\":{\"@id\":\"https:\\\/\\\/www.honlufoodtrailer.com\\\/#website\"},\"primaryImageOfPage\":{\"@id\":\"https:\\\/\\\/www.honlufoodtrailer.com\\\/product\\\/3-5m-galvanized-food-trailer\\\/#primaryimage\"},\"image\":{\"@id\":\"https:\\\/\\\/www.honlufoodtrailer.com\\\/product\\\/3-5m-galvanized-food-trailer\\\/#primaryimage\"},\"thumbnailUrl\":\"https:\\\/\\\/www.honlufoodtrailer.com\\\/wp-content\\\/uploads\\\/2022\\\/02\\\/3.5M-galvanized-food-trailer-1.jpg\",\"datePublished\":\"2022-02-23T07:10:22+00:00\",\"dateModified\":\"2022-02-24T08:58:50+00:00\",\"description\":\"This is one of our custom 3.5M food trailers, the top of the front and rear are designed with a small arc. This one has the same style as the eight-meter galvanized food trailer, the customer chooses two different lengths to meet his needs.\",\"breadcrumb\":{\"@id\":\"https:\\\/\\\/www.honlufoodtrailer.com\\\/product\\\/3-5m-galvanized-food-trailer\\\/#breadcrumb\"},\"inLanguage\":\"es\",\"potentialAction\":[{\"@type\":\"ReadAction\",\"target\":[\"https:\\\/\\\/www.honlufoodtrailer.com\\\/product\\\/3-5m-galvanized-food-trailer\\\/\"]}]},{\"@type\":\"ImageObject\",\"inLanguage\":\"es\",\"@id\":\"https:\\\/\\\/www.honlufoodtrailer.com\\\/product\\\/3-5m-galvanized-food-trailer\\\/#primaryimage\",\"url\":\"https:\\\/\\\/www.honlufoodtrailer.com\\\/wp-content\\\/uploads\\\/2022\\\/02\\\/3.5M-galvanized-food-trailer-1.jpg\",\"contentUrl\":\"https:\\\/\\\/www.honlufoodtrailer.com\\\/wp-content\\\/uploads\\\/2022\\\/02\\\/3.5M-galvanized-food-trailer-1.jpg\",\"width\":720,\"height\":540,\"caption\":\"3.5M galvanized food trailer (1)\"},{\"@type\":\"BreadcrumbList\",\"@id\":\"https:\\\/\\\/www.honlufoodtrailer.com\\\/product\\\/3-5m-galvanized-food-trailer\\\/#breadcrumb\",\"itemListElement\":[{\"@type\":\"ListItem\",\"position\":1,\"name\":\"Home\",\"item\":\"https:\\\/\\\/www.honlufoodtrailer.com\\\/\"},{\"@type\":\"ListItem\",\"position\":2,\"name\":\"\u4ea7\u54c1\",\"item\":\"https:\\\/\\\/www.honlufoodtrailer.com\\\/shop\\\/\"},{\"@type\":\"ListItem\",\"position\":3,\"name\":\"3.5M galvanized food trailer\"}]},{\"@type\":\"WebSite\",\"@id\":\"https:\\\/\\\/www.honlufoodtrailer.com\\\/#website\",\"url\":\"https:\\\/\\\/www.honlufoodtrailer.com\\\/\",\"name\":\"Honlu food trailer\",\"description\":\"\",\"publisher\":{\"@id\":\"https:\\\/\\\/www.honlufoodtrailer.com\\\/#organization\"},\"potentialAction\":[{\"@type\":\"SearchAction\",\"target\":{\"@type\":\"EntryPoint\",\"urlTemplate\":\"https:\\\/\\\/www.honlufoodtrailer.com\\\/?s={search_term_string}\"},\"query-input\":{\"@type\":\"PropertyValueSpecification\",\"valueRequired\":true,\"valueName\":\"search_term_string\"}}],\"inLanguage\":\"es\"},{\"@type\":\"Organization\",\"@id\":\"https:\\\/\\\/www.honlufoodtrailer.com\\\/#organization\",\"name\":\"Honlu food trailer\",\"url\":\"https:\\\/\\\/www.honlufoodtrailer.com\\\/\",\"logo\":{\"@type\":\"ImageObject\",\"inLanguage\":\"es\",\"@id\":\"https:\\\/\\\/www.honlufoodtrailer.com\\\/#\\\/schema\\\/logo\\\/image\\\/\",\"url\":\"https:\\\/\\\/www.honlufoodtrailer.com\\\/wp-content\\\/uploads\\\/2021\\\/12\\\/2.gif\",\"contentUrl\":\"https:\\\/\\\/www.honlufoodtrailer.com\\\/wp-content\\\/uploads\\\/2021\\\/12\\\/2.gif\",\"width\":350,\"height\":100,\"caption\":\"Honlu food trailer\"},\"image\":{\"@id\":\"https:\\\/\\\/www.honlufoodtrailer.com\\\/#\\\/schema\\\/logo\\\/image\\\/\"}}]}<\/script>\n<!-- \/ Yoast SEO plugin. -->","yoast_head_json":{"title":"3.5M galvanizado remolque de alimentos - Honlu remolque de alimentos","description":"Este es uno de nuestros remolques de alimentos personalizados de 3,5M, la parte superior de la parte delantera y trasera est\u00e1n dise\u00f1adas con un peque\u00f1o arco. Este tiene el mismo estilo que el remolque de alimentos galvanizado de ocho metros, el cliente elige dos longitudes diferentes para satisfacer sus necesidades.","robots":{"index":"index","follow":"follow","max-snippet":"max-snippet:-1","max-image-preview":"max-image-preview:large","max-video-preview":"max-video-preview:-1"},"canonical":"https:\/\/www.honlufoodtrailer.com\/es\/producto\/3-5m-galvanized-food-trailer\/","og_locale":"es_ES","og_type":"article","og_title":"3.5M galvanized food trailer - Honlu food trailer","og_description":"This is one of our custom 3.5M food trailers, the top of the front and rear are designed with a small arc. This one has the same style as the eight-meter galvanized food trailer, the customer chooses two different lengths to meet his needs.","og_url":"https:\/\/www.honlufoodtrailer.com\/es\/producto\/3-5m-galvanized-food-trailer\/","og_site_name":"Honlu food trailer","article_modified_time":"2022-02-24T08:58:50+00:00","og_image":[{"width":720,"height":540,"url":"https:\/\/www.honlufoodtrailer.com\/wp-content\/uploads\/2022\/02\/3.5M-galvanized-food-trailer-1.jpg","type":"image\/jpeg"}],"twitter_card":"summary_large_image","twitter_misc":{"Tiempo de lectura":"2 minutos"},"schema":{"@context":"https:\/\/schema.org","@graph":[{"@type":"WebPage","@id":"https:\/\/www.honlufoodtrailer.com\/product\/3-5m-galvanized-food-trailer\/","url":"https:\/\/www.honlufoodtrailer.com\/product\/3-5m-galvanized-food-trailer\/","name":"3.5M galvanizado remolque de alimentos - Honlu remolque de alimentos","isPartOf":{"@id":"https:\/\/www.honlufoodtrailer.com\/#website"},"primaryImageOfPage":{"@id":"https:\/\/www.honlufoodtrailer.com\/product\/3-5m-galvanized-food-trailer\/#primaryimage"},"image":{"@id":"https:\/\/www.honlufoodtrailer.com\/product\/3-5m-galvanized-food-trailer\/#primaryimage"},"thumbnailUrl":"https:\/\/www.honlufoodtrailer.com\/wp-content\/uploads\/2022\/02\/3.5M-galvanized-food-trailer-1.jpg","datePublished":"2022-02-23T07:10:22+00:00","dateModified":"2022-02-24T08:58:50+00:00","description":"Este es uno de nuestros remolques de alimentos personalizados de 3,5M, la parte superior de la parte delantera y trasera est\u00e1n dise\u00f1adas con un peque\u00f1o arco. Este tiene el mismo estilo que el remolque de alimentos galvanizado de ocho metros, el cliente elige dos longitudes diferentes para satisfacer sus necesidades.","breadcrumb":{"@id":"https:\/\/www.honlufoodtrailer.com\/product\/3-5m-galvanized-food-trailer\/#breadcrumb"},"inLanguage":"es","potentialAction":[{"@type":"ReadAction","target":["https:\/\/www.honlufoodtrailer.com\/product\/3-5m-galvanized-food-trailer\/"]}]},{"@type":"ImageObject","inLanguage":"es","@id":"https:\/\/www.honlufoodtrailer.com\/product\/3-5m-galvanized-food-trailer\/#primaryimage","url":"https:\/\/www.honlufoodtrailer.com\/wp-content\/uploads\/2022\/02\/3.5M-galvanized-food-trailer-1.jpg","contentUrl":"https:\/\/www.honlufoodtrailer.com\/wp-content\/uploads\/2022\/02\/3.5M-galvanized-food-trailer-1.jpg","width":720,"height":540,"caption":"3.5M galvanized food trailer (1)"},{"@type":"BreadcrumbList","@id":"https:\/\/www.honlufoodtrailer.com\/product\/3-5m-galvanized-food-trailer\/#breadcrumb","itemListElement":[{"@type":"ListItem","position":1,"name":"Home","item":"https:\/\/www.honlufoodtrailer.com\/"},{"@type":"ListItem","position":2,"name":"\u4ea7\u54c1","item":"https:\/\/www.honlufoodtrailer.com\/shop\/"},{"@type":"ListItem","position":3,"name":"3.5M galvanized food trailer"}]},{"@type":"WebSite","@id":"https:\/\/www.honlufoodtrailer.com\/#website","url":"https:\/\/www.honlufoodtrailer.com\/","name":"Remolque de comida Honlu","description":"","publisher":{"@id":"https:\/\/www.honlufoodtrailer.com\/#organization"},"potentialAction":[{"@type":"SearchAction","target":{"@type":"EntryPoint","urlTemplate":"https:\/\/www.honlufoodtrailer.com\/?s={search_term_string}"},"query-input":{"@type":"PropertyValueSpecification","valueRequired":true,"valueName":"search_term_string"}}],"inLanguage":"es"},{"@type":"Organization","@id":"https:\/\/www.honlufoodtrailer.com\/#organization","name":"Remolque de comida Honlu","url":"https:\/\/www.honlufoodtrailer.com\/","logo":{"@type":"ImageObject","inLanguage":"es","@id":"https:\/\/www.honlufoodtrailer.com\/#\/schema\/logo\/image\/","url":"https:\/\/www.honlufoodtrailer.com\/wp-content\/uploads\/2021\/12\/2.gif","contentUrl":"https:\/\/www.honlufoodtrailer.com\/wp-content\/uploads\/2021\/12\/2.gif","width":350,"height":100,"caption":"Honlu food trailer"},"image":{"@id":"https:\/\/www.honlufoodtrailer.com\/#\/schema\/logo\/image\/"}}]}},"_links":{"self":[{"href":"https:\/\/www.honlufoodtrailer.com\/es\/wp-json\/wp\/v2\/product\/2896","targetHints":{"allow":["GET"]}}],"collection":[{"href":"https:\/\/www.honlufoodtrailer.com\/es\/wp-json\/wp\/v2\/product"}],"about":[{"href":"https:\/\/www.honlufoodtrailer.com\/es\/wp-json\/wp\/v2\/types\/product"}],"version-history":[{"count":1,"href":"https:\/\/www.honlufoodtrailer.com\/es\/wp-json\/wp\/v2\/product\/2896\/revisions"}],"predecessor-version":[{"id":2907,"href":"https:\/\/www.honlufoodtrailer.com\/es\/wp-json\/wp\/v2\/product\/2896\/revisions\/2907"}],"wp:featuredmedia":[{"embeddable":true,"href":"https:\/\/www.honlufoodtrailer.com\/es\/wp-json\/wp\/v2\/media\/2898"}],"wp:attachment":[{"href":"https:\/\/www.honlufoodtrailer.com\/es\/wp-json\/wp\/v2\/media?parent=2896"}],"wp:term":[{"taxonomy":"product_brand","embeddable":true,"href":"https:\/\/www.honlufoodtrailer.com\/es\/wp-json\/wp\/v2\/product_brand?post=2896"},{"taxonomy":"product_cat","embeddable":true,"href":"https:\/\/www.honlufoodtrailer.com\/es\/wp-json\/wp\/v2\/product_cat?post=2896"},{"taxonomy":"product_tag","embeddable":true,"href":"https:\/\/www.honlufoodtrailer.com\/es\/wp-json\/wp\/v2\/product_tag?post=2896"}],"curies":[{"name":"wp","href":"https:\/\/api.w.org\/{rel}","templated":true}]}}