{"id":3254,"date":"2022-03-01T09:27:57","date_gmt":"2022-03-01T01:27:57","guid":{"rendered":"https:\/\/www.honlufoodtrailer.com\/?post_type=product&#038;p=3254"},"modified":"2022-03-21T17:46:33","modified_gmt":"2022-03-21T09:46:33","slug":"customized-5-7m-single-deck-coffee-trailer","status":"publish","type":"product","link":"https:\/\/www.honlufoodtrailer.com\/es\/product\/customized-5-7m-single-deck-coffee-trailer\/","title":{"rendered":"Remolque monocasco para caf\u00e9 de 5,7 M"},"content":{"rendered":"<p>Se trata de un remolque de caf\u00e9 personalizado de un solo piso, la carrocer\u00eda y el interior son de acero inoxidable. Las plataformas de ambos lados se pueden bajar, lo que se puede utilizar para colocar algunas mesas y sillas, tableros de publicidad, estantes de comida, etc. Debido a su dise\u00f1o especial, es muy adecuado para la venta de algunos alimentos como caf\u00e9, hamburguesas, perros calientes, s\u00e1ndwiches, etc.  Todo el remolque es compacto y f\u00e1cil de usar. Es el modelo preferido para iniciar negocios de comida r\u00e1pida.<\/p>\n<h2>La estructura exterior del remolque monocasco para caf\u00e9<\/h2>\n<p>La mayor caracter\u00edstica de todo el remolque es la plataforma de negocios elevable en ambos lados, que puede tener diferentes usos para diferentes negocios. No s\u00f3lo se puede utilizar para colocar algunas mesas y sillas para facilitar que los clientes se sienten, sino que tambi\u00e9n se puede utilizar para colocar algunos estantes de men\u00fa y tableros de exhibici\u00f3n de promoci\u00f3n de negocios. En algunos eventos, las plataformas elevables dobles pueden ayudarle a atraer a m\u00e1s clientes.<\/p>\n<figure id=\"attachment_3264\" aria-describedby=\"caption-attachment-3264\" style=\"width: 720px\" class=\"wp-caption aligncenter\"><img fetchpriority=\"high\" decoding=\"async\" class=\"size-full wp-image-3264\" src=\"https:\/\/www.honlufoodtrailer.com\/wp-content\/uploads\/2022\/03\/External-business-platforms-of-the-coffee-trailer.jpg\" alt=\"Plataformas comerciales externas del remolque de caf\u00e9\" width=\"720\" height=\"540\" srcset=\"https:\/\/www.honlufoodtrailer.com\/wp-content\/uploads\/2022\/03\/External-business-platforms-of-the-coffee-trailer.jpg 720w, https:\/\/www.honlufoodtrailer.com\/wp-content\/uploads\/2022\/03\/External-business-platforms-of-the-coffee-trailer-480x360.jpg 480w, https:\/\/www.honlufoodtrailer.com\/wp-content\/uploads\/2022\/03\/External-business-platforms-of-the-coffee-trailer-300x225.jpg 300w\" sizes=\"(max-width: 720px) 100vw, 720px\" \/><figcaption id=\"caption-attachment-3264\" class=\"wp-caption-text\">Plataformas comerciales externas del remolque de caf\u00e9<\/figcaption><\/figure>\n<p>Hay un toldo retr\u00e1ctil sobre las plataformas de negocio, rodeado por una valla compuesta de estacas y cuerdas, que es muy f\u00e1cil de quitar e instalar. La carrocer\u00eda del remolque tiene un adhesivo de grano de madera muy bonito, y el remolque est\u00e1 equipado con gatos en las cuatro esquinas.<\/p>\n<figure id=\"attachment_3265\" aria-describedby=\"caption-attachment-3265\" style=\"width: 720px\" class=\"wp-caption aligncenter\"><img decoding=\"async\" class=\"size-full wp-image-3265\" src=\"https:\/\/www.honlufoodtrailer.com\/wp-content\/uploads\/2022\/03\/External-structure-of-the-coffee-trailer.jpg\" alt=\"Estructura exterior del remolque para caf\u00e9\" width=\"720\" height=\"540\" srcset=\"https:\/\/www.honlufoodtrailer.com\/wp-content\/uploads\/2022\/03\/External-structure-of-the-coffee-trailer.jpg 720w, https:\/\/www.honlufoodtrailer.com\/wp-content\/uploads\/2022\/03\/External-structure-of-the-coffee-trailer-480x360.jpg 480w, https:\/\/www.honlufoodtrailer.com\/wp-content\/uploads\/2022\/03\/External-structure-of-the-coffee-trailer-300x225.jpg 300w\" sizes=\"(max-width: 720px) 100vw, 720px\" \/><figcaption id=\"caption-attachment-3265\" class=\"wp-caption-text\">Estructura exterior del remolque para caf\u00e9<\/figcaption><\/figure>\n<h2>El interior del remolque monocasco para caf\u00e9<\/h2>\n<p>La encimera, el compartimento de almacenamiento y los fregaderos son de acero inoxidable. La encimera est\u00e1 equipada con luces de ambiente y focos deslizantes, y tiene una vista nocturna muy bonita.<\/p>\n<figure id=\"attachment_3272\" aria-describedby=\"caption-attachment-3272\" style=\"width: 1440px\" class=\"wp-caption aligncenter\"><img decoding=\"async\" class=\"size-full wp-image-3272\" src=\"https:\/\/www.honlufoodtrailer.com\/wp-content\/uploads\/2022\/03\/Stainless-steel-countertopAmbient-and-sliding-spotlights-of-the-coffee-trailer.jpg\" alt=\"Encimera de acero inoxidable&amp;Focos empotrados y deslizantes del remolque de caf\u00e9\" width=\"1440\" height=\"540\" srcset=\"https:\/\/www.honlufoodtrailer.com\/wp-content\/uploads\/2022\/03\/Stainless-steel-countertopAmbient-and-sliding-spotlights-of-the-coffee-trailer.jpg 1440w, https:\/\/www.honlufoodtrailer.com\/wp-content\/uploads\/2022\/03\/Stainless-steel-countertopAmbient-and-sliding-spotlights-of-the-coffee-trailer-768x288.jpg 768w, https:\/\/www.honlufoodtrailer.com\/wp-content\/uploads\/2022\/03\/Stainless-steel-countertopAmbient-and-sliding-spotlights-of-the-coffee-trailer-480x180.jpg 480w, https:\/\/www.honlufoodtrailer.com\/wp-content\/uploads\/2022\/03\/Stainless-steel-countertopAmbient-and-sliding-spotlights-of-the-coffee-trailer-300x113.jpg 300w, https:\/\/www.honlufoodtrailer.com\/wp-content\/uploads\/2022\/03\/Stainless-steel-countertopAmbient-and-sliding-spotlights-of-the-coffee-trailer-720x270.jpg 720w\" sizes=\"(max-width: 1440px) 100vw, 1440px\" \/><figcaption id=\"caption-attachment-3272\" class=\"wp-caption-text\">Encimera de acero inoxidable&amp;Focos empotrados y deslizantes del remolque de caf\u00e9<\/figcaption><\/figure>\n<p>De acuerdo con los requisitos del departamento local del cliente, los fregaderos y cubos tienen un dise\u00f1o de tres fregaderos: dos cubetas para lavar alimentos y una cubeta para lavarse las manos. De acuerdo con las necesidades del cliente, el grifo est\u00e1 equipado con un calentador de agua y un dispensador de jab\u00f3n, y hay dos cubos de gran capacidad debajo del fregadero, un cubo limpio y un cubo de residuos.<\/p>\n<figure id=\"attachment_3274\" aria-describedby=\"caption-attachment-3274\" style=\"width: 1440px\" class=\"wp-caption alignnone\"><img loading=\"lazy\" decoding=\"async\" class=\"size-full wp-image-3274\" src=\"https:\/\/www.honlufoodtrailer.com\/wp-content\/uploads\/2022\/03\/Customized-three-sinks-and-buckets.jpg\" alt=\"Tres fregaderos y cubos personalizados\" width=\"1440\" height=\"540\" srcset=\"https:\/\/www.honlufoodtrailer.com\/wp-content\/uploads\/2022\/03\/Customized-three-sinks-and-buckets.jpg 1440w, https:\/\/www.honlufoodtrailer.com\/wp-content\/uploads\/2022\/03\/Customized-three-sinks-and-buckets-768x288.jpg 768w, https:\/\/www.honlufoodtrailer.com\/wp-content\/uploads\/2022\/03\/Customized-three-sinks-and-buckets-480x180.jpg 480w, https:\/\/www.honlufoodtrailer.com\/wp-content\/uploads\/2022\/03\/Customized-three-sinks-and-buckets-300x113.jpg 300w, https:\/\/www.honlufoodtrailer.com\/wp-content\/uploads\/2022\/03\/Customized-three-sinks-and-buckets-720x270.jpg 720w\" sizes=\"(max-width: 1440px) 100vw, 1440px\" \/><figcaption id=\"caption-attachment-3274\" class=\"wp-caption-text\">Tres fregaderos y cubos personalizados<\/figcaption><\/figure>\n<p>Por lo tanto, seg\u00fan las necesidades del cliente, se equipa con tuber\u00edas de gas y campanas extractoras que cumplen los requisitos locales.<\/p>\n<figure id=\"attachment_3266\" aria-describedby=\"caption-attachment-3266\" style=\"width: 720px\" class=\"wp-caption aligncenter\"><img loading=\"lazy\" decoding=\"async\" class=\"size-full wp-image-3266\" src=\"https:\/\/www.honlufoodtrailer.com\/wp-content\/uploads\/2022\/03\/Gas-system-of-the-coffee-trailer.jpg\" alt=\"Sistema de gas del remolque de caf\u00e9\" width=\"720\" height=\"540\" srcset=\"https:\/\/www.honlufoodtrailer.com\/wp-content\/uploads\/2022\/03\/Gas-system-of-the-coffee-trailer.jpg 720w, https:\/\/www.honlufoodtrailer.com\/wp-content\/uploads\/2022\/03\/Gas-system-of-the-coffee-trailer-480x360.jpg 480w, https:\/\/www.honlufoodtrailer.com\/wp-content\/uploads\/2022\/03\/Gas-system-of-the-coffee-trailer-300x225.jpg 300w\" sizes=\"(max-width: 720px) 100vw, 720px\" \/><figcaption id=\"caption-attachment-3266\" class=\"wp-caption-text\">Sistema de gas del remolque de caf\u00e9<\/figcaption><\/figure>\n<p>Hay dos congeladores en la parte m\u00e1s interna del remolque de caf\u00e9, y de acuerdo con las necesidades de negocio del cliente, personalizamos la m\u00e1quina de cerveza de acero inoxidable de calidad alimentaria para el cliente.<\/p>\n<figure id=\"attachment_3270\" aria-describedby=\"caption-attachment-3270\" style=\"width: 720px\" class=\"wp-caption aligncenter\"><img loading=\"lazy\" decoding=\"async\" class=\"size-full wp-image-3270\" src=\"https:\/\/www.honlufoodtrailer.com\/wp-content\/uploads\/2022\/03\/Customized-equipment-of-the-coffee-trailer.jpg\" alt=\"Equipamiento a medida del remolque para caf\u00e9\" width=\"720\" height=\"540\" srcset=\"https:\/\/www.honlufoodtrailer.com\/wp-content\/uploads\/2022\/03\/Customized-equipment-of-the-coffee-trailer.jpg 720w, https:\/\/www.honlufoodtrailer.com\/wp-content\/uploads\/2022\/03\/Customized-equipment-of-the-coffee-trailer-480x360.jpg 480w, https:\/\/www.honlufoodtrailer.com\/wp-content\/uploads\/2022\/03\/Customized-equipment-of-the-coffee-trailer-300x225.jpg 300w\" sizes=\"(max-width: 720px) 100vw, 720px\" \/><figcaption id=\"caption-attachment-3270\" class=\"wp-caption-text\">Equipamiento a medida del remolque para caf\u00e9<\/figcaption><\/figure>\n<h3><strong><b>Principales caracter\u00edsticas del <\/b><\/strong><strong><b>caf\u00e9 monodosis<\/b><\/strong><strong><b>\u00a0remolque<\/b><\/strong><\/h3>\n<ol>\n<li>Aspecto moderno personalizable;<\/li>\n<li>Plataformas elevables multifuncionales en ambos lados;<\/li>\n<li>Cuerpo del remolque de acero inoxidable&amp; estructura interna, buena resistencia al calor, resistencia al desgaste, resistencia a la corrosi\u00f3n;<\/li>\n<li>Accesorios modernos y avanzados equipados en el remolque de caf\u00e9;<\/li>\n<li>Nos complace modificar todo el remolque seg\u00fan los requisitos del cliente.<\/li>\n<\/ol>\n<h3><strong><b>Dibujo gratuito de planos 2D\/3D<\/b><\/strong><\/h3>\n<p>Una vez confirmadas las dimensiones del remolque de alimentos y el equipamiento interno de la cocina, podemos proporcionarle gratuitamente dibujos en 3D. Esto le dar\u00e1 una idea m\u00e1s clara de su dise\u00f1o y de su carro de comida. Al confirmar la ubicaci\u00f3n del equipo de cocina, podemos comunicarnos claramente con usted a trav\u00e9s del plano de planta. Tambi\u00e9n podemos proporcionarle documentos originales para facilitar su dise\u00f1o y realizar ajustes.<\/p>","protected":false},"excerpt":{"rendered":"<p data-spm-anchor-id=\"a2700.wholesale.0.i28.29e52808agqc7f\">Se trata de un remolque de caf\u00e9 personalizado de un solo piso, la carrocer\u00eda y el interior son de acero inoxidable. Las plataformas de ambos lados se pueden bajar, lo que se puede utilizar para colocar algunas mesas y sillas, paneles publicitarios, estantes para comida, etc. Es el modelo preferido para iniciar negocios de comida r\u00e1pida.<\/p>","protected":false},"featured_media":3255,"template":"","meta":{"_themeisle_gutenberg_block_has_review":false},"product_brand":[],"product_cat":[26],"product_tag":[34,33,45,38,51,50],"class_list":{"0":"post-3254","1":"product","2":"type-product","3":"status-publish","4":"has-post-thumbnail","6":"product_cat-product","7":"product_tag-coffee-trailer","8":"product_tag-customized-trailer","9":"product_tag-large-food-trailer","10":"product_tag-mobile-food-trailer","11":"product_tag-square-food-trailer","12":"product_tag-standard-configuration","14":"first","15":"instock","16":"shipping-taxable","17":"product-type-simple"},"yoast_head":"<!-- This site is optimized with the Yoast SEO plugin v27.4 - https:\/\/yoast.com\/product\/yoast-seo-wordpress\/ -->\n<title>5.7M single-deck coffee trailer - Honlu food trailer<\/title>\n<meta name=\"description\" content=\"This is a customized single-deck coffee trailer, the body and interior are made of stainless steel. The platforms on both sides can be lowered, which can be used to place some tables and chairs, publicity boards, food racks, etc. It is the preferred model for starting fast-food businesses.\" \/>\n<meta name=\"robots\" content=\"index, follow, max-snippet:-1, max-image-preview:large, max-video-preview:-1\" \/>\n<link rel=\"canonical\" href=\"https:\/\/www.honlufoodtrailer.com\/es\/producto\/customized-5-7m-single-deck-coffee-trailer\/\" \/>\n<meta property=\"og:locale\" content=\"es_ES\" \/>\n<meta property=\"og:type\" content=\"article\" \/>\n<meta property=\"og:title\" content=\"5.7M single-deck coffee trailer - Honlu food trailer\" \/>\n<meta property=\"og:description\" content=\"This is a customized single-deck coffee trailer, the body and interior are made of stainless steel. The platforms on both sides can be lowered, which can be used to place some tables and chairs, publicity boards, food racks, etc. It is the preferred model for starting fast-food businesses.\" \/>\n<meta property=\"og:url\" content=\"https:\/\/www.honlufoodtrailer.com\/es\/producto\/customized-5-7m-single-deck-coffee-trailer\/\" \/>\n<meta property=\"og:site_name\" content=\"Honlu food trailer\" \/>\n<meta property=\"article:modified_time\" content=\"2022-03-21T09:46:33+00:00\" \/>\n<meta property=\"og:image\" content=\"https:\/\/www.honlufoodtrailer.com\/wp-content\/uploads\/2022\/03\/Customized-5.7M-single-deck-coffee-trailer-1.jpg\" \/>\n\t<meta property=\"og:image:width\" content=\"720\" \/>\n\t<meta property=\"og:image:height\" content=\"540\" \/>\n\t<meta property=\"og:image:type\" content=\"image\/jpeg\" \/>\n<meta name=\"twitter:card\" content=\"summary_large_image\" \/>\n<meta name=\"twitter:label1\" content=\"Tiempo de lectura\" \/>\n\t<meta name=\"twitter:data1\" content=\"4 minutos\" \/>\n<script type=\"application\/ld+json\" class=\"yoast-schema-graph\">{\"@context\":\"https:\\\/\\\/schema.org\",\"@graph\":[{\"@type\":\"WebPage\",\"@id\":\"https:\\\/\\\/www.honlufoodtrailer.com\\\/product\\\/customized-5-7m-single-deck-coffee-trailer\\\/\",\"url\":\"https:\\\/\\\/www.honlufoodtrailer.com\\\/product\\\/customized-5-7m-single-deck-coffee-trailer\\\/\",\"name\":\"5.7M single-deck coffee trailer - Honlu food trailer\",\"isPartOf\":{\"@id\":\"https:\\\/\\\/www.honlufoodtrailer.com\\\/#website\"},\"primaryImageOfPage\":{\"@id\":\"https:\\\/\\\/www.honlufoodtrailer.com\\\/product\\\/customized-5-7m-single-deck-coffee-trailer\\\/#primaryimage\"},\"image\":{\"@id\":\"https:\\\/\\\/www.honlufoodtrailer.com\\\/product\\\/customized-5-7m-single-deck-coffee-trailer\\\/#primaryimage\"},\"thumbnailUrl\":\"https:\\\/\\\/www.honlufoodtrailer.com\\\/wp-content\\\/uploads\\\/2022\\\/03\\\/Customized-5.7M-single-deck-coffee-trailer-1.jpg\",\"datePublished\":\"2022-03-01T01:27:57+00:00\",\"dateModified\":\"2022-03-21T09:46:33+00:00\",\"description\":\"This is a customized single-deck coffee trailer, the body and interior are made of stainless steel. The platforms on both sides can be lowered, which can be used to place some tables and chairs, publicity boards, food racks, etc. It is the preferred model for starting fast-food businesses.\",\"breadcrumb\":{\"@id\":\"https:\\\/\\\/www.honlufoodtrailer.com\\\/product\\\/customized-5-7m-single-deck-coffee-trailer\\\/#breadcrumb\"},\"inLanguage\":\"es\",\"potentialAction\":[{\"@type\":\"ReadAction\",\"target\":[\"https:\\\/\\\/www.honlufoodtrailer.com\\\/product\\\/customized-5-7m-single-deck-coffee-trailer\\\/\"]}]},{\"@type\":\"ImageObject\",\"inLanguage\":\"es\",\"@id\":\"https:\\\/\\\/www.honlufoodtrailer.com\\\/product\\\/customized-5-7m-single-deck-coffee-trailer\\\/#primaryimage\",\"url\":\"https:\\\/\\\/www.honlufoodtrailer.com\\\/wp-content\\\/uploads\\\/2022\\\/03\\\/Customized-5.7M-single-deck-coffee-trailer-1.jpg\",\"contentUrl\":\"https:\\\/\\\/www.honlufoodtrailer.com\\\/wp-content\\\/uploads\\\/2022\\\/03\\\/Customized-5.7M-single-deck-coffee-trailer-1.jpg\",\"width\":720,\"height\":540,\"caption\":\"Customized 5.7M single-deck coffee trailer (1)\"},{\"@type\":\"BreadcrumbList\",\"@id\":\"https:\\\/\\\/www.honlufoodtrailer.com\\\/product\\\/customized-5-7m-single-deck-coffee-trailer\\\/#breadcrumb\",\"itemListElement\":[{\"@type\":\"ListItem\",\"position\":1,\"name\":\"Home\",\"item\":\"https:\\\/\\\/www.honlufoodtrailer.com\\\/\"},{\"@type\":\"ListItem\",\"position\":2,\"name\":\"\u4ea7\u54c1\",\"item\":\"https:\\\/\\\/www.honlufoodtrailer.com\\\/shop\\\/\"},{\"@type\":\"ListItem\",\"position\":3,\"name\":\"5.7M single-deck coffee trailer\"}]},{\"@type\":\"WebSite\",\"@id\":\"https:\\\/\\\/www.honlufoodtrailer.com\\\/#website\",\"url\":\"https:\\\/\\\/www.honlufoodtrailer.com\\\/\",\"name\":\"Honlu food trailer\",\"description\":\"\",\"publisher\":{\"@id\":\"https:\\\/\\\/www.honlufoodtrailer.com\\\/#organization\"},\"potentialAction\":[{\"@type\":\"SearchAction\",\"target\":{\"@type\":\"EntryPoint\",\"urlTemplate\":\"https:\\\/\\\/www.honlufoodtrailer.com\\\/?s={search_term_string}\"},\"query-input\":{\"@type\":\"PropertyValueSpecification\",\"valueRequired\":true,\"valueName\":\"search_term_string\"}}],\"inLanguage\":\"es\"},{\"@type\":\"Organization\",\"@id\":\"https:\\\/\\\/www.honlufoodtrailer.com\\\/#organization\",\"name\":\"Honlu food trailer\",\"url\":\"https:\\\/\\\/www.honlufoodtrailer.com\\\/\",\"logo\":{\"@type\":\"ImageObject\",\"inLanguage\":\"es\",\"@id\":\"https:\\\/\\\/www.honlufoodtrailer.com\\\/#\\\/schema\\\/logo\\\/image\\\/\",\"url\":\"https:\\\/\\\/www.honlufoodtrailer.com\\\/wp-content\\\/uploads\\\/2021\\\/12\\\/2.gif\",\"contentUrl\":\"https:\\\/\\\/www.honlufoodtrailer.com\\\/wp-content\\\/uploads\\\/2021\\\/12\\\/2.gif\",\"width\":350,\"height\":100,\"caption\":\"Honlu food trailer\"},\"image\":{\"@id\":\"https:\\\/\\\/www.honlufoodtrailer.com\\\/#\\\/schema\\\/logo\\\/image\\\/\"}}]}<\/script>\n<!-- \/ Yoast SEO plugin. -->","yoast_head_json":{"title":"Remolque para caf\u00e9 de un solo piso de 5,7 millones de euros - Honlu food trailer","description":"Se trata de un remolque de caf\u00e9 personalizado de un solo piso, la carrocer\u00eda y el interior son de acero inoxidable. Las plataformas de ambos lados se pueden bajar, lo que se puede utilizar para colocar algunas mesas y sillas, paneles publicitarios, estantes para comida, etc. Es el modelo preferido para iniciar negocios de comida r\u00e1pida.","robots":{"index":"index","follow":"follow","max-snippet":"max-snippet:-1","max-image-preview":"max-image-preview:large","max-video-preview":"max-video-preview:-1"},"canonical":"https:\/\/www.honlufoodtrailer.com\/es\/producto\/customized-5-7m-single-deck-coffee-trailer\/","og_locale":"es_ES","og_type":"article","og_title":"5.7M single-deck coffee trailer - Honlu food trailer","og_description":"This is a customized single-deck coffee trailer, the body and interior are made of stainless steel. The platforms on both sides can be lowered, which can be used to place some tables and chairs, publicity boards, food racks, etc. It is the preferred model for starting fast-food businesses.","og_url":"https:\/\/www.honlufoodtrailer.com\/es\/producto\/customized-5-7m-single-deck-coffee-trailer\/","og_site_name":"Honlu food trailer","article_modified_time":"2022-03-21T09:46:33+00:00","og_image":[{"width":720,"height":540,"url":"https:\/\/www.honlufoodtrailer.com\/wp-content\/uploads\/2022\/03\/Customized-5.7M-single-deck-coffee-trailer-1.jpg","type":"image\/jpeg"}],"twitter_card":"summary_large_image","twitter_misc":{"Tiempo de lectura":"4 minutos"},"schema":{"@context":"https:\/\/schema.org","@graph":[{"@type":"WebPage","@id":"https:\/\/www.honlufoodtrailer.com\/product\/customized-5-7m-single-deck-coffee-trailer\/","url":"https:\/\/www.honlufoodtrailer.com\/product\/customized-5-7m-single-deck-coffee-trailer\/","name":"Remolque para caf\u00e9 de un solo piso de 5,7 millones de euros - Honlu food trailer","isPartOf":{"@id":"https:\/\/www.honlufoodtrailer.com\/#website"},"primaryImageOfPage":{"@id":"https:\/\/www.honlufoodtrailer.com\/product\/customized-5-7m-single-deck-coffee-trailer\/#primaryimage"},"image":{"@id":"https:\/\/www.honlufoodtrailer.com\/product\/customized-5-7m-single-deck-coffee-trailer\/#primaryimage"},"thumbnailUrl":"https:\/\/www.honlufoodtrailer.com\/wp-content\/uploads\/2022\/03\/Customized-5.7M-single-deck-coffee-trailer-1.jpg","datePublished":"2022-03-01T01:27:57+00:00","dateModified":"2022-03-21T09:46:33+00:00","description":"Se trata de un remolque de caf\u00e9 personalizado de un solo piso, la carrocer\u00eda y el interior son de acero inoxidable. Las plataformas de ambos lados se pueden bajar, lo que se puede utilizar para colocar algunas mesas y sillas, paneles publicitarios, estantes para comida, etc. Es el modelo preferido para iniciar negocios de comida r\u00e1pida.","breadcrumb":{"@id":"https:\/\/www.honlufoodtrailer.com\/product\/customized-5-7m-single-deck-coffee-trailer\/#breadcrumb"},"inLanguage":"es","potentialAction":[{"@type":"ReadAction","target":["https:\/\/www.honlufoodtrailer.com\/product\/customized-5-7m-single-deck-coffee-trailer\/"]}]},{"@type":"ImageObject","inLanguage":"es","@id":"https:\/\/www.honlufoodtrailer.com\/product\/customized-5-7m-single-deck-coffee-trailer\/#primaryimage","url":"https:\/\/www.honlufoodtrailer.com\/wp-content\/uploads\/2022\/03\/Customized-5.7M-single-deck-coffee-trailer-1.jpg","contentUrl":"https:\/\/www.honlufoodtrailer.com\/wp-content\/uploads\/2022\/03\/Customized-5.7M-single-deck-coffee-trailer-1.jpg","width":720,"height":540,"caption":"Customized 5.7M single-deck coffee trailer (1)"},{"@type":"BreadcrumbList","@id":"https:\/\/www.honlufoodtrailer.com\/product\/customized-5-7m-single-deck-coffee-trailer\/#breadcrumb","itemListElement":[{"@type":"ListItem","position":1,"name":"Home","item":"https:\/\/www.honlufoodtrailer.com\/"},{"@type":"ListItem","position":2,"name":"\u4ea7\u54c1","item":"https:\/\/www.honlufoodtrailer.com\/shop\/"},{"@type":"ListItem","position":3,"name":"5.7M single-deck coffee trailer"}]},{"@type":"WebSite","@id":"https:\/\/www.honlufoodtrailer.com\/#website","url":"https:\/\/www.honlufoodtrailer.com\/","name":"Remolque de comida Honlu","description":"","publisher":{"@id":"https:\/\/www.honlufoodtrailer.com\/#organization"},"potentialAction":[{"@type":"SearchAction","target":{"@type":"EntryPoint","urlTemplate":"https:\/\/www.honlufoodtrailer.com\/?s={search_term_string}"},"query-input":{"@type":"PropertyValueSpecification","valueRequired":true,"valueName":"search_term_string"}}],"inLanguage":"es"},{"@type":"Organization","@id":"https:\/\/www.honlufoodtrailer.com\/#organization","name":"Remolque de comida Honlu","url":"https:\/\/www.honlufoodtrailer.com\/","logo":{"@type":"ImageObject","inLanguage":"es","@id":"https:\/\/www.honlufoodtrailer.com\/#\/schema\/logo\/image\/","url":"https:\/\/www.honlufoodtrailer.com\/wp-content\/uploads\/2021\/12\/2.gif","contentUrl":"https:\/\/www.honlufoodtrailer.com\/wp-content\/uploads\/2021\/12\/2.gif","width":350,"height":100,"caption":"Honlu food trailer"},"image":{"@id":"https:\/\/www.honlufoodtrailer.com\/#\/schema\/logo\/image\/"}}]}},"_links":{"self":[{"href":"https:\/\/www.honlufoodtrailer.com\/es\/wp-json\/wp\/v2\/product\/3254","targetHints":{"allow":["GET"]}}],"collection":[{"href":"https:\/\/www.honlufoodtrailer.com\/es\/wp-json\/wp\/v2\/product"}],"about":[{"href":"https:\/\/www.honlufoodtrailer.com\/es\/wp-json\/wp\/v2\/types\/product"}],"version-history":[{"count":1,"href":"https:\/\/www.honlufoodtrailer.com\/es\/wp-json\/wp\/v2\/product\/3254\/revisions"}],"predecessor-version":[{"id":3275,"href":"https:\/\/www.honlufoodtrailer.com\/es\/wp-json\/wp\/v2\/product\/3254\/revisions\/3275"}],"wp:featuredmedia":[{"embeddable":true,"href":"https:\/\/www.honlufoodtrailer.com\/es\/wp-json\/wp\/v2\/media\/3255"}],"wp:attachment":[{"href":"https:\/\/www.honlufoodtrailer.com\/es\/wp-json\/wp\/v2\/media?parent=3254"}],"wp:term":[{"taxonomy":"product_brand","embeddable":true,"href":"https:\/\/www.honlufoodtrailer.com\/es\/wp-json\/wp\/v2\/product_brand?post=3254"},{"taxonomy":"product_cat","embeddable":true,"href":"https:\/\/www.honlufoodtrailer.com\/es\/wp-json\/wp\/v2\/product_cat?post=3254"},{"taxonomy":"product_tag","embeddable":true,"href":"https:\/\/www.honlufoodtrailer.com\/es\/wp-json\/wp\/v2\/product_tag?post=3254"}],"curies":[{"name":"wp","href":"https:\/\/api.w.org\/{rel}","templated":true}]}}