{"id":3911,"date":"2022-03-26T15:50:00","date_gmt":"2022-03-26T07:50:00","guid":{"rendered":"https:\/\/www.honlufoodtrailer.com\/?post_type=product&#038;p=3911"},"modified":"2024-10-28T17:44:15","modified_gmt":"2024-10-28T09:44:15","slug":"customized-4m-full-body-sticker-square-food-trailer","status":"publish","type":"product","link":"https:\/\/www.honlufoodtrailer.com\/es\/product\/customized-4m-full-body-sticker-square-food-trailer\/","title":{"rendered":"Personalizado 4M cuerpo completo pegatina cuadrado remolque de alimentos"},"content":{"rendered":"<p data-spm-anchor-id=\"a2700.wholesale.0.i28.29e52808agqc7f\">Este es nuestro remolque de alimentos cuadrado de 4M hecho a medida. Todo el veh\u00edculo adopta cuerpo de acero inoxidable y mesa de operaciones. Adopta pegatinas de cuerpo completo, el dise\u00f1o de la puerta trasera. De acuerdo con las necesidades del cliente, personalizamos el congelador externo en la parte delantera del remolque de alimentos. Se puede aplicar para la venta de cualquier cosa, desde perros calientes, operaciones al por menor, operaciones de flores, s\u00e1ndwiches, caf\u00e9, helados, etc. Tenemos el certificado CE para ayudarle a iniciar un negocio m\u00f3vil.<\/p>\n<figure id=\"attachment_3912\" aria-describedby=\"caption-attachment-3912\" style=\"width: 720px\" class=\"wp-caption alignnone\"><img fetchpriority=\"high\" decoding=\"async\" class=\"size-full wp-image-3912\" src=\"https:\/\/www.honlufoodtrailer.com\/wp-content\/uploads\/2022\/03\/Customized-4M-full-body-sticker-square-food-trailer-1.jpg\" alt=\"Personalizado 4M cuerpo completo pegatina cuadrado remolque de alimentos (1)\" width=\"720\" height=\"540\" srcset=\"https:\/\/www.honlufoodtrailer.com\/wp-content\/uploads\/2022\/03\/Customized-4M-full-body-sticker-square-food-trailer-1.jpg 720w, https:\/\/www.honlufoodtrailer.com\/wp-content\/uploads\/2022\/03\/Customized-4M-full-body-sticker-square-food-trailer-1-480x360.jpg 480w, https:\/\/www.honlufoodtrailer.com\/wp-content\/uploads\/2022\/03\/Customized-4M-full-body-sticker-square-food-trailer-1-300x225.jpg 300w\" sizes=\"(max-width: 720px) 100vw, 720px\" \/><figcaption id=\"caption-attachment-3912\" class=\"wp-caption-text\">Personalizado 4M pegatina de cuerpo entero cuadrado remolque de alimentos (1)<\/figcaption><\/figure>\n<p data-spm-anchor-id=\"a2700.wholesale.0.i28.29e52808agqc7f\">El aspecto de todo el veh\u00edculo adopta adhesivos proporcionados por el cliente. La ventanilla de servicio de la parte delantera es elevable, y hay una peque\u00f1a ventanilla cuadrada en la parte delantera y trasera del remolque.<\/p>\n<p data-spm-anchor-id=\"a2700.wholesale.0.i28.29e52808agqc7f\"><img decoding=\"async\" class=\"size-full wp-image-3922 aligncenter\" src=\"https:\/\/www.honlufoodtrailer.com\/wp-content\/uploads\/2022\/03\/Service-window.jpg\" alt=\"Ventana de servicio\" width=\"900\" height=\"540\" srcset=\"https:\/\/www.honlufoodtrailer.com\/wp-content\/uploads\/2022\/03\/Service-window.jpg 900w, https:\/\/www.honlufoodtrailer.com\/wp-content\/uploads\/2022\/03\/Service-window-768x461.jpg 768w, https:\/\/www.honlufoodtrailer.com\/wp-content\/uploads\/2022\/03\/Service-window-480x288.jpg 480w, https:\/\/www.honlufoodtrailer.com\/wp-content\/uploads\/2022\/03\/Service-window-300x180.jpg 300w, https:\/\/www.honlufoodtrailer.com\/wp-content\/uploads\/2022\/03\/Service-window-720x432.jpg 720w\" sizes=\"(max-width: 900px) 100vw, 900px\" \/><\/p>\n<p data-spm-anchor-id=\"a2700.wholesale.0.i28.29e52808agqc7f\">La parte delantera de la carrocer\u00eda se personaliza con un congelador exterior seg\u00fan las necesidades del cliente, y tambi\u00e9n se coloca un frigor\u00edfico en el interior.<\/p>\n<figure id=\"attachment_3921\" aria-describedby=\"caption-attachment-3921\" style=\"width: 720px\" class=\"wp-caption alignnone\"><img decoding=\"async\" class=\"size-full wp-image-3921\" src=\"https:\/\/www.honlufoodtrailer.com\/wp-content\/uploads\/2022\/03\/External-freezers-and-built-in-refrigerators.jpg\" alt=\"Congeladores exteriores y frigor\u00edfico interior\" width=\"720\" height=\"540\" srcset=\"https:\/\/www.honlufoodtrailer.com\/wp-content\/uploads\/2022\/03\/External-freezers-and-built-in-refrigerators.jpg 720w, https:\/\/www.honlufoodtrailer.com\/wp-content\/uploads\/2022\/03\/External-freezers-and-built-in-refrigerators-480x360.jpg 480w, https:\/\/www.honlufoodtrailer.com\/wp-content\/uploads\/2022\/03\/External-freezers-and-built-in-refrigerators-300x225.jpg 300w\" sizes=\"(max-width: 720px) 100vw, 720px\" \/><figcaption id=\"caption-attachment-3921\" class=\"wp-caption-text\">Congeladores exteriores y frigor\u00edfico interior<\/figcaption><\/figure>\n<p data-spm-anchor-id=\"a2700.wholesale.0.i28.29e52808agqc7f\">El cliente ten\u00eda previsto dedicarse a fre\u00edr alimentos, por lo que personaliz\u00f3 una parrilla y dos freidoras peque\u00f1as, y las equip\u00f3 con una campana extractora encima. Nos gustar\u00eda adquirir otros tipos de equipos en funci\u00f3n de las necesidades de los clientes.<\/p>\n<figure id=\"attachment_3923\" aria-describedby=\"caption-attachment-3923\" style=\"width: 900px\" class=\"wp-caption alignnone\"><img loading=\"lazy\" decoding=\"async\" class=\"size-full wp-image-3923\" src=\"https:\/\/www.honlufoodtrailer.com\/wp-content\/uploads\/2022\/03\/StoveGrillRange-hood.jpg\" alt=\"Cocina&amp;Parrilla&amp;Campana extractora\" width=\"900\" height=\"540\" srcset=\"https:\/\/www.honlufoodtrailer.com\/wp-content\/uploads\/2022\/03\/StoveGrillRange-hood.jpg 900w, https:\/\/www.honlufoodtrailer.com\/wp-content\/uploads\/2022\/03\/StoveGrillRange-hood-768x461.jpg 768w, https:\/\/www.honlufoodtrailer.com\/wp-content\/uploads\/2022\/03\/StoveGrillRange-hood-480x288.jpg 480w, https:\/\/www.honlufoodtrailer.com\/wp-content\/uploads\/2022\/03\/StoveGrillRange-hood-300x180.jpg 300w, https:\/\/www.honlufoodtrailer.com\/wp-content\/uploads\/2022\/03\/StoveGrillRange-hood-720x432.jpg 720w\" sizes=\"(max-width: 900px) 100vw, 900px\" \/><figcaption id=\"caption-attachment-3923\" class=\"wp-caption-text\">Cocina&amp;Parrilla&amp;Campana extractora<\/figcaption><\/figure>\n<h3 class=\"magic-6\" data-spm-anchor-id=\"a2700.wholesale.0.i28.29e52808agqc7f\">Caracter\u00edsticas principales del remolque cuadrado para alimentos<\/h3>\n<div class=\"magic-7\">\n<div class=\"magic-8\">\n<div class=\"magic-9\" data-id=\"paragraph0\">\n<ol>\n<li>Aspecto moderno personalizable;<\/li>\n<li>Cuerpo del remolque de acero inoxidable&amp; estructura interna, buena resistencia al calor, resistencia al desgaste, resistencia a la corrosi\u00f3n;<\/li>\n<li>Accesorios modernos y avanzados equipados en el remolque m\u00f3vil de alimentos;<\/li>\n<li>Es resistente a los golpes y a la corrosi\u00f3n, resistente al calor y tiene una gran solidez del color, no se deforma, es impermeable y tiene una larga vida \u00fatil;<\/li>\n<li>Estaremos encantados de modificarlo seg\u00fan sus necesidades.<\/li>\n<\/ol>\n<h3>Dibujo gratuito de planos 2D\/3D<\/h3>\n<p>Una vez confirmadas las dimensiones del remolque de alimentos y el equipamiento interno de la cocina, podemos proporcionarle gratuitamente dibujos en 3D. Esto le dar\u00e1 una idea m\u00e1s clara de su dise\u00f1o y de su carro de comida. Al confirmar la ubicaci\u00f3n del equipo de cocina, podemos comunicarnos claramente con usted a trav\u00e9s del plano de planta. Tambi\u00e9n podemos proporcionarle documentos originales para facilitar su dise\u00f1o y realizar ajustes.<\/p>\n<\/div>\n<\/div>\n<\/div>","protected":false},"excerpt":{"rendered":"<p data-spm-anchor-id=\"a2700.wholesale.0.i28.29e52808agqc7f\">Este es nuestro remolque de alimentos cuadrado de 4M hecho a medida. Todo el veh\u00edculo adopta cuerpo de acero inoxidable y mesa de operaciones. Adopta pegatinas de cuerpo completo, el dise\u00f1o de la puerta trasera. De acuerdo con las necesidades del cliente, personalizamos el congelador externo en la parte delantera del remolque de alimentos. Se puede aplicar para la venta de cualquier cosa, desde perros calientes, operaciones al por menor, operaciones de flores, s\u00e1ndwiches, caf\u00e9, helados, etc. Tenemos el certificado CE para ayudarle a iniciar un negocio m\u00f3vil.<\/p>","protected":false},"featured_media":3912,"template":"","meta":{"_themeisle_gutenberg_block_has_review":false},"product_brand":[],"product_cat":[26],"product_tag":[53,33,41,38,52],"class_list":{"0":"post-3911","1":"product","2":"type-product","3":"status-publish","4":"has-post-thumbnail","6":"product_cat-product","7":"product_tag-customized-sinks","8":"product_tag-customized-trailer","9":"product_tag-galvanized-trailer","10":"product_tag-mobile-food-trailer","11":"product_tag-personalized-billboard","13":"first","14":"instock","15":"shipping-taxable","16":"product-type-simple"},"yoast_head":"<!-- This site is optimized with the Yoast SEO plugin v27.4 - https:\/\/yoast.com\/product\/yoast-seo-wordpress\/ -->\n<title>Customized 4M full body sticker square food trailer - Honlu food trailer<\/title>\n<meta name=\"description\" content=\"This is our custom-made 4M square food trailer. The whole vehicle adopts stainless steel body and operating table. It adopts full body stickers, the back door design. According to customer needs, we customize the external freezer on the front of the food trailer.\" \/>\n<meta name=\"robots\" content=\"index, follow, max-snippet:-1, max-image-preview:large, max-video-preview:-1\" \/>\n<link rel=\"canonical\" href=\"https:\/\/www.honlufoodtrailer.com\/es\/producto\/customized-4m-full-body-sticker-square-food-trailer\/\" \/>\n<meta property=\"og:locale\" content=\"es_ES\" \/>\n<meta property=\"og:type\" content=\"article\" \/>\n<meta property=\"og:title\" content=\"Customized 4M full body sticker square food trailer - Honlu food trailer\" \/>\n<meta property=\"og:description\" content=\"This is our custom-made 4M square food trailer. The whole vehicle adopts stainless steel body and operating table. It adopts full body stickers, the back door design. According to customer needs, we customize the external freezer on the front of the food trailer.\" \/>\n<meta property=\"og:url\" content=\"https:\/\/www.honlufoodtrailer.com\/es\/producto\/customized-4m-full-body-sticker-square-food-trailer\/\" \/>\n<meta property=\"og:site_name\" content=\"Honlu food trailer\" \/>\n<meta property=\"article:modified_time\" content=\"2024-10-28T09:44:15+00:00\" \/>\n<meta property=\"og:image\" content=\"https:\/\/www.honlufoodtrailer.com\/wp-content\/uploads\/2022\/03\/Customized-4M-full-body-sticker-square-food-trailer-1.jpg\" \/>\n\t<meta property=\"og:image:width\" content=\"720\" \/>\n\t<meta property=\"og:image:height\" content=\"540\" \/>\n\t<meta property=\"og:image:type\" content=\"image\/jpeg\" \/>\n<meta name=\"twitter:card\" content=\"summary_large_image\" \/>\n<meta name=\"twitter:label1\" content=\"Tiempo de lectura\" \/>\n\t<meta name=\"twitter:data1\" content=\"3 minutos\" \/>\n<script type=\"application\/ld+json\" class=\"yoast-schema-graph\">{\"@context\":\"https:\\\/\\\/schema.org\",\"@graph\":[{\"@type\":\"WebPage\",\"@id\":\"https:\\\/\\\/www.honlufoodtrailer.com\\\/product\\\/customized-4m-full-body-sticker-square-food-trailer\\\/\",\"url\":\"https:\\\/\\\/www.honlufoodtrailer.com\\\/product\\\/customized-4m-full-body-sticker-square-food-trailer\\\/\",\"name\":\"Customized 4M full body sticker square food trailer - Honlu food trailer\",\"isPartOf\":{\"@id\":\"https:\\\/\\\/www.honlufoodtrailer.com\\\/#website\"},\"primaryImageOfPage\":{\"@id\":\"https:\\\/\\\/www.honlufoodtrailer.com\\\/product\\\/customized-4m-full-body-sticker-square-food-trailer\\\/#primaryimage\"},\"image\":{\"@id\":\"https:\\\/\\\/www.honlufoodtrailer.com\\\/product\\\/customized-4m-full-body-sticker-square-food-trailer\\\/#primaryimage\"},\"thumbnailUrl\":\"https:\\\/\\\/www.honlufoodtrailer.com\\\/wp-content\\\/uploads\\\/2022\\\/03\\\/Customized-4M-full-body-sticker-square-food-trailer-1.jpg\",\"datePublished\":\"2022-03-26T07:50:00+00:00\",\"dateModified\":\"2024-10-28T09:44:15+00:00\",\"description\":\"This is our custom-made 4M square food trailer. The whole vehicle adopts stainless steel body and operating table. It adopts full body stickers, the back door design. According to customer needs, we customize the external freezer on the front of the food trailer.\",\"breadcrumb\":{\"@id\":\"https:\\\/\\\/www.honlufoodtrailer.com\\\/product\\\/customized-4m-full-body-sticker-square-food-trailer\\\/#breadcrumb\"},\"inLanguage\":\"es\",\"potentialAction\":[{\"@type\":\"ReadAction\",\"target\":[\"https:\\\/\\\/www.honlufoodtrailer.com\\\/product\\\/customized-4m-full-body-sticker-square-food-trailer\\\/\"]}]},{\"@type\":\"ImageObject\",\"inLanguage\":\"es\",\"@id\":\"https:\\\/\\\/www.honlufoodtrailer.com\\\/product\\\/customized-4m-full-body-sticker-square-food-trailer\\\/#primaryimage\",\"url\":\"https:\\\/\\\/www.honlufoodtrailer.com\\\/wp-content\\\/uploads\\\/2022\\\/03\\\/Customized-4M-full-body-sticker-square-food-trailer-1.jpg\",\"contentUrl\":\"https:\\\/\\\/www.honlufoodtrailer.com\\\/wp-content\\\/uploads\\\/2022\\\/03\\\/Customized-4M-full-body-sticker-square-food-trailer-1.jpg\",\"width\":720,\"height\":540,\"caption\":\"Customized 4M full body sticker square food trailer (1)\"},{\"@type\":\"BreadcrumbList\",\"@id\":\"https:\\\/\\\/www.honlufoodtrailer.com\\\/product\\\/customized-4m-full-body-sticker-square-food-trailer\\\/#breadcrumb\",\"itemListElement\":[{\"@type\":\"ListItem\",\"position\":1,\"name\":\"Home\",\"item\":\"https:\\\/\\\/www.honlufoodtrailer.com\\\/\"},{\"@type\":\"ListItem\",\"position\":2,\"name\":\"\u4ea7\u54c1\",\"item\":\"https:\\\/\\\/www.honlufoodtrailer.com\\\/shop\\\/\"},{\"@type\":\"ListItem\",\"position\":3,\"name\":\"Customized 4M full body sticker square food trailer\"}]},{\"@type\":\"WebSite\",\"@id\":\"https:\\\/\\\/www.honlufoodtrailer.com\\\/#website\",\"url\":\"https:\\\/\\\/www.honlufoodtrailer.com\\\/\",\"name\":\"Honlu food trailer\",\"description\":\"\",\"publisher\":{\"@id\":\"https:\\\/\\\/www.honlufoodtrailer.com\\\/#organization\"},\"potentialAction\":[{\"@type\":\"SearchAction\",\"target\":{\"@type\":\"EntryPoint\",\"urlTemplate\":\"https:\\\/\\\/www.honlufoodtrailer.com\\\/?s={search_term_string}\"},\"query-input\":{\"@type\":\"PropertyValueSpecification\",\"valueRequired\":true,\"valueName\":\"search_term_string\"}}],\"inLanguage\":\"es\"},{\"@type\":\"Organization\",\"@id\":\"https:\\\/\\\/www.honlufoodtrailer.com\\\/#organization\",\"name\":\"Honlu food trailer\",\"url\":\"https:\\\/\\\/www.honlufoodtrailer.com\\\/\",\"logo\":{\"@type\":\"ImageObject\",\"inLanguage\":\"es\",\"@id\":\"https:\\\/\\\/www.honlufoodtrailer.com\\\/#\\\/schema\\\/logo\\\/image\\\/\",\"url\":\"https:\\\/\\\/www.honlufoodtrailer.com\\\/wp-content\\\/uploads\\\/2021\\\/12\\\/2.gif\",\"contentUrl\":\"https:\\\/\\\/www.honlufoodtrailer.com\\\/wp-content\\\/uploads\\\/2021\\\/12\\\/2.gif\",\"width\":350,\"height\":100,\"caption\":\"Honlu food trailer\"},\"image\":{\"@id\":\"https:\\\/\\\/www.honlufoodtrailer.com\\\/#\\\/schema\\\/logo\\\/image\\\/\"}}]}<\/script>\n<!-- \/ Yoast SEO plugin. -->","yoast_head_json":{"title":"Personalizado 4M cuerpo completo pegatina cuadrado remolque de alimentos - Honlu remolque de alimentos","description":"Este es nuestro remolque de alimentos cuadrado de 4M hecho a medida. Todo el veh\u00edculo adopta cuerpo de acero inoxidable y mesa de operaciones. Adopta pegatinas de cuerpo completo, el dise\u00f1o de la puerta trasera. De acuerdo con las necesidades del cliente, personalizamos el congelador externo en la parte delantera del remolque de alimentos.","robots":{"index":"index","follow":"follow","max-snippet":"max-snippet:-1","max-image-preview":"max-image-preview:large","max-video-preview":"max-video-preview:-1"},"canonical":"https:\/\/www.honlufoodtrailer.com\/es\/producto\/customized-4m-full-body-sticker-square-food-trailer\/","og_locale":"es_ES","og_type":"article","og_title":"Customized 4M full body sticker square food trailer - Honlu food trailer","og_description":"This is our custom-made 4M square food trailer. The whole vehicle adopts stainless steel body and operating table. It adopts full body stickers, the back door design. According to customer needs, we customize the external freezer on the front of the food trailer.","og_url":"https:\/\/www.honlufoodtrailer.com\/es\/producto\/customized-4m-full-body-sticker-square-food-trailer\/","og_site_name":"Honlu food trailer","article_modified_time":"2024-10-28T09:44:15+00:00","og_image":[{"width":720,"height":540,"url":"https:\/\/www.honlufoodtrailer.com\/wp-content\/uploads\/2022\/03\/Customized-4M-full-body-sticker-square-food-trailer-1.jpg","type":"image\/jpeg"}],"twitter_card":"summary_large_image","twitter_misc":{"Tiempo de lectura":"3 minutos"},"schema":{"@context":"https:\/\/schema.org","@graph":[{"@type":"WebPage","@id":"https:\/\/www.honlufoodtrailer.com\/product\/customized-4m-full-body-sticker-square-food-trailer\/","url":"https:\/\/www.honlufoodtrailer.com\/product\/customized-4m-full-body-sticker-square-food-trailer\/","name":"Personalizado 4M cuerpo completo pegatina cuadrado remolque de alimentos - Honlu remolque de alimentos","isPartOf":{"@id":"https:\/\/www.honlufoodtrailer.com\/#website"},"primaryImageOfPage":{"@id":"https:\/\/www.honlufoodtrailer.com\/product\/customized-4m-full-body-sticker-square-food-trailer\/#primaryimage"},"image":{"@id":"https:\/\/www.honlufoodtrailer.com\/product\/customized-4m-full-body-sticker-square-food-trailer\/#primaryimage"},"thumbnailUrl":"https:\/\/www.honlufoodtrailer.com\/wp-content\/uploads\/2022\/03\/Customized-4M-full-body-sticker-square-food-trailer-1.jpg","datePublished":"2022-03-26T07:50:00+00:00","dateModified":"2024-10-28T09:44:15+00:00","description":"Este es nuestro remolque de alimentos cuadrado de 4M hecho a medida. Todo el veh\u00edculo adopta cuerpo de acero inoxidable y mesa de operaciones. Adopta pegatinas de cuerpo completo, el dise\u00f1o de la puerta trasera. De acuerdo con las necesidades del cliente, personalizamos el congelador externo en la parte delantera del remolque de alimentos.","breadcrumb":{"@id":"https:\/\/www.honlufoodtrailer.com\/product\/customized-4m-full-body-sticker-square-food-trailer\/#breadcrumb"},"inLanguage":"es","potentialAction":[{"@type":"ReadAction","target":["https:\/\/www.honlufoodtrailer.com\/product\/customized-4m-full-body-sticker-square-food-trailer\/"]}]},{"@type":"ImageObject","inLanguage":"es","@id":"https:\/\/www.honlufoodtrailer.com\/product\/customized-4m-full-body-sticker-square-food-trailer\/#primaryimage","url":"https:\/\/www.honlufoodtrailer.com\/wp-content\/uploads\/2022\/03\/Customized-4M-full-body-sticker-square-food-trailer-1.jpg","contentUrl":"https:\/\/www.honlufoodtrailer.com\/wp-content\/uploads\/2022\/03\/Customized-4M-full-body-sticker-square-food-trailer-1.jpg","width":720,"height":540,"caption":"Customized 4M full body sticker square food trailer (1)"},{"@type":"BreadcrumbList","@id":"https:\/\/www.honlufoodtrailer.com\/product\/customized-4m-full-body-sticker-square-food-trailer\/#breadcrumb","itemListElement":[{"@type":"ListItem","position":1,"name":"Home","item":"https:\/\/www.honlufoodtrailer.com\/"},{"@type":"ListItem","position":2,"name":"\u4ea7\u54c1","item":"https:\/\/www.honlufoodtrailer.com\/shop\/"},{"@type":"ListItem","position":3,"name":"Customized 4M full body sticker square food trailer"}]},{"@type":"WebSite","@id":"https:\/\/www.honlufoodtrailer.com\/#website","url":"https:\/\/www.honlufoodtrailer.com\/","name":"Remolque de comida Honlu","description":"","publisher":{"@id":"https:\/\/www.honlufoodtrailer.com\/#organization"},"potentialAction":[{"@type":"SearchAction","target":{"@type":"EntryPoint","urlTemplate":"https:\/\/www.honlufoodtrailer.com\/?s={search_term_string}"},"query-input":{"@type":"PropertyValueSpecification","valueRequired":true,"valueName":"search_term_string"}}],"inLanguage":"es"},{"@type":"Organization","@id":"https:\/\/www.honlufoodtrailer.com\/#organization","name":"Remolque de comida Honlu","url":"https:\/\/www.honlufoodtrailer.com\/","logo":{"@type":"ImageObject","inLanguage":"es","@id":"https:\/\/www.honlufoodtrailer.com\/#\/schema\/logo\/image\/","url":"https:\/\/www.honlufoodtrailer.com\/wp-content\/uploads\/2021\/12\/2.gif","contentUrl":"https:\/\/www.honlufoodtrailer.com\/wp-content\/uploads\/2021\/12\/2.gif","width":350,"height":100,"caption":"Honlu food trailer"},"image":{"@id":"https:\/\/www.honlufoodtrailer.com\/#\/schema\/logo\/image\/"}}]}},"_links":{"self":[{"href":"https:\/\/www.honlufoodtrailer.com\/es\/wp-json\/wp\/v2\/product\/3911","targetHints":{"allow":["GET"]}}],"collection":[{"href":"https:\/\/www.honlufoodtrailer.com\/es\/wp-json\/wp\/v2\/product"}],"about":[{"href":"https:\/\/www.honlufoodtrailer.com\/es\/wp-json\/wp\/v2\/types\/product"}],"version-history":[{"count":3,"href":"https:\/\/www.honlufoodtrailer.com\/es\/wp-json\/wp\/v2\/product\/3911\/revisions"}],"predecessor-version":[{"id":8805,"href":"https:\/\/www.honlufoodtrailer.com\/es\/wp-json\/wp\/v2\/product\/3911\/revisions\/8805"}],"wp:featuredmedia":[{"embeddable":true,"href":"https:\/\/www.honlufoodtrailer.com\/es\/wp-json\/wp\/v2\/media\/3912"}],"wp:attachment":[{"href":"https:\/\/www.honlufoodtrailer.com\/es\/wp-json\/wp\/v2\/media?parent=3911"}],"wp:term":[{"taxonomy":"product_brand","embeddable":true,"href":"https:\/\/www.honlufoodtrailer.com\/es\/wp-json\/wp\/v2\/product_brand?post=3911"},{"taxonomy":"product_cat","embeddable":true,"href":"https:\/\/www.honlufoodtrailer.com\/es\/wp-json\/wp\/v2\/product_cat?post=3911"},{"taxonomy":"product_tag","embeddable":true,"href":"https:\/\/www.honlufoodtrailer.com\/es\/wp-json\/wp\/v2\/product_tag?post=3911"}],"curies":[{"name":"wp","href":"https:\/\/api.w.org\/{rel}","templated":true}]}}